{"id":8195,"date":"2025-09-25T15:12:43","date_gmt":"2025-09-25T15:12:43","guid":{"rendered":"https:\/\/allwintheme.com\/?post_type=product&#038;p=8195"},"modified":"2025-09-25T15:16:23","modified_gmt":"2025-09-25T15:16:23","slug":"wpbakery-page-builder-2","status":"publish","type":"product","link":"https:\/\/allwintheme.com\/es\/producto\/wpbakery-page-builder-2\/","title":{"rendered":"Constructor de p\u00e1ginas WPBakery"},"content":{"rendered":"<div data-elementor-type=\"wp-post\" data-elementor-id=\"8195\" class=\"elementor elementor-8195\" data-elementor-settings=\"{&quot;element_pack_global_tooltip_width&quot;:{&quot;unit&quot;:&quot;px&quot;,&quot;size&quot;:&quot;&quot;,&quot;sizes&quot;:[]},&quot;element_pack_global_tooltip_width_tablet&quot;:{&quot;unit&quot;:&quot;px&quot;,&quot;size&quot;:&quot;&quot;,&quot;sizes&quot;:[]},&quot;element_pack_global_tooltip_width_mobile&quot;:{&quot;unit&quot;:&quot;px&quot;,&quot;size&quot;:&quot;&quot;,&quot;sizes&quot;:[]},&quot;element_pack_global_tooltip_padding&quot;:{&quot;unit&quot;:&quot;px&quot;,&quot;top&quot;:&quot;&quot;,&quot;right&quot;:&quot;&quot;,&quot;bottom&quot;:&quot;&quot;,&quot;left&quot;:&quot;&quot;,&quot;isLinked&quot;:true},&quot;element_pack_global_tooltip_padding_tablet&quot;:{&quot;unit&quot;:&quot;px&quot;,&quot;top&quot;:&quot;&quot;,&quot;right&quot;:&quot;&quot;,&quot;bottom&quot;:&quot;&quot;,&quot;left&quot;:&quot;&quot;,&quot;isLinked&quot;:true},&quot;element_pack_global_tooltip_padding_mobile&quot;:{&quot;unit&quot;:&quot;px&quot;,&quot;top&quot;:&quot;&quot;,&quot;right&quot;:&quot;&quot;,&quot;bottom&quot;:&quot;&quot;,&quot;left&quot;:&quot;&quot;,&quot;isLinked&quot;:true},&quot;element_pack_global_tooltip_border_radius&quot;:{&quot;unit&quot;:&quot;px&quot;,&quot;top&quot;:&quot;&quot;,&quot;right&quot;:&quot;&quot;,&quot;bottom&quot;:&quot;&quot;,&quot;left&quot;:&quot;&quot;,&quot;isLinked&quot;:true},&quot;element_pack_global_tooltip_border_radius_tablet&quot;:{&quot;unit&quot;:&quot;px&quot;,&quot;top&quot;:&quot;&quot;,&quot;right&quot;:&quot;&quot;,&quot;bottom&quot;:&quot;&quot;,&quot;left&quot;:&quot;&quot;,&quot;isLinked&quot;:true},&quot;element_pack_global_tooltip_border_radius_mobile&quot;:{&quot;unit&quot;:&quot;px&quot;,&quot;top&quot;:&quot;&quot;,&quot;right&quot;:&quot;&quot;,&quot;bottom&quot;:&quot;&quot;,&quot;left&quot;:&quot;&quot;,&quot;isLinked&quot;:true}}\" data-elementor-post-type=\"product\">\n\t\t\t\t<div class=\"elementor-element elementor-element-93aa4a8 e-con-full e-flex e-con e-parent\" data-id=\"93aa4a8\" data-element_type=\"container\" data-e-type=\"container\">\n\t\t\t\t<div class=\"elementor-element elementor-element-2c3f760 miaoshu elementor-widget elementor-widget-wd_text_block\" data-id=\"2c3f760\" data-element_type=\"widget\" data-e-type=\"widget\" data-widget_type=\"wd_text_block.default\">\n\t\t\t\t<div class=\"elementor-widget-container\">\n\t\t\t\t\t\t\t<div class=\"wd-text-block reset-last-child text-left\">\n\t\t\t\n\t\t\t<h2>WPBakery Constructor de P\u00e1ginas: Crea sitios web impresionantes con facilidad<\/h2>\n<p><strong>Constructor de p\u00e1ginas WPBakery<\/strong>WPBakery, antes conocido como Visual Composer, es el plugin l\u00edder para crear p\u00e1ginas de WordPress, en el que conf\u00edan millones de usuarios para crear sitios web profesionales. Con su intuitiva interfaz de arrastrar y soltar y su robusto conjunto de caracter\u00edsticas, WPBakery permite a los usuarios de todos los niveles de habilidad dise\u00f1ar p\u00e1ginas personalizadas sin esfuerzo, sin codificaci\u00f3n.<\/p>\n\n<h3>Funciones inigualables para crear p\u00e1ginas sin problemas<\/h3>\n<p>WPBakery Page Builder ofrece un completo conjunto de herramientas para dar vida a su visi\u00f3n. Tanto si est\u00e1s creando un blog, un portafolio o una tienda de comercio electr\u00f3nico, sus vers\u00e1tiles funciones garantizan que tu sitio tenga un aspecto impresionante y funcione a la perfecci\u00f3n en todos los dispositivos.<\/p>\n\n<h3>Caracter\u00edsticas principales<\/h3>\n<ul>\n    <li><strong>Interfaz intuitiva de arrastrar y soltar:<\/strong> Cree p\u00e1ginas f\u00e1cilmente con un editor f\u00e1cil de usar, tanto para principiantes como para profesionales.<\/li>\n    <li><strong>Edici\u00f3n en tiempo real:<\/strong> Dise\u00f1o con vistas previas instant\u00e1neas en los modos frontend y backend.<\/li>\n    <li><strong>Dise\u00f1o adaptable a dispositivos m\u00f3viles:<\/strong> Cree p\u00e1ginas totalmente adaptables que se vean perfectamente en cualquier dispositivo.<\/li>\n    <li><strong>Compatibilidad WPML:<\/strong> Cree sitios multiling\u00fces con integraci\u00f3n perfecta para WPML.<\/li>\n    <li><strong>Integraci\u00f3n con WooCommerce:<\/strong> Perfecto para crear tiendas en l\u00ednea profesionales.<\/li>\n    <li><strong>Optimizaci\u00f3n SEO:<\/strong> Herramientas integradas para mejorar el rendimiento de su sitio en los motores de b\u00fasqueda.<\/li>\n    <li><strong>Soporte para Custom Post Type:<\/strong> Adapte el contenido a cualquier tipo de entrada con herramientas especializadas.<\/li>\n    <li><strong>Soporte RTL:<\/strong> Totalmente compatible con las lenguas de derecha a izquierda para una accesibilidad global.<\/li>\n    <li><strong>Herramientas de edici\u00f3n de im\u00e1genes:<\/strong> Mejore los efectos visuales directamente en el editor.<\/li>\n    <li><strong>M\u00e1s de 50 bloques de contenido:<\/strong> Acceda a una amplia gama de elementos preconstruidos para personalizar cualquier plantilla de p\u00e1gina.<\/li>\n    <li><strong>Gesti\u00f3n de roles de usuario:<\/strong> Controla el acceso y los permisos de edici\u00f3n de los distintos miembros del equipo.<\/li>\n<\/ul>\n\n<h3>\u00bfPor qu\u00e9 elegir WPBakery Page Builder?<\/h3>\n<p>WPBakery destaca por su flexibilidad, facilidad de uso y potente funcionalidad. Tanto si eres desarrollador, dise\u00f1ador o propietario de un negocio, este plugin agiliza el proceso de creaci\u00f3n de sitios web, ahorr\u00e1ndote tiempo y ofreciendo resultados profesionales. Su compatibilidad con WooCommerce, WPML y los tipos de entrada personalizados lo hacen ideal para diversos proyectos, desde el comercio electr\u00f3nico hasta los blogs multiling\u00fces.<\/p>\n\n<h3>Cree hoy mismo el sitio web de sus sue\u00f1os<\/h3>\n<p>Con <strong>Constructor de p\u00e1ginas WPBakery<\/strong>tiene todo lo que necesita para crear sitios web visualmente impactantes y de alto rendimiento. Da rienda suelta a tu creatividad y crea p\u00e1ginas que cautiven a tu p\u00fablico. \u00a1Empieza ahora y transforma tu sitio WordPress!<\/p>\n\t\t\t\t\t<\/div>\n\t\t\t\t\t\t<\/div>\n\t\t\t\t<\/div>\n\t\t\t\t<\/div>\n\t\t\t\t<\/div>","protected":false},"excerpt":{"rendered":"<p>WPBakery Page Builder: Craft Stunning Websites with Ease WPBakery Page Builder, formerly known as Visual Composer, is the leading WordPress<\/p>","protected":false},"featured_media":8196,"comment_status":"open","ping_status":"closed","template":"","meta":{"_acf_changed":false},"product_brand":[],"product_cat":[49],"product_tag":[],"class_list":{"0":"post-8195","1":"product","2":"type-product","3":"status-publish","4":"has-post-thumbnail","6":"product_cat-plugins","8":"first","9":"instock","10":"sale","11":"downloadable","12":"shipping-taxable","13":"purchasable","14":"product-type-simple"},"acf":[],"yoast_head":"<!-- This site is optimized with the Yoast SEO Premium plugin v25.6 (Yoast SEO v27.1.1) - https:\/\/yoast.com\/product\/yoast-seo-premium-wordpress\/ -->\n<title>WPBakery Page Builder - AllWin Theme \u2013 Free WordPress Themes Download<\/title>\n<meta name=\"description\" content=\"Build stunning WordPress pages with WPBakery Page Builder. Drag-and-drop interface, real-time editing, and 50+ content blocks for ultimate flexibility.\" \/>\n<meta name=\"robots\" content=\"index, follow, max-snippet:-1, max-image-preview:large, max-video-preview:-1\" \/>\n<link rel=\"canonical\" href=\"https:\/\/allwintheme.com\/es\/producto\/wpbakery-page-builder-2\/\" \/>\n<meta property=\"og:locale\" content=\"es_ES\" \/>\n<meta property=\"og:type\" content=\"article\" \/>\n<meta property=\"og:title\" content=\"WPBakery Page Builder\" \/>\n<meta property=\"og:description\" content=\"Build stunning WordPress pages with WPBakery Page Builder. Drag-and-drop interface, real-time editing, and 50+ content blocks for ultimate flexibility.\" \/>\n<meta property=\"og:url\" content=\"https:\/\/allwintheme.com\/es\/producto\/wpbakery-page-builder-2\/\" \/>\n<meta property=\"og:site_name\" content=\"AllWin Theme \u2013 Free WordPress Themes Download\" \/>\n<meta property=\"article:modified_time\" content=\"2025-09-25T15:16:23+00:00\" \/>\n<meta property=\"og:image\" content=\"https:\/\/allwintheme.com\/wp-content\/uploads\/2025\/09\/1hlgeka9.png\" \/>\n\t<meta property=\"og:image:width\" content=\"590\" \/>\n\t<meta property=\"og:image:height\" content=\"300\" \/>\n\t<meta property=\"og:image:type\" content=\"image\/png\" \/>\n<meta name=\"twitter:card\" content=\"summary_large_image\" \/>\n<meta name=\"twitter:label1\" content=\"Tiempo estimado de lectura\" \/>\n\t<meta name=\"twitter:data1\" content=\"2 minutos\" \/>\n<script type=\"application\/ld+json\" class=\"yoast-schema-graph\">{\"@context\":\"https:\/\/schema.org\",\"@graph\":[{\"@type\":\"WebPage\",\"@id\":\"https:\/\/allwintheme.com\/product\/wpbakery-page-builder-2\/\",\"url\":\"https:\/\/allwintheme.com\/product\/wpbakery-page-builder-2\/\",\"name\":\"WPBakery Page Builder - AllWin Theme \u2013 Free WordPress Themes Download\",\"isPartOf\":{\"@id\":\"https:\/\/allwintheme.com\/#website\"},\"primaryImageOfPage\":{\"@id\":\"https:\/\/allwintheme.com\/product\/wpbakery-page-builder-2\/#primaryimage\"},\"image\":{\"@id\":\"https:\/\/allwintheme.com\/product\/wpbakery-page-builder-2\/#primaryimage\"},\"thumbnailUrl\":\"https:\/\/allwintheme.com\/wp-content\/uploads\/2025\/09\/1hlgeka9.png\",\"datePublished\":\"2025-09-25T15:12:43+00:00\",\"dateModified\":\"2025-09-25T15:16:23+00:00\",\"description\":\"Build stunning WordPress pages with WPBakery Page Builder. Drag-and-drop interface, real-time editing, and 50+ content blocks for ultimate flexibility.\",\"breadcrumb\":{\"@id\":\"https:\/\/allwintheme.com\/product\/wpbakery-page-builder-2\/#breadcrumb\"},\"inLanguage\":\"es-CL\",\"potentialAction\":[{\"@type\":\"ReadAction\",\"target\":[\"https:\/\/allwintheme.com\/product\/wpbakery-page-builder-2\/\"]}]},{\"@type\":\"ImageObject\",\"inLanguage\":\"es-CL\",\"@id\":\"https:\/\/allwintheme.com\/product\/wpbakery-page-builder-2\/#primaryimage\",\"url\":\"https:\/\/allwintheme.com\/wp-content\/uploads\/2025\/09\/1hlgeka9.png\",\"contentUrl\":\"https:\/\/allwintheme.com\/wp-content\/uploads\/2025\/09\/1hlgeka9.png\",\"width\":590,\"height\":300,\"caption\":\"WPBakery Page Builder\"},{\"@type\":\"BreadcrumbList\",\"@id\":\"https:\/\/allwintheme.com\/product\/wpbakery-page-builder-2\/#breadcrumb\",\"itemListElement\":[{\"@type\":\"ListItem\",\"position\":1,\"name\":\"Home\",\"item\":\"https:\/\/allwintheme.com\/\"},{\"@type\":\"ListItem\",\"position\":2,\"name\":\"Shop\",\"item\":\"https:\/\/allwintheme.com\/shop\/\"},{\"@type\":\"ListItem\",\"position\":3,\"name\":\"WPBakery Page Builder\"}]},{\"@type\":\"WebSite\",\"@id\":\"https:\/\/allwintheme.com\/#website\",\"url\":\"https:\/\/allwintheme.com\/\",\"name\":\"Allwintheme\",\"description\":\"Download free WordPress themes for every niche. Blogs, business, eCommerce, portfolio, restaurant and more. All themes are GPL licensed and mobile-ready.\",\"potentialAction\":[{\"@type\":\"SearchAction\",\"target\":{\"@type\":\"EntryPoint\",\"urlTemplate\":\"https:\/\/allwintheme.com\/?s={search_term_string}\"},\"query-input\":{\"@type\":\"PropertyValueSpecification\",\"valueRequired\":true,\"valueName\":\"search_term_string\"}}],\"inLanguage\":\"es-CL\"}]}<\/script>\n<!-- \/ Yoast SEO Premium plugin. -->","yoast_head_json":{"title":"WPBakery Page Builder - AllWin Theme - Free WordPress Themes Download","description":"Construye impresionantes p\u00e1ginas de WordPress con WPBakery Page Builder. Interfaz de arrastrar y soltar, edici\u00f3n en tiempo real y m\u00e1s de 50 bloques de contenido para una m\u00e1xima flexibilidad.","robots":{"index":"index","follow":"follow","max-snippet":"max-snippet:-1","max-image-preview":"max-image-preview:large","max-video-preview":"max-video-preview:-1"},"canonical":"https:\/\/allwintheme.com\/es\/producto\/wpbakery-page-builder-2\/","og_locale":"es_ES","og_type":"article","og_title":"WPBakery Page Builder","og_description":"Build stunning WordPress pages with WPBakery Page Builder. Drag-and-drop interface, real-time editing, and 50+ content blocks for ultimate flexibility.","og_url":"https:\/\/allwintheme.com\/es\/producto\/wpbakery-page-builder-2\/","og_site_name":"AllWin Theme \u2013 Free WordPress Themes Download","article_modified_time":"2025-09-25T15:16:23+00:00","og_image":[{"width":590,"height":300,"url":"https:\/\/allwintheme.com\/wp-content\/uploads\/2025\/09\/1hlgeka9.png","type":"image\/png"}],"twitter_card":"summary_large_image","twitter_misc":{"Tiempo estimado de lectura":"2 minutos"},"schema":{"@context":"https:\/\/schema.org","@graph":[{"@type":"WebPage","@id":"https:\/\/allwintheme.com\/product\/wpbakery-page-builder-2\/","url":"https:\/\/allwintheme.com\/product\/wpbakery-page-builder-2\/","name":"WPBakery Page Builder - AllWin Theme - Free WordPress Themes Download","isPartOf":{"@id":"https:\/\/allwintheme.com\/#website"},"primaryImageOfPage":{"@id":"https:\/\/allwintheme.com\/product\/wpbakery-page-builder-2\/#primaryimage"},"image":{"@id":"https:\/\/allwintheme.com\/product\/wpbakery-page-builder-2\/#primaryimage"},"thumbnailUrl":"https:\/\/allwintheme.com\/wp-content\/uploads\/2025\/09\/1hlgeka9.png","datePublished":"2025-09-25T15:12:43+00:00","dateModified":"2025-09-25T15:16:23+00:00","description":"Construye impresionantes p\u00e1ginas de WordPress con WPBakery Page Builder. Interfaz de arrastrar y soltar, edici\u00f3n en tiempo real y m\u00e1s de 50 bloques de contenido para una m\u00e1xima flexibilidad.","breadcrumb":{"@id":"https:\/\/allwintheme.com\/product\/wpbakery-page-builder-2\/#breadcrumb"},"inLanguage":"es-CL","potentialAction":[{"@type":"ReadAction","target":["https:\/\/allwintheme.com\/product\/wpbakery-page-builder-2\/"]}]},{"@type":"ImageObject","inLanguage":"es-CL","@id":"https:\/\/allwintheme.com\/product\/wpbakery-page-builder-2\/#primaryimage","url":"https:\/\/allwintheme.com\/wp-content\/uploads\/2025\/09\/1hlgeka9.png","contentUrl":"https:\/\/allwintheme.com\/wp-content\/uploads\/2025\/09\/1hlgeka9.png","width":590,"height":300,"caption":"WPBakery Page Builder"},{"@type":"BreadcrumbList","@id":"https:\/\/allwintheme.com\/product\/wpbakery-page-builder-2\/#breadcrumb","itemListElement":[{"@type":"ListItem","position":1,"name":"Home","item":"https:\/\/allwintheme.com\/"},{"@type":"ListItem","position":2,"name":"Shop","item":"https:\/\/allwintheme.com\/shop\/"},{"@type":"ListItem","position":3,"name":"WPBakery Page Builder"}]},{"@type":"WebSite","@id":"https:\/\/allwintheme.com\/#website","url":"https:\/\/allwintheme.com\/","name":"Allwintheme","description":"Descarga gratis temas de WordPress para todos los nichos. Blogs, negocios, comercio electr\u00f3nico, portafolio, restaurante y m\u00e1s. Todos los temas tienen licencia GPL y est\u00e1n preparados para dispositivos m\u00f3viles.","potentialAction":[{"@type":"SearchAction","target":{"@type":"EntryPoint","urlTemplate":"https:\/\/allwintheme.com\/?s={search_term_string}"},"query-input":{"@type":"PropertyValueSpecification","valueRequired":true,"valueName":"search_term_string"}}],"inLanguage":"es-CL"}]}},"_links":{"self":[{"href":"https:\/\/allwintheme.com\/es\/wp-json\/wp\/v2\/product\/8195","targetHints":{"allow":["GET"]}}],"collection":[{"href":"https:\/\/allwintheme.com\/es\/wp-json\/wp\/v2\/product"}],"about":[{"href":"https:\/\/allwintheme.com\/es\/wp-json\/wp\/v2\/types\/product"}],"replies":[{"embeddable":true,"href":"https:\/\/allwintheme.com\/es\/wp-json\/wp\/v2\/comments?post=8195"}],"version-history":[{"count":0,"href":"https:\/\/allwintheme.com\/es\/wp-json\/wp\/v2\/product\/8195\/revisions"}],"wp:featuredmedia":[{"embeddable":true,"href":"https:\/\/allwintheme.com\/es\/wp-json\/wp\/v2\/media\/8196"}],"wp:attachment":[{"href":"https:\/\/allwintheme.com\/es\/wp-json\/wp\/v2\/media?parent=8195"}],"wp:term":[{"taxonomy":"product_brand","embeddable":true,"href":"https:\/\/allwintheme.com\/es\/wp-json\/wp\/v2\/product_brand?post=8195"},{"taxonomy":"product_cat","embeddable":true,"href":"https:\/\/allwintheme.com\/es\/wp-json\/wp\/v2\/product_cat?post=8195"},{"taxonomy":"product_tag","embeddable":true,"href":"https:\/\/allwintheme.com\/es\/wp-json\/wp\/v2\/product_tag?post=8195"}],"curies":[{"name":"wp","href":"https:\/\/api.w.org\/{rel}","templated":true}]}}