{"id":8222,"date":"2025-09-25T15:29:35","date_gmt":"2025-09-25T15:29:35","guid":{"rendered":"https:\/\/allwintheme.com\/?post_type=product&#038;p=8222"},"modified":"2025-09-25T15:36:49","modified_gmt":"2025-09-25T15:36:49","slug":"elementor-pro-nuevo","status":"publish","type":"product","link":"https:\/\/allwintheme.com\/es\/producto\/elementor-pro-nuevo\/","title":{"rendered":"Elementor Pro - Constructor de sitios web avanzado"},"content":{"rendered":"<div data-elementor-type=\"wp-post\" data-elementor-id=\"8222\" class=\"elementor elementor-8222\" data-elementor-settings=\"{&quot;element_pack_global_tooltip_width&quot;:{&quot;unit&quot;:&quot;px&quot;,&quot;size&quot;:&quot;&quot;,&quot;sizes&quot;:[]},&quot;element_pack_global_tooltip_width_tablet&quot;:{&quot;unit&quot;:&quot;px&quot;,&quot;size&quot;:&quot;&quot;,&quot;sizes&quot;:[]},&quot;element_pack_global_tooltip_width_mobile&quot;:{&quot;unit&quot;:&quot;px&quot;,&quot;size&quot;:&quot;&quot;,&quot;sizes&quot;:[]},&quot;element_pack_global_tooltip_padding&quot;:{&quot;unit&quot;:&quot;px&quot;,&quot;top&quot;:&quot;&quot;,&quot;right&quot;:&quot;&quot;,&quot;bottom&quot;:&quot;&quot;,&quot;left&quot;:&quot;&quot;,&quot;isLinked&quot;:true},&quot;element_pack_global_tooltip_padding_tablet&quot;:{&quot;unit&quot;:&quot;px&quot;,&quot;top&quot;:&quot;&quot;,&quot;right&quot;:&quot;&quot;,&quot;bottom&quot;:&quot;&quot;,&quot;left&quot;:&quot;&quot;,&quot;isLinked&quot;:true},&quot;element_pack_global_tooltip_padding_mobile&quot;:{&quot;unit&quot;:&quot;px&quot;,&quot;top&quot;:&quot;&quot;,&quot;right&quot;:&quot;&quot;,&quot;bottom&quot;:&quot;&quot;,&quot;left&quot;:&quot;&quot;,&quot;isLinked&quot;:true},&quot;element_pack_global_tooltip_border_radius&quot;:{&quot;unit&quot;:&quot;px&quot;,&quot;top&quot;:&quot;&quot;,&quot;right&quot;:&quot;&quot;,&quot;bottom&quot;:&quot;&quot;,&quot;left&quot;:&quot;&quot;,&quot;isLinked&quot;:true},&quot;element_pack_global_tooltip_border_radius_tablet&quot;:{&quot;unit&quot;:&quot;px&quot;,&quot;top&quot;:&quot;&quot;,&quot;right&quot;:&quot;&quot;,&quot;bottom&quot;:&quot;&quot;,&quot;left&quot;:&quot;&quot;,&quot;isLinked&quot;:true},&quot;element_pack_global_tooltip_border_radius_mobile&quot;:{&quot;unit&quot;:&quot;px&quot;,&quot;top&quot;:&quot;&quot;,&quot;right&quot;:&quot;&quot;,&quot;bottom&quot;:&quot;&quot;,&quot;left&quot;:&quot;&quot;,&quot;isLinked&quot;:true}}\" data-elementor-post-type=\"product\">\n\t\t\t\t<div class=\"elementor-element elementor-element-93aa4a8 e-con-full e-flex e-con e-parent\" data-id=\"93aa4a8\" data-element_type=\"container\" data-e-type=\"container\">\n\t\t\t\t<div class=\"elementor-element elementor-element-2c3f760 miaoshu elementor-widget elementor-widget-wd_text_block\" data-id=\"2c3f760\" data-element_type=\"widget\" data-e-type=\"widget\" data-widget_type=\"wd_text_block.default\">\n\t\t\t\t<div class=\"elementor-widget-container\">\n\t\t\t\t\t\t\t<div class=\"wd-text-block reset-last-child text-left\">\n\t\t\t\n\t\t\t<h2>Elementor Pro: Crea impresionantes sitios web con facilidad<\/h2>\n<p><strong>Elementor Pro<\/strong> es un plugin premium para la creaci\u00f3n de sitios web que lleva al siguiente nivel las potentes funciones del plugin gratuito Elementor. Dise\u00f1ado para usuarios de todos los niveles, te permite crear sitios web altamente personalizados y visualmente cautivadores sin escribir una sola l\u00ednea de c\u00f3digo ni tener experiencia previa en dise\u00f1o.<\/p>\n\n<h3>Desbloquee las funciones de dise\u00f1o avanzadas<\/h3>\n<p>Con Elementor Pro, tendr\u00e1s acceso a un amplio conjunto de herramientas y funciones que hacen que la creaci\u00f3n de sitios web sea intuitiva y flexible. Desde contenido din\u00e1mico hasta widgets avanzados, este plugin te permite crear sitios de calidad profesional que destacan, tanto si est\u00e1s creando un portafolio, una plataforma de comercio electr\u00f3nico o un blog personal.<\/p>\n\n<h3>\u00bfPor qu\u00e9 Elementor Pro?<\/h3>\n<ul>\n    <li><strong>Personalizaci\u00f3n sin c\u00f3digo:<\/strong> Dise\u00f1e sitios web totalmente personalizados con una interfaz de arrastrar y soltar, sin necesidad de codificaci\u00f3n.<\/li>\n    <li><strong>Caracter\u00edsticas mejoradas:<\/strong> Ampl\u00eda el plugin gratuito Elementor con widgets premium, plantillas y opciones de contenido din\u00e1mico.<\/li>\n    <li><strong>Para principiantes:<\/strong> Perfecto para usuarios sin experiencia en dise\u00f1o o programaci\u00f3n, pero potente para los profesionales.<\/li>\n    <li><strong>Resultados visualmente impactantes:<\/strong> Cree sitios web adaptables y perfectos en p\u00edxeles que se vean perfectamente en cualquier dispositivo.<\/li>\n    <li><strong>Herramientas para ahorrar tiempo:<\/strong> Agilice su flujo de trabajo con plantillas predise\u00f1adas y controles de dise\u00f1o avanzados.<\/li>\n<\/ul>\n\n<h3>Cree sitios web a su manera<\/h3>\n<p>Elementor Pro simplifica el proceso de creaci\u00f3n de sitios web \u00fanicos y profesionales ofreciendo una flexibilidad y un control creativo inigualables. Tanto si dise\u00f1as para ti como para tus clientes, este plugin te permite dar vida a tu visi\u00f3n de forma sencilla, con efectos visuales impresionantes y una funcionalidad perfecta.<\/p>\n\n<h3>Mejore su dise\u00f1o web<\/h3>\n<p>Transforme su experiencia de creaci\u00f3n de sitios web con <strong>Elementor Pro<\/strong>. Empiece hoy mismo a crear sitios web personalizados de alta calidad que cautiven a su p\u00fablico.<\/p>\n\t\t\t\t\t<\/div>\n\t\t\t\t\t\t<\/div>\n\t\t\t\t<\/div>\n\t\t\t\t<\/div>\n\t\t\t\t<\/div>","protected":false},"excerpt":{"rendered":"<p>Elementor Pro: Create Stunning Websites with Ease Elementor Pro is a premium website builder plugin that takes the powerful features<\/p>","protected":false},"featured_media":8223,"comment_status":"open","ping_status":"closed","template":"","meta":{"_acf_changed":false},"product_brand":[],"product_cat":[49],"product_tag":[],"class_list":{"0":"post-8222","1":"product","2":"type-product","3":"status-publish","4":"has-post-thumbnail","6":"product_cat-plugins","8":"first","9":"instock","10":"sale","11":"downloadable","12":"shipping-taxable","13":"purchasable","14":"product-type-simple"},"acf":[],"yoast_head":"<!-- This site is optimized with the Yoast SEO Premium plugin v25.6 (Yoast SEO v27.1.1) - https:\/\/yoast.com\/product\/yoast-seo-premium-wordpress\/ -->\n<title>Elementor Pro \u2013 Advanced Website Builder - AllWin Theme \u2013 Free WordPress Themes Download<\/title>\n<meta name=\"description\" content=\"Elementor Pro enhances the free Elementor plugin with premium features, enabling code-free, highly customized, and visually stunning website creation.\" \/>\n<meta name=\"robots\" content=\"index, follow, max-snippet:-1, max-image-preview:large, max-video-preview:-1\" \/>\n<link rel=\"canonical\" href=\"https:\/\/allwintheme.com\/es\/producto\/elementor-pro-nuevo\/\" \/>\n<meta property=\"og:locale\" content=\"es_ES\" \/>\n<meta property=\"og:type\" content=\"article\" \/>\n<meta property=\"og:title\" content=\"Elementor Pro \u2013 Advanced Website Builder\" \/>\n<meta property=\"og:description\" content=\"Elementor Pro enhances the free Elementor plugin with premium features, enabling code-free, highly customized, and visually stunning website creation.\" \/>\n<meta property=\"og:url\" content=\"https:\/\/allwintheme.com\/es\/producto\/elementor-pro-nuevo\/\" \/>\n<meta property=\"og:site_name\" content=\"AllWin Theme \u2013 Free WordPress Themes Download\" \/>\n<meta property=\"article:modified_time\" content=\"2025-09-25T15:36:49+00:00\" \/>\n<meta property=\"og:image\" content=\"https:\/\/allwintheme.com\/wp-content\/uploads\/2025\/09\/hn1ugmbq.png\" \/>\n\t<meta property=\"og:image:width\" content=\"651\" \/>\n\t<meta property=\"og:image:height\" content=\"324\" \/>\n\t<meta property=\"og:image:type\" content=\"image\/png\" \/>\n<meta name=\"twitter:card\" content=\"summary_large_image\" \/>\n<meta name=\"twitter:label1\" content=\"Tiempo estimado de lectura\" \/>\n\t<meta name=\"twitter:data1\" content=\"2 minutos\" \/>\n<script type=\"application\/ld+json\" class=\"yoast-schema-graph\">{\"@context\":\"https:\/\/schema.org\",\"@graph\":[{\"@type\":\"WebPage\",\"@id\":\"https:\/\/allwintheme.com\/product\/elementor-pro-new\/\",\"url\":\"https:\/\/allwintheme.com\/product\/elementor-pro-new\/\",\"name\":\"Elementor Pro \u2013 Advanced Website Builder - AllWin Theme \u2013 Free WordPress Themes Download\",\"isPartOf\":{\"@id\":\"https:\/\/allwintheme.com\/#website\"},\"primaryImageOfPage\":{\"@id\":\"https:\/\/allwintheme.com\/product\/elementor-pro-new\/#primaryimage\"},\"image\":{\"@id\":\"https:\/\/allwintheme.com\/product\/elementor-pro-new\/#primaryimage\"},\"thumbnailUrl\":\"https:\/\/allwintheme.com\/wp-content\/uploads\/2025\/09\/hn1ugmbq.png\",\"datePublished\":\"2025-09-25T15:29:35+00:00\",\"dateModified\":\"2025-09-25T15:36:49+00:00\",\"description\":\"Elementor Pro enhances the free Elementor plugin with premium features, enabling code-free, highly customized, and visually stunning website creation.\",\"breadcrumb\":{\"@id\":\"https:\/\/allwintheme.com\/product\/elementor-pro-new\/#breadcrumb\"},\"inLanguage\":\"es-CL\",\"potentialAction\":[{\"@type\":\"ReadAction\",\"target\":[\"https:\/\/allwintheme.com\/product\/elementor-pro-new\/\"]}]},{\"@type\":\"ImageObject\",\"inLanguage\":\"es-CL\",\"@id\":\"https:\/\/allwintheme.com\/product\/elementor-pro-new\/#primaryimage\",\"url\":\"https:\/\/allwintheme.com\/wp-content\/uploads\/2025\/09\/hn1ugmbq.png\",\"contentUrl\":\"https:\/\/allwintheme.com\/wp-content\/uploads\/2025\/09\/hn1ugmbq.png\",\"width\":651,\"height\":324,\"caption\":\"Elementor PRO\"},{\"@type\":\"BreadcrumbList\",\"@id\":\"https:\/\/allwintheme.com\/product\/elementor-pro-new\/#breadcrumb\",\"itemListElement\":[{\"@type\":\"ListItem\",\"position\":1,\"name\":\"Home\",\"item\":\"https:\/\/allwintheme.com\/\"},{\"@type\":\"ListItem\",\"position\":2,\"name\":\"Shop\",\"item\":\"https:\/\/allwintheme.com\/shop\/\"},{\"@type\":\"ListItem\",\"position\":3,\"name\":\"Elementor Pro \u2013 Advanced Website Builder\"}]},{\"@type\":\"WebSite\",\"@id\":\"https:\/\/allwintheme.com\/#website\",\"url\":\"https:\/\/allwintheme.com\/\",\"name\":\"Allwintheme\",\"description\":\"Download free WordPress themes for every niche. Blogs, business, eCommerce, portfolio, restaurant and more. All themes are GPL licensed and mobile-ready.\",\"potentialAction\":[{\"@type\":\"SearchAction\",\"target\":{\"@type\":\"EntryPoint\",\"urlTemplate\":\"https:\/\/allwintheme.com\/?s={search_term_string}\"},\"query-input\":{\"@type\":\"PropertyValueSpecification\",\"valueRequired\":true,\"valueName\":\"search_term_string\"}}],\"inLanguage\":\"es-CL\"}]}<\/script>\n<!-- \/ Yoast SEO Premium plugin. -->","yoast_head_json":{"title":"Elementor Pro - Advanced Website Builder - AllWin Theme - Free WordPress Themes Download","description":"Elementor Pro mejora el plugin gratuito Elementor con funciones premium, permitiendo la creaci\u00f3n de sitios web sin c\u00f3digo, altamente personalizados y visualmente impresionantes.","robots":{"index":"index","follow":"follow","max-snippet":"max-snippet:-1","max-image-preview":"max-image-preview:large","max-video-preview":"max-video-preview:-1"},"canonical":"https:\/\/allwintheme.com\/es\/producto\/elementor-pro-nuevo\/","og_locale":"es_ES","og_type":"article","og_title":"Elementor Pro \u2013 Advanced Website Builder","og_description":"Elementor Pro enhances the free Elementor plugin with premium features, enabling code-free, highly customized, and visually stunning website creation.","og_url":"https:\/\/allwintheme.com\/es\/producto\/elementor-pro-nuevo\/","og_site_name":"AllWin Theme \u2013 Free WordPress Themes Download","article_modified_time":"2025-09-25T15:36:49+00:00","og_image":[{"width":651,"height":324,"url":"https:\/\/allwintheme.com\/wp-content\/uploads\/2025\/09\/hn1ugmbq.png","type":"image\/png"}],"twitter_card":"summary_large_image","twitter_misc":{"Tiempo estimado de lectura":"2 minutos"},"schema":{"@context":"https:\/\/schema.org","@graph":[{"@type":"WebPage","@id":"https:\/\/allwintheme.com\/product\/elementor-pro-new\/","url":"https:\/\/allwintheme.com\/product\/elementor-pro-new\/","name":"Elementor Pro - Advanced Website Builder - AllWin Theme - Free WordPress Themes Download","isPartOf":{"@id":"https:\/\/allwintheme.com\/#website"},"primaryImageOfPage":{"@id":"https:\/\/allwintheme.com\/product\/elementor-pro-new\/#primaryimage"},"image":{"@id":"https:\/\/allwintheme.com\/product\/elementor-pro-new\/#primaryimage"},"thumbnailUrl":"https:\/\/allwintheme.com\/wp-content\/uploads\/2025\/09\/hn1ugmbq.png","datePublished":"2025-09-25T15:29:35+00:00","dateModified":"2025-09-25T15:36:49+00:00","description":"Elementor Pro mejora el plugin gratuito Elementor con funciones premium, permitiendo la creaci\u00f3n de sitios web sin c\u00f3digo, altamente personalizados y visualmente impresionantes.","breadcrumb":{"@id":"https:\/\/allwintheme.com\/product\/elementor-pro-new\/#breadcrumb"},"inLanguage":"es-CL","potentialAction":[{"@type":"ReadAction","target":["https:\/\/allwintheme.com\/product\/elementor-pro-new\/"]}]},{"@type":"ImageObject","inLanguage":"es-CL","@id":"https:\/\/allwintheme.com\/product\/elementor-pro-new\/#primaryimage","url":"https:\/\/allwintheme.com\/wp-content\/uploads\/2025\/09\/hn1ugmbq.png","contentUrl":"https:\/\/allwintheme.com\/wp-content\/uploads\/2025\/09\/hn1ugmbq.png","width":651,"height":324,"caption":"Elementor PRO"},{"@type":"BreadcrumbList","@id":"https:\/\/allwintheme.com\/product\/elementor-pro-new\/#breadcrumb","itemListElement":[{"@type":"ListItem","position":1,"name":"Home","item":"https:\/\/allwintheme.com\/"},{"@type":"ListItem","position":2,"name":"Shop","item":"https:\/\/allwintheme.com\/shop\/"},{"@type":"ListItem","position":3,"name":"Elementor Pro \u2013 Advanced Website Builder"}]},{"@type":"WebSite","@id":"https:\/\/allwintheme.com\/#website","url":"https:\/\/allwintheme.com\/","name":"Allwintheme","description":"Descarga gratis temas de WordPress para todos los nichos. Blogs, negocios, comercio electr\u00f3nico, portafolio, restaurante y m\u00e1s. Todos los temas tienen licencia GPL y est\u00e1n preparados para dispositivos m\u00f3viles.","potentialAction":[{"@type":"SearchAction","target":{"@type":"EntryPoint","urlTemplate":"https:\/\/allwintheme.com\/?s={search_term_string}"},"query-input":{"@type":"PropertyValueSpecification","valueRequired":true,"valueName":"search_term_string"}}],"inLanguage":"es-CL"}]}},"_links":{"self":[{"href":"https:\/\/allwintheme.com\/es\/wp-json\/wp\/v2\/product\/8222","targetHints":{"allow":["GET"]}}],"collection":[{"href":"https:\/\/allwintheme.com\/es\/wp-json\/wp\/v2\/product"}],"about":[{"href":"https:\/\/allwintheme.com\/es\/wp-json\/wp\/v2\/types\/product"}],"replies":[{"embeddable":true,"href":"https:\/\/allwintheme.com\/es\/wp-json\/wp\/v2\/comments?post=8222"}],"version-history":[{"count":0,"href":"https:\/\/allwintheme.com\/es\/wp-json\/wp\/v2\/product\/8222\/revisions"}],"wp:featuredmedia":[{"embeddable":true,"href":"https:\/\/allwintheme.com\/es\/wp-json\/wp\/v2\/media\/8223"}],"wp:attachment":[{"href":"https:\/\/allwintheme.com\/es\/wp-json\/wp\/v2\/media?parent=8222"}],"wp:term":[{"taxonomy":"product_brand","embeddable":true,"href":"https:\/\/allwintheme.com\/es\/wp-json\/wp\/v2\/product_brand?post=8222"},{"taxonomy":"product_cat","embeddable":true,"href":"https:\/\/allwintheme.com\/es\/wp-json\/wp\/v2\/product_cat?post=8222"},{"taxonomy":"product_tag","embeddable":true,"href":"https:\/\/allwintheme.com\/es\/wp-json\/wp\/v2\/product_tag?post=8222"}],"curies":[{"name":"wp","href":"https:\/\/api.w.org\/{rel}","templated":true}]}}