{"id":8350,"date":"2025-09-26T12:15:52","date_gmt":"2025-09-26T12:15:52","guid":{"rendered":"https:\/\/allwintheme.com\/?post_type=product&#038;p=8350"},"modified":"2025-09-26T12:20:06","modified_gmt":"2025-09-26T12:20:06","slug":"karata-yoga-teacher-studio-elementor-template-kit","status":"publish","type":"product","link":"https:\/\/allwintheme.com\/es\/producto\/karata-yoga-teacher-studio-elementor-template-kit\/","title":{"rendered":"Karata - Yoga Teacher &amp; Studio Elementor Template Kit"},"content":{"rendered":"<div data-elementor-type=\"wp-post\" data-elementor-id=\"8350\" class=\"elementor elementor-8350\" data-elementor-settings=\"{&quot;element_pack_global_tooltip_width&quot;:{&quot;unit&quot;:&quot;px&quot;,&quot;size&quot;:&quot;&quot;,&quot;sizes&quot;:[]},&quot;element_pack_global_tooltip_width_tablet&quot;:{&quot;unit&quot;:&quot;px&quot;,&quot;size&quot;:&quot;&quot;,&quot;sizes&quot;:[]},&quot;element_pack_global_tooltip_width_mobile&quot;:{&quot;unit&quot;:&quot;px&quot;,&quot;size&quot;:&quot;&quot;,&quot;sizes&quot;:[]},&quot;element_pack_global_tooltip_padding&quot;:{&quot;unit&quot;:&quot;px&quot;,&quot;top&quot;:&quot;&quot;,&quot;right&quot;:&quot;&quot;,&quot;bottom&quot;:&quot;&quot;,&quot;left&quot;:&quot;&quot;,&quot;isLinked&quot;:true},&quot;element_pack_global_tooltip_padding_tablet&quot;:{&quot;unit&quot;:&quot;px&quot;,&quot;top&quot;:&quot;&quot;,&quot;right&quot;:&quot;&quot;,&quot;bottom&quot;:&quot;&quot;,&quot;left&quot;:&quot;&quot;,&quot;isLinked&quot;:true},&quot;element_pack_global_tooltip_padding_mobile&quot;:{&quot;unit&quot;:&quot;px&quot;,&quot;top&quot;:&quot;&quot;,&quot;right&quot;:&quot;&quot;,&quot;bottom&quot;:&quot;&quot;,&quot;left&quot;:&quot;&quot;,&quot;isLinked&quot;:true},&quot;element_pack_global_tooltip_border_radius&quot;:{&quot;unit&quot;:&quot;px&quot;,&quot;top&quot;:&quot;&quot;,&quot;right&quot;:&quot;&quot;,&quot;bottom&quot;:&quot;&quot;,&quot;left&quot;:&quot;&quot;,&quot;isLinked&quot;:true},&quot;element_pack_global_tooltip_border_radius_tablet&quot;:{&quot;unit&quot;:&quot;px&quot;,&quot;top&quot;:&quot;&quot;,&quot;right&quot;:&quot;&quot;,&quot;bottom&quot;:&quot;&quot;,&quot;left&quot;:&quot;&quot;,&quot;isLinked&quot;:true},&quot;element_pack_global_tooltip_border_radius_mobile&quot;:{&quot;unit&quot;:&quot;px&quot;,&quot;top&quot;:&quot;&quot;,&quot;right&quot;:&quot;&quot;,&quot;bottom&quot;:&quot;&quot;,&quot;left&quot;:&quot;&quot;,&quot;isLinked&quot;:true}}\" data-elementor-post-type=\"product\">\n\t\t\t\t<div class=\"elementor-element elementor-element-93aa4a8 e-con-full e-flex e-con e-parent\" data-id=\"93aa4a8\" data-element_type=\"container\" data-e-type=\"container\">\n\t\t\t\t<div class=\"elementor-element elementor-element-2c3f760 miaoshu elementor-widget elementor-widget-wd_text_block\" data-id=\"2c3f760\" data-element_type=\"widget\" data-e-type=\"widget\" data-widget_type=\"wd_text_block.default\">\n\t\t\t\t<div class=\"elementor-widget-container\">\n\t\t\t\t\t\t\t<div class=\"wd-text-block reset-last-child text-left\">\n\t\t\t\n\t\t\t<h2>Karata: Kit de plantillas Elementor para profesionales del yoga y el bienestar<\/h2>\n<p>En <strong>Kit de plantillas Karata<\/strong> es una cuidada colecci\u00f3n de plantillas Elementor, perfectas para profesores de yoga, propietarios de estudios, gu\u00edas de meditaci\u00f3n, instructores de fitness y entusiastas del bienestar. Este kit te ayuda a crear un sitio web impresionante y profesional que refleja tu pasi\u00f3n por la vida consciente, todo sin tocar una sola l\u00ednea de c\u00f3digo.<\/p>\n\n<h3>Dise\u00f1o profesional, personalizaci\u00f3n sin esfuerzo<\/h3>\n<p>Karata cuenta con una est\u00e9tica limpia y moderna que es 100% responsive y retina-ready, asegurando que su sitio se ve impecable en cualquier dispositivo. Gracias a Elementor, la personalizaci\u00f3n es muy sencilla: arrastra, suelta y ajusta los elementos para que se adapten a tu marca. Con unos pocos clics, puedes crear un sitio que inspire e involucre a tu comunidad.<\/p>\n\n<h3>Qu\u00e9 incluye el kit<\/h3>\n<p>Este completo kit incluye 10 plantillas totalmente adaptativas y optimizadas para retina, que te ofrecen todo lo que necesitas para lanzar tu sitio web de forma r\u00e1pida y asequible. Desde p\u00e1ginas de inicio hasta horarios de clases y p\u00e1ginas de contacto, estos dise\u00f1os predise\u00f1ados ahorran tiempo y ofrecen resultados impactantes.<\/p>\n\n<h3>Caracter\u00edsticas principales<\/h3>\n<ul>\n    <li><strong>10 plantillas listas para usar:<\/strong> Dise\u00f1os totalmente adaptables para estudios de yoga, profesores y sitios de bienestar.<\/li>\n    <li><strong>100% Responsive y Retina-Ready:<\/strong> Garantiza una visualizaci\u00f3n perfecta en ordenadores de sobremesa, tabletas y m\u00f3viles.<\/li>\n    <li><strong>Personalizaci\u00f3n sin c\u00f3digo:<\/strong> Edita todo visualmente con Elementor, sin necesidad de conocimientos de programaci\u00f3n.<\/li>\n    <li><strong>Enfoque en el bienestar profesional:<\/strong> Ideal para sitios web de yoga, meditaci\u00f3n, fitness y estilo de vida.<\/li>\n    <li><strong>Configuraci\u00f3n con un solo clic:<\/strong> Importe y cree su sitio en cuesti\u00f3n de minutos para obtener un aspecto profesional y econ\u00f3mico.<\/li>\n<\/ul>\n\n<h3>Nota sobre los requisitos<\/h3>\n<p>Aunque el kit b\u00e1sico funciona con el plugin gratuito Elementor, algunas plantillas y funciones avanzadas requieren una actualizaci\u00f3n a Elementor Pro (no incluida). De este modo, podr\u00e1s liberar a\u00fan m\u00e1s potencial creativo a medida que tu sitio crezca.<\/p>\n\n<h3>Haga realidad su visi\u00f3n del bienestar<\/h3>\n<p>Tanto si vas a abrir un nuevo estudio de yoga como si vas a renovar tu presencia en Internet, <strong>Karata<\/strong> simplifica la creaci\u00f3n de un sitio web sereno y acogedor que atrae y retiene a los clientes. Sum\u00e9rjase hoy mismo y transforme su espacio digital con facilidad.<\/p>\n\t\t\t\t\t<\/div>\n\t\t\t\t\t\t<\/div>\n\t\t\t\t<\/div>\n\t\t\t\t<\/div>\n\t\t\t\t<\/div>","protected":false},"excerpt":{"rendered":"<p>Karata: Elementor Template Kit for Yoga &amp; Wellness Professionals The Karata Template Kit is a thoughtfully crafted collection of Elementor<\/p>","protected":false},"featured_media":8251,"comment_status":"open","ping_status":"closed","template":"","meta":{"_acf_changed":false},"product_brand":[],"product_cat":[50],"product_tag":[],"class_list":{"0":"post-8350","1":"product","2":"type-product","3":"status-publish","4":"has-post-thumbnail","6":"product_cat-template-kits","8":"first","9":"instock","10":"sale","11":"downloadable","12":"shipping-taxable","13":"purchasable","14":"product-type-simple"},"acf":[],"yoast_head":"<!-- This site is optimized with the Yoast SEO Premium plugin v25.6 (Yoast SEO v27.1.1) - https:\/\/yoast.com\/product\/yoast-seo-premium-wordpress\/ -->\n<title>Karata \u2013 Yoga Teacher &amp; Studio Elementor Template Kit - AllWin Theme \u2013 Free WordPress Themes Download<\/title>\n<meta name=\"description\" content=\"Professional Elementor template kit for yoga studios, teachers, meditation, and fitness sites. 100% responsive, retina-ready, and easy to customize.\" \/>\n<meta name=\"robots\" content=\"index, follow, max-snippet:-1, max-image-preview:large, max-video-preview:-1\" \/>\n<link rel=\"canonical\" href=\"https:\/\/allwintheme.com\/es\/producto\/karata-yoga-teacher-studio-elementor-template-kit\/\" \/>\n<meta property=\"og:locale\" content=\"es_ES\" \/>\n<meta property=\"og:type\" content=\"article\" \/>\n<meta property=\"og:title\" content=\"Karata \u2013 Yoga Teacher &amp; Studio Elementor Template Kit\" \/>\n<meta property=\"og:description\" content=\"Professional Elementor template kit for yoga studios, teachers, meditation, and fitness sites. 100% responsive, retina-ready, and easy to customize.\" \/>\n<meta property=\"og:url\" content=\"https:\/\/allwintheme.com\/es\/producto\/karata-yoga-teacher-studio-elementor-template-kit\/\" \/>\n<meta property=\"og:site_name\" content=\"AllWin Theme \u2013 Free WordPress Themes Download\" \/>\n<meta property=\"article:modified_time\" content=\"2025-09-26T12:20:06+00:00\" \/>\n<meta property=\"og:image\" content=\"https:\/\/allwintheme.com\/wp-content\/uploads\/2025\/09\/0bbgo4eu.png\" \/>\n\t<meta property=\"og:image:width\" content=\"768\" \/>\n\t<meta property=\"og:image:height\" content=\"512\" \/>\n\t<meta property=\"og:image:type\" content=\"image\/png\" \/>\n<meta name=\"twitter:card\" content=\"summary_large_image\" \/>\n<meta name=\"twitter:label1\" content=\"Tiempo estimado de lectura\" \/>\n\t<meta name=\"twitter:data1\" content=\"2 minutos\" \/>\n<script type=\"application\/ld+json\" class=\"yoast-schema-graph\">{\"@context\":\"https:\/\/schema.org\",\"@graph\":[{\"@type\":\"WebPage\",\"@id\":\"https:\/\/allwintheme.com\/product\/karata-yoga-teacher-studio-elementor-template-kit\/\",\"url\":\"https:\/\/allwintheme.com\/product\/karata-yoga-teacher-studio-elementor-template-kit\/\",\"name\":\"Karata \u2013 Yoga Teacher & Studio Elementor Template Kit - AllWin Theme \u2013 Free WordPress Themes Download\",\"isPartOf\":{\"@id\":\"https:\/\/allwintheme.com\/#website\"},\"primaryImageOfPage\":{\"@id\":\"https:\/\/allwintheme.com\/product\/karata-yoga-teacher-studio-elementor-template-kit\/#primaryimage\"},\"image\":{\"@id\":\"https:\/\/allwintheme.com\/product\/karata-yoga-teacher-studio-elementor-template-kit\/#primaryimage\"},\"thumbnailUrl\":\"https:\/\/allwintheme.com\/wp-content\/uploads\/2025\/09\/0bbgo4eu.png\",\"datePublished\":\"2025-09-26T12:15:52+00:00\",\"dateModified\":\"2025-09-26T12:20:06+00:00\",\"description\":\"Professional Elementor template kit for yoga studios, teachers, meditation, and fitness sites. 100% responsive, retina-ready, and easy to customize.\",\"breadcrumb\":{\"@id\":\"https:\/\/allwintheme.com\/product\/karata-yoga-teacher-studio-elementor-template-kit\/#breadcrumb\"},\"inLanguage\":\"es-CL\",\"potentialAction\":[{\"@type\":\"ReadAction\",\"target\":[\"https:\/\/allwintheme.com\/product\/karata-yoga-teacher-studio-elementor-template-kit\/\"]}]},{\"@type\":\"ImageObject\",\"inLanguage\":\"es-CL\",\"@id\":\"https:\/\/allwintheme.com\/product\/karata-yoga-teacher-studio-elementor-template-kit\/#primaryimage\",\"url\":\"https:\/\/allwintheme.com\/wp-content\/uploads\/2025\/09\/0bbgo4eu.png\",\"contentUrl\":\"https:\/\/allwintheme.com\/wp-content\/uploads\/2025\/09\/0bbgo4eu.png\",\"width\":768,\"height\":512,\"caption\":\"Karata \u2013 Yoga Teacher & Studio Elementor Template Kit\"},{\"@type\":\"BreadcrumbList\",\"@id\":\"https:\/\/allwintheme.com\/product\/karata-yoga-teacher-studio-elementor-template-kit\/#breadcrumb\",\"itemListElement\":[{\"@type\":\"ListItem\",\"position\":1,\"name\":\"Home\",\"item\":\"https:\/\/allwintheme.com\/\"},{\"@type\":\"ListItem\",\"position\":2,\"name\":\"Shop\",\"item\":\"https:\/\/allwintheme.com\/shop\/\"},{\"@type\":\"ListItem\",\"position\":3,\"name\":\"Karata \u2013 Yoga Teacher &#038; Studio Elementor Template Kit\"}]},{\"@type\":\"WebSite\",\"@id\":\"https:\/\/allwintheme.com\/#website\",\"url\":\"https:\/\/allwintheme.com\/\",\"name\":\"Allwintheme\",\"description\":\"Download free WordPress themes for every niche. Blogs, business, eCommerce, portfolio, restaurant and more. All themes are GPL licensed and mobile-ready.\",\"potentialAction\":[{\"@type\":\"SearchAction\",\"target\":{\"@type\":\"EntryPoint\",\"urlTemplate\":\"https:\/\/allwintheme.com\/?s={search_term_string}\"},\"query-input\":{\"@type\":\"PropertyValueSpecification\",\"valueRequired\":true,\"valueName\":\"search_term_string\"}}],\"inLanguage\":\"es-CL\"}]}<\/script>\n<!-- \/ Yoast SEO Premium plugin. -->","yoast_head_json":{"title":"Karata \u2013 Yoga Teacher & Studio Elementor Template Kit - AllWin Theme \u2013 Free WordPress Themes Download","description":"Kit de plantilla profesional Elementor para estudios de yoga, profesores, meditaci\u00f3n y sitios de fitness. 100% responsive, retina-ready y f\u00e1cil de personalizar.","robots":{"index":"index","follow":"follow","max-snippet":"max-snippet:-1","max-image-preview":"max-image-preview:large","max-video-preview":"max-video-preview:-1"},"canonical":"https:\/\/allwintheme.com\/es\/producto\/karata-yoga-teacher-studio-elementor-template-kit\/","og_locale":"es_ES","og_type":"article","og_title":"Karata \u2013 Yoga Teacher & Studio Elementor Template Kit","og_description":"Professional Elementor template kit for yoga studios, teachers, meditation, and fitness sites. 100% responsive, retina-ready, and easy to customize.","og_url":"https:\/\/allwintheme.com\/es\/producto\/karata-yoga-teacher-studio-elementor-template-kit\/","og_site_name":"AllWin Theme \u2013 Free WordPress Themes Download","article_modified_time":"2025-09-26T12:20:06+00:00","og_image":[{"width":768,"height":512,"url":"https:\/\/allwintheme.com\/wp-content\/uploads\/2025\/09\/0bbgo4eu.png","type":"image\/png"}],"twitter_card":"summary_large_image","twitter_misc":{"Tiempo estimado de lectura":"2 minutos"},"schema":{"@context":"https:\/\/schema.org","@graph":[{"@type":"WebPage","@id":"https:\/\/allwintheme.com\/product\/karata-yoga-teacher-studio-elementor-template-kit\/","url":"https:\/\/allwintheme.com\/product\/karata-yoga-teacher-studio-elementor-template-kit\/","name":"Karata \u2013 Yoga Teacher & Studio Elementor Template Kit - AllWin Theme \u2013 Free WordPress Themes Download","isPartOf":{"@id":"https:\/\/allwintheme.com\/#website"},"primaryImageOfPage":{"@id":"https:\/\/allwintheme.com\/product\/karata-yoga-teacher-studio-elementor-template-kit\/#primaryimage"},"image":{"@id":"https:\/\/allwintheme.com\/product\/karata-yoga-teacher-studio-elementor-template-kit\/#primaryimage"},"thumbnailUrl":"https:\/\/allwintheme.com\/wp-content\/uploads\/2025\/09\/0bbgo4eu.png","datePublished":"2025-09-26T12:15:52+00:00","dateModified":"2025-09-26T12:20:06+00:00","description":"Kit de plantilla profesional Elementor para estudios de yoga, profesores, meditaci\u00f3n y sitios de fitness. 100% responsive, retina-ready y f\u00e1cil de personalizar.","breadcrumb":{"@id":"https:\/\/allwintheme.com\/product\/karata-yoga-teacher-studio-elementor-template-kit\/#breadcrumb"},"inLanguage":"es-CL","potentialAction":[{"@type":"ReadAction","target":["https:\/\/allwintheme.com\/product\/karata-yoga-teacher-studio-elementor-template-kit\/"]}]},{"@type":"ImageObject","inLanguage":"es-CL","@id":"https:\/\/allwintheme.com\/product\/karata-yoga-teacher-studio-elementor-template-kit\/#primaryimage","url":"https:\/\/allwintheme.com\/wp-content\/uploads\/2025\/09\/0bbgo4eu.png","contentUrl":"https:\/\/allwintheme.com\/wp-content\/uploads\/2025\/09\/0bbgo4eu.png","width":768,"height":512,"caption":"Karata \u2013 Yoga Teacher & Studio Elementor Template Kit"},{"@type":"BreadcrumbList","@id":"https:\/\/allwintheme.com\/product\/karata-yoga-teacher-studio-elementor-template-kit\/#breadcrumb","itemListElement":[{"@type":"ListItem","position":1,"name":"Home","item":"https:\/\/allwintheme.com\/"},{"@type":"ListItem","position":2,"name":"Shop","item":"https:\/\/allwintheme.com\/shop\/"},{"@type":"ListItem","position":3,"name":"Karata \u2013 Yoga Teacher &#038; Studio Elementor Template Kit"}]},{"@type":"WebSite","@id":"https:\/\/allwintheme.com\/#website","url":"https:\/\/allwintheme.com\/","name":"Allwintheme","description":"Descarga gratis temas de WordPress para todos los nichos. Blogs, negocios, comercio electr\u00f3nico, portafolio, restaurante y m\u00e1s. Todos los temas tienen licencia GPL y est\u00e1n preparados para dispositivos m\u00f3viles.","potentialAction":[{"@type":"SearchAction","target":{"@type":"EntryPoint","urlTemplate":"https:\/\/allwintheme.com\/?s={search_term_string}"},"query-input":{"@type":"PropertyValueSpecification","valueRequired":true,"valueName":"search_term_string"}}],"inLanguage":"es-CL"}]}},"_links":{"self":[{"href":"https:\/\/allwintheme.com\/es\/wp-json\/wp\/v2\/product\/8350","targetHints":{"allow":["GET"]}}],"collection":[{"href":"https:\/\/allwintheme.com\/es\/wp-json\/wp\/v2\/product"}],"about":[{"href":"https:\/\/allwintheme.com\/es\/wp-json\/wp\/v2\/types\/product"}],"replies":[{"embeddable":true,"href":"https:\/\/allwintheme.com\/es\/wp-json\/wp\/v2\/comments?post=8350"}],"version-history":[{"count":0,"href":"https:\/\/allwintheme.com\/es\/wp-json\/wp\/v2\/product\/8350\/revisions"}],"wp:featuredmedia":[{"embeddable":true,"href":"https:\/\/allwintheme.com\/es\/wp-json\/wp\/v2\/media\/8251"}],"wp:attachment":[{"href":"https:\/\/allwintheme.com\/es\/wp-json\/wp\/v2\/media?parent=8350"}],"wp:term":[{"taxonomy":"product_brand","embeddable":true,"href":"https:\/\/allwintheme.com\/es\/wp-json\/wp\/v2\/product_brand?post=8350"},{"taxonomy":"product_cat","embeddable":true,"href":"https:\/\/allwintheme.com\/es\/wp-json\/wp\/v2\/product_cat?post=8350"},{"taxonomy":"product_tag","embeddable":true,"href":"https:\/\/allwintheme.com\/es\/wp-json\/wp\/v2\/product_tag?post=8350"}],"curies":[{"name":"wp","href":"https:\/\/api.w.org\/{rel}","templated":true}]}}