{"id":8374,"date":"2025-09-26T12:33:51","date_gmt":"2025-09-26T12:33:51","guid":{"rendered":"https:\/\/allwintheme.com\/?post_type=product&#038;p=8374"},"modified":"2025-09-26T12:40:21","modified_gmt":"2025-09-26T12:40:21","slug":"socker-equipo-de-futbol-club-deportivo-elementor-template-kit","status":"publish","type":"product","link":"https:\/\/allwintheme.com\/es\/producto\/socker-equipo-de-futbol-club-deportivo-elementor-template-kit\/","title":{"rendered":"Socker - Kit Elementor para equipos de f\u00fatbol y clubes deportivos"},"content":{"rendered":"<div data-elementor-type=\"wp-post\" data-elementor-id=\"8374\" class=\"elementor elementor-8374\" data-elementor-settings=\"{&quot;element_pack_global_tooltip_width&quot;:{&quot;unit&quot;:&quot;px&quot;,&quot;size&quot;:&quot;&quot;,&quot;sizes&quot;:[]},&quot;element_pack_global_tooltip_width_tablet&quot;:{&quot;unit&quot;:&quot;px&quot;,&quot;size&quot;:&quot;&quot;,&quot;sizes&quot;:[]},&quot;element_pack_global_tooltip_width_mobile&quot;:{&quot;unit&quot;:&quot;px&quot;,&quot;size&quot;:&quot;&quot;,&quot;sizes&quot;:[]},&quot;element_pack_global_tooltip_padding&quot;:{&quot;unit&quot;:&quot;px&quot;,&quot;top&quot;:&quot;&quot;,&quot;right&quot;:&quot;&quot;,&quot;bottom&quot;:&quot;&quot;,&quot;left&quot;:&quot;&quot;,&quot;isLinked&quot;:true},&quot;element_pack_global_tooltip_padding_tablet&quot;:{&quot;unit&quot;:&quot;px&quot;,&quot;top&quot;:&quot;&quot;,&quot;right&quot;:&quot;&quot;,&quot;bottom&quot;:&quot;&quot;,&quot;left&quot;:&quot;&quot;,&quot;isLinked&quot;:true},&quot;element_pack_global_tooltip_padding_mobile&quot;:{&quot;unit&quot;:&quot;px&quot;,&quot;top&quot;:&quot;&quot;,&quot;right&quot;:&quot;&quot;,&quot;bottom&quot;:&quot;&quot;,&quot;left&quot;:&quot;&quot;,&quot;isLinked&quot;:true},&quot;element_pack_global_tooltip_border_radius&quot;:{&quot;unit&quot;:&quot;px&quot;,&quot;top&quot;:&quot;&quot;,&quot;right&quot;:&quot;&quot;,&quot;bottom&quot;:&quot;&quot;,&quot;left&quot;:&quot;&quot;,&quot;isLinked&quot;:true},&quot;element_pack_global_tooltip_border_radius_tablet&quot;:{&quot;unit&quot;:&quot;px&quot;,&quot;top&quot;:&quot;&quot;,&quot;right&quot;:&quot;&quot;,&quot;bottom&quot;:&quot;&quot;,&quot;left&quot;:&quot;&quot;,&quot;isLinked&quot;:true},&quot;element_pack_global_tooltip_border_radius_mobile&quot;:{&quot;unit&quot;:&quot;px&quot;,&quot;top&quot;:&quot;&quot;,&quot;right&quot;:&quot;&quot;,&quot;bottom&quot;:&quot;&quot;,&quot;left&quot;:&quot;&quot;,&quot;isLinked&quot;:true}}\" data-elementor-post-type=\"product\">\n\t\t\t\t<div class=\"elementor-element elementor-element-93aa4a8 e-con-full e-flex e-con e-parent\" data-id=\"93aa4a8\" data-element_type=\"container\" data-e-type=\"container\">\n\t\t\t\t<div class=\"elementor-element elementor-element-2c3f760 miaoshu elementor-widget elementor-widget-wd_text_block\" data-id=\"2c3f760\" data-element_type=\"widget\" data-e-type=\"widget\" data-widget_type=\"wd_text_block.default\">\n\t\t\t\t<div class=\"elementor-widget-container\">\n\t\t\t\t\t\t\t<div class=\"wd-text-block reset-last-child text-left\">\n\t\t\t\n\t\t\t<h2>Socker: Pon en marcha el sitio web de tu equipo de f\u00fatbol con Elementor<\/h2>\n<p>En <strong>Kit de plantillas Elementor Socker<\/strong> es la soluci\u00f3n perfecta para crear sitios web din\u00e1micos y profesionales para equipos de f\u00fatbol, clubes deportivos, academias o sitios de aficionados. Creado exclusivamente para Elementor Page Builder en WordPress, este kit cuenta con una colecci\u00f3n de plantillas predise\u00f1adas que combinan la energ\u00eda deportiva con la elegancia moderna, ayud\u00e1ndote a mostrar tu equipo, eventos y logros sin escribir una sola l\u00ednea de c\u00f3digo.<\/p>\n\n<h3>Dise\u00f1ado para entusiastas del deporte<\/h3>\n<p>Tanto si diriges una academia de f\u00fatbol local como si gestionas un club de competici\u00f3n o creas un centro para aficionados al f\u00fatbol, Socker te ofrece p\u00e1ginas listas para usar que capturan la emoci\u00f3n del juego. Optimizado para el tema gratuito Hello Elementor, pero compatible con la mayor\u00eda de los temas soportados por Elementor, es perfecto para configuraciones r\u00e1pidas que se ven muy bien en cualquier dispositivo.<\/p>\n\n<h3>Caracter\u00edsticas principales<\/h3>\n<ul>\n    <li><strong>Plantillas predise\u00f1adas:<\/strong> Un conjunto de p\u00e1ginas que incluyen la p\u00e1gina de inicio, informaci\u00f3n sobre el sitio, listas de equipos, eventos, galer\u00edas y dise\u00f1os de blog adaptados al contenido deportivo.<\/li>\n    <li><strong>Simplicidad de arrastrar y soltar:<\/strong> Personaliza f\u00e1cilmente colores, fuentes, im\u00e1genes y dise\u00f1os con la intuitiva interfaz de Elementor, sin necesidad de conocimientos t\u00e9cnicos.<\/li>\n    <li><strong>Dise\u00f1o totalmente adaptable:<\/strong> Garantiza que su sitio web funcione a la perfecci\u00f3n en ordenadores de sobremesa, tabletas y m\u00f3viles, manteniendo a los fans enganchados est\u00e9n donde est\u00e9n.<\/li>\n    <li><strong>Elementos centrados en el deporte:<\/strong> Secciones integradas para perfiles de jugadores, calendarios de partidos, noticias y formularios de contacto para destacar la historia de tu club.<\/li>\n    <li><strong>Optimizado para SEO y velocidad:<\/strong> C\u00f3digo limpio y estructura ligera para tiempos de carga m\u00e1s r\u00e1pidos y mejor posicionamiento en las b\u00fasquedas.<\/li>\n    <li><strong>F\u00e1cil proceso de importaci\u00f3n:<\/strong> Sube a trav\u00e9s de Elementos &gt; Kits instalados, conecta tu cuenta de Envato para acceder sin problemas e importa plantillas una a una.<\/li>\n<\/ul>\n\n<h3>Por qu\u00e9 destaca Socker<\/h3>\n<p>Socker no es s\u00f3lo un kit de plantillas, es un completo juego de herramientas para sitios web deportivos que te ahorrar\u00e1 horas de trabajo de dise\u00f1o. Con su acento verde azulado y su ambiente en\u00e9rgico, puedes crear un sitio que se sienta vivo y conectado con el mundo del f\u00fatbol. Ideal para entrenadores, gerentes de clubes o directores de academias que deseen crear una presencia en l\u00ednea que atraiga a los visitantes.<\/p>\n\n<h3>Lance su sitio web en minutos<\/h3>\n<p>\u00bfListo para poner tu equipo de f\u00fatbol en l\u00ednea? Hazte con el <strong>Kit de plantillas Elementor Socker<\/strong> hoy mismo, importe sus favoritos y empiece a personalizar. Convierta su pasi\u00f3n por los deportes en un sitio web destacado que impulse el compromiso y la fidelidad de los aficionados.<\/p>\n\t\t\t\t\t<\/div>\n\t\t\t\t\t\t<\/div>\n\t\t\t\t<\/div>\n\t\t\t\t<\/div>\n\t\t\t\t<\/div>","protected":false},"excerpt":{"rendered":"<p>Socker: Kickstart Your Football Team Website with Elementor The Socker Elementor Template Kit is your go-to solution for creating dynamic,<\/p>","protected":false},"featured_media":8255,"comment_status":"open","ping_status":"closed","template":"","meta":{"_acf_changed":false},"product_brand":[],"product_cat":[50],"product_tag":[],"class_list":{"0":"post-8374","1":"product","2":"type-product","3":"status-publish","4":"has-post-thumbnail","6":"product_cat-template-kits","8":"first","9":"instock","10":"sale","11":"downloadable","12":"shipping-taxable","13":"purchasable","14":"product-type-simple"},"acf":[],"yoast_head":"<!-- This site is optimized with the Yoast SEO Premium plugin v25.6 (Yoast SEO v27.1.1) - https:\/\/yoast.com\/product\/yoast-seo-premium-wordpress\/ -->\n<title>Socker \u2013 Football Team &amp; Sports Club Elementor Kit - AllWin Theme \u2013 Free WordPress Themes Download<\/title>\n<meta name=\"description\" content=\"Build stunning football team or sports club sites with Socker Elementor Template Kit. Drag-and-drop templates for academies, clubs, and fans\u2014no coding needed.\" \/>\n<meta name=\"robots\" content=\"index, follow, max-snippet:-1, max-image-preview:large, max-video-preview:-1\" \/>\n<link rel=\"canonical\" href=\"https:\/\/allwintheme.com\/es\/producto\/socker-equipo-de-futbol-club-deportivo-elementor-template-kit\/\" \/>\n<meta property=\"og:locale\" content=\"es_ES\" \/>\n<meta property=\"og:type\" content=\"article\" \/>\n<meta property=\"og:title\" content=\"Socker \u2013 Football Team &amp; Sports Club Elementor Kit\" \/>\n<meta property=\"og:description\" content=\"Build stunning football team or sports club sites with Socker Elementor Template Kit. Drag-and-drop templates for academies, clubs, and fans\u2014no coding needed.\" \/>\n<meta property=\"og:url\" content=\"https:\/\/allwintheme.com\/es\/producto\/socker-equipo-de-futbol-club-deportivo-elementor-template-kit\/\" \/>\n<meta property=\"og:site_name\" content=\"AllWin Theme \u2013 Free WordPress Themes Download\" \/>\n<meta property=\"article:modified_time\" content=\"2025-09-26T12:40:21+00:00\" \/>\n<meta property=\"og:image\" content=\"https:\/\/allwintheme.com\/wp-content\/uploads\/2025\/09\/2ti9rqji.png\" \/>\n\t<meta property=\"og:image:width\" content=\"768\" \/>\n\t<meta property=\"og:image:height\" content=\"512\" \/>\n\t<meta property=\"og:image:type\" content=\"image\/png\" \/>\n<meta name=\"twitter:card\" content=\"summary_large_image\" \/>\n<meta name=\"twitter:label1\" content=\"Tiempo estimado de lectura\" \/>\n\t<meta name=\"twitter:data1\" content=\"3 minutos\" \/>\n<script type=\"application\/ld+json\" class=\"yoast-schema-graph\">{\"@context\":\"https:\/\/schema.org\",\"@graph\":[{\"@type\":\"WebPage\",\"@id\":\"https:\/\/allwintheme.com\/product\/socker-football-team-sports-club-elementor-template-kit\/\",\"url\":\"https:\/\/allwintheme.com\/product\/socker-football-team-sports-club-elementor-template-kit\/\",\"name\":\"Socker \u2013 Football Team & Sports Club Elementor Kit - AllWin Theme \u2013 Free WordPress Themes Download\",\"isPartOf\":{\"@id\":\"https:\/\/allwintheme.com\/#website\"},\"primaryImageOfPage\":{\"@id\":\"https:\/\/allwintheme.com\/product\/socker-football-team-sports-club-elementor-template-kit\/#primaryimage\"},\"image\":{\"@id\":\"https:\/\/allwintheme.com\/product\/socker-football-team-sports-club-elementor-template-kit\/#primaryimage\"},\"thumbnailUrl\":\"https:\/\/allwintheme.com\/wp-content\/uploads\/2025\/09\/2ti9rqji.png\",\"datePublished\":\"2025-09-26T12:33:51+00:00\",\"dateModified\":\"2025-09-26T12:40:21+00:00\",\"description\":\"Build stunning football team or sports club sites with Socker Elementor Template Kit. Drag-and-drop templates for academies, clubs, and fans\u2014no coding needed.\",\"breadcrumb\":{\"@id\":\"https:\/\/allwintheme.com\/product\/socker-football-team-sports-club-elementor-template-kit\/#breadcrumb\"},\"inLanguage\":\"es-CL\",\"potentialAction\":[{\"@type\":\"ReadAction\",\"target\":[\"https:\/\/allwintheme.com\/product\/socker-football-team-sports-club-elementor-template-kit\/\"]}]},{\"@type\":\"ImageObject\",\"inLanguage\":\"es-CL\",\"@id\":\"https:\/\/allwintheme.com\/product\/socker-football-team-sports-club-elementor-template-kit\/#primaryimage\",\"url\":\"https:\/\/allwintheme.com\/wp-content\/uploads\/2025\/09\/2ti9rqji.png\",\"contentUrl\":\"https:\/\/allwintheme.com\/wp-content\/uploads\/2025\/09\/2ti9rqji.png\",\"width\":768,\"height\":512,\"caption\":\"Socker \u2013 Football Team & Sports Club Elementor Template Kit\"},{\"@type\":\"BreadcrumbList\",\"@id\":\"https:\/\/allwintheme.com\/product\/socker-football-team-sports-club-elementor-template-kit\/#breadcrumb\",\"itemListElement\":[{\"@type\":\"ListItem\",\"position\":1,\"name\":\"Home\",\"item\":\"https:\/\/allwintheme.com\/\"},{\"@type\":\"ListItem\",\"position\":2,\"name\":\"Shop\",\"item\":\"https:\/\/allwintheme.com\/shop\/\"},{\"@type\":\"ListItem\",\"position\":3,\"name\":\"Socker \u2013 Football Team &#038; Sports Club Elementor Kit\"}]},{\"@type\":\"WebSite\",\"@id\":\"https:\/\/allwintheme.com\/#website\",\"url\":\"https:\/\/allwintheme.com\/\",\"name\":\"Allwintheme\",\"description\":\"Download free WordPress themes for every niche. Blogs, business, eCommerce, portfolio, restaurant and more. All themes are GPL licensed and mobile-ready.\",\"potentialAction\":[{\"@type\":\"SearchAction\",\"target\":{\"@type\":\"EntryPoint\",\"urlTemplate\":\"https:\/\/allwintheme.com\/?s={search_term_string}\"},\"query-input\":{\"@type\":\"PropertyValueSpecification\",\"valueRequired\":true,\"valueName\":\"search_term_string\"}}],\"inLanguage\":\"es-CL\"}]}<\/script>\n<!-- \/ Yoast SEO Premium plugin. -->","yoast_head_json":{"title":"Socker \u2013 Football Team & Sports Club Elementor Kit - AllWin Theme \u2013 Free WordPress Themes Download","description":"Crea impresionantes sitios web para equipos de f\u00fatbol o clubes deportivos con el kit de plantillas Elementor de Socker. Plantillas de arrastrar y soltar para academias, clubes y aficionados, sin necesidad de programaci\u00f3n.","robots":{"index":"index","follow":"follow","max-snippet":"max-snippet:-1","max-image-preview":"max-image-preview:large","max-video-preview":"max-video-preview:-1"},"canonical":"https:\/\/allwintheme.com\/es\/producto\/socker-equipo-de-futbol-club-deportivo-elementor-template-kit\/","og_locale":"es_ES","og_type":"article","og_title":"Socker \u2013 Football Team & Sports Club Elementor Kit","og_description":"Build stunning football team or sports club sites with Socker Elementor Template Kit. Drag-and-drop templates for academies, clubs, and fans\u2014no coding needed.","og_url":"https:\/\/allwintheme.com\/es\/producto\/socker-equipo-de-futbol-club-deportivo-elementor-template-kit\/","og_site_name":"AllWin Theme \u2013 Free WordPress Themes Download","article_modified_time":"2025-09-26T12:40:21+00:00","og_image":[{"width":768,"height":512,"url":"https:\/\/allwintheme.com\/wp-content\/uploads\/2025\/09\/2ti9rqji.png","type":"image\/png"}],"twitter_card":"summary_large_image","twitter_misc":{"Tiempo estimado de lectura":"3 minutos"},"schema":{"@context":"https:\/\/schema.org","@graph":[{"@type":"WebPage","@id":"https:\/\/allwintheme.com\/product\/socker-football-team-sports-club-elementor-template-kit\/","url":"https:\/\/allwintheme.com\/product\/socker-football-team-sports-club-elementor-template-kit\/","name":"Socker \u2013 Football Team & Sports Club Elementor Kit - AllWin Theme \u2013 Free WordPress Themes Download","isPartOf":{"@id":"https:\/\/allwintheme.com\/#website"},"primaryImageOfPage":{"@id":"https:\/\/allwintheme.com\/product\/socker-football-team-sports-club-elementor-template-kit\/#primaryimage"},"image":{"@id":"https:\/\/allwintheme.com\/product\/socker-football-team-sports-club-elementor-template-kit\/#primaryimage"},"thumbnailUrl":"https:\/\/allwintheme.com\/wp-content\/uploads\/2025\/09\/2ti9rqji.png","datePublished":"2025-09-26T12:33:51+00:00","dateModified":"2025-09-26T12:40:21+00:00","description":"Crea impresionantes sitios web para equipos de f\u00fatbol o clubes deportivos con el kit de plantillas Elementor de Socker. Plantillas de arrastrar y soltar para academias, clubes y aficionados, sin necesidad de programaci\u00f3n.","breadcrumb":{"@id":"https:\/\/allwintheme.com\/product\/socker-football-team-sports-club-elementor-template-kit\/#breadcrumb"},"inLanguage":"es-CL","potentialAction":[{"@type":"ReadAction","target":["https:\/\/allwintheme.com\/product\/socker-football-team-sports-club-elementor-template-kit\/"]}]},{"@type":"ImageObject","inLanguage":"es-CL","@id":"https:\/\/allwintheme.com\/product\/socker-football-team-sports-club-elementor-template-kit\/#primaryimage","url":"https:\/\/allwintheme.com\/wp-content\/uploads\/2025\/09\/2ti9rqji.png","contentUrl":"https:\/\/allwintheme.com\/wp-content\/uploads\/2025\/09\/2ti9rqji.png","width":768,"height":512,"caption":"Socker \u2013 Football Team & Sports Club Elementor Template Kit"},{"@type":"BreadcrumbList","@id":"https:\/\/allwintheme.com\/product\/socker-football-team-sports-club-elementor-template-kit\/#breadcrumb","itemListElement":[{"@type":"ListItem","position":1,"name":"Home","item":"https:\/\/allwintheme.com\/"},{"@type":"ListItem","position":2,"name":"Shop","item":"https:\/\/allwintheme.com\/shop\/"},{"@type":"ListItem","position":3,"name":"Socker \u2013 Football Team &#038; Sports Club Elementor Kit"}]},{"@type":"WebSite","@id":"https:\/\/allwintheme.com\/#website","url":"https:\/\/allwintheme.com\/","name":"Allwintheme","description":"Descarga gratis temas de WordPress para todos los nichos. Blogs, negocios, comercio electr\u00f3nico, portafolio, restaurante y m\u00e1s. Todos los temas tienen licencia GPL y est\u00e1n preparados para dispositivos m\u00f3viles.","potentialAction":[{"@type":"SearchAction","target":{"@type":"EntryPoint","urlTemplate":"https:\/\/allwintheme.com\/?s={search_term_string}"},"query-input":{"@type":"PropertyValueSpecification","valueRequired":true,"valueName":"search_term_string"}}],"inLanguage":"es-CL"}]}},"_links":{"self":[{"href":"https:\/\/allwintheme.com\/es\/wp-json\/wp\/v2\/product\/8374","targetHints":{"allow":["GET"]}}],"collection":[{"href":"https:\/\/allwintheme.com\/es\/wp-json\/wp\/v2\/product"}],"about":[{"href":"https:\/\/allwintheme.com\/es\/wp-json\/wp\/v2\/types\/product"}],"replies":[{"embeddable":true,"href":"https:\/\/allwintheme.com\/es\/wp-json\/wp\/v2\/comments?post=8374"}],"version-history":[{"count":0,"href":"https:\/\/allwintheme.com\/es\/wp-json\/wp\/v2\/product\/8374\/revisions"}],"wp:featuredmedia":[{"embeddable":true,"href":"https:\/\/allwintheme.com\/es\/wp-json\/wp\/v2\/media\/8255"}],"wp:attachment":[{"href":"https:\/\/allwintheme.com\/es\/wp-json\/wp\/v2\/media?parent=8374"}],"wp:term":[{"taxonomy":"product_brand","embeddable":true,"href":"https:\/\/allwintheme.com\/es\/wp-json\/wp\/v2\/product_brand?post=8374"},{"taxonomy":"product_cat","embeddable":true,"href":"https:\/\/allwintheme.com\/es\/wp-json\/wp\/v2\/product_cat?post=8374"},{"taxonomy":"product_tag","embeddable":true,"href":"https:\/\/allwintheme.com\/es\/wp-json\/wp\/v2\/product_tag?post=8374"}],"curies":[{"name":"wp","href":"https:\/\/api.w.org\/{rel}","templated":true}]}}