{"id":8392,"date":"2025-09-26T12:48:45","date_gmt":"2025-09-26T12:48:45","guid":{"rendered":"https:\/\/allwintheme.com\/?post_type=product&#038;p=8392"},"modified":"2025-09-26T12:51:46","modified_gmt":"2025-09-26T12:51:46","slug":"nuvanta-business-coach-consulting-elementor-template-kit","status":"publish","type":"product","link":"https:\/\/allwintheme.com\/es\/producto\/nuvanta-business-coach-consulting-elementor-template-kit\/","title":{"rendered":"Nuvanta - Kit de Plantilla Elementor para Consultor\u00eda y Entrenador de Negocios"},"content":{"rendered":"<div data-elementor-type=\"wp-post\" data-elementor-id=\"8392\" class=\"elementor elementor-8392\" data-elementor-settings=\"{&quot;element_pack_global_tooltip_width&quot;:{&quot;unit&quot;:&quot;px&quot;,&quot;size&quot;:&quot;&quot;,&quot;sizes&quot;:[]},&quot;element_pack_global_tooltip_width_tablet&quot;:{&quot;unit&quot;:&quot;px&quot;,&quot;size&quot;:&quot;&quot;,&quot;sizes&quot;:[]},&quot;element_pack_global_tooltip_width_mobile&quot;:{&quot;unit&quot;:&quot;px&quot;,&quot;size&quot;:&quot;&quot;,&quot;sizes&quot;:[]},&quot;element_pack_global_tooltip_padding&quot;:{&quot;unit&quot;:&quot;px&quot;,&quot;top&quot;:&quot;&quot;,&quot;right&quot;:&quot;&quot;,&quot;bottom&quot;:&quot;&quot;,&quot;left&quot;:&quot;&quot;,&quot;isLinked&quot;:true},&quot;element_pack_global_tooltip_padding_tablet&quot;:{&quot;unit&quot;:&quot;px&quot;,&quot;top&quot;:&quot;&quot;,&quot;right&quot;:&quot;&quot;,&quot;bottom&quot;:&quot;&quot;,&quot;left&quot;:&quot;&quot;,&quot;isLinked&quot;:true},&quot;element_pack_global_tooltip_padding_mobile&quot;:{&quot;unit&quot;:&quot;px&quot;,&quot;top&quot;:&quot;&quot;,&quot;right&quot;:&quot;&quot;,&quot;bottom&quot;:&quot;&quot;,&quot;left&quot;:&quot;&quot;,&quot;isLinked&quot;:true},&quot;element_pack_global_tooltip_border_radius&quot;:{&quot;unit&quot;:&quot;px&quot;,&quot;top&quot;:&quot;&quot;,&quot;right&quot;:&quot;&quot;,&quot;bottom&quot;:&quot;&quot;,&quot;left&quot;:&quot;&quot;,&quot;isLinked&quot;:true},&quot;element_pack_global_tooltip_border_radius_tablet&quot;:{&quot;unit&quot;:&quot;px&quot;,&quot;top&quot;:&quot;&quot;,&quot;right&quot;:&quot;&quot;,&quot;bottom&quot;:&quot;&quot;,&quot;left&quot;:&quot;&quot;,&quot;isLinked&quot;:true},&quot;element_pack_global_tooltip_border_radius_mobile&quot;:{&quot;unit&quot;:&quot;px&quot;,&quot;top&quot;:&quot;&quot;,&quot;right&quot;:&quot;&quot;,&quot;bottom&quot;:&quot;&quot;,&quot;left&quot;:&quot;&quot;,&quot;isLinked&quot;:true}}\" data-elementor-post-type=\"product\">\n\t\t\t\t<div class=\"elementor-element elementor-element-93aa4a8 e-con-full e-flex e-con e-parent\" data-id=\"93aa4a8\" data-element_type=\"container\" data-e-type=\"container\">\n\t\t\t\t<div class=\"elementor-element elementor-element-2c3f760 miaoshu elementor-widget elementor-widget-wd_text_block\" data-id=\"2c3f760\" data-element_type=\"widget\" data-e-type=\"widget\" data-widget_type=\"wd_text_block.default\">\n\t\t\t\t<div class=\"elementor-widget-container\">\n\t\t\t\t\t\t\t<div class=\"wd-text-block reset-last-child text-left\">\n\t\t\t\n\t\t\t<h2>Nuvanta: Kit profesional de plantillas Elementor para coaches y consultores empresariales<\/h2>\n<p>En <strong>Nuvanta - Kit de Plantilla Elementor para Consultor\u00eda y Entrenador de Negocios<\/strong> es la soluci\u00f3n perfecta para crear un sitio web elegante y profesional adaptado a los servicios de consultor\u00eda y coaching empresarial. Dise\u00f1ado espec\u00edficamente para Elementor Pro, este kit proporciona plantillas listas para usar que le ahorran horas de trabajo de dise\u00f1o, lo que le permite centrarse en lo que mejor sabe hacer: guiar a los clientes hacia el \u00e9xito.<\/p>\n\n<h3>Dise\u00f1os modernos para un m\u00e1ximo impacto<\/h3>\n<p>Nuvanta presenta una colecci\u00f3n de p\u00e1ginas limpias y contempor\u00e1neas que destacan su experiencia como coach, sus servicios y los testimonios de sus clientes. Desde p\u00e1ginas de inicio llamativas hasta desgloses detallados de los servicios y formularios de contacto, cada elemento se ha creado teniendo en cuenta una est\u00e9tica moderna y un dise\u00f1o f\u00e1cil de usar. Es perfecto para coaches de vida, asesores de negocios o empresas de consultor\u00eda que buscan establecer una fuerte presencia en l\u00ednea.<\/p>\n\n<h3>Caracter\u00edsticas principales<\/h3>\n<ul>\n    <li><strong>Optimizado para Elementor Pro:<\/strong> Integraci\u00f3n perfecta con Elementor Pro para la personalizaci\u00f3n mediante arrastrar y soltar, sin necesidad de codificaci\u00f3n.<\/li>\n    <li><strong>Adaptable y preparado para m\u00f3viles:<\/strong> Garantiza que su sitio tenga un aspecto impecable en ordenadores de sobremesa, tabletas y tel\u00e9fonos.<\/li>\n    <li><strong>P\u00e1ginas preconstruidas:<\/strong> Incluye p\u00e1ginas esenciales como Inicio, Acerca de, Servicios, Blog y Contacto para que pueda empezar r\u00e1pidamente.<\/li>\n    <li><strong>Elementos personalizables:<\/strong> Modifique f\u00e1cilmente los colores, las fuentes y los dise\u00f1os para adaptarlos a la identidad de su marca.<\/li>\n    <li><strong>Enfoque profesional:<\/strong> Secciones personalizadas para mostrar testimonios, casos pr\u00e1cticos y solicitudes de reserva.<\/li>\n    <li><strong>Importaci\u00f3n f\u00e1cil:<\/strong> Instalar a trav\u00e9s del plugin Envato Template Kit Import o directamente en Elementor.<\/li>\n<\/ul>\n\n<h3>Por qu\u00e9 destaca Nuvanta<\/h3>\n<p>Este kit de plantillas no es s\u00f3lo un conjunto de p\u00e1ginas, es una base completa para su negocio de coaching. Con su \u00e9nfasis en la simplicidad y la sofisticaci\u00f3n, Nuvanta le ayuda a generar confianza con sus clientes potenciales a trav\u00e9s de una navegaci\u00f3n intuitiva y unos elementos visuales atractivos. Tanto si va a lanzar un nuevo sitio web como si va a actualizar uno ya existente, Nuvanta le ofrece la flexibilidad necesaria para crecer junto con su empresa.<\/p>\n\n<h3>Empezar a construir hoy<\/h3>\n<p>Transforme su visi\u00f3n en una potente plataforma en l\u00ednea con <strong>Nuvanta - Kit de Plantilla Elementor para Consultor\u00eda y Entrenador de Negocios<\/strong>. Desc\u00e1rgalo ahora y eleva tu marca de coaching con dise\u00f1os de calidad profesional que convierten a los visitantes en clientes.<\/p>\n\t\t\t\t\t<\/div>\n\t\t\t\t\t\t<\/div>\n\t\t\t\t<\/div>\n\t\t\t\t<\/div>\n\t\t\t\t<\/div>","protected":false},"excerpt":{"rendered":"<p>Nuvanta: Professional Elementor Template Kit for Business Coaches &amp; Consultants The Nuvanta \u2013 Business Coach &amp; Consulting Elementor Template Kit<\/p>","protected":false},"featured_media":8258,"comment_status":"open","ping_status":"closed","template":"","meta":{"_acf_changed":false},"product_brand":[],"product_cat":[50],"product_tag":[],"class_list":{"0":"post-8392","1":"product","2":"type-product","3":"status-publish","4":"has-post-thumbnail","6":"product_cat-template-kits","8":"first","9":"instock","10":"sale","11":"downloadable","12":"shipping-taxable","13":"purchasable","14":"product-type-simple"},"acf":[],"yoast_head":"<!-- This site is optimized with the Yoast SEO Premium plugin v25.6 (Yoast SEO v27.1.1) - https:\/\/yoast.com\/product\/yoast-seo-premium-wordpress\/ -->\n<title>Nuvanta \u2013 Business Coach &amp; Consulting Elementor Template Kit - AllWin Theme \u2013 Free WordPress Themes Download<\/title>\n<meta name=\"description\" content=\"Build a stunning business coach or consulting site with Nuvanta&#039;s Elementor Pro Template Kit. Modern, responsive designs to showcase your expertise effortlessly.\" \/>\n<meta name=\"robots\" content=\"index, follow, max-snippet:-1, max-image-preview:large, max-video-preview:-1\" \/>\n<link rel=\"canonical\" href=\"https:\/\/allwintheme.com\/es\/producto\/nuvanta-business-coach-consulting-elementor-template-kit\/\" \/>\n<meta property=\"og:locale\" content=\"es_ES\" \/>\n<meta property=\"og:type\" content=\"article\" \/>\n<meta property=\"og:title\" content=\"Nuvanta \u2013 Business Coach &amp; Consulting Elementor Template Kit\" \/>\n<meta property=\"og:description\" content=\"Build a stunning business coach or consulting site with Nuvanta&#039;s Elementor Pro Template Kit. Modern, responsive designs to showcase your expertise effortlessly.\" \/>\n<meta property=\"og:url\" content=\"https:\/\/allwintheme.com\/es\/producto\/nuvanta-business-coach-consulting-elementor-template-kit\/\" \/>\n<meta property=\"og:site_name\" content=\"AllWin Theme \u2013 Free WordPress Themes Download\" \/>\n<meta property=\"article:modified_time\" content=\"2025-09-26T12:51:46+00:00\" \/>\n<meta property=\"og:image\" content=\"https:\/\/allwintheme.com\/wp-content\/uploads\/2025\/09\/q4s3hmjq.png\" \/>\n\t<meta property=\"og:image:width\" content=\"768\" \/>\n\t<meta property=\"og:image:height\" content=\"512\" \/>\n\t<meta property=\"og:image:type\" content=\"image\/png\" \/>\n<meta name=\"twitter:card\" content=\"summary_large_image\" \/>\n<meta name=\"twitter:label1\" content=\"Tiempo estimado de lectura\" \/>\n\t<meta name=\"twitter:data1\" content=\"2 minutos\" \/>\n<script type=\"application\/ld+json\" class=\"yoast-schema-graph\">{\"@context\":\"https:\/\/schema.org\",\"@graph\":[{\"@type\":\"WebPage\",\"@id\":\"https:\/\/allwintheme.com\/product\/nuvanta-business-coach-consulting-elementor-template-kit\/\",\"url\":\"https:\/\/allwintheme.com\/product\/nuvanta-business-coach-consulting-elementor-template-kit\/\",\"name\":\"Nuvanta \u2013 Business Coach & Consulting Elementor Template Kit - AllWin Theme \u2013 Free WordPress Themes Download\",\"isPartOf\":{\"@id\":\"https:\/\/allwintheme.com\/#website\"},\"primaryImageOfPage\":{\"@id\":\"https:\/\/allwintheme.com\/product\/nuvanta-business-coach-consulting-elementor-template-kit\/#primaryimage\"},\"image\":{\"@id\":\"https:\/\/allwintheme.com\/product\/nuvanta-business-coach-consulting-elementor-template-kit\/#primaryimage\"},\"thumbnailUrl\":\"https:\/\/allwintheme.com\/wp-content\/uploads\/2025\/09\/q4s3hmjq.png\",\"datePublished\":\"2025-09-26T12:48:45+00:00\",\"dateModified\":\"2025-09-26T12:51:46+00:00\",\"description\":\"Build a stunning business coach or consulting site with Nuvanta's Elementor Pro Template Kit. Modern, responsive designs to showcase your expertise effortlessly.\",\"breadcrumb\":{\"@id\":\"https:\/\/allwintheme.com\/product\/nuvanta-business-coach-consulting-elementor-template-kit\/#breadcrumb\"},\"inLanguage\":\"es-CL\",\"potentialAction\":[{\"@type\":\"ReadAction\",\"target\":[\"https:\/\/allwintheme.com\/product\/nuvanta-business-coach-consulting-elementor-template-kit\/\"]}]},{\"@type\":\"ImageObject\",\"inLanguage\":\"es-CL\",\"@id\":\"https:\/\/allwintheme.com\/product\/nuvanta-business-coach-consulting-elementor-template-kit\/#primaryimage\",\"url\":\"https:\/\/allwintheme.com\/wp-content\/uploads\/2025\/09\/q4s3hmjq.png\",\"contentUrl\":\"https:\/\/allwintheme.com\/wp-content\/uploads\/2025\/09\/q4s3hmjq.png\",\"width\":768,\"height\":512,\"caption\":\"Nuvanta \u2013 Business Coach & Consulting Elementor Template Kit\"},{\"@type\":\"BreadcrumbList\",\"@id\":\"https:\/\/allwintheme.com\/product\/nuvanta-business-coach-consulting-elementor-template-kit\/#breadcrumb\",\"itemListElement\":[{\"@type\":\"ListItem\",\"position\":1,\"name\":\"Home\",\"item\":\"https:\/\/allwintheme.com\/\"},{\"@type\":\"ListItem\",\"position\":2,\"name\":\"Shop\",\"item\":\"https:\/\/allwintheme.com\/shop\/\"},{\"@type\":\"ListItem\",\"position\":3,\"name\":\"Nuvanta \u2013 Business Coach &#038; Consulting Elementor Template Kit\"}]},{\"@type\":\"WebSite\",\"@id\":\"https:\/\/allwintheme.com\/#website\",\"url\":\"https:\/\/allwintheme.com\/\",\"name\":\"Allwintheme\",\"description\":\"Download free WordPress themes for every niche. Blogs, business, eCommerce, portfolio, restaurant and more. All themes are GPL licensed and mobile-ready.\",\"potentialAction\":[{\"@type\":\"SearchAction\",\"target\":{\"@type\":\"EntryPoint\",\"urlTemplate\":\"https:\/\/allwintheme.com\/?s={search_term_string}\"},\"query-input\":{\"@type\":\"PropertyValueSpecification\",\"valueRequired\":true,\"valueName\":\"search_term_string\"}}],\"inLanguage\":\"es-CL\"}]}<\/script>\n<!-- \/ Yoast SEO Premium plugin. -->","yoast_head_json":{"title":"Nuvanta \u2013 Business Coach & Consulting Elementor Template Kit - AllWin Theme \u2013 Free WordPress Themes Download","description":"Construye un impresionante sitio de consultor\u00eda o coach de negocios con el Kit de Plantillas Elementor Pro de Nuvanta. Dise\u00f1os modernos y responsivos para mostrar tu experiencia sin esfuerzo.","robots":{"index":"index","follow":"follow","max-snippet":"max-snippet:-1","max-image-preview":"max-image-preview:large","max-video-preview":"max-video-preview:-1"},"canonical":"https:\/\/allwintheme.com\/es\/producto\/nuvanta-business-coach-consulting-elementor-template-kit\/","og_locale":"es_ES","og_type":"article","og_title":"Nuvanta \u2013 Business Coach & Consulting Elementor Template Kit","og_description":"Build a stunning business coach or consulting site with Nuvanta's Elementor Pro Template Kit. Modern, responsive designs to showcase your expertise effortlessly.","og_url":"https:\/\/allwintheme.com\/es\/producto\/nuvanta-business-coach-consulting-elementor-template-kit\/","og_site_name":"AllWin Theme \u2013 Free WordPress Themes Download","article_modified_time":"2025-09-26T12:51:46+00:00","og_image":[{"width":768,"height":512,"url":"https:\/\/allwintheme.com\/wp-content\/uploads\/2025\/09\/q4s3hmjq.png","type":"image\/png"}],"twitter_card":"summary_large_image","twitter_misc":{"Tiempo estimado de lectura":"2 minutos"},"schema":{"@context":"https:\/\/schema.org","@graph":[{"@type":"WebPage","@id":"https:\/\/allwintheme.com\/product\/nuvanta-business-coach-consulting-elementor-template-kit\/","url":"https:\/\/allwintheme.com\/product\/nuvanta-business-coach-consulting-elementor-template-kit\/","name":"Nuvanta \u2013 Business Coach & Consulting Elementor Template Kit - AllWin Theme \u2013 Free WordPress Themes Download","isPartOf":{"@id":"https:\/\/allwintheme.com\/#website"},"primaryImageOfPage":{"@id":"https:\/\/allwintheme.com\/product\/nuvanta-business-coach-consulting-elementor-template-kit\/#primaryimage"},"image":{"@id":"https:\/\/allwintheme.com\/product\/nuvanta-business-coach-consulting-elementor-template-kit\/#primaryimage"},"thumbnailUrl":"https:\/\/allwintheme.com\/wp-content\/uploads\/2025\/09\/q4s3hmjq.png","datePublished":"2025-09-26T12:48:45+00:00","dateModified":"2025-09-26T12:51:46+00:00","description":"Construye un impresionante sitio de consultor\u00eda o coach de negocios con el Kit de Plantillas Elementor Pro de Nuvanta. Dise\u00f1os modernos y responsivos para mostrar tu experiencia sin esfuerzo.","breadcrumb":{"@id":"https:\/\/allwintheme.com\/product\/nuvanta-business-coach-consulting-elementor-template-kit\/#breadcrumb"},"inLanguage":"es-CL","potentialAction":[{"@type":"ReadAction","target":["https:\/\/allwintheme.com\/product\/nuvanta-business-coach-consulting-elementor-template-kit\/"]}]},{"@type":"ImageObject","inLanguage":"es-CL","@id":"https:\/\/allwintheme.com\/product\/nuvanta-business-coach-consulting-elementor-template-kit\/#primaryimage","url":"https:\/\/allwintheme.com\/wp-content\/uploads\/2025\/09\/q4s3hmjq.png","contentUrl":"https:\/\/allwintheme.com\/wp-content\/uploads\/2025\/09\/q4s3hmjq.png","width":768,"height":512,"caption":"Nuvanta \u2013 Business Coach & Consulting Elementor Template Kit"},{"@type":"BreadcrumbList","@id":"https:\/\/allwintheme.com\/product\/nuvanta-business-coach-consulting-elementor-template-kit\/#breadcrumb","itemListElement":[{"@type":"ListItem","position":1,"name":"Home","item":"https:\/\/allwintheme.com\/"},{"@type":"ListItem","position":2,"name":"Shop","item":"https:\/\/allwintheme.com\/shop\/"},{"@type":"ListItem","position":3,"name":"Nuvanta \u2013 Business Coach &#038; Consulting Elementor Template Kit"}]},{"@type":"WebSite","@id":"https:\/\/allwintheme.com\/#website","url":"https:\/\/allwintheme.com\/","name":"Allwintheme","description":"Descarga gratis temas de WordPress para todos los nichos. Blogs, negocios, comercio electr\u00f3nico, portafolio, restaurante y m\u00e1s. Todos los temas tienen licencia GPL y est\u00e1n preparados para dispositivos m\u00f3viles.","potentialAction":[{"@type":"SearchAction","target":{"@type":"EntryPoint","urlTemplate":"https:\/\/allwintheme.com\/?s={search_term_string}"},"query-input":{"@type":"PropertyValueSpecification","valueRequired":true,"valueName":"search_term_string"}}],"inLanguage":"es-CL"}]}},"_links":{"self":[{"href":"https:\/\/allwintheme.com\/es\/wp-json\/wp\/v2\/product\/8392","targetHints":{"allow":["GET"]}}],"collection":[{"href":"https:\/\/allwintheme.com\/es\/wp-json\/wp\/v2\/product"}],"about":[{"href":"https:\/\/allwintheme.com\/es\/wp-json\/wp\/v2\/types\/product"}],"replies":[{"embeddable":true,"href":"https:\/\/allwintheme.com\/es\/wp-json\/wp\/v2\/comments?post=8392"}],"version-history":[{"count":0,"href":"https:\/\/allwintheme.com\/es\/wp-json\/wp\/v2\/product\/8392\/revisions"}],"wp:featuredmedia":[{"embeddable":true,"href":"https:\/\/allwintheme.com\/es\/wp-json\/wp\/v2\/media\/8258"}],"wp:attachment":[{"href":"https:\/\/allwintheme.com\/es\/wp-json\/wp\/v2\/media?parent=8392"}],"wp:term":[{"taxonomy":"product_brand","embeddable":true,"href":"https:\/\/allwintheme.com\/es\/wp-json\/wp\/v2\/product_brand?post=8392"},{"taxonomy":"product_cat","embeddable":true,"href":"https:\/\/allwintheme.com\/es\/wp-json\/wp\/v2\/product_cat?post=8392"},{"taxonomy":"product_tag","embeddable":true,"href":"https:\/\/allwintheme.com\/es\/wp-json\/wp\/v2\/product_tag?post=8392"}],"curies":[{"name":"wp","href":"https:\/\/api.w.org\/{rel}","templated":true}]}}