{"id":8398,"date":"2025-09-26T12:52:02","date_gmt":"2025-09-26T12:52:02","guid":{"rendered":"https:\/\/allwintheme.com\/?post_type=product&#038;p=8398"},"modified":"2025-09-26T12:56:23","modified_gmt":"2025-09-26T12:56:23","slug":"neuromind-ai-machine-learning-elementor-template-kit","status":"publish","type":"product","link":"https:\/\/allwintheme.com\/es\/producto\/neuromind-ai-machine-learning-elementor-template-kit\/","title":{"rendered":"NeuroMind - AI &amp; Machine Learning Elementor Template Kit"},"content":{"rendered":"<div data-elementor-type=\"wp-post\" data-elementor-id=\"8398\" class=\"elementor elementor-8398\" data-elementor-settings=\"{&quot;element_pack_global_tooltip_width&quot;:{&quot;unit&quot;:&quot;px&quot;,&quot;size&quot;:&quot;&quot;,&quot;sizes&quot;:[]},&quot;element_pack_global_tooltip_width_tablet&quot;:{&quot;unit&quot;:&quot;px&quot;,&quot;size&quot;:&quot;&quot;,&quot;sizes&quot;:[]},&quot;element_pack_global_tooltip_width_mobile&quot;:{&quot;unit&quot;:&quot;px&quot;,&quot;size&quot;:&quot;&quot;,&quot;sizes&quot;:[]},&quot;element_pack_global_tooltip_padding&quot;:{&quot;unit&quot;:&quot;px&quot;,&quot;top&quot;:&quot;&quot;,&quot;right&quot;:&quot;&quot;,&quot;bottom&quot;:&quot;&quot;,&quot;left&quot;:&quot;&quot;,&quot;isLinked&quot;:true},&quot;element_pack_global_tooltip_padding_tablet&quot;:{&quot;unit&quot;:&quot;px&quot;,&quot;top&quot;:&quot;&quot;,&quot;right&quot;:&quot;&quot;,&quot;bottom&quot;:&quot;&quot;,&quot;left&quot;:&quot;&quot;,&quot;isLinked&quot;:true},&quot;element_pack_global_tooltip_padding_mobile&quot;:{&quot;unit&quot;:&quot;px&quot;,&quot;top&quot;:&quot;&quot;,&quot;right&quot;:&quot;&quot;,&quot;bottom&quot;:&quot;&quot;,&quot;left&quot;:&quot;&quot;,&quot;isLinked&quot;:true},&quot;element_pack_global_tooltip_border_radius&quot;:{&quot;unit&quot;:&quot;px&quot;,&quot;top&quot;:&quot;&quot;,&quot;right&quot;:&quot;&quot;,&quot;bottom&quot;:&quot;&quot;,&quot;left&quot;:&quot;&quot;,&quot;isLinked&quot;:true},&quot;element_pack_global_tooltip_border_radius_tablet&quot;:{&quot;unit&quot;:&quot;px&quot;,&quot;top&quot;:&quot;&quot;,&quot;right&quot;:&quot;&quot;,&quot;bottom&quot;:&quot;&quot;,&quot;left&quot;:&quot;&quot;,&quot;isLinked&quot;:true},&quot;element_pack_global_tooltip_border_radius_mobile&quot;:{&quot;unit&quot;:&quot;px&quot;,&quot;top&quot;:&quot;&quot;,&quot;right&quot;:&quot;&quot;,&quot;bottom&quot;:&quot;&quot;,&quot;left&quot;:&quot;&quot;,&quot;isLinked&quot;:true}}\" data-elementor-post-type=\"product\">\n\t\t\t\t<div class=\"elementor-element elementor-element-93aa4a8 e-con-full e-flex e-con e-parent\" data-id=\"93aa4a8\" data-element_type=\"container\" data-e-type=\"container\">\n\t\t\t\t<div class=\"elementor-element elementor-element-2c3f760 miaoshu elementor-widget elementor-widget-wd_text_block\" data-id=\"2c3f760\" data-element_type=\"widget\" data-e-type=\"widget\" data-widget_type=\"wd_text_block.default\">\n\t\t\t\t<div class=\"elementor-widget-container\">\n\t\t\t\t\t\t\t<div class=\"wd-text-block reset-last-child text-left\">\n\t\t\t\n\t\t\t<h2>NeuroMind - AI &amp; Machine Learning Elementor Template Kit: Potencie su visi\u00f3n tecnol\u00f3gica<\/h2>\n<p>En <strong>NeuroMind Kit de plantillas Elementor<\/strong> es la soluci\u00f3n perfecta para crear sitios web profesionales e impresionantes adaptados a agencias de IA, startups de aprendizaje autom\u00e1tico e innovadores tecnol\u00f3gicos. Este kit premium ofrece una colecci\u00f3n de plantillas predise\u00f1adas y totalmente adaptativas que se integran a la perfecci\u00f3n con Elementor y te ayudan a crear sitios atractivos sin tener que empezar desde cero.<\/p>\n\n<h3>Dise\u00f1ado para el futuro de la tecnolog\u00eda<\/h3>\n<p>NeuroMind, creada pensando en el din\u00e1mico mundo de la inteligencia artificial, presenta dise\u00f1os modernos que destacan sus servicios, proyectos y avances. Desde elegantes p\u00e1ginas de inicio hasta p\u00e1ginas de servicios detalladas, todas las plantillas est\u00e1n optimizadas para mostrar conceptos tecnol\u00f3gicos complejos de una forma limpia e intuitiva que cautiva a los visitantes e impulsa las conversiones.<\/p>\n\n<h3>Caracter\u00edsticas principales<\/h3>\n<ul>\n    <li><strong>Dise\u00f1os centrados en la IA:<\/strong> P\u00e1ginas predise\u00f1adas perfectas para soluciones de IA, demostraciones de aprendizaje autom\u00e1tico, an\u00e1lisis de datos y exposiciones de rob\u00f3tica.<\/li>\n    <li><strong>Dise\u00f1o totalmente adaptable:<\/strong> Garantiza que su sitio tenga un aspecto impecable en ordenadores de sobremesa, tabletas y m\u00f3viles.<\/li>\n    <li><strong>F\u00e1cil integraci\u00f3n con Elementor:<\/strong> Personalizaci\u00f3n mediante arrastrar y soltar sin necesidad de c\u00f3digo: modifique colores, fuentes y contenido sin esfuerzo.<\/li>\n    <li><strong>Est\u00e9tica moderna:<\/strong> Estilos elegantes y minimalistas con elementos flexibles para adaptarse al esp\u00edritu innovador de su marca.<\/li>\n    <li><strong>Configuraci\u00f3n r\u00e1pida:<\/strong> Importa plantillas a trav\u00e9s de Envato Elements o directamente en Elementor para obtener resultados instant\u00e1neos.<\/li>\n    <li><strong>P\u00e1ginas vers\u00e1tiles:<\/strong> Incluye p\u00e1ginas de inicio, secciones sobre, servicios, carteras y formularios de contacto listos para adaptar.<\/li>\n<\/ul>\n\n<h3>Por qu\u00e9 destaca NeuroMind<\/h3>\n<p>En un panorama tecnol\u00f3gico en r\u00e1pida evoluci\u00f3n, su sitio web debe reflejar una experiencia de vanguardia. NeuroMind simplifica el proceso, lo que le permite centrarse en sus innovaciones de IA, mientras que la entrega de una presencia en l\u00ednea pulido. Es ideal para startups, agencias o educadores en aprendizaje autom\u00e1tico, ya que ofrece una personalizaci\u00f3n infinita para contar su historia de forma eficaz.<\/p>\n\n<h3>Lance hoy mismo su sitio AI<\/h3>\n<p>\u00bfListo para causar impacto? Con la <strong>NeuroMind AI &amp; Machine Learning Elementor Template Kit<\/strong>transforme sus ideas en un sitio web destacado que resuene entre el p\u00fablico experto en tecnolog\u00eda. Empieza ahora y mejora tu presencia digital.<\/p>\n\t\t\t\t\t<\/div>\n\t\t\t\t\t\t<\/div>\n\t\t\t\t<\/div>\n\t\t\t\t<\/div>\n\t\t\t\t<\/div>","protected":false},"excerpt":{"rendered":"<p>NeuroMind \u2013 AI &amp; Machine Learning Elementor Template Kit: Power Your Tech Vision The NeuroMind Elementor Template Kit is your<\/p>","protected":false},"featured_media":8259,"comment_status":"open","ping_status":"closed","template":"","meta":{"_acf_changed":false},"product_brand":[],"product_cat":[50],"product_tag":[],"class_list":{"0":"post-8398","1":"product","2":"type-product","3":"status-publish","4":"has-post-thumbnail","6":"product_cat-template-kits","8":"first","9":"instock","10":"sale","11":"downloadable","12":"shipping-taxable","13":"purchasable","14":"product-type-simple"},"acf":[],"yoast_head":"<!-- This site is optimized with the Yoast SEO Premium plugin v25.6 (Yoast SEO v27.1.1) - https:\/\/yoast.com\/product\/yoast-seo-premium-wordpress\/ -->\n<title>NeuroMind \u2013 AI &amp; Machine Learning Elementor Template Kit - AllWin Theme \u2013 Free WordPress Themes Download<\/title>\n<meta name=\"description\" content=\"Modern Elementor Template Kit for AI agencies and machine learning sites. Sleek, responsive designs to showcase your tech innovations effortlessly.\" \/>\n<meta name=\"robots\" content=\"index, follow, max-snippet:-1, max-image-preview:large, max-video-preview:-1\" \/>\n<link rel=\"canonical\" href=\"https:\/\/allwintheme.com\/es\/producto\/neuromind-ai-machine-learning-elementor-template-kit\/\" \/>\n<meta property=\"og:locale\" content=\"es_ES\" \/>\n<meta property=\"og:type\" content=\"article\" \/>\n<meta property=\"og:title\" content=\"NeuroMind \u2013 AI &amp; Machine Learning Elementor Template Kit\" \/>\n<meta property=\"og:description\" content=\"Modern Elementor Template Kit for AI agencies and machine learning sites. Sleek, responsive designs to showcase your tech innovations effortlessly.\" \/>\n<meta property=\"og:url\" content=\"https:\/\/allwintheme.com\/es\/producto\/neuromind-ai-machine-learning-elementor-template-kit\/\" \/>\n<meta property=\"og:site_name\" content=\"AllWin Theme \u2013 Free WordPress Themes Download\" \/>\n<meta property=\"article:modified_time\" content=\"2025-09-26T12:56:23+00:00\" \/>\n<meta property=\"og:image\" content=\"https:\/\/allwintheme.com\/wp-content\/uploads\/2025\/09\/wgiayika.png\" \/>\n\t<meta property=\"og:image:width\" content=\"768\" \/>\n\t<meta property=\"og:image:height\" content=\"512\" \/>\n\t<meta property=\"og:image:type\" content=\"image\/png\" \/>\n<meta name=\"twitter:card\" content=\"summary_large_image\" \/>\n<meta name=\"twitter:label1\" content=\"Tiempo estimado de lectura\" \/>\n\t<meta name=\"twitter:data1\" content=\"2 minutos\" \/>\n<script type=\"application\/ld+json\" class=\"yoast-schema-graph\">{\"@context\":\"https:\/\/schema.org\",\"@graph\":[{\"@type\":\"WebPage\",\"@id\":\"https:\/\/allwintheme.com\/product\/neuromind-ai-machine-learning-elementor-template-kit\/\",\"url\":\"https:\/\/allwintheme.com\/product\/neuromind-ai-machine-learning-elementor-template-kit\/\",\"name\":\"NeuroMind \u2013 AI & Machine Learning Elementor Template Kit - AllWin Theme \u2013 Free WordPress Themes Download\",\"isPartOf\":{\"@id\":\"https:\/\/allwintheme.com\/#website\"},\"primaryImageOfPage\":{\"@id\":\"https:\/\/allwintheme.com\/product\/neuromind-ai-machine-learning-elementor-template-kit\/#primaryimage\"},\"image\":{\"@id\":\"https:\/\/allwintheme.com\/product\/neuromind-ai-machine-learning-elementor-template-kit\/#primaryimage\"},\"thumbnailUrl\":\"https:\/\/allwintheme.com\/wp-content\/uploads\/2025\/09\/wgiayika.png\",\"datePublished\":\"2025-09-26T12:52:02+00:00\",\"dateModified\":\"2025-09-26T12:56:23+00:00\",\"description\":\"Modern Elementor Template Kit for AI agencies and machine learning sites. Sleek, responsive designs to showcase your tech innovations effortlessly.\",\"breadcrumb\":{\"@id\":\"https:\/\/allwintheme.com\/product\/neuromind-ai-machine-learning-elementor-template-kit\/#breadcrumb\"},\"inLanguage\":\"es-CL\",\"potentialAction\":[{\"@type\":\"ReadAction\",\"target\":[\"https:\/\/allwintheme.com\/product\/neuromind-ai-machine-learning-elementor-template-kit\/\"]}]},{\"@type\":\"ImageObject\",\"inLanguage\":\"es-CL\",\"@id\":\"https:\/\/allwintheme.com\/product\/neuromind-ai-machine-learning-elementor-template-kit\/#primaryimage\",\"url\":\"https:\/\/allwintheme.com\/wp-content\/uploads\/2025\/09\/wgiayika.png\",\"contentUrl\":\"https:\/\/allwintheme.com\/wp-content\/uploads\/2025\/09\/wgiayika.png\",\"width\":768,\"height\":512,\"caption\":\"NeuroMind \u2013 AI & Machine Learning Elementor Template Kit\"},{\"@type\":\"BreadcrumbList\",\"@id\":\"https:\/\/allwintheme.com\/product\/neuromind-ai-machine-learning-elementor-template-kit\/#breadcrumb\",\"itemListElement\":[{\"@type\":\"ListItem\",\"position\":1,\"name\":\"Home\",\"item\":\"https:\/\/allwintheme.com\/\"},{\"@type\":\"ListItem\",\"position\":2,\"name\":\"Shop\",\"item\":\"https:\/\/allwintheme.com\/shop\/\"},{\"@type\":\"ListItem\",\"position\":3,\"name\":\"NeuroMind \u2013 AI &#038; Machine Learning Elementor Template Kit\"}]},{\"@type\":\"WebSite\",\"@id\":\"https:\/\/allwintheme.com\/#website\",\"url\":\"https:\/\/allwintheme.com\/\",\"name\":\"Allwintheme\",\"description\":\"Download free WordPress themes for every niche. Blogs, business, eCommerce, portfolio, restaurant and more. All themes are GPL licensed and mobile-ready.\",\"potentialAction\":[{\"@type\":\"SearchAction\",\"target\":{\"@type\":\"EntryPoint\",\"urlTemplate\":\"https:\/\/allwintheme.com\/?s={search_term_string}\"},\"query-input\":{\"@type\":\"PropertyValueSpecification\",\"valueRequired\":true,\"valueName\":\"search_term_string\"}}],\"inLanguage\":\"es-CL\"}]}<\/script>\n<!-- \/ Yoast SEO Premium plugin. -->","yoast_head_json":{"title":"NeuroMind \u2013 AI & Machine Learning Elementor Template Kit - AllWin Theme \u2013 Free WordPress Themes Download","description":"Moderno kit de plantillas Elementor para agencias de IA y sitios de aprendizaje autom\u00e1tico. Dise\u00f1os elegantes y adaptables para mostrar tus innovaciones tecnol\u00f3gicas sin esfuerzo.","robots":{"index":"index","follow":"follow","max-snippet":"max-snippet:-1","max-image-preview":"max-image-preview:large","max-video-preview":"max-video-preview:-1"},"canonical":"https:\/\/allwintheme.com\/es\/producto\/neuromind-ai-machine-learning-elementor-template-kit\/","og_locale":"es_ES","og_type":"article","og_title":"NeuroMind \u2013 AI & Machine Learning Elementor Template Kit","og_description":"Modern Elementor Template Kit for AI agencies and machine learning sites. Sleek, responsive designs to showcase your tech innovations effortlessly.","og_url":"https:\/\/allwintheme.com\/es\/producto\/neuromind-ai-machine-learning-elementor-template-kit\/","og_site_name":"AllWin Theme \u2013 Free WordPress Themes Download","article_modified_time":"2025-09-26T12:56:23+00:00","og_image":[{"width":768,"height":512,"url":"https:\/\/allwintheme.com\/wp-content\/uploads\/2025\/09\/wgiayika.png","type":"image\/png"}],"twitter_card":"summary_large_image","twitter_misc":{"Tiempo estimado de lectura":"2 minutos"},"schema":{"@context":"https:\/\/schema.org","@graph":[{"@type":"WebPage","@id":"https:\/\/allwintheme.com\/product\/neuromind-ai-machine-learning-elementor-template-kit\/","url":"https:\/\/allwintheme.com\/product\/neuromind-ai-machine-learning-elementor-template-kit\/","name":"NeuroMind \u2013 AI & Machine Learning Elementor Template Kit - AllWin Theme \u2013 Free WordPress Themes Download","isPartOf":{"@id":"https:\/\/allwintheme.com\/#website"},"primaryImageOfPage":{"@id":"https:\/\/allwintheme.com\/product\/neuromind-ai-machine-learning-elementor-template-kit\/#primaryimage"},"image":{"@id":"https:\/\/allwintheme.com\/product\/neuromind-ai-machine-learning-elementor-template-kit\/#primaryimage"},"thumbnailUrl":"https:\/\/allwintheme.com\/wp-content\/uploads\/2025\/09\/wgiayika.png","datePublished":"2025-09-26T12:52:02+00:00","dateModified":"2025-09-26T12:56:23+00:00","description":"Moderno kit de plantillas Elementor para agencias de IA y sitios de aprendizaje autom\u00e1tico. Dise\u00f1os elegantes y adaptables para mostrar tus innovaciones tecnol\u00f3gicas sin esfuerzo.","breadcrumb":{"@id":"https:\/\/allwintheme.com\/product\/neuromind-ai-machine-learning-elementor-template-kit\/#breadcrumb"},"inLanguage":"es-CL","potentialAction":[{"@type":"ReadAction","target":["https:\/\/allwintheme.com\/product\/neuromind-ai-machine-learning-elementor-template-kit\/"]}]},{"@type":"ImageObject","inLanguage":"es-CL","@id":"https:\/\/allwintheme.com\/product\/neuromind-ai-machine-learning-elementor-template-kit\/#primaryimage","url":"https:\/\/allwintheme.com\/wp-content\/uploads\/2025\/09\/wgiayika.png","contentUrl":"https:\/\/allwintheme.com\/wp-content\/uploads\/2025\/09\/wgiayika.png","width":768,"height":512,"caption":"NeuroMind \u2013 AI & Machine Learning Elementor Template Kit"},{"@type":"BreadcrumbList","@id":"https:\/\/allwintheme.com\/product\/neuromind-ai-machine-learning-elementor-template-kit\/#breadcrumb","itemListElement":[{"@type":"ListItem","position":1,"name":"Home","item":"https:\/\/allwintheme.com\/"},{"@type":"ListItem","position":2,"name":"Shop","item":"https:\/\/allwintheme.com\/shop\/"},{"@type":"ListItem","position":3,"name":"NeuroMind \u2013 AI &#038; Machine Learning Elementor Template Kit"}]},{"@type":"WebSite","@id":"https:\/\/allwintheme.com\/#website","url":"https:\/\/allwintheme.com\/","name":"Allwintheme","description":"Descarga gratis temas de WordPress para todos los nichos. Blogs, negocios, comercio electr\u00f3nico, portafolio, restaurante y m\u00e1s. Todos los temas tienen licencia GPL y est\u00e1n preparados para dispositivos m\u00f3viles.","potentialAction":[{"@type":"SearchAction","target":{"@type":"EntryPoint","urlTemplate":"https:\/\/allwintheme.com\/?s={search_term_string}"},"query-input":{"@type":"PropertyValueSpecification","valueRequired":true,"valueName":"search_term_string"}}],"inLanguage":"es-CL"}]}},"_links":{"self":[{"href":"https:\/\/allwintheme.com\/es\/wp-json\/wp\/v2\/product\/8398","targetHints":{"allow":["GET"]}}],"collection":[{"href":"https:\/\/allwintheme.com\/es\/wp-json\/wp\/v2\/product"}],"about":[{"href":"https:\/\/allwintheme.com\/es\/wp-json\/wp\/v2\/types\/product"}],"replies":[{"embeddable":true,"href":"https:\/\/allwintheme.com\/es\/wp-json\/wp\/v2\/comments?post=8398"}],"version-history":[{"count":0,"href":"https:\/\/allwintheme.com\/es\/wp-json\/wp\/v2\/product\/8398\/revisions"}],"wp:featuredmedia":[{"embeddable":true,"href":"https:\/\/allwintheme.com\/es\/wp-json\/wp\/v2\/media\/8259"}],"wp:attachment":[{"href":"https:\/\/allwintheme.com\/es\/wp-json\/wp\/v2\/media?parent=8398"}],"wp:term":[{"taxonomy":"product_brand","embeddable":true,"href":"https:\/\/allwintheme.com\/es\/wp-json\/wp\/v2\/product_brand?post=8398"},{"taxonomy":"product_cat","embeddable":true,"href":"https:\/\/allwintheme.com\/es\/wp-json\/wp\/v2\/product_cat?post=8398"},{"taxonomy":"product_tag","embeddable":true,"href":"https:\/\/allwintheme.com\/es\/wp-json\/wp\/v2\/product_tag?post=8398"}],"curies":[{"name":"wp","href":"https:\/\/api.w.org\/{rel}","templated":true}]}}