{"id":8430,"date":"2025-09-26T13:18:47","date_gmt":"2025-09-26T13:18:47","guid":{"rendered":"https:\/\/allwintheme.com\/?post_type=product&#038;p=8430"},"modified":"2025-09-26T13:25:05","modified_gmt":"2025-09-26T13:25:05","slug":"salesking-ultimate-equipo-de-ventas-y-agentes","status":"publish","type":"product","link":"https:\/\/allwintheme.com\/es\/producto\/salesking-ultimate-equipo-de-ventas-y-agentes\/","title":{"rendered":"Equipo de ventas y agentes de SalesKing Ultimate"},"content":{"rendered":"<div data-elementor-type=\"wp-post\" data-elementor-id=\"8430\" class=\"elementor elementor-8430\" data-elementor-settings=\"{&quot;element_pack_global_tooltip_width&quot;:{&quot;unit&quot;:&quot;px&quot;,&quot;size&quot;:&quot;&quot;,&quot;sizes&quot;:[]},&quot;element_pack_global_tooltip_width_tablet&quot;:{&quot;unit&quot;:&quot;px&quot;,&quot;size&quot;:&quot;&quot;,&quot;sizes&quot;:[]},&quot;element_pack_global_tooltip_width_mobile&quot;:{&quot;unit&quot;:&quot;px&quot;,&quot;size&quot;:&quot;&quot;,&quot;sizes&quot;:[]},&quot;element_pack_global_tooltip_padding&quot;:{&quot;unit&quot;:&quot;px&quot;,&quot;top&quot;:&quot;&quot;,&quot;right&quot;:&quot;&quot;,&quot;bottom&quot;:&quot;&quot;,&quot;left&quot;:&quot;&quot;,&quot;isLinked&quot;:true},&quot;element_pack_global_tooltip_padding_tablet&quot;:{&quot;unit&quot;:&quot;px&quot;,&quot;top&quot;:&quot;&quot;,&quot;right&quot;:&quot;&quot;,&quot;bottom&quot;:&quot;&quot;,&quot;left&quot;:&quot;&quot;,&quot;isLinked&quot;:true},&quot;element_pack_global_tooltip_padding_mobile&quot;:{&quot;unit&quot;:&quot;px&quot;,&quot;top&quot;:&quot;&quot;,&quot;right&quot;:&quot;&quot;,&quot;bottom&quot;:&quot;&quot;,&quot;left&quot;:&quot;&quot;,&quot;isLinked&quot;:true},&quot;element_pack_global_tooltip_border_radius&quot;:{&quot;unit&quot;:&quot;px&quot;,&quot;top&quot;:&quot;&quot;,&quot;right&quot;:&quot;&quot;,&quot;bottom&quot;:&quot;&quot;,&quot;left&quot;:&quot;&quot;,&quot;isLinked&quot;:true},&quot;element_pack_global_tooltip_border_radius_tablet&quot;:{&quot;unit&quot;:&quot;px&quot;,&quot;top&quot;:&quot;&quot;,&quot;right&quot;:&quot;&quot;,&quot;bottom&quot;:&quot;&quot;,&quot;left&quot;:&quot;&quot;,&quot;isLinked&quot;:true},&quot;element_pack_global_tooltip_border_radius_mobile&quot;:{&quot;unit&quot;:&quot;px&quot;,&quot;top&quot;:&quot;&quot;,&quot;right&quot;:&quot;&quot;,&quot;bottom&quot;:&quot;&quot;,&quot;left&quot;:&quot;&quot;,&quot;isLinked&quot;:true}}\" data-elementor-post-type=\"product\">\n\t\t\t\t<div class=\"elementor-element elementor-element-93aa4a8 e-con-full e-flex e-con e-parent\" data-id=\"93aa4a8\" data-element_type=\"container\" data-e-type=\"container\">\n\t\t\t\t<div class=\"elementor-element elementor-element-2c3f760 miaoshu elementor-widget elementor-widget-wd_text_block\" data-id=\"2c3f760\" data-element_type=\"widget\" data-e-type=\"widget\" data-widget_type=\"wd_text_block.default\">\n\t\t\t\t<div class=\"elementor-widget-container\">\n\t\t\t\t\t\t\t<div class=\"wd-text-block reset-last-child text-left\">\n\t\t\t\n\t\t\t<h2>Ultimate Equipo de Ventas y Agentes por SalesKing: Potencie su fuerza de ventas WooCommerce<\/h2>\n<p><strong>El mejor equipo de ventas y agentes de SalesKing<\/strong> es la soluci\u00f3n todo en uno para gestionar equipos de ventas, agentes o representantes en cualquier tienda WooCommerce. Este potente plugin lo automatiza todo, desde los paneles de control de los agentes hasta las estructuras de comisiones, ayud\u00e1ndote a escalar tus operaciones de ventas sin esfuerzo mientras aumentas el rendimiento y los ingresos.<\/p>\n\n<h3>Revolucione su gesti\u00f3n de ventas<\/h3>\n<p>Tanto si dirige un peque\u00f1o equipo como una gran red de afiliados, este plugin se encarga de todo. Los agentes tienen su propio panel de control para gestionar clientes, procesar pedidos, crear cupones y realizar un seguimiento de las ganancias. En el lado del administrador, usted obtiene un control total sobre las complejas configuraciones de comisiones, promociones, pagos y anuncios para mantener a su equipo motivado y alineado.<\/p>\n\n<h3>Caracter\u00edsticas principales<\/h3>\n<ul>\n    <li><strong>Panel de control del agente con inicio de sesi\u00f3n:<\/strong> Un \u00e1rea segura y personalizada donde los agentes gestionan clientes, pedidos, cupones, enlaces de afiliados y carritos compartidos.<\/li>\n    <li><strong>Tramitaci\u00f3n de pedidos:<\/strong> Los agentes pueden comprar y satisfacer pedidos en nombre de los clientes para un servicio m\u00e1s r\u00e1pido.<\/li>\n    <li><strong>Estructuras avanzadas de comisiones:<\/strong> Gane comisiones fijas o porcentuales por cliente, agente o producto, con condiciones como l\u00edmites a los primeros pedidos.<\/li>\n    <li><strong>Sistema de anuncios:<\/strong> Publique noticias, actualizaciones o promociones directamente a los agentes para una mejor comunicaci\u00f3n.<\/li>\n    <li><strong>Sistema de mensajer\u00eda:<\/strong> Chat integrado para consultas, negociaciones e interacciones en equipo.<\/li>\n    <li><strong>Panel de control de administraci\u00f3n:<\/strong> Panorama completo de agentes, ingresos y m\u00e9tricas de rendimiento.<\/li>\n    <li><strong>Herramientas de negociaci\u00f3n de precios:<\/strong> Los agentes pueden ofrecer descuentos, modificar los precios o a\u00f1adir recargos para obtener una comisi\u00f3n de hasta 100% sobre la diferencia.<\/li>\n    <li><strong>Creaci\u00f3n de cupones:<\/strong> Los agentes generan y comparten cupones personalizados para impulsar las ventas.<\/li>\n    <li><strong>Enlaces de afiliados:<\/strong> F\u00e1cil configuraci\u00f3n de registros, compras y productos para realizar un seguimiento de las referencias.<\/li>\n    <li><strong>Asignaci\u00f3n cliente-agente:<\/strong> Selecci\u00f3n manual o asignaci\u00f3n autom\u00e1tica durante la inscripci\u00f3n del cliente.<\/li>\n    <li><strong>Tablero de ganancias:<\/strong> Tableros visuales, gr\u00e1ficos e informes para el seguimiento de las comisiones y el rendimiento.<\/li>\n    <li><strong>Sistema de pago:<\/strong> Historial completo, bonificaciones y m\u00faltiples m\u00e9todos de pago para pagos sin problemas.<\/li>\n    <li><strong>Gesti\u00f3n de pedidos:<\/strong> Los agentes gestionan los pedidos asignados de principio a fin.<\/li>\n<\/ul>\n\n<h3>Por qu\u00e9 destaca SalesKing<\/h3>\n<p>Este plugin est\u00e1 dise\u00f1ado para usuarios de WooCommerce que desean crear un equipo de ventas de alto rendimiento sin complicaciones. Desde la gesti\u00f3n de subagentes hasta el an\u00e1lisis detallado, proporciona las herramientas para fomentar el crecimiento, garantizar una compensaci\u00f3n justa y agilizar las operaciones. Es incre\u00edblemente vers\u00e1til, soportando todo, desde simples programas de afiliados hasta complejos equipos multinivel.<\/p>\n\n<h3>Aumente sus ventas hoy mismo<\/h3>\n<p>No deje que los procesos manuales frenen a su equipo. <strong>Consiga ahora Ultimate Sales Team &amp; Agents de SalesKing<\/strong> y transforme la forma en que gestiona las ventas en WooCommerce: \u00a1desbloquee la eficiencia, la motivaci\u00f3n y las conversiones m\u00e1s altas de inmediato!<\/p>\n\t\t\t\t\t<\/div>\n\t\t\t\t\t\t<\/div>\n\t\t\t\t<\/div>\n\t\t\t\t<\/div>\n\t\t\t\t<\/div>","protected":false},"excerpt":{"rendered":"<p>Ultimate Sales Team &amp; Agents by SalesKing: Empower Your WooCommerce Sales Force SalesKing&#8217;s Ultimate Sales Team &amp; Agents is the<\/p>","protected":false},"featured_media":8264,"comment_status":"open","ping_status":"closed","template":"","meta":{"_acf_changed":false},"product_brand":[],"product_cat":[49],"product_tag":[],"class_list":{"0":"post-8430","1":"product","2":"type-product","3":"status-publish","4":"has-post-thumbnail","6":"product_cat-plugins","8":"first","9":"instock","10":"sale","11":"downloadable","12":"shipping-taxable","13":"purchasable","14":"product-type-simple"},"acf":[],"yoast_head":"<!-- This site is optimized with the Yoast SEO Premium plugin v25.6 (Yoast SEO v27.1.1) - https:\/\/yoast.com\/product\/yoast-seo-premium-wordpress\/ -->\n<title>SalesKing Ultimate Sales Team and Agents - AllWin Theme \u2013 Free WordPress Themes Download<\/title>\n<meta name=\"description\" content=\"Manage your sales team with SalesKing&#039;s Ultimate Sales Team &amp; Agents plugin for WooCommerce. Handle commissions, orders, and more seamlessly.\" \/>\n<meta name=\"robots\" content=\"index, follow, max-snippet:-1, max-image-preview:large, max-video-preview:-1\" \/>\n<link rel=\"canonical\" href=\"https:\/\/allwintheme.com\/es\/producto\/salesking-ultimate-equipo-de-ventas-y-agentes\/\" \/>\n<meta property=\"og:locale\" content=\"es_ES\" \/>\n<meta property=\"og:type\" content=\"article\" \/>\n<meta property=\"og:title\" content=\"SalesKing Ultimate Sales Team and Agents\" \/>\n<meta property=\"og:description\" content=\"Manage your sales team with SalesKing&#039;s Ultimate Sales Team &amp; Agents plugin for WooCommerce. Handle commissions, orders, and more seamlessly.\" \/>\n<meta property=\"og:url\" content=\"https:\/\/allwintheme.com\/es\/producto\/salesking-ultimate-equipo-de-ventas-y-agentes\/\" \/>\n<meta property=\"og:site_name\" content=\"AllWin Theme \u2013 Free WordPress Themes Download\" \/>\n<meta property=\"article:modified_time\" content=\"2025-09-26T13:25:05+00:00\" \/>\n<meta property=\"og:image\" content=\"https:\/\/allwintheme.com\/wp-content\/uploads\/2025\/09\/isbhzvsr.png\" \/>\n\t<meta property=\"og:image:width\" content=\"590\" \/>\n\t<meta property=\"og:image:height\" content=\"300\" \/>\n\t<meta property=\"og:image:type\" content=\"image\/png\" \/>\n<meta name=\"twitter:card\" content=\"summary_large_image\" \/>\n<meta name=\"twitter:label1\" content=\"Tiempo estimado de lectura\" \/>\n\t<meta name=\"twitter:data1\" content=\"3 minutos\" \/>\n<script type=\"application\/ld+json\" class=\"yoast-schema-graph\">{\"@context\":\"https:\/\/schema.org\",\"@graph\":[{\"@type\":\"WebPage\",\"@id\":\"https:\/\/allwintheme.com\/product\/salesking-ultimate-sales-team-and-agents\/\",\"url\":\"https:\/\/allwintheme.com\/product\/salesking-ultimate-sales-team-and-agents\/\",\"name\":\"SalesKing Ultimate Sales Team and Agents - AllWin Theme \u2013 Free WordPress Themes Download\",\"isPartOf\":{\"@id\":\"https:\/\/allwintheme.com\/#website\"},\"primaryImageOfPage\":{\"@id\":\"https:\/\/allwintheme.com\/product\/salesking-ultimate-sales-team-and-agents\/#primaryimage\"},\"image\":{\"@id\":\"https:\/\/allwintheme.com\/product\/salesking-ultimate-sales-team-and-agents\/#primaryimage\"},\"thumbnailUrl\":\"https:\/\/allwintheme.com\/wp-content\/uploads\/2025\/09\/isbhzvsr.png\",\"datePublished\":\"2025-09-26T13:18:47+00:00\",\"dateModified\":\"2025-09-26T13:25:05+00:00\",\"description\":\"Manage your sales team with SalesKing's Ultimate Sales Team & Agents plugin for WooCommerce. Handle commissions, orders, and more seamlessly.\",\"breadcrumb\":{\"@id\":\"https:\/\/allwintheme.com\/product\/salesking-ultimate-sales-team-and-agents\/#breadcrumb\"},\"inLanguage\":\"es-CL\",\"potentialAction\":[{\"@type\":\"ReadAction\",\"target\":[\"https:\/\/allwintheme.com\/product\/salesking-ultimate-sales-team-and-agents\/\"]}]},{\"@type\":\"ImageObject\",\"inLanguage\":\"es-CL\",\"@id\":\"https:\/\/allwintheme.com\/product\/salesking-ultimate-sales-team-and-agents\/#primaryimage\",\"url\":\"https:\/\/allwintheme.com\/wp-content\/uploads\/2025\/09\/isbhzvsr.png\",\"contentUrl\":\"https:\/\/allwintheme.com\/wp-content\/uploads\/2025\/09\/isbhzvsr.png\",\"width\":590,\"height\":300,\"caption\":\"SalesKing Ultimate Sales Team and Agents\"},{\"@type\":\"BreadcrumbList\",\"@id\":\"https:\/\/allwintheme.com\/product\/salesking-ultimate-sales-team-and-agents\/#breadcrumb\",\"itemListElement\":[{\"@type\":\"ListItem\",\"position\":1,\"name\":\"Home\",\"item\":\"https:\/\/allwintheme.com\/\"},{\"@type\":\"ListItem\",\"position\":2,\"name\":\"Shop\",\"item\":\"https:\/\/allwintheme.com\/shop\/\"},{\"@type\":\"ListItem\",\"position\":3,\"name\":\"SalesKing Ultimate Sales Team and Agents\"}]},{\"@type\":\"WebSite\",\"@id\":\"https:\/\/allwintheme.com\/#website\",\"url\":\"https:\/\/allwintheme.com\/\",\"name\":\"Allwintheme\",\"description\":\"Download free WordPress themes for every niche. Blogs, business, eCommerce, portfolio, restaurant and more. All themes are GPL licensed and mobile-ready.\",\"potentialAction\":[{\"@type\":\"SearchAction\",\"target\":{\"@type\":\"EntryPoint\",\"urlTemplate\":\"https:\/\/allwintheme.com\/?s={search_term_string}\"},\"query-input\":{\"@type\":\"PropertyValueSpecification\",\"valueRequired\":true,\"valueName\":\"search_term_string\"}}],\"inLanguage\":\"es-CL\"}]}<\/script>\n<!-- \/ Yoast SEO Premium plugin. -->","yoast_head_json":{"title":"SalesKing Ultimate Sales Team and Agents - AllWin Theme \u2013 Free WordPress Themes Download","description":"Gestiona tu equipo de ventas con el plugin Ultimate Sales Team &amp; Agents de SalesKing para WooCommerce. Gestiona comisiones, pedidos y mucho m\u00e1s sin problemas.","robots":{"index":"index","follow":"follow","max-snippet":"max-snippet:-1","max-image-preview":"max-image-preview:large","max-video-preview":"max-video-preview:-1"},"canonical":"https:\/\/allwintheme.com\/es\/producto\/salesking-ultimate-equipo-de-ventas-y-agentes\/","og_locale":"es_ES","og_type":"article","og_title":"SalesKing Ultimate Sales Team and Agents","og_description":"Manage your sales team with SalesKing's Ultimate Sales Team & Agents plugin for WooCommerce. Handle commissions, orders, and more seamlessly.","og_url":"https:\/\/allwintheme.com\/es\/producto\/salesking-ultimate-equipo-de-ventas-y-agentes\/","og_site_name":"AllWin Theme \u2013 Free WordPress Themes Download","article_modified_time":"2025-09-26T13:25:05+00:00","og_image":[{"width":590,"height":300,"url":"https:\/\/allwintheme.com\/wp-content\/uploads\/2025\/09\/isbhzvsr.png","type":"image\/png"}],"twitter_card":"summary_large_image","twitter_misc":{"Tiempo estimado de lectura":"3 minutos"},"schema":{"@context":"https:\/\/schema.org","@graph":[{"@type":"WebPage","@id":"https:\/\/allwintheme.com\/product\/salesking-ultimate-sales-team-and-agents\/","url":"https:\/\/allwintheme.com\/product\/salesking-ultimate-sales-team-and-agents\/","name":"SalesKing Ultimate Sales Team and Agents - AllWin Theme \u2013 Free WordPress Themes Download","isPartOf":{"@id":"https:\/\/allwintheme.com\/#website"},"primaryImageOfPage":{"@id":"https:\/\/allwintheme.com\/product\/salesking-ultimate-sales-team-and-agents\/#primaryimage"},"image":{"@id":"https:\/\/allwintheme.com\/product\/salesking-ultimate-sales-team-and-agents\/#primaryimage"},"thumbnailUrl":"https:\/\/allwintheme.com\/wp-content\/uploads\/2025\/09\/isbhzvsr.png","datePublished":"2025-09-26T13:18:47+00:00","dateModified":"2025-09-26T13:25:05+00:00","description":"Gestiona tu equipo de ventas con el plugin Ultimate Sales Team &amp; Agents de SalesKing para WooCommerce. Gestiona comisiones, pedidos y mucho m\u00e1s sin problemas.","breadcrumb":{"@id":"https:\/\/allwintheme.com\/product\/salesking-ultimate-sales-team-and-agents\/#breadcrumb"},"inLanguage":"es-CL","potentialAction":[{"@type":"ReadAction","target":["https:\/\/allwintheme.com\/product\/salesking-ultimate-sales-team-and-agents\/"]}]},{"@type":"ImageObject","inLanguage":"es-CL","@id":"https:\/\/allwintheme.com\/product\/salesking-ultimate-sales-team-and-agents\/#primaryimage","url":"https:\/\/allwintheme.com\/wp-content\/uploads\/2025\/09\/isbhzvsr.png","contentUrl":"https:\/\/allwintheme.com\/wp-content\/uploads\/2025\/09\/isbhzvsr.png","width":590,"height":300,"caption":"SalesKing Ultimate Sales Team and Agents"},{"@type":"BreadcrumbList","@id":"https:\/\/allwintheme.com\/product\/salesking-ultimate-sales-team-and-agents\/#breadcrumb","itemListElement":[{"@type":"ListItem","position":1,"name":"Home","item":"https:\/\/allwintheme.com\/"},{"@type":"ListItem","position":2,"name":"Shop","item":"https:\/\/allwintheme.com\/shop\/"},{"@type":"ListItem","position":3,"name":"SalesKing Ultimate Sales Team and Agents"}]},{"@type":"WebSite","@id":"https:\/\/allwintheme.com\/#website","url":"https:\/\/allwintheme.com\/","name":"Allwintheme","description":"Descarga gratis temas de WordPress para todos los nichos. Blogs, negocios, comercio electr\u00f3nico, portafolio, restaurante y m\u00e1s. Todos los temas tienen licencia GPL y est\u00e1n preparados para dispositivos m\u00f3viles.","potentialAction":[{"@type":"SearchAction","target":{"@type":"EntryPoint","urlTemplate":"https:\/\/allwintheme.com\/?s={search_term_string}"},"query-input":{"@type":"PropertyValueSpecification","valueRequired":true,"valueName":"search_term_string"}}],"inLanguage":"es-CL"}]}},"_links":{"self":[{"href":"https:\/\/allwintheme.com\/es\/wp-json\/wp\/v2\/product\/8430","targetHints":{"allow":["GET"]}}],"collection":[{"href":"https:\/\/allwintheme.com\/es\/wp-json\/wp\/v2\/product"}],"about":[{"href":"https:\/\/allwintheme.com\/es\/wp-json\/wp\/v2\/types\/product"}],"replies":[{"embeddable":true,"href":"https:\/\/allwintheme.com\/es\/wp-json\/wp\/v2\/comments?post=8430"}],"version-history":[{"count":0,"href":"https:\/\/allwintheme.com\/es\/wp-json\/wp\/v2\/product\/8430\/revisions"}],"wp:featuredmedia":[{"embeddable":true,"href":"https:\/\/allwintheme.com\/es\/wp-json\/wp\/v2\/media\/8264"}],"wp:attachment":[{"href":"https:\/\/allwintheme.com\/es\/wp-json\/wp\/v2\/media?parent=8430"}],"wp:term":[{"taxonomy":"product_brand","embeddable":true,"href":"https:\/\/allwintheme.com\/es\/wp-json\/wp\/v2\/product_brand?post=8430"},{"taxonomy":"product_cat","embeddable":true,"href":"https:\/\/allwintheme.com\/es\/wp-json\/wp\/v2\/product_cat?post=8430"},{"taxonomy":"product_tag","embeddable":true,"href":"https:\/\/allwintheme.com\/es\/wp-json\/wp\/v2\/product_tag?post=8430"}],"curies":[{"name":"wp","href":"https:\/\/api.w.org\/{rel}","templated":true}]}}