{"id":8442,"date":"2025-09-26T13:33:43","date_gmt":"2025-09-26T13:33:43","guid":{"rendered":"https:\/\/allwintheme.com\/?post_type=product&#038;p=8442"},"modified":"2025-09-26T13:40:17","modified_gmt":"2025-09-26T13:40:17","slug":"wp-team-pro","status":"publish","type":"product","link":"https:\/\/allwintheme.com\/es\/producto\/wp-team-pro\/","title":{"rendered":"WP Equipo Pro: Muestre su equipo maravillosamente"},"content":{"rendered":"<div data-elementor-type=\"wp-post\" data-elementor-id=\"8442\" class=\"elementor elementor-8442\" data-elementor-settings=\"{&quot;element_pack_global_tooltip_width&quot;:{&quot;unit&quot;:&quot;px&quot;,&quot;size&quot;:&quot;&quot;,&quot;sizes&quot;:[]},&quot;element_pack_global_tooltip_width_tablet&quot;:{&quot;unit&quot;:&quot;px&quot;,&quot;size&quot;:&quot;&quot;,&quot;sizes&quot;:[]},&quot;element_pack_global_tooltip_width_mobile&quot;:{&quot;unit&quot;:&quot;px&quot;,&quot;size&quot;:&quot;&quot;,&quot;sizes&quot;:[]},&quot;element_pack_global_tooltip_padding&quot;:{&quot;unit&quot;:&quot;px&quot;,&quot;top&quot;:&quot;&quot;,&quot;right&quot;:&quot;&quot;,&quot;bottom&quot;:&quot;&quot;,&quot;left&quot;:&quot;&quot;,&quot;isLinked&quot;:true},&quot;element_pack_global_tooltip_padding_tablet&quot;:{&quot;unit&quot;:&quot;px&quot;,&quot;top&quot;:&quot;&quot;,&quot;right&quot;:&quot;&quot;,&quot;bottom&quot;:&quot;&quot;,&quot;left&quot;:&quot;&quot;,&quot;isLinked&quot;:true},&quot;element_pack_global_tooltip_padding_mobile&quot;:{&quot;unit&quot;:&quot;px&quot;,&quot;top&quot;:&quot;&quot;,&quot;right&quot;:&quot;&quot;,&quot;bottom&quot;:&quot;&quot;,&quot;left&quot;:&quot;&quot;,&quot;isLinked&quot;:true},&quot;element_pack_global_tooltip_border_radius&quot;:{&quot;unit&quot;:&quot;px&quot;,&quot;top&quot;:&quot;&quot;,&quot;right&quot;:&quot;&quot;,&quot;bottom&quot;:&quot;&quot;,&quot;left&quot;:&quot;&quot;,&quot;isLinked&quot;:true},&quot;element_pack_global_tooltip_border_radius_tablet&quot;:{&quot;unit&quot;:&quot;px&quot;,&quot;top&quot;:&quot;&quot;,&quot;right&quot;:&quot;&quot;,&quot;bottom&quot;:&quot;&quot;,&quot;left&quot;:&quot;&quot;,&quot;isLinked&quot;:true},&quot;element_pack_global_tooltip_border_radius_mobile&quot;:{&quot;unit&quot;:&quot;px&quot;,&quot;top&quot;:&quot;&quot;,&quot;right&quot;:&quot;&quot;,&quot;bottom&quot;:&quot;&quot;,&quot;left&quot;:&quot;&quot;,&quot;isLinked&quot;:true}}\" data-elementor-post-type=\"product\">\n\t\t\t\t<div class=\"elementor-element elementor-element-93aa4a8 e-con-full e-flex e-con e-parent\" data-id=\"93aa4a8\" data-element_type=\"container\" data-e-type=\"container\">\n\t\t\t\t<div class=\"elementor-element elementor-element-2c3f760 miaoshu elementor-widget elementor-widget-wd_text_block\" data-id=\"2c3f760\" data-element_type=\"widget\" data-e-type=\"widget\" data-widget_type=\"wd_text_block.default\">\n\t\t\t\t<div class=\"elementor-widget-container\">\n\t\t\t\t\t\t\t<div class=\"wd-text-block reset-last-child text-left\">\n\t\t\t\n\t\t\t<h2>WP Team Pro: Destaca tu equipo con estilo<\/h2>\n<p><strong>WP Equipo Pro<\/strong> es el plugin de WordPress definitivo para mostrar a los miembros de tu equipo de una forma profesional y visualmente atractiva. Tanto si diriges una empresa, agencia u organizaci\u00f3n, este plugin te permite crear impresionantes p\u00e1ginas o secciones de equipo en cuesti\u00f3n de minutos, gracias a su elegante e intuitiva interfaz de administraci\u00f3n.<\/p>\n\n<h3>Creaci\u00f3n de p\u00e1ginas de equipo sin esfuerzo<\/h3>\n<p>Con WP Team Pro, crear un escaparate de equipo es r\u00e1pido y f\u00e1cil. A\u00f1ade miembros al equipo, personaliza sus perfiles y mu\u00e9stralos en dise\u00f1os atractivos que realcen la profesionalidad de tu sitio web. El panel de control f\u00e1cil de usar del plugin hace que sea sencillo de gestionar y presentar su equipo sin ning\u00fan conocimiento de codificaci\u00f3n.<\/p>\n\n<h3>\u00bfPor qu\u00e9 elegir WP Team Pro?<\/h3>\n<ul>\n    <li><strong>Impresionantes exhibiciones en equipo:<\/strong> Muestre a su equipo con dise\u00f1os elegantes y personalizables acordes con su marca.<\/li>\n    <li><strong>Interfaz de administraci\u00f3n intuitiva:<\/strong> Cree y gestione p\u00e1ginas de equipo sin esfuerzo con un panel de control elegante y f\u00e1cil de usar.<\/li>\n    <li><strong>Configuraci\u00f3n r\u00e1pida:<\/strong> Cree secciones de equipo profesionales en cuesti\u00f3n de minutos, ahorrando tiempo y esfuerzo.<\/li>\n    <li><strong>Personalizaci\u00f3n flexible:<\/strong> Personalice los perfiles de los miembros del equipo con detalles, im\u00e1genes y funciones para adaptarlos a sus necesidades.<\/li>\n    <li><strong>Integraci\u00f3n perfecta con WordPress:<\/strong> Funciona perfectamente con su sitio WordPress para una experiencia sin problemas.<\/li>\n<\/ul>\n\n<h3>Aumente la profesionalidad de su sitio web<\/h3>\n<p>WP Team Pro le permite presentar a su equipo de una manera que genera confianza y credibilidad con su audiencia. Si usted est\u00e1 destacando el personal, colaboradores, o el liderazgo, este plugin asegura que su p\u00e1gina de equipo se ve pulido y profesional, mejorando el atractivo general de su sitio web.<\/p>\n\n<h3>Empiece hoy mismo<\/h3>\n<p>Transforme la presentaci\u00f3n de su equipo con <strong>WP Equipo Pro<\/strong>. Crea una impresionante p\u00e1gina de equipo en cuesti\u00f3n de minutos y deja que tu equipo brille. Comience ahora y eleve su sitio de WordPress con una pantalla de equipo profesional.<\/p>\n\t\t\t\t\t<\/div>\n\t\t\t\t\t\t<\/div>\n\t\t\t\t<\/div>\n\t\t\t\t<\/div>\n\t\t\t\t<\/div>","protected":false},"excerpt":{"rendered":"<p>WP Team Pro: Destaca tu equipo con estilo WP Team Pro es el plugin de WordPress definitivo para mostrar tu equipo<\/p>","protected":false},"featured_media":8266,"comment_status":"open","ping_status":"closed","template":"","meta":{"_acf_changed":false},"product_brand":[],"product_cat":[49],"product_tag":[],"class_list":{"0":"post-8442","1":"product","2":"type-product","3":"status-publish","4":"has-post-thumbnail","6":"product_cat-plugins","8":"first","9":"instock","10":"sale","11":"downloadable","12":"shipping-taxable","13":"purchasable","14":"product-type-simple"},"acf":[],"yoast_head":"<!-- This site is optimized with the Yoast SEO Premium plugin v25.6 (Yoast SEO v27.1.1) - https:\/\/yoast.com\/product\/yoast-seo-premium-wordpress\/ -->\n<title>WP Team Pro: Showcase Your Team Beautifully - AllWin Theme \u2013 Free WordPress Themes Download<\/title>\n<meta name=\"description\" content=\"Display your team elegantly with WP Team Pro. Create stunning team pages in minutes using an intuitive WordPress admin interface.\" \/>\n<meta name=\"robots\" content=\"index, follow, max-snippet:-1, max-image-preview:large, max-video-preview:-1\" \/>\n<link rel=\"canonical\" href=\"https:\/\/allwintheme.com\/es\/producto\/wp-team-pro\/\" \/>\n<meta property=\"og:locale\" content=\"es_ES\" \/>\n<meta property=\"og:type\" content=\"article\" \/>\n<meta property=\"og:title\" content=\"WP Team Pro: Showcase Your Team Beautifully\" \/>\n<meta property=\"og:description\" content=\"Display your team elegantly with WP Team Pro. Create stunning team pages in minutes using an intuitive WordPress admin interface.\" \/>\n<meta property=\"og:url\" content=\"https:\/\/allwintheme.com\/es\/producto\/wp-team-pro\/\" \/>\n<meta property=\"og:site_name\" content=\"AllWin Theme \u2013 Free WordPress Themes Download\" \/>\n<meta property=\"article:modified_time\" content=\"2025-09-26T13:40:17+00:00\" \/>\n<meta property=\"og:image\" content=\"https:\/\/allwintheme.com\/wp-content\/uploads\/2025\/09\/6z5khnef.png\" \/>\n\t<meta property=\"og:image:width\" content=\"660\" \/>\n\t<meta property=\"og:image:height\" content=\"444\" \/>\n\t<meta property=\"og:image:type\" content=\"image\/png\" \/>\n<meta name=\"twitter:card\" content=\"summary_large_image\" \/>\n<meta name=\"twitter:label1\" content=\"Tiempo estimado de lectura\" \/>\n\t<meta name=\"twitter:data1\" content=\"2 minutos\" \/>\n<script type=\"application\/ld+json\" class=\"yoast-schema-graph\">{\"@context\":\"https:\/\/schema.org\",\"@graph\":[{\"@type\":\"WebPage\",\"@id\":\"https:\/\/allwintheme.com\/product\/wp-team-pro\/\",\"url\":\"https:\/\/allwintheme.com\/product\/wp-team-pro\/\",\"name\":\"WP Team Pro: Showcase Your Team Beautifully - AllWin Theme \u2013 Free WordPress Themes Download\",\"isPartOf\":{\"@id\":\"https:\/\/allwintheme.com\/#website\"},\"primaryImageOfPage\":{\"@id\":\"https:\/\/allwintheme.com\/product\/wp-team-pro\/#primaryimage\"},\"image\":{\"@id\":\"https:\/\/allwintheme.com\/product\/wp-team-pro\/#primaryimage\"},\"thumbnailUrl\":\"https:\/\/allwintheme.com\/wp-content\/uploads\/2025\/09\/6z5khnef.png\",\"datePublished\":\"2025-09-26T13:33:43+00:00\",\"dateModified\":\"2025-09-26T13:40:17+00:00\",\"description\":\"Display your team elegantly with WP Team Pro. Create stunning team pages in minutes using an intuitive WordPress admin interface.\",\"breadcrumb\":{\"@id\":\"https:\/\/allwintheme.com\/product\/wp-team-pro\/#breadcrumb\"},\"inLanguage\":\"es-CL\",\"potentialAction\":[{\"@type\":\"ReadAction\",\"target\":[\"https:\/\/allwintheme.com\/product\/wp-team-pro\/\"]}]},{\"@type\":\"ImageObject\",\"inLanguage\":\"es-CL\",\"@id\":\"https:\/\/allwintheme.com\/product\/wp-team-pro\/#primaryimage\",\"url\":\"https:\/\/allwintheme.com\/wp-content\/uploads\/2025\/09\/6z5khnef.png\",\"contentUrl\":\"https:\/\/allwintheme.com\/wp-content\/uploads\/2025\/09\/6z5khnef.png\",\"width\":660,\"height\":444,\"caption\":\"WP Team Pro\"},{\"@type\":\"BreadcrumbList\",\"@id\":\"https:\/\/allwintheme.com\/product\/wp-team-pro\/#breadcrumb\",\"itemListElement\":[{\"@type\":\"ListItem\",\"position\":1,\"name\":\"Home\",\"item\":\"https:\/\/allwintheme.com\/\"},{\"@type\":\"ListItem\",\"position\":2,\"name\":\"Shop\",\"item\":\"https:\/\/allwintheme.com\/shop\/\"},{\"@type\":\"ListItem\",\"position\":3,\"name\":\"WP Team Pro: Showcase Your Team Beautifully\"}]},{\"@type\":\"WebSite\",\"@id\":\"https:\/\/allwintheme.com\/#website\",\"url\":\"https:\/\/allwintheme.com\/\",\"name\":\"Allwintheme\",\"description\":\"Download free WordPress themes for every niche. Blogs, business, eCommerce, portfolio, restaurant and more. All themes are GPL licensed and mobile-ready.\",\"potentialAction\":[{\"@type\":\"SearchAction\",\"target\":{\"@type\":\"EntryPoint\",\"urlTemplate\":\"https:\/\/allwintheme.com\/?s={search_term_string}\"},\"query-input\":{\"@type\":\"PropertyValueSpecification\",\"valueRequired\":true,\"valueName\":\"search_term_string\"}}],\"inLanguage\":\"es-CL\"}]}<\/script>\n<!-- \/ Yoast SEO Premium plugin. -->","yoast_head_json":{"title":"WP Equipo Pro: Muestra tu equipo maravillosamente - AllWin Theme - Free WordPress Themes Descargar","description":"Muestra tu equipo con elegancia con WP Team Pro. Crea impresionantes p\u00e1ginas de equipo en cuesti\u00f3n de minutos utilizando una intuitiva interfaz de administraci\u00f3n de WordPress.","robots":{"index":"index","follow":"follow","max-snippet":"max-snippet:-1","max-image-preview":"max-image-preview:large","max-video-preview":"max-video-preview:-1"},"canonical":"https:\/\/allwintheme.com\/es\/producto\/wp-team-pro\/","og_locale":"es_ES","og_type":"article","og_title":"WP Team Pro: Showcase Your Team Beautifully","og_description":"Display your team elegantly with WP Team Pro. Create stunning team pages in minutes using an intuitive WordPress admin interface.","og_url":"https:\/\/allwintheme.com\/es\/producto\/wp-team-pro\/","og_site_name":"AllWin Theme \u2013 Free WordPress Themes Download","article_modified_time":"2025-09-26T13:40:17+00:00","og_image":[{"width":660,"height":444,"url":"https:\/\/allwintheme.com\/wp-content\/uploads\/2025\/09\/6z5khnef.png","type":"image\/png"}],"twitter_card":"summary_large_image","twitter_misc":{"Tiempo estimado de lectura":"2 minutos"},"schema":{"@context":"https:\/\/schema.org","@graph":[{"@type":"WebPage","@id":"https:\/\/allwintheme.com\/product\/wp-team-pro\/","url":"https:\/\/allwintheme.com\/product\/wp-team-pro\/","name":"WP Equipo Pro: Muestra tu equipo maravillosamente - AllWin Theme - Free WordPress Themes Descargar","isPartOf":{"@id":"https:\/\/allwintheme.com\/#website"},"primaryImageOfPage":{"@id":"https:\/\/allwintheme.com\/product\/wp-team-pro\/#primaryimage"},"image":{"@id":"https:\/\/allwintheme.com\/product\/wp-team-pro\/#primaryimage"},"thumbnailUrl":"https:\/\/allwintheme.com\/wp-content\/uploads\/2025\/09\/6z5khnef.png","datePublished":"2025-09-26T13:33:43+00:00","dateModified":"2025-09-26T13:40:17+00:00","description":"Muestra tu equipo con elegancia con WP Team Pro. Crea impresionantes p\u00e1ginas de equipo en cuesti\u00f3n de minutos utilizando una intuitiva interfaz de administraci\u00f3n de WordPress.","breadcrumb":{"@id":"https:\/\/allwintheme.com\/product\/wp-team-pro\/#breadcrumb"},"inLanguage":"es-CL","potentialAction":[{"@type":"ReadAction","target":["https:\/\/allwintheme.com\/product\/wp-team-pro\/"]}]},{"@type":"ImageObject","inLanguage":"es-CL","@id":"https:\/\/allwintheme.com\/product\/wp-team-pro\/#primaryimage","url":"https:\/\/allwintheme.com\/wp-content\/uploads\/2025\/09\/6z5khnef.png","contentUrl":"https:\/\/allwintheme.com\/wp-content\/uploads\/2025\/09\/6z5khnef.png","width":660,"height":444,"caption":"WP Team Pro"},{"@type":"BreadcrumbList","@id":"https:\/\/allwintheme.com\/product\/wp-team-pro\/#breadcrumb","itemListElement":[{"@type":"ListItem","position":1,"name":"Home","item":"https:\/\/allwintheme.com\/"},{"@type":"ListItem","position":2,"name":"Shop","item":"https:\/\/allwintheme.com\/shop\/"},{"@type":"ListItem","position":3,"name":"WP Team Pro: Showcase Your Team Beautifully"}]},{"@type":"WebSite","@id":"https:\/\/allwintheme.com\/#website","url":"https:\/\/allwintheme.com\/","name":"Allwintheme","description":"Descarga gratis temas de WordPress para todos los nichos. Blogs, negocios, comercio electr\u00f3nico, portafolio, restaurante y m\u00e1s. Todos los temas tienen licencia GPL y est\u00e1n preparados para dispositivos m\u00f3viles.","potentialAction":[{"@type":"SearchAction","target":{"@type":"EntryPoint","urlTemplate":"https:\/\/allwintheme.com\/?s={search_term_string}"},"query-input":{"@type":"PropertyValueSpecification","valueRequired":true,"valueName":"search_term_string"}}],"inLanguage":"es-CL"}]}},"_links":{"self":[{"href":"https:\/\/allwintheme.com\/es\/wp-json\/wp\/v2\/product\/8442","targetHints":{"allow":["GET"]}}],"collection":[{"href":"https:\/\/allwintheme.com\/es\/wp-json\/wp\/v2\/product"}],"about":[{"href":"https:\/\/allwintheme.com\/es\/wp-json\/wp\/v2\/types\/product"}],"replies":[{"embeddable":true,"href":"https:\/\/allwintheme.com\/es\/wp-json\/wp\/v2\/comments?post=8442"}],"version-history":[{"count":0,"href":"https:\/\/allwintheme.com\/es\/wp-json\/wp\/v2\/product\/8442\/revisions"}],"wp:featuredmedia":[{"embeddable":true,"href":"https:\/\/allwintheme.com\/es\/wp-json\/wp\/v2\/media\/8266"}],"wp:attachment":[{"href":"https:\/\/allwintheme.com\/es\/wp-json\/wp\/v2\/media?parent=8442"}],"wp:term":[{"taxonomy":"product_brand","embeddable":true,"href":"https:\/\/allwintheme.com\/es\/wp-json\/wp\/v2\/product_brand?post=8442"},{"taxonomy":"product_cat","embeddable":true,"href":"https:\/\/allwintheme.com\/es\/wp-json\/wp\/v2\/product_cat?post=8442"},{"taxonomy":"product_tag","embeddable":true,"href":"https:\/\/allwintheme.com\/es\/wp-json\/wp\/v2\/product_tag?post=8442"}],"curies":[{"name":"wp","href":"https:\/\/api.w.org\/{rel}","templated":true}]}}