{"id":8448,"date":"2025-09-26T13:40:32","date_gmt":"2025-09-26T13:40:32","guid":{"rendered":"https:\/\/allwintheme.com\/?post_type=product&#038;p=8448"},"modified":"2025-09-26T13:45:27","modified_gmt":"2025-09-26T13:45:27","slug":"wpsuscripcion-pro","status":"publish","type":"product","link":"https:\/\/allwintheme.com\/es\/producto\/wpsuscripcion-pro\/","title":{"rendered":"WPSubscription Pro para WooCommerce"},"content":{"rendered":"<div data-elementor-type=\"wp-post\" data-elementor-id=\"8448\" class=\"elementor elementor-8448\" data-elementor-settings=\"{&quot;element_pack_global_tooltip_width&quot;:{&quot;unit&quot;:&quot;px&quot;,&quot;size&quot;:&quot;&quot;,&quot;sizes&quot;:[]},&quot;element_pack_global_tooltip_width_tablet&quot;:{&quot;unit&quot;:&quot;px&quot;,&quot;size&quot;:&quot;&quot;,&quot;sizes&quot;:[]},&quot;element_pack_global_tooltip_width_mobile&quot;:{&quot;unit&quot;:&quot;px&quot;,&quot;size&quot;:&quot;&quot;,&quot;sizes&quot;:[]},&quot;element_pack_global_tooltip_padding&quot;:{&quot;unit&quot;:&quot;px&quot;,&quot;top&quot;:&quot;&quot;,&quot;right&quot;:&quot;&quot;,&quot;bottom&quot;:&quot;&quot;,&quot;left&quot;:&quot;&quot;,&quot;isLinked&quot;:true},&quot;element_pack_global_tooltip_padding_tablet&quot;:{&quot;unit&quot;:&quot;px&quot;,&quot;top&quot;:&quot;&quot;,&quot;right&quot;:&quot;&quot;,&quot;bottom&quot;:&quot;&quot;,&quot;left&quot;:&quot;&quot;,&quot;isLinked&quot;:true},&quot;element_pack_global_tooltip_padding_mobile&quot;:{&quot;unit&quot;:&quot;px&quot;,&quot;top&quot;:&quot;&quot;,&quot;right&quot;:&quot;&quot;,&quot;bottom&quot;:&quot;&quot;,&quot;left&quot;:&quot;&quot;,&quot;isLinked&quot;:true},&quot;element_pack_global_tooltip_border_radius&quot;:{&quot;unit&quot;:&quot;px&quot;,&quot;top&quot;:&quot;&quot;,&quot;right&quot;:&quot;&quot;,&quot;bottom&quot;:&quot;&quot;,&quot;left&quot;:&quot;&quot;,&quot;isLinked&quot;:true},&quot;element_pack_global_tooltip_border_radius_tablet&quot;:{&quot;unit&quot;:&quot;px&quot;,&quot;top&quot;:&quot;&quot;,&quot;right&quot;:&quot;&quot;,&quot;bottom&quot;:&quot;&quot;,&quot;left&quot;:&quot;&quot;,&quot;isLinked&quot;:true},&quot;element_pack_global_tooltip_border_radius_mobile&quot;:{&quot;unit&quot;:&quot;px&quot;,&quot;top&quot;:&quot;&quot;,&quot;right&quot;:&quot;&quot;,&quot;bottom&quot;:&quot;&quot;,&quot;left&quot;:&quot;&quot;,&quot;isLinked&quot;:true}}\" data-elementor-post-type=\"product\">\n\t\t\t\t<div class=\"elementor-element elementor-element-93aa4a8 e-con-full e-flex e-con e-parent\" data-id=\"93aa4a8\" data-element_type=\"container\" data-e-type=\"container\">\n\t\t\t\t<div class=\"elementor-element elementor-element-2c3f760 miaoshu elementor-widget elementor-widget-wd_text_block\" data-id=\"2c3f760\" data-element_type=\"widget\" data-e-type=\"widget\" data-widget_type=\"wd_text_block.default\">\n\t\t\t\t<div class=\"elementor-widget-container\">\n\t\t\t\t\t\t\t<div class=\"wd-text-block reset-last-child text-left\">\n\t\t\t\n\t\t\t<h2>WPSubscription Pro: Potencie su tienda WooCommerce con suscripciones<\/h2>\n<p>Transforma tu tienda WooCommerce en un pr\u00f3spero negocio basado en suscripciones con <strong>WPSuscripci\u00f3n Pro<\/strong>. Este potente plugin simplifica la creaci\u00f3n y gesti\u00f3n de productos de suscripci\u00f3n, permitiendo pagos recurrentes, pagos divididos y un control total del cliente. Tanto si vendes productos digitales, membres\u00edas, cursos online o servicios recurrentes, WPSubscription Pro es la soluci\u00f3n que necesitas para fidelizar a tus clientes y aumentar tus ingresos de forma constante.<\/p>\n\n<h3>Un sistema de suscripci\u00f3n vers\u00e1til<\/h3>\n<p>WPSubscription Pro est\u00e1 dise\u00f1ado para revolucionar cualquier modelo de negocio agilizando los pagos recurrentes y la gesti\u00f3n de suscripciones. Es la herramienta perfecta para:<\/p>\n<ul>\n    <li><strong>Tiendas de productos digitales:<\/strong> Venda temas, plugins, software u otros activos digitales con planes de suscripci\u00f3n automatizados.<\/li>\n    <li><strong>Sitios de afiliaci\u00f3n:<\/strong> Cree \u00e1reas de contenido exclusivo, foros o recursos s\u00f3lo para miembros.<\/li>\n    <li><strong>Cursos en l\u00ednea:<\/strong> Monetice los contenidos educativos con planes flexibles mensuales, trimestrales o anuales.<\/li>\n    <li><strong>Mercados de servicios:<\/strong> Ofrezca servicios recurrentes con calendarios de pago adaptados.<\/li>\n<\/ul>\n\n<h3>Caracter\u00edsticas principales<\/h3>\n<p>WPSubscription Pro ofrece un s\u00f3lido conjunto de herramientas para simplificar la gesti\u00f3n de suscripciones tanto para usted como para sus clientes:<\/p>\n<ul>\n    <li><strong>Productos de suscripci\u00f3n flexibles:<\/strong> Cree planes de suscripci\u00f3n personalizables con intervalos de facturaci\u00f3n ajustables, pruebas gratuitas y renovaciones autom\u00e1ticas.<\/li>\n    <li><strong>Opciones de pago fraccionado:<\/strong> Haga m\u00e1s accesibles los productos de alto valor permitiendo a los clientes pagar en c\u00f3modos plazos.<\/li>\n    <li><strong>Renovaciones autom\u00e1ticas y manuales:<\/strong> Admite renovaciones autom\u00e1ticas a trav\u00e9s de pasarelas populares como Stripe, PayPal y Paddle, o renovaciones manuales con cualquier m\u00e9todo de pago de WooCommerce.<\/li>\n    <li><strong>Gesti\u00f3n orientada al cliente:<\/strong> Permita que los clientes actualicen, reduzcan, pausen, cancelen o vuelvan a suscribirse directamente desde el panel de control de su cuenta.<\/li>\n    <li><strong>Precios de renovaci\u00f3n personalizados:<\/strong> Establezca precios espec\u00edficos para las renovaciones que se ajusten a su estrategia empresarial.<\/li>\n    <li><strong>Seguimiento del historial de pagos:<\/strong> Supervise todas las transacciones y los historiales de pago de los clientes en un eje centralizado.<\/li>\n<\/ul>\n\n<h3>Sin c\u00f3digo, sin complicaciones<\/h3>\n<p>WPSubscription Pro est\u00e1 dise\u00f1ado para ser f\u00e1cil de usar, por lo que es accesible para principiantes y potente para usuarios avanzados. No se requieren conocimientos t\u00e9cnicos para configurar y gestionar su sistema de suscripci\u00f3n:<\/p>\n<ul>\n    <li><strong>Configuraci\u00f3n guiada:<\/strong> Un sencillo proceso de configuraci\u00f3n paso a paso pone en marcha sus suscripciones en cuesti\u00f3n de minutos.<\/li>\n    <li><strong>Mejora de la experiencia del cliente:<\/strong> Proporcione a los clientes un control total sobre sus suscripciones, reduciendo la fricci\u00f3n y fomentando la fidelidad.<\/li>\n    <li><strong>Optimizaci\u00f3n de la conversi\u00f3n:<\/strong> Las opciones de pago flexibles y las pruebas gratuitas fomentan las inscripciones y aumentan las conversiones.<\/li>\n    <li><strong>Asistencia fiable:<\/strong> Con el respaldo de un equipo de asistencia especializado para garantizar que su negocio funcione sin problemas.<\/li>\n<\/ul>\n\n<h3>Crear un negocio de suscripciones rentable<\/h3>\n<p>Con <strong>WPSuscripci\u00f3n Pro<\/strong>con WooCommerce, obtendr\u00e1 una soluci\u00f3n completa y f\u00e1cil de usar para crear y gestionar un sistema de suscripci\u00f3n rentable. Convierte a los compradores de una sola vez en suscriptores leales y desbloquea el potencial de ingresos recurrentes para tu tienda WooCommerce.<\/p>\n\n<h3>Empiece hoy mismo<\/h3>\n<p>\u00bfListo para llevar su negocio al siguiente nivel? <strong>WPSuscripci\u00f3n Pro<\/strong> facilita el lanzamiento y la gesti\u00f3n de suscripciones que hacen que sus clientes vuelvan. Empiece ya a crear su flujo de ingresos recurrentes.<\/p>\n\t\t\t\t\t<\/div>\n\t\t\t\t\t\t<\/div>\n\t\t\t\t<\/div>\n\t\t\t\t<\/div>\n\t\t\t\t<\/div>","protected":false},"excerpt":{"rendered":"<p>WPSubscription Pro: Power Your WooCommerce Store with Subscriptions Transform your WooCommerce store into a thriving subscription-based business with WPSubscription Pro.<\/p>","protected":false},"featured_media":8267,"comment_status":"open","ping_status":"closed","template":"","meta":{"_acf_changed":false},"product_brand":[],"product_cat":[49],"product_tag":[],"class_list":{"0":"post-8448","1":"product","2":"type-product","3":"status-publish","4":"has-post-thumbnail","6":"product_cat-plugins","8":"first","9":"instock","10":"sale","11":"downloadable","12":"shipping-taxable","13":"purchasable","14":"product-type-simple"},"acf":[],"yoast_head":"<!-- This site is optimized with the Yoast SEO Premium plugin v25.6 (Yoast SEO v27.1.1) - https:\/\/yoast.com\/product\/yoast-seo-premium-wordpress\/ -->\n<title>WPSubscription Pro for WooCommerce - AllWin Theme \u2013 Free WordPress Themes Download<\/title>\n<meta name=\"description\" content=\"Create and manage WooCommerce subscriptions with ease. WPSubscription Pro offers flexible recurring payments, split payments, and customer control.\" \/>\n<meta name=\"robots\" content=\"index, follow, max-snippet:-1, max-image-preview:large, max-video-preview:-1\" \/>\n<link rel=\"canonical\" href=\"https:\/\/allwintheme.com\/es\/producto\/wpsuscripcion-pro\/\" \/>\n<meta property=\"og:locale\" content=\"es_ES\" \/>\n<meta property=\"og:type\" content=\"article\" \/>\n<meta property=\"og:title\" content=\"WPSubscription Pro for WooCommerce\" \/>\n<meta property=\"og:description\" content=\"Create and manage WooCommerce subscriptions with ease. WPSubscription Pro offers flexible recurring payments, split payments, and customer control.\" \/>\n<meta property=\"og:url\" content=\"https:\/\/allwintheme.com\/es\/producto\/wpsuscripcion-pro\/\" \/>\n<meta property=\"og:site_name\" content=\"AllWin Theme \u2013 Free WordPress Themes Download\" \/>\n<meta property=\"article:modified_time\" content=\"2025-09-26T13:45:27+00:00\" \/>\n<meta property=\"og:image\" content=\"https:\/\/allwintheme.com\/wp-content\/uploads\/2025\/09\/cepsyk19.png\" \/>\n\t<meta property=\"og:image:width\" content=\"768\" \/>\n\t<meta property=\"og:image:height\" content=\"489\" \/>\n\t<meta property=\"og:image:type\" content=\"image\/png\" \/>\n<meta name=\"twitter:card\" content=\"summary_large_image\" \/>\n<meta name=\"twitter:label1\" content=\"Tiempo estimado de lectura\" \/>\n\t<meta name=\"twitter:data1\" content=\"3 minutos\" \/>\n<script type=\"application\/ld+json\" class=\"yoast-schema-graph\">{\"@context\":\"https:\/\/schema.org\",\"@graph\":[{\"@type\":\"WebPage\",\"@id\":\"https:\/\/allwintheme.com\/product\/wpsubscription-pro\/\",\"url\":\"https:\/\/allwintheme.com\/product\/wpsubscription-pro\/\",\"name\":\"WPSubscription Pro for WooCommerce - AllWin Theme \u2013 Free WordPress Themes Download\",\"isPartOf\":{\"@id\":\"https:\/\/allwintheme.com\/#website\"},\"primaryImageOfPage\":{\"@id\":\"https:\/\/allwintheme.com\/product\/wpsubscription-pro\/#primaryimage\"},\"image\":{\"@id\":\"https:\/\/allwintheme.com\/product\/wpsubscription-pro\/#primaryimage\"},\"thumbnailUrl\":\"https:\/\/allwintheme.com\/wp-content\/uploads\/2025\/09\/cepsyk19.png\",\"datePublished\":\"2025-09-26T13:40:32+00:00\",\"dateModified\":\"2025-09-26T13:45:27+00:00\",\"description\":\"Create and manage WooCommerce subscriptions with ease. WPSubscription Pro offers flexible recurring payments, split payments, and customer control.\",\"breadcrumb\":{\"@id\":\"https:\/\/allwintheme.com\/product\/wpsubscription-pro\/#breadcrumb\"},\"inLanguage\":\"es-CL\",\"potentialAction\":[{\"@type\":\"ReadAction\",\"target\":[\"https:\/\/allwintheme.com\/product\/wpsubscription-pro\/\"]}]},{\"@type\":\"ImageObject\",\"inLanguage\":\"es-CL\",\"@id\":\"https:\/\/allwintheme.com\/product\/wpsubscription-pro\/#primaryimage\",\"url\":\"https:\/\/allwintheme.com\/wp-content\/uploads\/2025\/09\/cepsyk19.png\",\"contentUrl\":\"https:\/\/allwintheme.com\/wp-content\/uploads\/2025\/09\/cepsyk19.png\",\"width\":768,\"height\":489,\"caption\":\"WPSubscription Pro\"},{\"@type\":\"BreadcrumbList\",\"@id\":\"https:\/\/allwintheme.com\/product\/wpsubscription-pro\/#breadcrumb\",\"itemListElement\":[{\"@type\":\"ListItem\",\"position\":1,\"name\":\"Home\",\"item\":\"https:\/\/allwintheme.com\/\"},{\"@type\":\"ListItem\",\"position\":2,\"name\":\"Shop\",\"item\":\"https:\/\/allwintheme.com\/shop\/\"},{\"@type\":\"ListItem\",\"position\":3,\"name\":\"WPSubscription Pro for WooCommerce\"}]},{\"@type\":\"WebSite\",\"@id\":\"https:\/\/allwintheme.com\/#website\",\"url\":\"https:\/\/allwintheme.com\/\",\"name\":\"Allwintheme\",\"description\":\"Download free WordPress themes for every niche. Blogs, business, eCommerce, portfolio, restaurant and more. All themes are GPL licensed and mobile-ready.\",\"potentialAction\":[{\"@type\":\"SearchAction\",\"target\":{\"@type\":\"EntryPoint\",\"urlTemplate\":\"https:\/\/allwintheme.com\/?s={search_term_string}\"},\"query-input\":{\"@type\":\"PropertyValueSpecification\",\"valueRequired\":true,\"valueName\":\"search_term_string\"}}],\"inLanguage\":\"es-CL\"}]}<\/script>\n<!-- \/ Yoast SEO Premium plugin. -->","yoast_head_json":{"title":"WPSubscription Pro for WooCommerce - AllWin Theme \u2013 Free WordPress Themes Download","description":"Cree y gestione suscripciones WooCommerce con facilidad. WPSubscription Pro ofrece pagos recurrentes flexibles, pagos divididos y control de clientes.","robots":{"index":"index","follow":"follow","max-snippet":"max-snippet:-1","max-image-preview":"max-image-preview:large","max-video-preview":"max-video-preview:-1"},"canonical":"https:\/\/allwintheme.com\/es\/producto\/wpsuscripcion-pro\/","og_locale":"es_ES","og_type":"article","og_title":"WPSubscription Pro for WooCommerce","og_description":"Create and manage WooCommerce subscriptions with ease. WPSubscription Pro offers flexible recurring payments, split payments, and customer control.","og_url":"https:\/\/allwintheme.com\/es\/producto\/wpsuscripcion-pro\/","og_site_name":"AllWin Theme \u2013 Free WordPress Themes Download","article_modified_time":"2025-09-26T13:45:27+00:00","og_image":[{"width":768,"height":489,"url":"https:\/\/allwintheme.com\/wp-content\/uploads\/2025\/09\/cepsyk19.png","type":"image\/png"}],"twitter_card":"summary_large_image","twitter_misc":{"Tiempo estimado de lectura":"3 minutos"},"schema":{"@context":"https:\/\/schema.org","@graph":[{"@type":"WebPage","@id":"https:\/\/allwintheme.com\/product\/wpsubscription-pro\/","url":"https:\/\/allwintheme.com\/product\/wpsubscription-pro\/","name":"WPSubscription Pro for WooCommerce - AllWin Theme \u2013 Free WordPress Themes Download","isPartOf":{"@id":"https:\/\/allwintheme.com\/#website"},"primaryImageOfPage":{"@id":"https:\/\/allwintheme.com\/product\/wpsubscription-pro\/#primaryimage"},"image":{"@id":"https:\/\/allwintheme.com\/product\/wpsubscription-pro\/#primaryimage"},"thumbnailUrl":"https:\/\/allwintheme.com\/wp-content\/uploads\/2025\/09\/cepsyk19.png","datePublished":"2025-09-26T13:40:32+00:00","dateModified":"2025-09-26T13:45:27+00:00","description":"Cree y gestione suscripciones WooCommerce con facilidad. WPSubscription Pro ofrece pagos recurrentes flexibles, pagos divididos y control de clientes.","breadcrumb":{"@id":"https:\/\/allwintheme.com\/product\/wpsubscription-pro\/#breadcrumb"},"inLanguage":"es-CL","potentialAction":[{"@type":"ReadAction","target":["https:\/\/allwintheme.com\/product\/wpsubscription-pro\/"]}]},{"@type":"ImageObject","inLanguage":"es-CL","@id":"https:\/\/allwintheme.com\/product\/wpsubscription-pro\/#primaryimage","url":"https:\/\/allwintheme.com\/wp-content\/uploads\/2025\/09\/cepsyk19.png","contentUrl":"https:\/\/allwintheme.com\/wp-content\/uploads\/2025\/09\/cepsyk19.png","width":768,"height":489,"caption":"WPSubscription Pro"},{"@type":"BreadcrumbList","@id":"https:\/\/allwintheme.com\/product\/wpsubscription-pro\/#breadcrumb","itemListElement":[{"@type":"ListItem","position":1,"name":"Home","item":"https:\/\/allwintheme.com\/"},{"@type":"ListItem","position":2,"name":"Shop","item":"https:\/\/allwintheme.com\/shop\/"},{"@type":"ListItem","position":3,"name":"WPSubscription Pro for WooCommerce"}]},{"@type":"WebSite","@id":"https:\/\/allwintheme.com\/#website","url":"https:\/\/allwintheme.com\/","name":"Allwintheme","description":"Descarga gratis temas de WordPress para todos los nichos. Blogs, negocios, comercio electr\u00f3nico, portafolio, restaurante y m\u00e1s. Todos los temas tienen licencia GPL y est\u00e1n preparados para dispositivos m\u00f3viles.","potentialAction":[{"@type":"SearchAction","target":{"@type":"EntryPoint","urlTemplate":"https:\/\/allwintheme.com\/?s={search_term_string}"},"query-input":{"@type":"PropertyValueSpecification","valueRequired":true,"valueName":"search_term_string"}}],"inLanguage":"es-CL"}]}},"_links":{"self":[{"href":"https:\/\/allwintheme.com\/es\/wp-json\/wp\/v2\/product\/8448","targetHints":{"allow":["GET"]}}],"collection":[{"href":"https:\/\/allwintheme.com\/es\/wp-json\/wp\/v2\/product"}],"about":[{"href":"https:\/\/allwintheme.com\/es\/wp-json\/wp\/v2\/types\/product"}],"replies":[{"embeddable":true,"href":"https:\/\/allwintheme.com\/es\/wp-json\/wp\/v2\/comments?post=8448"}],"version-history":[{"count":0,"href":"https:\/\/allwintheme.com\/es\/wp-json\/wp\/v2\/product\/8448\/revisions"}],"wp:featuredmedia":[{"embeddable":true,"href":"https:\/\/allwintheme.com\/es\/wp-json\/wp\/v2\/media\/8267"}],"wp:attachment":[{"href":"https:\/\/allwintheme.com\/es\/wp-json\/wp\/v2\/media?parent=8448"}],"wp:term":[{"taxonomy":"product_brand","embeddable":true,"href":"https:\/\/allwintheme.com\/es\/wp-json\/wp\/v2\/product_brand?post=8448"},{"taxonomy":"product_cat","embeddable":true,"href":"https:\/\/allwintheme.com\/es\/wp-json\/wp\/v2\/product_cat?post=8448"},{"taxonomy":"product_tag","embeddable":true,"href":"https:\/\/allwintheme.com\/es\/wp-json\/wp\/v2\/product_tag?post=8448"}],"curies":[{"name":"wp","href":"https:\/\/api.w.org\/{rel}","templated":true}]}}