{"id":8476,"date":"2025-09-26T14:22:21","date_gmt":"2025-09-26T14:22:21","guid":{"rendered":"https:\/\/allwintheme.com\/?post_type=product&#038;p=8476"},"modified":"2025-09-29T14:47:29","modified_gmt":"2025-09-29T14:47:29","slug":"duplicator-pro-wordpress-plugin","status":"publish","type":"product","link":"https:\/\/allwintheme.com\/es\/producto\/duplicator-pro-wordpress-plugin\/","title":{"rendered":"Duplicador Pro: Copia de seguridad y migraci\u00f3n de WordPress con facilidad"},"content":{"rendered":"<div data-elementor-type=\"wp-post\" data-elementor-id=\"8476\" class=\"elementor elementor-8476\" data-elementor-settings=\"{&quot;element_pack_global_tooltip_width&quot;:{&quot;unit&quot;:&quot;px&quot;,&quot;size&quot;:&quot;&quot;,&quot;sizes&quot;:[]},&quot;element_pack_global_tooltip_width_tablet&quot;:{&quot;unit&quot;:&quot;px&quot;,&quot;size&quot;:&quot;&quot;,&quot;sizes&quot;:[]},&quot;element_pack_global_tooltip_width_mobile&quot;:{&quot;unit&quot;:&quot;px&quot;,&quot;size&quot;:&quot;&quot;,&quot;sizes&quot;:[]},&quot;element_pack_global_tooltip_padding&quot;:{&quot;unit&quot;:&quot;px&quot;,&quot;top&quot;:&quot;&quot;,&quot;right&quot;:&quot;&quot;,&quot;bottom&quot;:&quot;&quot;,&quot;left&quot;:&quot;&quot;,&quot;isLinked&quot;:true},&quot;element_pack_global_tooltip_padding_tablet&quot;:{&quot;unit&quot;:&quot;px&quot;,&quot;top&quot;:&quot;&quot;,&quot;right&quot;:&quot;&quot;,&quot;bottom&quot;:&quot;&quot;,&quot;left&quot;:&quot;&quot;,&quot;isLinked&quot;:true},&quot;element_pack_global_tooltip_padding_mobile&quot;:{&quot;unit&quot;:&quot;px&quot;,&quot;top&quot;:&quot;&quot;,&quot;right&quot;:&quot;&quot;,&quot;bottom&quot;:&quot;&quot;,&quot;left&quot;:&quot;&quot;,&quot;isLinked&quot;:true},&quot;element_pack_global_tooltip_border_radius&quot;:{&quot;unit&quot;:&quot;px&quot;,&quot;top&quot;:&quot;&quot;,&quot;right&quot;:&quot;&quot;,&quot;bottom&quot;:&quot;&quot;,&quot;left&quot;:&quot;&quot;,&quot;isLinked&quot;:true},&quot;element_pack_global_tooltip_border_radius_tablet&quot;:{&quot;unit&quot;:&quot;px&quot;,&quot;top&quot;:&quot;&quot;,&quot;right&quot;:&quot;&quot;,&quot;bottom&quot;:&quot;&quot;,&quot;left&quot;:&quot;&quot;,&quot;isLinked&quot;:true},&quot;element_pack_global_tooltip_border_radius_mobile&quot;:{&quot;unit&quot;:&quot;px&quot;,&quot;top&quot;:&quot;&quot;,&quot;right&quot;:&quot;&quot;,&quot;bottom&quot;:&quot;&quot;,&quot;left&quot;:&quot;&quot;,&quot;isLinked&quot;:true}}\" data-elementor-post-type=\"product\">\n\t\t\t\t<div class=\"elementor-element elementor-element-93aa4a8 e-con-full e-flex e-con e-parent\" data-id=\"93aa4a8\" data-element_type=\"container\" data-e-type=\"container\">\n\t\t\t\t<div class=\"elementor-element elementor-element-2c3f760 miaoshu elementor-widget elementor-widget-wd_text_block\" data-id=\"2c3f760\" data-element_type=\"widget\" data-e-type=\"widget\" data-widget_type=\"wd_text_block.default\">\n\t\t\t\t<div class=\"elementor-widget-container\">\n\t\t\t\t\t\t\t<div class=\"wd-text-block reset-last-child text-left\">\n\t\t\t\n\t\t\t<h2>Duplicador Pro: Su soluci\u00f3n integral de copia de seguridad y migraci\u00f3n de WordPress<\/h2>\n<p><strong>Duplicator Pro WordPress Plugin<\/strong> es la herramienta definitiva para los propietarios de sitios web, ya que ofrece una soluci\u00f3n completa y fiable para gestionar las copias de seguridad y las migraciones. Este complemento, en el que conf\u00edan m\u00e1s de 700.000 sitios web, combina sencillez, potencia y elegancia para garantizar que tu sitio est\u00e9 siempre seguro y sea port\u00e1til.<\/p>\n\n<h3>Copias de seguridad sin esfuerzo, en cualquier momento o programadas<\/h3>\n<p>Con Duplicator Pro, puede crear copias de seguridad completas del sitio de forma manual o programarlas para que se ejecuten autom\u00e1ticamente. Esto asegura que su sitio web est\u00e1 protegido contra fallos del sistema, lo que le permite restaurarlo en cuesti\u00f3n de minutos. El robusto sistema de copias de seguridad del plugin te da la tranquilidad de saber que tus datos est\u00e1n siempre a salvo.<\/p>\n\n<h3>Migraci\u00f3n perfecta de WordPress<\/h3>\n<p>Trasladar su sitio WordPress nunca ha sido tan f\u00e1cil. La sencilla interfaz de arrastrar y soltar de Duplicator Pro le permite migrar su sitio a un nuevo servidor, directorio o sobrescribir un sitio existente con el m\u00ednimo esfuerzo. Tanto si traslada su sitio como si lo reestructura, el proceso es r\u00e1pido, intuitivo y sin complicaciones.<\/p>\n\n<h3>Integraci\u00f3n segura de almacenamiento en la nube<\/h3>\n<p>Almacena tus copias de seguridad de forma segura con servicios en la nube populares como <strong>Dropbox<\/strong>, <strong>Google Drive<\/strong>, <strong>OneDrive<\/strong>, <strong>Amazon S3<\/strong>, o <strong>FTP<\/strong>. Duplicator Pro garantiza que sus copias de seguridad sean accesibles en cualquier momento, proporcionando una capa adicional de protecci\u00f3n para su sitio web.<\/p>\n\n<h3>Caracter\u00edsticas principales<\/h3>\n<ul>\n    <li><strong>Copias de seguridad programadas:<\/strong> Automatiza las copias de seguridad para que se ejecuten en el horario que prefieras para una protecci\u00f3n constante.<\/li>\n    <li><strong>Migraci\u00f3n f\u00e1cil:<\/strong> Mueva o duplique su sitio con una sencilla interfaz de arrastrar y soltar.<\/li>\n    <li><strong>Soporte de almacenamiento en la nube:<\/strong> Guarda copias de seguridad en Dropbox, Google Drive, OneDrive, Amazon S3 o FTP.<\/li>\n    <li><strong>Puntos de recuperaci\u00f3n:<\/strong> Prot\u00e9jase contra errores o actualizaciones fallidas con sencillas opciones de reversi\u00f3n.<\/li>\n    <li><strong>Instalador optimizado:<\/strong> Instalaciones completas en s\u00f3lo dos pasos para una configuraci\u00f3n r\u00e1pida.<\/li>\n    <li><strong>L\u00edmites de copia de seguridad:<\/strong> Gestiona el almacenamiento de forma eficiente con l\u00edmites de copia de seguridad personalizables.<\/li>\n    <li><strong>Creaci\u00f3n autom\u00e1tica de bases de datos:<\/strong> Agilice la configuraci\u00f3n del sitio con la gesti\u00f3n automatizada de la base de datos.<\/li>\n    <li><strong>Fiabilidad probada:<\/strong> M\u00e1s de 700.000 sitios web conf\u00edan en nosotros para realizar copias de seguridad y migraciones seguras.<\/li>\n<\/ul>\n\n<h3>Sencillo, elegante y fiable<\/h3>\n<p>Duplicator Pro est\u00e1 dise\u00f1ado pensando en la facilidad de uso, por lo que es accesible para los principiantes y potente para los desarrolladores. Su tecnolog\u00eda probada garantiza que sus copias de seguridad y migraciones se gestionen con precisi\u00f3n, d\u00e1ndole la confianza de que su sitio web est\u00e1 en buenas manos.<\/p>\n\n<h3>\u00bfPor qu\u00e9 Duplicator Pro?<\/h3>\n<p>Tanto si quieres proteger tu sitio de problemas inesperados como si quieres trasladarlo a un nuevo host, Duplicator Pro te ofrece una experiencia perfecta. Su combinaci\u00f3n de funciones avanzadas, integraci\u00f3n en la nube y una interfaz intuitiva lo convierten en una herramienta esencial para cualquier propietario de un sitio WordPress.<\/p>\n\n<h3>Obtenga Duplicator Pro hoy mismo<\/h3>\n<p>Controle las copias de seguridad y las migraciones de su sitio web con <strong>Duplicadora Pro<\/strong>. Proteja sus datos, simplifique las transferencias de sitios y disfrute de tranquilidad con este complemento imprescindible para WordPress.<\/p>\n\t\t\t\t\t<\/div>\n\t\t\t\t\t\t<\/div>\n\t\t\t\t<\/div>\n\t\t\t\t<\/div>\n\t\t\t\t<\/div>","protected":false},"excerpt":{"rendered":"<p>Duplicator Pro: Your All-in-One WordPress Backup and Migration Solution Duplicator Pro WordPress Plugin is the ultimate tool for website owners,<\/p>","protected":false},"featured_media":8459,"comment_status":"open","ping_status":"closed","template":"","meta":{"_acf_changed":false},"product_brand":[],"product_cat":[49],"product_tag":[],"class_list":{"0":"post-8476","1":"product","2":"type-product","3":"status-publish","4":"has-post-thumbnail","6":"product_cat-plugins","8":"first","9":"instock","10":"sale","11":"downloadable","12":"shipping-taxable","13":"purchasable","14":"product-type-simple"},"acf":[],"yoast_head":"<!-- This site is optimized with the Yoast SEO Premium plugin v25.6 (Yoast SEO v27.1.1) - https:\/\/yoast.com\/product\/yoast-seo-premium-wordpress\/ -->\n<title>Duplicator Pro: Backup &amp; Migrate WordPress with Ease - AllWin Theme \u2013 Free WordPress Themes Download<\/title>\n<meta name=\"description\" content=\"Duplicator Pro offers seamless WordPress backups and migrations with scheduled backups, cloud storage, and an easy drag-and-drop interface.\" \/>\n<meta name=\"robots\" content=\"index, follow, max-snippet:-1, max-image-preview:large, max-video-preview:-1\" \/>\n<link rel=\"canonical\" href=\"https:\/\/allwintheme.com\/es\/producto\/duplicator-pro-wordpress-plugin\/\" \/>\n<meta property=\"og:locale\" content=\"es_ES\" \/>\n<meta property=\"og:type\" content=\"article\" \/>\n<meta property=\"og:title\" content=\"Duplicator Pro: Backup &amp; Migrate WordPress with Ease\" \/>\n<meta property=\"og:description\" content=\"Duplicator Pro offers seamless WordPress backups and migrations with scheduled backups, cloud storage, and an easy drag-and-drop interface.\" \/>\n<meta property=\"og:url\" content=\"https:\/\/allwintheme.com\/es\/producto\/duplicator-pro-wordpress-plugin\/\" \/>\n<meta property=\"og:site_name\" content=\"AllWin Theme \u2013 Free WordPress Themes Download\" \/>\n<meta property=\"article:modified_time\" content=\"2025-09-29T14:47:29+00:00\" \/>\n<meta property=\"og:image\" content=\"https:\/\/allwintheme.com\/wp-content\/uploads\/2025\/09\/23yf5nsr.png\" \/>\n\t<meta property=\"og:image:width\" content=\"590\" \/>\n\t<meta property=\"og:image:height\" content=\"300\" \/>\n\t<meta property=\"og:image:type\" content=\"image\/png\" \/>\n<meta name=\"twitter:card\" content=\"summary_large_image\" \/>\n<meta name=\"twitter:label1\" content=\"Tiempo estimado de lectura\" \/>\n\t<meta name=\"twitter:data1\" content=\"2 minutos\" \/>\n<script type=\"application\/ld+json\" class=\"yoast-schema-graph\">{\"@context\":\"https:\/\/schema.org\",\"@graph\":[{\"@type\":\"WebPage\",\"@id\":\"https:\/\/allwintheme.com\/product\/duplicator-pro-wordpress-plugin\/\",\"url\":\"https:\/\/allwintheme.com\/product\/duplicator-pro-wordpress-plugin\/\",\"name\":\"Duplicator Pro: Backup & Migrate WordPress with Ease - AllWin Theme \u2013 Free WordPress Themes Download\",\"isPartOf\":{\"@id\":\"https:\/\/allwintheme.com\/#website\"},\"primaryImageOfPage\":{\"@id\":\"https:\/\/allwintheme.com\/product\/duplicator-pro-wordpress-plugin\/#primaryimage\"},\"image\":{\"@id\":\"https:\/\/allwintheme.com\/product\/duplicator-pro-wordpress-plugin\/#primaryimage\"},\"thumbnailUrl\":\"https:\/\/allwintheme.com\/wp-content\/uploads\/2025\/09\/23yf5nsr.png\",\"datePublished\":\"2025-09-26T14:22:21+00:00\",\"dateModified\":\"2025-09-29T14:47:29+00:00\",\"description\":\"Duplicator Pro offers seamless WordPress backups and migrations with scheduled backups, cloud storage, and an easy drag-and-drop interface.\",\"breadcrumb\":{\"@id\":\"https:\/\/allwintheme.com\/product\/duplicator-pro-wordpress-plugin\/#breadcrumb\"},\"inLanguage\":\"es-CL\",\"potentialAction\":[{\"@type\":\"ReadAction\",\"target\":[\"https:\/\/allwintheme.com\/product\/duplicator-pro-wordpress-plugin\/\"]}]},{\"@type\":\"ImageObject\",\"inLanguage\":\"es-CL\",\"@id\":\"https:\/\/allwintheme.com\/product\/duplicator-pro-wordpress-plugin\/#primaryimage\",\"url\":\"https:\/\/allwintheme.com\/wp-content\/uploads\/2025\/09\/23yf5nsr.png\",\"contentUrl\":\"https:\/\/allwintheme.com\/wp-content\/uploads\/2025\/09\/23yf5nsr.png\",\"width\":590,\"height\":300,\"caption\":\"Duplicator Pro WordPress Plugin\"},{\"@type\":\"BreadcrumbList\",\"@id\":\"https:\/\/allwintheme.com\/product\/duplicator-pro-wordpress-plugin\/#breadcrumb\",\"itemListElement\":[{\"@type\":\"ListItem\",\"position\":1,\"name\":\"Home\",\"item\":\"https:\/\/allwintheme.com\/\"},{\"@type\":\"ListItem\",\"position\":2,\"name\":\"Shop\",\"item\":\"https:\/\/allwintheme.com\/shop\/\"},{\"@type\":\"ListItem\",\"position\":3,\"name\":\"Duplicator Pro: Backup &#038; Migrate WordPress with Ease\"}]},{\"@type\":\"WebSite\",\"@id\":\"https:\/\/allwintheme.com\/#website\",\"url\":\"https:\/\/allwintheme.com\/\",\"name\":\"Allwintheme\",\"description\":\"Download free WordPress themes for every niche. Blogs, business, eCommerce, portfolio, restaurant and more. All themes are GPL licensed and mobile-ready.\",\"potentialAction\":[{\"@type\":\"SearchAction\",\"target\":{\"@type\":\"EntryPoint\",\"urlTemplate\":\"https:\/\/allwintheme.com\/?s={search_term_string}\"},\"query-input\":{\"@type\":\"PropertyValueSpecification\",\"valueRequired\":true,\"valueName\":\"search_term_string\"}}],\"inLanguage\":\"es-CL\"}]}<\/script>\n<!-- \/ Yoast SEO Premium plugin. -->","yoast_head_json":{"title":"Duplicator Pro: Backup & Migrate WordPress with Ease - AllWin Theme \u2013 Free WordPress Themes Download","description":"Duplicator Pro ofrece copias de seguridad y migraciones de WordPress sin problemas con copias de seguridad programadas, almacenamiento en la nube y una sencilla interfaz de arrastrar y soltar.","robots":{"index":"index","follow":"follow","max-snippet":"max-snippet:-1","max-image-preview":"max-image-preview:large","max-video-preview":"max-video-preview:-1"},"canonical":"https:\/\/allwintheme.com\/es\/producto\/duplicator-pro-wordpress-plugin\/","og_locale":"es_ES","og_type":"article","og_title":"Duplicator Pro: Backup & Migrate WordPress with Ease","og_description":"Duplicator Pro offers seamless WordPress backups and migrations with scheduled backups, cloud storage, and an easy drag-and-drop interface.","og_url":"https:\/\/allwintheme.com\/es\/producto\/duplicator-pro-wordpress-plugin\/","og_site_name":"AllWin Theme \u2013 Free WordPress Themes Download","article_modified_time":"2025-09-29T14:47:29+00:00","og_image":[{"width":590,"height":300,"url":"https:\/\/allwintheme.com\/wp-content\/uploads\/2025\/09\/23yf5nsr.png","type":"image\/png"}],"twitter_card":"summary_large_image","twitter_misc":{"Tiempo estimado de lectura":"2 minutos"},"schema":{"@context":"https:\/\/schema.org","@graph":[{"@type":"WebPage","@id":"https:\/\/allwintheme.com\/product\/duplicator-pro-wordpress-plugin\/","url":"https:\/\/allwintheme.com\/product\/duplicator-pro-wordpress-plugin\/","name":"Duplicator Pro: Backup & Migrate WordPress with Ease - AllWin Theme \u2013 Free WordPress Themes Download","isPartOf":{"@id":"https:\/\/allwintheme.com\/#website"},"primaryImageOfPage":{"@id":"https:\/\/allwintheme.com\/product\/duplicator-pro-wordpress-plugin\/#primaryimage"},"image":{"@id":"https:\/\/allwintheme.com\/product\/duplicator-pro-wordpress-plugin\/#primaryimage"},"thumbnailUrl":"https:\/\/allwintheme.com\/wp-content\/uploads\/2025\/09\/23yf5nsr.png","datePublished":"2025-09-26T14:22:21+00:00","dateModified":"2025-09-29T14:47:29+00:00","description":"Duplicator Pro ofrece copias de seguridad y migraciones de WordPress sin problemas con copias de seguridad programadas, almacenamiento en la nube y una sencilla interfaz de arrastrar y soltar.","breadcrumb":{"@id":"https:\/\/allwintheme.com\/product\/duplicator-pro-wordpress-plugin\/#breadcrumb"},"inLanguage":"es-CL","potentialAction":[{"@type":"ReadAction","target":["https:\/\/allwintheme.com\/product\/duplicator-pro-wordpress-plugin\/"]}]},{"@type":"ImageObject","inLanguage":"es-CL","@id":"https:\/\/allwintheme.com\/product\/duplicator-pro-wordpress-plugin\/#primaryimage","url":"https:\/\/allwintheme.com\/wp-content\/uploads\/2025\/09\/23yf5nsr.png","contentUrl":"https:\/\/allwintheme.com\/wp-content\/uploads\/2025\/09\/23yf5nsr.png","width":590,"height":300,"caption":"Duplicator Pro WordPress Plugin"},{"@type":"BreadcrumbList","@id":"https:\/\/allwintheme.com\/product\/duplicator-pro-wordpress-plugin\/#breadcrumb","itemListElement":[{"@type":"ListItem","position":1,"name":"Home","item":"https:\/\/allwintheme.com\/"},{"@type":"ListItem","position":2,"name":"Shop","item":"https:\/\/allwintheme.com\/shop\/"},{"@type":"ListItem","position":3,"name":"Duplicator Pro: Backup &#038; Migrate WordPress with Ease"}]},{"@type":"WebSite","@id":"https:\/\/allwintheme.com\/#website","url":"https:\/\/allwintheme.com\/","name":"Allwintheme","description":"Descarga gratis temas de WordPress para todos los nichos. Blogs, negocios, comercio electr\u00f3nico, portafolio, restaurante y m\u00e1s. Todos los temas tienen licencia GPL y est\u00e1n preparados para dispositivos m\u00f3viles.","potentialAction":[{"@type":"SearchAction","target":{"@type":"EntryPoint","urlTemplate":"https:\/\/allwintheme.com\/?s={search_term_string}"},"query-input":{"@type":"PropertyValueSpecification","valueRequired":true,"valueName":"search_term_string"}}],"inLanguage":"es-CL"}]}},"_links":{"self":[{"href":"https:\/\/allwintheme.com\/es\/wp-json\/wp\/v2\/product\/8476","targetHints":{"allow":["GET"]}}],"collection":[{"href":"https:\/\/allwintheme.com\/es\/wp-json\/wp\/v2\/product"}],"about":[{"href":"https:\/\/allwintheme.com\/es\/wp-json\/wp\/v2\/types\/product"}],"replies":[{"embeddable":true,"href":"https:\/\/allwintheme.com\/es\/wp-json\/wp\/v2\/comments?post=8476"}],"version-history":[{"count":5,"href":"https:\/\/allwintheme.com\/es\/wp-json\/wp\/v2\/product\/8476\/revisions"}],"predecessor-version":[{"id":8620,"href":"https:\/\/allwintheme.com\/es\/wp-json\/wp\/v2\/product\/8476\/revisions\/8620"}],"wp:featuredmedia":[{"embeddable":true,"href":"https:\/\/allwintheme.com\/es\/wp-json\/wp\/v2\/media\/8459"}],"wp:attachment":[{"href":"https:\/\/allwintheme.com\/es\/wp-json\/wp\/v2\/media?parent=8476"}],"wp:term":[{"taxonomy":"product_brand","embeddable":true,"href":"https:\/\/allwintheme.com\/es\/wp-json\/wp\/v2\/product_brand?post=8476"},{"taxonomy":"product_cat","embeddable":true,"href":"https:\/\/allwintheme.com\/es\/wp-json\/wp\/v2\/product_cat?post=8476"},{"taxonomy":"product_tag","embeddable":true,"href":"https:\/\/allwintheme.com\/es\/wp-json\/wp\/v2\/product_tag?post=8476"}],"curies":[{"name":"wp","href":"https:\/\/api.w.org\/{rel}","templated":true}]}}