{"id":8497,"date":"2025-09-26T14:36:12","date_gmt":"2025-09-26T14:36:12","guid":{"rendered":"https:\/\/allwintheme.com\/?post_type=product&#038;p=8497"},"modified":"2025-09-29T13:31:44","modified_gmt":"2025-09-29T13:31:44","slug":"plugin-generateblocks-pro","status":"publish","type":"product","link":"https:\/\/allwintheme.com\/es\/producto\/plugin-generateblocks-pro\/","title":{"rendered":"Plugin GenerateBlocks Pro"},"content":{"rendered":"<div data-elementor-type=\"wp-post\" data-elementor-id=\"8497\" class=\"elementor elementor-8497\" data-elementor-settings=\"{&quot;element_pack_global_tooltip_width&quot;:{&quot;unit&quot;:&quot;px&quot;,&quot;size&quot;:&quot;&quot;,&quot;sizes&quot;:[]},&quot;element_pack_global_tooltip_width_tablet&quot;:{&quot;unit&quot;:&quot;px&quot;,&quot;size&quot;:&quot;&quot;,&quot;sizes&quot;:[]},&quot;element_pack_global_tooltip_width_mobile&quot;:{&quot;unit&quot;:&quot;px&quot;,&quot;size&quot;:&quot;&quot;,&quot;sizes&quot;:[]},&quot;element_pack_global_tooltip_padding&quot;:{&quot;unit&quot;:&quot;px&quot;,&quot;top&quot;:&quot;&quot;,&quot;right&quot;:&quot;&quot;,&quot;bottom&quot;:&quot;&quot;,&quot;left&quot;:&quot;&quot;,&quot;isLinked&quot;:true},&quot;element_pack_global_tooltip_padding_tablet&quot;:{&quot;unit&quot;:&quot;px&quot;,&quot;top&quot;:&quot;&quot;,&quot;right&quot;:&quot;&quot;,&quot;bottom&quot;:&quot;&quot;,&quot;left&quot;:&quot;&quot;,&quot;isLinked&quot;:true},&quot;element_pack_global_tooltip_padding_mobile&quot;:{&quot;unit&quot;:&quot;px&quot;,&quot;top&quot;:&quot;&quot;,&quot;right&quot;:&quot;&quot;,&quot;bottom&quot;:&quot;&quot;,&quot;left&quot;:&quot;&quot;,&quot;isLinked&quot;:true},&quot;element_pack_global_tooltip_border_radius&quot;:{&quot;unit&quot;:&quot;px&quot;,&quot;top&quot;:&quot;&quot;,&quot;right&quot;:&quot;&quot;,&quot;bottom&quot;:&quot;&quot;,&quot;left&quot;:&quot;&quot;,&quot;isLinked&quot;:true},&quot;element_pack_global_tooltip_border_radius_tablet&quot;:{&quot;unit&quot;:&quot;px&quot;,&quot;top&quot;:&quot;&quot;,&quot;right&quot;:&quot;&quot;,&quot;bottom&quot;:&quot;&quot;,&quot;left&quot;:&quot;&quot;,&quot;isLinked&quot;:true},&quot;element_pack_global_tooltip_border_radius_mobile&quot;:{&quot;unit&quot;:&quot;px&quot;,&quot;top&quot;:&quot;&quot;,&quot;right&quot;:&quot;&quot;,&quot;bottom&quot;:&quot;&quot;,&quot;left&quot;:&quot;&quot;,&quot;isLinked&quot;:true}}\" data-elementor-post-type=\"product\">\n\t\t\t\t<div class=\"elementor-element elementor-element-93aa4a8 e-con-full e-flex e-con e-parent\" data-id=\"93aa4a8\" data-element_type=\"container\" data-e-type=\"container\">\n\t\t\t\t<div class=\"elementor-element elementor-element-2c3f760 miaoshu elementor-widget elementor-widget-wd_text_block\" data-id=\"2c3f760\" data-element_type=\"widget\" data-e-type=\"widget\" data-widget_type=\"wd_text_block.default\">\n\t\t\t\t<div class=\"elementor-widget-container\">\n\t\t\t\t\t\t\t<div class=\"wd-text-block reset-last-child text-left\">\n\t\t\t\n\t\t\t<h2>GenerateBlocks Pro: Eleve el dise\u00f1o de su WordPress<\/h2>\n<p><strong>GenerarBloques Pro<\/strong> mejora su experiencia de creaci\u00f3n de bloques en WordPress. Por ejemplo, ofrece potentes herramientas que equilibran la personalizaci\u00f3n avanzada con la facilidad de uso. Como resultado, los dise\u00f1adores, desarrolladores y propietarios de sitios pueden crear sitios web impresionantes sin sacrificar el rendimiento.<\/p>\n\n<h3>Crear con funciones avanzadas<\/h3>\n<p>Con GenerateBlocks Pro, obtendr\u00e1 acceso a funciones premium que simplifican el dise\u00f1o. Adem\u00e1s, estas herramientas le ayudan a construir sitios visualmente impresionantes de manera eficiente. Por ejemplo, el plugin agiliza los flujos de trabajo al tiempo que mantiene la funcionalidad intuitiva.<\/p>\n\n<h3>Caracter\u00edsticas principales de GenerateBlocks Pro<\/h3>\n<ul>\n    <li><strong>Biblioteca de plantillas:<\/strong> Elija entre m\u00e1s de 150 plantillas profesionales en el editor. As\u00ed, ahorras tiempo con importaciones r\u00e1pidas.<\/li>\n    <li><strong>Estilos globales:<\/strong> Cree estilos reutilizables para mantener la coherencia. En consecuencia, su sitio mantiene un aspecto unificado.<\/li>\n    <li><strong>Efectos avanzados:<\/strong> Aplica efectos CSS a trav\u00e9s de una sencilla interfaz. Esto permite infinitas opciones de personalizaci\u00f3n.<\/li>\n    <li><strong>Fondos avanzados:<\/strong> A\u00f1ada im\u00e1genes o degradados a los contenedores. Adem\u00e1s, aj\u00fastalos para cualquier dispositivo.<\/li>\n    <li><strong>Enlaces de contenedores:<\/strong> Convierta los contenedores en elegantes enlaces tipo tarjeta con efectos hover.<\/li>\n    <li><strong>Biblioteca de activos:<\/strong> Almacene iconos y formas SVG para acceder r\u00e1pidamente a ellos en el editor.<\/li>\n    <li><strong>Copiar y pegar estilos:<\/strong> Reutilice los estilos de bloque en todas las p\u00e1ginas para ahorrar tiempo.<\/li>\n    <li><strong>Visibilidad del dispositivo:<\/strong> Controle la visibilidad de los bloques en ordenadores de sobremesa, tabletas o dispositivos m\u00f3viles.<\/li>\n    <li><strong>Atributos personalizados:<\/strong> A\u00f1ada atributos de datos a los elementos mediante una interfaz sencilla.<\/li>\n<\/ul>\n\n<h3>Gesti\u00f3n simplificada de plantillas<\/h3>\n<p>GenerateBlocks Pro ofrece una creciente biblioteca de m\u00e1s de 150 plantillas. Puede importarlas y personalizarlas f\u00e1cilmente. Adem\u00e1s, puede guardar sus dise\u00f1os en una biblioteca local, lo que garantiza una r\u00e1pida reutilizaci\u00f3n y coherencia.<\/p>\n\n<h3>\u00bfPor qu\u00e9 elegir GenerateBlocks Pro?<\/h3>\n<p>Este plugin combina potencia y sencillez. Por lo tanto, es ideal para crear dise\u00f1os sofisticados sin complejidad. Tanto si est\u00e1 creando un portafolio como un sitio empresarial, GenerateBlocks Pro ofrece soluciones flexibles y de alto rendimiento.<\/p>\n\n<h3>Transforme su proceso de dise\u00f1o<\/h3>\n<p>Con <strong>GenerarBloques Pro<\/strong>desbloquea herramientas avanzadas de estilo y ahorro de tiempo. Como resultado, puede crear sitios web destacados sin esfuerzo. Empieza hoy mismo y comprueba lo f\u00e1cil que puede ser dise\u00f1ar.<\/p>\n\t\t\t\t\t<\/div>\n\t\t\t\t\t\t<\/div>\n\t\t\t\t<\/div>\n\t\t\t\t<\/div>\n\t\t\t\t<\/div>","protected":false},"excerpt":{"rendered":"<p>GenerateBlocks Pro: Elevate Your WordPress Design GenerateBlocks Pro enhances your WordPress block-building experience. For instance, it offers powerful tools that<\/p>","protected":false},"featured_media":8468,"comment_status":"open","ping_status":"closed","template":"","meta":{"_acf_changed":false},"product_brand":[],"product_cat":[49],"product_tag":[],"class_list":{"0":"post-8497","1":"product","2":"type-product","3":"status-publish","4":"has-post-thumbnail","6":"product_cat-plugins","8":"first","9":"instock","10":"sale","11":"downloadable","12":"shipping-taxable","13":"purchasable","14":"product-type-simple"},"acf":[],"yoast_head":"<!-- This site is optimized with the Yoast SEO Premium plugin v25.6 (Yoast SEO v27.1.1) - https:\/\/yoast.com\/product\/yoast-seo-premium-wordpress\/ -->\n<title>GenerateBlocks Pro Plugin - AllWin Theme \u2013 Free WordPress Themes Download<\/title>\n<meta name=\"description\" content=\"Elevate your WordPress design with GenerateBlocks Pro. Access 150+ templates, global styles, advanced effects, and more for seamless customization.\" \/>\n<meta name=\"robots\" content=\"index, follow, max-snippet:-1, max-image-preview:large, max-video-preview:-1\" \/>\n<link rel=\"canonical\" href=\"https:\/\/allwintheme.com\/es\/producto\/plugin-generateblocks-pro\/\" \/>\n<meta property=\"og:locale\" content=\"es_ES\" \/>\n<meta property=\"og:type\" content=\"article\" \/>\n<meta property=\"og:title\" content=\"GenerateBlocks Pro Plugin\" \/>\n<meta property=\"og:description\" content=\"Elevate your WordPress design with GenerateBlocks Pro. Access 150+ templates, global styles, advanced effects, and more for seamless customization.\" \/>\n<meta property=\"og:url\" content=\"https:\/\/allwintheme.com\/es\/producto\/plugin-generateblocks-pro\/\" \/>\n<meta property=\"og:site_name\" content=\"AllWin Theme \u2013 Free WordPress Themes Download\" \/>\n<meta property=\"article:modified_time\" content=\"2025-09-29T13:31:44+00:00\" \/>\n<meta property=\"og:image\" content=\"https:\/\/allwintheme.com\/wp-content\/uploads\/2025\/09\/pm2w699j.png\" \/>\n\t<meta property=\"og:image:width\" content=\"590\" \/>\n\t<meta property=\"og:image:height\" content=\"300\" \/>\n\t<meta property=\"og:image:type\" content=\"image\/png\" \/>\n<meta name=\"twitter:card\" content=\"summary_large_image\" \/>\n<meta name=\"twitter:label1\" content=\"Tiempo estimado de lectura\" \/>\n\t<meta name=\"twitter:data1\" content=\"2 minutos\" \/>\n<script type=\"application\/ld+json\" class=\"yoast-schema-graph\">{\"@context\":\"https:\/\/schema.org\",\"@graph\":[{\"@type\":\"WebPage\",\"@id\":\"https:\/\/allwintheme.com\/product\/generateblocks-pro-plugin\/\",\"url\":\"https:\/\/allwintheme.com\/product\/generateblocks-pro-plugin\/\",\"name\":\"GenerateBlocks Pro Plugin - AllWin Theme \u2013 Free WordPress Themes Download\",\"isPartOf\":{\"@id\":\"https:\/\/allwintheme.com\/#website\"},\"primaryImageOfPage\":{\"@id\":\"https:\/\/allwintheme.com\/product\/generateblocks-pro-plugin\/#primaryimage\"},\"image\":{\"@id\":\"https:\/\/allwintheme.com\/product\/generateblocks-pro-plugin\/#primaryimage\"},\"thumbnailUrl\":\"https:\/\/allwintheme.com\/wp-content\/uploads\/2025\/09\/pm2w699j.png\",\"datePublished\":\"2025-09-26T14:36:12+00:00\",\"dateModified\":\"2025-09-29T13:31:44+00:00\",\"description\":\"Elevate your WordPress design with GenerateBlocks Pro. Access 150+ templates, global styles, advanced effects, and more for seamless customization.\",\"breadcrumb\":{\"@id\":\"https:\/\/allwintheme.com\/product\/generateblocks-pro-plugin\/#breadcrumb\"},\"inLanguage\":\"es-CL\",\"potentialAction\":[{\"@type\":\"ReadAction\",\"target\":[\"https:\/\/allwintheme.com\/product\/generateblocks-pro-plugin\/\"]}]},{\"@type\":\"ImageObject\",\"inLanguage\":\"es-CL\",\"@id\":\"https:\/\/allwintheme.com\/product\/generateblocks-pro-plugin\/#primaryimage\",\"url\":\"https:\/\/allwintheme.com\/wp-content\/uploads\/2025\/09\/pm2w699j.png\",\"contentUrl\":\"https:\/\/allwintheme.com\/wp-content\/uploads\/2025\/09\/pm2w699j.png\",\"width\":590,\"height\":300,\"caption\":\"GenerateBlocks Pro Plugin\"},{\"@type\":\"BreadcrumbList\",\"@id\":\"https:\/\/allwintheme.com\/product\/generateblocks-pro-plugin\/#breadcrumb\",\"itemListElement\":[{\"@type\":\"ListItem\",\"position\":1,\"name\":\"Home\",\"item\":\"https:\/\/allwintheme.com\/\"},{\"@type\":\"ListItem\",\"position\":2,\"name\":\"Shop\",\"item\":\"https:\/\/allwintheme.com\/shop\/\"},{\"@type\":\"ListItem\",\"position\":3,\"name\":\"GenerateBlocks Pro Plugin\"}]},{\"@type\":\"WebSite\",\"@id\":\"https:\/\/allwintheme.com\/#website\",\"url\":\"https:\/\/allwintheme.com\/\",\"name\":\"Allwintheme\",\"description\":\"Download free WordPress themes for every niche. Blogs, business, eCommerce, portfolio, restaurant and more. All themes are GPL licensed and mobile-ready.\",\"potentialAction\":[{\"@type\":\"SearchAction\",\"target\":{\"@type\":\"EntryPoint\",\"urlTemplate\":\"https:\/\/allwintheme.com\/?s={search_term_string}\"},\"query-input\":{\"@type\":\"PropertyValueSpecification\",\"valueRequired\":true,\"valueName\":\"search_term_string\"}}],\"inLanguage\":\"es-CL\"}]}<\/script>\n<!-- \/ Yoast SEO Premium plugin. -->","yoast_head_json":{"title":"GenerateBlocks Pro Plugin - AllWin Theme \u2013 Free WordPress Themes Download","description":"Eleva el dise\u00f1o de tu WordPress con GenerateBlocks Pro. Accede a m\u00e1s de 150 plantillas, estilos globales, efectos avanzados y mucho m\u00e1s para una personalizaci\u00f3n perfecta.","robots":{"index":"index","follow":"follow","max-snippet":"max-snippet:-1","max-image-preview":"max-image-preview:large","max-video-preview":"max-video-preview:-1"},"canonical":"https:\/\/allwintheme.com\/es\/producto\/plugin-generateblocks-pro\/","og_locale":"es_ES","og_type":"article","og_title":"GenerateBlocks Pro Plugin","og_description":"Elevate your WordPress design with GenerateBlocks Pro. Access 150+ templates, global styles, advanced effects, and more for seamless customization.","og_url":"https:\/\/allwintheme.com\/es\/producto\/plugin-generateblocks-pro\/","og_site_name":"AllWin Theme \u2013 Free WordPress Themes Download","article_modified_time":"2025-09-29T13:31:44+00:00","og_image":[{"width":590,"height":300,"url":"https:\/\/allwintheme.com\/wp-content\/uploads\/2025\/09\/pm2w699j.png","type":"image\/png"}],"twitter_card":"summary_large_image","twitter_misc":{"Tiempo estimado de lectura":"2 minutos"},"schema":{"@context":"https:\/\/schema.org","@graph":[{"@type":"WebPage","@id":"https:\/\/allwintheme.com\/product\/generateblocks-pro-plugin\/","url":"https:\/\/allwintheme.com\/product\/generateblocks-pro-plugin\/","name":"GenerateBlocks Pro Plugin - AllWin Theme \u2013 Free WordPress Themes Download","isPartOf":{"@id":"https:\/\/allwintheme.com\/#website"},"primaryImageOfPage":{"@id":"https:\/\/allwintheme.com\/product\/generateblocks-pro-plugin\/#primaryimage"},"image":{"@id":"https:\/\/allwintheme.com\/product\/generateblocks-pro-plugin\/#primaryimage"},"thumbnailUrl":"https:\/\/allwintheme.com\/wp-content\/uploads\/2025\/09\/pm2w699j.png","datePublished":"2025-09-26T14:36:12+00:00","dateModified":"2025-09-29T13:31:44+00:00","description":"Eleva el dise\u00f1o de tu WordPress con GenerateBlocks Pro. Accede a m\u00e1s de 150 plantillas, estilos globales, efectos avanzados y mucho m\u00e1s para una personalizaci\u00f3n perfecta.","breadcrumb":{"@id":"https:\/\/allwintheme.com\/product\/generateblocks-pro-plugin\/#breadcrumb"},"inLanguage":"es-CL","potentialAction":[{"@type":"ReadAction","target":["https:\/\/allwintheme.com\/product\/generateblocks-pro-plugin\/"]}]},{"@type":"ImageObject","inLanguage":"es-CL","@id":"https:\/\/allwintheme.com\/product\/generateblocks-pro-plugin\/#primaryimage","url":"https:\/\/allwintheme.com\/wp-content\/uploads\/2025\/09\/pm2w699j.png","contentUrl":"https:\/\/allwintheme.com\/wp-content\/uploads\/2025\/09\/pm2w699j.png","width":590,"height":300,"caption":"GenerateBlocks Pro Plugin"},{"@type":"BreadcrumbList","@id":"https:\/\/allwintheme.com\/product\/generateblocks-pro-plugin\/#breadcrumb","itemListElement":[{"@type":"ListItem","position":1,"name":"Home","item":"https:\/\/allwintheme.com\/"},{"@type":"ListItem","position":2,"name":"Shop","item":"https:\/\/allwintheme.com\/shop\/"},{"@type":"ListItem","position":3,"name":"GenerateBlocks Pro Plugin"}]},{"@type":"WebSite","@id":"https:\/\/allwintheme.com\/#website","url":"https:\/\/allwintheme.com\/","name":"Allwintheme","description":"Descarga gratis temas de WordPress para todos los nichos. Blogs, negocios, comercio electr\u00f3nico, portafolio, restaurante y m\u00e1s. Todos los temas tienen licencia GPL y est\u00e1n preparados para dispositivos m\u00f3viles.","potentialAction":[{"@type":"SearchAction","target":{"@type":"EntryPoint","urlTemplate":"https:\/\/allwintheme.com\/?s={search_term_string}"},"query-input":{"@type":"PropertyValueSpecification","valueRequired":true,"valueName":"search_term_string"}}],"inLanguage":"es-CL"}]}},"_links":{"self":[{"href":"https:\/\/allwintheme.com\/es\/wp-json\/wp\/v2\/product\/8497","targetHints":{"allow":["GET"]}}],"collection":[{"href":"https:\/\/allwintheme.com\/es\/wp-json\/wp\/v2\/product"}],"about":[{"href":"https:\/\/allwintheme.com\/es\/wp-json\/wp\/v2\/types\/product"}],"replies":[{"embeddable":true,"href":"https:\/\/allwintheme.com\/es\/wp-json\/wp\/v2\/comments?post=8497"}],"version-history":[{"count":9,"href":"https:\/\/allwintheme.com\/es\/wp-json\/wp\/v2\/product\/8497\/revisions"}],"predecessor-version":[{"id":8553,"href":"https:\/\/allwintheme.com\/es\/wp-json\/wp\/v2\/product\/8497\/revisions\/8553"}],"wp:featuredmedia":[{"embeddable":true,"href":"https:\/\/allwintheme.com\/es\/wp-json\/wp\/v2\/media\/8468"}],"wp:attachment":[{"href":"https:\/\/allwintheme.com\/es\/wp-json\/wp\/v2\/media?parent=8497"}],"wp:term":[{"taxonomy":"product_brand","embeddable":true,"href":"https:\/\/allwintheme.com\/es\/wp-json\/wp\/v2\/product_brand?post=8497"},{"taxonomy":"product_cat","embeddable":true,"href":"https:\/\/allwintheme.com\/es\/wp-json\/wp\/v2\/product_cat?post=8497"},{"taxonomy":"product_tag","embeddable":true,"href":"https:\/\/allwintheme.com\/es\/wp-json\/wp\/v2\/product_tag?post=8497"}],"curies":[{"name":"wp","href":"https:\/\/api.w.org\/{rel}","templated":true}]}}