{"id":8740,"date":"2025-10-01T09:40:33","date_gmt":"2025-10-01T09:40:33","guid":{"rendered":"https:\/\/allwintheme.com\/?post_type=product&#038;p=8740"},"modified":"2025-10-01T09:44:41","modified_gmt":"2025-10-01T09:44:41","slug":"yith-paypal-adaptive-payments-for-woocommerce-premium","status":"publish","type":"product","link":"https:\/\/allwintheme.com\/es\/producto\/yith-paypal-adaptive-payments-for-woocommerce-premium\/","title":{"rendered":"YITH Paypal Adaptive Payments para WooCommerce Premium"},"content":{"rendered":"<div data-elementor-type=\"wp-post\" data-elementor-id=\"8740\" class=\"elementor elementor-8740\" data-elementor-settings=\"{&quot;element_pack_global_tooltip_width&quot;:{&quot;unit&quot;:&quot;px&quot;,&quot;size&quot;:&quot;&quot;,&quot;sizes&quot;:[]},&quot;element_pack_global_tooltip_width_tablet&quot;:{&quot;unit&quot;:&quot;px&quot;,&quot;size&quot;:&quot;&quot;,&quot;sizes&quot;:[]},&quot;element_pack_global_tooltip_width_mobile&quot;:{&quot;unit&quot;:&quot;px&quot;,&quot;size&quot;:&quot;&quot;,&quot;sizes&quot;:[]},&quot;element_pack_global_tooltip_padding&quot;:{&quot;unit&quot;:&quot;px&quot;,&quot;top&quot;:&quot;&quot;,&quot;right&quot;:&quot;&quot;,&quot;bottom&quot;:&quot;&quot;,&quot;left&quot;:&quot;&quot;,&quot;isLinked&quot;:true},&quot;element_pack_global_tooltip_padding_tablet&quot;:{&quot;unit&quot;:&quot;px&quot;,&quot;top&quot;:&quot;&quot;,&quot;right&quot;:&quot;&quot;,&quot;bottom&quot;:&quot;&quot;,&quot;left&quot;:&quot;&quot;,&quot;isLinked&quot;:true},&quot;element_pack_global_tooltip_padding_mobile&quot;:{&quot;unit&quot;:&quot;px&quot;,&quot;top&quot;:&quot;&quot;,&quot;right&quot;:&quot;&quot;,&quot;bottom&quot;:&quot;&quot;,&quot;left&quot;:&quot;&quot;,&quot;isLinked&quot;:true},&quot;element_pack_global_tooltip_border_radius&quot;:{&quot;unit&quot;:&quot;px&quot;,&quot;top&quot;:&quot;&quot;,&quot;right&quot;:&quot;&quot;,&quot;bottom&quot;:&quot;&quot;,&quot;left&quot;:&quot;&quot;,&quot;isLinked&quot;:true},&quot;element_pack_global_tooltip_border_radius_tablet&quot;:{&quot;unit&quot;:&quot;px&quot;,&quot;top&quot;:&quot;&quot;,&quot;right&quot;:&quot;&quot;,&quot;bottom&quot;:&quot;&quot;,&quot;left&quot;:&quot;&quot;,&quot;isLinked&quot;:true},&quot;element_pack_global_tooltip_border_radius_mobile&quot;:{&quot;unit&quot;:&quot;px&quot;,&quot;top&quot;:&quot;&quot;,&quot;right&quot;:&quot;&quot;,&quot;bottom&quot;:&quot;&quot;,&quot;left&quot;:&quot;&quot;,&quot;isLinked&quot;:true}}\" data-elementor-post-type=\"product\">\n\t\t\t\t<div class=\"elementor-element elementor-element-93aa4a8 e-con-full e-flex e-con e-parent\" data-id=\"93aa4a8\" data-element_type=\"container\" data-e-type=\"container\">\n\t\t\t\t<div class=\"elementor-element elementor-element-2c3f760 miaoshu elementor-widget elementor-widget-wd_text_block\" data-id=\"2c3f760\" data-element_type=\"widget\" data-e-type=\"widget\" data-widget_type=\"wd_text_block.default\">\n\t\t\t\t<div class=\"elementor-widget-container\">\n\t\t\t\t\t\t\t<div class=\"wd-text-block reset-last-child text-left\">\n\t\t\t\n\t\t\t<h2>YITH PayPal Pagos Adaptativos: Simplifique el reparto de beneficios para su tienda WooCommerce<\/h2>\n<p>\u00bfTiene una tienda online con colaboradores o socios? En <strong>YITH PayPal Adaptive Payments para WooCommerce<\/strong> ha sido dise\u00f1ado para que el reparto de beneficios sea fluido y autom\u00e1tico. Si usted est\u00e1 vendiendo un curso de v\u00eddeo, archivo de m\u00fasica, o cualquier producto creativo, este plugin le permiti\u00f3 dividir los ingresos por ventas al instante con sus socios, eliminando la molestia de seguimiento de pago manual.<\/p>\n\n<h3>Fraccionamiento de pagos sin esfuerzo<\/h3>\n<p>Imag\u00ednese una tormenta de ideas con un colega y la decisi\u00f3n de vender un producto juntos. Preguntas como \"\u00bfC\u00f3mo dividimos las ganancias?\" o \"\u00bfQui\u00e9n hace el seguimiento de los pagos?\" pueden empa\u00f1ar r\u00e1pidamente el entusiasmo. YITH PayPal Adaptive Payments aborda estos retos permiti\u00e9ndole definir la parte y la cuenta PayPal de cada socio. Utilizando las claves de la API de PayPal, el complemento distribuye autom\u00e1ticamente los pagos a todos los colaboradores en el momento en que se realiza una venta, asegur\u00e1ndose de que todos reciben su parte al instante.<\/p>\n\n<h3>Caracter\u00edsticas principales<\/h3>\n<ul>\n    <li><strong>Divisi\u00f3n instant\u00e1nea de pagos:<\/strong> Divida autom\u00e1ticamente los ingresos por ventas entre los socios mediante la integraci\u00f3n de la API de PayPal.<\/li>\n    <li><strong>Gesti\u00f3n flexible de socios:<\/strong> Especifique f\u00e1cilmente participaciones en beneficios y cuentas PayPal para cualquier n\u00famero de colaboradores.<\/li>\n    <li><strong>Compatibilidad con varios proveedores:<\/strong> Funciona perfectamente con YITH WooCommerce Multi-Vendor para pagos automatizados a proveedores.<\/li>\n    <li><strong>Automatizaci\u00f3n que ahorra tiempo:<\/strong> Se han eliminado los c\u00e1lculos manuales de pagos y transferencias para que la experiencia sea m\u00e1s sencilla.<\/li>\n    <li><strong>Ideal para proyectos en colaboraci\u00f3n:<\/strong> Perfecto para empresas creativas compartidas, como cursos, m\u00fasica o productos digitales.<\/li>\n<\/ul>\n\n<h3>Por qu\u00e9 fue genial<\/h3>\n<p>Este plugin cambi\u00f3 las reglas del juego para los propietarios de tiendas WooCommerce que trabajaban con varios socios. Simplific\u00f3 el proceso de gesti\u00f3n de ingresos compartidos, facilitando la colaboraci\u00f3n sin preocuparse de la log\u00edstica de pagos. Su compatibilidad con YITH WooCommerce Multi-Vendor agiliz\u00f3 a\u00fan m\u00e1s las operaciones para los propietarios del mercado, automatizando los pagos a los vendedores y ahorrando un tiempo valioso.<\/p>\n\n<h3>Nota importante<\/h3>\n<p>Tenga en cuenta que <strong>YITH PayPal Adaptive Payments para WooCommerce<\/strong> ya no est\u00e1 disponible para su compra, ya que PayPal ha interrumpido su servicio de Pagos Adaptativos. Adem\u00e1s, el plugin no soportaba pagos recurrentes. Para soluciones alternativas, explore otros plugins YITH para mejorar su tienda WooCommerce.<\/p>\n\t\t\t\t\t<\/div>\n\t\t\t\t\t\t<\/div>\n\t\t\t\t<\/div>\n\t\t\t\t<\/div>\n\t\t\t\t<\/div>","protected":false},"excerpt":{"rendered":"<p>YITH PayPal Adaptive Payments: Simplify Profit Sharing for Your WooCommerce Store Running an online store with collaborators or partners? The<\/p>","protected":false},"featured_media":8678,"comment_status":"open","ping_status":"closed","template":"","meta":{"_acf_changed":false},"product_brand":[],"product_cat":[49],"product_tag":[],"class_list":{"0":"post-8740","1":"product","2":"type-product","3":"status-publish","4":"has-post-thumbnail","6":"product_cat-plugins","8":"first","9":"instock","10":"sale","11":"downloadable","12":"shipping-taxable","13":"purchasable","14":"product-type-simple"},"acf":[],"yoast_head":"<!-- This site is optimized with the Yoast SEO Premium plugin v25.6 (Yoast SEO v27.1.1) - https:\/\/yoast.com\/product\/yoast-seo-premium-wordpress\/ -->\n<title>YITH Paypal Adaptive Payments for WooCommerce Premium - AllWin Theme \u2013 Free WordPress Themes Download<\/title>\n<meta name=\"description\" content=\"Split online sales profits instantly with partners using YITH PayPal Adaptive Payments for WooCommerce. Note: Plugin discontinued due to PayPal changes.\" \/>\n<meta name=\"robots\" content=\"index, follow, max-snippet:-1, max-image-preview:large, max-video-preview:-1\" \/>\n<link rel=\"canonical\" href=\"https:\/\/allwintheme.com\/es\/producto\/yith-paypal-adaptive-payments-for-woocommerce-premium\/\" \/>\n<meta property=\"og:locale\" content=\"es_ES\" \/>\n<meta property=\"og:type\" content=\"article\" \/>\n<meta property=\"og:title\" content=\"YITH Paypal Adaptive Payments for WooCommerce Premium\" \/>\n<meta property=\"og:description\" content=\"Split online sales profits instantly with partners using YITH PayPal Adaptive Payments for WooCommerce. Note: Plugin discontinued due to PayPal changes.\" \/>\n<meta property=\"og:url\" content=\"https:\/\/allwintheme.com\/es\/producto\/yith-paypal-adaptive-payments-for-woocommerce-premium\/\" \/>\n<meta property=\"og:site_name\" content=\"AllWin Theme \u2013 Free WordPress Themes Download\" \/>\n<meta property=\"article:modified_time\" content=\"2025-10-01T09:44:41+00:00\" \/>\n<meta property=\"og:image\" content=\"https:\/\/allwintheme.com\/wp-content\/uploads\/2025\/10\/nm30x4gg.png\" \/>\n\t<meta property=\"og:image:width\" content=\"590\" \/>\n\t<meta property=\"og:image:height\" content=\"300\" \/>\n\t<meta property=\"og:image:type\" content=\"image\/png\" \/>\n<meta name=\"twitter:card\" content=\"summary_large_image\" \/>\n<meta name=\"twitter:label1\" content=\"Tiempo estimado de lectura\" \/>\n\t<meta name=\"twitter:data1\" content=\"2 minutos\" \/>\n<script type=\"application\/ld+json\" class=\"yoast-schema-graph\">{\"@context\":\"https:\/\/schema.org\",\"@graph\":[{\"@type\":\"WebPage\",\"@id\":\"https:\/\/allwintheme.com\/product\/yith-paypal-adaptive-payments-for-woocommerce-premium\/\",\"url\":\"https:\/\/allwintheme.com\/product\/yith-paypal-adaptive-payments-for-woocommerce-premium\/\",\"name\":\"YITH Paypal Adaptive Payments for WooCommerce Premium - AllWin Theme \u2013 Free WordPress Themes Download\",\"isPartOf\":{\"@id\":\"https:\/\/allwintheme.com\/#website\"},\"primaryImageOfPage\":{\"@id\":\"https:\/\/allwintheme.com\/product\/yith-paypal-adaptive-payments-for-woocommerce-premium\/#primaryimage\"},\"image\":{\"@id\":\"https:\/\/allwintheme.com\/product\/yith-paypal-adaptive-payments-for-woocommerce-premium\/#primaryimage\"},\"thumbnailUrl\":\"https:\/\/allwintheme.com\/wp-content\/uploads\/2025\/10\/nm30x4gg.png\",\"datePublished\":\"2025-10-01T09:40:33+00:00\",\"dateModified\":\"2025-10-01T09:44:41+00:00\",\"description\":\"Split online sales profits instantly with partners using YITH PayPal Adaptive Payments for WooCommerce. Note: Plugin discontinued due to PayPal changes.\",\"breadcrumb\":{\"@id\":\"https:\/\/allwintheme.com\/product\/yith-paypal-adaptive-payments-for-woocommerce-premium\/#breadcrumb\"},\"inLanguage\":\"es-CL\",\"potentialAction\":[{\"@type\":\"ReadAction\",\"target\":[\"https:\/\/allwintheme.com\/product\/yith-paypal-adaptive-payments-for-woocommerce-premium\/\"]}]},{\"@type\":\"ImageObject\",\"inLanguage\":\"es-CL\",\"@id\":\"https:\/\/allwintheme.com\/product\/yith-paypal-adaptive-payments-for-woocommerce-premium\/#primaryimage\",\"url\":\"https:\/\/allwintheme.com\/wp-content\/uploads\/2025\/10\/nm30x4gg.png\",\"contentUrl\":\"https:\/\/allwintheme.com\/wp-content\/uploads\/2025\/10\/nm30x4gg.png\",\"width\":590,\"height\":300,\"caption\":\"YITH Paypal Adaptive Payments for WooCommerce Premium\"},{\"@type\":\"BreadcrumbList\",\"@id\":\"https:\/\/allwintheme.com\/product\/yith-paypal-adaptive-payments-for-woocommerce-premium\/#breadcrumb\",\"itemListElement\":[{\"@type\":\"ListItem\",\"position\":1,\"name\":\"Home\",\"item\":\"https:\/\/allwintheme.com\/\"},{\"@type\":\"ListItem\",\"position\":2,\"name\":\"Shop\",\"item\":\"https:\/\/allwintheme.com\/shop\/\"},{\"@type\":\"ListItem\",\"position\":3,\"name\":\"YITH Paypal Adaptive Payments for WooCommerce Premium\"}]},{\"@type\":\"WebSite\",\"@id\":\"https:\/\/allwintheme.com\/#website\",\"url\":\"https:\/\/allwintheme.com\/\",\"name\":\"Allwintheme\",\"description\":\"Download free WordPress themes for every niche. Blogs, business, eCommerce, portfolio, restaurant and more. All themes are GPL licensed and mobile-ready.\",\"potentialAction\":[{\"@type\":\"SearchAction\",\"target\":{\"@type\":\"EntryPoint\",\"urlTemplate\":\"https:\/\/allwintheme.com\/?s={search_term_string}\"},\"query-input\":{\"@type\":\"PropertyValueSpecification\",\"valueRequired\":true,\"valueName\":\"search_term_string\"}}],\"inLanguage\":\"es-CL\"}]}<\/script>\n<!-- \/ Yoast SEO Premium plugin. -->","yoast_head_json":{"title":"YITH Paypal Adaptive Payments for WooCommerce Premium - AllWin Theme - Free WordPress Themes Download","description":"Divida los beneficios de las ventas online instant\u00e1neamente con sus socios utilizando YITH PayPal Adaptive Payments for WooCommerce. Nota: Plugin descontinuado debido a los cambios de PayPal.","robots":{"index":"index","follow":"follow","max-snippet":"max-snippet:-1","max-image-preview":"max-image-preview:large","max-video-preview":"max-video-preview:-1"},"canonical":"https:\/\/allwintheme.com\/es\/producto\/yith-paypal-adaptive-payments-for-woocommerce-premium\/","og_locale":"es_ES","og_type":"article","og_title":"YITH Paypal Adaptive Payments for WooCommerce Premium","og_description":"Split online sales profits instantly with partners using YITH PayPal Adaptive Payments for WooCommerce. Note: Plugin discontinued due to PayPal changes.","og_url":"https:\/\/allwintheme.com\/es\/producto\/yith-paypal-adaptive-payments-for-woocommerce-premium\/","og_site_name":"AllWin Theme \u2013 Free WordPress Themes Download","article_modified_time":"2025-10-01T09:44:41+00:00","og_image":[{"width":590,"height":300,"url":"https:\/\/allwintheme.com\/wp-content\/uploads\/2025\/10\/nm30x4gg.png","type":"image\/png"}],"twitter_card":"summary_large_image","twitter_misc":{"Tiempo estimado de lectura":"2 minutos"},"schema":{"@context":"https:\/\/schema.org","@graph":[{"@type":"WebPage","@id":"https:\/\/allwintheme.com\/product\/yith-paypal-adaptive-payments-for-woocommerce-premium\/","url":"https:\/\/allwintheme.com\/product\/yith-paypal-adaptive-payments-for-woocommerce-premium\/","name":"YITH Paypal Adaptive Payments for WooCommerce Premium - AllWin Theme - Free WordPress Themes Download","isPartOf":{"@id":"https:\/\/allwintheme.com\/#website"},"primaryImageOfPage":{"@id":"https:\/\/allwintheme.com\/product\/yith-paypal-adaptive-payments-for-woocommerce-premium\/#primaryimage"},"image":{"@id":"https:\/\/allwintheme.com\/product\/yith-paypal-adaptive-payments-for-woocommerce-premium\/#primaryimage"},"thumbnailUrl":"https:\/\/allwintheme.com\/wp-content\/uploads\/2025\/10\/nm30x4gg.png","datePublished":"2025-10-01T09:40:33+00:00","dateModified":"2025-10-01T09:44:41+00:00","description":"Divida los beneficios de las ventas online instant\u00e1neamente con sus socios utilizando YITH PayPal Adaptive Payments for WooCommerce. Nota: Plugin descontinuado debido a los cambios de PayPal.","breadcrumb":{"@id":"https:\/\/allwintheme.com\/product\/yith-paypal-adaptive-payments-for-woocommerce-premium\/#breadcrumb"},"inLanguage":"es-CL","potentialAction":[{"@type":"ReadAction","target":["https:\/\/allwintheme.com\/product\/yith-paypal-adaptive-payments-for-woocommerce-premium\/"]}]},{"@type":"ImageObject","inLanguage":"es-CL","@id":"https:\/\/allwintheme.com\/product\/yith-paypal-adaptive-payments-for-woocommerce-premium\/#primaryimage","url":"https:\/\/allwintheme.com\/wp-content\/uploads\/2025\/10\/nm30x4gg.png","contentUrl":"https:\/\/allwintheme.com\/wp-content\/uploads\/2025\/10\/nm30x4gg.png","width":590,"height":300,"caption":"YITH Paypal Adaptive Payments for WooCommerce Premium"},{"@type":"BreadcrumbList","@id":"https:\/\/allwintheme.com\/product\/yith-paypal-adaptive-payments-for-woocommerce-premium\/#breadcrumb","itemListElement":[{"@type":"ListItem","position":1,"name":"Home","item":"https:\/\/allwintheme.com\/"},{"@type":"ListItem","position":2,"name":"Shop","item":"https:\/\/allwintheme.com\/shop\/"},{"@type":"ListItem","position":3,"name":"YITH Paypal Adaptive Payments for WooCommerce Premium"}]},{"@type":"WebSite","@id":"https:\/\/allwintheme.com\/#website","url":"https:\/\/allwintheme.com\/","name":"Allwintheme","description":"Descarga gratis temas de WordPress para todos los nichos. Blogs, negocios, comercio electr\u00f3nico, portafolio, restaurante y m\u00e1s. Todos los temas tienen licencia GPL y est\u00e1n preparados para dispositivos m\u00f3viles.","potentialAction":[{"@type":"SearchAction","target":{"@type":"EntryPoint","urlTemplate":"https:\/\/allwintheme.com\/?s={search_term_string}"},"query-input":{"@type":"PropertyValueSpecification","valueRequired":true,"valueName":"search_term_string"}}],"inLanguage":"es-CL"}]}},"_links":{"self":[{"href":"https:\/\/allwintheme.com\/es\/wp-json\/wp\/v2\/product\/8740","targetHints":{"allow":["GET"]}}],"collection":[{"href":"https:\/\/allwintheme.com\/es\/wp-json\/wp\/v2\/product"}],"about":[{"href":"https:\/\/allwintheme.com\/es\/wp-json\/wp\/v2\/types\/product"}],"replies":[{"embeddable":true,"href":"https:\/\/allwintheme.com\/es\/wp-json\/wp\/v2\/comments?post=8740"}],"version-history":[{"count":5,"href":"https:\/\/allwintheme.com\/es\/wp-json\/wp\/v2\/product\/8740\/revisions"}],"predecessor-version":[{"id":8745,"href":"https:\/\/allwintheme.com\/es\/wp-json\/wp\/v2\/product\/8740\/revisions\/8745"}],"wp:featuredmedia":[{"embeddable":true,"href":"https:\/\/allwintheme.com\/es\/wp-json\/wp\/v2\/media\/8678"}],"wp:attachment":[{"href":"https:\/\/allwintheme.com\/es\/wp-json\/wp\/v2\/media?parent=8740"}],"wp:term":[{"taxonomy":"product_brand","embeddable":true,"href":"https:\/\/allwintheme.com\/es\/wp-json\/wp\/v2\/product_brand?post=8740"},{"taxonomy":"product_cat","embeddable":true,"href":"https:\/\/allwintheme.com\/es\/wp-json\/wp\/v2\/product_cat?post=8740"},{"taxonomy":"product_tag","embeddable":true,"href":"https:\/\/allwintheme.com\/es\/wp-json\/wp\/v2\/product_tag?post=8740"}],"curies":[{"name":"wp","href":"https:\/\/api.w.org\/{rel}","templated":true}]}}