{"id":8746,"date":"2025-10-01T09:44:55","date_gmt":"2025-10-01T09:44:55","guid":{"rendered":"https:\/\/allwintheme.com\/?post_type=product&#038;p=8746"},"modified":"2025-10-01T09:54:34","modified_gmt":"2025-10-01T09:54:34","slug":"ait-pagos-paypal","status":"publish","type":"product","link":"https:\/\/allwintheme.com\/es\/producto\/ait-pagos-paypal\/","title":{"rendered":"AIT Pagos PayPal"},"content":{"rendered":"<div data-elementor-type=\"wp-post\" data-elementor-id=\"8746\" class=\"elementor elementor-8746\" data-elementor-settings=\"{&quot;element_pack_global_tooltip_width&quot;:{&quot;unit&quot;:&quot;px&quot;,&quot;size&quot;:&quot;&quot;,&quot;sizes&quot;:[]},&quot;element_pack_global_tooltip_width_tablet&quot;:{&quot;unit&quot;:&quot;px&quot;,&quot;size&quot;:&quot;&quot;,&quot;sizes&quot;:[]},&quot;element_pack_global_tooltip_width_mobile&quot;:{&quot;unit&quot;:&quot;px&quot;,&quot;size&quot;:&quot;&quot;,&quot;sizes&quot;:[]},&quot;element_pack_global_tooltip_padding&quot;:{&quot;unit&quot;:&quot;px&quot;,&quot;top&quot;:&quot;&quot;,&quot;right&quot;:&quot;&quot;,&quot;bottom&quot;:&quot;&quot;,&quot;left&quot;:&quot;&quot;,&quot;isLinked&quot;:true},&quot;element_pack_global_tooltip_padding_tablet&quot;:{&quot;unit&quot;:&quot;px&quot;,&quot;top&quot;:&quot;&quot;,&quot;right&quot;:&quot;&quot;,&quot;bottom&quot;:&quot;&quot;,&quot;left&quot;:&quot;&quot;,&quot;isLinked&quot;:true},&quot;element_pack_global_tooltip_padding_mobile&quot;:{&quot;unit&quot;:&quot;px&quot;,&quot;top&quot;:&quot;&quot;,&quot;right&quot;:&quot;&quot;,&quot;bottom&quot;:&quot;&quot;,&quot;left&quot;:&quot;&quot;,&quot;isLinked&quot;:true},&quot;element_pack_global_tooltip_border_radius&quot;:{&quot;unit&quot;:&quot;px&quot;,&quot;top&quot;:&quot;&quot;,&quot;right&quot;:&quot;&quot;,&quot;bottom&quot;:&quot;&quot;,&quot;left&quot;:&quot;&quot;,&quot;isLinked&quot;:true},&quot;element_pack_global_tooltip_border_radius_tablet&quot;:{&quot;unit&quot;:&quot;px&quot;,&quot;top&quot;:&quot;&quot;,&quot;right&quot;:&quot;&quot;,&quot;bottom&quot;:&quot;&quot;,&quot;left&quot;:&quot;&quot;,&quot;isLinked&quot;:true},&quot;element_pack_global_tooltip_border_radius_mobile&quot;:{&quot;unit&quot;:&quot;px&quot;,&quot;top&quot;:&quot;&quot;,&quot;right&quot;:&quot;&quot;,&quot;bottom&quot;:&quot;&quot;,&quot;left&quot;:&quot;&quot;,&quot;isLinked&quot;:true}}\" data-elementor-post-type=\"product\">\n\t\t\t\t<div class=\"elementor-element elementor-element-93aa4a8 e-con-full e-flex e-con e-parent\" data-id=\"93aa4a8\" data-element_type=\"container\" data-e-type=\"container\">\n\t\t\t\t<div class=\"elementor-element elementor-element-2c3f760 miaoshu elementor-widget elementor-widget-wd_text_block\" data-id=\"2c3f760\" data-element_type=\"widget\" data-e-type=\"widget\" data-widget_type=\"wd_text_block.default\">\n\t\t\t\t<div class=\"elementor-widget-container\">\n\t\t\t\t\t\t\t<div class=\"wd-text-block reset-last-child text-left\">\n\t\t\t\n\t\t\t<h2>AIT Pagos PayPal: Simplifique su proceso de pago<\/h2>\n<p>Con el <strong>AIT Pagos PayPal<\/strong> puede agilizar el cobro de pagos en su sitio web. <strong>Por ejemplo<\/strong>Este potente complemento se integra perfectamente con PayPal, lo que le permite aceptar pagos seguros para el registro de cuentas. <strong>En consecuencia<\/strong>con el que evitar\u00e1 las molestias de gestionar manualmente los procesos de pago.<\/p>\n\n<h3>Precios flexibles y pagos sin esfuerzo<\/h3>\n<p><strong>En primer lugar<\/strong>AIT Pagos de PayPal le permite establecer varios niveles de precios para las inscripciones de cuentas. <strong>En consecuencia<\/strong>podr\u00e1 satisfacer las necesidades de los usuarios con facilidad. <strong>Adem\u00e1s<\/strong>El plugin aprovecha la pasarela de pago de confianza de PayPal para garantizar transacciones seguras y fiables tanto para usted como para sus usuarios.<\/p>\n\n<h3>\u00bfPor qu\u00e9 elegir AIT PayPal Payments?<\/h3>\n<ul>\n    <li><strong>Precios personalizables:<\/strong> Puede definir varios precios para las inscripciones que se adapten a su modelo de negocio.<\/li>\n    <li><strong>Integraci\u00f3n perfecta con PayPal:<\/strong> <strong>Adem\u00e1s<\/strong>El plugin se conecta directamente con PayPal para procesar los pagos sin problemas.<\/li>\n    <li><strong>Configuraci\u00f3n r\u00e1pida:<\/strong> <strong>Adem\u00e1s<\/strong>, la interfaz de f\u00e1cil uso le ayuda a configurar el plugin en cuesti\u00f3n de minutos.<\/li>\n    <li><strong>Automatizaci\u00f3n que ahorra tiempo:<\/strong> El plugin se encarga de procesar los pagos, por lo que ahorrar\u00e1 tiempo y esfuerzo.<\/li>\n<\/ul>\n\n<h3>Configuraci\u00f3n sencilla y c\u00f3moda<\/h3>\n<p><strong>Siguiente<\/strong>AIT PayPal Payments ofrece un proceso de configuraci\u00f3n sencillo. <strong>Por ejemplo<\/strong>Su interfaz intuitiva le permite configurar r\u00e1pidamente las opciones de pago, tanto si gestiona un sitio de afiliaci\u00f3n, un servicio de suscripci\u00f3n o cualquier plataforma que requiera registros de pago. <strong>As\u00ed<\/strong>, usted ofrece una experiencia de pago profesional sin complejidad.<\/p>\n\n<h3>Empiece a utilizar AIT PayPal Payments hoy mismo<\/h3>\n<p><strong>Por \u00faltimo<\/strong>AIT PayPal Payments transforma su forma de gestionar los pagos. Puede ofrecer a los usuarios una experiencia de pago fluida a la vez que controla f\u00e1cilmente los precios. <strong>Por lo tanto<\/strong>Explore la configuraci\u00f3n hoy mismo y descubra lo sencillo que es integrar PayPal en su sitio Web.<\/p>\n\t\t\t\t\t<\/div>\n\t\t\t\t\t\t<\/div>\n\t\t\t\t<\/div>\n\t\t\t\t<\/div>\n\t\t\t\t<\/div>","protected":false},"excerpt":{"rendered":"<p>AIT PayPal Payments: Simplify Your Payment Process With the AIT PayPal Payments plugin, you can streamline payment collection for your<\/p>","protected":false},"featured_media":8677,"comment_status":"open","ping_status":"closed","template":"","meta":{"_acf_changed":false},"product_brand":[],"product_cat":[49],"product_tag":[],"class_list":{"0":"post-8746","1":"product","2":"type-product","3":"status-publish","4":"has-post-thumbnail","6":"product_cat-plugins","8":"first","9":"instock","10":"sale","11":"downloadable","12":"shipping-taxable","13":"purchasable","14":"product-type-simple"},"acf":[],"yoast_head":"<!-- This site is optimized with the Yoast SEO Premium plugin v25.6 (Yoast SEO v27.1.1) - https:\/\/yoast.com\/product\/yoast-seo-premium-wordpress\/ -->\n<title>AIT PayPal Payments - AllWin Theme \u2013 Free WordPress Themes Download<\/title>\n<meta name=\"description\" content=\"Easily manage payments with AIT PayPal Payments. Set multiple pricing tiers and let PayPal securely handle transactions for you. #PayPal Payments\" \/>\n<meta name=\"robots\" content=\"index, follow, max-snippet:-1, max-image-preview:large, max-video-preview:-1\" \/>\n<link rel=\"canonical\" href=\"https:\/\/allwintheme.com\/es\/producto\/ait-pagos-paypal\/\" \/>\n<meta property=\"og:locale\" content=\"es_ES\" \/>\n<meta property=\"og:type\" content=\"article\" \/>\n<meta property=\"og:title\" content=\"AIT PayPal Payments\" \/>\n<meta property=\"og:description\" content=\"Easily manage payments with AIT PayPal Payments. Set multiple pricing tiers and let PayPal securely handle transactions for you. #PayPal Payments\" \/>\n<meta property=\"og:url\" content=\"https:\/\/allwintheme.com\/es\/producto\/ait-pagos-paypal\/\" \/>\n<meta property=\"og:site_name\" content=\"AllWin Theme \u2013 Free WordPress Themes Download\" \/>\n<meta property=\"article:modified_time\" content=\"2025-10-01T09:54:34+00:00\" \/>\n<meta property=\"og:image\" content=\"https:\/\/allwintheme.com\/wp-content\/uploads\/2025\/10\/qt3ztcpo.png\" \/>\n\t<meta property=\"og:image:width\" content=\"640\" \/>\n\t<meta property=\"og:image:height\" content=\"426\" \/>\n\t<meta property=\"og:image:type\" content=\"image\/png\" \/>\n<meta name=\"twitter:card\" content=\"summary_large_image\" \/>\n<meta name=\"twitter:label1\" content=\"Tiempo estimado de lectura\" \/>\n\t<meta name=\"twitter:data1\" content=\"2 minutos\" \/>\n<script type=\"application\/ld+json\" class=\"yoast-schema-graph\">{\"@context\":\"https:\/\/schema.org\",\"@graph\":[{\"@type\":\"WebPage\",\"@id\":\"https:\/\/allwintheme.com\/product\/ait-paypal-payments\/\",\"url\":\"https:\/\/allwintheme.com\/product\/ait-paypal-payments\/\",\"name\":\"AIT PayPal Payments - AllWin Theme \u2013 Free WordPress Themes Download\",\"isPartOf\":{\"@id\":\"https:\/\/allwintheme.com\/#website\"},\"primaryImageOfPage\":{\"@id\":\"https:\/\/allwintheme.com\/product\/ait-paypal-payments\/#primaryimage\"},\"image\":{\"@id\":\"https:\/\/allwintheme.com\/product\/ait-paypal-payments\/#primaryimage\"},\"thumbnailUrl\":\"https:\/\/allwintheme.com\/wp-content\/uploads\/2025\/10\/qt3ztcpo.png\",\"datePublished\":\"2025-10-01T09:44:55+00:00\",\"dateModified\":\"2025-10-01T09:54:34+00:00\",\"description\":\"Easily manage payments with AIT PayPal Payments. Set multiple pricing tiers and let PayPal securely handle transactions for you. #PayPal Payments\",\"breadcrumb\":{\"@id\":\"https:\/\/allwintheme.com\/product\/ait-paypal-payments\/#breadcrumb\"},\"inLanguage\":\"es-CL\",\"potentialAction\":[{\"@type\":\"ReadAction\",\"target\":[\"https:\/\/allwintheme.com\/product\/ait-paypal-payments\/\"]}]},{\"@type\":\"ImageObject\",\"inLanguage\":\"es-CL\",\"@id\":\"https:\/\/allwintheme.com\/product\/ait-paypal-payments\/#primaryimage\",\"url\":\"https:\/\/allwintheme.com\/wp-content\/uploads\/2025\/10\/qt3ztcpo.png\",\"contentUrl\":\"https:\/\/allwintheme.com\/wp-content\/uploads\/2025\/10\/qt3ztcpo.png\",\"width\":640,\"height\":426,\"caption\":\"AIT PayPal Payments\"},{\"@type\":\"BreadcrumbList\",\"@id\":\"https:\/\/allwintheme.com\/product\/ait-paypal-payments\/#breadcrumb\",\"itemListElement\":[{\"@type\":\"ListItem\",\"position\":1,\"name\":\"Home\",\"item\":\"https:\/\/allwintheme.com\/\"},{\"@type\":\"ListItem\",\"position\":2,\"name\":\"Shop\",\"item\":\"https:\/\/allwintheme.com\/shop\/\"},{\"@type\":\"ListItem\",\"position\":3,\"name\":\"AIT PayPal Payments\"}]},{\"@type\":\"WebSite\",\"@id\":\"https:\/\/allwintheme.com\/#website\",\"url\":\"https:\/\/allwintheme.com\/\",\"name\":\"Allwintheme\",\"description\":\"Download free WordPress themes for every niche. Blogs, business, eCommerce, portfolio, restaurant and more. All themes are GPL licensed and mobile-ready.\",\"potentialAction\":[{\"@type\":\"SearchAction\",\"target\":{\"@type\":\"EntryPoint\",\"urlTemplate\":\"https:\/\/allwintheme.com\/?s={search_term_string}\"},\"query-input\":{\"@type\":\"PropertyValueSpecification\",\"valueRequired\":true,\"valueName\":\"search_term_string\"}}],\"inLanguage\":\"es-CL\"}]}<\/script>\n<!-- \/ Yoast SEO Premium plugin. -->","yoast_head_json":{"title":"AIT PayPal Payments - AllWin Theme \u2013 Free WordPress Themes Download","description":"Gestione f\u00e1cilmente los pagos con AIT Pagos de PayPal. Establezca varios niveles de precios y deje que PayPal gestione las transacciones por usted de forma segura. 1TP5Pagos de PayPal","robots":{"index":"index","follow":"follow","max-snippet":"max-snippet:-1","max-image-preview":"max-image-preview:large","max-video-preview":"max-video-preview:-1"},"canonical":"https:\/\/allwintheme.com\/es\/producto\/ait-pagos-paypal\/","og_locale":"es_ES","og_type":"article","og_title":"AIT PayPal Payments","og_description":"Easily manage payments with AIT PayPal Payments. Set multiple pricing tiers and let PayPal securely handle transactions for you. #PayPal Payments","og_url":"https:\/\/allwintheme.com\/es\/producto\/ait-pagos-paypal\/","og_site_name":"AllWin Theme \u2013 Free WordPress Themes Download","article_modified_time":"2025-10-01T09:54:34+00:00","og_image":[{"width":640,"height":426,"url":"https:\/\/allwintheme.com\/wp-content\/uploads\/2025\/10\/qt3ztcpo.png","type":"image\/png"}],"twitter_card":"summary_large_image","twitter_misc":{"Tiempo estimado de lectura":"2 minutos"},"schema":{"@context":"https:\/\/schema.org","@graph":[{"@type":"WebPage","@id":"https:\/\/allwintheme.com\/product\/ait-paypal-payments\/","url":"https:\/\/allwintheme.com\/product\/ait-paypal-payments\/","name":"AIT PayPal Payments - AllWin Theme \u2013 Free WordPress Themes Download","isPartOf":{"@id":"https:\/\/allwintheme.com\/#website"},"primaryImageOfPage":{"@id":"https:\/\/allwintheme.com\/product\/ait-paypal-payments\/#primaryimage"},"image":{"@id":"https:\/\/allwintheme.com\/product\/ait-paypal-payments\/#primaryimage"},"thumbnailUrl":"https:\/\/allwintheme.com\/wp-content\/uploads\/2025\/10\/qt3ztcpo.png","datePublished":"2025-10-01T09:44:55+00:00","dateModified":"2025-10-01T09:54:34+00:00","description":"Gestione f\u00e1cilmente los pagos con AIT Pagos de PayPal. Establezca varios niveles de precios y deje que PayPal gestione las transacciones por usted de forma segura. 1TP5Pagos de PayPal","breadcrumb":{"@id":"https:\/\/allwintheme.com\/product\/ait-paypal-payments\/#breadcrumb"},"inLanguage":"es-CL","potentialAction":[{"@type":"ReadAction","target":["https:\/\/allwintheme.com\/product\/ait-paypal-payments\/"]}]},{"@type":"ImageObject","inLanguage":"es-CL","@id":"https:\/\/allwintheme.com\/product\/ait-paypal-payments\/#primaryimage","url":"https:\/\/allwintheme.com\/wp-content\/uploads\/2025\/10\/qt3ztcpo.png","contentUrl":"https:\/\/allwintheme.com\/wp-content\/uploads\/2025\/10\/qt3ztcpo.png","width":640,"height":426,"caption":"AIT PayPal Payments"},{"@type":"BreadcrumbList","@id":"https:\/\/allwintheme.com\/product\/ait-paypal-payments\/#breadcrumb","itemListElement":[{"@type":"ListItem","position":1,"name":"Home","item":"https:\/\/allwintheme.com\/"},{"@type":"ListItem","position":2,"name":"Shop","item":"https:\/\/allwintheme.com\/shop\/"},{"@type":"ListItem","position":3,"name":"AIT PayPal Payments"}]},{"@type":"WebSite","@id":"https:\/\/allwintheme.com\/#website","url":"https:\/\/allwintheme.com\/","name":"Allwintheme","description":"Descarga gratis temas de WordPress para todos los nichos. Blogs, negocios, comercio electr\u00f3nico, portafolio, restaurante y m\u00e1s. Todos los temas tienen licencia GPL y est\u00e1n preparados para dispositivos m\u00f3viles.","potentialAction":[{"@type":"SearchAction","target":{"@type":"EntryPoint","urlTemplate":"https:\/\/allwintheme.com\/?s={search_term_string}"},"query-input":{"@type":"PropertyValueSpecification","valueRequired":true,"valueName":"search_term_string"}}],"inLanguage":"es-CL"}]}},"_links":{"self":[{"href":"https:\/\/allwintheme.com\/es\/wp-json\/wp\/v2\/product\/8746","targetHints":{"allow":["GET"]}}],"collection":[{"href":"https:\/\/allwintheme.com\/es\/wp-json\/wp\/v2\/product"}],"about":[{"href":"https:\/\/allwintheme.com\/es\/wp-json\/wp\/v2\/types\/product"}],"replies":[{"embeddable":true,"href":"https:\/\/allwintheme.com\/es\/wp-json\/wp\/v2\/comments?post=8746"}],"version-history":[{"count":14,"href":"https:\/\/allwintheme.com\/es\/wp-json\/wp\/v2\/product\/8746\/revisions"}],"predecessor-version":[{"id":8760,"href":"https:\/\/allwintheme.com\/es\/wp-json\/wp\/v2\/product\/8746\/revisions\/8760"}],"wp:featuredmedia":[{"embeddable":true,"href":"https:\/\/allwintheme.com\/es\/wp-json\/wp\/v2\/media\/8677"}],"wp:attachment":[{"href":"https:\/\/allwintheme.com\/es\/wp-json\/wp\/v2\/media?parent=8746"}],"wp:term":[{"taxonomy":"product_brand","embeddable":true,"href":"https:\/\/allwintheme.com\/es\/wp-json\/wp\/v2\/product_brand?post=8746"},{"taxonomy":"product_cat","embeddable":true,"href":"https:\/\/allwintheme.com\/es\/wp-json\/wp\/v2\/product_cat?post=8746"},{"taxonomy":"product_tag","embeddable":true,"href":"https:\/\/allwintheme.com\/es\/wp-json\/wp\/v2\/product_tag?post=8746"}],"curies":[{"name":"wp","href":"https:\/\/api.w.org\/{rel}","templated":true}]}}