{"id":8765,"date":"2025-10-01T09:57:26","date_gmt":"2025-10-01T09:57:26","guid":{"rendered":"https:\/\/allwintheme.com\/?post_type=product&#038;p=8765"},"modified":"2025-10-01T10:03:10","modified_gmt":"2025-10-01T10:03:10","slug":"ait-suscripciones-paypal","status":"publish","type":"product","link":"https:\/\/allwintheme.com\/es\/producto\/ait-suscripciones-paypal\/","title":{"rendered":"Suscripciones AIT PayPal"},"content":{"rendered":"<div data-elementor-type=\"wp-post\" data-elementor-id=\"8765\" class=\"elementor elementor-8765\" data-elementor-settings=\"{&quot;element_pack_global_tooltip_width&quot;:{&quot;unit&quot;:&quot;px&quot;,&quot;size&quot;:&quot;&quot;,&quot;sizes&quot;:[]},&quot;element_pack_global_tooltip_width_tablet&quot;:{&quot;unit&quot;:&quot;px&quot;,&quot;size&quot;:&quot;&quot;,&quot;sizes&quot;:[]},&quot;element_pack_global_tooltip_width_mobile&quot;:{&quot;unit&quot;:&quot;px&quot;,&quot;size&quot;:&quot;&quot;,&quot;sizes&quot;:[]},&quot;element_pack_global_tooltip_padding&quot;:{&quot;unit&quot;:&quot;px&quot;,&quot;top&quot;:&quot;&quot;,&quot;right&quot;:&quot;&quot;,&quot;bottom&quot;:&quot;&quot;,&quot;left&quot;:&quot;&quot;,&quot;isLinked&quot;:true},&quot;element_pack_global_tooltip_padding_tablet&quot;:{&quot;unit&quot;:&quot;px&quot;,&quot;top&quot;:&quot;&quot;,&quot;right&quot;:&quot;&quot;,&quot;bottom&quot;:&quot;&quot;,&quot;left&quot;:&quot;&quot;,&quot;isLinked&quot;:true},&quot;element_pack_global_tooltip_padding_mobile&quot;:{&quot;unit&quot;:&quot;px&quot;,&quot;top&quot;:&quot;&quot;,&quot;right&quot;:&quot;&quot;,&quot;bottom&quot;:&quot;&quot;,&quot;left&quot;:&quot;&quot;,&quot;isLinked&quot;:true},&quot;element_pack_global_tooltip_border_radius&quot;:{&quot;unit&quot;:&quot;px&quot;,&quot;top&quot;:&quot;&quot;,&quot;right&quot;:&quot;&quot;,&quot;bottom&quot;:&quot;&quot;,&quot;left&quot;:&quot;&quot;,&quot;isLinked&quot;:true},&quot;element_pack_global_tooltip_border_radius_tablet&quot;:{&quot;unit&quot;:&quot;px&quot;,&quot;top&quot;:&quot;&quot;,&quot;right&quot;:&quot;&quot;,&quot;bottom&quot;:&quot;&quot;,&quot;left&quot;:&quot;&quot;,&quot;isLinked&quot;:true},&quot;element_pack_global_tooltip_border_radius_mobile&quot;:{&quot;unit&quot;:&quot;px&quot;,&quot;top&quot;:&quot;&quot;,&quot;right&quot;:&quot;&quot;,&quot;bottom&quot;:&quot;&quot;,&quot;left&quot;:&quot;&quot;,&quot;isLinked&quot;:true}}\" data-elementor-post-type=\"product\">\n\t\t\t\t<div class=\"elementor-element elementor-element-93aa4a8 e-con-full e-flex e-con e-parent\" data-id=\"93aa4a8\" data-element_type=\"container\" data-e-type=\"container\">\n\t\t\t\t<div class=\"elementor-element elementor-element-2c3f760 miaoshu elementor-widget elementor-widget-wd_text_block\" data-id=\"2c3f760\" data-element_type=\"widget\" data-e-type=\"widget\" data-widget_type=\"wd_text_block.default\">\n\t\t\t\t<div class=\"elementor-widget-container\">\n\t\t\t\t\t\t\t<div class=\"wd-text-block reset-last-child text-left\">\n\t\t\t\n\t\t\t<h2>AIT Suscripciones de PayPal: Gestione pagos peri\u00f3dicos sin esfuerzo<\/h2>\n<p><strong>Suscripciones AIT PayPal<\/strong> agiliza los pagos recurrentes para usted y sus usuarios. Por ejemplo, este complemento integra el sistema de pagos peri\u00f3dicos de PayPal, para que puedas automatizar las renovaciones de cuentas. De este modo, los usuarios ya no tendr\u00e1n que realizar un seguimiento de las fechas de caducidad ni procesar los pagos manualmente, lo que supone un ahorro de tiempo y esfuerzo.<\/p>\n\n<h3>Simplifique las renovaciones con Active Automation<\/h3>\n<p>Con AIT Suscripciones a PayPal, los usuarios configuran activamente sus cuentas para utilizar la pasarela de pagos peri\u00f3dicos de PayPal. Una vez configurado, el sistema cobra autom\u00e1ticamente la tarifa de suscripci\u00f3n predefinida a intervalos regulares. Como resultado, esto garantiza una experiencia fluida e ininterrumpida para sus suscriptores.<\/p>\n\n<h3>\u00bfPor qu\u00e9 elegir las suscripciones PayPal de AIT?<\/h3>\n<ul>\n    <li><strong>Facturaci\u00f3n autom\u00e1tica:<\/strong> El plugin cobra autom\u00e1ticamente tarifas predefinidas, reduciendo el trabajo manual.<\/li>\n    <li><strong>Renovaciones sin estr\u00e9s:<\/strong> Los usuarios disfrutan de renovaciones sin seguimiento de fechas de vencimiento, lo que aumenta la comodidad.<\/li>\n    <li><strong>Integraci\u00f3n segura de PayPal:<\/strong> El plugin aprovecha el sistema de confianza de PayPal para realizar transacciones seguras.<\/li>\n    <li><strong>F\u00e1cil configuraci\u00f3n:<\/strong> Tanto los propietarios de los sitios como los suscriptores configuran r\u00e1pidamente el plugin con un esfuerzo m\u00ednimo.<\/li>\n<\/ul>\n\n<h3>Aumente la eficacia de la gesti\u00f3n de suscripciones<\/h3>\n<p>AIT Suscripciones de PayPal elimina la complejidad de la facturaci\u00f3n peri\u00f3dica. Por ejemplo, si gestiona un sitio de suscripci\u00f3n o un servicio de suscripci\u00f3n, este complemento simplifica el proceso de pago. Adem\u00e1s, mantiene a sus usuarios satisfechos con renovaciones sin problemas, lo que le permite centrarse en el crecimiento de su negocio.<\/p>\n\n<h3>Comience a utilizar las suscripciones AIT PayPal hoy mismo<\/h3>\n<p>Transforme el sistema de pago de su sitio web con <strong>Suscripciones AIT PayPal<\/strong>. Al automatizar la facturaci\u00f3n, ofrecer\u00e1 comodidad a los usuarios y garantizar\u00e1 unos ingresos fiables. Por lo tanto, instale el plugin ahora y mejore la gesti\u00f3n de sus suscripciones.<\/p>\n\t\t\t\t\t<\/div>\n\t\t\t\t\t\t<\/div>\n\t\t\t\t<\/div>\n\t\t\t\t<\/div>\n\t\t\t\t<\/div>","protected":false},"excerpt":{"rendered":"<p>AIT PayPal Subscriptions: Effortlessly Manage Recurring Payments AIT PayPal Subscriptions streamlines recurring payments for you and your users. For example,<\/p>","protected":false},"featured_media":8676,"comment_status":"open","ping_status":"closed","template":"","meta":{"_acf_changed":false},"product_brand":[],"product_cat":[49],"product_tag":[],"class_list":{"0":"post-8765","1":"product","2":"type-product","3":"status-publish","4":"has-post-thumbnail","6":"product_cat-plugins","8":"first","9":"instock","10":"sale","11":"downloadable","12":"shipping-taxable","13":"purchasable","14":"product-type-simple"},"acf":[],"yoast_head":"<!-- This site is optimized with the Yoast SEO Premium plugin v25.6 (Yoast SEO v27.1.1) - https:\/\/yoast.com\/product\/yoast-seo-premium-wordpress\/ -->\n<title>AIT PayPal Subscriptions - AllWin Theme \u2013 Free WordPress Themes Download<\/title>\n<meta name=\"description\" content=\"Simplify account renewals with AIT PayPal Subscriptions. Automate recurring payments, ensuring hassle-free billing for your users.\" \/>\n<meta name=\"robots\" content=\"index, follow, max-snippet:-1, max-image-preview:large, max-video-preview:-1\" \/>\n<link rel=\"canonical\" href=\"https:\/\/allwintheme.com\/es\/producto\/ait-suscripciones-paypal\/\" \/>\n<meta property=\"og:locale\" content=\"es_ES\" \/>\n<meta property=\"og:type\" content=\"article\" \/>\n<meta property=\"og:title\" content=\"AIT PayPal Subscriptions\" \/>\n<meta property=\"og:description\" content=\"Simplify account renewals with AIT PayPal Subscriptions. Automate recurring payments, ensuring hassle-free billing for your users.\" \/>\n<meta property=\"og:url\" content=\"https:\/\/allwintheme.com\/es\/producto\/ait-suscripciones-paypal\/\" \/>\n<meta property=\"og:site_name\" content=\"AllWin Theme \u2013 Free WordPress Themes Download\" \/>\n<meta property=\"article:modified_time\" content=\"2025-10-01T10:03:10+00:00\" \/>\n<meta property=\"og:image\" content=\"https:\/\/allwintheme.com\/wp-content\/uploads\/2025\/10\/icjba2yn.png\" \/>\n\t<meta property=\"og:image:width\" content=\"640\" \/>\n\t<meta property=\"og:image:height\" content=\"426\" \/>\n\t<meta property=\"og:image:type\" content=\"image\/png\" \/>\n<meta name=\"twitter:card\" content=\"summary_large_image\" \/>\n<meta name=\"twitter:label1\" content=\"Tiempo estimado de lectura\" \/>\n\t<meta name=\"twitter:data1\" content=\"2 minutos\" \/>\n<script type=\"application\/ld+json\" class=\"yoast-schema-graph\">{\"@context\":\"https:\/\/schema.org\",\"@graph\":[{\"@type\":\"WebPage\",\"@id\":\"https:\/\/allwintheme.com\/product\/ait-paypal-subscriptions\/\",\"url\":\"https:\/\/allwintheme.com\/product\/ait-paypal-subscriptions\/\",\"name\":\"AIT PayPal Subscriptions - AllWin Theme \u2013 Free WordPress Themes Download\",\"isPartOf\":{\"@id\":\"https:\/\/allwintheme.com\/#website\"},\"primaryImageOfPage\":{\"@id\":\"https:\/\/allwintheme.com\/product\/ait-paypal-subscriptions\/#primaryimage\"},\"image\":{\"@id\":\"https:\/\/allwintheme.com\/product\/ait-paypal-subscriptions\/#primaryimage\"},\"thumbnailUrl\":\"https:\/\/allwintheme.com\/wp-content\/uploads\/2025\/10\/icjba2yn.png\",\"datePublished\":\"2025-10-01T09:57:26+00:00\",\"dateModified\":\"2025-10-01T10:03:10+00:00\",\"description\":\"Simplify account renewals with AIT PayPal Subscriptions. Automate recurring payments, ensuring hassle-free billing for your users.\",\"breadcrumb\":{\"@id\":\"https:\/\/allwintheme.com\/product\/ait-paypal-subscriptions\/#breadcrumb\"},\"inLanguage\":\"es-CL\",\"potentialAction\":[{\"@type\":\"ReadAction\",\"target\":[\"https:\/\/allwintheme.com\/product\/ait-paypal-subscriptions\/\"]}]},{\"@type\":\"ImageObject\",\"inLanguage\":\"es-CL\",\"@id\":\"https:\/\/allwintheme.com\/product\/ait-paypal-subscriptions\/#primaryimage\",\"url\":\"https:\/\/allwintheme.com\/wp-content\/uploads\/2025\/10\/icjba2yn.png\",\"contentUrl\":\"https:\/\/allwintheme.com\/wp-content\/uploads\/2025\/10\/icjba2yn.png\",\"width\":640,\"height\":426,\"caption\":\"AIT PayPal Subscriptions\"},{\"@type\":\"BreadcrumbList\",\"@id\":\"https:\/\/allwintheme.com\/product\/ait-paypal-subscriptions\/#breadcrumb\",\"itemListElement\":[{\"@type\":\"ListItem\",\"position\":1,\"name\":\"Home\",\"item\":\"https:\/\/allwintheme.com\/\"},{\"@type\":\"ListItem\",\"position\":2,\"name\":\"Shop\",\"item\":\"https:\/\/allwintheme.com\/shop\/\"},{\"@type\":\"ListItem\",\"position\":3,\"name\":\"AIT PayPal Subscriptions\"}]},{\"@type\":\"WebSite\",\"@id\":\"https:\/\/allwintheme.com\/#website\",\"url\":\"https:\/\/allwintheme.com\/\",\"name\":\"Allwintheme\",\"description\":\"Download free WordPress themes for every niche. Blogs, business, eCommerce, portfolio, restaurant and more. All themes are GPL licensed and mobile-ready.\",\"potentialAction\":[{\"@type\":\"SearchAction\",\"target\":{\"@type\":\"EntryPoint\",\"urlTemplate\":\"https:\/\/allwintheme.com\/?s={search_term_string}\"},\"query-input\":{\"@type\":\"PropertyValueSpecification\",\"valueRequired\":true,\"valueName\":\"search_term_string\"}}],\"inLanguage\":\"es-CL\"}]}<\/script>\n<!-- \/ Yoast SEO Premium plugin. -->","yoast_head_json":{"title":"AIT PayPal Subscriptions - AllWin Theme \u2013 Free WordPress Themes Download","description":"Simplifique las renovaciones de cuenta con las suscripciones a PayPal de AIT. Automatice los pagos peri\u00f3dicos y garantice una facturaci\u00f3n sin complicaciones para sus usuarios.","robots":{"index":"index","follow":"follow","max-snippet":"max-snippet:-1","max-image-preview":"max-image-preview:large","max-video-preview":"max-video-preview:-1"},"canonical":"https:\/\/allwintheme.com\/es\/producto\/ait-suscripciones-paypal\/","og_locale":"es_ES","og_type":"article","og_title":"AIT PayPal Subscriptions","og_description":"Simplify account renewals with AIT PayPal Subscriptions. Automate recurring payments, ensuring hassle-free billing for your users.","og_url":"https:\/\/allwintheme.com\/es\/producto\/ait-suscripciones-paypal\/","og_site_name":"AllWin Theme \u2013 Free WordPress Themes Download","article_modified_time":"2025-10-01T10:03:10+00:00","og_image":[{"width":640,"height":426,"url":"https:\/\/allwintheme.com\/wp-content\/uploads\/2025\/10\/icjba2yn.png","type":"image\/png"}],"twitter_card":"summary_large_image","twitter_misc":{"Tiempo estimado de lectura":"2 minutos"},"schema":{"@context":"https:\/\/schema.org","@graph":[{"@type":"WebPage","@id":"https:\/\/allwintheme.com\/product\/ait-paypal-subscriptions\/","url":"https:\/\/allwintheme.com\/product\/ait-paypal-subscriptions\/","name":"AIT PayPal Subscriptions - AllWin Theme \u2013 Free WordPress Themes Download","isPartOf":{"@id":"https:\/\/allwintheme.com\/#website"},"primaryImageOfPage":{"@id":"https:\/\/allwintheme.com\/product\/ait-paypal-subscriptions\/#primaryimage"},"image":{"@id":"https:\/\/allwintheme.com\/product\/ait-paypal-subscriptions\/#primaryimage"},"thumbnailUrl":"https:\/\/allwintheme.com\/wp-content\/uploads\/2025\/10\/icjba2yn.png","datePublished":"2025-10-01T09:57:26+00:00","dateModified":"2025-10-01T10:03:10+00:00","description":"Simplifique las renovaciones de cuenta con las suscripciones a PayPal de AIT. Automatice los pagos peri\u00f3dicos y garantice una facturaci\u00f3n sin complicaciones para sus usuarios.","breadcrumb":{"@id":"https:\/\/allwintheme.com\/product\/ait-paypal-subscriptions\/#breadcrumb"},"inLanguage":"es-CL","potentialAction":[{"@type":"ReadAction","target":["https:\/\/allwintheme.com\/product\/ait-paypal-subscriptions\/"]}]},{"@type":"ImageObject","inLanguage":"es-CL","@id":"https:\/\/allwintheme.com\/product\/ait-paypal-subscriptions\/#primaryimage","url":"https:\/\/allwintheme.com\/wp-content\/uploads\/2025\/10\/icjba2yn.png","contentUrl":"https:\/\/allwintheme.com\/wp-content\/uploads\/2025\/10\/icjba2yn.png","width":640,"height":426,"caption":"AIT PayPal Subscriptions"},{"@type":"BreadcrumbList","@id":"https:\/\/allwintheme.com\/product\/ait-paypal-subscriptions\/#breadcrumb","itemListElement":[{"@type":"ListItem","position":1,"name":"Home","item":"https:\/\/allwintheme.com\/"},{"@type":"ListItem","position":2,"name":"Shop","item":"https:\/\/allwintheme.com\/shop\/"},{"@type":"ListItem","position":3,"name":"AIT PayPal Subscriptions"}]},{"@type":"WebSite","@id":"https:\/\/allwintheme.com\/#website","url":"https:\/\/allwintheme.com\/","name":"Allwintheme","description":"Descarga gratis temas de WordPress para todos los nichos. Blogs, negocios, comercio electr\u00f3nico, portafolio, restaurante y m\u00e1s. Todos los temas tienen licencia GPL y est\u00e1n preparados para dispositivos m\u00f3viles.","potentialAction":[{"@type":"SearchAction","target":{"@type":"EntryPoint","urlTemplate":"https:\/\/allwintheme.com\/?s={search_term_string}"},"query-input":{"@type":"PropertyValueSpecification","valueRequired":true,"valueName":"search_term_string"}}],"inLanguage":"es-CL"}]}},"_links":{"self":[{"href":"https:\/\/allwintheme.com\/es\/wp-json\/wp\/v2\/product\/8765","targetHints":{"allow":["GET"]}}],"collection":[{"href":"https:\/\/allwintheme.com\/es\/wp-json\/wp\/v2\/product"}],"about":[{"href":"https:\/\/allwintheme.com\/es\/wp-json\/wp\/v2\/types\/product"}],"replies":[{"embeddable":true,"href":"https:\/\/allwintheme.com\/es\/wp-json\/wp\/v2\/comments?post=8765"}],"version-history":[{"count":8,"href":"https:\/\/allwintheme.com\/es\/wp-json\/wp\/v2\/product\/8765\/revisions"}],"predecessor-version":[{"id":8773,"href":"https:\/\/allwintheme.com\/es\/wp-json\/wp\/v2\/product\/8765\/revisions\/8773"}],"wp:featuredmedia":[{"embeddable":true,"href":"https:\/\/allwintheme.com\/es\/wp-json\/wp\/v2\/media\/8676"}],"wp:attachment":[{"href":"https:\/\/allwintheme.com\/es\/wp-json\/wp\/v2\/media?parent=8765"}],"wp:term":[{"taxonomy":"product_brand","embeddable":true,"href":"https:\/\/allwintheme.com\/es\/wp-json\/wp\/v2\/product_brand?post=8765"},{"taxonomy":"product_cat","embeddable":true,"href":"https:\/\/allwintheme.com\/es\/wp-json\/wp\/v2\/product_cat?post=8765"},{"taxonomy":"product_tag","embeddable":true,"href":"https:\/\/allwintheme.com\/es\/wp-json\/wp\/v2\/product_tag?post=8765"}],"curies":[{"name":"wp","href":"https:\/\/api.w.org\/{rel}","templated":true}]}}