{"id":8774,"date":"2025-10-01T10:03:24","date_gmt":"2025-10-01T10:03:24","guid":{"rendered":"https:\/\/allwintheme.com\/?post_type=product&#038;p=8774"},"modified":"2025-10-01T10:08:33","modified_gmt":"2025-10-01T10:08:33","slug":"mycred-cashcred-paypal","status":"publish","type":"product","link":"https:\/\/allwintheme.com\/es\/producto\/mycred-cashcred-paypal\/","title":{"rendered":"myCred cashCred PayPal"},"content":{"rendered":"<div data-elementor-type=\"wp-post\" data-elementor-id=\"8774\" class=\"elementor elementor-8774\" data-elementor-settings=\"{&quot;element_pack_global_tooltip_width&quot;:{&quot;unit&quot;:&quot;px&quot;,&quot;size&quot;:&quot;&quot;,&quot;sizes&quot;:[]},&quot;element_pack_global_tooltip_width_tablet&quot;:{&quot;unit&quot;:&quot;px&quot;,&quot;size&quot;:&quot;&quot;,&quot;sizes&quot;:[]},&quot;element_pack_global_tooltip_width_mobile&quot;:{&quot;unit&quot;:&quot;px&quot;,&quot;size&quot;:&quot;&quot;,&quot;sizes&quot;:[]},&quot;element_pack_global_tooltip_padding&quot;:{&quot;unit&quot;:&quot;px&quot;,&quot;top&quot;:&quot;&quot;,&quot;right&quot;:&quot;&quot;,&quot;bottom&quot;:&quot;&quot;,&quot;left&quot;:&quot;&quot;,&quot;isLinked&quot;:true},&quot;element_pack_global_tooltip_padding_tablet&quot;:{&quot;unit&quot;:&quot;px&quot;,&quot;top&quot;:&quot;&quot;,&quot;right&quot;:&quot;&quot;,&quot;bottom&quot;:&quot;&quot;,&quot;left&quot;:&quot;&quot;,&quot;isLinked&quot;:true},&quot;element_pack_global_tooltip_padding_mobile&quot;:{&quot;unit&quot;:&quot;px&quot;,&quot;top&quot;:&quot;&quot;,&quot;right&quot;:&quot;&quot;,&quot;bottom&quot;:&quot;&quot;,&quot;left&quot;:&quot;&quot;,&quot;isLinked&quot;:true},&quot;element_pack_global_tooltip_border_radius&quot;:{&quot;unit&quot;:&quot;px&quot;,&quot;top&quot;:&quot;&quot;,&quot;right&quot;:&quot;&quot;,&quot;bottom&quot;:&quot;&quot;,&quot;left&quot;:&quot;&quot;,&quot;isLinked&quot;:true},&quot;element_pack_global_tooltip_border_radius_tablet&quot;:{&quot;unit&quot;:&quot;px&quot;,&quot;top&quot;:&quot;&quot;,&quot;right&quot;:&quot;&quot;,&quot;bottom&quot;:&quot;&quot;,&quot;left&quot;:&quot;&quot;,&quot;isLinked&quot;:true},&quot;element_pack_global_tooltip_border_radius_mobile&quot;:{&quot;unit&quot;:&quot;px&quot;,&quot;top&quot;:&quot;&quot;,&quot;right&quot;:&quot;&quot;,&quot;bottom&quot;:&quot;&quot;,&quot;left&quot;:&quot;&quot;,&quot;isLinked&quot;:true}}\" data-elementor-post-type=\"product\">\n\t\t\t\t<div class=\"elementor-element elementor-element-93aa4a8 e-con-full e-flex e-con e-parent\" data-id=\"93aa4a8\" data-element_type=\"container\" data-e-type=\"container\">\n\t\t\t\t<div class=\"elementor-element elementor-element-2c3f760 miaoshu elementor-widget elementor-widget-wd_text_block\" data-id=\"2c3f760\" data-element_type=\"widget\" data-e-type=\"widget\" data-widget_type=\"wd_text_block.default\">\n\t\t\t\t<div class=\"elementor-widget-container\">\n\t\t\t\t\t\t\t<div class=\"wd-text-block reset-last-child text-left\">\n\t\t\t\n\t\t\t<h2>myCred cashCred PayPal: Convierte puntos en dinero real sin esfuerzo<\/h2>\n<p><strong>myCred cashCred PayPal<\/strong> es un complemento premium para myCred que permite a los usuarios canjear los puntos que tanto les ha costado ganar por dinero real y retirarlo directamente a trav\u00e9s de PayPal. Por ejemplo, este complemento tiende un puente entre las recompensas de fidelidad y el valor en el mundo real, haciendo que su sistema de recompensas sea m\u00e1s atractivo y pr\u00e1ctico.<\/p>\n\n<h3>Opciones flexibles de retirada para administradores<\/h3>\n<p>Los administradores tienen pleno control sobre los pagos con dos opciones sencillas: procesamiento autom\u00e1tico o manual. En consecuencia, puede adaptar la experiencia para satisfacer las necesidades de su sitio, garantizando un funcionamiento sin problemas y sin retrasos innecesarios.<\/p>\n\n<h3>Caracter\u00edsticas clave que aportan valor<\/h3>\n<ul>\n    <li><strong>Instalaci\u00f3n individual o m\u00faltiple:<\/strong> Implemente el complemento en un sitio web o en varias instalaciones para ampliar su alcance.<\/li>\n    <li><strong>Retiradas autom\u00e1ticas:<\/strong> Los usuarios canjean los puntos al instante, convirti\u00e9ndolos en dinero en efectivo a trav\u00e9s del sistema seguro de PayPal.<\/li>\n    <li><strong>Retiradas manuales:<\/strong> Los administradores revisan y aprueban las solicitudes, lo que le permite supervisar todas las transacciones.<\/li>\n    <li><strong>Seguimiento del estado de las solicitudes:<\/strong> Los usuarios controlan sus retiradas en tiempo real con estados claros: Pendiente, Aprobado o Cancelado. Mientras tanto, los administradores aprueban o rechazan f\u00e1cilmente cada una de ellas.<\/li>\n    <li><strong>L\u00edmites de puntos m\u00ednimos y m\u00e1ximos:<\/strong> Establezca umbrales personalizados de canje de puntos para mantener el equilibrio en su programa.<\/li>\n    <li><strong>Asistencia en divisas y tipos de cambio:<\/strong> Elija su divisa preferida y defina los tipos de cambio directamente en la p\u00e1gina de configuraci\u00f3n de cashCred.<\/li>\n    <li><strong>Tipos de puntos personalizados:<\/strong> Cree tipos de puntos a medida a trav\u00e9s de la pesta\u00f1a de configuraci\u00f3n espec\u00edfica de myCred para obtener recompensas personalizadas.<\/li>\n    <li><strong>Registro de depuraci\u00f3n:<\/strong> Realice un seguimiento detallado de las transacciones de PayPal a trav\u00e9s del registro de depuraci\u00f3n, lo que le ayudar\u00e1 a resolver problemas r\u00e1pidamente si surgen.<\/li>\n<\/ul>\n\n<h3>Mejore hoy su programa de recompensas<\/h3>\n<p>Con <strong>myCred cashCred PayPal<\/strong>Transforme los puntos en ventajas tangibles que hagan que los usuarios vuelvan. Por ejemplo, los pagos autom\u00e1ticos generan confianza, mientras que las opciones manuales a\u00f1aden una capa de seguridad. Adem\u00e1s, los ajustes personalizables garantizan que el addon se adapte perfectamente a su flujo de trabajo. Por lo tanto, \u00a1int\u00e9grelo ahora para aumentar el compromiso y la satisfacci\u00f3n de su comunidad!<\/p>\n\t\t\t\t\t<\/div>\n\t\t\t\t\t\t<\/div>\n\t\t\t\t<\/div>\n\t\t\t\t<\/div>\n\t\t\t\t<\/div>","protected":false},"excerpt":{"rendered":"<p>myCred cashCred PayPal: Convert Points to Real Cash Effortlessly myCred cashCred PayPal serves as a premium addon for myCred, empowering<\/p>","protected":false},"featured_media":8682,"comment_status":"open","ping_status":"closed","template":"","meta":{"_acf_changed":false},"product_brand":[],"product_cat":[49],"product_tag":[],"class_list":{"0":"post-8774","1":"product","2":"type-product","3":"status-publish","4":"has-post-thumbnail","6":"product_cat-plugins","8":"first","9":"instock","10":"sale","11":"downloadable","12":"shipping-taxable","13":"purchasable","14":"product-type-simple"},"acf":[],"yoast_head":"<!-- This site is optimized with the Yoast SEO Premium plugin v25.6 (Yoast SEO v27.1.1) - https:\/\/yoast.com\/product\/yoast-seo-premium-wordpress\/ -->\n<title>myCred cashCred PayPal - AllWin Theme \u2013 Free WordPress Themes Download<\/title>\n<meta name=\"description\" content=\"Simplify account renewals with AIT PayPal Subscriptions. Automate recurring payments, ensuring hassle-free billing for your users.\" \/>\n<meta name=\"robots\" content=\"index, follow, max-snippet:-1, max-image-preview:large, max-video-preview:-1\" \/>\n<link rel=\"canonical\" href=\"https:\/\/allwintheme.com\/es\/producto\/mycred-cashcred-paypal\/\" \/>\n<meta property=\"og:locale\" content=\"es_ES\" \/>\n<meta property=\"og:type\" content=\"article\" \/>\n<meta property=\"og:title\" content=\"myCred cashCred PayPal\" \/>\n<meta property=\"og:description\" content=\"Simplify account renewals with AIT PayPal Subscriptions. Automate recurring payments, ensuring hassle-free billing for your users.\" \/>\n<meta property=\"og:url\" content=\"https:\/\/allwintheme.com\/es\/producto\/mycred-cashcred-paypal\/\" \/>\n<meta property=\"og:site_name\" content=\"AllWin Theme \u2013 Free WordPress Themes Download\" \/>\n<meta property=\"article:modified_time\" content=\"2025-10-01T10:08:33+00:00\" \/>\n<meta property=\"og:image\" content=\"https:\/\/allwintheme.com\/wp-content\/uploads\/2025\/10\/1c9f7u8p.png\" \/>\n\t<meta property=\"og:image:width\" content=\"590\" \/>\n\t<meta property=\"og:image:height\" content=\"300\" \/>\n\t<meta property=\"og:image:type\" content=\"image\/png\" \/>\n<meta name=\"twitter:card\" content=\"summary_large_image\" \/>\n<meta name=\"twitter:label1\" content=\"Tiempo estimado de lectura\" \/>\n\t<meta name=\"twitter:data1\" content=\"2 minutos\" \/>\n<script type=\"application\/ld+json\" class=\"yoast-schema-graph\">{\"@context\":\"https:\/\/schema.org\",\"@graph\":[{\"@type\":\"WebPage\",\"@id\":\"https:\/\/allwintheme.com\/product\/mycred-cashcred-paypal\/\",\"url\":\"https:\/\/allwintheme.com\/product\/mycred-cashcred-paypal\/\",\"name\":\"myCred cashCred PayPal - AllWin Theme \u2013 Free WordPress Themes Download\",\"isPartOf\":{\"@id\":\"https:\/\/allwintheme.com\/#website\"},\"primaryImageOfPage\":{\"@id\":\"https:\/\/allwintheme.com\/product\/mycred-cashcred-paypal\/#primaryimage\"},\"image\":{\"@id\":\"https:\/\/allwintheme.com\/product\/mycred-cashcred-paypal\/#primaryimage\"},\"thumbnailUrl\":\"https:\/\/allwintheme.com\/wp-content\/uploads\/2025\/10\/1c9f7u8p.png\",\"datePublished\":\"2025-10-01T10:03:24+00:00\",\"dateModified\":\"2025-10-01T10:08:33+00:00\",\"description\":\"Simplify account renewals with AIT PayPal Subscriptions. Automate recurring payments, ensuring hassle-free billing for your users.\",\"breadcrumb\":{\"@id\":\"https:\/\/allwintheme.com\/product\/mycred-cashcred-paypal\/#breadcrumb\"},\"inLanguage\":\"es-CL\",\"potentialAction\":[{\"@type\":\"ReadAction\",\"target\":[\"https:\/\/allwintheme.com\/product\/mycred-cashcred-paypal\/\"]}]},{\"@type\":\"ImageObject\",\"inLanguage\":\"es-CL\",\"@id\":\"https:\/\/allwintheme.com\/product\/mycred-cashcred-paypal\/#primaryimage\",\"url\":\"https:\/\/allwintheme.com\/wp-content\/uploads\/2025\/10\/1c9f7u8p.png\",\"contentUrl\":\"https:\/\/allwintheme.com\/wp-content\/uploads\/2025\/10\/1c9f7u8p.png\",\"width\":590,\"height\":300,\"caption\":\"myCred cashCred PayPal\"},{\"@type\":\"BreadcrumbList\",\"@id\":\"https:\/\/allwintheme.com\/product\/mycred-cashcred-paypal\/#breadcrumb\",\"itemListElement\":[{\"@type\":\"ListItem\",\"position\":1,\"name\":\"Home\",\"item\":\"https:\/\/allwintheme.com\/\"},{\"@type\":\"ListItem\",\"position\":2,\"name\":\"Shop\",\"item\":\"https:\/\/allwintheme.com\/shop\/\"},{\"@type\":\"ListItem\",\"position\":3,\"name\":\"myCred cashCred PayPal\"}]},{\"@type\":\"WebSite\",\"@id\":\"https:\/\/allwintheme.com\/#website\",\"url\":\"https:\/\/allwintheme.com\/\",\"name\":\"Allwintheme\",\"description\":\"Download free WordPress themes for every niche. Blogs, business, eCommerce, portfolio, restaurant and more. All themes are GPL licensed and mobile-ready.\",\"potentialAction\":[{\"@type\":\"SearchAction\",\"target\":{\"@type\":\"EntryPoint\",\"urlTemplate\":\"https:\/\/allwintheme.com\/?s={search_term_string}\"},\"query-input\":{\"@type\":\"PropertyValueSpecification\",\"valueRequired\":true,\"valueName\":\"search_term_string\"}}],\"inLanguage\":\"es-CL\"}]}<\/script>\n<!-- \/ Yoast SEO Premium plugin. -->","yoast_head_json":{"title":"myCred cashCred PayPal - AllWin Theme \u2013 Free WordPress Themes Download","description":"Simplifique las renovaciones de cuenta con las suscripciones a PayPal de AIT. Automatice los pagos peri\u00f3dicos y garantice una facturaci\u00f3n sin complicaciones para sus usuarios.","robots":{"index":"index","follow":"follow","max-snippet":"max-snippet:-1","max-image-preview":"max-image-preview:large","max-video-preview":"max-video-preview:-1"},"canonical":"https:\/\/allwintheme.com\/es\/producto\/mycred-cashcred-paypal\/","og_locale":"es_ES","og_type":"article","og_title":"myCred cashCred PayPal","og_description":"Simplify account renewals with AIT PayPal Subscriptions. Automate recurring payments, ensuring hassle-free billing for your users.","og_url":"https:\/\/allwintheme.com\/es\/producto\/mycred-cashcred-paypal\/","og_site_name":"AllWin Theme \u2013 Free WordPress Themes Download","article_modified_time":"2025-10-01T10:08:33+00:00","og_image":[{"width":590,"height":300,"url":"https:\/\/allwintheme.com\/wp-content\/uploads\/2025\/10\/1c9f7u8p.png","type":"image\/png"}],"twitter_card":"summary_large_image","twitter_misc":{"Tiempo estimado de lectura":"2 minutos"},"schema":{"@context":"https:\/\/schema.org","@graph":[{"@type":"WebPage","@id":"https:\/\/allwintheme.com\/product\/mycred-cashcred-paypal\/","url":"https:\/\/allwintheme.com\/product\/mycred-cashcred-paypal\/","name":"myCred cashCred PayPal - AllWin Theme \u2013 Free WordPress Themes Download","isPartOf":{"@id":"https:\/\/allwintheme.com\/#website"},"primaryImageOfPage":{"@id":"https:\/\/allwintheme.com\/product\/mycred-cashcred-paypal\/#primaryimage"},"image":{"@id":"https:\/\/allwintheme.com\/product\/mycred-cashcred-paypal\/#primaryimage"},"thumbnailUrl":"https:\/\/allwintheme.com\/wp-content\/uploads\/2025\/10\/1c9f7u8p.png","datePublished":"2025-10-01T10:03:24+00:00","dateModified":"2025-10-01T10:08:33+00:00","description":"Simplifique las renovaciones de cuenta con las suscripciones a PayPal de AIT. Automatice los pagos peri\u00f3dicos y garantice una facturaci\u00f3n sin complicaciones para sus usuarios.","breadcrumb":{"@id":"https:\/\/allwintheme.com\/product\/mycred-cashcred-paypal\/#breadcrumb"},"inLanguage":"es-CL","potentialAction":[{"@type":"ReadAction","target":["https:\/\/allwintheme.com\/product\/mycred-cashcred-paypal\/"]}]},{"@type":"ImageObject","inLanguage":"es-CL","@id":"https:\/\/allwintheme.com\/product\/mycred-cashcred-paypal\/#primaryimage","url":"https:\/\/allwintheme.com\/wp-content\/uploads\/2025\/10\/1c9f7u8p.png","contentUrl":"https:\/\/allwintheme.com\/wp-content\/uploads\/2025\/10\/1c9f7u8p.png","width":590,"height":300,"caption":"myCred cashCred PayPal"},{"@type":"BreadcrumbList","@id":"https:\/\/allwintheme.com\/product\/mycred-cashcred-paypal\/#breadcrumb","itemListElement":[{"@type":"ListItem","position":1,"name":"Home","item":"https:\/\/allwintheme.com\/"},{"@type":"ListItem","position":2,"name":"Shop","item":"https:\/\/allwintheme.com\/shop\/"},{"@type":"ListItem","position":3,"name":"myCred cashCred PayPal"}]},{"@type":"WebSite","@id":"https:\/\/allwintheme.com\/#website","url":"https:\/\/allwintheme.com\/","name":"Allwintheme","description":"Descarga gratis temas de WordPress para todos los nichos. Blogs, negocios, comercio electr\u00f3nico, portafolio, restaurante y m\u00e1s. Todos los temas tienen licencia GPL y est\u00e1n preparados para dispositivos m\u00f3viles.","potentialAction":[{"@type":"SearchAction","target":{"@type":"EntryPoint","urlTemplate":"https:\/\/allwintheme.com\/?s={search_term_string}"},"query-input":{"@type":"PropertyValueSpecification","valueRequired":true,"valueName":"search_term_string"}}],"inLanguage":"es-CL"}]}},"_links":{"self":[{"href":"https:\/\/allwintheme.com\/es\/wp-json\/wp\/v2\/product\/8774","targetHints":{"allow":["GET"]}}],"collection":[{"href":"https:\/\/allwintheme.com\/es\/wp-json\/wp\/v2\/product"}],"about":[{"href":"https:\/\/allwintheme.com\/es\/wp-json\/wp\/v2\/types\/product"}],"replies":[{"embeddable":true,"href":"https:\/\/allwintheme.com\/es\/wp-json\/wp\/v2\/comments?post=8774"}],"version-history":[{"count":5,"href":"https:\/\/allwintheme.com\/es\/wp-json\/wp\/v2\/product\/8774\/revisions"}],"predecessor-version":[{"id":8779,"href":"https:\/\/allwintheme.com\/es\/wp-json\/wp\/v2\/product\/8774\/revisions\/8779"}],"wp:featuredmedia":[{"embeddable":true,"href":"https:\/\/allwintheme.com\/es\/wp-json\/wp\/v2\/media\/8682"}],"wp:attachment":[{"href":"https:\/\/allwintheme.com\/es\/wp-json\/wp\/v2\/media?parent=8774"}],"wp:term":[{"taxonomy":"product_brand","embeddable":true,"href":"https:\/\/allwintheme.com\/es\/wp-json\/wp\/v2\/product_brand?post=8774"},{"taxonomy":"product_cat","embeddable":true,"href":"https:\/\/allwintheme.com\/es\/wp-json\/wp\/v2\/product_cat?post=8774"},{"taxonomy":"product_tag","embeddable":true,"href":"https:\/\/allwintheme.com\/es\/wp-json\/wp\/v2\/product_tag?post=8774"}],"curies":[{"name":"wp","href":"https:\/\/api.w.org\/{rel}","templated":true}]}}