{"id":8812,"date":"2025-10-01T10:34:15","date_gmt":"2025-10-01T10:34:15","guid":{"rendered":"https:\/\/allwintheme.com\/?post_type=product&#038;p=8812"},"modified":"2025-10-01T12:30:33","modified_gmt":"2025-10-01T12:30:33","slug":"ws-form-pro-paypal-checkout","status":"publish","type":"product","link":"https:\/\/allwintheme.com\/es\/producto\/ws-form-pro-paypal-checkout\/","title":{"rendered":"WS Form PRO - Pago PayPal"},"content":{"rendered":"<div data-elementor-type=\"wp-post\" data-elementor-id=\"8812\" class=\"elementor elementor-8812\" data-elementor-settings=\"{&quot;element_pack_global_tooltip_width&quot;:{&quot;unit&quot;:&quot;px&quot;,&quot;size&quot;:&quot;&quot;,&quot;sizes&quot;:[]},&quot;element_pack_global_tooltip_width_tablet&quot;:{&quot;unit&quot;:&quot;px&quot;,&quot;size&quot;:&quot;&quot;,&quot;sizes&quot;:[]},&quot;element_pack_global_tooltip_width_mobile&quot;:{&quot;unit&quot;:&quot;px&quot;,&quot;size&quot;:&quot;&quot;,&quot;sizes&quot;:[]},&quot;element_pack_global_tooltip_padding&quot;:{&quot;unit&quot;:&quot;px&quot;,&quot;top&quot;:&quot;&quot;,&quot;right&quot;:&quot;&quot;,&quot;bottom&quot;:&quot;&quot;,&quot;left&quot;:&quot;&quot;,&quot;isLinked&quot;:true},&quot;element_pack_global_tooltip_padding_tablet&quot;:{&quot;unit&quot;:&quot;px&quot;,&quot;top&quot;:&quot;&quot;,&quot;right&quot;:&quot;&quot;,&quot;bottom&quot;:&quot;&quot;,&quot;left&quot;:&quot;&quot;,&quot;isLinked&quot;:true},&quot;element_pack_global_tooltip_padding_mobile&quot;:{&quot;unit&quot;:&quot;px&quot;,&quot;top&quot;:&quot;&quot;,&quot;right&quot;:&quot;&quot;,&quot;bottom&quot;:&quot;&quot;,&quot;left&quot;:&quot;&quot;,&quot;isLinked&quot;:true},&quot;element_pack_global_tooltip_border_radius&quot;:{&quot;unit&quot;:&quot;px&quot;,&quot;top&quot;:&quot;&quot;,&quot;right&quot;:&quot;&quot;,&quot;bottom&quot;:&quot;&quot;,&quot;left&quot;:&quot;&quot;,&quot;isLinked&quot;:true},&quot;element_pack_global_tooltip_border_radius_tablet&quot;:{&quot;unit&quot;:&quot;px&quot;,&quot;top&quot;:&quot;&quot;,&quot;right&quot;:&quot;&quot;,&quot;bottom&quot;:&quot;&quot;,&quot;left&quot;:&quot;&quot;,&quot;isLinked&quot;:true},&quot;element_pack_global_tooltip_border_radius_mobile&quot;:{&quot;unit&quot;:&quot;px&quot;,&quot;top&quot;:&quot;&quot;,&quot;right&quot;:&quot;&quot;,&quot;bottom&quot;:&quot;&quot;,&quot;left&quot;:&quot;&quot;,&quot;isLinked&quot;:true}}\" data-elementor-post-type=\"product\">\n\t\t\t\t<div class=\"elementor-element elementor-element-93aa4a8 e-con-full e-flex e-con e-parent\" data-id=\"93aa4a8\" data-element_type=\"container\" data-e-type=\"container\">\n\t\t\t\t<div class=\"elementor-element elementor-element-2c3f760 miaoshu elementor-widget elementor-widget-wd_text_block\" data-id=\"2c3f760\" data-element_type=\"widget\" data-e-type=\"widget\" data-widget_type=\"wd_text_block.default\">\n\t\t\t\t<div class=\"elementor-widget-container\">\n\t\t\t\t\t\t\t<div class=\"wd-text-block reset-last-child text-left\">\n\t\t\t\n\t\t\t<h2>WS Form PRO - Pago PayPal: Soluciones de pago sin fisuras<\/h2>\n<p>En <strong>WS Form PRO - Pago PayPal<\/strong> plugin le permite aceptar pagos directamente a trav\u00e9s de sus formularios con facilidad. Por ejemplo, puede procesar transacciones de PayPal o de tarjetas de cr\u00e9dito sin esfuerzo, ofreciendo flexibilidad tanto para necesidades de pago simples como avanzadas. Como resultado, este plugin mejora tus formularios con opciones de pago seguras y f\u00e1ciles de usar.<\/p>\n\n<h3>Opciones de pago flexibles<\/h3>\n<p>Con PayPal Checkout, puede configurar activamente formularios para cobrar pagos de importe fijo mediante un bot\u00f3n independiente. Alternativamente, puede aprovechar los campos de comercio electr\u00f3nico de WS Form para crear sofisticadas experiencias de carro de la compra. En consecuencia, esta versatilidad se adapta a empresas de todos los tama\u00f1os, desde transacciones sencillas a complejas tiendas en Internet.<\/p>\n\n<h3>\u00bfPor qu\u00e9 elegir WS Form PRO - PayPal Checkout?<\/h3>\n<ul>\n    <li><strong>M\u00faltiples formas de pago:<\/strong> Acepte pagos con PayPal o tarjeta de cr\u00e9dito sin problemas en sus formularios.<\/li>\n    <li><strong>Pagos fijos simples:<\/strong> Utilice un solo bot\u00f3n para recaudar r\u00e1pidamente cantidades predefinidas.<\/li>\n    <li><strong>Comercio electr\u00f3nico avanzado:<\/strong> Cree carritos de la compra din\u00e1micos con los campos de comercio electr\u00f3nico de WS Form.<\/li>\n    <li><strong>F\u00e1cil configuraci\u00f3n:<\/strong> Integre f\u00e1cilmente los pagos sin codificaci\u00f3n ni configuraci\u00f3n complejas.<\/li>\n<\/ul>\n\n<h3>Agilice su proceso de pago<\/h3>\n<p>PayPal Checkout de WS Form PRO simplifica el cobro de pagos en su sitio web. Por ejemplo, si tiene un negocio basado en servicios o una tienda en l\u00ednea, este plugin garantiza transacciones sin problemas. Adem\u00e1s, su integraci\u00f3n segura con PayPal aumenta la confianza del cliente, fomentando m\u00e1s conversiones.<\/p>\n\n<h3>Empiece a aceptar pagos hoy mismo<\/h3>\n<p>Eleve sus formularios con <strong>WS Form PRO - Pago PayPal<\/strong>. Al ofrecer opciones de pago flexibles, creas una experiencia profesional y c\u00f3moda para tus usuarios. Por lo tanto, \u00a1instala el plugin ahora y transforma tu forma de cobrar los pagos!<\/p>\n\t\t\t\t\t<\/div>\n\t\t\t\t\t\t<\/div>\n\t\t\t\t<\/div>\n\t\t\t\t<\/div>\n\t\t\t\t<\/div>","protected":false},"excerpt":{"rendered":"<p>WS Form PRO \u2013 PayPal Checkout: Seamless Payment Solutions The WS Form PRO \u2013 PayPal Checkout plugin empowers you to<\/p>","protected":false},"featured_media":8805,"comment_status":"open","ping_status":"closed","template":"","meta":{"_acf_changed":false},"product_brand":[],"product_cat":[49],"product_tag":[],"class_list":{"0":"post-8812","1":"product","2":"type-product","3":"status-publish","4":"has-post-thumbnail","6":"product_cat-plugins","8":"first","9":"instock","10":"sale","11":"downloadable","12":"shipping-taxable","13":"purchasable","14":"product-type-simple"},"acf":[],"yoast_head":"<!-- This site is optimized with the Yoast SEO Premium plugin v25.6 (Yoast SEO v27.1.1) - https:\/\/yoast.com\/product\/yoast-seo-premium-wordpress\/ -->\n<title>WS Form PRO \u2013 PayPal Checkout - AllWin Theme \u2013 Free WordPress Themes Download<\/title>\n<meta name=\"description\" content=\"Accept PayPal or credit card payments with WS Form PRO\u2019s PayPal Checkout. Use fixed amounts or advanced e-commerce cart options.\" \/>\n<meta name=\"robots\" content=\"index, follow, max-snippet:-1, max-image-preview:large, max-video-preview:-1\" \/>\n<link rel=\"canonical\" href=\"https:\/\/allwintheme.com\/es\/producto\/ws-form-pro-paypal-checkout\/\" \/>\n<meta property=\"og:locale\" content=\"es_ES\" \/>\n<meta property=\"og:type\" content=\"article\" \/>\n<meta property=\"og:title\" content=\"WS Form PRO \u2013 PayPal Checkout\" \/>\n<meta property=\"og:description\" content=\"Accept PayPal or credit card payments with WS Form PRO\u2019s PayPal Checkout. Use fixed amounts or advanced e-commerce cart options.\" \/>\n<meta property=\"og:url\" content=\"https:\/\/allwintheme.com\/es\/producto\/ws-form-pro-paypal-checkout\/\" \/>\n<meta property=\"og:site_name\" content=\"AllWin Theme \u2013 Free WordPress Themes Download\" \/>\n<meta property=\"article:modified_time\" content=\"2025-10-01T12:30:33+00:00\" \/>\n<meta property=\"og:image\" content=\"https:\/\/allwintheme.com\/wp-content\/uploads\/2025\/10\/k5c9c0y1.png\" \/>\n\t<meta property=\"og:image:width\" content=\"768\" \/>\n\t<meta property=\"og:image:height\" content=\"396\" \/>\n\t<meta property=\"og:image:type\" content=\"image\/png\" \/>\n<meta name=\"twitter:card\" content=\"summary_large_image\" \/>\n<meta name=\"twitter:label1\" content=\"Tiempo estimado de lectura\" \/>\n\t<meta name=\"twitter:data1\" content=\"2 minutos\" \/>\n<script type=\"application\/ld+json\" class=\"yoast-schema-graph\">{\"@context\":\"https:\/\/schema.org\",\"@graph\":[{\"@type\":\"WebPage\",\"@id\":\"https:\/\/allwintheme.com\/product\/ws-form-pro-paypal-checkout\/\",\"url\":\"https:\/\/allwintheme.com\/product\/ws-form-pro-paypal-checkout\/\",\"name\":\"WS Form PRO \u2013 PayPal Checkout - AllWin Theme \u2013 Free WordPress Themes Download\",\"isPartOf\":{\"@id\":\"https:\/\/allwintheme.com\/#website\"},\"primaryImageOfPage\":{\"@id\":\"https:\/\/allwintheme.com\/product\/ws-form-pro-paypal-checkout\/#primaryimage\"},\"image\":{\"@id\":\"https:\/\/allwintheme.com\/product\/ws-form-pro-paypal-checkout\/#primaryimage\"},\"thumbnailUrl\":\"https:\/\/allwintheme.com\/wp-content\/uploads\/2025\/10\/k5c9c0y1.png\",\"datePublished\":\"2025-10-01T10:34:15+00:00\",\"dateModified\":\"2025-10-01T12:30:33+00:00\",\"description\":\"Accept PayPal or credit card payments with WS Form PRO\u2019s PayPal Checkout. Use fixed amounts or advanced e-commerce cart options.\",\"breadcrumb\":{\"@id\":\"https:\/\/allwintheme.com\/product\/ws-form-pro-paypal-checkout\/#breadcrumb\"},\"inLanguage\":\"es-CL\",\"potentialAction\":[{\"@type\":\"ReadAction\",\"target\":[\"https:\/\/allwintheme.com\/product\/ws-form-pro-paypal-checkout\/\"]}]},{\"@type\":\"ImageObject\",\"inLanguage\":\"es-CL\",\"@id\":\"https:\/\/allwintheme.com\/product\/ws-form-pro-paypal-checkout\/#primaryimage\",\"url\":\"https:\/\/allwintheme.com\/wp-content\/uploads\/2025\/10\/k5c9c0y1.png\",\"contentUrl\":\"https:\/\/allwintheme.com\/wp-content\/uploads\/2025\/10\/k5c9c0y1.png\",\"width\":768,\"height\":396,\"caption\":\"WS Form PRO \u2013 PayPal Checkout\"},{\"@type\":\"BreadcrumbList\",\"@id\":\"https:\/\/allwintheme.com\/product\/ws-form-pro-paypal-checkout\/#breadcrumb\",\"itemListElement\":[{\"@type\":\"ListItem\",\"position\":1,\"name\":\"Home\",\"item\":\"https:\/\/allwintheme.com\/\"},{\"@type\":\"ListItem\",\"position\":2,\"name\":\"Shop\",\"item\":\"https:\/\/allwintheme.com\/shop\/\"},{\"@type\":\"ListItem\",\"position\":3,\"name\":\"WS Form PRO \u2013 PayPal Checkout\"}]},{\"@type\":\"WebSite\",\"@id\":\"https:\/\/allwintheme.com\/#website\",\"url\":\"https:\/\/allwintheme.com\/\",\"name\":\"Allwintheme\",\"description\":\"Download free WordPress themes for every niche. Blogs, business, eCommerce, portfolio, restaurant and more. All themes are GPL licensed and mobile-ready.\",\"potentialAction\":[{\"@type\":\"SearchAction\",\"target\":{\"@type\":\"EntryPoint\",\"urlTemplate\":\"https:\/\/allwintheme.com\/?s={search_term_string}\"},\"query-input\":{\"@type\":\"PropertyValueSpecification\",\"valueRequired\":true,\"valueName\":\"search_term_string\"}}],\"inLanguage\":\"es-CL\"}]}<\/script>\n<!-- \/ Yoast SEO Premium plugin. -->","yoast_head_json":{"title":"WS Form PRO - PayPal Checkout - AllWin Theme - Free WordPress Themes Download","description":"Acepte pagos con PayPal o tarjeta de cr\u00e9dito con el Pago PayPal de WS Form PRO. Utilice importes fijos u opciones avanzadas de carrito de comercio electr\u00f3nico.","robots":{"index":"index","follow":"follow","max-snippet":"max-snippet:-1","max-image-preview":"max-image-preview:large","max-video-preview":"max-video-preview:-1"},"canonical":"https:\/\/allwintheme.com\/es\/producto\/ws-form-pro-paypal-checkout\/","og_locale":"es_ES","og_type":"article","og_title":"WS Form PRO \u2013 PayPal Checkout","og_description":"Accept PayPal or credit card payments with WS Form PRO\u2019s PayPal Checkout. Use fixed amounts or advanced e-commerce cart options.","og_url":"https:\/\/allwintheme.com\/es\/producto\/ws-form-pro-paypal-checkout\/","og_site_name":"AllWin Theme \u2013 Free WordPress Themes Download","article_modified_time":"2025-10-01T12:30:33+00:00","og_image":[{"width":768,"height":396,"url":"https:\/\/allwintheme.com\/wp-content\/uploads\/2025\/10\/k5c9c0y1.png","type":"image\/png"}],"twitter_card":"summary_large_image","twitter_misc":{"Tiempo estimado de lectura":"2 minutos"},"schema":{"@context":"https:\/\/schema.org","@graph":[{"@type":"WebPage","@id":"https:\/\/allwintheme.com\/product\/ws-form-pro-paypal-checkout\/","url":"https:\/\/allwintheme.com\/product\/ws-form-pro-paypal-checkout\/","name":"WS Form PRO - PayPal Checkout - AllWin Theme - Free WordPress Themes Download","isPartOf":{"@id":"https:\/\/allwintheme.com\/#website"},"primaryImageOfPage":{"@id":"https:\/\/allwintheme.com\/product\/ws-form-pro-paypal-checkout\/#primaryimage"},"image":{"@id":"https:\/\/allwintheme.com\/product\/ws-form-pro-paypal-checkout\/#primaryimage"},"thumbnailUrl":"https:\/\/allwintheme.com\/wp-content\/uploads\/2025\/10\/k5c9c0y1.png","datePublished":"2025-10-01T10:34:15+00:00","dateModified":"2025-10-01T12:30:33+00:00","description":"Acepte pagos con PayPal o tarjeta de cr\u00e9dito con el Pago PayPal de WS Form PRO. Utilice importes fijos u opciones avanzadas de carrito de comercio electr\u00f3nico.","breadcrumb":{"@id":"https:\/\/allwintheme.com\/product\/ws-form-pro-paypal-checkout\/#breadcrumb"},"inLanguage":"es-CL","potentialAction":[{"@type":"ReadAction","target":["https:\/\/allwintheme.com\/product\/ws-form-pro-paypal-checkout\/"]}]},{"@type":"ImageObject","inLanguage":"es-CL","@id":"https:\/\/allwintheme.com\/product\/ws-form-pro-paypal-checkout\/#primaryimage","url":"https:\/\/allwintheme.com\/wp-content\/uploads\/2025\/10\/k5c9c0y1.png","contentUrl":"https:\/\/allwintheme.com\/wp-content\/uploads\/2025\/10\/k5c9c0y1.png","width":768,"height":396,"caption":"WS Form PRO \u2013 PayPal Checkout"},{"@type":"BreadcrumbList","@id":"https:\/\/allwintheme.com\/product\/ws-form-pro-paypal-checkout\/#breadcrumb","itemListElement":[{"@type":"ListItem","position":1,"name":"Home","item":"https:\/\/allwintheme.com\/"},{"@type":"ListItem","position":2,"name":"Shop","item":"https:\/\/allwintheme.com\/shop\/"},{"@type":"ListItem","position":3,"name":"WS Form PRO \u2013 PayPal Checkout"}]},{"@type":"WebSite","@id":"https:\/\/allwintheme.com\/#website","url":"https:\/\/allwintheme.com\/","name":"Allwintheme","description":"Descarga gratis temas de WordPress para todos los nichos. Blogs, negocios, comercio electr\u00f3nico, portafolio, restaurante y m\u00e1s. Todos los temas tienen licencia GPL y est\u00e1n preparados para dispositivos m\u00f3viles.","potentialAction":[{"@type":"SearchAction","target":{"@type":"EntryPoint","urlTemplate":"https:\/\/allwintheme.com\/?s={search_term_string}"},"query-input":{"@type":"PropertyValueSpecification","valueRequired":true,"valueName":"search_term_string"}}],"inLanguage":"es-CL"}]}},"_links":{"self":[{"href":"https:\/\/allwintheme.com\/es\/wp-json\/wp\/v2\/product\/8812","targetHints":{"allow":["GET"]}}],"collection":[{"href":"https:\/\/allwintheme.com\/es\/wp-json\/wp\/v2\/product"}],"about":[{"href":"https:\/\/allwintheme.com\/es\/wp-json\/wp\/v2\/types\/product"}],"replies":[{"embeddable":true,"href":"https:\/\/allwintheme.com\/es\/wp-json\/wp\/v2\/comments?post=8812"}],"version-history":[{"count":5,"href":"https:\/\/allwintheme.com\/es\/wp-json\/wp\/v2\/product\/8812\/revisions"}],"predecessor-version":[{"id":8817,"href":"https:\/\/allwintheme.com\/es\/wp-json\/wp\/v2\/product\/8812\/revisions\/8817"}],"wp:featuredmedia":[{"embeddable":true,"href":"https:\/\/allwintheme.com\/es\/wp-json\/wp\/v2\/media\/8805"}],"wp:attachment":[{"href":"https:\/\/allwintheme.com\/es\/wp-json\/wp\/v2\/media?parent=8812"}],"wp:term":[{"taxonomy":"product_brand","embeddable":true,"href":"https:\/\/allwintheme.com\/es\/wp-json\/wp\/v2\/product_brand?post=8812"},{"taxonomy":"product_cat","embeddable":true,"href":"https:\/\/allwintheme.com\/es\/wp-json\/wp\/v2\/product_cat?post=8812"},{"taxonomy":"product_tag","embeddable":true,"href":"https:\/\/allwintheme.com\/es\/wp-json\/wp\/v2\/product_tag?post=8812"}],"curies":[{"name":"wp","href":"https:\/\/api.w.org\/{rel}","templated":true}]}}