{"id":8818,"date":"2025-10-01T10:39:50","date_gmt":"2025-10-01T10:39:50","guid":{"rendered":"https:\/\/allwintheme.com\/?post_type=product&#038;p=8818"},"modified":"2025-10-01T10:44:38","modified_gmt":"2025-10-01T10:44:38","slug":"bookly-paypal-payments-standard-add-on","status":"publish","type":"product","link":"https:\/\/allwintheme.com\/es\/producto\/bookly-paypal-payments-standard-add-on\/","title":{"rendered":"Bookly Pagos PayPal Est\u00e1ndar (Complemento)"},"content":{"rendered":"<div data-elementor-type=\"wp-post\" data-elementor-id=\"8818\" class=\"elementor elementor-8818\" data-elementor-settings=\"{&quot;element_pack_global_tooltip_width&quot;:{&quot;unit&quot;:&quot;px&quot;,&quot;size&quot;:&quot;&quot;,&quot;sizes&quot;:[]},&quot;element_pack_global_tooltip_width_tablet&quot;:{&quot;unit&quot;:&quot;px&quot;,&quot;size&quot;:&quot;&quot;,&quot;sizes&quot;:[]},&quot;element_pack_global_tooltip_width_mobile&quot;:{&quot;unit&quot;:&quot;px&quot;,&quot;size&quot;:&quot;&quot;,&quot;sizes&quot;:[]},&quot;element_pack_global_tooltip_padding&quot;:{&quot;unit&quot;:&quot;px&quot;,&quot;top&quot;:&quot;&quot;,&quot;right&quot;:&quot;&quot;,&quot;bottom&quot;:&quot;&quot;,&quot;left&quot;:&quot;&quot;,&quot;isLinked&quot;:true},&quot;element_pack_global_tooltip_padding_tablet&quot;:{&quot;unit&quot;:&quot;px&quot;,&quot;top&quot;:&quot;&quot;,&quot;right&quot;:&quot;&quot;,&quot;bottom&quot;:&quot;&quot;,&quot;left&quot;:&quot;&quot;,&quot;isLinked&quot;:true},&quot;element_pack_global_tooltip_padding_mobile&quot;:{&quot;unit&quot;:&quot;px&quot;,&quot;top&quot;:&quot;&quot;,&quot;right&quot;:&quot;&quot;,&quot;bottom&quot;:&quot;&quot;,&quot;left&quot;:&quot;&quot;,&quot;isLinked&quot;:true},&quot;element_pack_global_tooltip_border_radius&quot;:{&quot;unit&quot;:&quot;px&quot;,&quot;top&quot;:&quot;&quot;,&quot;right&quot;:&quot;&quot;,&quot;bottom&quot;:&quot;&quot;,&quot;left&quot;:&quot;&quot;,&quot;isLinked&quot;:true},&quot;element_pack_global_tooltip_border_radius_tablet&quot;:{&quot;unit&quot;:&quot;px&quot;,&quot;top&quot;:&quot;&quot;,&quot;right&quot;:&quot;&quot;,&quot;bottom&quot;:&quot;&quot;,&quot;left&quot;:&quot;&quot;,&quot;isLinked&quot;:true},&quot;element_pack_global_tooltip_border_radius_mobile&quot;:{&quot;unit&quot;:&quot;px&quot;,&quot;top&quot;:&quot;&quot;,&quot;right&quot;:&quot;&quot;,&quot;bottom&quot;:&quot;&quot;,&quot;left&quot;:&quot;&quot;,&quot;isLinked&quot;:true}}\" data-elementor-post-type=\"product\">\n\t\t\t\t<div class=\"elementor-element elementor-element-93aa4a8 e-con-full e-flex e-con e-parent\" data-id=\"93aa4a8\" data-element_type=\"container\" data-e-type=\"container\">\n\t\t\t\t<div class=\"elementor-element elementor-element-2c3f760 miaoshu elementor-widget elementor-widget-wd_text_block\" data-id=\"2c3f760\" data-element_type=\"widget\" data-e-type=\"widget\" data-widget_type=\"wd_text_block.default\">\n\t\t\t\t<div class=\"elementor-widget-container\">\n\t\t\t\t\t\t\t<div class=\"wd-text-block reset-last-child text-left\">\n\t\t\t\n\t\t\t<h2>Bookly Pagos PayPal Est\u00e1ndar: Integraci\u00f3n perfecta de pagos<\/h2>\n<p>En <strong>Complemento est\u00e1ndar de Bookly para pagos con PayPal<\/strong> simplifica los pagos en l\u00ednea para su sistema de reservas Bookly PRO. Por ejemplo, este complemento integra una pasarela de pago de PayPal de confianza, lo que permite a sus clientes pagar de forma segura con tarjeta de cr\u00e9dito o cuenta PayPal. De este modo, ofrecer\u00e1 una experiencia de pago fluida y fiable, aumentando la satisfacci\u00f3n del cliente.<\/p>\n\n<h3>Pagos seguros y sin esfuerzo<\/h3>\n<p>Con este complemento, podr\u00e1 conectar PayPal a su formulario de reserva de Bookly PRO. Los clientes pueden completar r\u00e1pidamente las transacciones utilizando una plataforma de pago familiar y segura. Adem\u00e1s, PayPal gestiona todas las transacciones, por lo que puede confiar en que cada pago es seguro y fiable.<\/p>\n\n<h3>\u00bfPor qu\u00e9 elegir Bookly Pago est\u00e1ndar de PayPal?<\/h3>\n<ul>\n    <li><strong>Transacciones seguras:<\/strong> PayPal garantiza un procesamiento seguro de los pagos con tarjeta de cr\u00e9dito y cuenta bancaria.<\/li>\n    <li><strong>F\u00e1cil integraci\u00f3n:<\/strong> El complemento se conecta sin esfuerzo con su formulario de reserva de Bookly PRO.<\/li>\n    <li><strong>Opci\u00f3n de pago popular:<\/strong> Los clientes disfrutan de la comodidad de pagar mediante PayPal o tarjeta de cr\u00e9dito.<\/li>\n    <li><strong>Comprobaci\u00f3n fiable:<\/strong> La agilizaci\u00f3n de los pagos mejora la experiencia de reserva de sus clientes.<\/li>\n<\/ul>\n\n<h3>Agilice el proceso de reserva<\/h3>\n<p>Bookly PayPal Payments Standard elimina los problemas de pago de su empresa. Por ejemplo, reduce el trabajo manual automatizando el proceso de pago, lo que le permite centrarse en ofrecer excelentes servicios. Adem\u00e1s, la fiable pasarela de PayPal genera confianza en sus clientes, lo que fomenta la repetici\u00f3n de reservas.<\/p>\n\n<h3>Mejore su experiencia con Bookly PRO<\/h3>\n<p>Mejore su sistema de reservas con el <strong>Complemento est\u00e1ndar de Bookly para pagos con PayPal<\/strong>. Al ofrecer una soluci\u00f3n de pago segura y f\u00e1cil de usar, crear\u00e1 una experiencia profesional para sus clientes. Por lo tanto, instale este complemento hoy mismo y simplifique los pagos en l\u00ednea para su empresa.<\/p>\n\t\t\t\t\t<\/div>\n\t\t\t\t\t\t<\/div>\n\t\t\t\t<\/div>\n\t\t\t\t<\/div>\n\t\t\t\t<\/div>","protected":false},"excerpt":{"rendered":"<p>Bookly PayPal Pagos Est\u00e1ndar: Integraci\u00f3n de pagos sin fisuras El complemento Bookly PayPal Payments Standard simplifica los pagos en l\u00ednea para su Bookly PRO.<\/p>","protected":false},"featured_media":8804,"comment_status":"open","ping_status":"closed","template":"","meta":{"_acf_changed":false},"product_brand":[],"product_cat":[49],"product_tag":[],"class_list":{"0":"post-8818","1":"product","2":"type-product","3":"status-publish","4":"has-post-thumbnail","6":"product_cat-plugins","8":"first","9":"instock","10":"sale","11":"downloadable","12":"shipping-taxable","13":"purchasable","14":"product-type-simple"},"acf":[],"yoast_head":"<!-- This site is optimized with the Yoast SEO Premium plugin v25.6 (Yoast SEO v27.1.1) - https:\/\/yoast.com\/product\/yoast-seo-premium-wordpress\/ -->\n<title>Bookly PayPal Payments Standard (Add-on) - AllWin Theme \u2013 Free WordPress Themes Download<\/title>\n<meta name=\"description\" content=\"Accept PayPal or credit card payments with WS Form PRO\u2019s PayPal Checkout. Use fixed amounts or advanced e-commerce cart options.\" \/>\n<meta name=\"robots\" content=\"index, follow, max-snippet:-1, max-image-preview:large, max-video-preview:-1\" \/>\n<link rel=\"canonical\" href=\"https:\/\/allwintheme.com\/es\/producto\/bookly-paypal-payments-standard-add-on\/\" \/>\n<meta property=\"og:locale\" content=\"es_ES\" \/>\n<meta property=\"og:type\" content=\"article\" \/>\n<meta property=\"og:title\" content=\"Bookly PayPal Payments Standard (Add-on)\" \/>\n<meta property=\"og:description\" content=\"Accept PayPal or credit card payments with WS Form PRO\u2019s PayPal Checkout. Use fixed amounts or advanced e-commerce cart options.\" \/>\n<meta property=\"og:url\" content=\"https:\/\/allwintheme.com\/es\/producto\/bookly-paypal-payments-standard-add-on\/\" \/>\n<meta property=\"og:site_name\" content=\"AllWin Theme \u2013 Free WordPress Themes Download\" \/>\n<meta property=\"article:modified_time\" content=\"2025-10-01T10:44:38+00:00\" \/>\n<meta property=\"og:image\" content=\"https:\/\/allwintheme.com\/wp-content\/uploads\/2025\/10\/fhkpvpn9.png\" \/>\n\t<meta property=\"og:image:width\" content=\"590\" \/>\n\t<meta property=\"og:image:height\" content=\"300\" \/>\n\t<meta property=\"og:image:type\" content=\"image\/png\" \/>\n<meta name=\"twitter:card\" content=\"summary_large_image\" \/>\n<meta name=\"twitter:label1\" content=\"Tiempo estimado de lectura\" \/>\n\t<meta name=\"twitter:data1\" content=\"2 minutos\" \/>\n<script type=\"application\/ld+json\" class=\"yoast-schema-graph\">{\"@context\":\"https:\/\/schema.org\",\"@graph\":[{\"@type\":\"WebPage\",\"@id\":\"https:\/\/allwintheme.com\/product\/bookly-paypal-payments-standard-add-on\/\",\"url\":\"https:\/\/allwintheme.com\/product\/bookly-paypal-payments-standard-add-on\/\",\"name\":\"Bookly PayPal Payments Standard (Add-on) - AllWin Theme \u2013 Free WordPress Themes Download\",\"isPartOf\":{\"@id\":\"https:\/\/allwintheme.com\/#website\"},\"primaryImageOfPage\":{\"@id\":\"https:\/\/allwintheme.com\/product\/bookly-paypal-payments-standard-add-on\/#primaryimage\"},\"image\":{\"@id\":\"https:\/\/allwintheme.com\/product\/bookly-paypal-payments-standard-add-on\/#primaryimage\"},\"thumbnailUrl\":\"https:\/\/allwintheme.com\/wp-content\/uploads\/2025\/10\/fhkpvpn9.png\",\"datePublished\":\"2025-10-01T10:39:50+00:00\",\"dateModified\":\"2025-10-01T10:44:38+00:00\",\"description\":\"Accept PayPal or credit card payments with WS Form PRO\u2019s PayPal Checkout. Use fixed amounts or advanced e-commerce cart options.\",\"breadcrumb\":{\"@id\":\"https:\/\/allwintheme.com\/product\/bookly-paypal-payments-standard-add-on\/#breadcrumb\"},\"inLanguage\":\"es-CL\",\"potentialAction\":[{\"@type\":\"ReadAction\",\"target\":[\"https:\/\/allwintheme.com\/product\/bookly-paypal-payments-standard-add-on\/\"]}]},{\"@type\":\"ImageObject\",\"inLanguage\":\"es-CL\",\"@id\":\"https:\/\/allwintheme.com\/product\/bookly-paypal-payments-standard-add-on\/#primaryimage\",\"url\":\"https:\/\/allwintheme.com\/wp-content\/uploads\/2025\/10\/fhkpvpn9.png\",\"contentUrl\":\"https:\/\/allwintheme.com\/wp-content\/uploads\/2025\/10\/fhkpvpn9.png\",\"width\":590,\"height\":300,\"caption\":\"Bookly PayPal Payments Standard (Add-on)\"},{\"@type\":\"BreadcrumbList\",\"@id\":\"https:\/\/allwintheme.com\/product\/bookly-paypal-payments-standard-add-on\/#breadcrumb\",\"itemListElement\":[{\"@type\":\"ListItem\",\"position\":1,\"name\":\"Home\",\"item\":\"https:\/\/allwintheme.com\/\"},{\"@type\":\"ListItem\",\"position\":2,\"name\":\"Shop\",\"item\":\"https:\/\/allwintheme.com\/shop\/\"},{\"@type\":\"ListItem\",\"position\":3,\"name\":\"Bookly PayPal Payments Standard (Add-on)\"}]},{\"@type\":\"WebSite\",\"@id\":\"https:\/\/allwintheme.com\/#website\",\"url\":\"https:\/\/allwintheme.com\/\",\"name\":\"Allwintheme\",\"description\":\"Download free WordPress themes for every niche. Blogs, business, eCommerce, portfolio, restaurant and more. All themes are GPL licensed and mobile-ready.\",\"potentialAction\":[{\"@type\":\"SearchAction\",\"target\":{\"@type\":\"EntryPoint\",\"urlTemplate\":\"https:\/\/allwintheme.com\/?s={search_term_string}\"},\"query-input\":{\"@type\":\"PropertyValueSpecification\",\"valueRequired\":true,\"valueName\":\"search_term_string\"}}],\"inLanguage\":\"es-CL\"}]}<\/script>\n<!-- \/ Yoast SEO Premium plugin. -->","yoast_head_json":{"title":"Bookly PayPal Payments Standard (Add-on) - AllWin Theme - Free WordPress Themes Download","description":"Acepte pagos con PayPal o tarjeta de cr\u00e9dito con el Pago PayPal de WS Form PRO. Utilice importes fijos u opciones avanzadas de carrito de comercio electr\u00f3nico.","robots":{"index":"index","follow":"follow","max-snippet":"max-snippet:-1","max-image-preview":"max-image-preview:large","max-video-preview":"max-video-preview:-1"},"canonical":"https:\/\/allwintheme.com\/es\/producto\/bookly-paypal-payments-standard-add-on\/","og_locale":"es_ES","og_type":"article","og_title":"Bookly PayPal Payments Standard (Add-on)","og_description":"Accept PayPal or credit card payments with WS Form PRO\u2019s PayPal Checkout. Use fixed amounts or advanced e-commerce cart options.","og_url":"https:\/\/allwintheme.com\/es\/producto\/bookly-paypal-payments-standard-add-on\/","og_site_name":"AllWin Theme \u2013 Free WordPress Themes Download","article_modified_time":"2025-10-01T10:44:38+00:00","og_image":[{"width":590,"height":300,"url":"https:\/\/allwintheme.com\/wp-content\/uploads\/2025\/10\/fhkpvpn9.png","type":"image\/png"}],"twitter_card":"summary_large_image","twitter_misc":{"Tiempo estimado de lectura":"2 minutos"},"schema":{"@context":"https:\/\/schema.org","@graph":[{"@type":"WebPage","@id":"https:\/\/allwintheme.com\/product\/bookly-paypal-payments-standard-add-on\/","url":"https:\/\/allwintheme.com\/product\/bookly-paypal-payments-standard-add-on\/","name":"Bookly PayPal Payments Standard (Add-on) - AllWin Theme - Free WordPress Themes Download","isPartOf":{"@id":"https:\/\/allwintheme.com\/#website"},"primaryImageOfPage":{"@id":"https:\/\/allwintheme.com\/product\/bookly-paypal-payments-standard-add-on\/#primaryimage"},"image":{"@id":"https:\/\/allwintheme.com\/product\/bookly-paypal-payments-standard-add-on\/#primaryimage"},"thumbnailUrl":"https:\/\/allwintheme.com\/wp-content\/uploads\/2025\/10\/fhkpvpn9.png","datePublished":"2025-10-01T10:39:50+00:00","dateModified":"2025-10-01T10:44:38+00:00","description":"Acepte pagos con PayPal o tarjeta de cr\u00e9dito con el Pago PayPal de WS Form PRO. Utilice importes fijos u opciones avanzadas de carrito de comercio electr\u00f3nico.","breadcrumb":{"@id":"https:\/\/allwintheme.com\/product\/bookly-paypal-payments-standard-add-on\/#breadcrumb"},"inLanguage":"es-CL","potentialAction":[{"@type":"ReadAction","target":["https:\/\/allwintheme.com\/product\/bookly-paypal-payments-standard-add-on\/"]}]},{"@type":"ImageObject","inLanguage":"es-CL","@id":"https:\/\/allwintheme.com\/product\/bookly-paypal-payments-standard-add-on\/#primaryimage","url":"https:\/\/allwintheme.com\/wp-content\/uploads\/2025\/10\/fhkpvpn9.png","contentUrl":"https:\/\/allwintheme.com\/wp-content\/uploads\/2025\/10\/fhkpvpn9.png","width":590,"height":300,"caption":"Bookly PayPal Payments Standard (Add-on)"},{"@type":"BreadcrumbList","@id":"https:\/\/allwintheme.com\/product\/bookly-paypal-payments-standard-add-on\/#breadcrumb","itemListElement":[{"@type":"ListItem","position":1,"name":"Home","item":"https:\/\/allwintheme.com\/"},{"@type":"ListItem","position":2,"name":"Shop","item":"https:\/\/allwintheme.com\/shop\/"},{"@type":"ListItem","position":3,"name":"Bookly PayPal Payments Standard (Add-on)"}]},{"@type":"WebSite","@id":"https:\/\/allwintheme.com\/#website","url":"https:\/\/allwintheme.com\/","name":"Allwintheme","description":"Descarga gratis temas de WordPress para todos los nichos. Blogs, negocios, comercio electr\u00f3nico, portafolio, restaurante y m\u00e1s. Todos los temas tienen licencia GPL y est\u00e1n preparados para dispositivos m\u00f3viles.","potentialAction":[{"@type":"SearchAction","target":{"@type":"EntryPoint","urlTemplate":"https:\/\/allwintheme.com\/?s={search_term_string}"},"query-input":{"@type":"PropertyValueSpecification","valueRequired":true,"valueName":"search_term_string"}}],"inLanguage":"es-CL"}]}},"_links":{"self":[{"href":"https:\/\/allwintheme.com\/es\/wp-json\/wp\/v2\/product\/8818","targetHints":{"allow":["GET"]}}],"collection":[{"href":"https:\/\/allwintheme.com\/es\/wp-json\/wp\/v2\/product"}],"about":[{"href":"https:\/\/allwintheme.com\/es\/wp-json\/wp\/v2\/types\/product"}],"replies":[{"embeddable":true,"href":"https:\/\/allwintheme.com\/es\/wp-json\/wp\/v2\/comments?post=8818"}],"version-history":[{"count":5,"href":"https:\/\/allwintheme.com\/es\/wp-json\/wp\/v2\/product\/8818\/revisions"}],"predecessor-version":[{"id":8823,"href":"https:\/\/allwintheme.com\/es\/wp-json\/wp\/v2\/product\/8818\/revisions\/8823"}],"wp:featuredmedia":[{"embeddable":true,"href":"https:\/\/allwintheme.com\/es\/wp-json\/wp\/v2\/media\/8804"}],"wp:attachment":[{"href":"https:\/\/allwintheme.com\/es\/wp-json\/wp\/v2\/media?parent=8818"}],"wp:term":[{"taxonomy":"product_brand","embeddable":true,"href":"https:\/\/allwintheme.com\/es\/wp-json\/wp\/v2\/product_brand?post=8818"},{"taxonomy":"product_cat","embeddable":true,"href":"https:\/\/allwintheme.com\/es\/wp-json\/wp\/v2\/product_cat?post=8818"},{"taxonomy":"product_tag","embeddable":true,"href":"https:\/\/allwintheme.com\/es\/wp-json\/wp\/v2\/product_tag?post=8818"}],"curies":[{"name":"wp","href":"https:\/\/api.w.org\/{rel}","templated":true}]}}