{"id":8824,"date":"2025-10-01T10:44:53","date_gmt":"2025-10-01T10:44:53","guid":{"rendered":"https:\/\/allwintheme.com\/?post_type=product&#038;p=8824"},"modified":"2025-10-01T10:48:17","modified_gmt":"2025-10-01T10:48:17","slug":"addon-bookly-paypal-checkout","status":"publish","type":"product","link":"https:\/\/allwintheme.com\/es\/producto\/addon-bookly-paypal-checkout\/","title":{"rendered":"Complemento de pago PayPal de Bookly"},"content":{"rendered":"<div data-elementor-type=\"wp-post\" data-elementor-id=\"8824\" class=\"elementor elementor-8824\" data-elementor-settings=\"{&quot;element_pack_global_tooltip_width&quot;:{&quot;unit&quot;:&quot;px&quot;,&quot;size&quot;:&quot;&quot;,&quot;sizes&quot;:[]},&quot;element_pack_global_tooltip_width_tablet&quot;:{&quot;unit&quot;:&quot;px&quot;,&quot;size&quot;:&quot;&quot;,&quot;sizes&quot;:[]},&quot;element_pack_global_tooltip_width_mobile&quot;:{&quot;unit&quot;:&quot;px&quot;,&quot;size&quot;:&quot;&quot;,&quot;sizes&quot;:[]},&quot;element_pack_global_tooltip_padding&quot;:{&quot;unit&quot;:&quot;px&quot;,&quot;top&quot;:&quot;&quot;,&quot;right&quot;:&quot;&quot;,&quot;bottom&quot;:&quot;&quot;,&quot;left&quot;:&quot;&quot;,&quot;isLinked&quot;:true},&quot;element_pack_global_tooltip_padding_tablet&quot;:{&quot;unit&quot;:&quot;px&quot;,&quot;top&quot;:&quot;&quot;,&quot;right&quot;:&quot;&quot;,&quot;bottom&quot;:&quot;&quot;,&quot;left&quot;:&quot;&quot;,&quot;isLinked&quot;:true},&quot;element_pack_global_tooltip_padding_mobile&quot;:{&quot;unit&quot;:&quot;px&quot;,&quot;top&quot;:&quot;&quot;,&quot;right&quot;:&quot;&quot;,&quot;bottom&quot;:&quot;&quot;,&quot;left&quot;:&quot;&quot;,&quot;isLinked&quot;:true},&quot;element_pack_global_tooltip_border_radius&quot;:{&quot;unit&quot;:&quot;px&quot;,&quot;top&quot;:&quot;&quot;,&quot;right&quot;:&quot;&quot;,&quot;bottom&quot;:&quot;&quot;,&quot;left&quot;:&quot;&quot;,&quot;isLinked&quot;:true},&quot;element_pack_global_tooltip_border_radius_tablet&quot;:{&quot;unit&quot;:&quot;px&quot;,&quot;top&quot;:&quot;&quot;,&quot;right&quot;:&quot;&quot;,&quot;bottom&quot;:&quot;&quot;,&quot;left&quot;:&quot;&quot;,&quot;isLinked&quot;:true},&quot;element_pack_global_tooltip_border_radius_mobile&quot;:{&quot;unit&quot;:&quot;px&quot;,&quot;top&quot;:&quot;&quot;,&quot;right&quot;:&quot;&quot;,&quot;bottom&quot;:&quot;&quot;,&quot;left&quot;:&quot;&quot;,&quot;isLinked&quot;:true}}\" data-elementor-post-type=\"product\">\n\t\t\t\t<div class=\"elementor-element elementor-element-93aa4a8 e-con-full e-flex e-con e-parent\" data-id=\"93aa4a8\" data-element_type=\"container\" data-e-type=\"container\">\n\t\t\t\t<div class=\"elementor-element elementor-element-2c3f760 miaoshu elementor-widget elementor-widget-wd_text_block\" data-id=\"2c3f760\" data-element_type=\"widget\" data-e-type=\"widget\" data-widget_type=\"wd_text_block.default\">\n\t\t\t\t<div class=\"elementor-widget-container\">\n\t\t\t\t\t\t\t<div class=\"wd-text-block reset-last-child text-left\">\n\t\t\t\n\t\t\t<h2>Pago con PayPal de Bookly: Simplifique los pagos en Internet<\/h2>\n<p>\u00bfBusca una forma fiable de aceptar pagos en l\u00ednea en su sitio web? En <strong>Complemento de pago PayPal de Bookly<\/strong> integra perfectamente PayPal, una de las pasarelas de pago m\u00e1s fiables del mundo, en su formulario de reserva de Bookly PRO. Por ejemplo, este plugin permite a los clientes pagar los servicios con solo unos clics, lo que mejora su experiencia de reserva y aumenta sus ventas.<\/p>\n\n<h3>Integraci\u00f3n de pagos sin esfuerzo<\/h3>\n<p>Con el complemento de pago PayPal de Bookly, puede a\u00f1adir r\u00e1pidamente PayPal como opci\u00f3n de pago a su proceso de reserva. Los clientes pueden elegir pagar a trav\u00e9s de su cuenta PayPal o tarjeta de cr\u00e9dito, dependiendo de la disponibilidad en su regi\u00f3n. Tras seleccionar PayPal, el sistema les redirige al sitio seguro de PayPal para confirmar y completar su transacci\u00f3n. Esto garantiza un proceso de pago seguro y sin complicaciones.<\/p>\n\n<h3>\u00bfPor qu\u00e9 elegir Bookly PayPal Checkout?<\/h3>\n<ul>\n    <li><strong>Pasarela de pago de confianza:<\/strong> Aproveche la plataforma mundialmente reconocida de PayPal para realizar transacciones seguras.<\/li>\n    <li><strong>F\u00e1cil instalaci\u00f3n:<\/strong> Configure r\u00e1pidamente el plugin para que se integre a la perfecci\u00f3n con Bookly PRO.<\/li>\n    <li><strong>Opciones de pago flexibles:<\/strong> Los clientes pueden pagar mediante PayPal o tarjeta de cr\u00e9dito, si est\u00e1 disponible.<\/li>\n    <li><strong>Experiencia de usuario mejorada:<\/strong> Ofrezca un proceso de pago r\u00e1pido y sin complicaciones para aumentar las conversiones.<\/li>\n<\/ul>\n\n<h3>Aumente las ventas con pagos fluidos<\/h3>\n<p>Al a\u00f1adir PayPal a su formulario de reserva, proporciona a los clientes una forma de pago conocida y de confianza. Como resultado, esto fomenta m\u00e1s reservas y agiliza la recaudaci\u00f3n de ingresos. Adem\u00e1s, la sencilla configuraci\u00f3n del complemento le ahorra tiempo y le permite centrarse en el crecimiento de su negocio. Sin embargo, tenga en cuenta que la disponibilidad de PayPal y las opciones de pago de los hu\u00e9spedes (por ejemplo, tarjeta de cr\u00e9dito sin cuenta PayPal) pueden variar seg\u00fan el pa\u00eds. Para obtener m\u00e1s informaci\u00f3n, consulte la documentaci\u00f3n de PayPal o p\u00f3ngase en contacto con su equipo de asistencia.<\/p>\n\n<h3>Informaci\u00f3n importante<\/h3>\n<p>Este complemento requiere <strong>Bookly PRO<\/strong> para ser instalado y activado. Puede encontrar Bookly PRO en Codecanyon para una soluci\u00f3n completa de reservas. Por lo tanto, aseg\u00farese de tener Bookly PRO configurado antes de instalar este complemento para desbloquear todo su potencial.<\/p>\n\n<h3>Empiece hoy mismo<\/h3>\n<p>Mejore su proceso de reserva con el <strong>Complemento de pago PayPal de Bookly<\/strong>. Ofrezca a sus clientes una opci\u00f3n de pago segura y c\u00f3moda, y vea c\u00f3mo se disparan sus reservas. \u00a1Instala el plugin ahora y simplifica los pagos online!<\/p>\n\t\t\t\t\t<\/div>\n\t\t\t\t\t\t<\/div>\n\t\t\t\t<\/div>\n\t\t\t\t<\/div>\n\t\t\t\t<\/div>","protected":false},"excerpt":{"rendered":"<p>Bookly PayPal Checkout: Simplify Online Payments Looking for a reliable way to accept online payments on your website? The Bookly<\/p>","protected":false},"featured_media":8803,"comment_status":"open","ping_status":"closed","template":"","meta":{"_acf_changed":false},"product_brand":[],"product_cat":[49],"product_tag":[],"class_list":{"0":"post-8824","1":"product","2":"type-product","3":"status-publish","4":"has-post-thumbnail","6":"product_cat-plugins","8":"first","9":"instock","10":"sale","11":"downloadable","12":"shipping-taxable","13":"purchasable","14":"product-type-simple"},"acf":[],"yoast_head":"<!-- This site is optimized with the Yoast SEO Premium plugin v25.6 (Yoast SEO v27.1.1) - https:\/\/yoast.com\/product\/yoast-seo-premium-wordpress\/ -->\n<title>Bookly PayPal Checkout Add-on - AllWin Theme \u2013 Free WordPress Themes Download<\/title>\n<meta name=\"description\" content=\"Add PayPal to your Bookly PRO booking form for secure, easy online payments. Boost sales with a trusted payment gateway.\" \/>\n<meta name=\"robots\" content=\"index, follow, max-snippet:-1, max-image-preview:large, max-video-preview:-1\" \/>\n<link rel=\"canonical\" href=\"https:\/\/allwintheme.com\/es\/producto\/addon-bookly-paypal-checkout\/\" \/>\n<meta property=\"og:locale\" content=\"es_ES\" \/>\n<meta property=\"og:type\" content=\"article\" \/>\n<meta property=\"og:title\" content=\"Bookly PayPal Checkout Add-on\" \/>\n<meta property=\"og:description\" content=\"Add PayPal to your Bookly PRO booking form for secure, easy online payments. Boost sales with a trusted payment gateway.\" \/>\n<meta property=\"og:url\" content=\"https:\/\/allwintheme.com\/es\/producto\/addon-bookly-paypal-checkout\/\" \/>\n<meta property=\"og:site_name\" content=\"AllWin Theme \u2013 Free WordPress Themes Download\" \/>\n<meta property=\"article:modified_time\" content=\"2025-10-01T10:48:17+00:00\" \/>\n<meta property=\"og:image\" content=\"https:\/\/allwintheme.com\/wp-content\/uploads\/2025\/10\/v9ihfp2k.png\" \/>\n\t<meta property=\"og:image:width\" content=\"590\" \/>\n\t<meta property=\"og:image:height\" content=\"300\" \/>\n\t<meta property=\"og:image:type\" content=\"image\/png\" \/>\n<meta name=\"twitter:card\" content=\"summary_large_image\" \/>\n<meta name=\"twitter:label1\" content=\"Tiempo estimado de lectura\" \/>\n\t<meta name=\"twitter:data1\" content=\"2 minutos\" \/>\n<script type=\"application\/ld+json\" class=\"yoast-schema-graph\">{\"@context\":\"https:\/\/schema.org\",\"@graph\":[{\"@type\":\"WebPage\",\"@id\":\"https:\/\/allwintheme.com\/product\/bookly-paypal-checkout-addon\/\",\"url\":\"https:\/\/allwintheme.com\/product\/bookly-paypal-checkout-addon\/\",\"name\":\"Bookly PayPal Checkout Add-on - AllWin Theme \u2013 Free WordPress Themes Download\",\"isPartOf\":{\"@id\":\"https:\/\/allwintheme.com\/#website\"},\"primaryImageOfPage\":{\"@id\":\"https:\/\/allwintheme.com\/product\/bookly-paypal-checkout-addon\/#primaryimage\"},\"image\":{\"@id\":\"https:\/\/allwintheme.com\/product\/bookly-paypal-checkout-addon\/#primaryimage\"},\"thumbnailUrl\":\"https:\/\/allwintheme.com\/wp-content\/uploads\/2025\/10\/v9ihfp2k.png\",\"datePublished\":\"2025-10-01T10:44:53+00:00\",\"dateModified\":\"2025-10-01T10:48:17+00:00\",\"description\":\"Add PayPal to your Bookly PRO booking form for secure, easy online payments. Boost sales with a trusted payment gateway.\",\"breadcrumb\":{\"@id\":\"https:\/\/allwintheme.com\/product\/bookly-paypal-checkout-addon\/#breadcrumb\"},\"inLanguage\":\"es-CL\",\"potentialAction\":[{\"@type\":\"ReadAction\",\"target\":[\"https:\/\/allwintheme.com\/product\/bookly-paypal-checkout-addon\/\"]}]},{\"@type\":\"ImageObject\",\"inLanguage\":\"es-CL\",\"@id\":\"https:\/\/allwintheme.com\/product\/bookly-paypal-checkout-addon\/#primaryimage\",\"url\":\"https:\/\/allwintheme.com\/wp-content\/uploads\/2025\/10\/v9ihfp2k.png\",\"contentUrl\":\"https:\/\/allwintheme.com\/wp-content\/uploads\/2025\/10\/v9ihfp2k.png\",\"width\":590,\"height\":300,\"caption\":\"Bookly PayPal Checkout Addon\"},{\"@type\":\"BreadcrumbList\",\"@id\":\"https:\/\/allwintheme.com\/product\/bookly-paypal-checkout-addon\/#breadcrumb\",\"itemListElement\":[{\"@type\":\"ListItem\",\"position\":1,\"name\":\"Home\",\"item\":\"https:\/\/allwintheme.com\/\"},{\"@type\":\"ListItem\",\"position\":2,\"name\":\"Shop\",\"item\":\"https:\/\/allwintheme.com\/shop\/\"},{\"@type\":\"ListItem\",\"position\":3,\"name\":\"Bookly PayPal Checkout Add-on\"}]},{\"@type\":\"WebSite\",\"@id\":\"https:\/\/allwintheme.com\/#website\",\"url\":\"https:\/\/allwintheme.com\/\",\"name\":\"Allwintheme\",\"description\":\"Download free WordPress themes for every niche. Blogs, business, eCommerce, portfolio, restaurant and more. All themes are GPL licensed and mobile-ready.\",\"potentialAction\":[{\"@type\":\"SearchAction\",\"target\":{\"@type\":\"EntryPoint\",\"urlTemplate\":\"https:\/\/allwintheme.com\/?s={search_term_string}\"},\"query-input\":{\"@type\":\"PropertyValueSpecification\",\"valueRequired\":true,\"valueName\":\"search_term_string\"}}],\"inLanguage\":\"es-CL\"}]}<\/script>\n<!-- \/ Yoast SEO Premium plugin. -->","yoast_head_json":{"title":"Bookly PayPal Checkout Add-on - AllWin Theme \u2013 Free WordPress Themes Download","description":"A\u00f1ada PayPal a su formulario de reserva Bookly PRO para realizar pagos en l\u00ednea de forma segura y sencilla. Aumente las ventas con una pasarela de pago de confianza.","robots":{"index":"index","follow":"follow","max-snippet":"max-snippet:-1","max-image-preview":"max-image-preview:large","max-video-preview":"max-video-preview:-1"},"canonical":"https:\/\/allwintheme.com\/es\/producto\/addon-bookly-paypal-checkout\/","og_locale":"es_ES","og_type":"article","og_title":"Bookly PayPal Checkout Add-on","og_description":"Add PayPal to your Bookly PRO booking form for secure, easy online payments. Boost sales with a trusted payment gateway.","og_url":"https:\/\/allwintheme.com\/es\/producto\/addon-bookly-paypal-checkout\/","og_site_name":"AllWin Theme \u2013 Free WordPress Themes Download","article_modified_time":"2025-10-01T10:48:17+00:00","og_image":[{"width":590,"height":300,"url":"https:\/\/allwintheme.com\/wp-content\/uploads\/2025\/10\/v9ihfp2k.png","type":"image\/png"}],"twitter_card":"summary_large_image","twitter_misc":{"Tiempo estimado de lectura":"2 minutos"},"schema":{"@context":"https:\/\/schema.org","@graph":[{"@type":"WebPage","@id":"https:\/\/allwintheme.com\/product\/bookly-paypal-checkout-addon\/","url":"https:\/\/allwintheme.com\/product\/bookly-paypal-checkout-addon\/","name":"Bookly PayPal Checkout Add-on - AllWin Theme \u2013 Free WordPress Themes Download","isPartOf":{"@id":"https:\/\/allwintheme.com\/#website"},"primaryImageOfPage":{"@id":"https:\/\/allwintheme.com\/product\/bookly-paypal-checkout-addon\/#primaryimage"},"image":{"@id":"https:\/\/allwintheme.com\/product\/bookly-paypal-checkout-addon\/#primaryimage"},"thumbnailUrl":"https:\/\/allwintheme.com\/wp-content\/uploads\/2025\/10\/v9ihfp2k.png","datePublished":"2025-10-01T10:44:53+00:00","dateModified":"2025-10-01T10:48:17+00:00","description":"A\u00f1ada PayPal a su formulario de reserva Bookly PRO para realizar pagos en l\u00ednea de forma segura y sencilla. Aumente las ventas con una pasarela de pago de confianza.","breadcrumb":{"@id":"https:\/\/allwintheme.com\/product\/bookly-paypal-checkout-addon\/#breadcrumb"},"inLanguage":"es-CL","potentialAction":[{"@type":"ReadAction","target":["https:\/\/allwintheme.com\/product\/bookly-paypal-checkout-addon\/"]}]},{"@type":"ImageObject","inLanguage":"es-CL","@id":"https:\/\/allwintheme.com\/product\/bookly-paypal-checkout-addon\/#primaryimage","url":"https:\/\/allwintheme.com\/wp-content\/uploads\/2025\/10\/v9ihfp2k.png","contentUrl":"https:\/\/allwintheme.com\/wp-content\/uploads\/2025\/10\/v9ihfp2k.png","width":590,"height":300,"caption":"Bookly PayPal Checkout Addon"},{"@type":"BreadcrumbList","@id":"https:\/\/allwintheme.com\/product\/bookly-paypal-checkout-addon\/#breadcrumb","itemListElement":[{"@type":"ListItem","position":1,"name":"Home","item":"https:\/\/allwintheme.com\/"},{"@type":"ListItem","position":2,"name":"Shop","item":"https:\/\/allwintheme.com\/shop\/"},{"@type":"ListItem","position":3,"name":"Bookly PayPal Checkout Add-on"}]},{"@type":"WebSite","@id":"https:\/\/allwintheme.com\/#website","url":"https:\/\/allwintheme.com\/","name":"Allwintheme","description":"Descarga gratis temas de WordPress para todos los nichos. Blogs, negocios, comercio electr\u00f3nico, portafolio, restaurante y m\u00e1s. Todos los temas tienen licencia GPL y est\u00e1n preparados para dispositivos m\u00f3viles.","potentialAction":[{"@type":"SearchAction","target":{"@type":"EntryPoint","urlTemplate":"https:\/\/allwintheme.com\/?s={search_term_string}"},"query-input":{"@type":"PropertyValueSpecification","valueRequired":true,"valueName":"search_term_string"}}],"inLanguage":"es-CL"}]}},"_links":{"self":[{"href":"https:\/\/allwintheme.com\/es\/wp-json\/wp\/v2\/product\/8824","targetHints":{"allow":["GET"]}}],"collection":[{"href":"https:\/\/allwintheme.com\/es\/wp-json\/wp\/v2\/product"}],"about":[{"href":"https:\/\/allwintheme.com\/es\/wp-json\/wp\/v2\/types\/product"}],"replies":[{"embeddable":true,"href":"https:\/\/allwintheme.com\/es\/wp-json\/wp\/v2\/comments?post=8824"}],"version-history":[{"count":5,"href":"https:\/\/allwintheme.com\/es\/wp-json\/wp\/v2\/product\/8824\/revisions"}],"predecessor-version":[{"id":8829,"href":"https:\/\/allwintheme.com\/es\/wp-json\/wp\/v2\/product\/8824\/revisions\/8829"}],"wp:featuredmedia":[{"embeddable":true,"href":"https:\/\/allwintheme.com\/es\/wp-json\/wp\/v2\/media\/8803"}],"wp:attachment":[{"href":"https:\/\/allwintheme.com\/es\/wp-json\/wp\/v2\/media?parent=8824"}],"wp:term":[{"taxonomy":"product_brand","embeddable":true,"href":"https:\/\/allwintheme.com\/es\/wp-json\/wp\/v2\/product_brand?post=8824"},{"taxonomy":"product_cat","embeddable":true,"href":"https:\/\/allwintheme.com\/es\/wp-json\/wp\/v2\/product_cat?post=8824"},{"taxonomy":"product_tag","embeddable":true,"href":"https:\/\/allwintheme.com\/es\/wp-json\/wp\/v2\/product_tag?post=8824"}],"curies":[{"name":"wp","href":"https:\/\/api.w.org\/{rel}","templated":true}]}}