{"id":8843,"date":"2025-10-01T10:58:02","date_gmt":"2025-10-01T10:58:02","guid":{"rendered":"https:\/\/allwintheme.com\/?post_type=product&#038;p=8843"},"modified":"2025-10-01T11:01:56","modified_gmt":"2025-10-01T11:01:56","slug":"bookingpress-paypal-pro-pasarela-de-pago-addon","status":"publish","type":"product","link":"https:\/\/allwintheme.com\/es\/producto\/bookingpress-paypal-pro-pasarela-de-pago-addon\/","title":{"rendered":"BookingPress PayPal Pro Payment Gateway Addon"},"content":{"rendered":"<div data-elementor-type=\"wp-post\" data-elementor-id=\"8843\" class=\"elementor elementor-8843\" data-elementor-settings=\"{&quot;element_pack_global_tooltip_width&quot;:{&quot;unit&quot;:&quot;px&quot;,&quot;size&quot;:&quot;&quot;,&quot;sizes&quot;:[]},&quot;element_pack_global_tooltip_width_tablet&quot;:{&quot;unit&quot;:&quot;px&quot;,&quot;size&quot;:&quot;&quot;,&quot;sizes&quot;:[]},&quot;element_pack_global_tooltip_width_mobile&quot;:{&quot;unit&quot;:&quot;px&quot;,&quot;size&quot;:&quot;&quot;,&quot;sizes&quot;:[]},&quot;element_pack_global_tooltip_padding&quot;:{&quot;unit&quot;:&quot;px&quot;,&quot;top&quot;:&quot;&quot;,&quot;right&quot;:&quot;&quot;,&quot;bottom&quot;:&quot;&quot;,&quot;left&quot;:&quot;&quot;,&quot;isLinked&quot;:true},&quot;element_pack_global_tooltip_padding_tablet&quot;:{&quot;unit&quot;:&quot;px&quot;,&quot;top&quot;:&quot;&quot;,&quot;right&quot;:&quot;&quot;,&quot;bottom&quot;:&quot;&quot;,&quot;left&quot;:&quot;&quot;,&quot;isLinked&quot;:true},&quot;element_pack_global_tooltip_padding_mobile&quot;:{&quot;unit&quot;:&quot;px&quot;,&quot;top&quot;:&quot;&quot;,&quot;right&quot;:&quot;&quot;,&quot;bottom&quot;:&quot;&quot;,&quot;left&quot;:&quot;&quot;,&quot;isLinked&quot;:true},&quot;element_pack_global_tooltip_border_radius&quot;:{&quot;unit&quot;:&quot;px&quot;,&quot;top&quot;:&quot;&quot;,&quot;right&quot;:&quot;&quot;,&quot;bottom&quot;:&quot;&quot;,&quot;left&quot;:&quot;&quot;,&quot;isLinked&quot;:true},&quot;element_pack_global_tooltip_border_radius_tablet&quot;:{&quot;unit&quot;:&quot;px&quot;,&quot;top&quot;:&quot;&quot;,&quot;right&quot;:&quot;&quot;,&quot;bottom&quot;:&quot;&quot;,&quot;left&quot;:&quot;&quot;,&quot;isLinked&quot;:true},&quot;element_pack_global_tooltip_border_radius_mobile&quot;:{&quot;unit&quot;:&quot;px&quot;,&quot;top&quot;:&quot;&quot;,&quot;right&quot;:&quot;&quot;,&quot;bottom&quot;:&quot;&quot;,&quot;left&quot;:&quot;&quot;,&quot;isLinked&quot;:true}}\" data-elementor-post-type=\"product\">\n\t\t\t\t<div class=\"elementor-element elementor-element-93aa4a8 e-con-full e-flex e-con e-parent\" data-id=\"93aa4a8\" data-element_type=\"container\" data-e-type=\"container\">\n\t\t\t\t<div class=\"elementor-element elementor-element-2c3f760 miaoshu elementor-widget elementor-widget-wd_text_block\" data-id=\"2c3f760\" data-element_type=\"widget\" data-e-type=\"widget\" data-widget_type=\"wd_text_block.default\">\n\t\t\t\t<div class=\"elementor-widget-container\">\n\t\t\t\t\t\t\t<div class=\"wd-text-block reset-last-child text-left\">\n\t\t\t\n\t\t\t<h2>BookingPress PayPal Pro: Desbloquee los pagos globales sin problemas<\/h2>\n<p>En <strong>BookingPress PayPal Pro Payment Gateway Addon<\/strong> mejora tu sistema de reservas integrando PayPal Pro directamente en BookingPress. Por ejemplo, este complemento te permite dirigir los pagos directamente a tu cuenta PayPal de vendedor en Internet, ampliando tu alcance y simplificando las transacciones. Como resultado, podr\u00e1 gestionar las reservas de forma m\u00e1s eficaz y satisfacer a clientes de todo el mundo.<\/p>\n\n<h3>Acepte tarjetas sin esfuerzo<\/h3>\n<p>Con BookingPress PayPal Pro, permite a los clientes pagar con las principales tarjetas de d\u00e9bito y cr\u00e9dito directamente en su sitio. Por lo tanto, las opciones de apoyo como Visa, MasterCard, American Express, Discover, y otros se convierte en sencillo. Adem\u00e1s, esta configuraci\u00f3n aumenta las tasas de conversi\u00f3n al ofrecer m\u00e9todos de pago familiares que generan confianza.<\/p>\n\n<h3>Principales ventajas para su empresa<\/h3>\n<ul>\n    <li><strong>Soporte multidivisa:<\/strong> Procese pagos en varias divisas para atender sin problemas a clientes internacionales.<\/li>\n    <li><strong>Protecci\u00f3n avanzada contra el fraude:<\/strong> Las herramientas integradas de PayPal protegen las transacciones, minimizando los riesgos y las devoluciones de cargo.<\/li>\n    <li><strong>Experiencia de usuario superior:<\/strong> Los clientes disfrutan de un proceso de pago m\u00e1s r\u00e1pido e intuitivo que fomenta la repetici\u00f3n de reservas.<\/li>\n    <li><strong>Compatibilidad de dispositivos:<\/strong> El complemento funciona a la perfecci\u00f3n en ordenadores de sobremesa, tabletas y m\u00f3viles para realizar reservas sobre la marcha.<\/li>\n    <li><strong>Alcance mundial:<\/strong> Aproveche la red de PayPal de m\u00e1s de 390 millones de cuentas activas para aumentar su audiencia.<\/li>\n<\/ul>\n\n<h3>Opciones de configuraci\u00f3n flexibles<\/h3>\n<p>Puede personalizar BookingPress PayPal Pro para adaptarlo a las necesidades exactas de su empresa. Por ejemplo, puede ajustar la configuraci\u00f3n de divisas, niveles de seguridad o puntos de integraci\u00f3n sin complicaciones. Por consiguiente, esta flexibilidad garantiza que su flujo de pagos se adapte perfectamente a sus operaciones, tanto si es un peque\u00f1o sal\u00f3n de belleza como si se trata de un gran evento.<\/p>\n\n<h3>Empiece a aceptar pagos hoy mismo<\/h3>\n<p>Eleva tu sitio BookingPress con el <strong>BookingPress PayPal Pro Payment Gateway Addon<\/strong>. Al automatizar las transacciones seguras y f\u00e1ciles de realizar con tarjeta, agiliza las operaciones y ampl\u00eda los flujos de ingresos. Por lo tanto, obtenga este complemento ahora y transforme la forma en que los clientes reservan con usted.<\/p>\n\t\t\t\t\t<\/div>\n\t\t\t\t\t\t<\/div>\n\t\t\t\t<\/div>\n\t\t\t\t<\/div>\n\t\t\t\t<\/div>","protected":false},"excerpt":{"rendered":"<p>BookingPress PayPal Pro: Unlock Seamless Global Payments El addon de pasarela de pagos de BookingPress PayPal Pro sobrealimenta su sistema de reservas mediante la integraci\u00f3n de<\/p>","protected":false},"featured_media":8800,"comment_status":"open","ping_status":"closed","template":"","meta":{"_acf_changed":false},"product_brand":[],"product_cat":[49],"product_tag":[],"class_list":{"0":"post-8843","1":"product","2":"type-product","3":"status-publish","4":"has-post-thumbnail","6":"product_cat-plugins","8":"first","9":"instock","10":"sale","11":"downloadable","12":"shipping-taxable","13":"purchasable","14":"product-type-simple"},"acf":[],"yoast_head":"<!-- This site is optimized with the Yoast SEO Premium plugin v25.6 (Yoast SEO v27.1.1) - https:\/\/yoast.com\/product\/yoast-seo-premium-wordpress\/ -->\n<title>BookingPress PayPal Pro Payment Gateway Addon - AllWin Theme \u2013 Free WordPress Themes Download<\/title>\n<meta name=\"description\" content=\"Enhance BookingPress with PayPal Pro Addon. Accept major cards, multiple currencies, and fraud protection for seamless global payments.\" \/>\n<meta name=\"robots\" content=\"index, follow, max-snippet:-1, max-image-preview:large, max-video-preview:-1\" \/>\n<link rel=\"canonical\" href=\"https:\/\/allwintheme.com\/es\/producto\/bookingpress-paypal-pro-pasarela-de-pago-addon\/\" \/>\n<meta property=\"og:locale\" content=\"es_ES\" \/>\n<meta property=\"og:type\" content=\"article\" \/>\n<meta property=\"og:title\" content=\"BookingPress PayPal Pro Payment Gateway Addon\" \/>\n<meta property=\"og:description\" content=\"Enhance BookingPress with PayPal Pro Addon. Accept major cards, multiple currencies, and fraud protection for seamless global payments.\" \/>\n<meta property=\"og:url\" content=\"https:\/\/allwintheme.com\/es\/producto\/bookingpress-paypal-pro-pasarela-de-pago-addon\/\" \/>\n<meta property=\"og:site_name\" content=\"AllWin Theme \u2013 Free WordPress Themes Download\" \/>\n<meta property=\"article:modified_time\" content=\"2025-10-01T11:01:56+00:00\" \/>\n<meta property=\"og:image\" content=\"https:\/\/allwintheme.com\/wp-content\/uploads\/2025\/10\/nzzca2dl.png\" \/>\n\t<meta property=\"og:image:width\" content=\"590\" \/>\n\t<meta property=\"og:image:height\" content=\"300\" \/>\n\t<meta property=\"og:image:type\" content=\"image\/png\" \/>\n<meta name=\"twitter:card\" content=\"summary_large_image\" \/>\n<meta name=\"twitter:label1\" content=\"Tiempo estimado de lectura\" \/>\n\t<meta name=\"twitter:data1\" content=\"2 minutos\" \/>\n<script type=\"application\/ld+json\" class=\"yoast-schema-graph\">{\"@context\":\"https:\/\/schema.org\",\"@graph\":[{\"@type\":\"WebPage\",\"@id\":\"https:\/\/allwintheme.com\/product\/bookingpress-paypal-pro-payment-gateway-addon\/\",\"url\":\"https:\/\/allwintheme.com\/product\/bookingpress-paypal-pro-payment-gateway-addon\/\",\"name\":\"BookingPress PayPal Pro Payment Gateway Addon - AllWin Theme \u2013 Free WordPress Themes Download\",\"isPartOf\":{\"@id\":\"https:\/\/allwintheme.com\/#website\"},\"primaryImageOfPage\":{\"@id\":\"https:\/\/allwintheme.com\/product\/bookingpress-paypal-pro-payment-gateway-addon\/#primaryimage\"},\"image\":{\"@id\":\"https:\/\/allwintheme.com\/product\/bookingpress-paypal-pro-payment-gateway-addon\/#primaryimage\"},\"thumbnailUrl\":\"https:\/\/allwintheme.com\/wp-content\/uploads\/2025\/10\/nzzca2dl.png\",\"datePublished\":\"2025-10-01T10:58:02+00:00\",\"dateModified\":\"2025-10-01T11:01:56+00:00\",\"description\":\"Enhance BookingPress with PayPal Pro Addon. Accept major cards, multiple currencies, and fraud protection for seamless global payments.\",\"breadcrumb\":{\"@id\":\"https:\/\/allwintheme.com\/product\/bookingpress-paypal-pro-payment-gateway-addon\/#breadcrumb\"},\"inLanguage\":\"es-CL\",\"potentialAction\":[{\"@type\":\"ReadAction\",\"target\":[\"https:\/\/allwintheme.com\/product\/bookingpress-paypal-pro-payment-gateway-addon\/\"]}]},{\"@type\":\"ImageObject\",\"inLanguage\":\"es-CL\",\"@id\":\"https:\/\/allwintheme.com\/product\/bookingpress-paypal-pro-payment-gateway-addon\/#primaryimage\",\"url\":\"https:\/\/allwintheme.com\/wp-content\/uploads\/2025\/10\/nzzca2dl.png\",\"contentUrl\":\"https:\/\/allwintheme.com\/wp-content\/uploads\/2025\/10\/nzzca2dl.png\",\"width\":590,\"height\":300,\"caption\":\"BookingPress Paypal Pro Payment Gateway Addon\"},{\"@type\":\"BreadcrumbList\",\"@id\":\"https:\/\/allwintheme.com\/product\/bookingpress-paypal-pro-payment-gateway-addon\/#breadcrumb\",\"itemListElement\":[{\"@type\":\"ListItem\",\"position\":1,\"name\":\"Home\",\"item\":\"https:\/\/allwintheme.com\/\"},{\"@type\":\"ListItem\",\"position\":2,\"name\":\"Shop\",\"item\":\"https:\/\/allwintheme.com\/shop\/\"},{\"@type\":\"ListItem\",\"position\":3,\"name\":\"BookingPress PayPal Pro Payment Gateway Addon\"}]},{\"@type\":\"WebSite\",\"@id\":\"https:\/\/allwintheme.com\/#website\",\"url\":\"https:\/\/allwintheme.com\/\",\"name\":\"Allwintheme\",\"description\":\"Download free WordPress themes for every niche. Blogs, business, eCommerce, portfolio, restaurant and more. All themes are GPL licensed and mobile-ready.\",\"potentialAction\":[{\"@type\":\"SearchAction\",\"target\":{\"@type\":\"EntryPoint\",\"urlTemplate\":\"https:\/\/allwintheme.com\/?s={search_term_string}\"},\"query-input\":{\"@type\":\"PropertyValueSpecification\",\"valueRequired\":true,\"valueName\":\"search_term_string\"}}],\"inLanguage\":\"es-CL\"}]}<\/script>\n<!-- \/ Yoast SEO Premium plugin. -->","yoast_head_json":{"title":"BookingPress PayPal Pro Payment Gateway Addon - AllWin Theme - Free WordPress Themes Download","description":"Mejorar BookingPress con PayPal Pro Addon. Acepta las principales tarjetas, varias divisas y protecci\u00f3n contra el fraude para realizar pagos globales sin problemas.","robots":{"index":"index","follow":"follow","max-snippet":"max-snippet:-1","max-image-preview":"max-image-preview:large","max-video-preview":"max-video-preview:-1"},"canonical":"https:\/\/allwintheme.com\/es\/producto\/bookingpress-paypal-pro-pasarela-de-pago-addon\/","og_locale":"es_ES","og_type":"article","og_title":"BookingPress PayPal Pro Payment Gateway Addon","og_description":"Enhance BookingPress with PayPal Pro Addon. Accept major cards, multiple currencies, and fraud protection for seamless global payments.","og_url":"https:\/\/allwintheme.com\/es\/producto\/bookingpress-paypal-pro-pasarela-de-pago-addon\/","og_site_name":"AllWin Theme \u2013 Free WordPress Themes Download","article_modified_time":"2025-10-01T11:01:56+00:00","og_image":[{"width":590,"height":300,"url":"https:\/\/allwintheme.com\/wp-content\/uploads\/2025\/10\/nzzca2dl.png","type":"image\/png"}],"twitter_card":"summary_large_image","twitter_misc":{"Tiempo estimado de lectura":"2 minutos"},"schema":{"@context":"https:\/\/schema.org","@graph":[{"@type":"WebPage","@id":"https:\/\/allwintheme.com\/product\/bookingpress-paypal-pro-payment-gateway-addon\/","url":"https:\/\/allwintheme.com\/product\/bookingpress-paypal-pro-payment-gateway-addon\/","name":"BookingPress PayPal Pro Payment Gateway Addon - AllWin Theme - Free WordPress Themes Download","isPartOf":{"@id":"https:\/\/allwintheme.com\/#website"},"primaryImageOfPage":{"@id":"https:\/\/allwintheme.com\/product\/bookingpress-paypal-pro-payment-gateway-addon\/#primaryimage"},"image":{"@id":"https:\/\/allwintheme.com\/product\/bookingpress-paypal-pro-payment-gateway-addon\/#primaryimage"},"thumbnailUrl":"https:\/\/allwintheme.com\/wp-content\/uploads\/2025\/10\/nzzca2dl.png","datePublished":"2025-10-01T10:58:02+00:00","dateModified":"2025-10-01T11:01:56+00:00","description":"Mejorar BookingPress con PayPal Pro Addon. Acepta las principales tarjetas, varias divisas y protecci\u00f3n contra el fraude para realizar pagos globales sin problemas.","breadcrumb":{"@id":"https:\/\/allwintheme.com\/product\/bookingpress-paypal-pro-payment-gateway-addon\/#breadcrumb"},"inLanguage":"es-CL","potentialAction":[{"@type":"ReadAction","target":["https:\/\/allwintheme.com\/product\/bookingpress-paypal-pro-payment-gateway-addon\/"]}]},{"@type":"ImageObject","inLanguage":"es-CL","@id":"https:\/\/allwintheme.com\/product\/bookingpress-paypal-pro-payment-gateway-addon\/#primaryimage","url":"https:\/\/allwintheme.com\/wp-content\/uploads\/2025\/10\/nzzca2dl.png","contentUrl":"https:\/\/allwintheme.com\/wp-content\/uploads\/2025\/10\/nzzca2dl.png","width":590,"height":300,"caption":"BookingPress Paypal Pro Payment Gateway Addon"},{"@type":"BreadcrumbList","@id":"https:\/\/allwintheme.com\/product\/bookingpress-paypal-pro-payment-gateway-addon\/#breadcrumb","itemListElement":[{"@type":"ListItem","position":1,"name":"Home","item":"https:\/\/allwintheme.com\/"},{"@type":"ListItem","position":2,"name":"Shop","item":"https:\/\/allwintheme.com\/shop\/"},{"@type":"ListItem","position":3,"name":"BookingPress PayPal Pro Payment Gateway Addon"}]},{"@type":"WebSite","@id":"https:\/\/allwintheme.com\/#website","url":"https:\/\/allwintheme.com\/","name":"Allwintheme","description":"Descarga gratis temas de WordPress para todos los nichos. Blogs, negocios, comercio electr\u00f3nico, portafolio, restaurante y m\u00e1s. Todos los temas tienen licencia GPL y est\u00e1n preparados para dispositivos m\u00f3viles.","potentialAction":[{"@type":"SearchAction","target":{"@type":"EntryPoint","urlTemplate":"https:\/\/allwintheme.com\/?s={search_term_string}"},"query-input":{"@type":"PropertyValueSpecification","valueRequired":true,"valueName":"search_term_string"}}],"inLanguage":"es-CL"}]}},"_links":{"self":[{"href":"https:\/\/allwintheme.com\/es\/wp-json\/wp\/v2\/product\/8843","targetHints":{"allow":["GET"]}}],"collection":[{"href":"https:\/\/allwintheme.com\/es\/wp-json\/wp\/v2\/product"}],"about":[{"href":"https:\/\/allwintheme.com\/es\/wp-json\/wp\/v2\/types\/product"}],"replies":[{"embeddable":true,"href":"https:\/\/allwintheme.com\/es\/wp-json\/wp\/v2\/comments?post=8843"}],"version-history":[{"count":5,"href":"https:\/\/allwintheme.com\/es\/wp-json\/wp\/v2\/product\/8843\/revisions"}],"predecessor-version":[{"id":8848,"href":"https:\/\/allwintheme.com\/es\/wp-json\/wp\/v2\/product\/8843\/revisions\/8848"}],"wp:featuredmedia":[{"embeddable":true,"href":"https:\/\/allwintheme.com\/es\/wp-json\/wp\/v2\/media\/8800"}],"wp:attachment":[{"href":"https:\/\/allwintheme.com\/es\/wp-json\/wp\/v2\/media?parent=8843"}],"wp:term":[{"taxonomy":"product_brand","embeddable":true,"href":"https:\/\/allwintheme.com\/es\/wp-json\/wp\/v2\/product_brand?post=8843"},{"taxonomy":"product_cat","embeddable":true,"href":"https:\/\/allwintheme.com\/es\/wp-json\/wp\/v2\/product_cat?post=8843"},{"taxonomy":"product_tag","embeddable":true,"href":"https:\/\/allwintheme.com\/es\/wp-json\/wp\/v2\/product_tag?post=8843"}],"curies":[{"name":"wp","href":"https:\/\/api.w.org\/{rel}","templated":true}]}}