{"id":8855,"date":"2025-10-01T11:58:03","date_gmt":"2025-10-01T11:58:03","guid":{"rendered":"https:\/\/allwintheme.com\/?post_type=product&#038;p=8855"},"modified":"2025-10-01T12:06:10","modified_gmt":"2025-10-01T12:06:10","slug":"directorist-pasarela-de-pago-paypal","status":"publish","type":"product","link":"https:\/\/allwintheme.com\/es\/producto\/directorist-pasarela-de-pago-paypal\/","title":{"rendered":"Directorista Pasarela de pago PayPal"},"content":{"rendered":"<div data-elementor-type=\"wp-post\" data-elementor-id=\"8855\" class=\"elementor elementor-8855\" data-elementor-settings=\"{&quot;element_pack_global_tooltip_width&quot;:{&quot;unit&quot;:&quot;px&quot;,&quot;size&quot;:&quot;&quot;,&quot;sizes&quot;:[]},&quot;element_pack_global_tooltip_width_tablet&quot;:{&quot;unit&quot;:&quot;px&quot;,&quot;size&quot;:&quot;&quot;,&quot;sizes&quot;:[]},&quot;element_pack_global_tooltip_width_mobile&quot;:{&quot;unit&quot;:&quot;px&quot;,&quot;size&quot;:&quot;&quot;,&quot;sizes&quot;:[]},&quot;element_pack_global_tooltip_padding&quot;:{&quot;unit&quot;:&quot;px&quot;,&quot;top&quot;:&quot;&quot;,&quot;right&quot;:&quot;&quot;,&quot;bottom&quot;:&quot;&quot;,&quot;left&quot;:&quot;&quot;,&quot;isLinked&quot;:true},&quot;element_pack_global_tooltip_padding_tablet&quot;:{&quot;unit&quot;:&quot;px&quot;,&quot;top&quot;:&quot;&quot;,&quot;right&quot;:&quot;&quot;,&quot;bottom&quot;:&quot;&quot;,&quot;left&quot;:&quot;&quot;,&quot;isLinked&quot;:true},&quot;element_pack_global_tooltip_padding_mobile&quot;:{&quot;unit&quot;:&quot;px&quot;,&quot;top&quot;:&quot;&quot;,&quot;right&quot;:&quot;&quot;,&quot;bottom&quot;:&quot;&quot;,&quot;left&quot;:&quot;&quot;,&quot;isLinked&quot;:true},&quot;element_pack_global_tooltip_border_radius&quot;:{&quot;unit&quot;:&quot;px&quot;,&quot;top&quot;:&quot;&quot;,&quot;right&quot;:&quot;&quot;,&quot;bottom&quot;:&quot;&quot;,&quot;left&quot;:&quot;&quot;,&quot;isLinked&quot;:true},&quot;element_pack_global_tooltip_border_radius_tablet&quot;:{&quot;unit&quot;:&quot;px&quot;,&quot;top&quot;:&quot;&quot;,&quot;right&quot;:&quot;&quot;,&quot;bottom&quot;:&quot;&quot;,&quot;left&quot;:&quot;&quot;,&quot;isLinked&quot;:true},&quot;element_pack_global_tooltip_border_radius_mobile&quot;:{&quot;unit&quot;:&quot;px&quot;,&quot;top&quot;:&quot;&quot;,&quot;right&quot;:&quot;&quot;,&quot;bottom&quot;:&quot;&quot;,&quot;left&quot;:&quot;&quot;,&quot;isLinked&quot;:true}}\" data-elementor-post-type=\"product\">\n\t\t\t\t<div class=\"elementor-element elementor-element-93aa4a8 e-con-full e-flex e-con e-parent\" data-id=\"93aa4a8\" data-element_type=\"container\" data-e-type=\"container\">\n\t\t\t\t<div class=\"elementor-element elementor-element-2c3f760 miaoshu elementor-widget elementor-widget-wd_text_block\" data-id=\"2c3f760\" data-element_type=\"widget\" data-e-type=\"widget\" data-widget_type=\"wd_text_block.default\">\n\t\t\t\t<div class=\"elementor-widget-container\">\n\t\t\t\t\t\t\t<div class=\"wd-text-block reset-last-child text-left\">\n\t\t\t\n\t\t\t<h2>Directorista PayPal Payment Gateway: Libere ingresos con pagos de confianza<\/h2>\n<p>\u00bfDesea aumentar los ingresos de su directorio profesional? Por ejemplo, si busca una pasarela de pago fiable con alcance mundial, <strong>Directorista Pasarela de pago PayPal<\/strong> ofrece exactamente eso. Este complemento se integra a la perfecci\u00f3n con Directorist, lo que permite a los usuarios pagar sin esfuerzo a trav\u00e9s de PayPal, la soluci\u00f3n de pago m\u00e1s popular y fiable del mundo.<\/p>\n\n<h3>Ofrezca a los usuarios una integraci\u00f3n perfecta con PayPal<\/h3>\n<p>Millones de personas conf\u00edan a diario en PayPal para realizar transacciones seguras, por lo que su sitio Web de directorio puede aprovechar esta enorme base de usuarios. En consecuencia, usted ofrece una c\u00f3moda opci\u00f3n de pago en la que ya conf\u00edan millones de personas. Adem\u00e1s, esta pasarela acelera el proceso de pago, ya que los usuarios no tienen que introducir todos los datos financieros, lo que reduce la fricci\u00f3n y fomenta m\u00e1s transacciones.<\/p>\n\n<h3>Pagos seguros, fiables y rapid\u00edsimos<\/h3>\n<p>PayPal protege los datos financieros con una seguridad de primer nivel, lo que le ha valido ser l\u00edder mundial en fiabilidad. Por lo tanto, usted integra una pasarela que procesa los pagos de forma r\u00e1pida y segura. Por ejemplo, los usuarios completan las compras en segundos, lo que se traduce en mayores tasas de conversi\u00f3n y experiencias m\u00e1s fluidas en su sitio Web.<\/p>\n\n<h3>Generar ingresos recurrentes con suscripciones<\/h3>\n<p>Con Directorist PayPal Payment Gateway, puede crear un modelo basado en suscripciones para generar ingresos constantes. En concreto, el complemento gestiona los pagos peri\u00f3dicos, de modo que usted cobra a los usuarios autom\u00e1ticamente a intervalos elegidos. Como resultado, se maximizan los beneficios durante todo el a\u00f1o mientras se mantiene a los usuarios comprometidos con renovaciones sin complicaciones.<\/p>\n\n<h3>\u00bfPor qu\u00e9 elegir la pasarela de pago PayPal de Directorist?<\/h3>\n<ul>\n    <li><strong>Aceptaci\u00f3n mundial:<\/strong> Llegue a millones de personas de todo el mundo que ya utilizan PayPal a diario.<\/li>\n    <li><strong>Seguridad reforzada:<\/strong> Proteja los datos de los usuarios con la codificaci\u00f3n y la prevenci\u00f3n del fraude probadas de PayPal.<\/li>\n    <li><strong>Transacciones r\u00e1pidas:<\/strong> Agilice los pagos sin necesidad de introducir largos formularios para agilizar los pagos.<\/li>\n    <li><strong>Soporte de facturaci\u00f3n recurrente:<\/strong> Automatice las suscripciones para crear flujos de ingresos sostenibles.<\/li>\n    <li><strong>F\u00e1cil instalaci\u00f3n:<\/strong> Integraci\u00f3n r\u00e1pida con Directorist para un uso inmediato.<\/li>\n<\/ul>\n\n<h3>Empiece hoy mismo a aumentar sus ingresos<\/h3>\n<p>Transforme su directorio en una fuente de ingresos con <strong>Directorista Pasarela de pago PayPal<\/strong>. Al ofrecer pagos seguros y c\u00f3modos, atraes a m\u00e1s usuarios y desbloqueas nuevas oportunidades de ingresos. Por lo tanto, \u00a1aprov\u00e9chalo ahora y observa c\u00f3mo crecen tus beneficios!<\/p>\n\t\t\t\t\t<\/div>\n\t\t\t\t\t\t<\/div>\n\t\t\t\t<\/div>\n\t\t\t\t<\/div>\n\t\t\t\t<\/div>","protected":false},"excerpt":{"rendered":"<p>Directorist PayPal Payment Gateway: Unlock Revenue with Trusted Payments Do you want to boost revenue on your business directory site?<\/p>","protected":false},"featured_media":8799,"comment_status":"open","ping_status":"closed","template":"","meta":{"_acf_changed":false},"product_brand":[],"product_cat":[49],"product_tag":[],"class_list":{"0":"post-8855","1":"product","2":"type-product","3":"status-publish","4":"has-post-thumbnail","6":"product_cat-plugins","8":"first","9":"instock","10":"sale","11":"downloadable","12":"shipping-taxable","13":"purchasable","14":"product-type-simple"},"acf":[],"yoast_head":"<!-- This site is optimized with the Yoast SEO Premium plugin v25.6 (Yoast SEO v27.1.1) - https:\/\/yoast.com\/product\/yoast-seo-premium-wordpress\/ -->\n<title>Directorist PayPal Payment Gateway - AllWin Theme \u2013 Free WordPress Themes Download<\/title>\n<meta name=\"description\" content=\"Boost revenue on your directory site with Directorist PayPal Payment Gateway. Secure, global payments with recurring billing for subscriptions.\" \/>\n<meta name=\"robots\" content=\"index, follow, max-snippet:-1, max-image-preview:large, max-video-preview:-1\" \/>\n<link rel=\"canonical\" href=\"https:\/\/allwintheme.com\/es\/producto\/directorist-pasarela-de-pago-paypal\/\" \/>\n<meta property=\"og:locale\" content=\"es_ES\" \/>\n<meta property=\"og:type\" content=\"article\" \/>\n<meta property=\"og:title\" content=\"Directorist PayPal Payment Gateway\" \/>\n<meta property=\"og:description\" content=\"Boost revenue on your directory site with Directorist PayPal Payment Gateway. Secure, global payments with recurring billing for subscriptions.\" \/>\n<meta property=\"og:url\" content=\"https:\/\/allwintheme.com\/es\/producto\/directorist-pasarela-de-pago-paypal\/\" \/>\n<meta property=\"og:site_name\" content=\"AllWin Theme \u2013 Free WordPress Themes Download\" \/>\n<meta property=\"article:modified_time\" content=\"2025-10-01T12:06:10+00:00\" \/>\n<meta property=\"og:image\" content=\"https:\/\/allwintheme.com\/wp-content\/uploads\/2025\/10\/q4t2vkps.png\" \/>\n\t<meta property=\"og:image:width\" content=\"590\" \/>\n\t<meta property=\"og:image:height\" content=\"300\" \/>\n\t<meta property=\"og:image:type\" content=\"image\/png\" \/>\n<meta name=\"twitter:card\" content=\"summary_large_image\" \/>\n<meta name=\"twitter:label1\" content=\"Tiempo estimado de lectura\" \/>\n\t<meta name=\"twitter:data1\" content=\"2 minutos\" \/>\n<script type=\"application\/ld+json\" class=\"yoast-schema-graph\">{\"@context\":\"https:\/\/schema.org\",\"@graph\":[{\"@type\":\"WebPage\",\"@id\":\"https:\/\/allwintheme.com\/product\/directorist-paypal-payment-gateway\/\",\"url\":\"https:\/\/allwintheme.com\/product\/directorist-paypal-payment-gateway\/\",\"name\":\"Directorist PayPal Payment Gateway - AllWin Theme \u2013 Free WordPress Themes Download\",\"isPartOf\":{\"@id\":\"https:\/\/allwintheme.com\/#website\"},\"primaryImageOfPage\":{\"@id\":\"https:\/\/allwintheme.com\/product\/directorist-paypal-payment-gateway\/#primaryimage\"},\"image\":{\"@id\":\"https:\/\/allwintheme.com\/product\/directorist-paypal-payment-gateway\/#primaryimage\"},\"thumbnailUrl\":\"https:\/\/allwintheme.com\/wp-content\/uploads\/2025\/10\/q4t2vkps.png\",\"datePublished\":\"2025-10-01T11:58:03+00:00\",\"dateModified\":\"2025-10-01T12:06:10+00:00\",\"description\":\"Boost revenue on your directory site with Directorist PayPal Payment Gateway. Secure, global payments with recurring billing for subscriptions.\",\"breadcrumb\":{\"@id\":\"https:\/\/allwintheme.com\/product\/directorist-paypal-payment-gateway\/#breadcrumb\"},\"inLanguage\":\"es-CL\",\"potentialAction\":[{\"@type\":\"ReadAction\",\"target\":[\"https:\/\/allwintheme.com\/product\/directorist-paypal-payment-gateway\/\"]}]},{\"@type\":\"ImageObject\",\"inLanguage\":\"es-CL\",\"@id\":\"https:\/\/allwintheme.com\/product\/directorist-paypal-payment-gateway\/#primaryimage\",\"url\":\"https:\/\/allwintheme.com\/wp-content\/uploads\/2025\/10\/q4t2vkps.png\",\"contentUrl\":\"https:\/\/allwintheme.com\/wp-content\/uploads\/2025\/10\/q4t2vkps.png\",\"width\":590,\"height\":300,\"caption\":\"Directorist PayPal Payment Gateway\"},{\"@type\":\"BreadcrumbList\",\"@id\":\"https:\/\/allwintheme.com\/product\/directorist-paypal-payment-gateway\/#breadcrumb\",\"itemListElement\":[{\"@type\":\"ListItem\",\"position\":1,\"name\":\"Home\",\"item\":\"https:\/\/allwintheme.com\/\"},{\"@type\":\"ListItem\",\"position\":2,\"name\":\"Shop\",\"item\":\"https:\/\/allwintheme.com\/shop\/\"},{\"@type\":\"ListItem\",\"position\":3,\"name\":\"Directorist PayPal Payment Gateway\"}]},{\"@type\":\"WebSite\",\"@id\":\"https:\/\/allwintheme.com\/#website\",\"url\":\"https:\/\/allwintheme.com\/\",\"name\":\"Allwintheme\",\"description\":\"Download free WordPress themes for every niche. Blogs, business, eCommerce, portfolio, restaurant and more. All themes are GPL licensed and mobile-ready.\",\"potentialAction\":[{\"@type\":\"SearchAction\",\"target\":{\"@type\":\"EntryPoint\",\"urlTemplate\":\"https:\/\/allwintheme.com\/?s={search_term_string}\"},\"query-input\":{\"@type\":\"PropertyValueSpecification\",\"valueRequired\":true,\"valueName\":\"search_term_string\"}}],\"inLanguage\":\"es-CL\"}]}<\/script>\n<!-- \/ Yoast SEO Premium plugin. -->","yoast_head_json":{"title":"Directorist PayPal Payment Gateway - AllWin Theme \u2013 Free WordPress Themes Download","description":"Aumente los ingresos de su sitio Web de directorios con la pasarela de pago PayPal de Directorist. Pagos seguros y globales con facturaci\u00f3n peri\u00f3dica para suscripciones.","robots":{"index":"index","follow":"follow","max-snippet":"max-snippet:-1","max-image-preview":"max-image-preview:large","max-video-preview":"max-video-preview:-1"},"canonical":"https:\/\/allwintheme.com\/es\/producto\/directorist-pasarela-de-pago-paypal\/","og_locale":"es_ES","og_type":"article","og_title":"Directorist PayPal Payment Gateway","og_description":"Boost revenue on your directory site with Directorist PayPal Payment Gateway. Secure, global payments with recurring billing for subscriptions.","og_url":"https:\/\/allwintheme.com\/es\/producto\/directorist-pasarela-de-pago-paypal\/","og_site_name":"AllWin Theme \u2013 Free WordPress Themes Download","article_modified_time":"2025-10-01T12:06:10+00:00","og_image":[{"width":590,"height":300,"url":"https:\/\/allwintheme.com\/wp-content\/uploads\/2025\/10\/q4t2vkps.png","type":"image\/png"}],"twitter_card":"summary_large_image","twitter_misc":{"Tiempo estimado de lectura":"2 minutos"},"schema":{"@context":"https:\/\/schema.org","@graph":[{"@type":"WebPage","@id":"https:\/\/allwintheme.com\/product\/directorist-paypal-payment-gateway\/","url":"https:\/\/allwintheme.com\/product\/directorist-paypal-payment-gateway\/","name":"Directorist PayPal Payment Gateway - AllWin Theme \u2013 Free WordPress Themes Download","isPartOf":{"@id":"https:\/\/allwintheme.com\/#website"},"primaryImageOfPage":{"@id":"https:\/\/allwintheme.com\/product\/directorist-paypal-payment-gateway\/#primaryimage"},"image":{"@id":"https:\/\/allwintheme.com\/product\/directorist-paypal-payment-gateway\/#primaryimage"},"thumbnailUrl":"https:\/\/allwintheme.com\/wp-content\/uploads\/2025\/10\/q4t2vkps.png","datePublished":"2025-10-01T11:58:03+00:00","dateModified":"2025-10-01T12:06:10+00:00","description":"Aumente los ingresos de su sitio Web de directorios con la pasarela de pago PayPal de Directorist. Pagos seguros y globales con facturaci\u00f3n peri\u00f3dica para suscripciones.","breadcrumb":{"@id":"https:\/\/allwintheme.com\/product\/directorist-paypal-payment-gateway\/#breadcrumb"},"inLanguage":"es-CL","potentialAction":[{"@type":"ReadAction","target":["https:\/\/allwintheme.com\/product\/directorist-paypal-payment-gateway\/"]}]},{"@type":"ImageObject","inLanguage":"es-CL","@id":"https:\/\/allwintheme.com\/product\/directorist-paypal-payment-gateway\/#primaryimage","url":"https:\/\/allwintheme.com\/wp-content\/uploads\/2025\/10\/q4t2vkps.png","contentUrl":"https:\/\/allwintheme.com\/wp-content\/uploads\/2025\/10\/q4t2vkps.png","width":590,"height":300,"caption":"Directorist PayPal Payment Gateway"},{"@type":"BreadcrumbList","@id":"https:\/\/allwintheme.com\/product\/directorist-paypal-payment-gateway\/#breadcrumb","itemListElement":[{"@type":"ListItem","position":1,"name":"Home","item":"https:\/\/allwintheme.com\/"},{"@type":"ListItem","position":2,"name":"Shop","item":"https:\/\/allwintheme.com\/shop\/"},{"@type":"ListItem","position":3,"name":"Directorist PayPal Payment Gateway"}]},{"@type":"WebSite","@id":"https:\/\/allwintheme.com\/#website","url":"https:\/\/allwintheme.com\/","name":"Allwintheme","description":"Descarga gratis temas de WordPress para todos los nichos. Blogs, negocios, comercio electr\u00f3nico, portafolio, restaurante y m\u00e1s. Todos los temas tienen licencia GPL y est\u00e1n preparados para dispositivos m\u00f3viles.","potentialAction":[{"@type":"SearchAction","target":{"@type":"EntryPoint","urlTemplate":"https:\/\/allwintheme.com\/?s={search_term_string}"},"query-input":{"@type":"PropertyValueSpecification","valueRequired":true,"valueName":"search_term_string"}}],"inLanguage":"es-CL"}]}},"_links":{"self":[{"href":"https:\/\/allwintheme.com\/es\/wp-json\/wp\/v2\/product\/8855","targetHints":{"allow":["GET"]}}],"collection":[{"href":"https:\/\/allwintheme.com\/es\/wp-json\/wp\/v2\/product"}],"about":[{"href":"https:\/\/allwintheme.com\/es\/wp-json\/wp\/v2\/types\/product"}],"replies":[{"embeddable":true,"href":"https:\/\/allwintheme.com\/es\/wp-json\/wp\/v2\/comments?post=8855"}],"version-history":[{"count":5,"href":"https:\/\/allwintheme.com\/es\/wp-json\/wp\/v2\/product\/8855\/revisions"}],"predecessor-version":[{"id":8860,"href":"https:\/\/allwintheme.com\/es\/wp-json\/wp\/v2\/product\/8855\/revisions\/8860"}],"wp:featuredmedia":[{"embeddable":true,"href":"https:\/\/allwintheme.com\/es\/wp-json\/wp\/v2\/media\/8799"}],"wp:attachment":[{"href":"https:\/\/allwintheme.com\/es\/wp-json\/wp\/v2\/media?parent=8855"}],"wp:term":[{"taxonomy":"product_brand","embeddable":true,"href":"https:\/\/allwintheme.com\/es\/wp-json\/wp\/v2\/product_brand?post=8855"},{"taxonomy":"product_cat","embeddable":true,"href":"https:\/\/allwintheme.com\/es\/wp-json\/wp\/v2\/product_cat?post=8855"},{"taxonomy":"product_tag","embeddable":true,"href":"https:\/\/allwintheme.com\/es\/wp-json\/wp\/v2\/product_tag?post=8855"}],"curies":[{"name":"wp","href":"https:\/\/api.w.org\/{rel}","templated":true}]}}