{"id":8910,"date":"2025-10-01T12:43:06","date_gmt":"2025-10-01T12:43:06","guid":{"rendered":"https:\/\/allwintheme.com\/?post_type=product&#038;p=8910"},"modified":"2025-10-03T12:45:34","modified_gmt":"2025-10-03T12:45:34","slug":"zero-bs-crm-extension-paypal-sync","status":"publish","type":"product","link":"https:\/\/allwintheme.com\/es\/producto\/zero-bs-crm-extension-paypal-sync\/","title":{"rendered":"Extensi\u00f3n CRM Zero BS: Sincronizaci\u00f3n PayPal"},"content":{"rendered":"<div data-elementor-type=\"wp-post\" data-elementor-id=\"8910\" class=\"elementor elementor-8910\" data-elementor-settings=\"{&quot;element_pack_global_tooltip_width&quot;:{&quot;unit&quot;:&quot;px&quot;,&quot;size&quot;:&quot;&quot;,&quot;sizes&quot;:[]},&quot;element_pack_global_tooltip_width_tablet&quot;:{&quot;unit&quot;:&quot;px&quot;,&quot;size&quot;:&quot;&quot;,&quot;sizes&quot;:[]},&quot;element_pack_global_tooltip_width_mobile&quot;:{&quot;unit&quot;:&quot;px&quot;,&quot;size&quot;:&quot;&quot;,&quot;sizes&quot;:[]},&quot;element_pack_global_tooltip_padding&quot;:{&quot;unit&quot;:&quot;px&quot;,&quot;top&quot;:&quot;&quot;,&quot;right&quot;:&quot;&quot;,&quot;bottom&quot;:&quot;&quot;,&quot;left&quot;:&quot;&quot;,&quot;isLinked&quot;:true},&quot;element_pack_global_tooltip_padding_tablet&quot;:{&quot;unit&quot;:&quot;px&quot;,&quot;top&quot;:&quot;&quot;,&quot;right&quot;:&quot;&quot;,&quot;bottom&quot;:&quot;&quot;,&quot;left&quot;:&quot;&quot;,&quot;isLinked&quot;:true},&quot;element_pack_global_tooltip_padding_mobile&quot;:{&quot;unit&quot;:&quot;px&quot;,&quot;top&quot;:&quot;&quot;,&quot;right&quot;:&quot;&quot;,&quot;bottom&quot;:&quot;&quot;,&quot;left&quot;:&quot;&quot;,&quot;isLinked&quot;:true},&quot;element_pack_global_tooltip_border_radius&quot;:{&quot;unit&quot;:&quot;px&quot;,&quot;top&quot;:&quot;&quot;,&quot;right&quot;:&quot;&quot;,&quot;bottom&quot;:&quot;&quot;,&quot;left&quot;:&quot;&quot;,&quot;isLinked&quot;:true},&quot;element_pack_global_tooltip_border_radius_tablet&quot;:{&quot;unit&quot;:&quot;px&quot;,&quot;top&quot;:&quot;&quot;,&quot;right&quot;:&quot;&quot;,&quot;bottom&quot;:&quot;&quot;,&quot;left&quot;:&quot;&quot;,&quot;isLinked&quot;:true},&quot;element_pack_global_tooltip_border_radius_mobile&quot;:{&quot;unit&quot;:&quot;px&quot;,&quot;top&quot;:&quot;&quot;,&quot;right&quot;:&quot;&quot;,&quot;bottom&quot;:&quot;&quot;,&quot;left&quot;:&quot;&quot;,&quot;isLinked&quot;:true}}\" data-elementor-post-type=\"product\">\n\t\t\t\t<div class=\"elementor-element elementor-element-93aa4a8 e-con-full e-flex e-con e-parent\" data-id=\"93aa4a8\" data-element_type=\"container\" data-e-type=\"container\">\n\t\t\t\t<div class=\"elementor-element elementor-element-2c3f760 miaoshu elementor-widget elementor-widget-wd_text_block\" data-id=\"2c3f760\" data-element_type=\"widget\" data-e-type=\"widget\" data-widget_type=\"wd_text_block.default\">\n\t\t\t\t<div class=\"elementor-widget-container\">\n\t\t\t\t\t\t\t<div class=\"wd-text-block reset-last-child text-left\">\n\t\t\t\n\t\t\t<h2>Extensi\u00f3n CRM Zero BS: PayPal Sync - Automatice el flujo de datos de su CRM<\/h2>\n<p>En <strong>Extensi\u00f3n CRM Zero BS: Sincronizaci\u00f3n PayPal<\/strong> le permite conectar PayPal directamente a su CRM Jetpack. Por ejemplo, este complemento recupera autom\u00e1ticamente todos los datos de los clientes de PayPal, para que pueda acceder al instante a las transacciones y los detalles. En consecuencia, agiliza el seguimiento de sus ventas y elimina la introducci\u00f3n manual de datos, lo que le permite centrarse en el crecimiento de su negocio.<\/p>\n\n<h3>Integraci\u00f3n de PayPal sin esfuerzo<\/h3>\n<p>Con PayPal Sync, s\u00f3lo tiene que introducir sus credenciales de API de PayPal una vez y la extensi\u00f3n se encarga del resto. Como resultado, importa la informaci\u00f3n del cliente (incluidos correos electr\u00f3nicos, direcciones y detalles de pago) junto con cada transacci\u00f3n. Adem\u00e1s, esta configuraci\u00f3n mantiene su CRM actualizado en tiempo real, por lo que las nuevas ventas aparecen como clientes y registros asociados sin ning\u00fan esfuerzo adicional.<\/p>\n\n<h3>\u00bfPor qu\u00e9 elegir PayPal Sync?<\/h3>\n<ul>\n    <li><strong>Recuperaci\u00f3n autom\u00e1tica de datos:<\/strong> El complemento extrae los datos de clientes y transacciones de PayPal sin problemas, reduciendo las importaciones manuales.<\/li>\n    <li><strong>Configuraci\u00f3n \u00fanica:<\/strong> Introduzca r\u00e1pidamente los datos de su API y disfrute de una automatizaci\u00f3n continua para realizar actualizaciones sin complicaciones.<\/li>\n    <li><strong>An\u00e1lisis mejorados:<\/strong> Comb\u00ednela con la extensi\u00f3n Sales Dashboard para visualizar m\u00e9tricas como MRR, ingresos brutos y valor medio del cliente.<\/li>\n    <li><strong>Seguro y fiable:<\/strong> Aprovecha la API de confianza de PayPal para sincronizar de forma segura y precisa toda su actividad de comercio electr\u00f3nico.<\/li>\n<\/ul>\n\n<h3>Aumente la eficacia de su CRM<\/h3>\n<p>PayPal Sync transforma la forma de gestionar los pagos en Jetpack CRM. Por ejemplo, si tiene una tienda en l\u00ednea o un negocio basado en servicios, esta extensi\u00f3n garantiza que cada venta de PayPal se sincronice directamente con su CRM. Por lo tanto, se construye una visi\u00f3n completa del cliente que impulsa mejores decisiones y un crecimiento m\u00e1s r\u00e1pido.<\/p>\n\n<h3>Empiece a sincronizar hoy mismo<\/h3>\n<p>Actualice su Jetpack CRM con <strong>Extensi\u00f3n CRM Zero BS: Sincronizaci\u00f3n PayPal<\/strong>. Al automatizar el flujo de datos, ahorrar\u00e1 tiempo y obtendr\u00e1 informaci\u00f3n muy valiosa. Inst\u00e1lelo ahora y haga que su CRM trabaje de forma m\u00e1s inteligente para usted.<\/p>\n\t\t\t\t\t<\/div>\n\t\t\t\t\t\t<\/div>\n\t\t\t\t<\/div>\n\t\t\t\t<\/div>\n\t\t\t\t<\/div>","protected":false},"excerpt":{"rendered":"<p>Zero BS CRM Extension: PayPal Sync \u2013 Automate Your CRM Data Flow The Zero BS CRM Extension: PayPal Sync empowers<\/p>","protected":false},"featured_media":8687,"comment_status":"open","ping_status":"closed","template":"","meta":{"_acf_changed":false},"product_brand":[],"product_cat":[49],"product_tag":[],"class_list":{"0":"post-8910","1":"product","2":"type-product","3":"status-publish","4":"has-post-thumbnail","6":"product_cat-plugins","8":"first","9":"instock","10":"sale","11":"downloadable","12":"shipping-taxable","13":"purchasable","14":"product-type-simple"},"acf":[],"yoast_head":"<!-- This site is optimized with the Yoast SEO Premium plugin v25.6 (Yoast SEO v27.1.1) - https:\/\/yoast.com\/product\/yoast-seo-premium-wordpress\/ -->\n<title>Zero BS CRM Extension: PayPal Sync - AllWin Theme \u2013 Free WordPress Themes Download<\/title>\n<meta name=\"description\" content=\"Enhance WooCommerce with multi-account PayPal Standard support. Route payments to different accounts based on currencies or rules for flexible billing.\" \/>\n<meta name=\"robots\" content=\"index, follow, max-snippet:-1, max-image-preview:large, max-video-preview:-1\" \/>\n<link rel=\"canonical\" href=\"https:\/\/allwintheme.com\/es\/producto\/zero-bs-crm-extension-paypal-sync\/\" \/>\n<meta property=\"og:locale\" content=\"es_ES\" \/>\n<meta property=\"og:type\" content=\"article\" \/>\n<meta property=\"og:title\" content=\"Zero BS CRM Extension: PayPal Sync\" \/>\n<meta property=\"og:description\" content=\"Enhance WooCommerce with multi-account PayPal Standard support. Route payments to different accounts based on currencies or rules for flexible billing.\" \/>\n<meta property=\"og:url\" content=\"https:\/\/allwintheme.com\/es\/producto\/zero-bs-crm-extension-paypal-sync\/\" \/>\n<meta property=\"og:site_name\" content=\"AllWin Theme \u2013 Free WordPress Themes Download\" \/>\n<meta property=\"article:modified_time\" content=\"2025-10-03T12:45:34+00:00\" \/>\n<meta property=\"og:image\" content=\"https:\/\/allwintheme.com\/wp-content\/uploads\/2025\/10\/potroysr.png\" \/>\n\t<meta property=\"og:image:width\" content=\"710\" \/>\n\t<meta property=\"og:image:height\" content=\"386\" \/>\n\t<meta property=\"og:image:type\" content=\"image\/png\" \/>\n<meta name=\"twitter:card\" content=\"summary_large_image\" \/>\n<meta name=\"twitter:label1\" content=\"Tiempo estimado de lectura\" \/>\n\t<meta name=\"twitter:data1\" content=\"2 minutos\" \/>\n<script type=\"application\/ld+json\" class=\"yoast-schema-graph\">{\"@context\":\"https:\/\/schema.org\",\"@graph\":[{\"@type\":\"WebPage\",\"@id\":\"https:\/\/allwintheme.com\/product\/zero-bs-crm-extension-paypal-sync\/\",\"url\":\"https:\/\/allwintheme.com\/product\/zero-bs-crm-extension-paypal-sync\/\",\"name\":\"Zero BS CRM Extension: PayPal Sync - AllWin Theme \u2013 Free WordPress Themes Download\",\"isPartOf\":{\"@id\":\"https:\/\/allwintheme.com\/#website\"},\"primaryImageOfPage\":{\"@id\":\"https:\/\/allwintheme.com\/product\/zero-bs-crm-extension-paypal-sync\/#primaryimage\"},\"image\":{\"@id\":\"https:\/\/allwintheme.com\/product\/zero-bs-crm-extension-paypal-sync\/#primaryimage\"},\"thumbnailUrl\":\"https:\/\/allwintheme.com\/wp-content\/uploads\/2025\/10\/potroysr.png\",\"datePublished\":\"2025-10-01T12:43:06+00:00\",\"dateModified\":\"2025-10-03T12:45:34+00:00\",\"description\":\"Enhance WooCommerce with multi-account PayPal Standard support. Route payments to different accounts based on currencies or rules for flexible billing.\",\"breadcrumb\":{\"@id\":\"https:\/\/allwintheme.com\/product\/zero-bs-crm-extension-paypal-sync\/#breadcrumb\"},\"inLanguage\":\"es-CL\",\"potentialAction\":[{\"@type\":\"ReadAction\",\"target\":[\"https:\/\/allwintheme.com\/product\/zero-bs-crm-extension-paypal-sync\/\"]}]},{\"@type\":\"ImageObject\",\"inLanguage\":\"es-CL\",\"@id\":\"https:\/\/allwintheme.com\/product\/zero-bs-crm-extension-paypal-sync\/#primaryimage\",\"url\":\"https:\/\/allwintheme.com\/wp-content\/uploads\/2025\/10\/potroysr.png\",\"contentUrl\":\"https:\/\/allwintheme.com\/wp-content\/uploads\/2025\/10\/potroysr.png\",\"width\":710,\"height\":386,\"caption\":\"Zero BS CRM Extension: PayPal Sync\"},{\"@type\":\"BreadcrumbList\",\"@id\":\"https:\/\/allwintheme.com\/product\/zero-bs-crm-extension-paypal-sync\/#breadcrumb\",\"itemListElement\":[{\"@type\":\"ListItem\",\"position\":1,\"name\":\"Home\",\"item\":\"https:\/\/allwintheme.com\/\"},{\"@type\":\"ListItem\",\"position\":2,\"name\":\"Shop\",\"item\":\"https:\/\/allwintheme.com\/shop\/\"},{\"@type\":\"ListItem\",\"position\":3,\"name\":\"Zero BS CRM Extension: PayPal Sync\"}]},{\"@type\":\"WebSite\",\"@id\":\"https:\/\/allwintheme.com\/#website\",\"url\":\"https:\/\/allwintheme.com\/\",\"name\":\"Allwintheme\",\"description\":\"Download free WordPress themes for every niche. Blogs, business, eCommerce, portfolio, restaurant and more. All themes are GPL licensed and mobile-ready.\",\"potentialAction\":[{\"@type\":\"SearchAction\",\"target\":{\"@type\":\"EntryPoint\",\"urlTemplate\":\"https:\/\/allwintheme.com\/?s={search_term_string}\"},\"query-input\":{\"@type\":\"PropertyValueSpecification\",\"valueRequired\":true,\"valueName\":\"search_term_string\"}}],\"inLanguage\":\"es-CL\"}]}<\/script>\n<!-- \/ Yoast SEO Premium plugin. -->","yoast_head_json":{"title":"Extensi\u00f3n CRM Zero BS: PayPal Sync - AllWin Theme - Free WordPress Themes Download","description":"Mejore WooCommerce con compatibilidad con PayPal est\u00e1ndar multicuenta. Dirige los pagos a diferentes cuentas en funci\u00f3n de divisas o reglas para una facturaci\u00f3n flexible.","robots":{"index":"index","follow":"follow","max-snippet":"max-snippet:-1","max-image-preview":"max-image-preview:large","max-video-preview":"max-video-preview:-1"},"canonical":"https:\/\/allwintheme.com\/es\/producto\/zero-bs-crm-extension-paypal-sync\/","og_locale":"es_ES","og_type":"article","og_title":"Zero BS CRM Extension: PayPal Sync","og_description":"Enhance WooCommerce with multi-account PayPal Standard support. Route payments to different accounts based on currencies or rules for flexible billing.","og_url":"https:\/\/allwintheme.com\/es\/producto\/zero-bs-crm-extension-paypal-sync\/","og_site_name":"AllWin Theme \u2013 Free WordPress Themes Download","article_modified_time":"2025-10-03T12:45:34+00:00","og_image":[{"width":710,"height":386,"url":"https:\/\/allwintheme.com\/wp-content\/uploads\/2025\/10\/potroysr.png","type":"image\/png"}],"twitter_card":"summary_large_image","twitter_misc":{"Tiempo estimado de lectura":"2 minutos"},"schema":{"@context":"https:\/\/schema.org","@graph":[{"@type":"WebPage","@id":"https:\/\/allwintheme.com\/product\/zero-bs-crm-extension-paypal-sync\/","url":"https:\/\/allwintheme.com\/product\/zero-bs-crm-extension-paypal-sync\/","name":"Extensi\u00f3n CRM Zero BS: PayPal Sync - AllWin Theme - Free WordPress Themes Download","isPartOf":{"@id":"https:\/\/allwintheme.com\/#website"},"primaryImageOfPage":{"@id":"https:\/\/allwintheme.com\/product\/zero-bs-crm-extension-paypal-sync\/#primaryimage"},"image":{"@id":"https:\/\/allwintheme.com\/product\/zero-bs-crm-extension-paypal-sync\/#primaryimage"},"thumbnailUrl":"https:\/\/allwintheme.com\/wp-content\/uploads\/2025\/10\/potroysr.png","datePublished":"2025-10-01T12:43:06+00:00","dateModified":"2025-10-03T12:45:34+00:00","description":"Mejore WooCommerce con compatibilidad con PayPal est\u00e1ndar multicuenta. Dirige los pagos a diferentes cuentas en funci\u00f3n de divisas o reglas para una facturaci\u00f3n flexible.","breadcrumb":{"@id":"https:\/\/allwintheme.com\/product\/zero-bs-crm-extension-paypal-sync\/#breadcrumb"},"inLanguage":"es-CL","potentialAction":[{"@type":"ReadAction","target":["https:\/\/allwintheme.com\/product\/zero-bs-crm-extension-paypal-sync\/"]}]},{"@type":"ImageObject","inLanguage":"es-CL","@id":"https:\/\/allwintheme.com\/product\/zero-bs-crm-extension-paypal-sync\/#primaryimage","url":"https:\/\/allwintheme.com\/wp-content\/uploads\/2025\/10\/potroysr.png","contentUrl":"https:\/\/allwintheme.com\/wp-content\/uploads\/2025\/10\/potroysr.png","width":710,"height":386,"caption":"Zero BS CRM Extension: PayPal Sync"},{"@type":"BreadcrumbList","@id":"https:\/\/allwintheme.com\/product\/zero-bs-crm-extension-paypal-sync\/#breadcrumb","itemListElement":[{"@type":"ListItem","position":1,"name":"Home","item":"https:\/\/allwintheme.com\/"},{"@type":"ListItem","position":2,"name":"Shop","item":"https:\/\/allwintheme.com\/shop\/"},{"@type":"ListItem","position":3,"name":"Zero BS CRM Extension: PayPal Sync"}]},{"@type":"WebSite","@id":"https:\/\/allwintheme.com\/#website","url":"https:\/\/allwintheme.com\/","name":"Allwintheme","description":"Descarga gratis temas de WordPress para todos los nichos. Blogs, negocios, comercio electr\u00f3nico, portafolio, restaurante y m\u00e1s. Todos los temas tienen licencia GPL y est\u00e1n preparados para dispositivos m\u00f3viles.","potentialAction":[{"@type":"SearchAction","target":{"@type":"EntryPoint","urlTemplate":"https:\/\/allwintheme.com\/?s={search_term_string}"},"query-input":{"@type":"PropertyValueSpecification","valueRequired":true,"valueName":"search_term_string"}}],"inLanguage":"es-CL"}]}},"_links":{"self":[{"href":"https:\/\/allwintheme.com\/es\/wp-json\/wp\/v2\/product\/8910","targetHints":{"allow":["GET"]}}],"collection":[{"href":"https:\/\/allwintheme.com\/es\/wp-json\/wp\/v2\/product"}],"about":[{"href":"https:\/\/allwintheme.com\/es\/wp-json\/wp\/v2\/types\/product"}],"replies":[{"embeddable":true,"href":"https:\/\/allwintheme.com\/es\/wp-json\/wp\/v2\/comments?post=8910"}],"version-history":[{"count":6,"href":"https:\/\/allwintheme.com\/es\/wp-json\/wp\/v2\/product\/8910\/revisions"}],"predecessor-version":[{"id":8916,"href":"https:\/\/allwintheme.com\/es\/wp-json\/wp\/v2\/product\/8910\/revisions\/8916"}],"wp:featuredmedia":[{"embeddable":true,"href":"https:\/\/allwintheme.com\/es\/wp-json\/wp\/v2\/media\/8687"}],"wp:attachment":[{"href":"https:\/\/allwintheme.com\/es\/wp-json\/wp\/v2\/media?parent=8910"}],"wp:term":[{"taxonomy":"product_brand","embeddable":true,"href":"https:\/\/allwintheme.com\/es\/wp-json\/wp\/v2\/product_brand?post=8910"},{"taxonomy":"product_cat","embeddable":true,"href":"https:\/\/allwintheme.com\/es\/wp-json\/wp\/v2\/product_cat?post=8910"},{"taxonomy":"product_tag","embeddable":true,"href":"https:\/\/allwintheme.com\/es\/wp-json\/wp\/v2\/product_tag?post=8910"}],"curies":[{"name":"wp","href":"https:\/\/api.w.org\/{rel}","templated":true}]}}