{"id":8942,"date":"2025-10-03T10:11:04","date_gmt":"2025-10-03T10:11:04","guid":{"rendered":"https:\/\/allwintheme.com\/?post_type=product&#038;p=8942"},"modified":"2025-10-03T12:44:31","modified_gmt":"2025-10-03T12:44:31","slug":"afiliadoswp-pagos-paypal","status":"publish","type":"product","link":"https:\/\/allwintheme.com\/es\/producto\/afiliadoswp-pagos-paypal\/","title":{"rendered":"AffiliateWP Pagos PayPal"},"content":{"rendered":"<div data-elementor-type=\"wp-post\" data-elementor-id=\"8942\" class=\"elementor elementor-8942\" data-elementor-settings=\"{&quot;element_pack_global_tooltip_width&quot;:{&quot;unit&quot;:&quot;px&quot;,&quot;size&quot;:&quot;&quot;,&quot;sizes&quot;:[]},&quot;element_pack_global_tooltip_width_tablet&quot;:{&quot;unit&quot;:&quot;px&quot;,&quot;size&quot;:&quot;&quot;,&quot;sizes&quot;:[]},&quot;element_pack_global_tooltip_width_mobile&quot;:{&quot;unit&quot;:&quot;px&quot;,&quot;size&quot;:&quot;&quot;,&quot;sizes&quot;:[]},&quot;element_pack_global_tooltip_padding&quot;:{&quot;unit&quot;:&quot;px&quot;,&quot;top&quot;:&quot;&quot;,&quot;right&quot;:&quot;&quot;,&quot;bottom&quot;:&quot;&quot;,&quot;left&quot;:&quot;&quot;,&quot;isLinked&quot;:true},&quot;element_pack_global_tooltip_padding_tablet&quot;:{&quot;unit&quot;:&quot;px&quot;,&quot;top&quot;:&quot;&quot;,&quot;right&quot;:&quot;&quot;,&quot;bottom&quot;:&quot;&quot;,&quot;left&quot;:&quot;&quot;,&quot;isLinked&quot;:true},&quot;element_pack_global_tooltip_padding_mobile&quot;:{&quot;unit&quot;:&quot;px&quot;,&quot;top&quot;:&quot;&quot;,&quot;right&quot;:&quot;&quot;,&quot;bottom&quot;:&quot;&quot;,&quot;left&quot;:&quot;&quot;,&quot;isLinked&quot;:true},&quot;element_pack_global_tooltip_border_radius&quot;:{&quot;unit&quot;:&quot;px&quot;,&quot;top&quot;:&quot;&quot;,&quot;right&quot;:&quot;&quot;,&quot;bottom&quot;:&quot;&quot;,&quot;left&quot;:&quot;&quot;,&quot;isLinked&quot;:true},&quot;element_pack_global_tooltip_border_radius_tablet&quot;:{&quot;unit&quot;:&quot;px&quot;,&quot;top&quot;:&quot;&quot;,&quot;right&quot;:&quot;&quot;,&quot;bottom&quot;:&quot;&quot;,&quot;left&quot;:&quot;&quot;,&quot;isLinked&quot;:true},&quot;element_pack_global_tooltip_border_radius_mobile&quot;:{&quot;unit&quot;:&quot;px&quot;,&quot;top&quot;:&quot;&quot;,&quot;right&quot;:&quot;&quot;,&quot;bottom&quot;:&quot;&quot;,&quot;left&quot;:&quot;&quot;,&quot;isLinked&quot;:true}}\" data-elementor-post-type=\"product\">\n\t\t\t\t<div class=\"elementor-element elementor-element-93aa4a8 e-con-full e-flex e-con e-parent\" data-id=\"93aa4a8\" data-element_type=\"container\" data-e-type=\"container\">\n\t\t\t\t<div class=\"elementor-element elementor-element-2c3f760 miaoshu elementor-widget elementor-widget-wd_text_block\" data-id=\"2c3f760\" data-element_type=\"widget\" data-e-type=\"widget\" data-widget_type=\"wd_text_block.default\">\n\t\t\t\t<div class=\"elementor-widget-container\">\n\t\t\t\t\t\t\t<div class=\"wd-text-block reset-last-child text-left\">\n\t\t\t\n\t\t\t<h2>AffiliateWP Pagos PayPal: Simplifique los pagos a sus afiliados<\/h2>\n<p><strong>AffiliateWP Pagos PayPal<\/strong> le permite pagar a sus afiliados instant\u00e1neamente desde su cuenta PayPal. Por ejemplo, este complemento se integra perfectamente con AffiliateWP, para que pueda procesar los pagos directamente desde su panel de WordPress. De este modo, ahorrar\u00e1 mucho tiempo en transacciones manuales y podr\u00e1 centrarse m\u00e1s en el crecimiento de su negocio.<grok-card data-id=\"af5767\" data-type=\"citation_card\"><\/grok-card><grok-card data-id=\"58fc08\" data-type=\"citation_card\"><\/grok-card><\/p>\n\n<h3>Pagos sin esfuerzo con un solo clic<\/h3>\n<p>S\u00f3lo tienes que hacer clic para enviar pagos por referidos individuales o procesar varios a la vez. Como resultado, los afiliados reciben los fondos m\u00e1s r\u00e1pidamente, lo que genera confianza y les motiva a promocionar su sitio de forma activa. Adem\u00e1s, el complemento utiliza la API REST de PayPal para realizar transferencias fiables y seguras disponibles para todas las cuentas Business.<grok-card data-id=\"1d18a5\" data-type=\"citation_card\"><\/grok-card><grok-card data-id=\"13df39\" data-type=\"citation_card\"><\/grok-card><\/p>\n\n<h3>Caracter\u00edsticas principales de AffiliateWP PayPal Payouts<\/h3>\n<ul>\n    <li><strong>Pagos instant\u00e1neos:<\/strong> Usted entrega las ganancias con un solo clic, eliminando retrasos y hojas de c\u00e1lculo.<grok-card data-id=\"0a517b\" data-type=\"citation_card\"><\/grok-card><\/li>\n    <li><strong>Procesamiento a granel:<\/strong> Usted gestiona m\u00faltiples remisiones de forma eficiente, reduciendo la carga de trabajo administrativo.<grok-card data-id=\"560312\" data-type=\"citation_card\"><\/grok-card><\/li>\n    <li><strong>F\u00e1cil instalaci\u00f3n:<\/strong> Las credenciales API se configuran r\u00e1pidamente a trav\u00e9s del portal del programador de PayPal y los ajustes de AffiliateWP.<grok-card data-id=\"5457eb\" data-type=\"citation_card\"><\/grok-card><\/li>\n    <li><strong>Seguridad reforzada:<\/strong> Se beneficiar\u00e1 de la protecci\u00f3n antifraude y la supervisi\u00f3n de transacciones de PayPal para realizar pagos seguros.<grok-card data-id=\"992352\" data-type=\"citation_card\"><\/grok-card><\/li>\n    <li><strong>Integraci\u00f3n flexible:<\/strong> Realiza el seguimiento y paga las recomendaciones vinculadas a botones de PayPal como Comprar ahora o Suscribirse.<grok-card data-id=\"f71f77\" data-type=\"citation_card\"><\/grok-card><\/li>\n<\/ul>\n\n<h3>Aumente la eficacia y la fidelidad de los afiliados<\/h3>\n<p>AffiliateWP PayPal Payouts reduce dr\u00e1sticamente el tiempo de procesamiento de pagos. Por ejemplo, puede previsualizar y enviar pagos masivos despu\u00e9s de filtrar por afiliado, fecha o ganancias. Por lo tanto, sus afiliados se mantienen motivados con una compensaci\u00f3n r\u00e1pida, mientras que usted disfruta de operaciones simplificadas.<grok-card data-id=\"5a7f64\" data-type=\"citation_card\"><\/grok-card><\/p>\n\n<h3>Empiece hoy mismo a pagar a sus afiliados sin problemas<\/h3>\n<p>Integre <strong>AffiliateWP Pagos PayPal<\/strong> para transformar su programa de afiliados. Habilitar\u00e1 pagos r\u00e1pidos con un solo clic que mantendr\u00e1n a todos contentos y sus ingresos en aumento. Instale el complemento ahora y disfrute de pagos sin complicaciones.<grok-card data-id=\"006dfb\" data-type=\"citation_card\"><\/grok-card><\/p>\n\t\t\t\t\t<\/div>\n\t\t\t\t\t\t<\/div>\n\t\t\t\t<\/div>\n\t\t\t\t<\/div>\n\t\t\t\t<\/div>","protected":false},"excerpt":{"rendered":"<p>Pagos PayPal AffiliateWP: Simplifica tus Pagos de Afiliados AffiliateWP PayPal Payouts te permite pagar a afiliados instant\u00e1neamente desde tu cuenta PayPal.<\/p>","protected":false},"featured_media":8658,"comment_status":"open","ping_status":"closed","template":"","meta":{"_acf_changed":false},"product_brand":[],"product_cat":[49],"product_tag":[],"class_list":{"0":"post-8942","1":"product","2":"type-product","3":"status-publish","4":"has-post-thumbnail","6":"product_cat-plugins","8":"first","9":"instock","10":"sale","11":"downloadable","12":"shipping-taxable","13":"purchasable","14":"product-type-simple"},"acf":[],"yoast_head":"<!-- This site is optimized with the Yoast SEO Premium plugin v25.6 (Yoast SEO v27.1.1) - https:\/\/yoast.com\/product\/yoast-seo-premium-wordpress\/ -->\n<title>AffiliateWP PayPal Payouts - AllWin Theme \u2013 Free WordPress Themes Download<\/title>\n<meta name=\"description\" content=\"Automate commission payouts to vendors and affiliates via PayPal in WooCommerce. Streamline splits, track earnings, and reduce manual work effortlessly.\" \/>\n<meta name=\"robots\" content=\"index, follow, max-snippet:-1, max-image-preview:large, max-video-preview:-1\" \/>\n<link rel=\"canonical\" href=\"https:\/\/allwintheme.com\/es\/producto\/afiliadoswp-pagos-paypal\/\" \/>\n<meta property=\"og:locale\" content=\"es_ES\" \/>\n<meta property=\"og:type\" content=\"article\" \/>\n<meta property=\"og:title\" content=\"AffiliateWP PayPal Payouts\" \/>\n<meta property=\"og:description\" content=\"Automate commission payouts to vendors and affiliates via PayPal in WooCommerce. Streamline splits, track earnings, and reduce manual work effortlessly.\" \/>\n<meta property=\"og:url\" content=\"https:\/\/allwintheme.com\/es\/producto\/afiliadoswp-pagos-paypal\/\" \/>\n<meta property=\"og:site_name\" content=\"AllWin Theme \u2013 Free WordPress Themes Download\" \/>\n<meta property=\"article:modified_time\" content=\"2025-10-03T12:44:31+00:00\" \/>\n<meta property=\"og:image\" content=\"https:\/\/allwintheme.com\/wp-content\/uploads\/2025\/10\/5m50mxq2.png\" \/>\n\t<meta property=\"og:image:width\" content=\"768\" \/>\n\t<meta property=\"og:image:height\" content=\"384\" \/>\n\t<meta property=\"og:image:type\" content=\"image\/png\" \/>\n<meta name=\"twitter:card\" content=\"summary_large_image\" \/>\n<meta name=\"twitter:label1\" content=\"Tiempo estimado de lectura\" \/>\n\t<meta name=\"twitter:data1\" content=\"2 minutos\" \/>\n<script type=\"application\/ld+json\" class=\"yoast-schema-graph\">{\"@context\":\"https:\/\/schema.org\",\"@graph\":[{\"@type\":\"WebPage\",\"@id\":\"https:\/\/allwintheme.com\/product\/affiliatewp-paypal-payouts\/\",\"url\":\"https:\/\/allwintheme.com\/product\/affiliatewp-paypal-payouts\/\",\"name\":\"AffiliateWP PayPal Payouts - AllWin Theme \u2013 Free WordPress Themes Download\",\"isPartOf\":{\"@id\":\"https:\/\/allwintheme.com\/#website\"},\"primaryImageOfPage\":{\"@id\":\"https:\/\/allwintheme.com\/product\/affiliatewp-paypal-payouts\/#primaryimage\"},\"image\":{\"@id\":\"https:\/\/allwintheme.com\/product\/affiliatewp-paypal-payouts\/#primaryimage\"},\"thumbnailUrl\":\"https:\/\/allwintheme.com\/wp-content\/uploads\/2025\/10\/5m50mxq2.png\",\"datePublished\":\"2025-10-03T10:11:04+00:00\",\"dateModified\":\"2025-10-03T12:44:31+00:00\",\"description\":\"Automate commission payouts to vendors and affiliates via PayPal in WooCommerce. Streamline splits, track earnings, and reduce manual work effortlessly.\",\"breadcrumb\":{\"@id\":\"https:\/\/allwintheme.com\/product\/affiliatewp-paypal-payouts\/#breadcrumb\"},\"inLanguage\":\"es-CL\",\"potentialAction\":[{\"@type\":\"ReadAction\",\"target\":[\"https:\/\/allwintheme.com\/product\/affiliatewp-paypal-payouts\/\"]}]},{\"@type\":\"ImageObject\",\"inLanguage\":\"es-CL\",\"@id\":\"https:\/\/allwintheme.com\/product\/affiliatewp-paypal-payouts\/#primaryimage\",\"url\":\"https:\/\/allwintheme.com\/wp-content\/uploads\/2025\/10\/5m50mxq2.png\",\"contentUrl\":\"https:\/\/allwintheme.com\/wp-content\/uploads\/2025\/10\/5m50mxq2.png\",\"width\":768,\"height\":384,\"caption\":\"AffiliateWP PayPal Payouts\"},{\"@type\":\"BreadcrumbList\",\"@id\":\"https:\/\/allwintheme.com\/product\/affiliatewp-paypal-payouts\/#breadcrumb\",\"itemListElement\":[{\"@type\":\"ListItem\",\"position\":1,\"name\":\"Home\",\"item\":\"https:\/\/allwintheme.com\/\"},{\"@type\":\"ListItem\",\"position\":2,\"name\":\"Shop\",\"item\":\"https:\/\/allwintheme.com\/shop\/\"},{\"@type\":\"ListItem\",\"position\":3,\"name\":\"AffiliateWP PayPal Payouts\"}]},{\"@type\":\"WebSite\",\"@id\":\"https:\/\/allwintheme.com\/#website\",\"url\":\"https:\/\/allwintheme.com\/\",\"name\":\"Allwintheme\",\"description\":\"Download free WordPress themes for every niche. Blogs, business, eCommerce, portfolio, restaurant and more. All themes are GPL licensed and mobile-ready.\",\"potentialAction\":[{\"@type\":\"SearchAction\",\"target\":{\"@type\":\"EntryPoint\",\"urlTemplate\":\"https:\/\/allwintheme.com\/?s={search_term_string}\"},\"query-input\":{\"@type\":\"PropertyValueSpecification\",\"valueRequired\":true,\"valueName\":\"search_term_string\"}}],\"inLanguage\":\"es-CL\"}]}<\/script>\n<!-- \/ Yoast SEO Premium plugin. -->","yoast_head_json":{"title":"AffiliateWP PayPal Payouts - AllWin Theme - Free WordPress Themes Download","description":"Automatice los pagos de comisiones a vendedores y afiliados a trav\u00e9s de PayPal en WooCommerce. Racionalice los repartos, realice un seguimiento de las ganancias y reduzca el trabajo manual sin esfuerzo.","robots":{"index":"index","follow":"follow","max-snippet":"max-snippet:-1","max-image-preview":"max-image-preview:large","max-video-preview":"max-video-preview:-1"},"canonical":"https:\/\/allwintheme.com\/es\/producto\/afiliadoswp-pagos-paypal\/","og_locale":"es_ES","og_type":"article","og_title":"AffiliateWP PayPal Payouts","og_description":"Automate commission payouts to vendors and affiliates via PayPal in WooCommerce. Streamline splits, track earnings, and reduce manual work effortlessly.","og_url":"https:\/\/allwintheme.com\/es\/producto\/afiliadoswp-pagos-paypal\/","og_site_name":"AllWin Theme \u2013 Free WordPress Themes Download","article_modified_time":"2025-10-03T12:44:31+00:00","og_image":[{"width":768,"height":384,"url":"https:\/\/allwintheme.com\/wp-content\/uploads\/2025\/10\/5m50mxq2.png","type":"image\/png"}],"twitter_card":"summary_large_image","twitter_misc":{"Tiempo estimado de lectura":"2 minutos"},"schema":{"@context":"https:\/\/schema.org","@graph":[{"@type":"WebPage","@id":"https:\/\/allwintheme.com\/product\/affiliatewp-paypal-payouts\/","url":"https:\/\/allwintheme.com\/product\/affiliatewp-paypal-payouts\/","name":"AffiliateWP PayPal Payouts - AllWin Theme - Free WordPress Themes Download","isPartOf":{"@id":"https:\/\/allwintheme.com\/#website"},"primaryImageOfPage":{"@id":"https:\/\/allwintheme.com\/product\/affiliatewp-paypal-payouts\/#primaryimage"},"image":{"@id":"https:\/\/allwintheme.com\/product\/affiliatewp-paypal-payouts\/#primaryimage"},"thumbnailUrl":"https:\/\/allwintheme.com\/wp-content\/uploads\/2025\/10\/5m50mxq2.png","datePublished":"2025-10-03T10:11:04+00:00","dateModified":"2025-10-03T12:44:31+00:00","description":"Automatice los pagos de comisiones a vendedores y afiliados a trav\u00e9s de PayPal en WooCommerce. Racionalice los repartos, realice un seguimiento de las ganancias y reduzca el trabajo manual sin esfuerzo.","breadcrumb":{"@id":"https:\/\/allwintheme.com\/product\/affiliatewp-paypal-payouts\/#breadcrumb"},"inLanguage":"es-CL","potentialAction":[{"@type":"ReadAction","target":["https:\/\/allwintheme.com\/product\/affiliatewp-paypal-payouts\/"]}]},{"@type":"ImageObject","inLanguage":"es-CL","@id":"https:\/\/allwintheme.com\/product\/affiliatewp-paypal-payouts\/#primaryimage","url":"https:\/\/allwintheme.com\/wp-content\/uploads\/2025\/10\/5m50mxq2.png","contentUrl":"https:\/\/allwintheme.com\/wp-content\/uploads\/2025\/10\/5m50mxq2.png","width":768,"height":384,"caption":"AffiliateWP PayPal Payouts"},{"@type":"BreadcrumbList","@id":"https:\/\/allwintheme.com\/product\/affiliatewp-paypal-payouts\/#breadcrumb","itemListElement":[{"@type":"ListItem","position":1,"name":"Home","item":"https:\/\/allwintheme.com\/"},{"@type":"ListItem","position":2,"name":"Shop","item":"https:\/\/allwintheme.com\/shop\/"},{"@type":"ListItem","position":3,"name":"AffiliateWP PayPal Payouts"}]},{"@type":"WebSite","@id":"https:\/\/allwintheme.com\/#website","url":"https:\/\/allwintheme.com\/","name":"Allwintheme","description":"Descarga gratis temas de WordPress para todos los nichos. Blogs, negocios, comercio electr\u00f3nico, portafolio, restaurante y m\u00e1s. Todos los temas tienen licencia GPL y est\u00e1n preparados para dispositivos m\u00f3viles.","potentialAction":[{"@type":"SearchAction","target":{"@type":"EntryPoint","urlTemplate":"https:\/\/allwintheme.com\/?s={search_term_string}"},"query-input":{"@type":"PropertyValueSpecification","valueRequired":true,"valueName":"search_term_string"}}],"inLanguage":"es-CL"}]}},"_links":{"self":[{"href":"https:\/\/allwintheme.com\/es\/wp-json\/wp\/v2\/product\/8942","targetHints":{"allow":["GET"]}}],"collection":[{"href":"https:\/\/allwintheme.com\/es\/wp-json\/wp\/v2\/product"}],"about":[{"href":"https:\/\/allwintheme.com\/es\/wp-json\/wp\/v2\/types\/product"}],"replies":[{"embeddable":true,"href":"https:\/\/allwintheme.com\/es\/wp-json\/wp\/v2\/comments?post=8942"}],"version-history":[{"count":5,"href":"https:\/\/allwintheme.com\/es\/wp-json\/wp\/v2\/product\/8942\/revisions"}],"predecessor-version":[{"id":8947,"href":"https:\/\/allwintheme.com\/es\/wp-json\/wp\/v2\/product\/8942\/revisions\/8947"}],"wp:featuredmedia":[{"embeddable":true,"href":"https:\/\/allwintheme.com\/es\/wp-json\/wp\/v2\/media\/8658"}],"wp:attachment":[{"href":"https:\/\/allwintheme.com\/es\/wp-json\/wp\/v2\/media?parent=8942"}],"wp:term":[{"taxonomy":"product_brand","embeddable":true,"href":"https:\/\/allwintheme.com\/es\/wp-json\/wp\/v2\/product_brand?post=8942"},{"taxonomy":"product_cat","embeddable":true,"href":"https:\/\/allwintheme.com\/es\/wp-json\/wp\/v2\/product_cat?post=8942"},{"taxonomy":"product_tag","embeddable":true,"href":"https:\/\/allwintheme.com\/es\/wp-json\/wp\/v2\/product_tag?post=8942"}],"curies":[{"name":"wp","href":"https:\/\/api.w.org\/{rel}","templated":true}]}}