{"id":8948,"date":"2025-10-03T12:45:57","date_gmt":"2025-10-03T12:45:57","guid":{"rendered":"https:\/\/allwintheme.com\/?post_type=product&#038;p=8948"},"modified":"2025-10-03T13:08:53","modified_gmt":"2025-10-03T13:08:53","slug":"wpforms-paypal-commerce","status":"publish","type":"product","link":"https:\/\/allwintheme.com\/es\/producto\/wpforms-paypal-commerce\/","title":{"rendered":"WPForms Comercio PayPal"},"content":{"rendered":"<div data-elementor-type=\"wp-post\" data-elementor-id=\"8948\" class=\"elementor elementor-8948\" data-elementor-settings=\"{&quot;element_pack_global_tooltip_width&quot;:{&quot;unit&quot;:&quot;px&quot;,&quot;size&quot;:&quot;&quot;,&quot;sizes&quot;:[]},&quot;element_pack_global_tooltip_width_tablet&quot;:{&quot;unit&quot;:&quot;px&quot;,&quot;size&quot;:&quot;&quot;,&quot;sizes&quot;:[]},&quot;element_pack_global_tooltip_width_mobile&quot;:{&quot;unit&quot;:&quot;px&quot;,&quot;size&quot;:&quot;&quot;,&quot;sizes&quot;:[]},&quot;element_pack_global_tooltip_padding&quot;:{&quot;unit&quot;:&quot;px&quot;,&quot;top&quot;:&quot;&quot;,&quot;right&quot;:&quot;&quot;,&quot;bottom&quot;:&quot;&quot;,&quot;left&quot;:&quot;&quot;,&quot;isLinked&quot;:true},&quot;element_pack_global_tooltip_padding_tablet&quot;:{&quot;unit&quot;:&quot;px&quot;,&quot;top&quot;:&quot;&quot;,&quot;right&quot;:&quot;&quot;,&quot;bottom&quot;:&quot;&quot;,&quot;left&quot;:&quot;&quot;,&quot;isLinked&quot;:true},&quot;element_pack_global_tooltip_padding_mobile&quot;:{&quot;unit&quot;:&quot;px&quot;,&quot;top&quot;:&quot;&quot;,&quot;right&quot;:&quot;&quot;,&quot;bottom&quot;:&quot;&quot;,&quot;left&quot;:&quot;&quot;,&quot;isLinked&quot;:true},&quot;element_pack_global_tooltip_border_radius&quot;:{&quot;unit&quot;:&quot;px&quot;,&quot;top&quot;:&quot;&quot;,&quot;right&quot;:&quot;&quot;,&quot;bottom&quot;:&quot;&quot;,&quot;left&quot;:&quot;&quot;,&quot;isLinked&quot;:true},&quot;element_pack_global_tooltip_border_radius_tablet&quot;:{&quot;unit&quot;:&quot;px&quot;,&quot;top&quot;:&quot;&quot;,&quot;right&quot;:&quot;&quot;,&quot;bottom&quot;:&quot;&quot;,&quot;left&quot;:&quot;&quot;,&quot;isLinked&quot;:true},&quot;element_pack_global_tooltip_border_radius_mobile&quot;:{&quot;unit&quot;:&quot;px&quot;,&quot;top&quot;:&quot;&quot;,&quot;right&quot;:&quot;&quot;,&quot;bottom&quot;:&quot;&quot;,&quot;left&quot;:&quot;&quot;,&quot;isLinked&quot;:true}}\" data-elementor-post-type=\"product\">\n\t\t\t\t<div class=\"elementor-element elementor-element-93aa4a8 e-con-full e-flex e-con e-parent\" data-id=\"93aa4a8\" data-element_type=\"container\" data-e-type=\"container\">\n\t\t\t\t<div class=\"elementor-element elementor-element-2c3f760 miaoshu elementor-widget elementor-widget-wd_text_block\" data-id=\"2c3f760\" data-element_type=\"widget\" data-e-type=\"widget\" data-widget_type=\"wd_text_block.default\">\n\t\t\t\t<div class=\"elementor-widget-container\">\n\t\t\t\t\t\t\t<div class=\"wd-text-block reset-last-child text-left\">\n\t\t\t\n\t\t\t<h2>WPForms Comercio PayPal: Integraci\u00f3n perfecta de pagos<\/h2>\n<p>En <strong>Complemento WPForms PayPal Commerce<\/strong> le permite aceptar pagos con PayPal y tarjetas de cr\u00e9dito directamente a trav\u00e9s de sus formularios de WordPress. Por ejemplo, los propietarios de sitios conectan r\u00e1pidamente su cuenta PayPal Business a WPForms, lo que permite realizar transacciones seguras para ventas, donaciones o pedidos. En consecuencia, los usuarios completan los pagos sin salir de su sitio, aumentando las tasas de conversi\u00f3n y la satisfacci\u00f3n del usuario.<grok-card data-id=\"d8bb8e\" data-type=\"citation_card\"><\/grok-card><\/p>\n\n<h3>Instalaci\u00f3n y conexi\u00f3n sin esfuerzo<\/h3>\n<p>Para empezar, instale WPForms Pro y active el complemento PayPal Commerce desde el panel de control. A continuaci\u00f3n, vaya a WPForms \" Configuraci\u00f3n \" Pagos, seleccione su divisa y haga clic en Conectar con PayPal Commerce. Como resultado, el sistema le pedir\u00e1 que inicie sesi\u00f3n en su cuenta PayPal y autorice la conexi\u00f3n, garantizando una integraci\u00f3n sin problemas en tan s\u00f3lo unos pasos.<grok-card data-id=\"ff0017\" data-type=\"citation_card\"><\/grok-card><grok-card data-id=\"d90a78\" data-type=\"citation_card\"><\/grok-card><\/p>\n\n<h3>Funciones potentes para pagos flexibles<\/h3>\n<p>Este complemento admite pagos \u00fanicos y suscripciones peri\u00f3dicas, para que pueda gestionar desde simples donaciones hasta suscripciones continuas. Adem\u00e1s, aproveche la l\u00f3gica condicional de WPForms para personalizar los flujos de pago, por ejemplo, mostrar opciones basadas en las selecciones del usuario. Por lo tanto, puede crear experiencias personalizadas que se adapten a las necesidades de su empresa sin necesidad de codificar.<grok-card data-id=\"73d619\" data-type=\"citation_card\"><\/grok-card><\/p>\n\n<h3>\u00bfPor qu\u00e9 elegir WPForms PayPal Commerce?<\/h3>\n<ul>\n    <li><strong>Procesamiento seguro in situ:<\/strong> Los usuarios pagan a trav\u00e9s de PayPal o tarjetas directamente en los formularios, lo que minimiza los abandonos y aumenta la seguridad.<grok-card data-id=\"a3b393\" data-type=\"citation_card\"><\/grok-card><\/li>\n    <li><strong>Gesti\u00f3n sencilla:<\/strong> Ver, reembolsar y realizar un seguimiento de los pagos desde WPForms \" Pagos salpicadero para un control total.<grok-card data-id=\"7c22e7\" data-type=\"citation_card\"><\/grok-card><\/li>\n    <li><strong>Opciones de personalizaci\u00f3n:<\/strong> Ajuste los tama\u00f1os, colores y estilos de los campos para que se adapten perfectamente al dise\u00f1o de su sitio web.<grok-card data-id=\"773f0d\" data-type=\"citation_card\"><\/grok-card><\/li>\n    <li><strong>Capacidades de ensayo:<\/strong> Active el modo sandbox para probar las transacciones de forma segura antes de ponerlas en marcha.<grok-card data-id=\"3a65f7\" data-type=\"citation_card\"><\/grok-card><\/li>\n    <li><strong>Fiabilidad probada:<\/strong> Sustituye al complemento PayPal Standard obsoleto con funciones y rendimiento mejorados.<grok-card data-id=\"469e6f\" data-type=\"citation_card\"><\/grok-card><\/li>\n<\/ul>\n\n<h3>Racionalice las operaciones de su empresa<\/h3>\n<p>WPForms PayPal Commerce simplifica los pagos en Internet, para que usted se centre en el crecimiento y no en los obst\u00e1culos t\u00e9cnicos. Por ejemplo, int\u00e9grelo con formularios de pedido o p\u00e1ginas de contacto para recaudar fondos sin esfuerzo. Adem\u00e1s, su compatibilidad con el constructor de arrastrar y soltar de WPForms garantiza una implementaci\u00f3n r\u00e1pida. En definitiva, este complemento ofrece una soluci\u00f3n de pago profesional que se adapta a su sitio web.<grok-card data-id=\"dfd1c6\" data-type=\"citation_card\"><\/grok-card><\/p>\n\n<h3>Desbloquee WPForms PayPal Commerce hoy mismo<\/h3>\n<p>Mejore su sitio WordPress con una integraci\u00f3n fiable de PayPal. Por lo tanto, instale el complemento ahora y empiece a aceptar pagos que generen ingresos.<grok-card data-id=\"481c36\" data-type=\"citation_card\"><\/grok-card><\/p>\n\t\t\t\t\t<\/div>\n\t\t\t\t\t\t<\/div>\n\t\t\t\t<\/div>\n\t\t\t\t<\/div>\n\t\t\t\t<\/div>","protected":false},"excerpt":{"rendered":"<p>WPForms PayPal Commerce: Seamless Payment Integration The WPForms PayPal Commerce addon empowers you to accept PayPal and credit card payments<\/p>","protected":false},"featured_media":8657,"comment_status":"open","ping_status":"closed","template":"","meta":{"_acf_changed":false},"product_brand":[],"product_cat":[49],"product_tag":[],"class_list":{"0":"post-8948","1":"product","2":"type-product","3":"status-publish","4":"has-post-thumbnail","6":"product_cat-plugins","8":"first","9":"instock","10":"sale","11":"downloadable","12":"shipping-taxable","13":"purchasable","14":"product-type-simple"},"acf":[],"yoast_head":"<!-- This site is optimized with the Yoast SEO Premium plugin v25.6 (Yoast SEO v27.1.1) - https:\/\/yoast.com\/product\/yoast-seo-premium-wordpress\/ -->\n<title>WPForms PayPal Commerce - AllWin Theme \u2013 Free WordPress Themes Download<\/title>\n<meta name=\"description\" content=\"Accept PayPal and credit card payments easily in WPForms. The PayPal Commerce addon enables seamless integration for one-time and recurring transactions.\" \/>\n<meta name=\"robots\" content=\"index, follow, max-snippet:-1, max-image-preview:large, max-video-preview:-1\" \/>\n<link rel=\"canonical\" href=\"https:\/\/allwintheme.com\/es\/producto\/wpforms-paypal-commerce\/\" \/>\n<meta property=\"og:locale\" content=\"es_ES\" \/>\n<meta property=\"og:type\" content=\"article\" \/>\n<meta property=\"og:title\" content=\"WPForms PayPal Commerce\" \/>\n<meta property=\"og:description\" content=\"Accept PayPal and credit card payments easily in WPForms. The PayPal Commerce addon enables seamless integration for one-time and recurring transactions.\" \/>\n<meta property=\"og:url\" content=\"https:\/\/allwintheme.com\/es\/producto\/wpforms-paypal-commerce\/\" \/>\n<meta property=\"og:site_name\" content=\"AllWin Theme \u2013 Free WordPress Themes Download\" \/>\n<meta property=\"article:modified_time\" content=\"2025-10-03T13:08:53+00:00\" \/>\n<meta property=\"og:image\" content=\"https:\/\/allwintheme.com\/wp-content\/uploads\/2025\/10\/7n2kdcu3.png\" \/>\n\t<meta property=\"og:image:width\" content=\"590\" \/>\n\t<meta property=\"og:image:height\" content=\"300\" \/>\n\t<meta property=\"og:image:type\" content=\"image\/png\" \/>\n<meta name=\"twitter:card\" content=\"summary_large_image\" \/>\n<meta name=\"twitter:label1\" content=\"Tiempo estimado de lectura\" \/>\n\t<meta name=\"twitter:data1\" content=\"2 minutos\" \/>\n<script type=\"application\/ld+json\" class=\"yoast-schema-graph\">{\"@context\":\"https:\/\/schema.org\",\"@graph\":[{\"@type\":\"WebPage\",\"@id\":\"https:\/\/allwintheme.com\/product\/wpforms-paypal-commerce\/\",\"url\":\"https:\/\/allwintheme.com\/product\/wpforms-paypal-commerce\/\",\"name\":\"WPForms PayPal Commerce - AllWin Theme \u2013 Free WordPress Themes Download\",\"isPartOf\":{\"@id\":\"https:\/\/allwintheme.com\/#website\"},\"primaryImageOfPage\":{\"@id\":\"https:\/\/allwintheme.com\/product\/wpforms-paypal-commerce\/#primaryimage\"},\"image\":{\"@id\":\"https:\/\/allwintheme.com\/product\/wpforms-paypal-commerce\/#primaryimage\"},\"thumbnailUrl\":\"https:\/\/allwintheme.com\/wp-content\/uploads\/2025\/10\/7n2kdcu3.png\",\"datePublished\":\"2025-10-03T12:45:57+00:00\",\"dateModified\":\"2025-10-03T13:08:53+00:00\",\"description\":\"Accept PayPal and credit card payments easily in WPForms. The PayPal Commerce addon enables seamless integration for one-time and recurring transactions.\",\"breadcrumb\":{\"@id\":\"https:\/\/allwintheme.com\/product\/wpforms-paypal-commerce\/#breadcrumb\"},\"inLanguage\":\"es-CL\",\"potentialAction\":[{\"@type\":\"ReadAction\",\"target\":[\"https:\/\/allwintheme.com\/product\/wpforms-paypal-commerce\/\"]}]},{\"@type\":\"ImageObject\",\"inLanguage\":\"es-CL\",\"@id\":\"https:\/\/allwintheme.com\/product\/wpforms-paypal-commerce\/#primaryimage\",\"url\":\"https:\/\/allwintheme.com\/wp-content\/uploads\/2025\/10\/7n2kdcu3.png\",\"contentUrl\":\"https:\/\/allwintheme.com\/wp-content\/uploads\/2025\/10\/7n2kdcu3.png\",\"width\":590,\"height\":300,\"caption\":\"WPForms PayPal Commerce\"},{\"@type\":\"BreadcrumbList\",\"@id\":\"https:\/\/allwintheme.com\/product\/wpforms-paypal-commerce\/#breadcrumb\",\"itemListElement\":[{\"@type\":\"ListItem\",\"position\":1,\"name\":\"Home\",\"item\":\"https:\/\/allwintheme.com\/\"},{\"@type\":\"ListItem\",\"position\":2,\"name\":\"Shop\",\"item\":\"https:\/\/allwintheme.com\/shop\/\"},{\"@type\":\"ListItem\",\"position\":3,\"name\":\"WPForms PayPal Commerce\"}]},{\"@type\":\"WebSite\",\"@id\":\"https:\/\/allwintheme.com\/#website\",\"url\":\"https:\/\/allwintheme.com\/\",\"name\":\"Allwintheme\",\"description\":\"Download free WordPress themes for every niche. Blogs, business, eCommerce, portfolio, restaurant and more. All themes are GPL licensed and mobile-ready.\",\"potentialAction\":[{\"@type\":\"SearchAction\",\"target\":{\"@type\":\"EntryPoint\",\"urlTemplate\":\"https:\/\/allwintheme.com\/?s={search_term_string}\"},\"query-input\":{\"@type\":\"PropertyValueSpecification\",\"valueRequired\":true,\"valueName\":\"search_term_string\"}}],\"inLanguage\":\"es-CL\"}]}<\/script>\n<!-- \/ Yoast SEO Premium plugin. -->","yoast_head_json":{"title":"WPForms PayPal Commerce - AllWin Theme \u2013 Free WordPress Themes Download","description":"Acepte pagos con PayPal y tarjeta de cr\u00e9dito f\u00e1cilmente en WPForms. El complemento PayPal Commerce permite una integraci\u00f3n perfecta para transacciones \u00fanicas y peri\u00f3dicas.","robots":{"index":"index","follow":"follow","max-snippet":"max-snippet:-1","max-image-preview":"max-image-preview:large","max-video-preview":"max-video-preview:-1"},"canonical":"https:\/\/allwintheme.com\/es\/producto\/wpforms-paypal-commerce\/","og_locale":"es_ES","og_type":"article","og_title":"WPForms PayPal Commerce","og_description":"Accept PayPal and credit card payments easily in WPForms. The PayPal Commerce addon enables seamless integration for one-time and recurring transactions.","og_url":"https:\/\/allwintheme.com\/es\/producto\/wpforms-paypal-commerce\/","og_site_name":"AllWin Theme \u2013 Free WordPress Themes Download","article_modified_time":"2025-10-03T13:08:53+00:00","og_image":[{"width":590,"height":300,"url":"https:\/\/allwintheme.com\/wp-content\/uploads\/2025\/10\/7n2kdcu3.png","type":"image\/png"}],"twitter_card":"summary_large_image","twitter_misc":{"Tiempo estimado de lectura":"2 minutos"},"schema":{"@context":"https:\/\/schema.org","@graph":[{"@type":"WebPage","@id":"https:\/\/allwintheme.com\/product\/wpforms-paypal-commerce\/","url":"https:\/\/allwintheme.com\/product\/wpforms-paypal-commerce\/","name":"WPForms PayPal Commerce - AllWin Theme \u2013 Free WordPress Themes Download","isPartOf":{"@id":"https:\/\/allwintheme.com\/#website"},"primaryImageOfPage":{"@id":"https:\/\/allwintheme.com\/product\/wpforms-paypal-commerce\/#primaryimage"},"image":{"@id":"https:\/\/allwintheme.com\/product\/wpforms-paypal-commerce\/#primaryimage"},"thumbnailUrl":"https:\/\/allwintheme.com\/wp-content\/uploads\/2025\/10\/7n2kdcu3.png","datePublished":"2025-10-03T12:45:57+00:00","dateModified":"2025-10-03T13:08:53+00:00","description":"Acepte pagos con PayPal y tarjeta de cr\u00e9dito f\u00e1cilmente en WPForms. El complemento PayPal Commerce permite una integraci\u00f3n perfecta para transacciones \u00fanicas y peri\u00f3dicas.","breadcrumb":{"@id":"https:\/\/allwintheme.com\/product\/wpforms-paypal-commerce\/#breadcrumb"},"inLanguage":"es-CL","potentialAction":[{"@type":"ReadAction","target":["https:\/\/allwintheme.com\/product\/wpforms-paypal-commerce\/"]}]},{"@type":"ImageObject","inLanguage":"es-CL","@id":"https:\/\/allwintheme.com\/product\/wpforms-paypal-commerce\/#primaryimage","url":"https:\/\/allwintheme.com\/wp-content\/uploads\/2025\/10\/7n2kdcu3.png","contentUrl":"https:\/\/allwintheme.com\/wp-content\/uploads\/2025\/10\/7n2kdcu3.png","width":590,"height":300,"caption":"WPForms PayPal Commerce"},{"@type":"BreadcrumbList","@id":"https:\/\/allwintheme.com\/product\/wpforms-paypal-commerce\/#breadcrumb","itemListElement":[{"@type":"ListItem","position":1,"name":"Home","item":"https:\/\/allwintheme.com\/"},{"@type":"ListItem","position":2,"name":"Shop","item":"https:\/\/allwintheme.com\/shop\/"},{"@type":"ListItem","position":3,"name":"WPForms PayPal Commerce"}]},{"@type":"WebSite","@id":"https:\/\/allwintheme.com\/#website","url":"https:\/\/allwintheme.com\/","name":"Allwintheme","description":"Descarga gratis temas de WordPress para todos los nichos. Blogs, negocios, comercio electr\u00f3nico, portafolio, restaurante y m\u00e1s. Todos los temas tienen licencia GPL y est\u00e1n preparados para dispositivos m\u00f3viles.","potentialAction":[{"@type":"SearchAction","target":{"@type":"EntryPoint","urlTemplate":"https:\/\/allwintheme.com\/?s={search_term_string}"},"query-input":{"@type":"PropertyValueSpecification","valueRequired":true,"valueName":"search_term_string"}}],"inLanguage":"es-CL"}]}},"_links":{"self":[{"href":"https:\/\/allwintheme.com\/es\/wp-json\/wp\/v2\/product\/8948","targetHints":{"allow":["GET"]}}],"collection":[{"href":"https:\/\/allwintheme.com\/es\/wp-json\/wp\/v2\/product"}],"about":[{"href":"https:\/\/allwintheme.com\/es\/wp-json\/wp\/v2\/types\/product"}],"replies":[{"embeddable":true,"href":"https:\/\/allwintheme.com\/es\/wp-json\/wp\/v2\/comments?post=8948"}],"version-history":[{"count":5,"href":"https:\/\/allwintheme.com\/es\/wp-json\/wp\/v2\/product\/8948\/revisions"}],"predecessor-version":[{"id":8953,"href":"https:\/\/allwintheme.com\/es\/wp-json\/wp\/v2\/product\/8948\/revisions\/8953"}],"wp:featuredmedia":[{"embeddable":true,"href":"https:\/\/allwintheme.com\/es\/wp-json\/wp\/v2\/media\/8657"}],"wp:attachment":[{"href":"https:\/\/allwintheme.com\/es\/wp-json\/wp\/v2\/media?parent=8948"}],"wp:term":[{"taxonomy":"product_brand","embeddable":true,"href":"https:\/\/allwintheme.com\/es\/wp-json\/wp\/v2\/product_brand?post=8948"},{"taxonomy":"product_cat","embeddable":true,"href":"https:\/\/allwintheme.com\/es\/wp-json\/wp\/v2\/product_cat?post=8948"},{"taxonomy":"product_tag","embeddable":true,"href":"https:\/\/allwintheme.com\/es\/wp-json\/wp\/v2\/product_tag?post=8948"}],"curies":[{"name":"wp","href":"https:\/\/api.w.org\/{rel}","templated":true}]}}