{"id":8954,"date":"2025-10-03T13:09:11","date_gmt":"2025-10-03T13:09:11","guid":{"rendered":"https:\/\/allwintheme.com\/?post_type=product&#038;p=8954"},"modified":"2025-10-03T13:14:25","modified_gmt":"2025-10-03T13:14:25","slug":"extension-lifter-paypal","status":"publish","type":"product","link":"https:\/\/allwintheme.com\/es\/producto\/extension-lifter-paypal\/","title":{"rendered":"Extensi\u00f3n Lifter Paypal"},"content":{"rendered":"<div data-elementor-type=\"wp-post\" data-elementor-id=\"8954\" class=\"elementor elementor-8954\" data-elementor-settings=\"{&quot;element_pack_global_tooltip_width&quot;:{&quot;unit&quot;:&quot;px&quot;,&quot;size&quot;:&quot;&quot;,&quot;sizes&quot;:[]},&quot;element_pack_global_tooltip_width_tablet&quot;:{&quot;unit&quot;:&quot;px&quot;,&quot;size&quot;:&quot;&quot;,&quot;sizes&quot;:[]},&quot;element_pack_global_tooltip_width_mobile&quot;:{&quot;unit&quot;:&quot;px&quot;,&quot;size&quot;:&quot;&quot;,&quot;sizes&quot;:[]},&quot;element_pack_global_tooltip_padding&quot;:{&quot;unit&quot;:&quot;px&quot;,&quot;top&quot;:&quot;&quot;,&quot;right&quot;:&quot;&quot;,&quot;bottom&quot;:&quot;&quot;,&quot;left&quot;:&quot;&quot;,&quot;isLinked&quot;:true},&quot;element_pack_global_tooltip_padding_tablet&quot;:{&quot;unit&quot;:&quot;px&quot;,&quot;top&quot;:&quot;&quot;,&quot;right&quot;:&quot;&quot;,&quot;bottom&quot;:&quot;&quot;,&quot;left&quot;:&quot;&quot;,&quot;isLinked&quot;:true},&quot;element_pack_global_tooltip_padding_mobile&quot;:{&quot;unit&quot;:&quot;px&quot;,&quot;top&quot;:&quot;&quot;,&quot;right&quot;:&quot;&quot;,&quot;bottom&quot;:&quot;&quot;,&quot;left&quot;:&quot;&quot;,&quot;isLinked&quot;:true},&quot;element_pack_global_tooltip_border_radius&quot;:{&quot;unit&quot;:&quot;px&quot;,&quot;top&quot;:&quot;&quot;,&quot;right&quot;:&quot;&quot;,&quot;bottom&quot;:&quot;&quot;,&quot;left&quot;:&quot;&quot;,&quot;isLinked&quot;:true},&quot;element_pack_global_tooltip_border_radius_tablet&quot;:{&quot;unit&quot;:&quot;px&quot;,&quot;top&quot;:&quot;&quot;,&quot;right&quot;:&quot;&quot;,&quot;bottom&quot;:&quot;&quot;,&quot;left&quot;:&quot;&quot;,&quot;isLinked&quot;:true},&quot;element_pack_global_tooltip_border_radius_mobile&quot;:{&quot;unit&quot;:&quot;px&quot;,&quot;top&quot;:&quot;&quot;,&quot;right&quot;:&quot;&quot;,&quot;bottom&quot;:&quot;&quot;,&quot;left&quot;:&quot;&quot;,&quot;isLinked&quot;:true}}\" data-elementor-post-type=\"product\">\n\t\t\t\t<div class=\"elementor-element elementor-element-93aa4a8 e-con-full e-flex e-con e-parent\" data-id=\"93aa4a8\" data-element_type=\"container\" data-e-type=\"container\">\n\t\t\t\t<div class=\"elementor-element elementor-element-2c3f760 miaoshu elementor-widget elementor-widget-wd_text_block\" data-id=\"2c3f760\" data-element_type=\"widget\" data-e-type=\"widget\" data-widget_type=\"wd_text_block.default\">\n\t\t\t\t<div class=\"elementor-widget-container\">\n\t\t\t\t\t\t\t<div class=\"wd-text-block reset-last-child text-left\">\n\t\t\t\n\t\t\t<h2>Extensi\u00f3n PayPal de LifterLMS: Potencie sus cursos en l\u00ednea con pagos seguros<\/h2>\n<p>En <strong>LifterLMS Extensi\u00f3n PayPal<\/strong> permite a los creadores de cursos aceptar pagos \u00fanicos y peri\u00f3dicos directamente a trav\u00e9s de PayPal. Por ejemplo, este complemento se integra perfectamente con su plataforma LifterLMS, para que los estudiantes puedan comprar f\u00e1cilmente cursos y membres\u00edas sin problemas. En consecuencia, usted agiliza las transacciones y se centra en ofrecer una gran educaci\u00f3n.<grok-card data-id=\"7eb33e\" data-type=\"citation_card\"><\/grok-card><grok-card data-id=\"85b8e6\" data-type=\"citation_card\"><\/grok-card><\/p>\n\n<h3>Opciones de pago flexibles<\/h3>\n<p>Con la Extensi\u00f3n PayPal de LifterLMS, configuras r\u00e1pidamente PayPal como pasarela introduciendo tus credenciales API. Una vez habilitado, los estudiantes acceden a pagos seguros para cursos o suscripciones. Como resultado, usted admite tanto compras \u00fanicas como facturaci\u00f3n recurrente automatizada, lo que ayuda a retener a los alumnos a largo plazo.<grok-card data-id=\"3448fa\" data-type=\"citation_card\"><\/grok-card><grok-card data-id=\"09d8a0\" data-type=\"citation_card\"><\/grok-card><\/p>\n\n<h3>\u00bfPor qu\u00e9 elegir la extensi\u00f3n PayPal de LifterLMS?<\/h3>\n<ul>\n    <li><strong>Transacciones seguras:<\/strong> Aproveche el sistema de confianza de PayPal para procesar los pagos de forma fiable y segura.<\/li>\n    <li><strong>Apoyo puntual y recurrente:<\/strong> Ofrezca opciones flexibles que se adapten a sus modelos de cursos, aumentando las conversiones.<\/li>\n    <li><strong>F\u00e1cil integraci\u00f3n:<\/strong> Instale y configure la extensi\u00f3n en su panel de WordPress con una configuraci\u00f3n m\u00ednima.<\/li>\n    <li><strong>Pruebas Sandbox:<\/strong> Pruebe los pagos utilizando el modo sandbox de PayPal antes de ponerlo en marcha, para asegurarse de que todo funciona correctamente.<grok-card data-id=\"46c18e\" data-type=\"citation_card\"><\/grok-card><\/li>\n<\/ul>\n\n<h3>Aumente los ingresos de su LMS<\/h3>\n<p>Esta extensi\u00f3n elimina las barreras de pago para el p\u00fablico global que prefiere PayPal. Por ejemplo, los estudios demuestran que combinar PayPal con otras pasarelas como Stripe puede aumentar significativamente las ventas totales. Adem\u00e1s, automatiza las inscripciones en caso de pago correcto, creando una experiencia sin fricciones para los estudiantes.<grok-card data-id=\"a680dc\" data-type=\"citation_card\"><\/grok-card> Por lo tanto, \u00a1integre la Extensi\u00f3n PayPal de LifterLMS hoy mismo para hacer crecer su negocio de aprendizaje en l\u00ednea de manera eficiente!<\/p>\n\t\t\t\t\t<\/div>\n\t\t\t\t\t\t<\/div>\n\t\t\t\t<\/div>\n\t\t\t\t<\/div>\n\t\t\t\t<\/div>","protected":false},"excerpt":{"rendered":"<p>LifterLMS PayPal Extension: Power Up Your Online Courses with Secure Payments The LifterLMS PayPal Extension empowers course creators to accept<\/p>","protected":false},"featured_media":8656,"comment_status":"open","ping_status":"closed","template":"","meta":{"_acf_changed":false},"product_brand":[],"product_cat":[49],"product_tag":[],"class_list":{"0":"post-8954","1":"product","2":"type-product","3":"status-publish","4":"has-post-thumbnail","6":"product_cat-plugins","8":"first","9":"instock","10":"sale","11":"downloadable","12":"shipping-taxable","13":"purchasable","14":"product-type-simple"},"acf":[],"yoast_head":"<!-- This site is optimized with the Yoast SEO Premium plugin v25.6 (Yoast SEO v27.1.1) - https:\/\/yoast.com\/product\/yoast-seo-premium-wordpress\/ -->\n<title>Lifter Paypal Extension - AllWin Theme \u2013 Free WordPress Themes Download<\/title>\n<meta name=\"description\" content=\"Accept one-time and recurring PayPal payments for LifterLMS courses and memberships. Seamlessly integrate secure checkout to boost enrollments.\" \/>\n<meta name=\"robots\" content=\"index, follow, max-snippet:-1, max-image-preview:large, max-video-preview:-1\" \/>\n<link rel=\"canonical\" href=\"https:\/\/allwintheme.com\/es\/producto\/extension-lifter-paypal\/\" \/>\n<meta property=\"og:locale\" content=\"es_ES\" \/>\n<meta property=\"og:type\" content=\"article\" \/>\n<meta property=\"og:title\" content=\"Lifter Paypal Extension\" \/>\n<meta property=\"og:description\" content=\"Accept one-time and recurring PayPal payments for LifterLMS courses and memberships. Seamlessly integrate secure checkout to boost enrollments.\" \/>\n<meta property=\"og:url\" content=\"https:\/\/allwintheme.com\/es\/producto\/extension-lifter-paypal\/\" \/>\n<meta property=\"og:site_name\" content=\"AllWin Theme \u2013 Free WordPress Themes Download\" \/>\n<meta property=\"article:modified_time\" content=\"2025-10-03T13:14:25+00:00\" \/>\n<meta property=\"og:image\" content=\"https:\/\/allwintheme.com\/wp-content\/uploads\/2025\/10\/6zn393xf.png\" \/>\n\t<meta property=\"og:image:width\" content=\"590\" \/>\n\t<meta property=\"og:image:height\" content=\"300\" \/>\n\t<meta property=\"og:image:type\" content=\"image\/png\" \/>\n<meta name=\"twitter:card\" content=\"summary_large_image\" \/>\n<meta name=\"twitter:label1\" content=\"Tiempo estimado de lectura\" \/>\n\t<meta name=\"twitter:data1\" content=\"2 minutos\" \/>\n<script type=\"application\/ld+json\" class=\"yoast-schema-graph\">{\"@context\":\"https:\/\/schema.org\",\"@graph\":[{\"@type\":\"WebPage\",\"@id\":\"https:\/\/allwintheme.com\/product\/lifter-paypal-extension\/\",\"url\":\"https:\/\/allwintheme.com\/product\/lifter-paypal-extension\/\",\"name\":\"Lifter Paypal Extension - AllWin Theme \u2013 Free WordPress Themes Download\",\"isPartOf\":{\"@id\":\"https:\/\/allwintheme.com\/#website\"},\"primaryImageOfPage\":{\"@id\":\"https:\/\/allwintheme.com\/product\/lifter-paypal-extension\/#primaryimage\"},\"image\":{\"@id\":\"https:\/\/allwintheme.com\/product\/lifter-paypal-extension\/#primaryimage\"},\"thumbnailUrl\":\"https:\/\/allwintheme.com\/wp-content\/uploads\/2025\/10\/6zn393xf.png\",\"datePublished\":\"2025-10-03T13:09:11+00:00\",\"dateModified\":\"2025-10-03T13:14:25+00:00\",\"description\":\"Accept one-time and recurring PayPal payments for LifterLMS courses and memberships. Seamlessly integrate secure checkout to boost enrollments.\",\"breadcrumb\":{\"@id\":\"https:\/\/allwintheme.com\/product\/lifter-paypal-extension\/#breadcrumb\"},\"inLanguage\":\"es-CL\",\"potentialAction\":[{\"@type\":\"ReadAction\",\"target\":[\"https:\/\/allwintheme.com\/product\/lifter-paypal-extension\/\"]}]},{\"@type\":\"ImageObject\",\"inLanguage\":\"es-CL\",\"@id\":\"https:\/\/allwintheme.com\/product\/lifter-paypal-extension\/#primaryimage\",\"url\":\"https:\/\/allwintheme.com\/wp-content\/uploads\/2025\/10\/6zn393xf.png\",\"contentUrl\":\"https:\/\/allwintheme.com\/wp-content\/uploads\/2025\/10\/6zn393xf.png\",\"width\":590,\"height\":300,\"caption\":\"Lifter Paypal Extension\"},{\"@type\":\"BreadcrumbList\",\"@id\":\"https:\/\/allwintheme.com\/product\/lifter-paypal-extension\/#breadcrumb\",\"itemListElement\":[{\"@type\":\"ListItem\",\"position\":1,\"name\":\"Home\",\"item\":\"https:\/\/allwintheme.com\/\"},{\"@type\":\"ListItem\",\"position\":2,\"name\":\"Shop\",\"item\":\"https:\/\/allwintheme.com\/shop\/\"},{\"@type\":\"ListItem\",\"position\":3,\"name\":\"Lifter Paypal Extension\"}]},{\"@type\":\"WebSite\",\"@id\":\"https:\/\/allwintheme.com\/#website\",\"url\":\"https:\/\/allwintheme.com\/\",\"name\":\"Allwintheme\",\"description\":\"Download free WordPress themes for every niche. Blogs, business, eCommerce, portfolio, restaurant and more. All themes are GPL licensed and mobile-ready.\",\"potentialAction\":[{\"@type\":\"SearchAction\",\"target\":{\"@type\":\"EntryPoint\",\"urlTemplate\":\"https:\/\/allwintheme.com\/?s={search_term_string}\"},\"query-input\":{\"@type\":\"PropertyValueSpecification\",\"valueRequired\":true,\"valueName\":\"search_term_string\"}}],\"inLanguage\":\"es-CL\"}]}<\/script>\n<!-- \/ Yoast SEO Premium plugin. -->","yoast_head_json":{"title":"Lifter Paypal Extension - AllWin Theme \u2013 Free WordPress Themes Download","description":"Acepta pagos \u00fanicos y recurrentes de PayPal para cursos y membres\u00edas LifterLMS. Integra sin problemas el pago seguro para aumentar las inscripciones.","robots":{"index":"index","follow":"follow","max-snippet":"max-snippet:-1","max-image-preview":"max-image-preview:large","max-video-preview":"max-video-preview:-1"},"canonical":"https:\/\/allwintheme.com\/es\/producto\/extension-lifter-paypal\/","og_locale":"es_ES","og_type":"article","og_title":"Lifter Paypal Extension","og_description":"Accept one-time and recurring PayPal payments for LifterLMS courses and memberships. Seamlessly integrate secure checkout to boost enrollments.","og_url":"https:\/\/allwintheme.com\/es\/producto\/extension-lifter-paypal\/","og_site_name":"AllWin Theme \u2013 Free WordPress Themes Download","article_modified_time":"2025-10-03T13:14:25+00:00","og_image":[{"width":590,"height":300,"url":"https:\/\/allwintheme.com\/wp-content\/uploads\/2025\/10\/6zn393xf.png","type":"image\/png"}],"twitter_card":"summary_large_image","twitter_misc":{"Tiempo estimado de lectura":"2 minutos"},"schema":{"@context":"https:\/\/schema.org","@graph":[{"@type":"WebPage","@id":"https:\/\/allwintheme.com\/product\/lifter-paypal-extension\/","url":"https:\/\/allwintheme.com\/product\/lifter-paypal-extension\/","name":"Lifter Paypal Extension - AllWin Theme \u2013 Free WordPress Themes Download","isPartOf":{"@id":"https:\/\/allwintheme.com\/#website"},"primaryImageOfPage":{"@id":"https:\/\/allwintheme.com\/product\/lifter-paypal-extension\/#primaryimage"},"image":{"@id":"https:\/\/allwintheme.com\/product\/lifter-paypal-extension\/#primaryimage"},"thumbnailUrl":"https:\/\/allwintheme.com\/wp-content\/uploads\/2025\/10\/6zn393xf.png","datePublished":"2025-10-03T13:09:11+00:00","dateModified":"2025-10-03T13:14:25+00:00","description":"Acepta pagos \u00fanicos y recurrentes de PayPal para cursos y membres\u00edas LifterLMS. Integra sin problemas el pago seguro para aumentar las inscripciones.","breadcrumb":{"@id":"https:\/\/allwintheme.com\/product\/lifter-paypal-extension\/#breadcrumb"},"inLanguage":"es-CL","potentialAction":[{"@type":"ReadAction","target":["https:\/\/allwintheme.com\/product\/lifter-paypal-extension\/"]}]},{"@type":"ImageObject","inLanguage":"es-CL","@id":"https:\/\/allwintheme.com\/product\/lifter-paypal-extension\/#primaryimage","url":"https:\/\/allwintheme.com\/wp-content\/uploads\/2025\/10\/6zn393xf.png","contentUrl":"https:\/\/allwintheme.com\/wp-content\/uploads\/2025\/10\/6zn393xf.png","width":590,"height":300,"caption":"Lifter Paypal Extension"},{"@type":"BreadcrumbList","@id":"https:\/\/allwintheme.com\/product\/lifter-paypal-extension\/#breadcrumb","itemListElement":[{"@type":"ListItem","position":1,"name":"Home","item":"https:\/\/allwintheme.com\/"},{"@type":"ListItem","position":2,"name":"Shop","item":"https:\/\/allwintheme.com\/shop\/"},{"@type":"ListItem","position":3,"name":"Lifter Paypal Extension"}]},{"@type":"WebSite","@id":"https:\/\/allwintheme.com\/#website","url":"https:\/\/allwintheme.com\/","name":"Allwintheme","description":"Descarga gratis temas de WordPress para todos los nichos. Blogs, negocios, comercio electr\u00f3nico, portafolio, restaurante y m\u00e1s. Todos los temas tienen licencia GPL y est\u00e1n preparados para dispositivos m\u00f3viles.","potentialAction":[{"@type":"SearchAction","target":{"@type":"EntryPoint","urlTemplate":"https:\/\/allwintheme.com\/?s={search_term_string}"},"query-input":{"@type":"PropertyValueSpecification","valueRequired":true,"valueName":"search_term_string"}}],"inLanguage":"es-CL"}]}},"_links":{"self":[{"href":"https:\/\/allwintheme.com\/es\/wp-json\/wp\/v2\/product\/8954","targetHints":{"allow":["GET"]}}],"collection":[{"href":"https:\/\/allwintheme.com\/es\/wp-json\/wp\/v2\/product"}],"about":[{"href":"https:\/\/allwintheme.com\/es\/wp-json\/wp\/v2\/types\/product"}],"replies":[{"embeddable":true,"href":"https:\/\/allwintheme.com\/es\/wp-json\/wp\/v2\/comments?post=8954"}],"version-history":[{"count":5,"href":"https:\/\/allwintheme.com\/es\/wp-json\/wp\/v2\/product\/8954\/revisions"}],"predecessor-version":[{"id":8959,"href":"https:\/\/allwintheme.com\/es\/wp-json\/wp\/v2\/product\/8954\/revisions\/8959"}],"wp:featuredmedia":[{"embeddable":true,"href":"https:\/\/allwintheme.com\/es\/wp-json\/wp\/v2\/media\/8656"}],"wp:attachment":[{"href":"https:\/\/allwintheme.com\/es\/wp-json\/wp\/v2\/media?parent=8954"}],"wp:term":[{"taxonomy":"product_brand","embeddable":true,"href":"https:\/\/allwintheme.com\/es\/wp-json\/wp\/v2\/product_brand?post=8954"},{"taxonomy":"product_cat","embeddable":true,"href":"https:\/\/allwintheme.com\/es\/wp-json\/wp\/v2\/product_cat?post=8954"},{"taxonomy":"product_tag","embeddable":true,"href":"https:\/\/allwintheme.com\/es\/wp-json\/wp\/v2\/product_tag?post=8954"}],"curies":[{"name":"wp","href":"https:\/\/api.w.org\/{rel}","templated":true}]}}