{"id":8960,"date":"2025-10-03T13:14:49","date_gmt":"2025-10-03T13:14:49","guid":{"rendered":"https:\/\/allwintheme.com\/?post_type=product&#038;p=8960"},"modified":"2025-10-03T13:19:29","modified_gmt":"2025-10-03T13:19:29","slug":"pasarela-de-pago-paypal-express-checkout-para-woocommerc","status":"publish","type":"product","link":"https:\/\/allwintheme.com\/es\/producto\/pasarela-de-pago-paypal-express-checkout-para-woocommerc\/","title":{"rendered":"Pago expr\u00e9s de PayPal para WooCommerce"},"content":{"rendered":"<div data-elementor-type=\"wp-post\" data-elementor-id=\"8960\" class=\"elementor elementor-8960\" data-elementor-settings=\"{&quot;element_pack_global_tooltip_width&quot;:{&quot;unit&quot;:&quot;px&quot;,&quot;size&quot;:&quot;&quot;,&quot;sizes&quot;:[]},&quot;element_pack_global_tooltip_width_tablet&quot;:{&quot;unit&quot;:&quot;px&quot;,&quot;size&quot;:&quot;&quot;,&quot;sizes&quot;:[]},&quot;element_pack_global_tooltip_width_mobile&quot;:{&quot;unit&quot;:&quot;px&quot;,&quot;size&quot;:&quot;&quot;,&quot;sizes&quot;:[]},&quot;element_pack_global_tooltip_padding&quot;:{&quot;unit&quot;:&quot;px&quot;,&quot;top&quot;:&quot;&quot;,&quot;right&quot;:&quot;&quot;,&quot;bottom&quot;:&quot;&quot;,&quot;left&quot;:&quot;&quot;,&quot;isLinked&quot;:true},&quot;element_pack_global_tooltip_padding_tablet&quot;:{&quot;unit&quot;:&quot;px&quot;,&quot;top&quot;:&quot;&quot;,&quot;right&quot;:&quot;&quot;,&quot;bottom&quot;:&quot;&quot;,&quot;left&quot;:&quot;&quot;,&quot;isLinked&quot;:true},&quot;element_pack_global_tooltip_padding_mobile&quot;:{&quot;unit&quot;:&quot;px&quot;,&quot;top&quot;:&quot;&quot;,&quot;right&quot;:&quot;&quot;,&quot;bottom&quot;:&quot;&quot;,&quot;left&quot;:&quot;&quot;,&quot;isLinked&quot;:true},&quot;element_pack_global_tooltip_border_radius&quot;:{&quot;unit&quot;:&quot;px&quot;,&quot;top&quot;:&quot;&quot;,&quot;right&quot;:&quot;&quot;,&quot;bottom&quot;:&quot;&quot;,&quot;left&quot;:&quot;&quot;,&quot;isLinked&quot;:true},&quot;element_pack_global_tooltip_border_radius_tablet&quot;:{&quot;unit&quot;:&quot;px&quot;,&quot;top&quot;:&quot;&quot;,&quot;right&quot;:&quot;&quot;,&quot;bottom&quot;:&quot;&quot;,&quot;left&quot;:&quot;&quot;,&quot;isLinked&quot;:true},&quot;element_pack_global_tooltip_border_radius_mobile&quot;:{&quot;unit&quot;:&quot;px&quot;,&quot;top&quot;:&quot;&quot;,&quot;right&quot;:&quot;&quot;,&quot;bottom&quot;:&quot;&quot;,&quot;left&quot;:&quot;&quot;,&quot;isLinked&quot;:true}}\" data-elementor-post-type=\"product\">\n\t\t\t\t<div class=\"elementor-element elementor-element-93aa4a8 e-con-full e-flex e-con e-parent\" data-id=\"93aa4a8\" data-element_type=\"container\" data-e-type=\"container\">\n\t\t\t\t<div class=\"elementor-element elementor-element-2c3f760 miaoshu elementor-widget elementor-widget-wd_text_block\" data-id=\"2c3f760\" data-element_type=\"widget\" data-e-type=\"widget\" data-widget_type=\"wd_text_block.default\">\n\t\t\t\t<div class=\"elementor-widget-container\">\n\t\t\t\t\t\t\t<div class=\"wd-text-block reset-last-child text-left\">\n\t\t\t\n\t\t\t<h2>Pago expr\u00e9s de PayPal: Agilice los pagos de WooCommerce<\/h2>\n<p>En <strong>Pasarela de pagos de Pago expr\u00e9s de PayPal para WooCommerce<\/strong> permite a su tienda en l\u00ednea aceptar pagos de forma r\u00e1pida y segura. Por ejemplo, los clientes pagan con PayPal, tarjetas de cr\u00e9dito\/d\u00e9bito u opciones de pago aplazado directamente en tu sitio web, lo que reduce el abandono de carritos y aumenta las conversiones. En consecuencia, este plugin se integra perfectamente con WooCommerce, ofreciendo experiencias de pago flexibles que impulsan las ventas.<grok-card data-id=\"acd191\" data-type=\"citation_card\"><\/grok-card><grok-card data-id=\"1688b7\" data-type=\"citation_card\"><\/grok-card><\/p>\n\n<h3>Mejore el proceso de pago con funciones inteligentes<\/h3>\n<p>Los propietarios de tiendas activan Pago expr\u00e9s de PayPal para que los clientes puedan realizar compras desde las p\u00e1ginas de productos o los carros. Adem\u00e1s, el complemento admite botones inteligentes que detectan autom\u00e1ticamente los m\u00e9todos de pago preferidos seg\u00fan la ubicaci\u00f3n o el dispositivo. Como resultado, los usuarios disfrutan de transacciones m\u00e1s r\u00e1pidas sin redirigirlos fuera de su sitio, lo que garantiza una experiencia sin problemas.<grok-card data-id=\"483298\" data-type=\"citation_card\"><\/grok-card><grok-card data-id=\"4a37bd\" data-type=\"citation_card\"><\/grok-card><\/p>\n\n<h3>Principales ventajas y caracter\u00edsticas<\/h3>\n<ul>\n    <li><strong>M\u00faltiples opciones de pago:<\/strong> Acepte PayPal, Venmo, tarjetas de cr\u00e9dito\/d\u00e9bito y m\u00e9todos locales como transferencias bancarias, lo que ofrece flexibilidad a los clientes.<grok-card data-id=\"5e4f89\" data-type=\"citation_card\"><\/grok-card><\/li>\n    <li><strong>Seguro y r\u00e1pido:<\/strong> Procese los pagos sin salir de su sitio web, minimizando la fricci\u00f3n y aumentando la confianza.<grok-card data-id=\"c9efea\" data-type=\"citation_card\"><\/grok-card><\/li>\n    <li><strong>Soporte de suscripci\u00f3n:<\/strong> Integrar con WooCommerce Suscripciones para la facturaci\u00f3n peri\u00f3dica a trav\u00e9s de PayPal Transacciones de referencia.<grok-card data-id=\"dcaf23\" data-type=\"citation_card\"><\/grok-card><\/li>\n    <li><strong>Herramientas de personalizaci\u00f3n:<\/strong> Ajuste los estilos, las posiciones y las ubicaciones de los botones para adaptarlos a su marca y a las preferencias de sus clientes.<grok-card data-id=\"c71f96\" data-type=\"citation_card\"><\/grok-card><\/li>\n    <li><strong>Alcance mundial:<\/strong> Gestione pagos en 26 divisas y ofrezca opciones espec\u00edficas por regi\u00f3n para las ventas internacionales.<grok-card data-id=\"219766\" data-type=\"citation_card\"><\/grok-card><\/li>\n<\/ul>\n\n<h3>F\u00e1cil instalaci\u00f3n para un m\u00e1ximo impacto<\/h3>\n<p>Instala el plugin desde WordPress.org y, a continuaci\u00f3n, config\u00faralo en los ajustes de WooCommerce para conectar tu cuenta PayPal. Por ejemplo, active Pago expr\u00e9s en las p\u00e1ginas de productos para realizar compras con un solo clic. De este modo, agiliza las operaciones al tiempo que ofrece pagos seguros y f\u00e1ciles de usar que impulsan el crecimiento de los ingresos.<grok-card data-id=\"5d6d55\" data-type=\"citation_card\"><\/grok-card><grok-card data-id=\"be1f6b\" data-type=\"citation_card\"><\/grok-card><\/p>\n\n<h3>Transforme su tienda hoy mismo<\/h3>\n<p>Adopte <strong>Pago expr\u00e9s de PayPal para WooCommerce<\/strong> para ofrecer pagos c\u00f3modos y fiables. Al reducir los pasos de pago, mantendr\u00e1 a los clientes comprometidos y satisfechos. Por consiguiente, instale esta pasarela ahora y vea c\u00f3mo prospera su tienda.<grok-card data-id=\"96689f\" data-type=\"citation_card\"><\/grok-card><\/p>\n\t\t\t\t\t<\/div>\n\t\t\t\t\t\t<\/div>\n\t\t\t\t<\/div>\n\t\t\t\t<\/div>\n\t\t\t\t<\/div>","protected":false},"excerpt":{"rendered":"<p>PayPal Express Checkout: Streamline WooCommerce Payments The PayPal Express Checkout Payment Gateway for WooCommerce empowers your online store to accept<\/p>","protected":false},"featured_media":8655,"comment_status":"open","ping_status":"closed","template":"","meta":{"_acf_changed":false},"product_brand":[],"product_cat":[49],"product_tag":[],"class_list":{"0":"post-8960","1":"product","2":"type-product","3":"status-publish","4":"has-post-thumbnail","6":"product_cat-plugins","8":"first","9":"instock","10":"sale","11":"downloadable","12":"shipping-taxable","13":"purchasable","14":"product-type-simple"},"acf":[],"yoast_head":"<!-- This site is optimized with the Yoast SEO Premium plugin v25.6 (Yoast SEO v27.1.1) - https:\/\/yoast.com\/product\/yoast-seo-premium-wordpress\/ -->\n<title>PayPal Express Checkout for WooCommerce - AllWin Theme \u2013 Free WordPress Themes Download<\/title>\n<meta name=\"description\" content=\"Boost WooCommerce sales with PayPal Express Checkout. Accept PayPal, cards, and Pay Later securely without customers leaving your site.\" \/>\n<meta name=\"robots\" content=\"index, follow, max-snippet:-1, max-image-preview:large, max-video-preview:-1\" \/>\n<link rel=\"canonical\" href=\"https:\/\/allwintheme.com\/es\/producto\/pasarela-de-pago-paypal-express-checkout-para-woocommerc\/\" \/>\n<meta property=\"og:locale\" content=\"es_ES\" \/>\n<meta property=\"og:type\" content=\"article\" \/>\n<meta property=\"og:title\" content=\"PayPal Express Checkout for WooCommerce\" \/>\n<meta property=\"og:description\" content=\"Boost WooCommerce sales with PayPal Express Checkout. Accept PayPal, cards, and Pay Later securely without customers leaving your site.\" \/>\n<meta property=\"og:url\" content=\"https:\/\/allwintheme.com\/es\/producto\/pasarela-de-pago-paypal-express-checkout-para-woocommerc\/\" \/>\n<meta property=\"og:site_name\" content=\"AllWin Theme \u2013 Free WordPress Themes Download\" \/>\n<meta property=\"article:modified_time\" content=\"2025-10-03T13:19:29+00:00\" \/>\n<meta property=\"og:image\" content=\"https:\/\/allwintheme.com\/wp-content\/uploads\/2025\/10\/svicj34n.png\" \/>\n\t<meta property=\"og:image:width\" content=\"584\" \/>\n\t<meta property=\"og:image:height\" content=\"241\" \/>\n\t<meta property=\"og:image:type\" content=\"image\/png\" \/>\n<meta name=\"twitter:card\" content=\"summary_large_image\" \/>\n<meta name=\"twitter:label1\" content=\"Tiempo estimado de lectura\" \/>\n\t<meta name=\"twitter:data1\" content=\"2 minutos\" \/>\n<script type=\"application\/ld+json\" class=\"yoast-schema-graph\">{\"@context\":\"https:\/\/schema.org\",\"@graph\":[{\"@type\":\"WebPage\",\"@id\":\"https:\/\/allwintheme.com\/product\/paypal-express-checkout-payment-gateway-for-woocommerc\/\",\"url\":\"https:\/\/allwintheme.com\/product\/paypal-express-checkout-payment-gateway-for-woocommerc\/\",\"name\":\"PayPal Express Checkout for WooCommerce - AllWin Theme \u2013 Free WordPress Themes Download\",\"isPartOf\":{\"@id\":\"https:\/\/allwintheme.com\/#website\"},\"primaryImageOfPage\":{\"@id\":\"https:\/\/allwintheme.com\/product\/paypal-express-checkout-payment-gateway-for-woocommerc\/#primaryimage\"},\"image\":{\"@id\":\"https:\/\/allwintheme.com\/product\/paypal-express-checkout-payment-gateway-for-woocommerc\/#primaryimage\"},\"thumbnailUrl\":\"https:\/\/allwintheme.com\/wp-content\/uploads\/2025\/10\/svicj34n.png\",\"datePublished\":\"2025-10-03T13:14:49+00:00\",\"dateModified\":\"2025-10-03T13:19:29+00:00\",\"description\":\"Boost WooCommerce sales with PayPal Express Checkout. Accept PayPal, cards, and Pay Later securely without customers leaving your site.\",\"breadcrumb\":{\"@id\":\"https:\/\/allwintheme.com\/product\/paypal-express-checkout-payment-gateway-for-woocommerc\/#breadcrumb\"},\"inLanguage\":\"es-CL\",\"potentialAction\":[{\"@type\":\"ReadAction\",\"target\":[\"https:\/\/allwintheme.com\/product\/paypal-express-checkout-payment-gateway-for-woocommerc\/\"]}]},{\"@type\":\"ImageObject\",\"inLanguage\":\"es-CL\",\"@id\":\"https:\/\/allwintheme.com\/product\/paypal-express-checkout-payment-gateway-for-woocommerc\/#primaryimage\",\"url\":\"https:\/\/allwintheme.com\/wp-content\/uploads\/2025\/10\/svicj34n.png\",\"contentUrl\":\"https:\/\/allwintheme.com\/wp-content\/uploads\/2025\/10\/svicj34n.png\",\"width\":584,\"height\":241,\"caption\":\"PayPal Express Checkout Payment Gateway for WooCommerc\"},{\"@type\":\"BreadcrumbList\",\"@id\":\"https:\/\/allwintheme.com\/product\/paypal-express-checkout-payment-gateway-for-woocommerc\/#breadcrumb\",\"itemListElement\":[{\"@type\":\"ListItem\",\"position\":1,\"name\":\"Home\",\"item\":\"https:\/\/allwintheme.com\/\"},{\"@type\":\"ListItem\",\"position\":2,\"name\":\"Shop\",\"item\":\"https:\/\/allwintheme.com\/shop\/\"},{\"@type\":\"ListItem\",\"position\":3,\"name\":\"PayPal Express Checkout for WooCommerce\"}]},{\"@type\":\"WebSite\",\"@id\":\"https:\/\/allwintheme.com\/#website\",\"url\":\"https:\/\/allwintheme.com\/\",\"name\":\"Allwintheme\",\"description\":\"Download free WordPress themes for every niche. Blogs, business, eCommerce, portfolio, restaurant and more. All themes are GPL licensed and mobile-ready.\",\"potentialAction\":[{\"@type\":\"SearchAction\",\"target\":{\"@type\":\"EntryPoint\",\"urlTemplate\":\"https:\/\/allwintheme.com\/?s={search_term_string}\"},\"query-input\":{\"@type\":\"PropertyValueSpecification\",\"valueRequired\":true,\"valueName\":\"search_term_string\"}}],\"inLanguage\":\"es-CL\"}]}<\/script>\n<!-- \/ Yoast SEO Premium plugin. -->","yoast_head_json":{"title":"PayPal Express Checkout for WooCommerce - AllWin Theme \u2013 Free WordPress Themes Download","description":"Aumente las ventas de WooCommerce con Pago expr\u00e9s de PayPal. Acepta PayPal, tarjetas y Pay Later de forma segura sin que los clientes salgan de tu sitio.","robots":{"index":"index","follow":"follow","max-snippet":"max-snippet:-1","max-image-preview":"max-image-preview:large","max-video-preview":"max-video-preview:-1"},"canonical":"https:\/\/allwintheme.com\/es\/producto\/pasarela-de-pago-paypal-express-checkout-para-woocommerc\/","og_locale":"es_ES","og_type":"article","og_title":"PayPal Express Checkout for WooCommerce","og_description":"Boost WooCommerce sales with PayPal Express Checkout. Accept PayPal, cards, and Pay Later securely without customers leaving your site.","og_url":"https:\/\/allwintheme.com\/es\/producto\/pasarela-de-pago-paypal-express-checkout-para-woocommerc\/","og_site_name":"AllWin Theme \u2013 Free WordPress Themes Download","article_modified_time":"2025-10-03T13:19:29+00:00","og_image":[{"width":584,"height":241,"url":"https:\/\/allwintheme.com\/wp-content\/uploads\/2025\/10\/svicj34n.png","type":"image\/png"}],"twitter_card":"summary_large_image","twitter_misc":{"Tiempo estimado de lectura":"2 minutos"},"schema":{"@context":"https:\/\/schema.org","@graph":[{"@type":"WebPage","@id":"https:\/\/allwintheme.com\/product\/paypal-express-checkout-payment-gateway-for-woocommerc\/","url":"https:\/\/allwintheme.com\/product\/paypal-express-checkout-payment-gateway-for-woocommerc\/","name":"PayPal Express Checkout for WooCommerce - AllWin Theme \u2013 Free WordPress Themes Download","isPartOf":{"@id":"https:\/\/allwintheme.com\/#website"},"primaryImageOfPage":{"@id":"https:\/\/allwintheme.com\/product\/paypal-express-checkout-payment-gateway-for-woocommerc\/#primaryimage"},"image":{"@id":"https:\/\/allwintheme.com\/product\/paypal-express-checkout-payment-gateway-for-woocommerc\/#primaryimage"},"thumbnailUrl":"https:\/\/allwintheme.com\/wp-content\/uploads\/2025\/10\/svicj34n.png","datePublished":"2025-10-03T13:14:49+00:00","dateModified":"2025-10-03T13:19:29+00:00","description":"Aumente las ventas de WooCommerce con Pago expr\u00e9s de PayPal. Acepta PayPal, tarjetas y Pay Later de forma segura sin que los clientes salgan de tu sitio.","breadcrumb":{"@id":"https:\/\/allwintheme.com\/product\/paypal-express-checkout-payment-gateway-for-woocommerc\/#breadcrumb"},"inLanguage":"es-CL","potentialAction":[{"@type":"ReadAction","target":["https:\/\/allwintheme.com\/product\/paypal-express-checkout-payment-gateway-for-woocommerc\/"]}]},{"@type":"ImageObject","inLanguage":"es-CL","@id":"https:\/\/allwintheme.com\/product\/paypal-express-checkout-payment-gateway-for-woocommerc\/#primaryimage","url":"https:\/\/allwintheme.com\/wp-content\/uploads\/2025\/10\/svicj34n.png","contentUrl":"https:\/\/allwintheme.com\/wp-content\/uploads\/2025\/10\/svicj34n.png","width":584,"height":241,"caption":"PayPal Express Checkout Payment Gateway for WooCommerc"},{"@type":"BreadcrumbList","@id":"https:\/\/allwintheme.com\/product\/paypal-express-checkout-payment-gateway-for-woocommerc\/#breadcrumb","itemListElement":[{"@type":"ListItem","position":1,"name":"Home","item":"https:\/\/allwintheme.com\/"},{"@type":"ListItem","position":2,"name":"Shop","item":"https:\/\/allwintheme.com\/shop\/"},{"@type":"ListItem","position":3,"name":"PayPal Express Checkout for WooCommerce"}]},{"@type":"WebSite","@id":"https:\/\/allwintheme.com\/#website","url":"https:\/\/allwintheme.com\/","name":"Allwintheme","description":"Descarga gratis temas de WordPress para todos los nichos. Blogs, negocios, comercio electr\u00f3nico, portafolio, restaurante y m\u00e1s. Todos los temas tienen licencia GPL y est\u00e1n preparados para dispositivos m\u00f3viles.","potentialAction":[{"@type":"SearchAction","target":{"@type":"EntryPoint","urlTemplate":"https:\/\/allwintheme.com\/?s={search_term_string}"},"query-input":{"@type":"PropertyValueSpecification","valueRequired":true,"valueName":"search_term_string"}}],"inLanguage":"es-CL"}]}},"_links":{"self":[{"href":"https:\/\/allwintheme.com\/es\/wp-json\/wp\/v2\/product\/8960","targetHints":{"allow":["GET"]}}],"collection":[{"href":"https:\/\/allwintheme.com\/es\/wp-json\/wp\/v2\/product"}],"about":[{"href":"https:\/\/allwintheme.com\/es\/wp-json\/wp\/v2\/types\/product"}],"replies":[{"embeddable":true,"href":"https:\/\/allwintheme.com\/es\/wp-json\/wp\/v2\/comments?post=8960"}],"version-history":[{"count":5,"href":"https:\/\/allwintheme.com\/es\/wp-json\/wp\/v2\/product\/8960\/revisions"}],"predecessor-version":[{"id":8965,"href":"https:\/\/allwintheme.com\/es\/wp-json\/wp\/v2\/product\/8960\/revisions\/8965"}],"wp:featuredmedia":[{"embeddable":true,"href":"https:\/\/allwintheme.com\/es\/wp-json\/wp\/v2\/media\/8655"}],"wp:attachment":[{"href":"https:\/\/allwintheme.com\/es\/wp-json\/wp\/v2\/media?parent=8960"}],"wp:term":[{"taxonomy":"product_brand","embeddable":true,"href":"https:\/\/allwintheme.com\/es\/wp-json\/wp\/v2\/product_brand?post=8960"},{"taxonomy":"product_cat","embeddable":true,"href":"https:\/\/allwintheme.com\/es\/wp-json\/wp\/v2\/product_cat?post=8960"},{"taxonomy":"product_tag","embeddable":true,"href":"https:\/\/allwintheme.com\/es\/wp-json\/wp\/v2\/product_tag?post=8960"}],"curies":[{"name":"wp","href":"https:\/\/api.w.org\/{rel}","templated":true}]}}