{"id":8966,"date":"2025-10-03T13:19:44","date_gmt":"2025-10-03T13:19:44","guid":{"rendered":"https:\/\/allwintheme.com\/?post_type=product&#038;p=8966"},"modified":"2025-10-03T13:25:25","modified_gmt":"2025-10-03T13:25:25","slug":"formularios-everest-estandar-paypal","status":"publish","type":"product","link":"https:\/\/allwintheme.com\/es\/producto\/formularios-everest-estandar-paypal\/","title":{"rendered":"Formularios Everest - PayPal Est\u00e1ndar"},"content":{"rendered":"<div data-elementor-type=\"wp-post\" data-elementor-id=\"8966\" class=\"elementor elementor-8966\" data-elementor-settings=\"{&quot;element_pack_global_tooltip_width&quot;:{&quot;unit&quot;:&quot;px&quot;,&quot;size&quot;:&quot;&quot;,&quot;sizes&quot;:[]},&quot;element_pack_global_tooltip_width_tablet&quot;:{&quot;unit&quot;:&quot;px&quot;,&quot;size&quot;:&quot;&quot;,&quot;sizes&quot;:[]},&quot;element_pack_global_tooltip_width_mobile&quot;:{&quot;unit&quot;:&quot;px&quot;,&quot;size&quot;:&quot;&quot;,&quot;sizes&quot;:[]},&quot;element_pack_global_tooltip_padding&quot;:{&quot;unit&quot;:&quot;px&quot;,&quot;top&quot;:&quot;&quot;,&quot;right&quot;:&quot;&quot;,&quot;bottom&quot;:&quot;&quot;,&quot;left&quot;:&quot;&quot;,&quot;isLinked&quot;:true},&quot;element_pack_global_tooltip_padding_tablet&quot;:{&quot;unit&quot;:&quot;px&quot;,&quot;top&quot;:&quot;&quot;,&quot;right&quot;:&quot;&quot;,&quot;bottom&quot;:&quot;&quot;,&quot;left&quot;:&quot;&quot;,&quot;isLinked&quot;:true},&quot;element_pack_global_tooltip_padding_mobile&quot;:{&quot;unit&quot;:&quot;px&quot;,&quot;top&quot;:&quot;&quot;,&quot;right&quot;:&quot;&quot;,&quot;bottom&quot;:&quot;&quot;,&quot;left&quot;:&quot;&quot;,&quot;isLinked&quot;:true},&quot;element_pack_global_tooltip_border_radius&quot;:{&quot;unit&quot;:&quot;px&quot;,&quot;top&quot;:&quot;&quot;,&quot;right&quot;:&quot;&quot;,&quot;bottom&quot;:&quot;&quot;,&quot;left&quot;:&quot;&quot;,&quot;isLinked&quot;:true},&quot;element_pack_global_tooltip_border_radius_tablet&quot;:{&quot;unit&quot;:&quot;px&quot;,&quot;top&quot;:&quot;&quot;,&quot;right&quot;:&quot;&quot;,&quot;bottom&quot;:&quot;&quot;,&quot;left&quot;:&quot;&quot;,&quot;isLinked&quot;:true},&quot;element_pack_global_tooltip_border_radius_mobile&quot;:{&quot;unit&quot;:&quot;px&quot;,&quot;top&quot;:&quot;&quot;,&quot;right&quot;:&quot;&quot;,&quot;bottom&quot;:&quot;&quot;,&quot;left&quot;:&quot;&quot;,&quot;isLinked&quot;:true}}\" data-elementor-post-type=\"product\">\n\t\t\t\t<div class=\"elementor-element elementor-element-93aa4a8 e-con-full e-flex e-con e-parent\" data-id=\"93aa4a8\" data-element_type=\"container\" data-e-type=\"container\">\n\t\t\t\t<div class=\"elementor-element elementor-element-2c3f760 miaoshu elementor-widget elementor-widget-wd_text_block\" data-id=\"2c3f760\" data-element_type=\"widget\" data-e-type=\"widget\" data-widget_type=\"wd_text_block.default\">\n\t\t\t\t<div class=\"elementor-widget-container\">\n\t\t\t\t\t\t\t<div class=\"wd-text-block reset-last-child text-left\">\n\t\t\t\n\t\t\t<h2>Formularios Everest - PayPal Est\u00e1ndar: Simplifique los pagos en l\u00ednea<\/h2>\n<p>En <strong>Formularios Everest PayPal Est\u00e1ndar<\/strong> le permite integrar PayPal directamente en sus formularios de WordPress. Por ejemplo, los propietarios de sitios habilitan r\u00e1pidamente pagos seguros para registros, donaciones o pedidos sin necesidad de datos de tarjetas de cr\u00e9dito: los usuarios solo tienen que pagar a trav\u00e9s de su correo electr\u00f3nico de PayPal conectado.<grok-card data-id=\"bf34c2\" data-type=\"citation_card\"><\/grok-card> Por consiguiente, esta configuraci\u00f3n agiliza las transacciones y aumenta la comodidad del usuario en su sitio web.<\/p>\n\n<h3>Integraci\u00f3n y configuraci\u00f3n sin esfuerzo<\/h3>\n<p>Usted instala el complemento despu\u00e9s de activar Everest Forms Pro, a continuaci\u00f3n, configurarlo en la configuraci\u00f3n de pagos. Por ejemplo, habilite PayPal, a\u00f1ada campos de pago como opciones \u00fanicas o m\u00faltiples a su creador de formularios y pru\u00e9belo a trav\u00e9s del modo sandbox antes de lanzarlo.<grok-card data-id=\"076589\" data-type=\"citation_card\"><\/grok-card> De este modo, se minimizan los riesgos y se garantiza un funcionamiento sin problemas desde el principio.<\/p>\n\n<h3>Caracter\u00edsticas principales de los pagos flexibles<\/h3>\n<ul>\n    <li><strong>Cobro seguro:<\/strong> Los usuarios pagan f\u00e1cilmente sin datos de tarjeta, apoyando las donaciones y las cuotas.<grok-card data-id=\"e90c76\" data-type=\"citation_card\"><\/grok-card><\/li>\n    <li><strong>Pagos peri\u00f3dicos:<\/strong> Configure la facturaci\u00f3n peri\u00f3dica de suscripciones o afiliaciones.<grok-card data-id=\"c52f7f\" data-type=\"citation_card\"><\/grok-card><\/li>\n    <li><strong>M\u00faltiples opciones de pasarela:<\/strong> Combine con Stripe utilizando l\u00f3gica condicional y campos de elecci\u00f3n para pagos seleccionados por el usuario.<grok-card data-id=\"05fbcb\" data-type=\"citation_card\"><\/grok-card><\/li>\n    <li><strong>F\u00e1cil personalizaci\u00f3n:<\/strong> A\u00f1ada campos, establezca divisas y despliegue formularios mediante arrastrar y soltar para cualquier caso de uso.<grok-card data-id=\"3e39a4\" data-type=\"citation_card\"><\/grok-card><\/li>\n<\/ul>\n\n<h3>Mejore sus formularios con transacciones fiables<\/h3>\n<p>Adem\u00e1s, el constructor intuitivo de Everest Forms permite a los principiantes crear formularios de pago profesionales r\u00e1pidamente. Por lo tanto, tanto si organizas eventos, comercio electr\u00f3nico o actividades sin \u00e1nimo de lucro, este complemento gestiona los pagos de forma segura a la vez que se integra a la perfecci\u00f3n con otras herramientas.<grok-card data-id=\"fbe148\" data-type=\"citation_card\"><\/grok-card> Empiece a cobrar hoy mismo y c\u00e9ntrese en hacer crecer su negocio.<\/p>\n\t\t\t\t\t<\/div>\n\t\t\t\t\t\t<\/div>\n\t\t\t\t<\/div>\n\t\t\t\t<\/div>\n\t\t\t\t<\/div>","protected":false},"excerpt":{"rendered":"<p>Everest Forms \u2013 PayPal Standard: Simplify Online Payments The Everest Forms PayPal Standard add-on empowers you to integrate PayPal directly<\/p>","protected":false},"featured_media":8654,"comment_status":"open","ping_status":"closed","template":"","meta":{"_acf_changed":false},"product_brand":[],"product_cat":[49],"product_tag":[],"class_list":{"0":"post-8966","1":"product","2":"type-product","3":"status-publish","4":"has-post-thumbnail","6":"product_cat-plugins","8":"first","9":"instock","10":"sale","11":"downloadable","12":"shipping-taxable","13":"purchasable","14":"product-type-simple"},"acf":[],"yoast_head":"<!-- This site is optimized with the Yoast SEO Premium plugin v25.6 (Yoast SEO v27.1.1) - https:\/\/yoast.com\/product\/yoast-seo-premium-wordpress\/ -->\n<title>Everest Forms \u2013 PayPal Standard - AllWin Theme \u2013 Free WordPress Themes Download<\/title>\n<meta name=\"description\" content=\"Integrate PayPal Standard with Everest Forms for seamless payments. Accept donations, registrations, and recurring fees effortlessly.\" \/>\n<meta name=\"robots\" content=\"index, follow, max-snippet:-1, max-image-preview:large, max-video-preview:-1\" \/>\n<link rel=\"canonical\" href=\"https:\/\/allwintheme.com\/es\/producto\/formularios-everest-estandar-paypal\/\" \/>\n<meta property=\"og:locale\" content=\"es_ES\" \/>\n<meta property=\"og:type\" content=\"article\" \/>\n<meta property=\"og:title\" content=\"Everest Forms \u2013 PayPal Standard\" \/>\n<meta property=\"og:description\" content=\"Integrate PayPal Standard with Everest Forms for seamless payments. Accept donations, registrations, and recurring fees effortlessly.\" \/>\n<meta property=\"og:url\" content=\"https:\/\/allwintheme.com\/es\/producto\/formularios-everest-estandar-paypal\/\" \/>\n<meta property=\"og:site_name\" content=\"AllWin Theme \u2013 Free WordPress Themes Download\" \/>\n<meta property=\"article:modified_time\" content=\"2025-10-03T13:25:25+00:00\" \/>\n<meta property=\"og:image\" content=\"https:\/\/allwintheme.com\/wp-content\/uploads\/2025\/10\/x23lofwc.png\" \/>\n\t<meta property=\"og:image:width\" content=\"342\" \/>\n\t<meta property=\"og:image:height\" content=\"148\" \/>\n\t<meta property=\"og:image:type\" content=\"image\/png\" \/>\n<meta name=\"twitter:card\" content=\"summary_large_image\" \/>\n<meta name=\"twitter:label1\" content=\"Tiempo estimado de lectura\" \/>\n\t<meta name=\"twitter:data1\" content=\"2 minutos\" \/>\n<script type=\"application\/ld+json\" class=\"yoast-schema-graph\">{\"@context\":\"https:\/\/schema.org\",\"@graph\":[{\"@type\":\"WebPage\",\"@id\":\"https:\/\/allwintheme.com\/product\/everest-forms-paypal-standard\/\",\"url\":\"https:\/\/allwintheme.com\/product\/everest-forms-paypal-standard\/\",\"name\":\"Everest Forms \u2013 PayPal Standard - AllWin Theme \u2013 Free WordPress Themes Download\",\"isPartOf\":{\"@id\":\"https:\/\/allwintheme.com\/#website\"},\"primaryImageOfPage\":{\"@id\":\"https:\/\/allwintheme.com\/product\/everest-forms-paypal-standard\/#primaryimage\"},\"image\":{\"@id\":\"https:\/\/allwintheme.com\/product\/everest-forms-paypal-standard\/#primaryimage\"},\"thumbnailUrl\":\"https:\/\/allwintheme.com\/wp-content\/uploads\/2025\/10\/x23lofwc.png\",\"datePublished\":\"2025-10-03T13:19:44+00:00\",\"dateModified\":\"2025-10-03T13:25:25+00:00\",\"description\":\"Integrate PayPal Standard with Everest Forms for seamless payments. Accept donations, registrations, and recurring fees effortlessly.\",\"breadcrumb\":{\"@id\":\"https:\/\/allwintheme.com\/product\/everest-forms-paypal-standard\/#breadcrumb\"},\"inLanguage\":\"es-CL\",\"potentialAction\":[{\"@type\":\"ReadAction\",\"target\":[\"https:\/\/allwintheme.com\/product\/everest-forms-paypal-standard\/\"]}]},{\"@type\":\"ImageObject\",\"inLanguage\":\"es-CL\",\"@id\":\"https:\/\/allwintheme.com\/product\/everest-forms-paypal-standard\/#primaryimage\",\"url\":\"https:\/\/allwintheme.com\/wp-content\/uploads\/2025\/10\/x23lofwc.png\",\"contentUrl\":\"https:\/\/allwintheme.com\/wp-content\/uploads\/2025\/10\/x23lofwc.png\",\"width\":342,\"height\":148,\"caption\":\"Everest Forms \u2013 PayPal Standard\"},{\"@type\":\"BreadcrumbList\",\"@id\":\"https:\/\/allwintheme.com\/product\/everest-forms-paypal-standard\/#breadcrumb\",\"itemListElement\":[{\"@type\":\"ListItem\",\"position\":1,\"name\":\"Home\",\"item\":\"https:\/\/allwintheme.com\/\"},{\"@type\":\"ListItem\",\"position\":2,\"name\":\"Shop\",\"item\":\"https:\/\/allwintheme.com\/shop\/\"},{\"@type\":\"ListItem\",\"position\":3,\"name\":\"Everest Forms \u2013 PayPal Standard\"}]},{\"@type\":\"WebSite\",\"@id\":\"https:\/\/allwintheme.com\/#website\",\"url\":\"https:\/\/allwintheme.com\/\",\"name\":\"Allwintheme\",\"description\":\"Download free WordPress themes for every niche. Blogs, business, eCommerce, portfolio, restaurant and more. All themes are GPL licensed and mobile-ready.\",\"potentialAction\":[{\"@type\":\"SearchAction\",\"target\":{\"@type\":\"EntryPoint\",\"urlTemplate\":\"https:\/\/allwintheme.com\/?s={search_term_string}\"},\"query-input\":{\"@type\":\"PropertyValueSpecification\",\"valueRequired\":true,\"valueName\":\"search_term_string\"}}],\"inLanguage\":\"es-CL\"}]}<\/script>\n<!-- \/ Yoast SEO Premium plugin. -->","yoast_head_json":{"title":"Everest Forms - PayPal Standard - AllWin Theme - Free WordPress Themes Download","description":"Integre PayPal Est\u00e1ndar con Everest Forms para realizar pagos sin problemas. Acepte donaciones, inscripciones y cuotas peri\u00f3dicas sin esfuerzo.","robots":{"index":"index","follow":"follow","max-snippet":"max-snippet:-1","max-image-preview":"max-image-preview:large","max-video-preview":"max-video-preview:-1"},"canonical":"https:\/\/allwintheme.com\/es\/producto\/formularios-everest-estandar-paypal\/","og_locale":"es_ES","og_type":"article","og_title":"Everest Forms \u2013 PayPal Standard","og_description":"Integrate PayPal Standard with Everest Forms for seamless payments. Accept donations, registrations, and recurring fees effortlessly.","og_url":"https:\/\/allwintheme.com\/es\/producto\/formularios-everest-estandar-paypal\/","og_site_name":"AllWin Theme \u2013 Free WordPress Themes Download","article_modified_time":"2025-10-03T13:25:25+00:00","og_image":[{"width":342,"height":148,"url":"https:\/\/allwintheme.com\/wp-content\/uploads\/2025\/10\/x23lofwc.png","type":"image\/png"}],"twitter_card":"summary_large_image","twitter_misc":{"Tiempo estimado de lectura":"2 minutos"},"schema":{"@context":"https:\/\/schema.org","@graph":[{"@type":"WebPage","@id":"https:\/\/allwintheme.com\/product\/everest-forms-paypal-standard\/","url":"https:\/\/allwintheme.com\/product\/everest-forms-paypal-standard\/","name":"Everest Forms - PayPal Standard - AllWin Theme - Free WordPress Themes Download","isPartOf":{"@id":"https:\/\/allwintheme.com\/#website"},"primaryImageOfPage":{"@id":"https:\/\/allwintheme.com\/product\/everest-forms-paypal-standard\/#primaryimage"},"image":{"@id":"https:\/\/allwintheme.com\/product\/everest-forms-paypal-standard\/#primaryimage"},"thumbnailUrl":"https:\/\/allwintheme.com\/wp-content\/uploads\/2025\/10\/x23lofwc.png","datePublished":"2025-10-03T13:19:44+00:00","dateModified":"2025-10-03T13:25:25+00:00","description":"Integre PayPal Est\u00e1ndar con Everest Forms para realizar pagos sin problemas. Acepte donaciones, inscripciones y cuotas peri\u00f3dicas sin esfuerzo.","breadcrumb":{"@id":"https:\/\/allwintheme.com\/product\/everest-forms-paypal-standard\/#breadcrumb"},"inLanguage":"es-CL","potentialAction":[{"@type":"ReadAction","target":["https:\/\/allwintheme.com\/product\/everest-forms-paypal-standard\/"]}]},{"@type":"ImageObject","inLanguage":"es-CL","@id":"https:\/\/allwintheme.com\/product\/everest-forms-paypal-standard\/#primaryimage","url":"https:\/\/allwintheme.com\/wp-content\/uploads\/2025\/10\/x23lofwc.png","contentUrl":"https:\/\/allwintheme.com\/wp-content\/uploads\/2025\/10\/x23lofwc.png","width":342,"height":148,"caption":"Everest Forms \u2013 PayPal Standard"},{"@type":"BreadcrumbList","@id":"https:\/\/allwintheme.com\/product\/everest-forms-paypal-standard\/#breadcrumb","itemListElement":[{"@type":"ListItem","position":1,"name":"Home","item":"https:\/\/allwintheme.com\/"},{"@type":"ListItem","position":2,"name":"Shop","item":"https:\/\/allwintheme.com\/shop\/"},{"@type":"ListItem","position":3,"name":"Everest Forms \u2013 PayPal Standard"}]},{"@type":"WebSite","@id":"https:\/\/allwintheme.com\/#website","url":"https:\/\/allwintheme.com\/","name":"Allwintheme","description":"Descarga gratis temas de WordPress para todos los nichos. Blogs, negocios, comercio electr\u00f3nico, portafolio, restaurante y m\u00e1s. Todos los temas tienen licencia GPL y est\u00e1n preparados para dispositivos m\u00f3viles.","potentialAction":[{"@type":"SearchAction","target":{"@type":"EntryPoint","urlTemplate":"https:\/\/allwintheme.com\/?s={search_term_string}"},"query-input":{"@type":"PropertyValueSpecification","valueRequired":true,"valueName":"search_term_string"}}],"inLanguage":"es-CL"}]}},"_links":{"self":[{"href":"https:\/\/allwintheme.com\/es\/wp-json\/wp\/v2\/product\/8966","targetHints":{"allow":["GET"]}}],"collection":[{"href":"https:\/\/allwintheme.com\/es\/wp-json\/wp\/v2\/product"}],"about":[{"href":"https:\/\/allwintheme.com\/es\/wp-json\/wp\/v2\/types\/product"}],"replies":[{"embeddable":true,"href":"https:\/\/allwintheme.com\/es\/wp-json\/wp\/v2\/comments?post=8966"}],"version-history":[{"count":5,"href":"https:\/\/allwintheme.com\/es\/wp-json\/wp\/v2\/product\/8966\/revisions"}],"predecessor-version":[{"id":8971,"href":"https:\/\/allwintheme.com\/es\/wp-json\/wp\/v2\/product\/8966\/revisions\/8971"}],"wp:featuredmedia":[{"embeddable":true,"href":"https:\/\/allwintheme.com\/es\/wp-json\/wp\/v2\/media\/8654"}],"wp:attachment":[{"href":"https:\/\/allwintheme.com\/es\/wp-json\/wp\/v2\/media?parent=8966"}],"wp:term":[{"taxonomy":"product_brand","embeddable":true,"href":"https:\/\/allwintheme.com\/es\/wp-json\/wp\/v2\/product_brand?post=8966"},{"taxonomy":"product_cat","embeddable":true,"href":"https:\/\/allwintheme.com\/es\/wp-json\/wp\/v2\/product_cat?post=8966"},{"taxonomy":"product_tag","embeddable":true,"href":"https:\/\/allwintheme.com\/es\/wp-json\/wp\/v2\/product_tag?post=8966"}],"curies":[{"name":"wp","href":"https:\/\/api.w.org\/{rel}","templated":true}]}}