{"id":8972,"date":"2025-10-03T13:25:57","date_gmt":"2025-10-03T13:25:57","guid":{"rendered":"https:\/\/allwintheme.com\/?post_type=product&#038;p=8972"},"modified":"2025-10-03T13:36:23","modified_gmt":"2025-10-03T13:36:23","slug":"wp-area-de-clientes-pasarela-paypal","status":"publish","type":"product","link":"https:\/\/allwintheme.com\/es\/producto\/wp-area-de-clientes-pasarela-paypal\/","title":{"rendered":"\u00c1rea de clientes WP - Pasarela PayPal"},"content":{"rendered":"<div data-elementor-type=\"wp-post\" data-elementor-id=\"8972\" class=\"elementor elementor-8972\" data-elementor-settings=\"{&quot;element_pack_global_tooltip_width&quot;:{&quot;unit&quot;:&quot;px&quot;,&quot;size&quot;:&quot;&quot;,&quot;sizes&quot;:[]},&quot;element_pack_global_tooltip_width_tablet&quot;:{&quot;unit&quot;:&quot;px&quot;,&quot;size&quot;:&quot;&quot;,&quot;sizes&quot;:[]},&quot;element_pack_global_tooltip_width_mobile&quot;:{&quot;unit&quot;:&quot;px&quot;,&quot;size&quot;:&quot;&quot;,&quot;sizes&quot;:[]},&quot;element_pack_global_tooltip_padding&quot;:{&quot;unit&quot;:&quot;px&quot;,&quot;top&quot;:&quot;&quot;,&quot;right&quot;:&quot;&quot;,&quot;bottom&quot;:&quot;&quot;,&quot;left&quot;:&quot;&quot;,&quot;isLinked&quot;:true},&quot;element_pack_global_tooltip_padding_tablet&quot;:{&quot;unit&quot;:&quot;px&quot;,&quot;top&quot;:&quot;&quot;,&quot;right&quot;:&quot;&quot;,&quot;bottom&quot;:&quot;&quot;,&quot;left&quot;:&quot;&quot;,&quot;isLinked&quot;:true},&quot;element_pack_global_tooltip_padding_mobile&quot;:{&quot;unit&quot;:&quot;px&quot;,&quot;top&quot;:&quot;&quot;,&quot;right&quot;:&quot;&quot;,&quot;bottom&quot;:&quot;&quot;,&quot;left&quot;:&quot;&quot;,&quot;isLinked&quot;:true},&quot;element_pack_global_tooltip_border_radius&quot;:{&quot;unit&quot;:&quot;px&quot;,&quot;top&quot;:&quot;&quot;,&quot;right&quot;:&quot;&quot;,&quot;bottom&quot;:&quot;&quot;,&quot;left&quot;:&quot;&quot;,&quot;isLinked&quot;:true},&quot;element_pack_global_tooltip_border_radius_tablet&quot;:{&quot;unit&quot;:&quot;px&quot;,&quot;top&quot;:&quot;&quot;,&quot;right&quot;:&quot;&quot;,&quot;bottom&quot;:&quot;&quot;,&quot;left&quot;:&quot;&quot;,&quot;isLinked&quot;:true},&quot;element_pack_global_tooltip_border_radius_mobile&quot;:{&quot;unit&quot;:&quot;px&quot;,&quot;top&quot;:&quot;&quot;,&quot;right&quot;:&quot;&quot;,&quot;bottom&quot;:&quot;&quot;,&quot;left&quot;:&quot;&quot;,&quot;isLinked&quot;:true}}\" data-elementor-post-type=\"product\">\n\t\t\t\t<div class=\"elementor-element elementor-element-93aa4a8 e-con-full e-flex e-con e-parent\" data-id=\"93aa4a8\" data-element_type=\"container\" data-e-type=\"container\">\n\t\t\t\t<div class=\"elementor-element elementor-element-2c3f760 miaoshu elementor-widget elementor-widget-wd_text_block\" data-id=\"2c3f760\" data-element_type=\"widget\" data-e-type=\"widget\" data-widget_type=\"wd_text_block.default\">\n\t\t\t\t<div class=\"elementor-widget-container\">\n\t\t\t\t\t\t\t<div class=\"wd-text-block reset-last-child text-left\">\n\t\t\t\n\t\t\t<h2>\u00c1rea de clientes WP - Pasarela PayPal: Pago seguro de facturas<\/h2>\n<p><strong>\u00c1rea de clientes WP - Pasarela PayPal<\/strong> permite a sus usuarios pagar las facturas asignadas directamente a trav\u00e9s de PayPal. Por ejemplo, este complemento se integra perfectamente con el \u00c1rea de clientes de WP, de modo que los clientes se redirigen al sitio seguro de PayPal para realizar las transacciones. En consecuencia, usted agiliza la facturaci\u00f3n a la vez que mantiene la confianza y la eficacia.<grok-card data-id=\"c008a0\" data-type=\"citation_card\"><\/grok-card><grok-card data-id=\"566eec\" data-type=\"citation_card\"><\/grok-card><\/p>\n\n<h3>Instalaci\u00f3n e integraci\u00f3n sin esfuerzo<\/h3>\n<p>Los propietarios de sitios web instalan y activan el complemento PayPal Gateway como cualquier plugin de WordPress. A continuaci\u00f3n, navegan hasta Ajustes \u2192 \u00c1rea de cliente de WP \u2192 Pagos \u2192 PayPal para activar la pasarela y a\u00f1adir su correo electr\u00f3nico de PayPal. Adem\u00e1s, para una comunicaci\u00f3n fluida, los usuarios configuran Notificaciones de pago instant\u00e1neas (IPN) a trav\u00e9s de la cuenta Business de PayPal. De este modo, PayPal actualiza autom\u00e1ticamente el estado de las facturas cuando los pagos se realizan correctamente.<grok-card data-id=\"dca7fc\" data-type=\"citation_card\"><\/grok-card><grok-card data-id=\"10f2e4\" data-type=\"citation_card\"><\/grok-card><\/p>\n\n<h3>Principales caracter\u00edsticas y ventajas<\/h3>\n<ul>\n    <li><strong>Redirecci\u00f3n segura:<\/strong> Los usuarios completan los pagos en la plataforma de confianza de PayPal, lo que aumenta la seguridad y la familiaridad.<\/li>\n    <li><strong>Soporte IPN:<\/strong> PayPal notifica a su sitio los resultados de las transacciones, por lo que las facturas se actualizan autom\u00e1ticamente sin intervenci\u00f3n manual.<\/li>\n    <li><strong>Pruebas sencillas:<\/strong> Active el modo de prueba en los ajustes para simular pagos y verificar la funcionalidad antes de ponerlo en marcha.<\/li>\n    <li><strong>Registro de errores:<\/strong> Active el registro para solucionar problemas y garantizar un rendimiento fiable.<\/li>\n    <li><strong>Iconos personalizados:<\/strong> Utilice los iconos de pago incluidos o ampl\u00edelos con el complemento Design Extras para obtener elementos visuales de marca.<\/li>\n<\/ul>\n\n<h3>\u00bfPor qu\u00e9 integrar PayPal con el \u00e1rea de clientes de WP?<\/h3>\n<p>Esta pasarela simplifica el pago de facturas en l\u00ednea de servicios o productos. Por ejemplo, cree una factura, as\u00edgnela a un cliente y perm\u00edtale pagar a trav\u00e9s de PayPal desde el frontend. Por lo tanto, reduce los retrasos en los pagos y aumenta la satisfacci\u00f3n del cliente. Adem\u00e1s, requiere una cuenta PayPal est\u00e1ndar o de empresa, por lo que es accesible para la mayor\u00eda de los usuarios.<grok-card data-id=\"44a2da\" data-type=\"citation_card\"><\/grok-card><\/p>\n\n<h3>Empiece a aceptar pagos de PayPal hoy mismo<\/h3>\n<p>Mejore su \u00e1rea de clientes WP con el <strong>Pasarela PayPal<\/strong> complemento. Al permitir transacciones r\u00e1pidas y seguras, ayuda a los clientes a pagar las facturas sin esfuerzo. Inst\u00e1lelo ahora para transformar su proceso de facturaci\u00f3n y centrarse en el crecimiento de su negocio.<grok-card data-id=\"e3bfcd\" data-type=\"citation_card\"><\/grok-card><\/p>\n\t\t\t\t\t<\/div>\n\t\t\t\t\t\t<\/div>\n\t\t\t\t<\/div>\n\t\t\t\t<\/div>\n\t\t\t\t<\/div>","protected":false},"excerpt":{"rendered":"<p>WP Customer Area \u2013 PayPal Gateway: Secure Invoice Payments WP Customer Area \u2013 PayPal Gateway empowers your users to pay<\/p>","protected":false},"featured_media":8653,"comment_status":"open","ping_status":"closed","template":"","meta":{"_acf_changed":false},"product_brand":[],"product_cat":[49],"product_tag":[],"class_list":{"0":"post-8972","1":"product","2":"type-product","3":"status-publish","4":"has-post-thumbnail","6":"product_cat-plugins","8":"first","9":"instock","10":"sale","11":"downloadable","12":"shipping-taxable","13":"purchasable","14":"product-type-simple"},"acf":[],"yoast_head":"<!-- This site is optimized with the Yoast SEO Premium plugin v25.6 (Yoast SEO v27.4) - https:\/\/yoast.com\/product\/yoast-seo-premium-wordpress\/ -->\n<title>WP Customer Area \u2013 PayPal Gateway - AllWin Theme \u2013 Free WordPress Themes Download<\/title>\n<meta name=\"description\" content=\"Enable PayPal payments for invoices in WP Customer Area. Users pay securely via redirection, with easy setup and IPN support.\" \/>\n<meta name=\"robots\" content=\"index, follow, max-snippet:-1, max-image-preview:large, max-video-preview:-1\" \/>\n<link rel=\"canonical\" href=\"https:\/\/allwintheme.com\/es\/producto\/wp-area-de-clientes-pasarela-paypal\/\" \/>\n<meta property=\"og:locale\" content=\"es_ES\" \/>\n<meta property=\"og:type\" content=\"article\" \/>\n<meta property=\"og:title\" content=\"WP Customer Area \u2013 PayPal Gateway\" \/>\n<meta property=\"og:description\" content=\"Enable PayPal payments for invoices in WP Customer Area. Users pay securely via redirection, with easy setup and IPN support.\" \/>\n<meta property=\"og:url\" content=\"https:\/\/allwintheme.com\/es\/producto\/wp-area-de-clientes-pasarela-paypal\/\" \/>\n<meta property=\"og:site_name\" content=\"AllWin Theme \u2013 Free WordPress Themes Download\" \/>\n<meta property=\"article:modified_time\" content=\"2025-10-03T13:36:23+00:00\" \/>\n<meta property=\"og:image\" content=\"https:\/\/allwintheme.com\/wp-content\/uploads\/2025\/10\/ahekctnp.png\" \/>\n\t<meta property=\"og:image:width\" content=\"768\" \/>\n\t<meta property=\"og:image:height\" content=\"475\" \/>\n\t<meta property=\"og:image:type\" content=\"image\/png\" \/>\n<meta name=\"twitter:card\" content=\"summary_large_image\" \/>\n<meta name=\"twitter:label1\" content=\"Tiempo estimado de lectura\" \/>\n\t<meta name=\"twitter:data1\" content=\"2 minutos\" \/>\n<script type=\"application\/ld+json\" class=\"yoast-schema-graph\">{\"@context\":\"https:\\\/\\\/schema.org\",\"@graph\":[{\"@type\":\"WebPage\",\"@id\":\"https:\\\/\\\/allwintheme.com\\\/product\\\/wp-customer-area-paypal-gateway\\\/\",\"url\":\"https:\\\/\\\/allwintheme.com\\\/product\\\/wp-customer-area-paypal-gateway\\\/\",\"name\":\"WP Customer Area \u2013 PayPal Gateway - AllWin Theme \u2013 Free WordPress Themes Download\",\"isPartOf\":{\"@id\":\"https:\\\/\\\/allwintheme.com\\\/#website\"},\"primaryImageOfPage\":{\"@id\":\"https:\\\/\\\/allwintheme.com\\\/product\\\/wp-customer-area-paypal-gateway\\\/#primaryimage\"},\"image\":{\"@id\":\"https:\\\/\\\/allwintheme.com\\\/product\\\/wp-customer-area-paypal-gateway\\\/#primaryimage\"},\"thumbnailUrl\":\"https:\\\/\\\/allwintheme.com\\\/wp-content\\\/uploads\\\/2025\\\/10\\\/ahekctnp.png\",\"datePublished\":\"2025-10-03T13:25:57+00:00\",\"dateModified\":\"2025-10-03T13:36:23+00:00\",\"description\":\"Enable PayPal payments for invoices in WP Customer Area. Users pay securely via redirection, with easy setup and IPN support.\",\"breadcrumb\":{\"@id\":\"https:\\\/\\\/allwintheme.com\\\/product\\\/wp-customer-area-paypal-gateway\\\/#breadcrumb\"},\"inLanguage\":\"es-CL\",\"potentialAction\":[{\"@type\":\"ReadAction\",\"target\":[\"https:\\\/\\\/allwintheme.com\\\/product\\\/wp-customer-area-paypal-gateway\\\/\"]}]},{\"@type\":\"ImageObject\",\"inLanguage\":\"es-CL\",\"@id\":\"https:\\\/\\\/allwintheme.com\\\/product\\\/wp-customer-area-paypal-gateway\\\/#primaryimage\",\"url\":\"https:\\\/\\\/allwintheme.com\\\/wp-content\\\/uploads\\\/2025\\\/10\\\/ahekctnp.png\",\"contentUrl\":\"https:\\\/\\\/allwintheme.com\\\/wp-content\\\/uploads\\\/2025\\\/10\\\/ahekctnp.png\",\"width\":768,\"height\":475,\"caption\":\"WP Customer Area \u2013 PayPal Gateway\"},{\"@type\":\"BreadcrumbList\",\"@id\":\"https:\\\/\\\/allwintheme.com\\\/product\\\/wp-customer-area-paypal-gateway\\\/#breadcrumb\",\"itemListElement\":[{\"@type\":\"ListItem\",\"position\":1,\"name\":\"Home\",\"item\":\"https:\\\/\\\/allwintheme.com\\\/\"},{\"@type\":\"ListItem\",\"position\":2,\"name\":\"Shop\",\"item\":\"https:\\\/\\\/allwintheme.com\\\/shop\\\/\"},{\"@type\":\"ListItem\",\"position\":3,\"name\":\"WP Customer Area \u2013 PayPal Gateway\"}]},{\"@type\":\"WebSite\",\"@id\":\"https:\\\/\\\/allwintheme.com\\\/#website\",\"url\":\"https:\\\/\\\/allwintheme.com\\\/\",\"name\":\"Allwintheme\",\"description\":\"Download free WordPress themes for every niche. Blogs, business, eCommerce, portfolio, restaurant and more. All themes are GPL licensed and mobile-ready.\",\"potentialAction\":[{\"@type\":\"SearchAction\",\"target\":{\"@type\":\"EntryPoint\",\"urlTemplate\":\"https:\\\/\\\/allwintheme.com\\\/?s={search_term_string}\"},\"query-input\":{\"@type\":\"PropertyValueSpecification\",\"valueRequired\":true,\"valueName\":\"search_term_string\"}}],\"inLanguage\":\"es-CL\"}]}<\/script>\n<!-- \/ Yoast SEO Premium plugin. -->","yoast_head_json":{"title":"WP Customer Area \u2013 PayPal Gateway - AllWin Theme \u2013 Free WordPress Themes Download","description":"Habilite los pagos de PayPal para facturas en el \u00e1rea de clientes de WP. Los usuarios pagan de forma segura a trav\u00e9s de redirecci\u00f3n, con una f\u00e1cil configuraci\u00f3n y soporte IPN.","robots":{"index":"index","follow":"follow","max-snippet":"max-snippet:-1","max-image-preview":"max-image-preview:large","max-video-preview":"max-video-preview:-1"},"canonical":"https:\/\/allwintheme.com\/es\/producto\/wp-area-de-clientes-pasarela-paypal\/","og_locale":"es_ES","og_type":"article","og_title":"WP Customer Area \u2013 PayPal Gateway","og_description":"Enable PayPal payments for invoices in WP Customer Area. Users pay securely via redirection, with easy setup and IPN support.","og_url":"https:\/\/allwintheme.com\/es\/producto\/wp-area-de-clientes-pasarela-paypal\/","og_site_name":"AllWin Theme \u2013 Free WordPress Themes Download","article_modified_time":"2025-10-03T13:36:23+00:00","og_image":[{"width":768,"height":475,"url":"https:\/\/allwintheme.com\/wp-content\/uploads\/2025\/10\/ahekctnp.png","type":"image\/png"}],"twitter_card":"summary_large_image","twitter_misc":{"Tiempo estimado de lectura":"2 minutos"},"schema":{"@context":"https:\/\/schema.org","@graph":[{"@type":"WebPage","@id":"https:\/\/allwintheme.com\/product\/wp-customer-area-paypal-gateway\/","url":"https:\/\/allwintheme.com\/product\/wp-customer-area-paypal-gateway\/","name":"WP Customer Area \u2013 PayPal Gateway - AllWin Theme \u2013 Free WordPress Themes Download","isPartOf":{"@id":"https:\/\/allwintheme.com\/#website"},"primaryImageOfPage":{"@id":"https:\/\/allwintheme.com\/product\/wp-customer-area-paypal-gateway\/#primaryimage"},"image":{"@id":"https:\/\/allwintheme.com\/product\/wp-customer-area-paypal-gateway\/#primaryimage"},"thumbnailUrl":"https:\/\/allwintheme.com\/wp-content\/uploads\/2025\/10\/ahekctnp.png","datePublished":"2025-10-03T13:25:57+00:00","dateModified":"2025-10-03T13:36:23+00:00","description":"Habilite los pagos de PayPal para facturas en el \u00e1rea de clientes de WP. Los usuarios pagan de forma segura a trav\u00e9s de redirecci\u00f3n, con una f\u00e1cil configuraci\u00f3n y soporte IPN.","breadcrumb":{"@id":"https:\/\/allwintheme.com\/product\/wp-customer-area-paypal-gateway\/#breadcrumb"},"inLanguage":"es-CL","potentialAction":[{"@type":"ReadAction","target":["https:\/\/allwintheme.com\/product\/wp-customer-area-paypal-gateway\/"]}]},{"@type":"ImageObject","inLanguage":"es-CL","@id":"https:\/\/allwintheme.com\/product\/wp-customer-area-paypal-gateway\/#primaryimage","url":"https:\/\/allwintheme.com\/wp-content\/uploads\/2025\/10\/ahekctnp.png","contentUrl":"https:\/\/allwintheme.com\/wp-content\/uploads\/2025\/10\/ahekctnp.png","width":768,"height":475,"caption":"WP Customer Area \u2013 PayPal Gateway"},{"@type":"BreadcrumbList","@id":"https:\/\/allwintheme.com\/product\/wp-customer-area-paypal-gateway\/#breadcrumb","itemListElement":[{"@type":"ListItem","position":1,"name":"Home","item":"https:\/\/allwintheme.com\/"},{"@type":"ListItem","position":2,"name":"Shop","item":"https:\/\/allwintheme.com\/shop\/"},{"@type":"ListItem","position":3,"name":"WP Customer Area \u2013 PayPal Gateway"}]},{"@type":"WebSite","@id":"https:\/\/allwintheme.com\/#website","url":"https:\/\/allwintheme.com\/","name":"Allwintheme","description":"Descarga gratis temas de WordPress para todos los nichos. Blogs, negocios, comercio electr\u00f3nico, portafolio, restaurante y m\u00e1s. Todos los temas tienen licencia GPL y est\u00e1n preparados para dispositivos m\u00f3viles.","potentialAction":[{"@type":"SearchAction","target":{"@type":"EntryPoint","urlTemplate":"https:\/\/allwintheme.com\/?s={search_term_string}"},"query-input":{"@type":"PropertyValueSpecification","valueRequired":true,"valueName":"search_term_string"}}],"inLanguage":"es-CL"}]}},"_links":{"self":[{"href":"https:\/\/allwintheme.com\/es\/wp-json\/wp\/v2\/product\/8972","targetHints":{"allow":["GET"]}}],"collection":[{"href":"https:\/\/allwintheme.com\/es\/wp-json\/wp\/v2\/product"}],"about":[{"href":"https:\/\/allwintheme.com\/es\/wp-json\/wp\/v2\/types\/product"}],"replies":[{"embeddable":true,"href":"https:\/\/allwintheme.com\/es\/wp-json\/wp\/v2\/comments?post=8972"}],"version-history":[{"count":8,"href":"https:\/\/allwintheme.com\/es\/wp-json\/wp\/v2\/product\/8972\/revisions"}],"predecessor-version":[{"id":8980,"href":"https:\/\/allwintheme.com\/es\/wp-json\/wp\/v2\/product\/8972\/revisions\/8980"}],"wp:featuredmedia":[{"embeddable":true,"href":"https:\/\/allwintheme.com\/es\/wp-json\/wp\/v2\/media\/8653"}],"wp:attachment":[{"href":"https:\/\/allwintheme.com\/es\/wp-json\/wp\/v2\/media?parent=8972"}],"wp:term":[{"taxonomy":"product_brand","embeddable":true,"href":"https:\/\/allwintheme.com\/es\/wp-json\/wp\/v2\/product_brand?post=8972"},{"taxonomy":"product_cat","embeddable":true,"href":"https:\/\/allwintheme.com\/es\/wp-json\/wp\/v2\/product_cat?post=8972"},{"taxonomy":"product_tag","embeddable":true,"href":"https:\/\/allwintheme.com\/es\/wp-json\/wp\/v2\/product_tag?post=8972"}],"curies":[{"name":"wp","href":"https:\/\/api.w.org\/{rel}","templated":true}]}}