{"id":8981,"date":"2025-10-03T13:37:01","date_gmt":"2025-10-03T13:37:01","guid":{"rendered":"https:\/\/allwintheme.com\/?post_type=product&#038;p=8981"},"modified":"2025-10-03T13:42:05","modified_gmt":"2025-10-03T13:42:05","slug":"pie-registrar-suscripciones-paypal","status":"publish","type":"product","link":"https:\/\/allwintheme.com\/es\/producto\/pie-registrar-suscripciones-paypal\/","title":{"rendered":"Pie Registrar suscripciones PayPal"},"content":{"rendered":"<div data-elementor-type=\"wp-post\" data-elementor-id=\"8981\" class=\"elementor elementor-8981\" data-elementor-settings=\"{&quot;element_pack_global_tooltip_width&quot;:{&quot;unit&quot;:&quot;px&quot;,&quot;size&quot;:&quot;&quot;,&quot;sizes&quot;:[]},&quot;element_pack_global_tooltip_width_tablet&quot;:{&quot;unit&quot;:&quot;px&quot;,&quot;size&quot;:&quot;&quot;,&quot;sizes&quot;:[]},&quot;element_pack_global_tooltip_width_mobile&quot;:{&quot;unit&quot;:&quot;px&quot;,&quot;size&quot;:&quot;&quot;,&quot;sizes&quot;:[]},&quot;element_pack_global_tooltip_padding&quot;:{&quot;unit&quot;:&quot;px&quot;,&quot;top&quot;:&quot;&quot;,&quot;right&quot;:&quot;&quot;,&quot;bottom&quot;:&quot;&quot;,&quot;left&quot;:&quot;&quot;,&quot;isLinked&quot;:true},&quot;element_pack_global_tooltip_padding_tablet&quot;:{&quot;unit&quot;:&quot;px&quot;,&quot;top&quot;:&quot;&quot;,&quot;right&quot;:&quot;&quot;,&quot;bottom&quot;:&quot;&quot;,&quot;left&quot;:&quot;&quot;,&quot;isLinked&quot;:true},&quot;element_pack_global_tooltip_padding_mobile&quot;:{&quot;unit&quot;:&quot;px&quot;,&quot;top&quot;:&quot;&quot;,&quot;right&quot;:&quot;&quot;,&quot;bottom&quot;:&quot;&quot;,&quot;left&quot;:&quot;&quot;,&quot;isLinked&quot;:true},&quot;element_pack_global_tooltip_border_radius&quot;:{&quot;unit&quot;:&quot;px&quot;,&quot;top&quot;:&quot;&quot;,&quot;right&quot;:&quot;&quot;,&quot;bottom&quot;:&quot;&quot;,&quot;left&quot;:&quot;&quot;,&quot;isLinked&quot;:true},&quot;element_pack_global_tooltip_border_radius_tablet&quot;:{&quot;unit&quot;:&quot;px&quot;,&quot;top&quot;:&quot;&quot;,&quot;right&quot;:&quot;&quot;,&quot;bottom&quot;:&quot;&quot;,&quot;left&quot;:&quot;&quot;,&quot;isLinked&quot;:true},&quot;element_pack_global_tooltip_border_radius_mobile&quot;:{&quot;unit&quot;:&quot;px&quot;,&quot;top&quot;:&quot;&quot;,&quot;right&quot;:&quot;&quot;,&quot;bottom&quot;:&quot;&quot;,&quot;left&quot;:&quot;&quot;,&quot;isLinked&quot;:true}}\" data-elementor-post-type=\"product\">\n\t\t\t\t<div class=\"elementor-element elementor-element-93aa4a8 e-con-full e-flex e-con e-parent\" data-id=\"93aa4a8\" data-element_type=\"container\" data-e-type=\"container\">\n\t\t\t\t<div class=\"elementor-element elementor-element-2c3f760 miaoshu elementor-widget elementor-widget-wd_text_block\" data-id=\"2c3f760\" data-element_type=\"widget\" data-e-type=\"widget\" data-widget_type=\"wd_text_block.default\">\n\t\t\t\t<div class=\"elementor-widget-container\">\n\t\t\t\t\t\t\t<div class=\"wd-text-block reset-last-child text-left\">\n\t\t\t\n\t\t\t<h2>Pie Registrar suscripciones de PayPal: Automatice los pagos peri\u00f3dicos de suscripciones<\/h2>\n<p><strong>Pie Registrar suscripciones PayPal<\/strong> simplifica los pagos peri\u00f3dicos para su sitio de afiliaci\u00f3n. Por ejemplo, este complemento integra el sistema de pagos peri\u00f3dicos de PayPal directamente en sus formularios de inscripci\u00f3n, para que los usuarios puedan suscribirse sin esfuerzo durante el registro. En consecuencia, los propietarios de sitios disfrutan de flujos de ingresos constantes sin intervenci\u00f3n manual.<grok-card data-id=\"57b5b6\" data-type=\"citation_card\"><\/grok-card><grok-card data-id=\"1bfd3a\" data-type=\"citation_card\"><\/grok-card><\/p>\n\n<h3>Racionalice las suscripciones con una configuraci\u00f3n sencilla<\/h3>\n<p>Los usuarios eligen activamente pagos peri\u00f3dicos o \u00fanicos a trav\u00e9s del campo de afiliaci\u00f3n de los formularios de registro de tarta. Una vez configurado, PayPal se encarga de la facturaci\u00f3n y programaci\u00f3n autom\u00e1ticas. Como resultado, los suscriptores reciben notificaciones por correo electr\u00f3nico de las activaciones, cancelaciones o renovaciones, lo que garantiza la transparencia y la comodidad.<grok-card data-id=\"cf091b\" data-type=\"citation_card\"><\/grok-card><grok-card data-id=\"c9a3f6\" data-type=\"citation_card\"><\/grok-card><\/p>\n\n<h3>\u00bfPor qu\u00e9 elegir Pie Registrar suscripciones de PayPal?<\/h3>\n<ul>\n    <li><strong>Soporte de pagos peri\u00f3dicos:<\/strong> Los usuarios realizan suscripciones autom\u00e1ticas a trav\u00e9s de PayPal, lo que aumenta la retenci\u00f3n de los sitios de afiliaci\u00f3n.<\/li>\n    <li><strong>Opciones \u00fanicas:<\/strong> Ofrezca flexibilidad permitiendo pagos \u00fanicos junto con suscripciones para un mayor atractivo.<\/li>\n    <li><strong>Integraci\u00f3n perfecta:<\/strong> Se sincroniza con los formularios de arrastrar y soltar de Pie Register para una configuraci\u00f3n r\u00e1pida sin codificaci\u00f3n.<grok-card data-id=\"966cef\" data-type=\"citation_card\"><\/grok-card><\/li>\n    <li><strong>Gesti\u00f3n de notificaciones:<\/strong> Env\u00ede autom\u00e1ticamente correos electr\u00f3nicos sobre los eventos de pago, manteniendo a los usuarios informados y comprometidos.<\/li>\n<\/ul>\n\n<h3>Mejore su flujo de trabajo de afiliaci\u00f3n<\/h3>\n<p>Este complemento permite a las empresas gestionar las suscripciones de forma eficaz. Por ejemplo, los administradores pueden configurar PayPal a trav\u00e9s de los ajustes de las pasarelas de pago del complemento, incluidos los ID de botones alojados para un procesamiento seguro. Adem\u00e1s, admite licencias perpetuas, por lo que se compra una vez y se utiliza indefinidamente.<grok-card data-id=\"60eba4\" data-type=\"citation_card\"><\/grok-card><grok-card data-id=\"9c5314\" data-type=\"citation_card\"><\/grok-card><\/p>\n\n<h3>Empiece hoy mismo a automatizar los pagos<\/h3>\n<p>Transforme su proceso de registro en WordPress con <strong>Pie Registrar suscripciones PayPal<\/strong>. Al habilitar la facturaci\u00f3n recurrente, proporcionar\u00e1 a los usuarios un acceso sin complicaciones al tiempo que se asegura unos ingresos fiables. Por lo tanto, \u00a1instale el complemento ahora para elevar la monetizaci\u00f3n de su sitio!<grok-card data-id=\"4302f8\" data-type=\"citation_card\"><\/grok-card><\/p>\n\t\t\t\t\t<\/div>\n\t\t\t\t\t\t<\/div>\n\t\t\t\t<\/div>\n\t\t\t\t<\/div>\n\t\t\t\t<\/div>","protected":false},"excerpt":{"rendered":"<p>Pie Registrar suscripciones de PayPal: Automatice los pagos peri\u00f3dicos de los miembros Pie Registrar suscripciones de PayPal simplifica los pagos peri\u00f3dicos para su sitio de miembros. Para<\/p>","protected":false},"featured_media":8651,"comment_status":"open","ping_status":"closed","template":"","meta":{"_acf_changed":false},"product_brand":[],"product_cat":[49],"product_tag":[],"class_list":{"0":"post-8981","1":"product","2":"type-product","3":"status-publish","4":"has-post-thumbnail","6":"product_cat-plugins","8":"first","9":"instock","10":"sale","11":"downloadable","12":"shipping-taxable","13":"purchasable","14":"product-type-simple"},"acf":[],"yoast_head":"<!-- This site is optimized with the Yoast SEO Premium plugin v25.6 (Yoast SEO v27.1.1) - https:\/\/yoast.com\/product\/yoast-seo-premium-wordpress\/ -->\n<title>Pie Register PayPal Subscriptions - AllWin Theme \u2013 Free WordPress Themes Download<\/title>\n<meta name=\"description\" content=\"Enable recurring payments in Pie Register with PayPal Subscriptions add-on. Users set up automated billing for seamless membership renewals.\" \/>\n<meta name=\"robots\" content=\"index, follow, max-snippet:-1, max-image-preview:large, max-video-preview:-1\" \/>\n<link rel=\"canonical\" href=\"https:\/\/allwintheme.com\/es\/producto\/pie-registrar-suscripciones-paypal\/\" \/>\n<meta property=\"og:locale\" content=\"es_ES\" \/>\n<meta property=\"og:type\" content=\"article\" \/>\n<meta property=\"og:title\" content=\"Pie Register PayPal Subscriptions\" \/>\n<meta property=\"og:description\" content=\"Enable recurring payments in Pie Register with PayPal Subscriptions add-on. Users set up automated billing for seamless membership renewals.\" \/>\n<meta property=\"og:url\" content=\"https:\/\/allwintheme.com\/es\/producto\/pie-registrar-suscripciones-paypal\/\" \/>\n<meta property=\"og:site_name\" content=\"AllWin Theme \u2013 Free WordPress Themes Download\" \/>\n<meta property=\"article:modified_time\" content=\"2025-10-03T13:42:05+00:00\" \/>\n<meta property=\"og:image\" content=\"https:\/\/allwintheme.com\/wp-content\/uploads\/2025\/10\/kaxukkqk.png\" \/>\n\t<meta property=\"og:image:width\" content=\"590\" \/>\n\t<meta property=\"og:image:height\" content=\"300\" \/>\n\t<meta property=\"og:image:type\" content=\"image\/png\" \/>\n<meta name=\"twitter:card\" content=\"summary_large_image\" \/>\n<meta name=\"twitter:label1\" content=\"Tiempo estimado de lectura\" \/>\n\t<meta name=\"twitter:data1\" content=\"2 minutos\" \/>\n<script type=\"application\/ld+json\" class=\"yoast-schema-graph\">{\"@context\":\"https:\/\/schema.org\",\"@graph\":[{\"@type\":\"WebPage\",\"@id\":\"https:\/\/allwintheme.com\/product\/pie-register-paypal-subscriptions\/\",\"url\":\"https:\/\/allwintheme.com\/product\/pie-register-paypal-subscriptions\/\",\"name\":\"Pie Register PayPal Subscriptions - AllWin Theme \u2013 Free WordPress Themes Download\",\"isPartOf\":{\"@id\":\"https:\/\/allwintheme.com\/#website\"},\"primaryImageOfPage\":{\"@id\":\"https:\/\/allwintheme.com\/product\/pie-register-paypal-subscriptions\/#primaryimage\"},\"image\":{\"@id\":\"https:\/\/allwintheme.com\/product\/pie-register-paypal-subscriptions\/#primaryimage\"},\"thumbnailUrl\":\"https:\/\/allwintheme.com\/wp-content\/uploads\/2025\/10\/kaxukkqk.png\",\"datePublished\":\"2025-10-03T13:37:01+00:00\",\"dateModified\":\"2025-10-03T13:42:05+00:00\",\"description\":\"Enable recurring payments in Pie Register with PayPal Subscriptions add-on. Users set up automated billing for seamless membership renewals.\",\"breadcrumb\":{\"@id\":\"https:\/\/allwintheme.com\/product\/pie-register-paypal-subscriptions\/#breadcrumb\"},\"inLanguage\":\"es-CL\",\"potentialAction\":[{\"@type\":\"ReadAction\",\"target\":[\"https:\/\/allwintheme.com\/product\/pie-register-paypal-subscriptions\/\"]}]},{\"@type\":\"ImageObject\",\"inLanguage\":\"es-CL\",\"@id\":\"https:\/\/allwintheme.com\/product\/pie-register-paypal-subscriptions\/#primaryimage\",\"url\":\"https:\/\/allwintheme.com\/wp-content\/uploads\/2025\/10\/kaxukkqk.png\",\"contentUrl\":\"https:\/\/allwintheme.com\/wp-content\/uploads\/2025\/10\/kaxukkqk.png\",\"width\":590,\"height\":300,\"caption\":\"Pie Register PayPal Subscriptions\"},{\"@type\":\"BreadcrumbList\",\"@id\":\"https:\/\/allwintheme.com\/product\/pie-register-paypal-subscriptions\/#breadcrumb\",\"itemListElement\":[{\"@type\":\"ListItem\",\"position\":1,\"name\":\"Home\",\"item\":\"https:\/\/allwintheme.com\/\"},{\"@type\":\"ListItem\",\"position\":2,\"name\":\"Shop\",\"item\":\"https:\/\/allwintheme.com\/shop\/\"},{\"@type\":\"ListItem\",\"position\":3,\"name\":\"Pie Register PayPal Subscriptions\"}]},{\"@type\":\"WebSite\",\"@id\":\"https:\/\/allwintheme.com\/#website\",\"url\":\"https:\/\/allwintheme.com\/\",\"name\":\"Allwintheme\",\"description\":\"Download free WordPress themes for every niche. Blogs, business, eCommerce, portfolio, restaurant and more. All themes are GPL licensed and mobile-ready.\",\"potentialAction\":[{\"@type\":\"SearchAction\",\"target\":{\"@type\":\"EntryPoint\",\"urlTemplate\":\"https:\/\/allwintheme.com\/?s={search_term_string}\"},\"query-input\":{\"@type\":\"PropertyValueSpecification\",\"valueRequired\":true,\"valueName\":\"search_term_string\"}}],\"inLanguage\":\"es-CL\"}]}<\/script>\n<!-- \/ Yoast SEO Premium plugin. -->","yoast_head_json":{"title":"Pie Register PayPal Subscriptions - AllWin Theme \u2013 Free WordPress Themes Download","description":"Habilite los pagos peri\u00f3dicos en Pie Registrarse con el complemento Suscripciones de PayPal. Los usuarios configuran la facturaci\u00f3n automatizada para renovar la suscripci\u00f3n sin problemas.","robots":{"index":"index","follow":"follow","max-snippet":"max-snippet:-1","max-image-preview":"max-image-preview:large","max-video-preview":"max-video-preview:-1"},"canonical":"https:\/\/allwintheme.com\/es\/producto\/pie-registrar-suscripciones-paypal\/","og_locale":"es_ES","og_type":"article","og_title":"Pie Register PayPal Subscriptions","og_description":"Enable recurring payments in Pie Register with PayPal Subscriptions add-on. Users set up automated billing for seamless membership renewals.","og_url":"https:\/\/allwintheme.com\/es\/producto\/pie-registrar-suscripciones-paypal\/","og_site_name":"AllWin Theme \u2013 Free WordPress Themes Download","article_modified_time":"2025-10-03T13:42:05+00:00","og_image":[{"width":590,"height":300,"url":"https:\/\/allwintheme.com\/wp-content\/uploads\/2025\/10\/kaxukkqk.png","type":"image\/png"}],"twitter_card":"summary_large_image","twitter_misc":{"Tiempo estimado de lectura":"2 minutos"},"schema":{"@context":"https:\/\/schema.org","@graph":[{"@type":"WebPage","@id":"https:\/\/allwintheme.com\/product\/pie-register-paypal-subscriptions\/","url":"https:\/\/allwintheme.com\/product\/pie-register-paypal-subscriptions\/","name":"Pie Register PayPal Subscriptions - AllWin Theme \u2013 Free WordPress Themes Download","isPartOf":{"@id":"https:\/\/allwintheme.com\/#website"},"primaryImageOfPage":{"@id":"https:\/\/allwintheme.com\/product\/pie-register-paypal-subscriptions\/#primaryimage"},"image":{"@id":"https:\/\/allwintheme.com\/product\/pie-register-paypal-subscriptions\/#primaryimage"},"thumbnailUrl":"https:\/\/allwintheme.com\/wp-content\/uploads\/2025\/10\/kaxukkqk.png","datePublished":"2025-10-03T13:37:01+00:00","dateModified":"2025-10-03T13:42:05+00:00","description":"Habilite los pagos peri\u00f3dicos en Pie Registrarse con el complemento Suscripciones de PayPal. Los usuarios configuran la facturaci\u00f3n automatizada para renovar la suscripci\u00f3n sin problemas.","breadcrumb":{"@id":"https:\/\/allwintheme.com\/product\/pie-register-paypal-subscriptions\/#breadcrumb"},"inLanguage":"es-CL","potentialAction":[{"@type":"ReadAction","target":["https:\/\/allwintheme.com\/product\/pie-register-paypal-subscriptions\/"]}]},{"@type":"ImageObject","inLanguage":"es-CL","@id":"https:\/\/allwintheme.com\/product\/pie-register-paypal-subscriptions\/#primaryimage","url":"https:\/\/allwintheme.com\/wp-content\/uploads\/2025\/10\/kaxukkqk.png","contentUrl":"https:\/\/allwintheme.com\/wp-content\/uploads\/2025\/10\/kaxukkqk.png","width":590,"height":300,"caption":"Pie Register PayPal Subscriptions"},{"@type":"BreadcrumbList","@id":"https:\/\/allwintheme.com\/product\/pie-register-paypal-subscriptions\/#breadcrumb","itemListElement":[{"@type":"ListItem","position":1,"name":"Home","item":"https:\/\/allwintheme.com\/"},{"@type":"ListItem","position":2,"name":"Shop","item":"https:\/\/allwintheme.com\/shop\/"},{"@type":"ListItem","position":3,"name":"Pie Register PayPal Subscriptions"}]},{"@type":"WebSite","@id":"https:\/\/allwintheme.com\/#website","url":"https:\/\/allwintheme.com\/","name":"Allwintheme","description":"Descarga gratis temas de WordPress para todos los nichos. Blogs, negocios, comercio electr\u00f3nico, portafolio, restaurante y m\u00e1s. Todos los temas tienen licencia GPL y est\u00e1n preparados para dispositivos m\u00f3viles.","potentialAction":[{"@type":"SearchAction","target":{"@type":"EntryPoint","urlTemplate":"https:\/\/allwintheme.com\/?s={search_term_string}"},"query-input":{"@type":"PropertyValueSpecification","valueRequired":true,"valueName":"search_term_string"}}],"inLanguage":"es-CL"}]}},"_links":{"self":[{"href":"https:\/\/allwintheme.com\/es\/wp-json\/wp\/v2\/product\/8981","targetHints":{"allow":["GET"]}}],"collection":[{"href":"https:\/\/allwintheme.com\/es\/wp-json\/wp\/v2\/product"}],"about":[{"href":"https:\/\/allwintheme.com\/es\/wp-json\/wp\/v2\/types\/product"}],"replies":[{"embeddable":true,"href":"https:\/\/allwintheme.com\/es\/wp-json\/wp\/v2\/comments?post=8981"}],"version-history":[{"count":5,"href":"https:\/\/allwintheme.com\/es\/wp-json\/wp\/v2\/product\/8981\/revisions"}],"predecessor-version":[{"id":8986,"href":"https:\/\/allwintheme.com\/es\/wp-json\/wp\/v2\/product\/8981\/revisions\/8986"}],"wp:featuredmedia":[{"embeddable":true,"href":"https:\/\/allwintheme.com\/es\/wp-json\/wp\/v2\/media\/8651"}],"wp:attachment":[{"href":"https:\/\/allwintheme.com\/es\/wp-json\/wp\/v2\/media?parent=8981"}],"wp:term":[{"taxonomy":"product_brand","embeddable":true,"href":"https:\/\/allwintheme.com\/es\/wp-json\/wp\/v2\/product_brand?post=8981"},{"taxonomy":"product_cat","embeddable":true,"href":"https:\/\/allwintheme.com\/es\/wp-json\/wp\/v2\/product_cat?post=8981"},{"taxonomy":"product_tag","embeddable":true,"href":"https:\/\/allwintheme.com\/es\/wp-json\/wp\/v2\/product_tag?post=8981"}],"curies":[{"name":"wp","href":"https:\/\/api.w.org\/{rel}","templated":true}]}}