{"id":9006,"date":"2025-10-03T14:06:33","date_gmt":"2025-10-03T14:06:33","guid":{"rendered":"https:\/\/allwintheme.com\/?post_type=product&#038;p=9006"},"modified":"2025-10-03T14:11:40","modified_gmt":"2025-10-03T14:11:40","slug":"getpaid-paypal-payflow-pagos","status":"publish","type":"product","link":"https:\/\/allwintheme.com\/es\/producto\/getpaid-paypal-payflow-pagos\/","title":{"rendered":"GetPaid PayPal PayFlow Pagos"},"content":{"rendered":"<div data-elementor-type=\"wp-post\" data-elementor-id=\"9006\" class=\"elementor elementor-9006\" data-elementor-settings=\"{&quot;element_pack_global_tooltip_width&quot;:{&quot;unit&quot;:&quot;px&quot;,&quot;size&quot;:&quot;&quot;,&quot;sizes&quot;:[]},&quot;element_pack_global_tooltip_width_tablet&quot;:{&quot;unit&quot;:&quot;px&quot;,&quot;size&quot;:&quot;&quot;,&quot;sizes&quot;:[]},&quot;element_pack_global_tooltip_width_mobile&quot;:{&quot;unit&quot;:&quot;px&quot;,&quot;size&quot;:&quot;&quot;,&quot;sizes&quot;:[]},&quot;element_pack_global_tooltip_padding&quot;:{&quot;unit&quot;:&quot;px&quot;,&quot;top&quot;:&quot;&quot;,&quot;right&quot;:&quot;&quot;,&quot;bottom&quot;:&quot;&quot;,&quot;left&quot;:&quot;&quot;,&quot;isLinked&quot;:true},&quot;element_pack_global_tooltip_padding_tablet&quot;:{&quot;unit&quot;:&quot;px&quot;,&quot;top&quot;:&quot;&quot;,&quot;right&quot;:&quot;&quot;,&quot;bottom&quot;:&quot;&quot;,&quot;left&quot;:&quot;&quot;,&quot;isLinked&quot;:true},&quot;element_pack_global_tooltip_padding_mobile&quot;:{&quot;unit&quot;:&quot;px&quot;,&quot;top&quot;:&quot;&quot;,&quot;right&quot;:&quot;&quot;,&quot;bottom&quot;:&quot;&quot;,&quot;left&quot;:&quot;&quot;,&quot;isLinked&quot;:true},&quot;element_pack_global_tooltip_border_radius&quot;:{&quot;unit&quot;:&quot;px&quot;,&quot;top&quot;:&quot;&quot;,&quot;right&quot;:&quot;&quot;,&quot;bottom&quot;:&quot;&quot;,&quot;left&quot;:&quot;&quot;,&quot;isLinked&quot;:true},&quot;element_pack_global_tooltip_border_radius_tablet&quot;:{&quot;unit&quot;:&quot;px&quot;,&quot;top&quot;:&quot;&quot;,&quot;right&quot;:&quot;&quot;,&quot;bottom&quot;:&quot;&quot;,&quot;left&quot;:&quot;&quot;,&quot;isLinked&quot;:true},&quot;element_pack_global_tooltip_border_radius_mobile&quot;:{&quot;unit&quot;:&quot;px&quot;,&quot;top&quot;:&quot;&quot;,&quot;right&quot;:&quot;&quot;,&quot;bottom&quot;:&quot;&quot;,&quot;left&quot;:&quot;&quot;,&quot;isLinked&quot;:true}}\" data-elementor-post-type=\"product\">\n\t\t\t\t<div class=\"elementor-element elementor-element-93aa4a8 e-con-full e-flex e-con e-parent\" data-id=\"93aa4a8\" data-element_type=\"container\" data-e-type=\"container\">\n\t\t\t\t<div class=\"elementor-element elementor-element-2c3f760 miaoshu elementor-widget elementor-widget-wd_text_block\" data-id=\"2c3f760\" data-element_type=\"widget\" data-e-type=\"widget\" data-widget_type=\"wd_text_block.default\">\n\t\t\t\t<div class=\"elementor-widget-container\">\n\t\t\t\t\t\t\t<div class=\"wd-text-block reset-last-child text-left\">\n\t\t\t\n\t\t\t<h2>GetPaid Pagos PayFlow de PayPal: Transacciones seguras in situ<\/h2>\n<p><strong>GetPaid PayPal PayFlow Pagos<\/strong> le permite procesar pagos directamente en su sitio de WordPress. Por ejemplo, esta extensi\u00f3n premium integra la pasarela segura PayFlow de PayPal, por lo que los clientes evitan redireccionamientos a p\u00e1ginas externas. De este modo, aumentar\u00e1 las conversiones al gestionar pagos con tarjetas de d\u00e9bito y cr\u00e9dito, PayPal y PayPal Credit sin esfuerzo.<grok-card data-id=\"5dbfc5\" data-type=\"citation_card\"><\/grok-card><grok-card data-id=\"689c9c\" data-type=\"citation_card\"><\/grok-card><\/p>\n\n<h3>Agilice la configuraci\u00f3n de sus pagos<\/h3>\n<p>Para empezar, reg\u00edstrese para obtener una cuenta PayPal PayFlow Pro y, a continuaci\u00f3n, active la extensi\u00f3n en la configuraci\u00f3n de GetPaid. Adem\u00e1s, configure opciones como la prueba de sandbox para la verificaci\u00f3n e introduzca sus credenciales de vendedor. Como resultado, la pasarela admite varias divisas y una integraci\u00f3n r\u00e1pida, lo que permite realizar pagos \u00fanicos o peri\u00f3dicos sin codificaci\u00f3n.<grok-card data-id=\"1da549\" data-type=\"citation_card\"><\/grok-card><grok-card data-id=\"25d5e7\" data-type=\"citation_card\"><\/grok-card><\/p>\n\n<h3>Caracter\u00edsticas principales de GetPaid PayPal PayFlow<\/h3>\n<ul>\n    <li><strong>Procesamiento in situ:<\/strong> Los clientes completan los pagos en su sitio, reduciendo el abandono de carritos.<\/li>\n    <li><strong>Opciones de pago vers\u00e1tiles:<\/strong> Acepte tarjetas de cr\u00e9dito\/d\u00e9bito, PayPal y PayPal Credit para un mayor alcance.<grok-card data-id=\"2cd661\" data-type=\"citation_card\"><\/grok-card><\/li>\n    <li><strong>Apoyo recurrente:<\/strong> Configure suscripciones f\u00e1cilmente para obtener flujos de ingresos continuos.<grok-card data-id=\"f67897\" data-type=\"citation_card\"><\/grok-card><\/li>\n    <li><strong>Seguro y conforme con PCI:<\/strong> Aproveche la codificaci\u00f3n de PayPal para realizar transacciones seguras en todo momento.<grok-card data-id=\"aaf60e\" data-type=\"citation_card\"><\/grok-card><\/li>\n    <li><strong>Gesti\u00f3n multidivisa:<\/strong> Procese pagos globales sin complicaciones.<\/li>\n<\/ul>\n\n<h3>Mejore su experiencia GetPaid<\/h3>\n<p>GetPaid PayPal PayFlow elimina la fricci\u00f3n del pago, para que usted se centre en el crecimiento de las ventas. Por ejemplo, comb\u00ednelo con la facturaci\u00f3n y los formularios de GetPaid para obtener un sistema completo. Por lo tanto, las empresas que utilizan GetPaid obtienen una pasarela fiable que se adapta a sus necesidades.<grok-card data-id=\"8e9c46\" data-type=\"citation_card\"><\/grok-card><\/p>\n\n<h3>Activar pagos seguros hoy mismo<\/h3>\n<p>Instale el <strong>GetPaid PayPal PayFlow Pagos<\/strong> para transformar su proceso de pago. Al permitir pagos directos y seguros, ofrecer\u00e1 una experiencia perfecta que har\u00e1 que sus clientes vuelvan. Empiece a aceptar pagos con confianza y vea c\u00f3mo prospera su negocio.<grok-card data-id=\"bb499c\" data-type=\"citation_card\"><\/grok-card><\/p>\n\t\t\t\t\t<\/div>\n\t\t\t\t\t\t<\/div>\n\t\t\t\t<\/div>\n\t\t\t\t<\/div>\n\t\t\t\t<\/div>","protected":false},"excerpt":{"rendered":"<p>GetPaid PayPal PayFlow Payments: Secure On-Site Transactions GetPaid PayPal PayFlow Payments empowers you to process payments directly on your WordPress<\/p>","protected":false},"featured_media":8691,"comment_status":"open","ping_status":"closed","template":"","meta":{"_acf_changed":false},"product_brand":[],"product_cat":[49],"product_tag":[],"class_list":{"0":"post-9006","1":"product","2":"type-product","3":"status-publish","4":"has-post-thumbnail","6":"product_cat-plugins","8":"first","9":"instock","10":"sale","11":"downloadable","12":"shipping-taxable","13":"purchasable","14":"product-type-simple"},"acf":[],"yoast_head":"<!-- This site is optimized with the Yoast SEO Premium plugin v25.6 (Yoast SEO v27.1.1) - https:\/\/yoast.com\/product\/yoast-seo-premium-wordpress\/ -->\n<title>GetPaid PayPal PayFlow Payments - AllWin Theme \u2013 Free WordPress Themes Download<\/title>\n<meta name=\"description\" content=\"Accept credit card payments directly on your site with GetPaid PayPal PayFlow. Secure gateway for single and recurring transactions via PayPal Pro.\" \/>\n<meta name=\"robots\" content=\"index, follow, max-snippet:-1, max-image-preview:large, max-video-preview:-1\" \/>\n<link rel=\"canonical\" href=\"https:\/\/allwintheme.com\/es\/producto\/getpaid-paypal-payflow-pagos\/\" \/>\n<meta property=\"og:locale\" content=\"es_ES\" \/>\n<meta property=\"og:type\" content=\"article\" \/>\n<meta property=\"og:title\" content=\"GetPaid PayPal PayFlow Payments\" \/>\n<meta property=\"og:description\" content=\"Accept credit card payments directly on your site with GetPaid PayPal PayFlow. Secure gateway for single and recurring transactions via PayPal Pro.\" \/>\n<meta property=\"og:url\" content=\"https:\/\/allwintheme.com\/es\/producto\/getpaid-paypal-payflow-pagos\/\" \/>\n<meta property=\"og:site_name\" content=\"AllWin Theme \u2013 Free WordPress Themes Download\" \/>\n<meta property=\"article:modified_time\" content=\"2025-10-03T14:11:40+00:00\" \/>\n<meta property=\"og:image\" content=\"https:\/\/allwintheme.com\/wp-content\/uploads\/2025\/10\/gc925iyz.png\" \/>\n\t<meta property=\"og:image:width\" content=\"768\" \/>\n\t<meta property=\"og:image:height\" content=\"384\" \/>\n\t<meta property=\"og:image:type\" content=\"image\/png\" \/>\n<meta name=\"twitter:card\" content=\"summary_large_image\" \/>\n<meta name=\"twitter:label1\" content=\"Tiempo estimado de lectura\" \/>\n\t<meta name=\"twitter:data1\" content=\"2 minutos\" \/>\n<script type=\"application\/ld+json\" class=\"yoast-schema-graph\">{\"@context\":\"https:\/\/schema.org\",\"@graph\":[{\"@type\":\"WebPage\",\"@id\":\"https:\/\/allwintheme.com\/product\/getpaid-paypal-payflow-payments\/\",\"url\":\"https:\/\/allwintheme.com\/product\/getpaid-paypal-payflow-payments\/\",\"name\":\"GetPaid PayPal PayFlow Payments - AllWin Theme \u2013 Free WordPress Themes Download\",\"isPartOf\":{\"@id\":\"https:\/\/allwintheme.com\/#website\"},\"primaryImageOfPage\":{\"@id\":\"https:\/\/allwintheme.com\/product\/getpaid-paypal-payflow-payments\/#primaryimage\"},\"image\":{\"@id\":\"https:\/\/allwintheme.com\/product\/getpaid-paypal-payflow-payments\/#primaryimage\"},\"thumbnailUrl\":\"https:\/\/allwintheme.com\/wp-content\/uploads\/2025\/10\/gc925iyz.png\",\"datePublished\":\"2025-10-03T14:06:33+00:00\",\"dateModified\":\"2025-10-03T14:11:40+00:00\",\"description\":\"Accept credit card payments directly on your site with GetPaid PayPal PayFlow. Secure gateway for single and recurring transactions via PayPal Pro.\",\"breadcrumb\":{\"@id\":\"https:\/\/allwintheme.com\/product\/getpaid-paypal-payflow-payments\/#breadcrumb\"},\"inLanguage\":\"es-CL\",\"potentialAction\":[{\"@type\":\"ReadAction\",\"target\":[\"https:\/\/allwintheme.com\/product\/getpaid-paypal-payflow-payments\/\"]}]},{\"@type\":\"ImageObject\",\"inLanguage\":\"es-CL\",\"@id\":\"https:\/\/allwintheme.com\/product\/getpaid-paypal-payflow-payments\/#primaryimage\",\"url\":\"https:\/\/allwintheme.com\/wp-content\/uploads\/2025\/10\/gc925iyz.png\",\"contentUrl\":\"https:\/\/allwintheme.com\/wp-content\/uploads\/2025\/10\/gc925iyz.png\",\"width\":768,\"height\":384,\"caption\":\"GetPaid PayPal PayFlow Payments\"},{\"@type\":\"BreadcrumbList\",\"@id\":\"https:\/\/allwintheme.com\/product\/getpaid-paypal-payflow-payments\/#breadcrumb\",\"itemListElement\":[{\"@type\":\"ListItem\",\"position\":1,\"name\":\"Home\",\"item\":\"https:\/\/allwintheme.com\/\"},{\"@type\":\"ListItem\",\"position\":2,\"name\":\"Shop\",\"item\":\"https:\/\/allwintheme.com\/shop\/\"},{\"@type\":\"ListItem\",\"position\":3,\"name\":\"GetPaid PayPal PayFlow Payments\"}]},{\"@type\":\"WebSite\",\"@id\":\"https:\/\/allwintheme.com\/#website\",\"url\":\"https:\/\/allwintheme.com\/\",\"name\":\"Allwintheme\",\"description\":\"Download free WordPress themes for every niche. Blogs, business, eCommerce, portfolio, restaurant and more. All themes are GPL licensed and mobile-ready.\",\"potentialAction\":[{\"@type\":\"SearchAction\",\"target\":{\"@type\":\"EntryPoint\",\"urlTemplate\":\"https:\/\/allwintheme.com\/?s={search_term_string}\"},\"query-input\":{\"@type\":\"PropertyValueSpecification\",\"valueRequired\":true,\"valueName\":\"search_term_string\"}}],\"inLanguage\":\"es-CL\"}]}<\/script>\n<!-- \/ Yoast SEO Premium plugin. -->","yoast_head_json":{"title":"GetPaid PayPal PayFlow Payments - AllWin Theme - Free WordPress Themes Descargar","description":"Acepte pagos con tarjeta de cr\u00e9dito directamente en su sitio con GetPaid PayPal PayFlow. Pasarela segura para transacciones \u00fanicas y peri\u00f3dicas a trav\u00e9s de PayPal Pro.","robots":{"index":"index","follow":"follow","max-snippet":"max-snippet:-1","max-image-preview":"max-image-preview:large","max-video-preview":"max-video-preview:-1"},"canonical":"https:\/\/allwintheme.com\/es\/producto\/getpaid-paypal-payflow-pagos\/","og_locale":"es_ES","og_type":"article","og_title":"GetPaid PayPal PayFlow Payments","og_description":"Accept credit card payments directly on your site with GetPaid PayPal PayFlow. Secure gateway for single and recurring transactions via PayPal Pro.","og_url":"https:\/\/allwintheme.com\/es\/producto\/getpaid-paypal-payflow-pagos\/","og_site_name":"AllWin Theme \u2013 Free WordPress Themes Download","article_modified_time":"2025-10-03T14:11:40+00:00","og_image":[{"width":768,"height":384,"url":"https:\/\/allwintheme.com\/wp-content\/uploads\/2025\/10\/gc925iyz.png","type":"image\/png"}],"twitter_card":"summary_large_image","twitter_misc":{"Tiempo estimado de lectura":"2 minutos"},"schema":{"@context":"https:\/\/schema.org","@graph":[{"@type":"WebPage","@id":"https:\/\/allwintheme.com\/product\/getpaid-paypal-payflow-payments\/","url":"https:\/\/allwintheme.com\/product\/getpaid-paypal-payflow-payments\/","name":"GetPaid PayPal PayFlow Payments - AllWin Theme - Free WordPress Themes Descargar","isPartOf":{"@id":"https:\/\/allwintheme.com\/#website"},"primaryImageOfPage":{"@id":"https:\/\/allwintheme.com\/product\/getpaid-paypal-payflow-payments\/#primaryimage"},"image":{"@id":"https:\/\/allwintheme.com\/product\/getpaid-paypal-payflow-payments\/#primaryimage"},"thumbnailUrl":"https:\/\/allwintheme.com\/wp-content\/uploads\/2025\/10\/gc925iyz.png","datePublished":"2025-10-03T14:06:33+00:00","dateModified":"2025-10-03T14:11:40+00:00","description":"Acepte pagos con tarjeta de cr\u00e9dito directamente en su sitio con GetPaid PayPal PayFlow. Pasarela segura para transacciones \u00fanicas y peri\u00f3dicas a trav\u00e9s de PayPal Pro.","breadcrumb":{"@id":"https:\/\/allwintheme.com\/product\/getpaid-paypal-payflow-payments\/#breadcrumb"},"inLanguage":"es-CL","potentialAction":[{"@type":"ReadAction","target":["https:\/\/allwintheme.com\/product\/getpaid-paypal-payflow-payments\/"]}]},{"@type":"ImageObject","inLanguage":"es-CL","@id":"https:\/\/allwintheme.com\/product\/getpaid-paypal-payflow-payments\/#primaryimage","url":"https:\/\/allwintheme.com\/wp-content\/uploads\/2025\/10\/gc925iyz.png","contentUrl":"https:\/\/allwintheme.com\/wp-content\/uploads\/2025\/10\/gc925iyz.png","width":768,"height":384,"caption":"GetPaid PayPal PayFlow Payments"},{"@type":"BreadcrumbList","@id":"https:\/\/allwintheme.com\/product\/getpaid-paypal-payflow-payments\/#breadcrumb","itemListElement":[{"@type":"ListItem","position":1,"name":"Home","item":"https:\/\/allwintheme.com\/"},{"@type":"ListItem","position":2,"name":"Shop","item":"https:\/\/allwintheme.com\/shop\/"},{"@type":"ListItem","position":3,"name":"GetPaid PayPal PayFlow Payments"}]},{"@type":"WebSite","@id":"https:\/\/allwintheme.com\/#website","url":"https:\/\/allwintheme.com\/","name":"Allwintheme","description":"Descarga gratis temas de WordPress para todos los nichos. Blogs, negocios, comercio electr\u00f3nico, portafolio, restaurante y m\u00e1s. Todos los temas tienen licencia GPL y est\u00e1n preparados para dispositivos m\u00f3viles.","potentialAction":[{"@type":"SearchAction","target":{"@type":"EntryPoint","urlTemplate":"https:\/\/allwintheme.com\/?s={search_term_string}"},"query-input":{"@type":"PropertyValueSpecification","valueRequired":true,"valueName":"search_term_string"}}],"inLanguage":"es-CL"}]}},"_links":{"self":[{"href":"https:\/\/allwintheme.com\/es\/wp-json\/wp\/v2\/product\/9006","targetHints":{"allow":["GET"]}}],"collection":[{"href":"https:\/\/allwintheme.com\/es\/wp-json\/wp\/v2\/product"}],"about":[{"href":"https:\/\/allwintheme.com\/es\/wp-json\/wp\/v2\/types\/product"}],"replies":[{"embeddable":true,"href":"https:\/\/allwintheme.com\/es\/wp-json\/wp\/v2\/comments?post=9006"}],"version-history":[{"count":5,"href":"https:\/\/allwintheme.com\/es\/wp-json\/wp\/v2\/product\/9006\/revisions"}],"predecessor-version":[{"id":9011,"href":"https:\/\/allwintheme.com\/es\/wp-json\/wp\/v2\/product\/9006\/revisions\/9011"}],"wp:featuredmedia":[{"embeddable":true,"href":"https:\/\/allwintheme.com\/es\/wp-json\/wp\/v2\/media\/8691"}],"wp:attachment":[{"href":"https:\/\/allwintheme.com\/es\/wp-json\/wp\/v2\/media?parent=9006"}],"wp:term":[{"taxonomy":"product_brand","embeddable":true,"href":"https:\/\/allwintheme.com\/es\/wp-json\/wp\/v2\/product_brand?post=9006"},{"taxonomy":"product_cat","embeddable":true,"href":"https:\/\/allwintheme.com\/es\/wp-json\/wp\/v2\/product_cat?post=9006"},{"taxonomy":"product_tag","embeddable":true,"href":"https:\/\/allwintheme.com\/es\/wp-json\/wp\/v2\/product_tag?post=9006"}],"curies":[{"name":"wp","href":"https:\/\/api.w.org\/{rel}","templated":true}]}}