{"id":9012,"date":"2025-10-03T14:11:54","date_gmt":"2025-10-03T14:11:54","guid":{"rendered":"https:\/\/allwintheme.com\/?post_type=product&#038;p=9012"},"modified":"2025-10-03T14:17:34","modified_gmt":"2025-10-03T14:17:34","slug":"paypal-currency-converter-pro-para-woocommerce","status":"publish","type":"product","link":"https:\/\/allwintheme.com\/es\/producto\/paypal-currency-converter-pro-para-woocommerce\/","title":{"rendered":"Conversor de divisas de PayPal PRO para WooCommerce"},"content":{"rendered":"<div data-elementor-type=\"wp-post\" data-elementor-id=\"9012\" class=\"elementor elementor-9012\" data-elementor-settings=\"{&quot;element_pack_global_tooltip_width&quot;:{&quot;unit&quot;:&quot;px&quot;,&quot;size&quot;:&quot;&quot;,&quot;sizes&quot;:[]},&quot;element_pack_global_tooltip_width_tablet&quot;:{&quot;unit&quot;:&quot;px&quot;,&quot;size&quot;:&quot;&quot;,&quot;sizes&quot;:[]},&quot;element_pack_global_tooltip_width_mobile&quot;:{&quot;unit&quot;:&quot;px&quot;,&quot;size&quot;:&quot;&quot;,&quot;sizes&quot;:[]},&quot;element_pack_global_tooltip_padding&quot;:{&quot;unit&quot;:&quot;px&quot;,&quot;top&quot;:&quot;&quot;,&quot;right&quot;:&quot;&quot;,&quot;bottom&quot;:&quot;&quot;,&quot;left&quot;:&quot;&quot;,&quot;isLinked&quot;:true},&quot;element_pack_global_tooltip_padding_tablet&quot;:{&quot;unit&quot;:&quot;px&quot;,&quot;top&quot;:&quot;&quot;,&quot;right&quot;:&quot;&quot;,&quot;bottom&quot;:&quot;&quot;,&quot;left&quot;:&quot;&quot;,&quot;isLinked&quot;:true},&quot;element_pack_global_tooltip_padding_mobile&quot;:{&quot;unit&quot;:&quot;px&quot;,&quot;top&quot;:&quot;&quot;,&quot;right&quot;:&quot;&quot;,&quot;bottom&quot;:&quot;&quot;,&quot;left&quot;:&quot;&quot;,&quot;isLinked&quot;:true},&quot;element_pack_global_tooltip_border_radius&quot;:{&quot;unit&quot;:&quot;px&quot;,&quot;top&quot;:&quot;&quot;,&quot;right&quot;:&quot;&quot;,&quot;bottom&quot;:&quot;&quot;,&quot;left&quot;:&quot;&quot;,&quot;isLinked&quot;:true},&quot;element_pack_global_tooltip_border_radius_tablet&quot;:{&quot;unit&quot;:&quot;px&quot;,&quot;top&quot;:&quot;&quot;,&quot;right&quot;:&quot;&quot;,&quot;bottom&quot;:&quot;&quot;,&quot;left&quot;:&quot;&quot;,&quot;isLinked&quot;:true},&quot;element_pack_global_tooltip_border_radius_mobile&quot;:{&quot;unit&quot;:&quot;px&quot;,&quot;top&quot;:&quot;&quot;,&quot;right&quot;:&quot;&quot;,&quot;bottom&quot;:&quot;&quot;,&quot;left&quot;:&quot;&quot;,&quot;isLinked&quot;:true}}\" data-elementor-post-type=\"product\">\n\t\t\t\t<div class=\"elementor-element elementor-element-93aa4a8 e-con-full e-flex e-con e-parent\" data-id=\"93aa4a8\" data-element_type=\"container\" data-e-type=\"container\">\n\t\t\t\t<div class=\"elementor-element elementor-element-2c3f760 miaoshu elementor-widget elementor-widget-wd_text_block\" data-id=\"2c3f760\" data-element_type=\"widget\" data-e-type=\"widget\" data-widget_type=\"wd_text_block.default\">\n\t\t\t\t<div class=\"elementor-widget-container\">\n\t\t\t\t\t\t\t<div class=\"wd-text-block reset-last-child text-left\">\n\t\t\t\n\t\t\t<h2>Conversor de divisas de PayPal PRO: Desbloquear pagos globales en WooCommerce<\/h2>\n<p><strong>Conversor de divisas de PayPal PRO para WooCommerce<\/strong> permite a su tienda en Internet gestionar pagos en cualquier divisa, incluso las no admitidas por PayPal. Por ejemplo, este complemento convierte la divisa de su tienda a una divisa aprobada por PayPal durante el proceso de pago, lo que garantiza transacciones fluidas y sin restricciones. De este modo, ampliar\u00e1 su base de clientes en todo el mundo y evitar\u00e1 las tarifas de conversi\u00f3n de PayPal.<grok-card data-id=\"431014\" data-type=\"citation_card\"><\/grok-card><grok-card data-id=\"f06698\" data-type=\"citation_card\"><\/grok-card><\/p>\n\n<h3>Conversi\u00f3n de divisas en la caja<\/h3>\n<p>Este plugin ampl\u00eda de forma activa la pasarela PayPal Est\u00e1ndar de WooCommerce. Los usuarios seleccionan su divisa preferida en su sitio Web y el sistema la convierte autom\u00e1ticamente a una divisa permitida por PayPal, como USD o EUR. Como resultado, los clientes completan las compras sin esfuerzo, independientemente de su ubicaci\u00f3n o moneda local.<grok-card data-id=\"a98447\" data-type=\"citation_card\"><\/grok-card><grok-card data-id=\"aadcd9\" data-type=\"citation_card\"><\/grok-card><\/p>\n\n<h3>Principales caracter\u00edsticas y ventajas<\/h3>\n<ul>\n    <li><strong>Tipos de cambio en tiempo real:<\/strong> Obtenga tipos de cambio precisos de proveedores como Open Exchange Rates API, Yahoo Finance o el Banco Central Europeo para mantener las conversiones actualizadas.<grok-card data-id=\"6a43fd\" data-type=\"citation_card\"><\/grok-card><\/li>\n    <li><strong>Actualizaciones autom\u00e1ticas:<\/strong> Programe la obtenci\u00f3n de tarifas mediante WP Crontrol o cron jobs de servidor, para mantener la precisi\u00f3n sin intervenci\u00f3n manual.<grok-card data-id=\"f620e7\" data-type=\"citation_card\"><\/grok-card><\/li>\n    <li><strong>Soporte de divisas personalizadas:<\/strong> Defina divisas personalizadas (por ejemplo, codifique \"XOF\" para el Franco CFA) e int\u00e9grelas sin problemas en WooCommerce.<grok-card data-id=\"d4c1b2\" data-type=\"citation_card\"><\/grok-card><\/li>\n    <li><strong>Automatizaci\u00f3n virtual de productos:<\/strong> Complete autom\u00e1ticamente los pedidos de productos digitales tras el pago, agilizando su flujo de trabajo.<grok-card data-id=\"121011\" data-type=\"citation_card\"><\/grok-card><\/li>\n    <li><strong>Gesti\u00f3n de tasas:<\/strong> Reenv\u00ede las tarifas de PayPal a los clientes o gestione los gastos de gesti\u00f3n para optimizar su estrategia de precios.<grok-card data-id=\"7d3009\" data-type=\"citation_card\"><\/grok-card><\/li>\n    <li><strong>Historia del tipo de cambio:<\/strong> Consulta los gr\u00e1ficos de Google a 5 a\u00f1os para tomar decisiones informadas sobre tarifas y tendencias.<grok-card data-id=\"b6b666\" data-type=\"citation_card\"><\/grok-card><\/li>\n<\/ul>\n\n<h3>F\u00e1cil configuraci\u00f3n y compatibilidad<\/h3>\n<p>Instala el plugin como cualquier complemento de WordPress, act\u00edvalo y configura los ajustes en la pasarela de PayPal de WooCommerce. Adem\u00e1s, activa el modo sandbox para realizar pruebas y asegurarte de que todo funciona correctamente antes de ponerlo en marcha. Por ejemplo, el plugin es compatible con PayPal Digital Goods y funciona con divisas no admitidas como el Naira, siempre que el proveedor cubra el par, aunque comprueba siempre las condiciones de PayPal para evitar infracciones.<grok-card data-id=\"9b593f\" data-type=\"citation_card\"><\/grok-card><grok-card data-id=\"0559f6\" data-type=\"citation_card\"><\/grok-card> Por lo tanto, ganar\u00e1 flexibilidad para las ventas internacionales sin necesidad de conocimientos de codificaci\u00f3n.<\/p>\n\n<h3>Aumente hoy el alcance de su tienda<\/h3>\n<p>Con <strong>Conversor de divisas de PayPal PRO<\/strong>, transforma las barreras de pago en oportunidades. Esta herramienta no s\u00f3lo simplifica las transacciones, sino que tambi\u00e9n aumenta la confianza del cliente a trav\u00e9s de precios fiables y localizados. Inst\u00e1lala ahora para admitir m\u00e1s divisas, automatizar las conversiones y aumentar las conversiones en tu tienda WooCommerce.<grok-card data-id=\"3d0a4a\" data-type=\"citation_card\"><\/grok-card><\/p>\n\t\t\t\t\t<\/div>\n\t\t\t\t\t\t<\/div>\n\t\t\t\t<\/div>\n\t\t\t\t<\/div>\n\t\t\t\t<\/div>","protected":false},"excerpt":{"rendered":"<p>Conversor de divisas de PayPal PRO: Desbloquee los pagos globales en WooCommerce El conversor de divisas de PayPal PRO para WooCommerce permite a su tienda online<\/p>","protected":false},"featured_media":8690,"comment_status":"open","ping_status":"closed","template":"","meta":{"_acf_changed":false},"product_brand":[],"product_cat":[49],"product_tag":[],"class_list":{"0":"post-9012","1":"product","2":"type-product","3":"status-publish","4":"has-post-thumbnail","6":"product_cat-plugins","8":"first","9":"instock","10":"sale","11":"downloadable","12":"shipping-taxable","13":"purchasable","14":"product-type-simple"},"acf":[],"yoast_head":"<!-- This site is optimized with the Yoast SEO Premium plugin v25.6 (Yoast SEO v27.1.1) - https:\/\/yoast.com\/product\/yoast-seo-premium-wordpress\/ -->\n<title>PayPal Currency Converter PRO for WooCommerce - AllWin Theme \u2013 Free WordPress Themes Download<\/title>\n<meta name=\"description\" content=\"Convert WooCommerce currencies to PayPal-supported ones automatically. Access real-time rates from multiple providers for seamless global payments.\" \/>\n<meta name=\"robots\" content=\"index, follow, max-snippet:-1, max-image-preview:large, max-video-preview:-1\" \/>\n<link rel=\"canonical\" href=\"https:\/\/allwintheme.com\/es\/producto\/paypal-currency-converter-pro-para-woocommerce\/\" \/>\n<meta property=\"og:locale\" content=\"es_ES\" \/>\n<meta property=\"og:type\" content=\"article\" \/>\n<meta property=\"og:title\" content=\"PayPal Currency Converter PRO for WooCommerce\" \/>\n<meta property=\"og:description\" content=\"Convert WooCommerce currencies to PayPal-supported ones automatically. Access real-time rates from multiple providers for seamless global payments.\" \/>\n<meta property=\"og:url\" content=\"https:\/\/allwintheme.com\/es\/producto\/paypal-currency-converter-pro-para-woocommerce\/\" \/>\n<meta property=\"og:site_name\" content=\"AllWin Theme \u2013 Free WordPress Themes Download\" \/>\n<meta property=\"article:modified_time\" content=\"2025-10-03T14:17:34+00:00\" \/>\n<meta property=\"og:image\" content=\"https:\/\/allwintheme.com\/wp-content\/uploads\/2025\/10\/1mddu56b.png\" \/>\n\t<meta property=\"og:image:width\" content=\"590\" \/>\n\t<meta property=\"og:image:height\" content=\"300\" \/>\n\t<meta property=\"og:image:type\" content=\"image\/png\" \/>\n<meta name=\"twitter:card\" content=\"summary_large_image\" \/>\n<meta name=\"twitter:label1\" content=\"Tiempo estimado de lectura\" \/>\n\t<meta name=\"twitter:data1\" content=\"2 minutos\" \/>\n<script type=\"application\/ld+json\" class=\"yoast-schema-graph\">{\"@context\":\"https:\/\/schema.org\",\"@graph\":[{\"@type\":\"WebPage\",\"@id\":\"https:\/\/allwintheme.com\/product\/paypal-currency-converter-pro-for-woocommerce\/\",\"url\":\"https:\/\/allwintheme.com\/product\/paypal-currency-converter-pro-for-woocommerce\/\",\"name\":\"PayPal Currency Converter PRO for WooCommerce - AllWin Theme \u2013 Free WordPress Themes Download\",\"isPartOf\":{\"@id\":\"https:\/\/allwintheme.com\/#website\"},\"primaryImageOfPage\":{\"@id\":\"https:\/\/allwintheme.com\/product\/paypal-currency-converter-pro-for-woocommerce\/#primaryimage\"},\"image\":{\"@id\":\"https:\/\/allwintheme.com\/product\/paypal-currency-converter-pro-for-woocommerce\/#primaryimage\"},\"thumbnailUrl\":\"https:\/\/allwintheme.com\/wp-content\/uploads\/2025\/10\/1mddu56b.png\",\"datePublished\":\"2025-10-03T14:11:54+00:00\",\"dateModified\":\"2025-10-03T14:17:34+00:00\",\"description\":\"Convert WooCommerce currencies to PayPal-supported ones automatically. Access real-time rates from multiple providers for seamless global payments.\",\"breadcrumb\":{\"@id\":\"https:\/\/allwintheme.com\/product\/paypal-currency-converter-pro-for-woocommerce\/#breadcrumb\"},\"inLanguage\":\"es-CL\",\"potentialAction\":[{\"@type\":\"ReadAction\",\"target\":[\"https:\/\/allwintheme.com\/product\/paypal-currency-converter-pro-for-woocommerce\/\"]}]},{\"@type\":\"ImageObject\",\"inLanguage\":\"es-CL\",\"@id\":\"https:\/\/allwintheme.com\/product\/paypal-currency-converter-pro-for-woocommerce\/#primaryimage\",\"url\":\"https:\/\/allwintheme.com\/wp-content\/uploads\/2025\/10\/1mddu56b.png\",\"contentUrl\":\"https:\/\/allwintheme.com\/wp-content\/uploads\/2025\/10\/1mddu56b.png\",\"width\":590,\"height\":300,\"caption\":\"PayPal Currency Converter PRO for WooCommerce\"},{\"@type\":\"BreadcrumbList\",\"@id\":\"https:\/\/allwintheme.com\/product\/paypal-currency-converter-pro-for-woocommerce\/#breadcrumb\",\"itemListElement\":[{\"@type\":\"ListItem\",\"position\":1,\"name\":\"Home\",\"item\":\"https:\/\/allwintheme.com\/\"},{\"@type\":\"ListItem\",\"position\":2,\"name\":\"Shop\",\"item\":\"https:\/\/allwintheme.com\/shop\/\"},{\"@type\":\"ListItem\",\"position\":3,\"name\":\"PayPal Currency Converter PRO for WooCommerce\"}]},{\"@type\":\"WebSite\",\"@id\":\"https:\/\/allwintheme.com\/#website\",\"url\":\"https:\/\/allwintheme.com\/\",\"name\":\"Allwintheme\",\"description\":\"Download free WordPress themes for every niche. Blogs, business, eCommerce, portfolio, restaurant and more. All themes are GPL licensed and mobile-ready.\",\"potentialAction\":[{\"@type\":\"SearchAction\",\"target\":{\"@type\":\"EntryPoint\",\"urlTemplate\":\"https:\/\/allwintheme.com\/?s={search_term_string}\"},\"query-input\":{\"@type\":\"PropertyValueSpecification\",\"valueRequired\":true,\"valueName\":\"search_term_string\"}}],\"inLanguage\":\"es-CL\"}]}<\/script>\n<!-- \/ Yoast SEO Premium plugin. -->","yoast_head_json":{"title":"PayPal Currency Converter PRO para WooCommerce - AllWin Theme - Free WordPress Themes Download","description":"Convierte autom\u00e1ticamente las divisas de WooCommerce a las admitidas por PayPal. Accede a tarifas en tiempo real de varios proveedores para realizar pagos globales sin problemas.","robots":{"index":"index","follow":"follow","max-snippet":"max-snippet:-1","max-image-preview":"max-image-preview:large","max-video-preview":"max-video-preview:-1"},"canonical":"https:\/\/allwintheme.com\/es\/producto\/paypal-currency-converter-pro-para-woocommerce\/","og_locale":"es_ES","og_type":"article","og_title":"PayPal Currency Converter PRO for WooCommerce","og_description":"Convert WooCommerce currencies to PayPal-supported ones automatically. Access real-time rates from multiple providers for seamless global payments.","og_url":"https:\/\/allwintheme.com\/es\/producto\/paypal-currency-converter-pro-para-woocommerce\/","og_site_name":"AllWin Theme \u2013 Free WordPress Themes Download","article_modified_time":"2025-10-03T14:17:34+00:00","og_image":[{"width":590,"height":300,"url":"https:\/\/allwintheme.com\/wp-content\/uploads\/2025\/10\/1mddu56b.png","type":"image\/png"}],"twitter_card":"summary_large_image","twitter_misc":{"Tiempo estimado de lectura":"2 minutos"},"schema":{"@context":"https:\/\/schema.org","@graph":[{"@type":"WebPage","@id":"https:\/\/allwintheme.com\/product\/paypal-currency-converter-pro-for-woocommerce\/","url":"https:\/\/allwintheme.com\/product\/paypal-currency-converter-pro-for-woocommerce\/","name":"PayPal Currency Converter PRO para WooCommerce - AllWin Theme - Free WordPress Themes Download","isPartOf":{"@id":"https:\/\/allwintheme.com\/#website"},"primaryImageOfPage":{"@id":"https:\/\/allwintheme.com\/product\/paypal-currency-converter-pro-for-woocommerce\/#primaryimage"},"image":{"@id":"https:\/\/allwintheme.com\/product\/paypal-currency-converter-pro-for-woocommerce\/#primaryimage"},"thumbnailUrl":"https:\/\/allwintheme.com\/wp-content\/uploads\/2025\/10\/1mddu56b.png","datePublished":"2025-10-03T14:11:54+00:00","dateModified":"2025-10-03T14:17:34+00:00","description":"Convierte autom\u00e1ticamente las divisas de WooCommerce a las admitidas por PayPal. Accede a tarifas en tiempo real de varios proveedores para realizar pagos globales sin problemas.","breadcrumb":{"@id":"https:\/\/allwintheme.com\/product\/paypal-currency-converter-pro-for-woocommerce\/#breadcrumb"},"inLanguage":"es-CL","potentialAction":[{"@type":"ReadAction","target":["https:\/\/allwintheme.com\/product\/paypal-currency-converter-pro-for-woocommerce\/"]}]},{"@type":"ImageObject","inLanguage":"es-CL","@id":"https:\/\/allwintheme.com\/product\/paypal-currency-converter-pro-for-woocommerce\/#primaryimage","url":"https:\/\/allwintheme.com\/wp-content\/uploads\/2025\/10\/1mddu56b.png","contentUrl":"https:\/\/allwintheme.com\/wp-content\/uploads\/2025\/10\/1mddu56b.png","width":590,"height":300,"caption":"PayPal Currency Converter PRO for WooCommerce"},{"@type":"BreadcrumbList","@id":"https:\/\/allwintheme.com\/product\/paypal-currency-converter-pro-for-woocommerce\/#breadcrumb","itemListElement":[{"@type":"ListItem","position":1,"name":"Home","item":"https:\/\/allwintheme.com\/"},{"@type":"ListItem","position":2,"name":"Shop","item":"https:\/\/allwintheme.com\/shop\/"},{"@type":"ListItem","position":3,"name":"PayPal Currency Converter PRO for WooCommerce"}]},{"@type":"WebSite","@id":"https:\/\/allwintheme.com\/#website","url":"https:\/\/allwintheme.com\/","name":"Allwintheme","description":"Descarga gratis temas de WordPress para todos los nichos. Blogs, negocios, comercio electr\u00f3nico, portafolio, restaurante y m\u00e1s. Todos los temas tienen licencia GPL y est\u00e1n preparados para dispositivos m\u00f3viles.","potentialAction":[{"@type":"SearchAction","target":{"@type":"EntryPoint","urlTemplate":"https:\/\/allwintheme.com\/?s={search_term_string}"},"query-input":{"@type":"PropertyValueSpecification","valueRequired":true,"valueName":"search_term_string"}}],"inLanguage":"es-CL"}]}},"_links":{"self":[{"href":"https:\/\/allwintheme.com\/es\/wp-json\/wp\/v2\/product\/9012","targetHints":{"allow":["GET"]}}],"collection":[{"href":"https:\/\/allwintheme.com\/es\/wp-json\/wp\/v2\/product"}],"about":[{"href":"https:\/\/allwintheme.com\/es\/wp-json\/wp\/v2\/types\/product"}],"replies":[{"embeddable":true,"href":"https:\/\/allwintheme.com\/es\/wp-json\/wp\/v2\/comments?post=9012"}],"version-history":[{"count":5,"href":"https:\/\/allwintheme.com\/es\/wp-json\/wp\/v2\/product\/9012\/revisions"}],"predecessor-version":[{"id":9017,"href":"https:\/\/allwintheme.com\/es\/wp-json\/wp\/v2\/product\/9012\/revisions\/9017"}],"wp:featuredmedia":[{"embeddable":true,"href":"https:\/\/allwintheme.com\/es\/wp-json\/wp\/v2\/media\/8690"}],"wp:attachment":[{"href":"https:\/\/allwintheme.com\/es\/wp-json\/wp\/v2\/media?parent=9012"}],"wp:term":[{"taxonomy":"product_brand","embeddable":true,"href":"https:\/\/allwintheme.com\/es\/wp-json\/wp\/v2\/product_brand?post=9012"},{"taxonomy":"product_cat","embeddable":true,"href":"https:\/\/allwintheme.com\/es\/wp-json\/wp\/v2\/product_cat?post=9012"},{"taxonomy":"product_tag","embeddable":true,"href":"https:\/\/allwintheme.com\/es\/wp-json\/wp\/v2\/product_tag?post=9012"}],"curies":[{"name":"wp","href":"https:\/\/api.w.org\/{rel}","templated":true}]}}