{"id":9031,"date":"2025-10-03T14:29:13","date_gmt":"2025-10-03T14:29:13","guid":{"rendered":"https:\/\/allwintheme.com\/?post_type=product&#038;p=9031"},"modified":"2025-10-03T14:39:59","modified_gmt":"2025-10-03T14:39:59","slug":"wpdm-paypal-pro","status":"publish","type":"product","link":"https:\/\/allwintheme.com\/es\/producto\/wpdm-paypal-pro\/","title":{"rendered":"WPDM - PayPal Pro"},"content":{"rendered":"<div data-elementor-type=\"wp-post\" data-elementor-id=\"9031\" class=\"elementor elementor-9031\" data-elementor-settings=\"{&quot;element_pack_global_tooltip_width&quot;:{&quot;unit&quot;:&quot;px&quot;,&quot;size&quot;:&quot;&quot;,&quot;sizes&quot;:[]},&quot;element_pack_global_tooltip_width_tablet&quot;:{&quot;unit&quot;:&quot;px&quot;,&quot;size&quot;:&quot;&quot;,&quot;sizes&quot;:[]},&quot;element_pack_global_tooltip_width_mobile&quot;:{&quot;unit&quot;:&quot;px&quot;,&quot;size&quot;:&quot;&quot;,&quot;sizes&quot;:[]},&quot;element_pack_global_tooltip_padding&quot;:{&quot;unit&quot;:&quot;px&quot;,&quot;top&quot;:&quot;&quot;,&quot;right&quot;:&quot;&quot;,&quot;bottom&quot;:&quot;&quot;,&quot;left&quot;:&quot;&quot;,&quot;isLinked&quot;:true},&quot;element_pack_global_tooltip_padding_tablet&quot;:{&quot;unit&quot;:&quot;px&quot;,&quot;top&quot;:&quot;&quot;,&quot;right&quot;:&quot;&quot;,&quot;bottom&quot;:&quot;&quot;,&quot;left&quot;:&quot;&quot;,&quot;isLinked&quot;:true},&quot;element_pack_global_tooltip_padding_mobile&quot;:{&quot;unit&quot;:&quot;px&quot;,&quot;top&quot;:&quot;&quot;,&quot;right&quot;:&quot;&quot;,&quot;bottom&quot;:&quot;&quot;,&quot;left&quot;:&quot;&quot;,&quot;isLinked&quot;:true},&quot;element_pack_global_tooltip_border_radius&quot;:{&quot;unit&quot;:&quot;px&quot;,&quot;top&quot;:&quot;&quot;,&quot;right&quot;:&quot;&quot;,&quot;bottom&quot;:&quot;&quot;,&quot;left&quot;:&quot;&quot;,&quot;isLinked&quot;:true},&quot;element_pack_global_tooltip_border_radius_tablet&quot;:{&quot;unit&quot;:&quot;px&quot;,&quot;top&quot;:&quot;&quot;,&quot;right&quot;:&quot;&quot;,&quot;bottom&quot;:&quot;&quot;,&quot;left&quot;:&quot;&quot;,&quot;isLinked&quot;:true},&quot;element_pack_global_tooltip_border_radius_mobile&quot;:{&quot;unit&quot;:&quot;px&quot;,&quot;top&quot;:&quot;&quot;,&quot;right&quot;:&quot;&quot;,&quot;bottom&quot;:&quot;&quot;,&quot;left&quot;:&quot;&quot;,&quot;isLinked&quot;:true}}\" data-elementor-post-type=\"product\">\n\t\t\t\t<div class=\"elementor-element elementor-element-93aa4a8 e-con-full e-flex e-con e-parent\" data-id=\"93aa4a8\" data-element_type=\"container\" data-e-type=\"container\">\n\t\t\t\t<div class=\"elementor-element elementor-element-2c3f760 miaoshu elementor-widget elementor-widget-wd_text_block\" data-id=\"2c3f760\" data-element_type=\"widget\" data-e-type=\"widget\" data-widget_type=\"wd_text_block.default\">\n\t\t\t\t<div class=\"elementor-widget-container\">\n\t\t\t\t\t\t\t<div class=\"wd-text-block reset-last-child text-left\">\n\t\t\t\n\t\t\t<h2>WPDM - PayPal Pro: Pagos seguros in situ para descargas digitales<\/h2>\n<p><strong>WPDM - PayPal Pro<\/strong> mejora la configuraci\u00f3n de su Gestor de descargas de WordPress activando la integraci\u00f3n de PayPal Payments Pro. Por ejemplo, este complemento permite a los clientes realizar transacciones con tarjeta de cr\u00e9dito directamente en tu sitio web, para que puedas crear una experiencia de comercio electr\u00f3nico profesional para vender archivos digitales.<grok-card data-id=\"e9ffa3\" data-type=\"citation_card\"><\/grok-card><grok-card data-id=\"cea967\" data-type=\"citation_card\"><\/grok-card><\/p>\n\n<h3>Agilice el pago con pagos directos<\/h3>\n<p>Los usuarios seleccionan activamente sus opciones de pago durante el proceso de compra, y el sistema procesa las tarjetas de cr\u00e9dito sin redirigirlos a sitios externos. Esto reduce el abandono de carritos y aumenta las conversiones de sus productos digitales.<grok-card data-id=\"57ddc6\" data-type=\"citation_card\"><\/grok-card> Adem\u00e1s, la pasarela se configura f\u00e1cilmente a trav\u00e9s de los ajustes de WPDM, lo que garantiza una configuraci\u00f3n r\u00e1pida de los paquetes premium.<\/p>\n\n<h3>\u00bfPor qu\u00e9 elegir WPDM - PayPal Pro?<\/h3>\n<ul>\n    <li><strong>Procesamiento in situ:<\/strong> Los clientes pagan con tarjeta de cr\u00e9dito directamente en su sitio web, lo que aumenta la seguridad y la confianza de los usuarios.<grok-card data-id=\"709f26\" data-type=\"citation_card\"><\/grok-card><\/li>\n    <li><strong>Seguridad probada:<\/strong> Aprovecha la madura plataforma de PayPal para realizar transacciones fiables y protegidas contra el fraude.<grok-card data-id=\"3e2632\" data-type=\"citation_card\"><\/grok-card><\/li>\n    <li><strong>F\u00e1cil integraci\u00f3n:<\/strong> Active en WPDM admin bajo Premium Package settings e introduzca sus credenciales de PayPal.<grok-card data-id=\"6ee8c3\" data-type=\"citation_card\"><\/grok-card><\/li>\n    <li><strong>Comercio electr\u00f3nico personalizable:<\/strong> Admite descargas de ventas con carros, facturas y gesti\u00f3n de pedidos para que las operaciones sean fluidas.<grok-card data-id=\"17109f\" data-type=\"citation_card\"><\/grok-card><\/li>\n<\/ul>\n\n<h3>Mejore la eficiencia de su tienda digital<\/h3>\n<p>Por ejemplo, los propietarios de sitios Web pueden activar r\u00e1pidamente este complemento para gestionar los pagos de libros electr\u00f3nicos o software. Como resultado, usted se centra en el contenido mientras PayPal gestiona el backend de forma segura. Por lo tanto, WPDM - PayPal Pro\n\t\t\t\t\t<\/div>\n\t\t\t\t\t\t<\/div>\n\t\t\t\t<\/div>\n\t\t\t\t<\/div>\n\t\t\t\t<\/div>","protected":false},"excerpt":{"rendered":"<p>WPDM \u2013 PayPal Pro: Secure On-Site Payments for Digital Downloads WPDM \u2013 PayPal Pro enhances your WordPress Download Manager setup<\/p>","protected":false},"featured_media":8647,"comment_status":"open","ping_status":"closed","template":"","meta":{"_acf_changed":false},"product_brand":[],"product_cat":[49],"product_tag":[],"class_list":{"0":"post-9031","1":"product","2":"type-product","3":"status-publish","4":"has-post-thumbnail","6":"product_cat-plugins","8":"first","9":"instock","10":"sale","11":"downloadable","12":"shipping-taxable","13":"purchasable","14":"product-type-simple"},"acf":[],"yoast_head":"<!-- This site is optimized with the Yoast SEO Premium plugin v25.6 (Yoast SEO v27.1.1) - https:\/\/yoast.com\/product\/yoast-seo-premium-wordpress\/ -->\n<title>WPDM \u2013 PayPal Pro - AllWin Theme \u2013 Free WordPress Themes Download<\/title>\n<meta name=\"description\" content=\"Integrate PayPal Pro with WordPress Download Manager for seamless credit card payments. Users pay directly on-site without redirects.\" \/>\n<meta name=\"robots\" content=\"index, follow, max-snippet:-1, max-image-preview:large, max-video-preview:-1\" \/>\n<link rel=\"canonical\" href=\"https:\/\/allwintheme.com\/es\/producto\/wpdm-paypal-pro\/\" \/>\n<meta property=\"og:locale\" content=\"es_ES\" \/>\n<meta property=\"og:type\" content=\"article\" \/>\n<meta property=\"og:title\" content=\"WPDM \u2013 PayPal Pro\" \/>\n<meta property=\"og:description\" content=\"Integrate PayPal Pro with WordPress Download Manager for seamless credit card payments. Users pay directly on-site without redirects.\" \/>\n<meta property=\"og:url\" content=\"https:\/\/allwintheme.com\/es\/producto\/wpdm-paypal-pro\/\" \/>\n<meta property=\"og:site_name\" content=\"AllWin Theme \u2013 Free WordPress Themes Download\" \/>\n<meta property=\"article:modified_time\" content=\"2025-10-03T14:39:59+00:00\" \/>\n<meta property=\"og:image\" content=\"https:\/\/allwintheme.com\/wp-content\/uploads\/2025\/10\/10ugoecr.png\" \/>\n\t<meta property=\"og:image:width\" content=\"768\" \/>\n\t<meta property=\"og:image:height\" content=\"427\" \/>\n\t<meta property=\"og:image:type\" content=\"image\/png\" \/>\n<meta name=\"twitter:card\" content=\"summary_large_image\" \/>\n<meta name=\"twitter:label1\" content=\"Tiempo estimado de lectura\" \/>\n\t<meta name=\"twitter:data1\" content=\"2 minutos\" \/>\n<script type=\"application\/ld+json\" class=\"yoast-schema-graph\">{\"@context\":\"https:\/\/schema.org\",\"@graph\":[{\"@type\":\"WebPage\",\"@id\":\"https:\/\/allwintheme.com\/product\/wpdm-paypal-pro\/\",\"url\":\"https:\/\/allwintheme.com\/product\/wpdm-paypal-pro\/\",\"name\":\"WPDM \u2013 PayPal Pro - AllWin Theme \u2013 Free WordPress Themes Download\",\"isPartOf\":{\"@id\":\"https:\/\/allwintheme.com\/#website\"},\"primaryImageOfPage\":{\"@id\":\"https:\/\/allwintheme.com\/product\/wpdm-paypal-pro\/#primaryimage\"},\"image\":{\"@id\":\"https:\/\/allwintheme.com\/product\/wpdm-paypal-pro\/#primaryimage\"},\"thumbnailUrl\":\"https:\/\/allwintheme.com\/wp-content\/uploads\/2025\/10\/10ugoecr.png\",\"datePublished\":\"2025-10-03T14:29:13+00:00\",\"dateModified\":\"2025-10-03T14:39:59+00:00\",\"description\":\"Integrate PayPal Pro with WordPress Download Manager for seamless credit card payments. Users pay directly on-site without redirects.\",\"breadcrumb\":{\"@id\":\"https:\/\/allwintheme.com\/product\/wpdm-paypal-pro\/#breadcrumb\"},\"inLanguage\":\"es-CL\",\"potentialAction\":[{\"@type\":\"ReadAction\",\"target\":[\"https:\/\/allwintheme.com\/product\/wpdm-paypal-pro\/\"]}]},{\"@type\":\"ImageObject\",\"inLanguage\":\"es-CL\",\"@id\":\"https:\/\/allwintheme.com\/product\/wpdm-paypal-pro\/#primaryimage\",\"url\":\"https:\/\/allwintheme.com\/wp-content\/uploads\/2025\/10\/10ugoecr.png\",\"contentUrl\":\"https:\/\/allwintheme.com\/wp-content\/uploads\/2025\/10\/10ugoecr.png\",\"width\":768,\"height\":427,\"caption\":\"WPDM \u2013 PayPal Pro\"},{\"@type\":\"BreadcrumbList\",\"@id\":\"https:\/\/allwintheme.com\/product\/wpdm-paypal-pro\/#breadcrumb\",\"itemListElement\":[{\"@type\":\"ListItem\",\"position\":1,\"name\":\"Home\",\"item\":\"https:\/\/allwintheme.com\/\"},{\"@type\":\"ListItem\",\"position\":2,\"name\":\"Shop\",\"item\":\"https:\/\/allwintheme.com\/shop\/\"},{\"@type\":\"ListItem\",\"position\":3,\"name\":\"WPDM \u2013 PayPal Pro\"}]},{\"@type\":\"WebSite\",\"@id\":\"https:\/\/allwintheme.com\/#website\",\"url\":\"https:\/\/allwintheme.com\/\",\"name\":\"Allwintheme\",\"description\":\"Download free WordPress themes for every niche. Blogs, business, eCommerce, portfolio, restaurant and more. All themes are GPL licensed and mobile-ready.\",\"potentialAction\":[{\"@type\":\"SearchAction\",\"target\":{\"@type\":\"EntryPoint\",\"urlTemplate\":\"https:\/\/allwintheme.com\/?s={search_term_string}\"},\"query-input\":{\"@type\":\"PropertyValueSpecification\",\"valueRequired\":true,\"valueName\":\"search_term_string\"}}],\"inLanguage\":\"es-CL\"}]}<\/script>\n<!-- \/ Yoast SEO Premium plugin. -->","yoast_head_json":{"title":"WPDM - PayPal Pro - AllWin Theme - Free WordPress Themes Download","description":"Integre PayPal Pro con WordPress Download Manager para realizar pagos con tarjeta de cr\u00e9dito sin problemas. Los usuarios pagan directamente en el sitio sin redirecciones.","robots":{"index":"index","follow":"follow","max-snippet":"max-snippet:-1","max-image-preview":"max-image-preview:large","max-video-preview":"max-video-preview:-1"},"canonical":"https:\/\/allwintheme.com\/es\/producto\/wpdm-paypal-pro\/","og_locale":"es_ES","og_type":"article","og_title":"WPDM \u2013 PayPal Pro","og_description":"Integrate PayPal Pro with WordPress Download Manager for seamless credit card payments. Users pay directly on-site without redirects.","og_url":"https:\/\/allwintheme.com\/es\/producto\/wpdm-paypal-pro\/","og_site_name":"AllWin Theme \u2013 Free WordPress Themes Download","article_modified_time":"2025-10-03T14:39:59+00:00","og_image":[{"width":768,"height":427,"url":"https:\/\/allwintheme.com\/wp-content\/uploads\/2025\/10\/10ugoecr.png","type":"image\/png"}],"twitter_card":"summary_large_image","twitter_misc":{"Tiempo estimado de lectura":"2 minutos"},"schema":{"@context":"https:\/\/schema.org","@graph":[{"@type":"WebPage","@id":"https:\/\/allwintheme.com\/product\/wpdm-paypal-pro\/","url":"https:\/\/allwintheme.com\/product\/wpdm-paypal-pro\/","name":"WPDM - PayPal Pro - AllWin Theme - Free WordPress Themes Download","isPartOf":{"@id":"https:\/\/allwintheme.com\/#website"},"primaryImageOfPage":{"@id":"https:\/\/allwintheme.com\/product\/wpdm-paypal-pro\/#primaryimage"},"image":{"@id":"https:\/\/allwintheme.com\/product\/wpdm-paypal-pro\/#primaryimage"},"thumbnailUrl":"https:\/\/allwintheme.com\/wp-content\/uploads\/2025\/10\/10ugoecr.png","datePublished":"2025-10-03T14:29:13+00:00","dateModified":"2025-10-03T14:39:59+00:00","description":"Integre PayPal Pro con WordPress Download Manager para realizar pagos con tarjeta de cr\u00e9dito sin problemas. Los usuarios pagan directamente en el sitio sin redirecciones.","breadcrumb":{"@id":"https:\/\/allwintheme.com\/product\/wpdm-paypal-pro\/#breadcrumb"},"inLanguage":"es-CL","potentialAction":[{"@type":"ReadAction","target":["https:\/\/allwintheme.com\/product\/wpdm-paypal-pro\/"]}]},{"@type":"ImageObject","inLanguage":"es-CL","@id":"https:\/\/allwintheme.com\/product\/wpdm-paypal-pro\/#primaryimage","url":"https:\/\/allwintheme.com\/wp-content\/uploads\/2025\/10\/10ugoecr.png","contentUrl":"https:\/\/allwintheme.com\/wp-content\/uploads\/2025\/10\/10ugoecr.png","width":768,"height":427,"caption":"WPDM \u2013 PayPal Pro"},{"@type":"BreadcrumbList","@id":"https:\/\/allwintheme.com\/product\/wpdm-paypal-pro\/#breadcrumb","itemListElement":[{"@type":"ListItem","position":1,"name":"Home","item":"https:\/\/allwintheme.com\/"},{"@type":"ListItem","position":2,"name":"Shop","item":"https:\/\/allwintheme.com\/shop\/"},{"@type":"ListItem","position":3,"name":"WPDM \u2013 PayPal Pro"}]},{"@type":"WebSite","@id":"https:\/\/allwintheme.com\/#website","url":"https:\/\/allwintheme.com\/","name":"Allwintheme","description":"Descarga gratis temas de WordPress para todos los nichos. Blogs, negocios, comercio electr\u00f3nico, portafolio, restaurante y m\u00e1s. Todos los temas tienen licencia GPL y est\u00e1n preparados para dispositivos m\u00f3viles.","potentialAction":[{"@type":"SearchAction","target":{"@type":"EntryPoint","urlTemplate":"https:\/\/allwintheme.com\/?s={search_term_string}"},"query-input":{"@type":"PropertyValueSpecification","valueRequired":true,"valueName":"search_term_string"}}],"inLanguage":"es-CL"}]}},"_links":{"self":[{"href":"https:\/\/allwintheme.com\/es\/wp-json\/wp\/v2\/product\/9031","targetHints":{"allow":["GET"]}}],"collection":[{"href":"https:\/\/allwintheme.com\/es\/wp-json\/wp\/v2\/product"}],"about":[{"href":"https:\/\/allwintheme.com\/es\/wp-json\/wp\/v2\/types\/product"}],"replies":[{"embeddable":true,"href":"https:\/\/allwintheme.com\/es\/wp-json\/wp\/v2\/comments?post=9031"}],"version-history":[{"count":5,"href":"https:\/\/allwintheme.com\/es\/wp-json\/wp\/v2\/product\/9031\/revisions"}],"predecessor-version":[{"id":9036,"href":"https:\/\/allwintheme.com\/es\/wp-json\/wp\/v2\/product\/9031\/revisions\/9036"}],"wp:featuredmedia":[{"embeddable":true,"href":"https:\/\/allwintheme.com\/es\/wp-json\/wp\/v2\/media\/8647"}],"wp:attachment":[{"href":"https:\/\/allwintheme.com\/es\/wp-json\/wp\/v2\/media?parent=9031"}],"wp:term":[{"taxonomy":"product_brand","embeddable":true,"href":"https:\/\/allwintheme.com\/es\/wp-json\/wp\/v2\/product_brand?post=9031"},{"taxonomy":"product_cat","embeddable":true,"href":"https:\/\/allwintheme.com\/es\/wp-json\/wp\/v2\/product_cat?post=9031"},{"taxonomy":"product_tag","embeddable":true,"href":"https:\/\/allwintheme.com\/es\/wp-json\/wp\/v2\/product_tag?post=9031"}],"curies":[{"name":"wp","href":"https:\/\/api.w.org\/{rel}","templated":true}]}}