{"id":9063,"date":"2025-10-03T14:58:48","date_gmt":"2025-10-03T14:58:48","guid":{"rendered":"https:\/\/allwintheme.com\/?post_type=product&#038;p=9063"},"modified":"2025-10-03T15:03:27","modified_gmt":"2025-10-03T15:03:27","slug":"suscripciones-de-miembros-de-pago-paypal-pro-y-paypal-express","status":"publish","type":"product","link":"https:\/\/allwintheme.com\/es\/producto\/suscripciones-de-miembros-de-pago-paypal-pro-y-paypal-express\/","title":{"rendered":"Suscripciones de pago para miembros: PayPal Pro y PayPal Expr\u00e9s"},"content":{"rendered":"<div data-elementor-type=\"wp-post\" data-elementor-id=\"9063\" class=\"elementor elementor-9063\" data-elementor-settings=\"{&quot;element_pack_global_tooltip_width&quot;:{&quot;unit&quot;:&quot;px&quot;,&quot;size&quot;:&quot;&quot;,&quot;sizes&quot;:[]},&quot;element_pack_global_tooltip_width_tablet&quot;:{&quot;unit&quot;:&quot;px&quot;,&quot;size&quot;:&quot;&quot;,&quot;sizes&quot;:[]},&quot;element_pack_global_tooltip_width_mobile&quot;:{&quot;unit&quot;:&quot;px&quot;,&quot;size&quot;:&quot;&quot;,&quot;sizes&quot;:[]},&quot;element_pack_global_tooltip_padding&quot;:{&quot;unit&quot;:&quot;px&quot;,&quot;top&quot;:&quot;&quot;,&quot;right&quot;:&quot;&quot;,&quot;bottom&quot;:&quot;&quot;,&quot;left&quot;:&quot;&quot;,&quot;isLinked&quot;:true},&quot;element_pack_global_tooltip_padding_tablet&quot;:{&quot;unit&quot;:&quot;px&quot;,&quot;top&quot;:&quot;&quot;,&quot;right&quot;:&quot;&quot;,&quot;bottom&quot;:&quot;&quot;,&quot;left&quot;:&quot;&quot;,&quot;isLinked&quot;:true},&quot;element_pack_global_tooltip_padding_mobile&quot;:{&quot;unit&quot;:&quot;px&quot;,&quot;top&quot;:&quot;&quot;,&quot;right&quot;:&quot;&quot;,&quot;bottom&quot;:&quot;&quot;,&quot;left&quot;:&quot;&quot;,&quot;isLinked&quot;:true},&quot;element_pack_global_tooltip_border_radius&quot;:{&quot;unit&quot;:&quot;px&quot;,&quot;top&quot;:&quot;&quot;,&quot;right&quot;:&quot;&quot;,&quot;bottom&quot;:&quot;&quot;,&quot;left&quot;:&quot;&quot;,&quot;isLinked&quot;:true},&quot;element_pack_global_tooltip_border_radius_tablet&quot;:{&quot;unit&quot;:&quot;px&quot;,&quot;top&quot;:&quot;&quot;,&quot;right&quot;:&quot;&quot;,&quot;bottom&quot;:&quot;&quot;,&quot;left&quot;:&quot;&quot;,&quot;isLinked&quot;:true},&quot;element_pack_global_tooltip_border_radius_mobile&quot;:{&quot;unit&quot;:&quot;px&quot;,&quot;top&quot;:&quot;&quot;,&quot;right&quot;:&quot;&quot;,&quot;bottom&quot;:&quot;&quot;,&quot;left&quot;:&quot;&quot;,&quot;isLinked&quot;:true}}\" data-elementor-post-type=\"product\">\n\t\t\t\t<div class=\"elementor-element elementor-element-93aa4a8 e-con-full e-flex e-con e-parent\" data-id=\"93aa4a8\" data-element_type=\"container\" data-e-type=\"container\">\n\t\t\t\t<div class=\"elementor-element elementor-element-2c3f760 miaoshu elementor-widget elementor-widget-wd_text_block\" data-id=\"2c3f760\" data-element_type=\"widget\" data-e-type=\"widget\" data-widget_type=\"wd_text_block.default\">\n\t\t\t\t<div class=\"elementor-widget-container\">\n\t\t\t\t\t\t\t<div class=\"wd-text-block reset-last-child text-left\">\n\t\t\t\n\t\t\t<h2>Suscripciones de miembros de pago: PayPal Pro y expr\u00e9s: Pagos seguros in situ<\/h2>\n<p>En <strong>Suscripciones de miembros de pago: PayPal Pro y expr\u00e9s<\/strong> le permite integrar las pasarelas de Pago Pro y Pago expr\u00e9s de PayPal en su sitio Web de afiliaci\u00f3n. Por ejemplo, los usuarios completan los pagos directamente en su sitio Web, por lo que nunca tienen que ir a una p\u00e1gina separada de PayPal. En consecuencia, esto aumenta las tasas de conversi\u00f3n y proporciona una experiencia perfecta a sus suscriptores.<grok-card data-id=\"d52f06\" data-type=\"citation_card\"><\/grok-card><\/p>\n\n<h3>Agilice los pagos con pasarelas duales<\/h3>\n<p>Active este complemento en su panel de control en Suscripciones de pago para miembros \u2192 Complementos y, a continuaci\u00f3n, configure las pasarelas en Configuraci\u00f3n \u2192 Pagos. PayPal Pro le permite procesar pagos con tarjeta de cr\u00e9dito de forma segura in situ, mientras que PayPal expr\u00e9s a\u00f1ade seguridad adicional similar a PayPal est\u00e1ndar. Adem\u00e1s, a partir de la versi\u00f3n 1.0.8, Expreso admite tarifas de inscripci\u00f3n y pruebas gratuitas, por lo que es ideal para modelos de suscripci\u00f3n flexibles.<grok-card data-id=\"0bc03d\" data-type=\"citation_card\"><\/grok-card><grok-card data-id=\"0e65f6\" data-type=\"citation_card\"><\/grok-card><\/p>\n\n<h3>\u00bfPor qu\u00e9 elegir este complemento?<\/h3>\n<ul>\n    <li><strong>Transacciones in situ:<\/strong> Los usuarios pagan sin redireccionamientos, lo que aumenta la confianza y la rapidez.<\/li>\n    <li><strong>Aceptaci\u00f3n de tarjetas de cr\u00e9dito:<\/strong> Pro gestiona los pagos directos con tarjeta, ampliando sus opciones de pago.<\/li>\n    <li><strong>Seguridad reforzada:<\/strong> Express ofrece protecci\u00f3n por capas para las suscripciones peri\u00f3dicas.<\/li>\n    <li><strong>Requisito SSL:<\/strong> Aseg\u00farese de que su sitio dispone de un certificado SSL para cumplir la normativa y funcionar sin problemas.<grok-card data-id=\"19056e\" data-type=\"citation_card\"><\/grok-card><\/li>\n    <li><strong>Apoyo recurrente:<\/strong> Automatice la facturaci\u00f3n \u00fanica y por suscripci\u00f3n sin esfuerzo.<\/li>\n<\/ul>\n\n<h3>Aumente la eficacia de su sitio de afiliaci\u00f3n<\/h3>\n<p>Con este complemento, eliminar\u00e1 las fricciones de pago para los usuarios. Por ejemplo, es compatible con la disponibilidad global en la que operan los productos de PayPal, lo que le ayuda a llegar a m\u00e1s clientes. Por lo tanto, los propietarios de sitios configuran r\u00e1pidamente transacciones seguras y conformes con PCI, reduciendo los riesgos de fraude y manteniendo el cumplimiento.<grok-card data-id=\"e15f57\" data-type=\"citation_card\"><\/grok-card><\/p>\n\n<h3>Introducci\u00f3n a PayPal Pro y Express<\/h3>\n<p>Actualice hoy mismo la configuraci\u00f3n de sus suscripciones de pago para miembros con el complemento PayPal Pro y Express. Al habilitar estas pasarelas, ofrecer\u00e1 pagos fiables y eficaces que mantendr\u00e1n el inter\u00e9s de los suscriptores. Inst\u00e1lelo ahora y transforme el potencial de ingresos de su sitio Web.<\/p>\n\t\t\t\t\t<\/div>\n\t\t\t\t\t\t<\/div>\n\t\t\t\t<\/div>\n\t\t\t\t<\/div>\n\t\t\t\t<\/div>","protected":false},"excerpt":{"rendered":"<p>Paid Member Subscriptions \u2013 PayPal Pro and Express: Secure On-Site Payments The Paid Member Subscriptions \u2013 PayPal Pro and Express<\/p>","protected":false},"featured_media":8642,"comment_status":"open","ping_status":"closed","template":"","meta":{"_acf_changed":false},"product_brand":[],"product_cat":[49],"product_tag":[],"class_list":{"0":"post-9063","1":"product","2":"type-product","3":"status-publish","4":"has-post-thumbnail","6":"product_cat-plugins","8":"first","9":"instock","10":"sale","11":"downloadable","12":"shipping-taxable","13":"purchasable","14":"product-type-simple"},"acf":[],"yoast_head":"<!-- This site is optimized with the Yoast SEO Premium plugin v25.6 (Yoast SEO v27.1.1) - https:\/\/yoast.com\/product\/yoast-seo-premium-wordpress\/ -->\n<title>Paid Member Subscriptions \u2013 PayPal Pro and PayPal Express - AllWin Theme \u2013 Free WordPress Themes Download<\/title>\n<meta name=\"description\" content=\"Boost revenue with Jeg Paywall PayPal for WooCommerce. Restrict premium content, enable subscriptions, and accept global PayPal payments easily.\" \/>\n<meta name=\"robots\" content=\"index, follow, max-snippet:-1, max-image-preview:large, max-video-preview:-1\" \/>\n<link rel=\"canonical\" href=\"https:\/\/allwintheme.com\/es\/producto\/suscripciones-de-miembros-de-pago-paypal-pro-y-paypal-express\/\" \/>\n<meta property=\"og:locale\" content=\"es_ES\" \/>\n<meta property=\"og:type\" content=\"article\" \/>\n<meta property=\"og:title\" content=\"Paid Member Subscriptions \u2013 PayPal Pro and PayPal Express\" \/>\n<meta property=\"og:description\" content=\"Boost revenue with Jeg Paywall PayPal for WooCommerce. Restrict premium content, enable subscriptions, and accept global PayPal payments easily.\" \/>\n<meta property=\"og:url\" content=\"https:\/\/allwintheme.com\/es\/producto\/suscripciones-de-miembros-de-pago-paypal-pro-y-paypal-express\/\" \/>\n<meta property=\"og:site_name\" content=\"AllWin Theme \u2013 Free WordPress Themes Download\" \/>\n<meta property=\"article:modified_time\" content=\"2025-10-03T15:03:27+00:00\" \/>\n<meta property=\"og:image\" content=\"https:\/\/allwintheme.com\/wp-content\/uploads\/2025\/10\/c6qij4ur.png\" \/>\n\t<meta property=\"og:image:width\" content=\"590\" \/>\n\t<meta property=\"og:image:height\" content=\"300\" \/>\n\t<meta property=\"og:image:type\" content=\"image\/png\" \/>\n<meta name=\"twitter:card\" content=\"summary_large_image\" \/>\n<meta name=\"twitter:label1\" content=\"Tiempo estimado de lectura\" \/>\n\t<meta name=\"twitter:data1\" content=\"2 minutos\" \/>\n<script type=\"application\/ld+json\" class=\"yoast-schema-graph\">{\"@context\":\"https:\/\/schema.org\",\"@graph\":[{\"@type\":\"WebPage\",\"@id\":\"https:\/\/allwintheme.com\/product\/paid-member-subscriptions-paypal-pro-and-paypal-express\/\",\"url\":\"https:\/\/allwintheme.com\/product\/paid-member-subscriptions-paypal-pro-and-paypal-express\/\",\"name\":\"Paid Member Subscriptions \u2013 PayPal Pro and PayPal Express - AllWin Theme \u2013 Free WordPress Themes Download\",\"isPartOf\":{\"@id\":\"https:\/\/allwintheme.com\/#website\"},\"primaryImageOfPage\":{\"@id\":\"https:\/\/allwintheme.com\/product\/paid-member-subscriptions-paypal-pro-and-paypal-express\/#primaryimage\"},\"image\":{\"@id\":\"https:\/\/allwintheme.com\/product\/paid-member-subscriptions-paypal-pro-and-paypal-express\/#primaryimage\"},\"thumbnailUrl\":\"https:\/\/allwintheme.com\/wp-content\/uploads\/2025\/10\/c6qij4ur.png\",\"datePublished\":\"2025-10-03T14:58:48+00:00\",\"dateModified\":\"2025-10-03T15:03:27+00:00\",\"description\":\"Boost revenue with Jeg Paywall PayPal for WooCommerce. Restrict premium content, enable subscriptions, and accept global PayPal payments easily.\",\"breadcrumb\":{\"@id\":\"https:\/\/allwintheme.com\/product\/paid-member-subscriptions-paypal-pro-and-paypal-express\/#breadcrumb\"},\"inLanguage\":\"es-CL\",\"potentialAction\":[{\"@type\":\"ReadAction\",\"target\":[\"https:\/\/allwintheme.com\/product\/paid-member-subscriptions-paypal-pro-and-paypal-express\/\"]}]},{\"@type\":\"ImageObject\",\"inLanguage\":\"es-CL\",\"@id\":\"https:\/\/allwintheme.com\/product\/paid-member-subscriptions-paypal-pro-and-paypal-express\/#primaryimage\",\"url\":\"https:\/\/allwintheme.com\/wp-content\/uploads\/2025\/10\/c6qij4ur.png\",\"contentUrl\":\"https:\/\/allwintheme.com\/wp-content\/uploads\/2025\/10\/c6qij4ur.png\",\"width\":590,\"height\":300,\"caption\":\"Paid Member Subscriptions \u2013 PayPal Pro and PayPal Express\"},{\"@type\":\"BreadcrumbList\",\"@id\":\"https:\/\/allwintheme.com\/product\/paid-member-subscriptions-paypal-pro-and-paypal-express\/#breadcrumb\",\"itemListElement\":[{\"@type\":\"ListItem\",\"position\":1,\"name\":\"Home\",\"item\":\"https:\/\/allwintheme.com\/\"},{\"@type\":\"ListItem\",\"position\":2,\"name\":\"Shop\",\"item\":\"https:\/\/allwintheme.com\/shop\/\"},{\"@type\":\"ListItem\",\"position\":3,\"name\":\"Paid Member Subscriptions \u2013 PayPal Pro and PayPal Express\"}]},{\"@type\":\"WebSite\",\"@id\":\"https:\/\/allwintheme.com\/#website\",\"url\":\"https:\/\/allwintheme.com\/\",\"name\":\"Allwintheme\",\"description\":\"Download free WordPress themes for every niche. Blogs, business, eCommerce, portfolio, restaurant and more. All themes are GPL licensed and mobile-ready.\",\"potentialAction\":[{\"@type\":\"SearchAction\",\"target\":{\"@type\":\"EntryPoint\",\"urlTemplate\":\"https:\/\/allwintheme.com\/?s={search_term_string}\"},\"query-input\":{\"@type\":\"PropertyValueSpecification\",\"valueRequired\":true,\"valueName\":\"search_term_string\"}}],\"inLanguage\":\"es-CL\"}]}<\/script>\n<!-- \/ Yoast SEO Premium plugin. -->","yoast_head_json":{"title":"Paid Member Subscriptions \u2013 PayPal Pro and PayPal Express - AllWin Theme \u2013 Free WordPress Themes Download","description":"Aumente los ingresos con Jeg Paywall PayPal para WooCommerce. Restringe el contenido premium, habilita las suscripciones y acepta pagos globales de PayPal f\u00e1cilmente.","robots":{"index":"index","follow":"follow","max-snippet":"max-snippet:-1","max-image-preview":"max-image-preview:large","max-video-preview":"max-video-preview:-1"},"canonical":"https:\/\/allwintheme.com\/es\/producto\/suscripciones-de-miembros-de-pago-paypal-pro-y-paypal-express\/","og_locale":"es_ES","og_type":"article","og_title":"Paid Member Subscriptions \u2013 PayPal Pro and PayPal Express","og_description":"Boost revenue with Jeg Paywall PayPal for WooCommerce. Restrict premium content, enable subscriptions, and accept global PayPal payments easily.","og_url":"https:\/\/allwintheme.com\/es\/producto\/suscripciones-de-miembros-de-pago-paypal-pro-y-paypal-express\/","og_site_name":"AllWin Theme \u2013 Free WordPress Themes Download","article_modified_time":"2025-10-03T15:03:27+00:00","og_image":[{"width":590,"height":300,"url":"https:\/\/allwintheme.com\/wp-content\/uploads\/2025\/10\/c6qij4ur.png","type":"image\/png"}],"twitter_card":"summary_large_image","twitter_misc":{"Tiempo estimado de lectura":"2 minutos"},"schema":{"@context":"https:\/\/schema.org","@graph":[{"@type":"WebPage","@id":"https:\/\/allwintheme.com\/product\/paid-member-subscriptions-paypal-pro-and-paypal-express\/","url":"https:\/\/allwintheme.com\/product\/paid-member-subscriptions-paypal-pro-and-paypal-express\/","name":"Paid Member Subscriptions \u2013 PayPal Pro and PayPal Express - AllWin Theme \u2013 Free WordPress Themes Download","isPartOf":{"@id":"https:\/\/allwintheme.com\/#website"},"primaryImageOfPage":{"@id":"https:\/\/allwintheme.com\/product\/paid-member-subscriptions-paypal-pro-and-paypal-express\/#primaryimage"},"image":{"@id":"https:\/\/allwintheme.com\/product\/paid-member-subscriptions-paypal-pro-and-paypal-express\/#primaryimage"},"thumbnailUrl":"https:\/\/allwintheme.com\/wp-content\/uploads\/2025\/10\/c6qij4ur.png","datePublished":"2025-10-03T14:58:48+00:00","dateModified":"2025-10-03T15:03:27+00:00","description":"Aumente los ingresos con Jeg Paywall PayPal para WooCommerce. Restringe el contenido premium, habilita las suscripciones y acepta pagos globales de PayPal f\u00e1cilmente.","breadcrumb":{"@id":"https:\/\/allwintheme.com\/product\/paid-member-subscriptions-paypal-pro-and-paypal-express\/#breadcrumb"},"inLanguage":"es-CL","potentialAction":[{"@type":"ReadAction","target":["https:\/\/allwintheme.com\/product\/paid-member-subscriptions-paypal-pro-and-paypal-express\/"]}]},{"@type":"ImageObject","inLanguage":"es-CL","@id":"https:\/\/allwintheme.com\/product\/paid-member-subscriptions-paypal-pro-and-paypal-express\/#primaryimage","url":"https:\/\/allwintheme.com\/wp-content\/uploads\/2025\/10\/c6qij4ur.png","contentUrl":"https:\/\/allwintheme.com\/wp-content\/uploads\/2025\/10\/c6qij4ur.png","width":590,"height":300,"caption":"Paid Member Subscriptions \u2013 PayPal Pro and PayPal Express"},{"@type":"BreadcrumbList","@id":"https:\/\/allwintheme.com\/product\/paid-member-subscriptions-paypal-pro-and-paypal-express\/#breadcrumb","itemListElement":[{"@type":"ListItem","position":1,"name":"Home","item":"https:\/\/allwintheme.com\/"},{"@type":"ListItem","position":2,"name":"Shop","item":"https:\/\/allwintheme.com\/shop\/"},{"@type":"ListItem","position":3,"name":"Paid Member Subscriptions \u2013 PayPal Pro and PayPal Express"}]},{"@type":"WebSite","@id":"https:\/\/allwintheme.com\/#website","url":"https:\/\/allwintheme.com\/","name":"Allwintheme","description":"Descarga gratis temas de WordPress para todos los nichos. Blogs, negocios, comercio electr\u00f3nico, portafolio, restaurante y m\u00e1s. Todos los temas tienen licencia GPL y est\u00e1n preparados para dispositivos m\u00f3viles.","potentialAction":[{"@type":"SearchAction","target":{"@type":"EntryPoint","urlTemplate":"https:\/\/allwintheme.com\/?s={search_term_string}"},"query-input":{"@type":"PropertyValueSpecification","valueRequired":true,"valueName":"search_term_string"}}],"inLanguage":"es-CL"}]}},"_links":{"self":[{"href":"https:\/\/allwintheme.com\/es\/wp-json\/wp\/v2\/product\/9063","targetHints":{"allow":["GET"]}}],"collection":[{"href":"https:\/\/allwintheme.com\/es\/wp-json\/wp\/v2\/product"}],"about":[{"href":"https:\/\/allwintheme.com\/es\/wp-json\/wp\/v2\/types\/product"}],"replies":[{"embeddable":true,"href":"https:\/\/allwintheme.com\/es\/wp-json\/wp\/v2\/comments?post=9063"}],"version-history":[{"count":5,"href":"https:\/\/allwintheme.com\/es\/wp-json\/wp\/v2\/product\/9063\/revisions"}],"predecessor-version":[{"id":9068,"href":"https:\/\/allwintheme.com\/es\/wp-json\/wp\/v2\/product\/9063\/revisions\/9068"}],"wp:featuredmedia":[{"embeddable":true,"href":"https:\/\/allwintheme.com\/es\/wp-json\/wp\/v2\/media\/8642"}],"wp:attachment":[{"href":"https:\/\/allwintheme.com\/es\/wp-json\/wp\/v2\/media?parent=9063"}],"wp:term":[{"taxonomy":"product_brand","embeddable":true,"href":"https:\/\/allwintheme.com\/es\/wp-json\/wp\/v2\/product_brand?post=9063"},{"taxonomy":"product_cat","embeddable":true,"href":"https:\/\/allwintheme.com\/es\/wp-json\/wp\/v2\/product_cat?post=9063"},{"taxonomy":"product_tag","embeddable":true,"href":"https:\/\/allwintheme.com\/es\/wp-json\/wp\/v2\/product_tag?post=9063"}],"curies":[{"name":"wp","href":"https:\/\/api.w.org\/{rel}","templated":true}]}}