{"id":9069,"date":"2025-10-03T15:03:43","date_gmt":"2025-10-03T15:03:43","guid":{"rendered":"https:\/\/allwintheme.com\/?post_type=product&#038;p=9069"},"modified":"2025-10-03T15:09:03","modified_gmt":"2025-10-03T15:09:03","slug":"registro-de-usuarios-paypal-addon","status":"publish","type":"product","link":"https:\/\/allwintheme.com\/es\/producto\/registro-de-usuarios-paypal-addon\/","title":{"rendered":"Complemento de PayPal para el registro de usuarios"},"content":{"rendered":"<div data-elementor-type=\"wp-post\" data-elementor-id=\"9069\" class=\"elementor elementor-9069\" data-elementor-settings=\"{&quot;element_pack_global_tooltip_width&quot;:{&quot;unit&quot;:&quot;px&quot;,&quot;size&quot;:&quot;&quot;,&quot;sizes&quot;:[]},&quot;element_pack_global_tooltip_width_tablet&quot;:{&quot;unit&quot;:&quot;px&quot;,&quot;size&quot;:&quot;&quot;,&quot;sizes&quot;:[]},&quot;element_pack_global_tooltip_width_mobile&quot;:{&quot;unit&quot;:&quot;px&quot;,&quot;size&quot;:&quot;&quot;,&quot;sizes&quot;:[]},&quot;element_pack_global_tooltip_padding&quot;:{&quot;unit&quot;:&quot;px&quot;,&quot;top&quot;:&quot;&quot;,&quot;right&quot;:&quot;&quot;,&quot;bottom&quot;:&quot;&quot;,&quot;left&quot;:&quot;&quot;,&quot;isLinked&quot;:true},&quot;element_pack_global_tooltip_padding_tablet&quot;:{&quot;unit&quot;:&quot;px&quot;,&quot;top&quot;:&quot;&quot;,&quot;right&quot;:&quot;&quot;,&quot;bottom&quot;:&quot;&quot;,&quot;left&quot;:&quot;&quot;,&quot;isLinked&quot;:true},&quot;element_pack_global_tooltip_padding_mobile&quot;:{&quot;unit&quot;:&quot;px&quot;,&quot;top&quot;:&quot;&quot;,&quot;right&quot;:&quot;&quot;,&quot;bottom&quot;:&quot;&quot;,&quot;left&quot;:&quot;&quot;,&quot;isLinked&quot;:true},&quot;element_pack_global_tooltip_border_radius&quot;:{&quot;unit&quot;:&quot;px&quot;,&quot;top&quot;:&quot;&quot;,&quot;right&quot;:&quot;&quot;,&quot;bottom&quot;:&quot;&quot;,&quot;left&quot;:&quot;&quot;,&quot;isLinked&quot;:true},&quot;element_pack_global_tooltip_border_radius_tablet&quot;:{&quot;unit&quot;:&quot;px&quot;,&quot;top&quot;:&quot;&quot;,&quot;right&quot;:&quot;&quot;,&quot;bottom&quot;:&quot;&quot;,&quot;left&quot;:&quot;&quot;,&quot;isLinked&quot;:true},&quot;element_pack_global_tooltip_border_radius_mobile&quot;:{&quot;unit&quot;:&quot;px&quot;,&quot;top&quot;:&quot;&quot;,&quot;right&quot;:&quot;&quot;,&quot;bottom&quot;:&quot;&quot;,&quot;left&quot;:&quot;&quot;,&quot;isLinked&quot;:true}}\" data-elementor-post-type=\"product\">\n\t\t\t\t<div class=\"elementor-element elementor-element-93aa4a8 e-con-full e-flex e-con e-parent\" data-id=\"93aa4a8\" data-element_type=\"container\" data-e-type=\"container\">\n\t\t\t\t<div class=\"elementor-element elementor-element-2c3f760 miaoshu elementor-widget elementor-widget-wd_text_block\" data-id=\"2c3f760\" data-element_type=\"widget\" data-e-type=\"widget\" data-widget_type=\"wd_text_block.default\">\n\t\t\t\t<div class=\"elementor-widget-container\">\n\t\t\t\t\t\t\t<div class=\"wd-text-block reset-last-child text-left\">\n\t\t\t\n\t\t\t<h2>Complemento de PayPal para registro de usuarios: Pagos seguros para registros sencillos<\/h2>\n<p>En <strong>Complemento de PayPal para el registro de usuarios<\/strong> le permite cobrar pagos directamente a trav\u00e9s de sus formularios de registro de WordPress. Por ejemplo, los usuarios completan los registros mientras pagan las cuotas de inscripci\u00f3n, realizan donaciones o gestionan otras transacciones a trav\u00e9s de PayPal. En consecuencia, este complemento simplifica los sitios de afiliaci\u00f3n y el acceso de pago mediante la integraci\u00f3n del procesamiento seguro de PayPal directamente en el plugin de registro de usuarios.<grok-card data-id=\"4478d2\" data-type=\"citation_card\"><\/grok-card><grok-card data-id=\"37fc26\" data-type=\"citation_card\"><\/grok-card><\/p>\n\n<h3>Instalaci\u00f3n sin esfuerzo y alcance mundial<\/h3>\n<p>Instale y active el complemento junto con el plugin User Registration Premium y, a continuaci\u00f3n, configure los ajustes de PayPal en su panel de control. Por ejemplo, conecte su cuenta PayPal para permitir pagos en todo el mundo en varias divisas. Como resultado, los usuarios pagan sin tener que iniciar sesi\u00f3n primero, y el sistema gestiona todo de forma segura.<grok-card data-id=\"fd2e9a\" data-type=\"citation_card\"><\/grok-card> Adem\u00e1s, los administradores y los usuarios pueden consultar f\u00e1cilmente los detalles del pago: los usuarios lo comprueban desde su panel de control, mientras que usted accede a la informaci\u00f3n a trav\u00e9s del men\u00fa Usuarios.<\/p>\n\n<h3>Caracter\u00edsticas principales de los pagos flexibles<\/h3>\n<ul>\n    <li><strong>Transacciones vers\u00e1tiles:<\/strong> Acepte cuotas fijas, donaciones o importes personalizados durante la inscripci\u00f3n.<grok-card data-id=\"178eb7\" data-type=\"citation_card\"><\/grok-card><\/li>\n    <li><strong>Soporte de l\u00f3gica condicional:<\/strong> Mostrar u ocultar campos de pago en funci\u00f3n de las entradas del usuario para formularios din\u00e1micos.<\/li>\n    <li><strong>Integraci\u00f3n segura:<\/strong> Procese los pagos sin necesidad de iniciar sesi\u00f3n, garantizando un pago r\u00e1pido y seguro.<grok-card data-id=\"7b2c88\" data-type=\"citation_card\"><\/grok-card><\/li>\n    <li><strong>Gesti\u00f3n administrativa:<\/strong> Realice el seguimiento de los pagos, genere facturas y controle las aprobaciones de los usuarios sin problemas.<\/li>\n    <li><strong>Opciones de personalizaci\u00f3n:<\/strong> A\u00f1ada campos de pago a los formularios y utilice l\u00f3gica condicional con otras pasarelas como Stripe.<\/li>\n<\/ul>\n\n<h3>Mejorar la experiencia del usuario y la eficiencia empresarial<\/h3>\n<p>Este complemento transforma las inscripciones est\u00e1ndar en procesos generadores de ingresos. Por lo tanto, si gestiona afiliaciones, eventos o cursos, integre PayPal para automatizar los cobros y reducir el trabajo manual. Adem\u00e1s, es compatible con la protecci\u00f3n antispam y las confirmaciones por correo electr\u00f3nico, lo que mantiene tu sitio seguro y f\u00e1cil de usar.<grok-card data-id=\"21ad27\" data-type=\"citation_card\"><\/grok-card><\/p>\n\n<h3>Empiece a aceptar pagos hoy mismo<\/h3>\n<p>Impulsa tu sitio WordPress con el <strong>Complemento de PayPal para el registro de usuarios<\/strong>. Al permitir configuraciones r\u00e1pidas y transacciones fiables, crea experiencias m\u00e1s fluidas que impulsan el crecimiento. Inst\u00e1lelo ahora y convierta los registros en oportunidades rentables.<\/p>\n\t\t\t\t\t<\/div>\n\t\t\t\t\t\t<\/div>\n\t\t\t\t<\/div>\n\t\t\t\t<\/div>\n\t\t\t\t<\/div>","protected":false},"excerpt":{"rendered":"<p>User Registration PayPal Addon: Secure Payments for Easy Signups The User Registration PayPal Addon empowers you to collect payments directly<\/p>","protected":false},"featured_media":8641,"comment_status":"open","ping_status":"closed","template":"","meta":{"_acf_changed":false},"product_brand":[],"product_cat":[49],"product_tag":[],"class_list":{"0":"post-9069","1":"product","2":"type-product","3":"status-publish","4":"has-post-thumbnail","6":"product_cat-plugins","8":"first","9":"instock","10":"sale","11":"downloadable","12":"shipping-taxable","13":"purchasable","14":"product-type-simple"},"acf":[],"yoast_head":"<!-- This site is optimized with the Yoast SEO Premium plugin v25.6 (Yoast SEO v27.1.1) - https:\/\/yoast.com\/product\/yoast-seo-premium-wordpress\/ -->\n<title>User Registration PayPal Addon - AllWin Theme \u2013 Free WordPress Themes Download<\/title>\n<meta name=\"description\" content=\"Integrate PayPal into User Registration forms to accept fees, donations, and payments worldwide in multiple currencies for seamless WordPress signups.\" \/>\n<meta name=\"robots\" content=\"index, follow, max-snippet:-1, max-image-preview:large, max-video-preview:-1\" \/>\n<link rel=\"canonical\" href=\"https:\/\/allwintheme.com\/es\/producto\/registro-de-usuarios-paypal-addon\/\" \/>\n<meta property=\"og:locale\" content=\"es_ES\" \/>\n<meta property=\"og:type\" content=\"article\" \/>\n<meta property=\"og:title\" content=\"User Registration PayPal Addon\" \/>\n<meta property=\"og:description\" content=\"Integrate PayPal into User Registration forms to accept fees, donations, and payments worldwide in multiple currencies for seamless WordPress signups.\" \/>\n<meta property=\"og:url\" content=\"https:\/\/allwintheme.com\/es\/producto\/registro-de-usuarios-paypal-addon\/\" \/>\n<meta property=\"og:site_name\" content=\"AllWin Theme \u2013 Free WordPress Themes Download\" \/>\n<meta property=\"article:modified_time\" content=\"2025-10-03T15:09:03+00:00\" \/>\n<meta property=\"og:image\" content=\"https:\/\/allwintheme.com\/wp-content\/uploads\/2025\/10\/3haedkja.png\" \/>\n\t<meta property=\"og:image:width\" content=\"590\" \/>\n\t<meta property=\"og:image:height\" content=\"300\" \/>\n\t<meta property=\"og:image:type\" content=\"image\/png\" \/>\n<meta name=\"twitter:card\" content=\"summary_large_image\" \/>\n<meta name=\"twitter:label1\" content=\"Tiempo estimado de lectura\" \/>\n\t<meta name=\"twitter:data1\" content=\"2 minutos\" \/>\n<script type=\"application\/ld+json\" class=\"yoast-schema-graph\">{\"@context\":\"https:\/\/schema.org\",\"@graph\":[{\"@type\":\"WebPage\",\"@id\":\"https:\/\/allwintheme.com\/product\/user-registration-paypal-addon\/\",\"url\":\"https:\/\/allwintheme.com\/product\/user-registration-paypal-addon\/\",\"name\":\"User Registration PayPal Addon - AllWin Theme \u2013 Free WordPress Themes Download\",\"isPartOf\":{\"@id\":\"https:\/\/allwintheme.com\/#website\"},\"primaryImageOfPage\":{\"@id\":\"https:\/\/allwintheme.com\/product\/user-registration-paypal-addon\/#primaryimage\"},\"image\":{\"@id\":\"https:\/\/allwintheme.com\/product\/user-registration-paypal-addon\/#primaryimage\"},\"thumbnailUrl\":\"https:\/\/allwintheme.com\/wp-content\/uploads\/2025\/10\/3haedkja.png\",\"datePublished\":\"2025-10-03T15:03:43+00:00\",\"dateModified\":\"2025-10-03T15:09:03+00:00\",\"description\":\"Integrate PayPal into User Registration forms to accept fees, donations, and payments worldwide in multiple currencies for seamless WordPress signups.\",\"breadcrumb\":{\"@id\":\"https:\/\/allwintheme.com\/product\/user-registration-paypal-addon\/#breadcrumb\"},\"inLanguage\":\"es-CL\",\"potentialAction\":[{\"@type\":\"ReadAction\",\"target\":[\"https:\/\/allwintheme.com\/product\/user-registration-paypal-addon\/\"]}]},{\"@type\":\"ImageObject\",\"inLanguage\":\"es-CL\",\"@id\":\"https:\/\/allwintheme.com\/product\/user-registration-paypal-addon\/#primaryimage\",\"url\":\"https:\/\/allwintheme.com\/wp-content\/uploads\/2025\/10\/3haedkja.png\",\"contentUrl\":\"https:\/\/allwintheme.com\/wp-content\/uploads\/2025\/10\/3haedkja.png\",\"width\":590,\"height\":300,\"caption\":\"vUser Registration PayPal Addon\"},{\"@type\":\"BreadcrumbList\",\"@id\":\"https:\/\/allwintheme.com\/product\/user-registration-paypal-addon\/#breadcrumb\",\"itemListElement\":[{\"@type\":\"ListItem\",\"position\":1,\"name\":\"Home\",\"item\":\"https:\/\/allwintheme.com\/\"},{\"@type\":\"ListItem\",\"position\":2,\"name\":\"Shop\",\"item\":\"https:\/\/allwintheme.com\/shop\/\"},{\"@type\":\"ListItem\",\"position\":3,\"name\":\"User Registration PayPal Addon\"}]},{\"@type\":\"WebSite\",\"@id\":\"https:\/\/allwintheme.com\/#website\",\"url\":\"https:\/\/allwintheme.com\/\",\"name\":\"Allwintheme\",\"description\":\"Download free WordPress themes for every niche. Blogs, business, eCommerce, portfolio, restaurant and more. All themes are GPL licensed and mobile-ready.\",\"potentialAction\":[{\"@type\":\"SearchAction\",\"target\":{\"@type\":\"EntryPoint\",\"urlTemplate\":\"https:\/\/allwintheme.com\/?s={search_term_string}\"},\"query-input\":{\"@type\":\"PropertyValueSpecification\",\"valueRequired\":true,\"valueName\":\"search_term_string\"}}],\"inLanguage\":\"es-CL\"}]}<\/script>\n<!-- \/ Yoast SEO Premium plugin. -->","yoast_head_json":{"title":"User Registration PayPal Addon - AllWin Theme \u2013 Free WordPress Themes Download","description":"Integre PayPal en los formularios de registro de usuario para aceptar tarifas, donaciones y pagos en todo el mundo en varias divisas para realizar registros en WordPress sin problemas.","robots":{"index":"index","follow":"follow","max-snippet":"max-snippet:-1","max-image-preview":"max-image-preview:large","max-video-preview":"max-video-preview:-1"},"canonical":"https:\/\/allwintheme.com\/es\/producto\/registro-de-usuarios-paypal-addon\/","og_locale":"es_ES","og_type":"article","og_title":"User Registration PayPal Addon","og_description":"Integrate PayPal into User Registration forms to accept fees, donations, and payments worldwide in multiple currencies for seamless WordPress signups.","og_url":"https:\/\/allwintheme.com\/es\/producto\/registro-de-usuarios-paypal-addon\/","og_site_name":"AllWin Theme \u2013 Free WordPress Themes Download","article_modified_time":"2025-10-03T15:09:03+00:00","og_image":[{"width":590,"height":300,"url":"https:\/\/allwintheme.com\/wp-content\/uploads\/2025\/10\/3haedkja.png","type":"image\/png"}],"twitter_card":"summary_large_image","twitter_misc":{"Tiempo estimado de lectura":"2 minutos"},"schema":{"@context":"https:\/\/schema.org","@graph":[{"@type":"WebPage","@id":"https:\/\/allwintheme.com\/product\/user-registration-paypal-addon\/","url":"https:\/\/allwintheme.com\/product\/user-registration-paypal-addon\/","name":"User Registration PayPal Addon - AllWin Theme \u2013 Free WordPress Themes Download","isPartOf":{"@id":"https:\/\/allwintheme.com\/#website"},"primaryImageOfPage":{"@id":"https:\/\/allwintheme.com\/product\/user-registration-paypal-addon\/#primaryimage"},"image":{"@id":"https:\/\/allwintheme.com\/product\/user-registration-paypal-addon\/#primaryimage"},"thumbnailUrl":"https:\/\/allwintheme.com\/wp-content\/uploads\/2025\/10\/3haedkja.png","datePublished":"2025-10-03T15:03:43+00:00","dateModified":"2025-10-03T15:09:03+00:00","description":"Integre PayPal en los formularios de registro de usuario para aceptar tarifas, donaciones y pagos en todo el mundo en varias divisas para realizar registros en WordPress sin problemas.","breadcrumb":{"@id":"https:\/\/allwintheme.com\/product\/user-registration-paypal-addon\/#breadcrumb"},"inLanguage":"es-CL","potentialAction":[{"@type":"ReadAction","target":["https:\/\/allwintheme.com\/product\/user-registration-paypal-addon\/"]}]},{"@type":"ImageObject","inLanguage":"es-CL","@id":"https:\/\/allwintheme.com\/product\/user-registration-paypal-addon\/#primaryimage","url":"https:\/\/allwintheme.com\/wp-content\/uploads\/2025\/10\/3haedkja.png","contentUrl":"https:\/\/allwintheme.com\/wp-content\/uploads\/2025\/10\/3haedkja.png","width":590,"height":300,"caption":"vUser Registration PayPal Addon"},{"@type":"BreadcrumbList","@id":"https:\/\/allwintheme.com\/product\/user-registration-paypal-addon\/#breadcrumb","itemListElement":[{"@type":"ListItem","position":1,"name":"Home","item":"https:\/\/allwintheme.com\/"},{"@type":"ListItem","position":2,"name":"Shop","item":"https:\/\/allwintheme.com\/shop\/"},{"@type":"ListItem","position":3,"name":"User Registration PayPal Addon"}]},{"@type":"WebSite","@id":"https:\/\/allwintheme.com\/#website","url":"https:\/\/allwintheme.com\/","name":"Allwintheme","description":"Descarga gratis temas de WordPress para todos los nichos. Blogs, negocios, comercio electr\u00f3nico, portafolio, restaurante y m\u00e1s. Todos los temas tienen licencia GPL y est\u00e1n preparados para dispositivos m\u00f3viles.","potentialAction":[{"@type":"SearchAction","target":{"@type":"EntryPoint","urlTemplate":"https:\/\/allwintheme.com\/?s={search_term_string}"},"query-input":{"@type":"PropertyValueSpecification","valueRequired":true,"valueName":"search_term_string"}}],"inLanguage":"es-CL"}]}},"_links":{"self":[{"href":"https:\/\/allwintheme.com\/es\/wp-json\/wp\/v2\/product\/9069","targetHints":{"allow":["GET"]}}],"collection":[{"href":"https:\/\/allwintheme.com\/es\/wp-json\/wp\/v2\/product"}],"about":[{"href":"https:\/\/allwintheme.com\/es\/wp-json\/wp\/v2\/types\/product"}],"replies":[{"embeddable":true,"href":"https:\/\/allwintheme.com\/es\/wp-json\/wp\/v2\/comments?post=9069"}],"version-history":[{"count":5,"href":"https:\/\/allwintheme.com\/es\/wp-json\/wp\/v2\/product\/9069\/revisions"}],"predecessor-version":[{"id":9074,"href":"https:\/\/allwintheme.com\/es\/wp-json\/wp\/v2\/product\/9069\/revisions\/9074"}],"wp:featuredmedia":[{"embeddable":true,"href":"https:\/\/allwintheme.com\/es\/wp-json\/wp\/v2\/media\/8641"}],"wp:attachment":[{"href":"https:\/\/allwintheme.com\/es\/wp-json\/wp\/v2\/media?parent=9069"}],"wp:term":[{"taxonomy":"product_brand","embeddable":true,"href":"https:\/\/allwintheme.com\/es\/wp-json\/wp\/v2\/product_brand?post=9069"},{"taxonomy":"product_cat","embeddable":true,"href":"https:\/\/allwintheme.com\/es\/wp-json\/wp\/v2\/product_cat?post=9069"},{"taxonomy":"product_tag","embeddable":true,"href":"https:\/\/allwintheme.com\/es\/wp-json\/wp\/v2\/product_tag?post=9069"}],"curies":[{"name":"wp","href":"https:\/\/api.w.org\/{rel}","templated":true}]}}