{"id":9075,"date":"2025-10-03T15:09:15","date_gmt":"2025-10-03T15:09:15","guid":{"rendered":"https:\/\/allwintheme.com\/?post_type=product&#038;p=9075"},"modified":"2025-10-03T15:14:06","modified_gmt":"2025-10-03T15:14:06","slug":"addon-booknetic-pasarela-de-pago-paypal","status":"publish","type":"product","link":"https:\/\/allwintheme.com\/es\/producto\/addon-booknetic-pasarela-de-pago-paypal\/","title":{"rendered":"Complemento Booknetic para la pasarela de pagos Paypal"},"content":{"rendered":"<div data-elementor-type=\"wp-post\" data-elementor-id=\"9075\" class=\"elementor elementor-9075\" data-elementor-settings=\"{&quot;element_pack_global_tooltip_width&quot;:{&quot;unit&quot;:&quot;px&quot;,&quot;size&quot;:&quot;&quot;,&quot;sizes&quot;:[]},&quot;element_pack_global_tooltip_width_tablet&quot;:{&quot;unit&quot;:&quot;px&quot;,&quot;size&quot;:&quot;&quot;,&quot;sizes&quot;:[]},&quot;element_pack_global_tooltip_width_mobile&quot;:{&quot;unit&quot;:&quot;px&quot;,&quot;size&quot;:&quot;&quot;,&quot;sizes&quot;:[]},&quot;element_pack_global_tooltip_padding&quot;:{&quot;unit&quot;:&quot;px&quot;,&quot;top&quot;:&quot;&quot;,&quot;right&quot;:&quot;&quot;,&quot;bottom&quot;:&quot;&quot;,&quot;left&quot;:&quot;&quot;,&quot;isLinked&quot;:true},&quot;element_pack_global_tooltip_padding_tablet&quot;:{&quot;unit&quot;:&quot;px&quot;,&quot;top&quot;:&quot;&quot;,&quot;right&quot;:&quot;&quot;,&quot;bottom&quot;:&quot;&quot;,&quot;left&quot;:&quot;&quot;,&quot;isLinked&quot;:true},&quot;element_pack_global_tooltip_padding_mobile&quot;:{&quot;unit&quot;:&quot;px&quot;,&quot;top&quot;:&quot;&quot;,&quot;right&quot;:&quot;&quot;,&quot;bottom&quot;:&quot;&quot;,&quot;left&quot;:&quot;&quot;,&quot;isLinked&quot;:true},&quot;element_pack_global_tooltip_border_radius&quot;:{&quot;unit&quot;:&quot;px&quot;,&quot;top&quot;:&quot;&quot;,&quot;right&quot;:&quot;&quot;,&quot;bottom&quot;:&quot;&quot;,&quot;left&quot;:&quot;&quot;,&quot;isLinked&quot;:true},&quot;element_pack_global_tooltip_border_radius_tablet&quot;:{&quot;unit&quot;:&quot;px&quot;,&quot;top&quot;:&quot;&quot;,&quot;right&quot;:&quot;&quot;,&quot;bottom&quot;:&quot;&quot;,&quot;left&quot;:&quot;&quot;,&quot;isLinked&quot;:true},&quot;element_pack_global_tooltip_border_radius_mobile&quot;:{&quot;unit&quot;:&quot;px&quot;,&quot;top&quot;:&quot;&quot;,&quot;right&quot;:&quot;&quot;,&quot;bottom&quot;:&quot;&quot;,&quot;left&quot;:&quot;&quot;,&quot;isLinked&quot;:true}}\" data-elementor-post-type=\"product\">\n\t\t\t\t<div class=\"elementor-element elementor-element-93aa4a8 e-con-full e-flex e-con e-parent\" data-id=\"93aa4a8\" data-element_type=\"container\" data-e-type=\"container\">\n\t\t\t\t<div class=\"elementor-element elementor-element-2c3f760 miaoshu elementor-widget elementor-widget-wd_text_block\" data-id=\"2c3f760\" data-element_type=\"widget\" data-e-type=\"widget\" data-widget_type=\"wd_text_block.default\">\n\t\t\t\t<div class=\"elementor-widget-container\">\n\t\t\t\t\t\t\t<div class=\"wd-text-block reset-last-child text-left\">\n\t\t\t\n\t\t\t<h2>Complemento de pasarela de pagos de PayPal Booknetic: Pagos seguros y sin complicaciones<\/h2>\n<p>En <strong>Complemento Booknetic para la pasarela de pagos de PayPal<\/strong> potencia su sistema de reserva de citas integrando PayPal, uno de los procesadores de pagos m\u00e1s fiables del mundo.<grok-card data-id=\"884ee5\" data-type=\"citation_card\"><\/grok-card> Por ejemplo, los clientes realizan r\u00e1pidamente pagos seguros para las reservas, y el sistema confirma autom\u00e1ticamente sus citas a posteriori. De este modo, se agilizan las operaciones al tiempo que se ofrece una experiencia c\u00f3moda a los usuarios.<\/p>\n\n<h3>Integraci\u00f3n y configuraci\u00f3n sin esfuerzo<\/h3>\n<p>Puede activar el complemento f\u00e1cilmente a trav\u00e9s del panel de control de Booknetic: Vaya a Ajustes generales &gt; Ajustes de pago &gt; M\u00e9todos de pago y active PayPal.<grok-card data-id=\"24c923\" data-type=\"citation_card\"><\/grok-card> Adem\u00e1s, introduzca sus credenciales de API de PayPal, como Id. de cliente y Secreto, desde su cuenta Business verificada.<grok-card data-id=\"2c00ad\" data-type=\"citation_card\"><\/grok-card> Como resultado, su sitio procesa los pagos de forma fiable y sin complicaciones.<\/p>\n\n<h3>Principales caracter\u00edsticas y ventajas<\/h3>\n<ul>\n    <li><strong>Pagos por servicios espec\u00edficos:<\/strong> Asignar PayPal exclusivamente a determinados servicios para ofrecer experiencias personalizadas a los clientes.<grok-card data-id=\"ca9d69\" data-type=\"citation_card\"><\/grok-card><\/li>\n    <li><strong>Confirmaci\u00f3n autom\u00e1tica de la reserva:<\/strong> Los pagos activan el registro instant\u00e1neo de citas, lo que reduce el seguimiento manual.<\/li>\n    <li><strong>Seguridad y fiabilidad globales:<\/strong> Aproveche la infraestructura segura de PayPal para proteger las transacciones en todo el mundo.<grok-card data-id=\"00799f\" data-type=\"citation_card\"><\/grok-card><\/li>\n    <li><strong>Gesti\u00f3n sencilla de complementos:<\/strong> Compre e instale a trav\u00e9s de la Boostore de Booknetic para una r\u00e1pida implantaci\u00f3n.<grok-card data-id=\"7a05e9\" data-type=\"citation_card\"><\/grok-card><\/li>\n<\/ul>\n\n<h3>Mejore su flujo de trabajo de reservas<\/h3>\n<p>Este complemento transforma Booknetic automatizando los pagos y minimizando los errores. Por ejemplo, las empresas que gestionan citas -desde salones de belleza hasta consultas- se benefician de conversiones m\u00e1s r\u00e1pidas y clientes m\u00e1s satisfechos. Por lo tanto, usted se centra en el crecimiento en lugar de los problemas de pago.<grok-card data-id=\"be3d61\" data-type=\"citation_card\"><\/grok-card><\/p>\n\n<h3>Actualice su Booknetic hoy mismo<\/h3>\n<p>Aplicar la <strong>Complemento Booknetic para la pasarela de pagos de PayPal<\/strong> ahora para ofrecer pagos profesionales y seguros. De este modo, su sistema de citas ser\u00e1 m\u00e1s eficaz y f\u00e1cil de usar.<\/p>\n\t\t\t\t\t<\/div>\n\t\t\t\t\t\t<\/div>\n\t\t\t\t<\/div>\n\t\t\t\t<\/div>\n\t\t\t\t<\/div>","protected":false},"excerpt":{"rendered":"<p>Complemento Booknetic para la pasarela de pagos de PayPal: Pagos seguros y sin problemas El complemento de pasarela de pagos de PayPal de Booknetic permite que su sistema de reserva de citas<\/p>","protected":false},"featured_media":8640,"comment_status":"open","ping_status":"closed","template":"","meta":{"_acf_changed":false},"product_brand":[],"product_cat":[49],"product_tag":[],"class_list":{"0":"post-9075","1":"product","2":"type-product","3":"status-publish","4":"has-post-thumbnail","6":"product_cat-plugins","8":"first","9":"instock","10":"sale","11":"downloadable","12":"shipping-taxable","13":"purchasable","14":"product-type-simple"},"acf":[],"yoast_head":"<!-- This site is optimized with the Yoast SEO Premium plugin v25.6 (Yoast SEO v27.4) - https:\/\/yoast.com\/product\/yoast-seo-premium-wordpress\/ -->\n<title>Booknetic Paypal Payment Gateway Addon - AllWin Theme \u2013 Free WordPress Themes Download<\/title>\n<meta name=\"description\" content=\"Integrate PayPal into User Registration forms to accept fees, donations, and payments worldwide in multiple currencies for seamless WordPress signups.\" \/>\n<meta name=\"robots\" content=\"index, follow, max-snippet:-1, max-image-preview:large, max-video-preview:-1\" \/>\n<link rel=\"canonical\" href=\"https:\/\/allwintheme.com\/es\/producto\/addon-booknetic-pasarela-de-pago-paypal\/\" \/>\n<meta property=\"og:locale\" content=\"es_ES\" \/>\n<meta property=\"og:type\" content=\"article\" \/>\n<meta property=\"og:title\" content=\"Booknetic Paypal Payment Gateway Addon\" \/>\n<meta property=\"og:description\" content=\"Integrate PayPal into User Registration forms to accept fees, donations, and payments worldwide in multiple currencies for seamless WordPress signups.\" \/>\n<meta property=\"og:url\" content=\"https:\/\/allwintheme.com\/es\/producto\/addon-booknetic-pasarela-de-pago-paypal\/\" \/>\n<meta property=\"og:site_name\" content=\"AllWin Theme \u2013 Free WordPress Themes Download\" \/>\n<meta property=\"article:modified_time\" content=\"2025-10-03T15:14:06+00:00\" \/>\n<meta property=\"og:image\" content=\"https:\/\/allwintheme.com\/wp-content\/uploads\/2025\/10\/5h0u54sz.png\" \/>\n\t<meta property=\"og:image:width\" content=\"590\" \/>\n\t<meta property=\"og:image:height\" content=\"300\" \/>\n\t<meta property=\"og:image:type\" content=\"image\/png\" \/>\n<meta name=\"twitter:card\" content=\"summary_large_image\" \/>\n<meta name=\"twitter:label1\" content=\"Tiempo estimado de lectura\" \/>\n\t<meta name=\"twitter:data1\" content=\"2 minutos\" \/>\n<script type=\"application\/ld+json\" class=\"yoast-schema-graph\">{\"@context\":\"https:\\\/\\\/schema.org\",\"@graph\":[{\"@type\":\"WebPage\",\"@id\":\"https:\\\/\\\/allwintheme.com\\\/product\\\/booknetic-paypal-payment-gateway-addon\\\/\",\"url\":\"https:\\\/\\\/allwintheme.com\\\/product\\\/booknetic-paypal-payment-gateway-addon\\\/\",\"name\":\"Booknetic Paypal Payment Gateway Addon - AllWin Theme \u2013 Free WordPress Themes Download\",\"isPartOf\":{\"@id\":\"https:\\\/\\\/allwintheme.com\\\/#website\"},\"primaryImageOfPage\":{\"@id\":\"https:\\\/\\\/allwintheme.com\\\/product\\\/booknetic-paypal-payment-gateway-addon\\\/#primaryimage\"},\"image\":{\"@id\":\"https:\\\/\\\/allwintheme.com\\\/product\\\/booknetic-paypal-payment-gateway-addon\\\/#primaryimage\"},\"thumbnailUrl\":\"https:\\\/\\\/allwintheme.com\\\/wp-content\\\/uploads\\\/2025\\\/10\\\/5h0u54sz.png\",\"datePublished\":\"2025-10-03T15:09:15+00:00\",\"dateModified\":\"2025-10-03T15:14:06+00:00\",\"description\":\"Integrate PayPal into User Registration forms to accept fees, donations, and payments worldwide in multiple currencies for seamless WordPress signups.\",\"breadcrumb\":{\"@id\":\"https:\\\/\\\/allwintheme.com\\\/product\\\/booknetic-paypal-payment-gateway-addon\\\/#breadcrumb\"},\"inLanguage\":\"es-CL\",\"potentialAction\":[{\"@type\":\"ReadAction\",\"target\":[\"https:\\\/\\\/allwintheme.com\\\/product\\\/booknetic-paypal-payment-gateway-addon\\\/\"]}]},{\"@type\":\"ImageObject\",\"inLanguage\":\"es-CL\",\"@id\":\"https:\\\/\\\/allwintheme.com\\\/product\\\/booknetic-paypal-payment-gateway-addon\\\/#primaryimage\",\"url\":\"https:\\\/\\\/allwintheme.com\\\/wp-content\\\/uploads\\\/2025\\\/10\\\/5h0u54sz.png\",\"contentUrl\":\"https:\\\/\\\/allwintheme.com\\\/wp-content\\\/uploads\\\/2025\\\/10\\\/5h0u54sz.png\",\"width\":590,\"height\":300,\"caption\":\"Booknetic Paypal Payment Gateway Addon\"},{\"@type\":\"BreadcrumbList\",\"@id\":\"https:\\\/\\\/allwintheme.com\\\/product\\\/booknetic-paypal-payment-gateway-addon\\\/#breadcrumb\",\"itemListElement\":[{\"@type\":\"ListItem\",\"position\":1,\"name\":\"Home\",\"item\":\"https:\\\/\\\/allwintheme.com\\\/\"},{\"@type\":\"ListItem\",\"position\":2,\"name\":\"Shop\",\"item\":\"https:\\\/\\\/allwintheme.com\\\/shop\\\/\"},{\"@type\":\"ListItem\",\"position\":3,\"name\":\"Booknetic Paypal Payment Gateway Addon\"}]},{\"@type\":\"WebSite\",\"@id\":\"https:\\\/\\\/allwintheme.com\\\/#website\",\"url\":\"https:\\\/\\\/allwintheme.com\\\/\",\"name\":\"Allwintheme\",\"description\":\"Download free WordPress themes for every niche. Blogs, business, eCommerce, portfolio, restaurant and more. All themes are GPL licensed and mobile-ready.\",\"potentialAction\":[{\"@type\":\"SearchAction\",\"target\":{\"@type\":\"EntryPoint\",\"urlTemplate\":\"https:\\\/\\\/allwintheme.com\\\/?s={search_term_string}\"},\"query-input\":{\"@type\":\"PropertyValueSpecification\",\"valueRequired\":true,\"valueName\":\"search_term_string\"}}],\"inLanguage\":\"es-CL\"}]}<\/script>\n<!-- \/ Yoast SEO Premium plugin. -->","yoast_head_json":{"title":"Booknetic Paypal Payment Gateway Addon - AllWin Theme - Free WordPress Themes Download","description":"Integre PayPal en los formularios de registro de usuario para aceptar tarifas, donaciones y pagos en todo el mundo en varias divisas para realizar registros en WordPress sin problemas.","robots":{"index":"index","follow":"follow","max-snippet":"max-snippet:-1","max-image-preview":"max-image-preview:large","max-video-preview":"max-video-preview:-1"},"canonical":"https:\/\/allwintheme.com\/es\/producto\/addon-booknetic-pasarela-de-pago-paypal\/","og_locale":"es_ES","og_type":"article","og_title":"Booknetic Paypal Payment Gateway Addon","og_description":"Integrate PayPal into User Registration forms to accept fees, donations, and payments worldwide in multiple currencies for seamless WordPress signups.","og_url":"https:\/\/allwintheme.com\/es\/producto\/addon-booknetic-pasarela-de-pago-paypal\/","og_site_name":"AllWin Theme \u2013 Free WordPress Themes Download","article_modified_time":"2025-10-03T15:14:06+00:00","og_image":[{"width":590,"height":300,"url":"https:\/\/allwintheme.com\/wp-content\/uploads\/2025\/10\/5h0u54sz.png","type":"image\/png"}],"twitter_card":"summary_large_image","twitter_misc":{"Tiempo estimado de lectura":"2 minutos"},"schema":{"@context":"https:\/\/schema.org","@graph":[{"@type":"WebPage","@id":"https:\/\/allwintheme.com\/product\/booknetic-paypal-payment-gateway-addon\/","url":"https:\/\/allwintheme.com\/product\/booknetic-paypal-payment-gateway-addon\/","name":"Booknetic Paypal Payment Gateway Addon - AllWin Theme - Free WordPress Themes Download","isPartOf":{"@id":"https:\/\/allwintheme.com\/#website"},"primaryImageOfPage":{"@id":"https:\/\/allwintheme.com\/product\/booknetic-paypal-payment-gateway-addon\/#primaryimage"},"image":{"@id":"https:\/\/allwintheme.com\/product\/booknetic-paypal-payment-gateway-addon\/#primaryimage"},"thumbnailUrl":"https:\/\/allwintheme.com\/wp-content\/uploads\/2025\/10\/5h0u54sz.png","datePublished":"2025-10-03T15:09:15+00:00","dateModified":"2025-10-03T15:14:06+00:00","description":"Integre PayPal en los formularios de registro de usuario para aceptar tarifas, donaciones y pagos en todo el mundo en varias divisas para realizar registros en WordPress sin problemas.","breadcrumb":{"@id":"https:\/\/allwintheme.com\/product\/booknetic-paypal-payment-gateway-addon\/#breadcrumb"},"inLanguage":"es-CL","potentialAction":[{"@type":"ReadAction","target":["https:\/\/allwintheme.com\/product\/booknetic-paypal-payment-gateway-addon\/"]}]},{"@type":"ImageObject","inLanguage":"es-CL","@id":"https:\/\/allwintheme.com\/product\/booknetic-paypal-payment-gateway-addon\/#primaryimage","url":"https:\/\/allwintheme.com\/wp-content\/uploads\/2025\/10\/5h0u54sz.png","contentUrl":"https:\/\/allwintheme.com\/wp-content\/uploads\/2025\/10\/5h0u54sz.png","width":590,"height":300,"caption":"Booknetic Paypal Payment Gateway Addon"},{"@type":"BreadcrumbList","@id":"https:\/\/allwintheme.com\/product\/booknetic-paypal-payment-gateway-addon\/#breadcrumb","itemListElement":[{"@type":"ListItem","position":1,"name":"Home","item":"https:\/\/allwintheme.com\/"},{"@type":"ListItem","position":2,"name":"Shop","item":"https:\/\/allwintheme.com\/shop\/"},{"@type":"ListItem","position":3,"name":"Booknetic Paypal Payment Gateway Addon"}]},{"@type":"WebSite","@id":"https:\/\/allwintheme.com\/#website","url":"https:\/\/allwintheme.com\/","name":"Allwintheme","description":"Descarga gratis temas de WordPress para todos los nichos. Blogs, negocios, comercio electr\u00f3nico, portafolio, restaurante y m\u00e1s. Todos los temas tienen licencia GPL y est\u00e1n preparados para dispositivos m\u00f3viles.","potentialAction":[{"@type":"SearchAction","target":{"@type":"EntryPoint","urlTemplate":"https:\/\/allwintheme.com\/?s={search_term_string}"},"query-input":{"@type":"PropertyValueSpecification","valueRequired":true,"valueName":"search_term_string"}}],"inLanguage":"es-CL"}]}},"_links":{"self":[{"href":"https:\/\/allwintheme.com\/es\/wp-json\/wp\/v2\/product\/9075","targetHints":{"allow":["GET"]}}],"collection":[{"href":"https:\/\/allwintheme.com\/es\/wp-json\/wp\/v2\/product"}],"about":[{"href":"https:\/\/allwintheme.com\/es\/wp-json\/wp\/v2\/types\/product"}],"replies":[{"embeddable":true,"href":"https:\/\/allwintheme.com\/es\/wp-json\/wp\/v2\/comments?post=9075"}],"version-history":[{"count":6,"href":"https:\/\/allwintheme.com\/es\/wp-json\/wp\/v2\/product\/9075\/revisions"}],"predecessor-version":[{"id":9081,"href":"https:\/\/allwintheme.com\/es\/wp-json\/wp\/v2\/product\/9075\/revisions\/9081"}],"wp:featuredmedia":[{"embeddable":true,"href":"https:\/\/allwintheme.com\/es\/wp-json\/wp\/v2\/media\/8640"}],"wp:attachment":[{"href":"https:\/\/allwintheme.com\/es\/wp-json\/wp\/v2\/media?parent=9075"}],"wp:term":[{"taxonomy":"product_brand","embeddable":true,"href":"https:\/\/allwintheme.com\/es\/wp-json\/wp\/v2\/product_brand?post=9075"},{"taxonomy":"product_cat","embeddable":true,"href":"https:\/\/allwintheme.com\/es\/wp-json\/wp\/v2\/product_cat?post=9075"},{"taxonomy":"product_tag","embeddable":true,"href":"https:\/\/allwintheme.com\/es\/wp-json\/wp\/v2\/product_tag?post=9075"}],"curies":[{"name":"wp","href":"https:\/\/api.w.org\/{rel}","templated":true}]}}