{"id":9103,"date":"2025-10-04T03:20:16","date_gmt":"2025-10-04T03:20:16","guid":{"rendered":"https:\/\/allwintheme.com\/?post_type=product&#038;p=9103"},"modified":"2025-10-04T03:23:13","modified_gmt":"2025-10-04T03:23:13","slug":"wordpress-contact-form-7-pdf","status":"publish","type":"product","link":"https:\/\/allwintheme.com\/es\/producto\/wordpress-contact-form-7-pdf\/","title":{"rendered":"Formulario de contacto de WordPress 7 PDF"},"content":{"rendered":"<div data-elementor-type=\"wp-post\" data-elementor-id=\"9103\" class=\"elementor elementor-9103\" data-elementor-settings=\"{&quot;element_pack_global_tooltip_width&quot;:{&quot;unit&quot;:&quot;px&quot;,&quot;size&quot;:&quot;&quot;,&quot;sizes&quot;:[]},&quot;element_pack_global_tooltip_width_tablet&quot;:{&quot;unit&quot;:&quot;px&quot;,&quot;size&quot;:&quot;&quot;,&quot;sizes&quot;:[]},&quot;element_pack_global_tooltip_width_mobile&quot;:{&quot;unit&quot;:&quot;px&quot;,&quot;size&quot;:&quot;&quot;,&quot;sizes&quot;:[]},&quot;element_pack_global_tooltip_padding&quot;:{&quot;unit&quot;:&quot;px&quot;,&quot;top&quot;:&quot;&quot;,&quot;right&quot;:&quot;&quot;,&quot;bottom&quot;:&quot;&quot;,&quot;left&quot;:&quot;&quot;,&quot;isLinked&quot;:true},&quot;element_pack_global_tooltip_padding_tablet&quot;:{&quot;unit&quot;:&quot;px&quot;,&quot;top&quot;:&quot;&quot;,&quot;right&quot;:&quot;&quot;,&quot;bottom&quot;:&quot;&quot;,&quot;left&quot;:&quot;&quot;,&quot;isLinked&quot;:true},&quot;element_pack_global_tooltip_padding_mobile&quot;:{&quot;unit&quot;:&quot;px&quot;,&quot;top&quot;:&quot;&quot;,&quot;right&quot;:&quot;&quot;,&quot;bottom&quot;:&quot;&quot;,&quot;left&quot;:&quot;&quot;,&quot;isLinked&quot;:true},&quot;element_pack_global_tooltip_border_radius&quot;:{&quot;unit&quot;:&quot;px&quot;,&quot;top&quot;:&quot;&quot;,&quot;right&quot;:&quot;&quot;,&quot;bottom&quot;:&quot;&quot;,&quot;left&quot;:&quot;&quot;,&quot;isLinked&quot;:true},&quot;element_pack_global_tooltip_border_radius_tablet&quot;:{&quot;unit&quot;:&quot;px&quot;,&quot;top&quot;:&quot;&quot;,&quot;right&quot;:&quot;&quot;,&quot;bottom&quot;:&quot;&quot;,&quot;left&quot;:&quot;&quot;,&quot;isLinked&quot;:true},&quot;element_pack_global_tooltip_border_radius_mobile&quot;:{&quot;unit&quot;:&quot;px&quot;,&quot;top&quot;:&quot;&quot;,&quot;right&quot;:&quot;&quot;,&quot;bottom&quot;:&quot;&quot;,&quot;left&quot;:&quot;&quot;,&quot;isLinked&quot;:true}}\" data-elementor-post-type=\"product\">\n\t\t\t\t<div class=\"elementor-element elementor-element-93aa4a8 e-con-full e-flex e-con e-parent\" data-id=\"93aa4a8\" data-element_type=\"container\" data-e-type=\"container\">\n\t\t\t\t<div class=\"elementor-element elementor-element-2c3f760 miaoshu elementor-widget elementor-widget-wd_text_block\" data-id=\"2c3f760\" data-element_type=\"widget\" data-e-type=\"widget\" data-widget_type=\"wd_text_block.default\">\n\t\t\t\t<div class=\"elementor-widget-container\">\n\t\t\t\t\t\t\t<div class=\"wd-text-block reset-last-child text-left\">\n\t\t\t\n\t\t\t<h2>Formulario de contacto de WordPress 7 PDF: Automatice la creaci\u00f3n profesional de PDF<\/h2>\n<p>En <strong>Generador de PDFs para WordPress Contact Form 7<\/strong> mejora tu plugin Contact Form 7 creando autom\u00e1ticamente documentos PDF a partir de los env\u00edos de formularios. Por ejemplo, los usuarios env\u00edan formularios y el complemento genera al instante archivos PDF con sus datos, que usted puede adjuntar a correos electr\u00f3nicos u ofrecer para su descarga. Por consiguiente, esto agiliza la gesti\u00f3n de documentos para las empresas, garantizando que se captura y comparte informaci\u00f3n de forma profesional sin esfuerzo manual.<grok-card data-id=\"6729ca\" data-type=\"citation_card\"><\/grok-card><grok-card data-id=\"8a0677\" data-type=\"citation_card\"><\/grok-card><\/p>\n\n<h3>Generaci\u00f3n y personalizaci\u00f3n de PDF sin esfuerzo<\/h3>\n<p>Los propietarios de sitios web configuran el complemento para rellenar los PDF con campos de formulario como texto, im\u00e1genes, desplegables y cargas. Como resultado, el sistema rellena las plantillas PDF existentes o crea otras nuevas mediante editores de arrastrar y soltar. Adem\u00e1s, puede controlar opciones como fuentes personalizadas, m\u00e1rgenes, saltos de p\u00e1gina y logotipos para que se adapten perfectamente a su marca.<grok-card data-id=\"cba5c5\" data-type=\"citation_card\"><\/grok-card><grok-card data-id=\"2005ea\" data-type=\"citation_card\"><\/grok-card><\/p>\n\n<h3>Principales caracter\u00edsticas y ventajas<\/h3>\n<ul>\n    <li><strong>Autoadjuntar mensajes de correo electr\u00f3nico:<\/strong> El plugin adjunta los PDF generados directamente a las notificaciones de Contact Form 7, para que los administradores y remitentes los reciban al instante.<grok-card data-id=\"31d9cf\" data-type=\"citation_card\"><\/grok-card><\/li>\n    <li><strong>Opciones de descarga y visualizaci\u00f3n:<\/strong> Los usuarios descargan los PDF inmediatamente despu\u00e9s de enviarlos o los ven en una nueva pesta\u00f1a, lo que mejora la experiencia del usuario.<grok-card data-id=\"fb3d83\" data-type=\"citation_card\"><\/grok-card><\/li>\n    <li><strong>Flexibilidad de plantillas:<\/strong> Los creadores de arrastrar y soltar le permiten dise\u00f1ar PDF reutilizables sin codificaci\u00f3n, con soporte para varios idiomas y dise\u00f1os complejos.<grok-card data-id=\"c2c43f\" data-type=\"citation_card\"><\/grok-card><\/li>\n    <li><strong>Almacenamiento seguro:<\/strong> Guarde los PDF en su servidor o biblioteca multimedia, con opciones que cumplen la normativa GDPR, como la protecci\u00f3n por contrase\u00f1a y la eliminaci\u00f3n autom\u00e1tica.<grok-card data-id=\"f12075\" data-type=\"citation_card\"><\/grok-card><\/li>\n    <li><strong>Compatibilidad:<\/strong> Funciona perfectamente con las versiones de Contact Form 7, formularios de varios pasos y complementos como los campos condicionales.<grok-card data-id=\"91a9f0\" data-type=\"citation_card\"><\/grok-card><\/li>\n<\/ul>\n\n<h3>\u00bfPor qu\u00e9 integrar la generaci\u00f3n de PDF con Contact Form 7?<\/h3>\n<p>Este plugin transforma los datos brutos de los formularios en documentos pulidos, como facturas o certificados. Por ejemplo, las empresas lo utilizan para enviar recibos personalizados por correo electr\u00f3nico. Por lo tanto, ahorra tiempo, reduce errores y mejora la profesionalidad. Adem\u00e1s, funciones como la carga de archivos y la incrustaci\u00f3n de im\u00e1genes garantizan resultados completos.<grok-card data-id=\"a8f78b\" data-type=\"citation_card\"><\/grok-card><grok-card data-id=\"c67e7d\" data-type=\"citation_card\"><\/grok-card><\/p>\n\n<h3>Empiece a generar PDF hoy mismo<\/h3>\n<p>Aumente la eficacia de su sitio de WordPress con la herramienta <strong>Formulario de contacto 7 Generador de PDF<\/strong>. Inst\u00e1lelo ahora para automatizar los flujos de trabajo de PDF, deleitar a los usuarios con descargas instant\u00e1neas y mantener registros seguros. De este modo, gestionar\u00e1 los env\u00edos de formularios con m\u00e1s eficacia que nunca.<grok-card data-id=\"5d4fcc\" data-type=\"citation_card\"><\/grok-card><\/p>\n\t\t\t\t\t<\/div>\n\t\t\t\t\t\t<\/div>\n\t\t\t\t<\/div>\n\t\t\t\t<\/div>\n\t\t\t\t<\/div>","protected":false},"excerpt":{"rendered":"<p>WordPress Contact Form 7 PDF: Automate Professional PDF Creation The WordPress Contact Form 7 PDF Generator enhances your Contact Form<\/p>","protected":false},"featured_media":9104,"comment_status":"open","ping_status":"closed","template":"","meta":{"_acf_changed":false},"product_brand":[],"product_cat":[49],"product_tag":[],"class_list":{"0":"post-9103","1":"product","2":"type-product","3":"status-publish","4":"has-post-thumbnail","6":"product_cat-plugins","8":"first","9":"instock","10":"sale","11":"downloadable","12":"shipping-taxable","13":"purchasable","14":"product-type-simple"},"acf":[],"yoast_head":"<!-- This site is optimized with the Yoast SEO Premium plugin v25.6 (Yoast SEO v27.1.1) - https:\/\/yoast.com\/product\/yoast-seo-premium-wordpress\/ -->\n<title>WordPress Contact Form 7 PDF - AllWin Theme \u2013 Free WordPress Themes Download<\/title>\n<meta name=\"description\" content=\"Seamlessly integrate Contact Form 7 with Google Sheets. Automatically send form submissions to spreadsheets for easy data management and analysis.\" \/>\n<meta name=\"robots\" content=\"index, follow, max-snippet:-1, max-image-preview:large, max-video-preview:-1\" \/>\n<link rel=\"canonical\" href=\"https:\/\/allwintheme.com\/es\/producto\/wordpress-contact-form-7-pdf\/\" \/>\n<meta property=\"og:locale\" content=\"es_ES\" \/>\n<meta property=\"og:type\" content=\"article\" \/>\n<meta property=\"og:title\" content=\"WordPress Contact Form 7 PDF\" \/>\n<meta property=\"og:description\" content=\"Seamlessly integrate Contact Form 7 with Google Sheets. Automatically send form submissions to spreadsheets for easy data management and analysis.\" \/>\n<meta property=\"og:url\" content=\"https:\/\/allwintheme.com\/es\/producto\/wordpress-contact-form-7-pdf\/\" \/>\n<meta property=\"og:site_name\" content=\"AllWin Theme \u2013 Free WordPress Themes Download\" \/>\n<meta property=\"article:modified_time\" content=\"2025-10-04T03:23:13+00:00\" \/>\n<meta property=\"og:image\" content=\"https:\/\/allwintheme.com\/wp-content\/uploads\/2025\/10\/72pynebg.png\" \/>\n\t<meta property=\"og:image:width\" content=\"590\" \/>\n\t<meta property=\"og:image:height\" content=\"300\" \/>\n\t<meta property=\"og:image:type\" content=\"image\/png\" \/>\n<meta name=\"twitter:card\" content=\"summary_large_image\" \/>\n<meta name=\"twitter:label1\" content=\"Tiempo estimado de lectura\" \/>\n\t<meta name=\"twitter:data1\" content=\"2 minutos\" \/>\n<script type=\"application\/ld+json\" class=\"yoast-schema-graph\">{\"@context\":\"https:\/\/schema.org\",\"@graph\":[{\"@type\":\"WebPage\",\"@id\":\"https:\/\/allwintheme.com\/product\/wordpress-contact-form-7-pdf\/\",\"url\":\"https:\/\/allwintheme.com\/product\/wordpress-contact-form-7-pdf\/\",\"name\":\"WordPress Contact Form 7 PDF - AllWin Theme \u2013 Free WordPress Themes Download\",\"isPartOf\":{\"@id\":\"https:\/\/allwintheme.com\/#website\"},\"primaryImageOfPage\":{\"@id\":\"https:\/\/allwintheme.com\/product\/wordpress-contact-form-7-pdf\/#primaryimage\"},\"image\":{\"@id\":\"https:\/\/allwintheme.com\/product\/wordpress-contact-form-7-pdf\/#primaryimage\"},\"thumbnailUrl\":\"https:\/\/allwintheme.com\/wp-content\/uploads\/2025\/10\/72pynebg.png\",\"datePublished\":\"2025-10-04T03:20:16+00:00\",\"dateModified\":\"2025-10-04T03:23:13+00:00\",\"description\":\"Seamlessly integrate Contact Form 7 with Google Sheets. Automatically send form submissions to spreadsheets for easy data management and analysis.\",\"breadcrumb\":{\"@id\":\"https:\/\/allwintheme.com\/product\/wordpress-contact-form-7-pdf\/#breadcrumb\"},\"inLanguage\":\"es-CL\",\"potentialAction\":[{\"@type\":\"ReadAction\",\"target\":[\"https:\/\/allwintheme.com\/product\/wordpress-contact-form-7-pdf\/\"]}]},{\"@type\":\"ImageObject\",\"inLanguage\":\"es-CL\",\"@id\":\"https:\/\/allwintheme.com\/product\/wordpress-contact-form-7-pdf\/#primaryimage\",\"url\":\"https:\/\/allwintheme.com\/wp-content\/uploads\/2025\/10\/72pynebg.png\",\"contentUrl\":\"https:\/\/allwintheme.com\/wp-content\/uploads\/2025\/10\/72pynebg.png\",\"width\":590,\"height\":300,\"caption\":\"WordPress Contact Form 7 PDF\"},{\"@type\":\"BreadcrumbList\",\"@id\":\"https:\/\/allwintheme.com\/product\/wordpress-contact-form-7-pdf\/#breadcrumb\",\"itemListElement\":[{\"@type\":\"ListItem\",\"position\":1,\"name\":\"Home\",\"item\":\"https:\/\/allwintheme.com\/\"},{\"@type\":\"ListItem\",\"position\":2,\"name\":\"Shop\",\"item\":\"https:\/\/allwintheme.com\/shop\/\"},{\"@type\":\"ListItem\",\"position\":3,\"name\":\"WordPress Contact Form 7 PDF\"}]},{\"@type\":\"WebSite\",\"@id\":\"https:\/\/allwintheme.com\/#website\",\"url\":\"https:\/\/allwintheme.com\/\",\"name\":\"Allwintheme\",\"description\":\"Download free WordPress themes for every niche. Blogs, business, eCommerce, portfolio, restaurant and more. All themes are GPL licensed and mobile-ready.\",\"potentialAction\":[{\"@type\":\"SearchAction\",\"target\":{\"@type\":\"EntryPoint\",\"urlTemplate\":\"https:\/\/allwintheme.com\/?s={search_term_string}\"},\"query-input\":{\"@type\":\"PropertyValueSpecification\",\"valueRequired\":true,\"valueName\":\"search_term_string\"}}],\"inLanguage\":\"es-CL\"}]}<\/script>\n<!-- \/ Yoast SEO Premium plugin. -->","yoast_head_json":{"title":"WordPress Contact Form 7 PDF - AllWin Theme \u2013 Free WordPress Themes Download","description":"Integra sin problemas Contact Form 7 con Google Sheets. Env\u00eda autom\u00e1ticamente los env\u00edos de formularios a hojas de c\u00e1lculo para facilitar la gesti\u00f3n y el an\u00e1lisis de datos.","robots":{"index":"index","follow":"follow","max-snippet":"max-snippet:-1","max-image-preview":"max-image-preview:large","max-video-preview":"max-video-preview:-1"},"canonical":"https:\/\/allwintheme.com\/es\/producto\/wordpress-contact-form-7-pdf\/","og_locale":"es_ES","og_type":"article","og_title":"WordPress Contact Form 7 PDF","og_description":"Seamlessly integrate Contact Form 7 with Google Sheets. Automatically send form submissions to spreadsheets for easy data management and analysis.","og_url":"https:\/\/allwintheme.com\/es\/producto\/wordpress-contact-form-7-pdf\/","og_site_name":"AllWin Theme \u2013 Free WordPress Themes Download","article_modified_time":"2025-10-04T03:23:13+00:00","og_image":[{"width":590,"height":300,"url":"https:\/\/allwintheme.com\/wp-content\/uploads\/2025\/10\/72pynebg.png","type":"image\/png"}],"twitter_card":"summary_large_image","twitter_misc":{"Tiempo estimado de lectura":"2 minutos"},"schema":{"@context":"https:\/\/schema.org","@graph":[{"@type":"WebPage","@id":"https:\/\/allwintheme.com\/product\/wordpress-contact-form-7-pdf\/","url":"https:\/\/allwintheme.com\/product\/wordpress-contact-form-7-pdf\/","name":"WordPress Contact Form 7 PDF - AllWin Theme \u2013 Free WordPress Themes Download","isPartOf":{"@id":"https:\/\/allwintheme.com\/#website"},"primaryImageOfPage":{"@id":"https:\/\/allwintheme.com\/product\/wordpress-contact-form-7-pdf\/#primaryimage"},"image":{"@id":"https:\/\/allwintheme.com\/product\/wordpress-contact-form-7-pdf\/#primaryimage"},"thumbnailUrl":"https:\/\/allwintheme.com\/wp-content\/uploads\/2025\/10\/72pynebg.png","datePublished":"2025-10-04T03:20:16+00:00","dateModified":"2025-10-04T03:23:13+00:00","description":"Integra sin problemas Contact Form 7 con Google Sheets. Env\u00eda autom\u00e1ticamente los env\u00edos de formularios a hojas de c\u00e1lculo para facilitar la gesti\u00f3n y el an\u00e1lisis de datos.","breadcrumb":{"@id":"https:\/\/allwintheme.com\/product\/wordpress-contact-form-7-pdf\/#breadcrumb"},"inLanguage":"es-CL","potentialAction":[{"@type":"ReadAction","target":["https:\/\/allwintheme.com\/product\/wordpress-contact-form-7-pdf\/"]}]},{"@type":"ImageObject","inLanguage":"es-CL","@id":"https:\/\/allwintheme.com\/product\/wordpress-contact-form-7-pdf\/#primaryimage","url":"https:\/\/allwintheme.com\/wp-content\/uploads\/2025\/10\/72pynebg.png","contentUrl":"https:\/\/allwintheme.com\/wp-content\/uploads\/2025\/10\/72pynebg.png","width":590,"height":300,"caption":"WordPress Contact Form 7 PDF"},{"@type":"BreadcrumbList","@id":"https:\/\/allwintheme.com\/product\/wordpress-contact-form-7-pdf\/#breadcrumb","itemListElement":[{"@type":"ListItem","position":1,"name":"Home","item":"https:\/\/allwintheme.com\/"},{"@type":"ListItem","position":2,"name":"Shop","item":"https:\/\/allwintheme.com\/shop\/"},{"@type":"ListItem","position":3,"name":"WordPress Contact Form 7 PDF"}]},{"@type":"WebSite","@id":"https:\/\/allwintheme.com\/#website","url":"https:\/\/allwintheme.com\/","name":"Allwintheme","description":"Descarga gratis temas de WordPress para todos los nichos. Blogs, negocios, comercio electr\u00f3nico, portafolio, restaurante y m\u00e1s. Todos los temas tienen licencia GPL y est\u00e1n preparados para dispositivos m\u00f3viles.","potentialAction":[{"@type":"SearchAction","target":{"@type":"EntryPoint","urlTemplate":"https:\/\/allwintheme.com\/?s={search_term_string}"},"query-input":{"@type":"PropertyValueSpecification","valueRequired":true,"valueName":"search_term_string"}}],"inLanguage":"es-CL"}]}},"_links":{"self":[{"href":"https:\/\/allwintheme.com\/es\/wp-json\/wp\/v2\/product\/9103","targetHints":{"allow":["GET"]}}],"collection":[{"href":"https:\/\/allwintheme.com\/es\/wp-json\/wp\/v2\/product"}],"about":[{"href":"https:\/\/allwintheme.com\/es\/wp-json\/wp\/v2\/types\/product"}],"replies":[{"embeddable":true,"href":"https:\/\/allwintheme.com\/es\/wp-json\/wp\/v2\/comments?post=9103"}],"version-history":[{"count":5,"href":"https:\/\/allwintheme.com\/es\/wp-json\/wp\/v2\/product\/9103\/revisions"}],"predecessor-version":[{"id":9109,"href":"https:\/\/allwintheme.com\/es\/wp-json\/wp\/v2\/product\/9103\/revisions\/9109"}],"wp:featuredmedia":[{"embeddable":true,"href":"https:\/\/allwintheme.com\/es\/wp-json\/wp\/v2\/media\/9104"}],"wp:attachment":[{"href":"https:\/\/allwintheme.com\/es\/wp-json\/wp\/v2\/media?parent=9103"}],"wp:term":[{"taxonomy":"product_brand","embeddable":true,"href":"https:\/\/allwintheme.com\/es\/wp-json\/wp\/v2\/product_brand?post=9103"},{"taxonomy":"product_cat","embeddable":true,"href":"https:\/\/allwintheme.com\/es\/wp-json\/wp\/v2\/product_cat?post=9103"},{"taxonomy":"product_tag","embeddable":true,"href":"https:\/\/allwintheme.com\/es\/wp-json\/wp\/v2\/product_tag?post=9103"}],"curies":[{"name":"wp","href":"https:\/\/api.w.org\/{rel}","templated":true}]}}