{"id":9110,"date":"2025-10-04T05:50:02","date_gmt":"2025-10-04T05:50:02","guid":{"rendered":"https:\/\/allwintheme.com\/?post_type=product&#038;p=9110"},"modified":"2025-10-04T05:53:02","modified_gmt":"2025-10-04T05:53:02","slug":"automatorwp-formulario-de-contacto-7","status":"publish","type":"product","link":"https:\/\/allwintheme.com\/es\/producto\/automatorwp-formulario-de-contacto-7\/","title":{"rendered":"Formulario de contacto AutomatorWP 7"},"content":{"rendered":"<div data-elementor-type=\"wp-post\" data-elementor-id=\"9110\" class=\"elementor elementor-9110\" data-elementor-settings=\"{&quot;element_pack_global_tooltip_width&quot;:{&quot;unit&quot;:&quot;px&quot;,&quot;size&quot;:&quot;&quot;,&quot;sizes&quot;:[]},&quot;element_pack_global_tooltip_width_tablet&quot;:{&quot;unit&quot;:&quot;px&quot;,&quot;size&quot;:&quot;&quot;,&quot;sizes&quot;:[]},&quot;element_pack_global_tooltip_width_mobile&quot;:{&quot;unit&quot;:&quot;px&quot;,&quot;size&quot;:&quot;&quot;,&quot;sizes&quot;:[]},&quot;element_pack_global_tooltip_padding&quot;:{&quot;unit&quot;:&quot;px&quot;,&quot;top&quot;:&quot;&quot;,&quot;right&quot;:&quot;&quot;,&quot;bottom&quot;:&quot;&quot;,&quot;left&quot;:&quot;&quot;,&quot;isLinked&quot;:true},&quot;element_pack_global_tooltip_padding_tablet&quot;:{&quot;unit&quot;:&quot;px&quot;,&quot;top&quot;:&quot;&quot;,&quot;right&quot;:&quot;&quot;,&quot;bottom&quot;:&quot;&quot;,&quot;left&quot;:&quot;&quot;,&quot;isLinked&quot;:true},&quot;element_pack_global_tooltip_padding_mobile&quot;:{&quot;unit&quot;:&quot;px&quot;,&quot;top&quot;:&quot;&quot;,&quot;right&quot;:&quot;&quot;,&quot;bottom&quot;:&quot;&quot;,&quot;left&quot;:&quot;&quot;,&quot;isLinked&quot;:true},&quot;element_pack_global_tooltip_border_radius&quot;:{&quot;unit&quot;:&quot;px&quot;,&quot;top&quot;:&quot;&quot;,&quot;right&quot;:&quot;&quot;,&quot;bottom&quot;:&quot;&quot;,&quot;left&quot;:&quot;&quot;,&quot;isLinked&quot;:true},&quot;element_pack_global_tooltip_border_radius_tablet&quot;:{&quot;unit&quot;:&quot;px&quot;,&quot;top&quot;:&quot;&quot;,&quot;right&quot;:&quot;&quot;,&quot;bottom&quot;:&quot;&quot;,&quot;left&quot;:&quot;&quot;,&quot;isLinked&quot;:true},&quot;element_pack_global_tooltip_border_radius_mobile&quot;:{&quot;unit&quot;:&quot;px&quot;,&quot;top&quot;:&quot;&quot;,&quot;right&quot;:&quot;&quot;,&quot;bottom&quot;:&quot;&quot;,&quot;left&quot;:&quot;&quot;,&quot;isLinked&quot;:true}}\" data-elementor-post-type=\"product\">\n\t\t\t\t<div class=\"elementor-element elementor-element-93aa4a8 e-con-full e-flex e-con e-parent\" data-id=\"93aa4a8\" data-element_type=\"container\" data-e-type=\"container\">\n\t\t\t\t<div class=\"elementor-element elementor-element-2c3f760 miaoshu elementor-widget elementor-widget-wd_text_block\" data-id=\"2c3f760\" data-element_type=\"widget\" data-e-type=\"widget\" data-widget_type=\"wd_text_block.default\">\n\t\t\t\t<div class=\"elementor-widget-container\">\n\t\t\t\t\t\t\t<div class=\"wd-text-block reset-last-child text-left\">\n\t\t\t\n\t\t\t<h2>AutomatorWP Contact Form 7: Automatice sus formularios sin esfuerzo<\/h2>\n<p><strong>Formulario de contacto AutomatorWP 7<\/strong> le permite conectar sus env\u00edos de Contact Form 7 a numerosos servicios y plugins. Por ejemplo, cuando los usuarios env\u00edan un formulario, el plugin activa autom\u00e1ticamente acciones como a\u00f1adirlos a listas de correo o generar nuevas entradas en WordPress. De este modo, se agilizan los flujos de trabajo sin necesidad de codificar.<grok-card data-id=\"bb5155\" data-type=\"citation_card\"><\/grok-card><grok-card data-id=\"ce0d3a\" data-type=\"citation_card\"><\/grok-card><\/p>\n\n<h3>Integraci\u00f3n perfecta para potentes automatizaciones<\/h3>\n<p>Este complemento integra Contact Form 7, un popular creador de formularios gratuito, con el motor de automatizaci\u00f3n de AutomatorWP. Los usuarios configuran activamente desencadenantes para los env\u00edos de formularios de invitados, de modo que el sistema captura datos como correos electr\u00f3nicos o valores de campo. Como resultado, puedes automatizar respuestas, seguimientos o actualizaciones del perfil del usuario en funci\u00f3n de los env\u00edos.<grok-card data-id=\"53aa44\" data-type=\"citation_card\"><\/grok-card><grok-card data-id=\"8cf54e\" data-type=\"citation_card\"><\/grok-card><\/p>\n\n<h3>Principales caracter\u00edsticas y ventajas<\/h3>\n<ul>\n    <li><strong>F\u00e1cil configuraci\u00f3n del gatillo:<\/strong> AutomatorWP detecta los env\u00edos de formularios e inicia acciones al instante, reduciendo las tareas manuales.<\/li>\n    <li><strong>Amplia conectividad:<\/strong> Enlaces a cientos de plugins de WordPress y servicios externos para automatizaciones vers\u00e1tiles.<grok-card data-id=\"53e749\" data-type=\"citation_card\"><\/grok-card><\/li>\n    <li><strong>Gesti\u00f3n de usuarios:<\/strong> A\u00f1ade suscriptores a listas o actualiza perfiles autom\u00e1ticamente a partir de datos de formularios.<\/li>\n    <li><strong>Asistencia an\u00f3nima y con sesi\u00f3n iniciada:<\/strong> Gestiona los env\u00edos de invitados; para los usuarios registrados, activa el modo de s\u00f3lo suscriptores para realizar un seguimiento preciso.<grok-card data-id=\"a60f41\" data-type=\"citation_card\"><\/grok-card><\/li>\n    <li><strong>Simplicidad sin c\u00f3digo:<\/strong> Instale la integraci\u00f3n gratuita a trav\u00e9s de su panel de control y configure las automatizaciones r\u00e1pidamente.<grok-card data-id=\"5144b0\" data-type=\"citation_card\"><\/grok-card><\/li>\n<\/ul>\n\n<h3>Mejore su flujo de trabajo hoy mismo<\/h3>\n<p>AutomatorWP Contact Form 7 simplifica el manejo de formularios para sitios web. Por ejemplo, los propietarios de sitios lo utilizan para mejorar la experiencia de los usuarios mediante seguimientos automatizados. Adem\u00e1s, es compatible con acciones espec\u00edficas de campo, como el uso de campos de correo electr\u00f3nico para identificar a los usuarios existentes. Por lo tanto, usted se centra en el crecimiento mientras que el plugin gestiona el resto.<grok-card data-id=\"538e78\" data-type=\"citation_card\"><\/grok-card><\/p>\n\n<h3>C\u00f3mo empezar con AutomatorWP Contact Form 7<\/h3>\n<p>Instale este complemento ahora para desbloquear automatizaciones sin c\u00f3digo. Al conectar Contact Form 7 a su ecosistema, crear\u00e1 sitios eficaces y con capacidad de respuesta que atraer\u00e1n a los usuarios de forma efectiva.<grok-card data-id=\"aecb08\" data-type=\"citation_card\"><\/grok-card><\/p>\n\t\t\t\t\t<\/div>\n\t\t\t\t\t\t<\/div>\n\t\t\t\t<\/div>\n\t\t\t\t<\/div>\n\t\t\t\t<\/div>","protected":false},"excerpt":{"rendered":"<p>AutomatorWP Contact Form 7: Automate Your Forms Effortlessly AutomatorWP Contact Form 7 empowers you to connect your Contact Form 7<\/p>","protected":false},"featured_media":9111,"comment_status":"open","ping_status":"closed","template":"","meta":{"_acf_changed":false},"product_brand":[],"product_cat":[49],"product_tag":[],"class_list":{"0":"post-9110","1":"product","2":"type-product","3":"status-publish","4":"has-post-thumbnail","6":"product_cat-plugins","8":"first","9":"instock","10":"sale","11":"downloadable","12":"shipping-taxable","13":"purchasable","14":"product-type-simple"},"acf":[],"yoast_head":"<!-- This site is optimized with the Yoast SEO Premium plugin v25.6 (Yoast SEO v27.1.1) - https:\/\/yoast.com\/product\/yoast-seo-premium-wordpress\/ -->\n<title>AutomatorWP Contact Form 7 - AllWin Theme \u2013 Free WordPress Themes Download<\/title>\n<meta name=\"description\" content=\"AutomatorWP Contact Form 7 connects forms to hundreds of services. Trigger actions like adding users to lists or creating posts on submissions.\" \/>\n<meta name=\"robots\" content=\"index, follow, max-snippet:-1, max-image-preview:large, max-video-preview:-1\" \/>\n<link rel=\"canonical\" href=\"https:\/\/allwintheme.com\/es\/producto\/automatorwp-formulario-de-contacto-7\/\" \/>\n<meta property=\"og:locale\" content=\"es_ES\" \/>\n<meta property=\"og:type\" content=\"article\" \/>\n<meta property=\"og:title\" content=\"AutomatorWP Contact Form 7\" \/>\n<meta property=\"og:description\" content=\"AutomatorWP Contact Form 7 connects forms to hundreds of services. Trigger actions like adding users to lists or creating posts on submissions.\" \/>\n<meta property=\"og:url\" content=\"https:\/\/allwintheme.com\/es\/producto\/automatorwp-formulario-de-contacto-7\/\" \/>\n<meta property=\"og:site_name\" content=\"AllWin Theme \u2013 Free WordPress Themes Download\" \/>\n<meta property=\"article:modified_time\" content=\"2025-10-04T05:53:02+00:00\" \/>\n<meta property=\"og:image\" content=\"https:\/\/allwintheme.com\/wp-content\/uploads\/2025\/10\/lmh956zu.png\" \/>\n\t<meta property=\"og:image:width\" content=\"590\" \/>\n\t<meta property=\"og:image:height\" content=\"300\" \/>\n\t<meta property=\"og:image:type\" content=\"image\/png\" \/>\n<meta name=\"twitter:card\" content=\"summary_large_image\" \/>\n<meta name=\"twitter:label1\" content=\"Tiempo estimado de lectura\" \/>\n\t<meta name=\"twitter:data1\" content=\"2 minutos\" \/>\n<script type=\"application\/ld+json\" class=\"yoast-schema-graph\">{\"@context\":\"https:\/\/schema.org\",\"@graph\":[{\"@type\":\"WebPage\",\"@id\":\"https:\/\/allwintheme.com\/product\/automatorwp-contact-form-7\/\",\"url\":\"https:\/\/allwintheme.com\/product\/automatorwp-contact-form-7\/\",\"name\":\"AutomatorWP Contact Form 7 - AllWin Theme \u2013 Free WordPress Themes Download\",\"isPartOf\":{\"@id\":\"https:\/\/allwintheme.com\/#website\"},\"primaryImageOfPage\":{\"@id\":\"https:\/\/allwintheme.com\/product\/automatorwp-contact-form-7\/#primaryimage\"},\"image\":{\"@id\":\"https:\/\/allwintheme.com\/product\/automatorwp-contact-form-7\/#primaryimage\"},\"thumbnailUrl\":\"https:\/\/allwintheme.com\/wp-content\/uploads\/2025\/10\/lmh956zu.png\",\"datePublished\":\"2025-10-04T05:50:02+00:00\",\"dateModified\":\"2025-10-04T05:53:02+00:00\",\"description\":\"AutomatorWP Contact Form 7 connects forms to hundreds of services. Trigger actions like adding users to lists or creating posts on submissions.\",\"breadcrumb\":{\"@id\":\"https:\/\/allwintheme.com\/product\/automatorwp-contact-form-7\/#breadcrumb\"},\"inLanguage\":\"es-CL\",\"potentialAction\":[{\"@type\":\"ReadAction\",\"target\":[\"https:\/\/allwintheme.com\/product\/automatorwp-contact-form-7\/\"]}]},{\"@type\":\"ImageObject\",\"inLanguage\":\"es-CL\",\"@id\":\"https:\/\/allwintheme.com\/product\/automatorwp-contact-form-7\/#primaryimage\",\"url\":\"https:\/\/allwintheme.com\/wp-content\/uploads\/2025\/10\/lmh956zu.png\",\"contentUrl\":\"https:\/\/allwintheme.com\/wp-content\/uploads\/2025\/10\/lmh956zu.png\",\"width\":590,\"height\":300,\"caption\":\"AutomatorWP Contact Form 7\"},{\"@type\":\"BreadcrumbList\",\"@id\":\"https:\/\/allwintheme.com\/product\/automatorwp-contact-form-7\/#breadcrumb\",\"itemListElement\":[{\"@type\":\"ListItem\",\"position\":1,\"name\":\"Home\",\"item\":\"https:\/\/allwintheme.com\/\"},{\"@type\":\"ListItem\",\"position\":2,\"name\":\"Shop\",\"item\":\"https:\/\/allwintheme.com\/shop\/\"},{\"@type\":\"ListItem\",\"position\":3,\"name\":\"AutomatorWP Contact Form 7\"}]},{\"@type\":\"WebSite\",\"@id\":\"https:\/\/allwintheme.com\/#website\",\"url\":\"https:\/\/allwintheme.com\/\",\"name\":\"Allwintheme\",\"description\":\"Download free WordPress themes for every niche. Blogs, business, eCommerce, portfolio, restaurant and more. All themes are GPL licensed and mobile-ready.\",\"potentialAction\":[{\"@type\":\"SearchAction\",\"target\":{\"@type\":\"EntryPoint\",\"urlTemplate\":\"https:\/\/allwintheme.com\/?s={search_term_string}\"},\"query-input\":{\"@type\":\"PropertyValueSpecification\",\"valueRequired\":true,\"valueName\":\"search_term_string\"}}],\"inLanguage\":\"es-CL\"}]}<\/script>\n<!-- \/ Yoast SEO Premium plugin. -->","yoast_head_json":{"title":"AutomatorWP Contact Form 7 - AllWin Theme \u2013 Free WordPress Themes Download","description":"AutomatorWP Contact Form 7 conecta formularios a cientos de servicios. Desencadena acciones como a\u00f1adir usuarios a listas o crear entradas en los env\u00edos.","robots":{"index":"index","follow":"follow","max-snippet":"max-snippet:-1","max-image-preview":"max-image-preview:large","max-video-preview":"max-video-preview:-1"},"canonical":"https:\/\/allwintheme.com\/es\/producto\/automatorwp-formulario-de-contacto-7\/","og_locale":"es_ES","og_type":"article","og_title":"AutomatorWP Contact Form 7","og_description":"AutomatorWP Contact Form 7 connects forms to hundreds of services. Trigger actions like adding users to lists or creating posts on submissions.","og_url":"https:\/\/allwintheme.com\/es\/producto\/automatorwp-formulario-de-contacto-7\/","og_site_name":"AllWin Theme \u2013 Free WordPress Themes Download","article_modified_time":"2025-10-04T05:53:02+00:00","og_image":[{"width":590,"height":300,"url":"https:\/\/allwintheme.com\/wp-content\/uploads\/2025\/10\/lmh956zu.png","type":"image\/png"}],"twitter_card":"summary_large_image","twitter_misc":{"Tiempo estimado de lectura":"2 minutos"},"schema":{"@context":"https:\/\/schema.org","@graph":[{"@type":"WebPage","@id":"https:\/\/allwintheme.com\/product\/automatorwp-contact-form-7\/","url":"https:\/\/allwintheme.com\/product\/automatorwp-contact-form-7\/","name":"AutomatorWP Contact Form 7 - AllWin Theme \u2013 Free WordPress Themes Download","isPartOf":{"@id":"https:\/\/allwintheme.com\/#website"},"primaryImageOfPage":{"@id":"https:\/\/allwintheme.com\/product\/automatorwp-contact-form-7\/#primaryimage"},"image":{"@id":"https:\/\/allwintheme.com\/product\/automatorwp-contact-form-7\/#primaryimage"},"thumbnailUrl":"https:\/\/allwintheme.com\/wp-content\/uploads\/2025\/10\/lmh956zu.png","datePublished":"2025-10-04T05:50:02+00:00","dateModified":"2025-10-04T05:53:02+00:00","description":"AutomatorWP Contact Form 7 conecta formularios a cientos de servicios. Desencadena acciones como a\u00f1adir usuarios a listas o crear entradas en los env\u00edos.","breadcrumb":{"@id":"https:\/\/allwintheme.com\/product\/automatorwp-contact-form-7\/#breadcrumb"},"inLanguage":"es-CL","potentialAction":[{"@type":"ReadAction","target":["https:\/\/allwintheme.com\/product\/automatorwp-contact-form-7\/"]}]},{"@type":"ImageObject","inLanguage":"es-CL","@id":"https:\/\/allwintheme.com\/product\/automatorwp-contact-form-7\/#primaryimage","url":"https:\/\/allwintheme.com\/wp-content\/uploads\/2025\/10\/lmh956zu.png","contentUrl":"https:\/\/allwintheme.com\/wp-content\/uploads\/2025\/10\/lmh956zu.png","width":590,"height":300,"caption":"AutomatorWP Contact Form 7"},{"@type":"BreadcrumbList","@id":"https:\/\/allwintheme.com\/product\/automatorwp-contact-form-7\/#breadcrumb","itemListElement":[{"@type":"ListItem","position":1,"name":"Home","item":"https:\/\/allwintheme.com\/"},{"@type":"ListItem","position":2,"name":"Shop","item":"https:\/\/allwintheme.com\/shop\/"},{"@type":"ListItem","position":3,"name":"AutomatorWP Contact Form 7"}]},{"@type":"WebSite","@id":"https:\/\/allwintheme.com\/#website","url":"https:\/\/allwintheme.com\/","name":"Allwintheme","description":"Descarga gratis temas de WordPress para todos los nichos. Blogs, negocios, comercio electr\u00f3nico, portafolio, restaurante y m\u00e1s. Todos los temas tienen licencia GPL y est\u00e1n preparados para dispositivos m\u00f3viles.","potentialAction":[{"@type":"SearchAction","target":{"@type":"EntryPoint","urlTemplate":"https:\/\/allwintheme.com\/?s={search_term_string}"},"query-input":{"@type":"PropertyValueSpecification","valueRequired":true,"valueName":"search_term_string"}}],"inLanguage":"es-CL"}]}},"_links":{"self":[{"href":"https:\/\/allwintheme.com\/es\/wp-json\/wp\/v2\/product\/9110","targetHints":{"allow":["GET"]}}],"collection":[{"href":"https:\/\/allwintheme.com\/es\/wp-json\/wp\/v2\/product"}],"about":[{"href":"https:\/\/allwintheme.com\/es\/wp-json\/wp\/v2\/types\/product"}],"replies":[{"embeddable":true,"href":"https:\/\/allwintheme.com\/es\/wp-json\/wp\/v2\/comments?post=9110"}],"version-history":[{"count":5,"href":"https:\/\/allwintheme.com\/es\/wp-json\/wp\/v2\/product\/9110\/revisions"}],"predecessor-version":[{"id":9116,"href":"https:\/\/allwintheme.com\/es\/wp-json\/wp\/v2\/product\/9110\/revisions\/9116"}],"wp:featuredmedia":[{"embeddable":true,"href":"https:\/\/allwintheme.com\/es\/wp-json\/wp\/v2\/media\/9111"}],"wp:attachment":[{"href":"https:\/\/allwintheme.com\/es\/wp-json\/wp\/v2\/media?parent=9110"}],"wp:term":[{"taxonomy":"product_brand","embeddable":true,"href":"https:\/\/allwintheme.com\/es\/wp-json\/wp\/v2\/product_brand?post=9110"},{"taxonomy":"product_cat","embeddable":true,"href":"https:\/\/allwintheme.com\/es\/wp-json\/wp\/v2\/product_cat?post=9110"},{"taxonomy":"product_tag","embeddable":true,"href":"https:\/\/allwintheme.com\/es\/wp-json\/wp\/v2\/product_tag?post=9110"}],"curies":[{"name":"wp","href":"https:\/\/api.w.org\/{rel}","templated":true}]}}