{"id":9138,"date":"2025-10-04T06:12:48","date_gmt":"2025-10-04T06:12:48","guid":{"rendered":"https:\/\/allwintheme.com\/?post_type=product&#038;p=9138"},"modified":"2025-10-04T06:18:35","modified_gmt":"2025-10-04T06:18:35","slug":"formulario-de-contacto-7-autocomplet","status":"publish","type":"product","link":"https:\/\/allwintheme.com\/es\/producto\/formulario-de-contacto-7-autocomplet\/","title":{"rendered":"Formulario de contacto 7 Autocompletar"},"content":{"rendered":"<div data-elementor-type=\"wp-post\" data-elementor-id=\"9138\" class=\"elementor elementor-9138\" data-elementor-settings=\"{&quot;element_pack_global_tooltip_width&quot;:{&quot;unit&quot;:&quot;px&quot;,&quot;size&quot;:&quot;&quot;,&quot;sizes&quot;:[]},&quot;element_pack_global_tooltip_width_tablet&quot;:{&quot;unit&quot;:&quot;px&quot;,&quot;size&quot;:&quot;&quot;,&quot;sizes&quot;:[]},&quot;element_pack_global_tooltip_width_mobile&quot;:{&quot;unit&quot;:&quot;px&quot;,&quot;size&quot;:&quot;&quot;,&quot;sizes&quot;:[]},&quot;element_pack_global_tooltip_padding&quot;:{&quot;unit&quot;:&quot;px&quot;,&quot;top&quot;:&quot;&quot;,&quot;right&quot;:&quot;&quot;,&quot;bottom&quot;:&quot;&quot;,&quot;left&quot;:&quot;&quot;,&quot;isLinked&quot;:true},&quot;element_pack_global_tooltip_padding_tablet&quot;:{&quot;unit&quot;:&quot;px&quot;,&quot;top&quot;:&quot;&quot;,&quot;right&quot;:&quot;&quot;,&quot;bottom&quot;:&quot;&quot;,&quot;left&quot;:&quot;&quot;,&quot;isLinked&quot;:true},&quot;element_pack_global_tooltip_padding_mobile&quot;:{&quot;unit&quot;:&quot;px&quot;,&quot;top&quot;:&quot;&quot;,&quot;right&quot;:&quot;&quot;,&quot;bottom&quot;:&quot;&quot;,&quot;left&quot;:&quot;&quot;,&quot;isLinked&quot;:true},&quot;element_pack_global_tooltip_border_radius&quot;:{&quot;unit&quot;:&quot;px&quot;,&quot;top&quot;:&quot;&quot;,&quot;right&quot;:&quot;&quot;,&quot;bottom&quot;:&quot;&quot;,&quot;left&quot;:&quot;&quot;,&quot;isLinked&quot;:true},&quot;element_pack_global_tooltip_border_radius_tablet&quot;:{&quot;unit&quot;:&quot;px&quot;,&quot;top&quot;:&quot;&quot;,&quot;right&quot;:&quot;&quot;,&quot;bottom&quot;:&quot;&quot;,&quot;left&quot;:&quot;&quot;,&quot;isLinked&quot;:true},&quot;element_pack_global_tooltip_border_radius_mobile&quot;:{&quot;unit&quot;:&quot;px&quot;,&quot;top&quot;:&quot;&quot;,&quot;right&quot;:&quot;&quot;,&quot;bottom&quot;:&quot;&quot;,&quot;left&quot;:&quot;&quot;,&quot;isLinked&quot;:true}}\" data-elementor-post-type=\"product\">\n\t\t\t\t<div class=\"elementor-element elementor-element-93aa4a8 e-con-full e-flex e-con e-parent\" data-id=\"93aa4a8\" data-element_type=\"container\" data-e-type=\"container\">\n\t\t\t\t<div class=\"elementor-element elementor-element-2c3f760 miaoshu elementor-widget elementor-widget-wd_text_block\" data-id=\"2c3f760\" data-element_type=\"widget\" data-e-type=\"widget\" data-widget_type=\"wd_text_block.default\">\n\t\t\t\t<div class=\"elementor-widget-container\">\n\t\t\t\t\t\t\t<div class=\"wd-text-block reset-last-child text-left\">\n\t\t\t\n\t\t\t<h2>Formulario de contacto 7 Autocompletar: Autocompletar campos de direcci\u00f3n sin esfuerzo<\/h2>\n<p>En <strong>Autocompletar Contact Form 7<\/strong> mejora tus formularios rellenando autom\u00e1ticamente los datos de localizaci\u00f3n. Por ejemplo, utiliza la geolocalizaci\u00f3n por IP para rellenar los campos de pa\u00eds, ciudad, estado y c\u00f3digo postal en funci\u00f3n de la ubicaci\u00f3n del usuario. De este modo, los visitantes completan los formularios m\u00e1s r\u00e1pidamente, reduciendo los errores y mejorando la experiencia general.<grok-card data-id=\"a80f06\" data-type=\"citation_card\"><\/grok-card><grok-card data-id=\"efbb76\" data-type=\"citation_card\"><\/grok-card><\/p>\n\n<h3>Racionalice el env\u00edo de formularios con funciones inteligentes<\/h3>\n<p>Los usuarios ya no tienen que introducir manualmente la informaci\u00f3n de la direcci\u00f3n; el complemento la gestiona autom\u00e1ticamente. Adem\u00e1s, puede personalizar los desplegables de pa\u00edses y establecer opciones predeterminadas que se adapten a sus necesidades. Como resultado, esta integraci\u00f3n mantiene intacta su configuraci\u00f3n actual de Contact Form 7 al tiempo que a\u00f1ade una potente automatizaci\u00f3n.<grok-card data-id=\"982ec1\" data-type=\"citation_card\"><\/grok-card><\/p>\n\n<h3>\u00bfPor qu\u00e9 elegir Contact Form 7 Autocompletar?<\/h3>\n<ul>\n    <li><strong>Relleno autom\u00e1tico de geolocalizaci\u00f3n IP:<\/strong> El complemento detecta y rellena los campos de ubicaci\u00f3n al instante, ahorrando tiempo a los usuarios.<\/li>\n    <li><strong>Compatibilidad sin fisuras:<\/strong> Funciona perfectamente con Contact Form 7 y Ultimate Addons, garantizando que no haya interrupciones.<\/li>\n    <li><strong>Opciones personalizables:<\/strong> Active los desplegables de pa\u00edses o restr\u00ednjalos a pa\u00edses espec\u00edficos para formularios espec\u00edficos.<\/li>\n    <li><strong>Reducci\u00f3n de errores:<\/strong> El rellenado autom\u00e1tico minimiza los errores tipogr\u00e1ficos y acelera los env\u00edos para mejorar las tasas de conversi\u00f3n.<\/li>\n<\/ul>\n\n<h3>F\u00e1cil configuraci\u00f3n y mayor facilidad de uso<\/h3>\n<p>Instale el complemento junto con Contact Form 7 y, a continuaci\u00f3n, active las funciones en el panel de control. Por ejemplo, admite m\u00faltiples formularios en todo el sitio, de modo que puede aplicar la funci\u00f3n de autocompletar siempre que sea necesario. Por lo tanto, los propietarios de sitios web disfrutan de menos formularios abandonados y un mayor compromiso.<grok-card data-id=\"4edc1c\" data-type=\"citation_card\"><\/grok-card><\/p>\n\n<h3>Actualice sus formularios hoy mismo<\/h3>\n<p>Transforme formularios de contacto est\u00e1ndar en inteligentes con <strong>Autocompletar Contact Form 7<\/strong>. La automatizaci\u00f3n de los datos de localizaci\u00f3n aumenta la eficacia y la satisfacci\u00f3n de los usuarios. Empiece ahora a agilizar los env\u00edos y las operaciones.<\/p>\n\t\t\t\t\t<\/div>\n\t\t\t\t\t\t<\/div>\n\t\t\t\t<\/div>\n\t\t\t\t<\/div>\n\t\t\t\t<\/div>","protected":false},"excerpt":{"rendered":"<p>Contact Form 7 Autocomplete: Auto-Fill Address Fields Effortlessly The Contact Form 7 Autocomplete addon supercharges your forms by automatically populating<\/p>","protected":false},"featured_media":9139,"comment_status":"open","ping_status":"closed","template":"","meta":{"_acf_changed":false},"product_brand":[],"product_cat":[49],"product_tag":[],"class_list":{"0":"post-9138","1":"product","2":"type-product","3":"status-publish","4":"has-post-thumbnail","6":"product_cat-plugins","8":"first","9":"instock","10":"sale","11":"downloadable","12":"shipping-taxable","13":"purchasable","14":"product-type-simple"},"acf":[],"yoast_head":"<!-- This site is optimized with the Yoast SEO Premium plugin v25.6 (Yoast SEO v27.1.1) - https:\/\/yoast.com\/product\/yoast-seo-premium-wordpress\/ -->\n<title>Contact Form 7 Autocomplet - AllWin Theme \u2013 Free WordPress Themes Download<\/title>\n<meta name=\"description\" content=\"Enhance Contact Form 7 with autocomplete for address fields. Auto-populate city, state, country, and zip using IP geolocation for better UX.\" \/>\n<meta name=\"robots\" content=\"index, follow, max-snippet:-1, max-image-preview:large, max-video-preview:-1\" \/>\n<link rel=\"canonical\" href=\"https:\/\/allwintheme.com\/es\/producto\/formulario-de-contacto-7-autocomplet\/\" \/>\n<meta property=\"og:locale\" content=\"es_ES\" \/>\n<meta property=\"og:type\" content=\"article\" \/>\n<meta property=\"og:title\" content=\"Contact Form 7 Autocomplet\" \/>\n<meta property=\"og:description\" content=\"Enhance Contact Form 7 with autocomplete for address fields. Auto-populate city, state, country, and zip using IP geolocation for better UX.\" \/>\n<meta property=\"og:url\" content=\"https:\/\/allwintheme.com\/es\/producto\/formulario-de-contacto-7-autocomplet\/\" \/>\n<meta property=\"og:site_name\" content=\"AllWin Theme \u2013 Free WordPress Themes Download\" \/>\n<meta property=\"article:modified_time\" content=\"2025-10-04T06:18:35+00:00\" \/>\n<meta property=\"og:image\" content=\"https:\/\/allwintheme.com\/wp-content\/uploads\/2025\/10\/jfgrqg7i.png\" \/>\n\t<meta property=\"og:image:width\" content=\"590\" \/>\n\t<meta property=\"og:image:height\" content=\"300\" \/>\n\t<meta property=\"og:image:type\" content=\"image\/png\" \/>\n<meta name=\"twitter:card\" content=\"summary_large_image\" \/>\n<meta name=\"twitter:label1\" content=\"Tiempo estimado de lectura\" \/>\n\t<meta name=\"twitter:data1\" content=\"2 minutos\" \/>\n<script type=\"application\/ld+json\" class=\"yoast-schema-graph\">{\"@context\":\"https:\/\/schema.org\",\"@graph\":[{\"@type\":\"WebPage\",\"@id\":\"https:\/\/allwintheme.com\/product\/contact-form-7-autocomplet\/\",\"url\":\"https:\/\/allwintheme.com\/product\/contact-form-7-autocomplet\/\",\"name\":\"Contact Form 7 Autocomplet - AllWin Theme \u2013 Free WordPress Themes Download\",\"isPartOf\":{\"@id\":\"https:\/\/allwintheme.com\/#website\"},\"primaryImageOfPage\":{\"@id\":\"https:\/\/allwintheme.com\/product\/contact-form-7-autocomplet\/#primaryimage\"},\"image\":{\"@id\":\"https:\/\/allwintheme.com\/product\/contact-form-7-autocomplet\/#primaryimage\"},\"thumbnailUrl\":\"https:\/\/allwintheme.com\/wp-content\/uploads\/2025\/10\/jfgrqg7i.png\",\"datePublished\":\"2025-10-04T06:12:48+00:00\",\"dateModified\":\"2025-10-04T06:18:35+00:00\",\"description\":\"Enhance Contact Form 7 with autocomplete for address fields. Auto-populate city, state, country, and zip using IP geolocation for better UX.\",\"breadcrumb\":{\"@id\":\"https:\/\/allwintheme.com\/product\/contact-form-7-autocomplet\/#breadcrumb\"},\"inLanguage\":\"es-CL\",\"potentialAction\":[{\"@type\":\"ReadAction\",\"target\":[\"https:\/\/allwintheme.com\/product\/contact-form-7-autocomplet\/\"]}]},{\"@type\":\"ImageObject\",\"inLanguage\":\"es-CL\",\"@id\":\"https:\/\/allwintheme.com\/product\/contact-form-7-autocomplet\/#primaryimage\",\"url\":\"https:\/\/allwintheme.com\/wp-content\/uploads\/2025\/10\/jfgrqg7i.png\",\"contentUrl\":\"https:\/\/allwintheme.com\/wp-content\/uploads\/2025\/10\/jfgrqg7i.png\",\"width\":590,\"height\":300,\"caption\":\"Contact Form 7 Autocomplet\"},{\"@type\":\"BreadcrumbList\",\"@id\":\"https:\/\/allwintheme.com\/product\/contact-form-7-autocomplet\/#breadcrumb\",\"itemListElement\":[{\"@type\":\"ListItem\",\"position\":1,\"name\":\"Home\",\"item\":\"https:\/\/allwintheme.com\/\"},{\"@type\":\"ListItem\",\"position\":2,\"name\":\"Shop\",\"item\":\"https:\/\/allwintheme.com\/shop\/\"},{\"@type\":\"ListItem\",\"position\":3,\"name\":\"Contact Form 7 Autocomplet\"}]},{\"@type\":\"WebSite\",\"@id\":\"https:\/\/allwintheme.com\/#website\",\"url\":\"https:\/\/allwintheme.com\/\",\"name\":\"Allwintheme\",\"description\":\"Download free WordPress themes for every niche. Blogs, business, eCommerce, portfolio, restaurant and more. All themes are GPL licensed and mobile-ready.\",\"potentialAction\":[{\"@type\":\"SearchAction\",\"target\":{\"@type\":\"EntryPoint\",\"urlTemplate\":\"https:\/\/allwintheme.com\/?s={search_term_string}\"},\"query-input\":{\"@type\":\"PropertyValueSpecification\",\"valueRequired\":true,\"valueName\":\"search_term_string\"}}],\"inLanguage\":\"es-CL\"}]}<\/script>\n<!-- \/ Yoast SEO Premium plugin. -->","yoast_head_json":{"title":"Contact Form 7 Autocomplet - AllWin Theme - Free WordPress Themes Download","description":"Mejorar Contact Form 7 con autocompletar para los campos de direcci\u00f3n. Rellene autom\u00e1ticamente la ciudad, el estado, el pa\u00eds y el c\u00f3digo postal mediante geolocalizaci\u00f3n IP para mejorar la experiencia del usuario.","robots":{"index":"index","follow":"follow","max-snippet":"max-snippet:-1","max-image-preview":"max-image-preview:large","max-video-preview":"max-video-preview:-1"},"canonical":"https:\/\/allwintheme.com\/es\/producto\/formulario-de-contacto-7-autocomplet\/","og_locale":"es_ES","og_type":"article","og_title":"Contact Form 7 Autocomplet","og_description":"Enhance Contact Form 7 with autocomplete for address fields. Auto-populate city, state, country, and zip using IP geolocation for better UX.","og_url":"https:\/\/allwintheme.com\/es\/producto\/formulario-de-contacto-7-autocomplet\/","og_site_name":"AllWin Theme \u2013 Free WordPress Themes Download","article_modified_time":"2025-10-04T06:18:35+00:00","og_image":[{"width":590,"height":300,"url":"https:\/\/allwintheme.com\/wp-content\/uploads\/2025\/10\/jfgrqg7i.png","type":"image\/png"}],"twitter_card":"summary_large_image","twitter_misc":{"Tiempo estimado de lectura":"2 minutos"},"schema":{"@context":"https:\/\/schema.org","@graph":[{"@type":"WebPage","@id":"https:\/\/allwintheme.com\/product\/contact-form-7-autocomplet\/","url":"https:\/\/allwintheme.com\/product\/contact-form-7-autocomplet\/","name":"Contact Form 7 Autocomplet - AllWin Theme - Free WordPress Themes Download","isPartOf":{"@id":"https:\/\/allwintheme.com\/#website"},"primaryImageOfPage":{"@id":"https:\/\/allwintheme.com\/product\/contact-form-7-autocomplet\/#primaryimage"},"image":{"@id":"https:\/\/allwintheme.com\/product\/contact-form-7-autocomplet\/#primaryimage"},"thumbnailUrl":"https:\/\/allwintheme.com\/wp-content\/uploads\/2025\/10\/jfgrqg7i.png","datePublished":"2025-10-04T06:12:48+00:00","dateModified":"2025-10-04T06:18:35+00:00","description":"Mejorar Contact Form 7 con autocompletar para los campos de direcci\u00f3n. Rellene autom\u00e1ticamente la ciudad, el estado, el pa\u00eds y el c\u00f3digo postal mediante geolocalizaci\u00f3n IP para mejorar la experiencia del usuario.","breadcrumb":{"@id":"https:\/\/allwintheme.com\/product\/contact-form-7-autocomplet\/#breadcrumb"},"inLanguage":"es-CL","potentialAction":[{"@type":"ReadAction","target":["https:\/\/allwintheme.com\/product\/contact-form-7-autocomplet\/"]}]},{"@type":"ImageObject","inLanguage":"es-CL","@id":"https:\/\/allwintheme.com\/product\/contact-form-7-autocomplet\/#primaryimage","url":"https:\/\/allwintheme.com\/wp-content\/uploads\/2025\/10\/jfgrqg7i.png","contentUrl":"https:\/\/allwintheme.com\/wp-content\/uploads\/2025\/10\/jfgrqg7i.png","width":590,"height":300,"caption":"Contact Form 7 Autocomplet"},{"@type":"BreadcrumbList","@id":"https:\/\/allwintheme.com\/product\/contact-form-7-autocomplet\/#breadcrumb","itemListElement":[{"@type":"ListItem","position":1,"name":"Home","item":"https:\/\/allwintheme.com\/"},{"@type":"ListItem","position":2,"name":"Shop","item":"https:\/\/allwintheme.com\/shop\/"},{"@type":"ListItem","position":3,"name":"Contact Form 7 Autocomplet"}]},{"@type":"WebSite","@id":"https:\/\/allwintheme.com\/#website","url":"https:\/\/allwintheme.com\/","name":"Allwintheme","description":"Descarga gratis temas de WordPress para todos los nichos. Blogs, negocios, comercio electr\u00f3nico, portafolio, restaurante y m\u00e1s. Todos los temas tienen licencia GPL y est\u00e1n preparados para dispositivos m\u00f3viles.","potentialAction":[{"@type":"SearchAction","target":{"@type":"EntryPoint","urlTemplate":"https:\/\/allwintheme.com\/?s={search_term_string}"},"query-input":{"@type":"PropertyValueSpecification","valueRequired":true,"valueName":"search_term_string"}}],"inLanguage":"es-CL"}]}},"_links":{"self":[{"href":"https:\/\/allwintheme.com\/es\/wp-json\/wp\/v2\/product\/9138","targetHints":{"allow":["GET"]}}],"collection":[{"href":"https:\/\/allwintheme.com\/es\/wp-json\/wp\/v2\/product"}],"about":[{"href":"https:\/\/allwintheme.com\/es\/wp-json\/wp\/v2\/types\/product"}],"replies":[{"embeddable":true,"href":"https:\/\/allwintheme.com\/es\/wp-json\/wp\/v2\/comments?post=9138"}],"version-history":[{"count":8,"href":"https:\/\/allwintheme.com\/es\/wp-json\/wp\/v2\/product\/9138\/revisions"}],"predecessor-version":[{"id":9147,"href":"https:\/\/allwintheme.com\/es\/wp-json\/wp\/v2\/product\/9138\/revisions\/9147"}],"wp:featuredmedia":[{"embeddable":true,"href":"https:\/\/allwintheme.com\/es\/wp-json\/wp\/v2\/media\/9139"}],"wp:attachment":[{"href":"https:\/\/allwintheme.com\/es\/wp-json\/wp\/v2\/media?parent=9138"}],"wp:term":[{"taxonomy":"product_brand","embeddable":true,"href":"https:\/\/allwintheme.com\/es\/wp-json\/wp\/v2\/product_brand?post=9138"},{"taxonomy":"product_cat","embeddable":true,"href":"https:\/\/allwintheme.com\/es\/wp-json\/wp\/v2\/product_cat?post=9138"},{"taxonomy":"product_tag","embeddable":true,"href":"https:\/\/allwintheme.com\/es\/wp-json\/wp\/v2\/product_tag?post=9138"}],"curies":[{"name":"wp","href":"https:\/\/api.w.org\/{rel}","templated":true}]}}