{"id":9155,"date":"2025-10-04T06:22:45","date_gmt":"2025-10-04T06:22:45","guid":{"rendered":"https:\/\/allwintheme.com\/?post_type=product&#038;p=9155"},"modified":"2025-10-04T06:26:27","modified_gmt":"2025-10-04T06:26:27","slug":"formulario-de-contacto-7-integracion-amocrm","status":"publish","type":"product","link":"https:\/\/allwintheme.com\/es\/producto\/formulario-de-contacto-7-integracion-amocrm\/","title":{"rendered":"Contact Form 7 - amoCRM - Integraci\u00f3n"},"content":{"rendered":"<div data-elementor-type=\"wp-post\" data-elementor-id=\"9155\" class=\"elementor elementor-9155\" data-elementor-settings=\"{&quot;element_pack_global_tooltip_width&quot;:{&quot;unit&quot;:&quot;px&quot;,&quot;size&quot;:&quot;&quot;,&quot;sizes&quot;:[]},&quot;element_pack_global_tooltip_width_tablet&quot;:{&quot;unit&quot;:&quot;px&quot;,&quot;size&quot;:&quot;&quot;,&quot;sizes&quot;:[]},&quot;element_pack_global_tooltip_width_mobile&quot;:{&quot;unit&quot;:&quot;px&quot;,&quot;size&quot;:&quot;&quot;,&quot;sizes&quot;:[]},&quot;element_pack_global_tooltip_padding&quot;:{&quot;unit&quot;:&quot;px&quot;,&quot;top&quot;:&quot;&quot;,&quot;right&quot;:&quot;&quot;,&quot;bottom&quot;:&quot;&quot;,&quot;left&quot;:&quot;&quot;,&quot;isLinked&quot;:true},&quot;element_pack_global_tooltip_padding_tablet&quot;:{&quot;unit&quot;:&quot;px&quot;,&quot;top&quot;:&quot;&quot;,&quot;right&quot;:&quot;&quot;,&quot;bottom&quot;:&quot;&quot;,&quot;left&quot;:&quot;&quot;,&quot;isLinked&quot;:true},&quot;element_pack_global_tooltip_padding_mobile&quot;:{&quot;unit&quot;:&quot;px&quot;,&quot;top&quot;:&quot;&quot;,&quot;right&quot;:&quot;&quot;,&quot;bottom&quot;:&quot;&quot;,&quot;left&quot;:&quot;&quot;,&quot;isLinked&quot;:true},&quot;element_pack_global_tooltip_border_radius&quot;:{&quot;unit&quot;:&quot;px&quot;,&quot;top&quot;:&quot;&quot;,&quot;right&quot;:&quot;&quot;,&quot;bottom&quot;:&quot;&quot;,&quot;left&quot;:&quot;&quot;,&quot;isLinked&quot;:true},&quot;element_pack_global_tooltip_border_radius_tablet&quot;:{&quot;unit&quot;:&quot;px&quot;,&quot;top&quot;:&quot;&quot;,&quot;right&quot;:&quot;&quot;,&quot;bottom&quot;:&quot;&quot;,&quot;left&quot;:&quot;&quot;,&quot;isLinked&quot;:true},&quot;element_pack_global_tooltip_border_radius_mobile&quot;:{&quot;unit&quot;:&quot;px&quot;,&quot;top&quot;:&quot;&quot;,&quot;right&quot;:&quot;&quot;,&quot;bottom&quot;:&quot;&quot;,&quot;left&quot;:&quot;&quot;,&quot;isLinked&quot;:true}}\" data-elementor-post-type=\"product\">\n\t\t\t\t<div class=\"elementor-element elementor-element-93aa4a8 e-con-full e-flex e-con e-parent\" data-id=\"93aa4a8\" data-element_type=\"container\" data-e-type=\"container\">\n\t\t\t\t<div class=\"elementor-element elementor-element-2c3f760 miaoshu elementor-widget elementor-widget-wd_text_block\" data-id=\"2c3f760\" data-element_type=\"widget\" data-e-type=\"widget\" data-widget_type=\"wd_text_block.default\">\n\t\t\t\t<div class=\"elementor-widget-container\">\n\t\t\t\t\t\t\t<div class=\"wd-text-block reset-last-child text-left\">\n\t\t\t\n\t\t\t<h2>Formulario de contacto 7 - Integraci\u00f3n con amoCRM: Automatice la captaci\u00f3n de clientes potenciales<\/h2>\n<p>En <strong>Formulario de contacto 7 - Integraci\u00f3n con amoCRM<\/strong> permite a los usuarios de WordPress conectar sus env\u00edos de Contact Form 7 directamente a las cuentas de amoCRM. Por ejemplo, esta herramienta simplifica el env\u00edo de datos de formularios como clientes potenciales, clientes potenciales entrantes o contactos, para que pueda capturar y gestionar la informaci\u00f3n de los clientes sin esfuerzo.<grok-card data-id=\"dd1a6b\" data-type=\"citation_card\"><\/grok-card> De este modo, su equipo de ventas obtiene acceso instant\u00e1neo a nuevos clientes potenciales sin necesidad de introducir datos manualmente.<\/p>\n\n<h3>Racionalice el flujo de trabajo del formulario al CRM<\/h3>\n<p>Los usuarios configuran activamente el plugin a trav\u00e9s del panel de administraci\u00f3n de WordPress, integrando formularios ilimitados de Contact Form 7 con amoCRM. Una vez configurado, el sistema a\u00f1ade autom\u00e1ticamente los formularios enviados a su cuenta de amoCRM, incluyendo detalles adicionales como contactos y empresas. Como resultado, vincula los nuevos clientes potenciales a los registros existentes si est\u00e1n disponibles, mejorando la precisi\u00f3n y la eficiencia de los datos.<grok-card data-id=\"bdc27c\" data-type=\"citation_card\"><\/grok-card><\/p>\n\n<h3>Caracter\u00edsticas principales de Contact Form 7 - Integraci\u00f3n con amoCRM<\/h3>\n<ul>\n    <li><strong>Generaci\u00f3n flexible de clientes potenciales:<\/strong> Elija crear clientes potenciales, clientes potenciales entrantes o contactos para cada formulario, adaptando el resultado a sus necesidades.<grok-card data-id=\"ef2bd0\" data-type=\"citation_card\"><\/grok-card><\/li>\n    <li><strong>Mapeo de datos personalizado:<\/strong> Especifique qu\u00e9 campos del formulario se transfieren a amoCRM, asegur\u00e1ndose de capturar la informaci\u00f3n esencial con precisi\u00f3n.<\/li>\n    <li><strong>Modos de env\u00edo duales:<\/strong> Env\u00ede los datos inmediatamente despu\u00e9s del env\u00edo o a trav\u00e9s de WP Cron para un ligero retraso, d\u00e1ndole el control sobre el tiempo.<grok-card data-id=\"b28cf7\" data-type=\"citation_card\"><\/grok-card><\/li>\n    <li><strong>Compatibilidad con Google Analytics:<\/strong> Incluya datos de seguimiento con los clientes potenciales para conocer mejor el comportamiento de los usuarios (s\u00f3lo para ofertas).<grok-card data-id=\"6cc8ed\" data-type=\"citation_card\"><\/grok-card><\/li>\n    <li><strong>Autorizaci\u00f3n OAuth2 sencilla:<\/strong> Con\u00e9ctese de forma segura mediante una autenticaci\u00f3n moderna, que sustituye a las anticuadas claves API para mejorar la seguridad.<grok-card data-id=\"4f1221\" data-type=\"citation_card\"><\/grok-card><\/li>\n    <li><strong>Configuraci\u00f3n muy sencilla:<\/strong> S\u00f3lo requiere el plugin Contact Form 7; cargar, activar y configurar en minutos.<grok-card data-id=\"6f9f60\" data-type=\"citation_card\"><\/grok-card><\/li>\n<\/ul>\n\n<h3>Aumente la eficacia de su empresa<\/h3>\n<p>Adem\u00e1s, esta integraci\u00f3n admite la asignaci\u00f3n de personas responsables para ofertas, tareas y contactos, lo que agiliza el seguimiento. Por ejemplo, si gestionas un sitio web orientado a las ventas, el complemento te ayuda a nutrir autom\u00e1ticamente a los clientes potenciales para que cierres m\u00e1s tratos con mayor rapidez.<grok-card data-id=\"9a5953\" data-type=\"citation_card\"><\/grok-card> Por lo tanto, las empresas ahorran tiempo en la introducci\u00f3n de datos y se centran en el crecimiento.<\/p>\n\n<h3>Empiece con Contact Form 7 - Integraci\u00f3n con amoCRM<\/h3>\n<p>Transforme sus formularios de contacto en potentes generadores de prospectos con <strong>Formulario de contacto 7 - Integraci\u00f3n con amoCRM<\/strong>. Instale el plugin hoy mismo, conecte su cuenta de amoCRM y vea c\u00f3mo los env\u00edos fluyen sin problemas a su CRM. \u00a1Impulse su canal de ventas ahora!<\/p>\n\t\t\t\t\t<\/div>\n\t\t\t\t\t\t<\/div>\n\t\t\t\t<\/div>\n\t\t\t\t<\/div>\n\t\t\t\t<\/div>","protected":false},"excerpt":{"rendered":"<p>Contact Form 7 \u2013 amoCRM Integration: Automate Your Lead Capture The Contact Form 7 \u2013 amoCRM Integration plugin empowers WordPress<\/p>","protected":false},"featured_media":9156,"comment_status":"open","ping_status":"closed","template":"","meta":{"_acf_changed":false},"product_brand":[],"product_cat":[49],"product_tag":[],"class_list":{"0":"post-9155","1":"product","2":"type-product","3":"status-publish","4":"has-post-thumbnail","6":"product_cat-plugins","8":"first","9":"instock","10":"sale","11":"downloadable","12":"shipping-taxable","13":"purchasable","14":"product-type-simple"},"acf":[],"yoast_head":"<!-- This site is optimized with the Yoast SEO Premium plugin v25.6 (Yoast SEO v27.1.1) - https:\/\/yoast.com\/product\/yoast-seo-premium-wordpress\/ -->\n<title>Contact Form 7 \u2013 amoCRM \u2013 Integration - AllWin Theme \u2013 Free WordPress Themes Download<\/title>\n<meta name=\"description\" content=\"Seamlessly connect Contact Form 7 forms to amoCRM. Automatically send submissions as leads or contacts for efficient lead management.\" \/>\n<meta name=\"robots\" content=\"index, follow, max-snippet:-1, max-image-preview:large, max-video-preview:-1\" \/>\n<link rel=\"canonical\" href=\"https:\/\/allwintheme.com\/es\/producto\/formulario-de-contacto-7-integracion-amocrm\/\" \/>\n<meta property=\"og:locale\" content=\"es_ES\" \/>\n<meta property=\"og:type\" content=\"article\" \/>\n<meta property=\"og:title\" content=\"Contact Form 7 \u2013 amoCRM \u2013 Integration\" \/>\n<meta property=\"og:description\" content=\"Seamlessly connect Contact Form 7 forms to amoCRM. Automatically send submissions as leads or contacts for efficient lead management.\" \/>\n<meta property=\"og:url\" content=\"https:\/\/allwintheme.com\/es\/producto\/formulario-de-contacto-7-integracion-amocrm\/\" \/>\n<meta property=\"og:site_name\" content=\"AllWin Theme \u2013 Free WordPress Themes Download\" \/>\n<meta property=\"article:modified_time\" content=\"2025-10-04T06:26:27+00:00\" \/>\n<meta property=\"og:image\" content=\"https:\/\/allwintheme.com\/wp-content\/uploads\/2025\/10\/v61w920j.png\" \/>\n\t<meta property=\"og:image:width\" content=\"590\" \/>\n\t<meta property=\"og:image:height\" content=\"300\" \/>\n\t<meta property=\"og:image:type\" content=\"image\/png\" \/>\n<meta name=\"twitter:card\" content=\"summary_large_image\" \/>\n<meta name=\"twitter:label1\" content=\"Tiempo estimado de lectura\" \/>\n\t<meta name=\"twitter:data1\" content=\"2 minutos\" \/>\n<script type=\"application\/ld+json\" class=\"yoast-schema-graph\">{\"@context\":\"https:\/\/schema.org\",\"@graph\":[{\"@type\":\"WebPage\",\"@id\":\"https:\/\/allwintheme.com\/product\/contact-form-7-amocrm-integration\/\",\"url\":\"https:\/\/allwintheme.com\/product\/contact-form-7-amocrm-integration\/\",\"name\":\"Contact Form 7 \u2013 amoCRM \u2013 Integration - AllWin Theme \u2013 Free WordPress Themes Download\",\"isPartOf\":{\"@id\":\"https:\/\/allwintheme.com\/#website\"},\"primaryImageOfPage\":{\"@id\":\"https:\/\/allwintheme.com\/product\/contact-form-7-amocrm-integration\/#primaryimage\"},\"image\":{\"@id\":\"https:\/\/allwintheme.com\/product\/contact-form-7-amocrm-integration\/#primaryimage\"},\"thumbnailUrl\":\"https:\/\/allwintheme.com\/wp-content\/uploads\/2025\/10\/v61w920j.png\",\"datePublished\":\"2025-10-04T06:22:45+00:00\",\"dateModified\":\"2025-10-04T06:26:27+00:00\",\"description\":\"Seamlessly connect Contact Form 7 forms to amoCRM. Automatically send submissions as leads or contacts for efficient lead management.\",\"breadcrumb\":{\"@id\":\"https:\/\/allwintheme.com\/product\/contact-form-7-amocrm-integration\/#breadcrumb\"},\"inLanguage\":\"es-CL\",\"potentialAction\":[{\"@type\":\"ReadAction\",\"target\":[\"https:\/\/allwintheme.com\/product\/contact-form-7-amocrm-integration\/\"]}]},{\"@type\":\"ImageObject\",\"inLanguage\":\"es-CL\",\"@id\":\"https:\/\/allwintheme.com\/product\/contact-form-7-amocrm-integration\/#primaryimage\",\"url\":\"https:\/\/allwintheme.com\/wp-content\/uploads\/2025\/10\/v61w920j.png\",\"contentUrl\":\"https:\/\/allwintheme.com\/wp-content\/uploads\/2025\/10\/v61w920j.png\",\"width\":590,\"height\":300,\"caption\":\"Contact Form 7 \u2013 amoCRM \u2013 Integration\"},{\"@type\":\"BreadcrumbList\",\"@id\":\"https:\/\/allwintheme.com\/product\/contact-form-7-amocrm-integration\/#breadcrumb\",\"itemListElement\":[{\"@type\":\"ListItem\",\"position\":1,\"name\":\"Home\",\"item\":\"https:\/\/allwintheme.com\/\"},{\"@type\":\"ListItem\",\"position\":2,\"name\":\"Shop\",\"item\":\"https:\/\/allwintheme.com\/shop\/\"},{\"@type\":\"ListItem\",\"position\":3,\"name\":\"Contact Form 7 \u2013 amoCRM \u2013 Integration\"}]},{\"@type\":\"WebSite\",\"@id\":\"https:\/\/allwintheme.com\/#website\",\"url\":\"https:\/\/allwintheme.com\/\",\"name\":\"Allwintheme\",\"description\":\"Download free WordPress themes for every niche. Blogs, business, eCommerce, portfolio, restaurant and more. All themes are GPL licensed and mobile-ready.\",\"potentialAction\":[{\"@type\":\"SearchAction\",\"target\":{\"@type\":\"EntryPoint\",\"urlTemplate\":\"https:\/\/allwintheme.com\/?s={search_term_string}\"},\"query-input\":{\"@type\":\"PropertyValueSpecification\",\"valueRequired\":true,\"valueName\":\"search_term_string\"}}],\"inLanguage\":\"es-CL\"}]}<\/script>\n<!-- \/ Yoast SEO Premium plugin. -->","yoast_head_json":{"title":"Contact Form 7 - amoCRM - Integration - AllWin Theme - Free WordPress Themes Download","description":"Conecte sin problemas los formularios Contact Form 7 a amoCRM. Env\u00ede autom\u00e1ticamente los env\u00edos como clientes potenciales o contactos para una gesti\u00f3n eficiente de los mismos.","robots":{"index":"index","follow":"follow","max-snippet":"max-snippet:-1","max-image-preview":"max-image-preview:large","max-video-preview":"max-video-preview:-1"},"canonical":"https:\/\/allwintheme.com\/es\/producto\/formulario-de-contacto-7-integracion-amocrm\/","og_locale":"es_ES","og_type":"article","og_title":"Contact Form 7 \u2013 amoCRM \u2013 Integration","og_description":"Seamlessly connect Contact Form 7 forms to amoCRM. Automatically send submissions as leads or contacts for efficient lead management.","og_url":"https:\/\/allwintheme.com\/es\/producto\/formulario-de-contacto-7-integracion-amocrm\/","og_site_name":"AllWin Theme \u2013 Free WordPress Themes Download","article_modified_time":"2025-10-04T06:26:27+00:00","og_image":[{"width":590,"height":300,"url":"https:\/\/allwintheme.com\/wp-content\/uploads\/2025\/10\/v61w920j.png","type":"image\/png"}],"twitter_card":"summary_large_image","twitter_misc":{"Tiempo estimado de lectura":"2 minutos"},"schema":{"@context":"https:\/\/schema.org","@graph":[{"@type":"WebPage","@id":"https:\/\/allwintheme.com\/product\/contact-form-7-amocrm-integration\/","url":"https:\/\/allwintheme.com\/product\/contact-form-7-amocrm-integration\/","name":"Contact Form 7 - amoCRM - Integration - AllWin Theme - Free WordPress Themes Download","isPartOf":{"@id":"https:\/\/allwintheme.com\/#website"},"primaryImageOfPage":{"@id":"https:\/\/allwintheme.com\/product\/contact-form-7-amocrm-integration\/#primaryimage"},"image":{"@id":"https:\/\/allwintheme.com\/product\/contact-form-7-amocrm-integration\/#primaryimage"},"thumbnailUrl":"https:\/\/allwintheme.com\/wp-content\/uploads\/2025\/10\/v61w920j.png","datePublished":"2025-10-04T06:22:45+00:00","dateModified":"2025-10-04T06:26:27+00:00","description":"Conecte sin problemas los formularios Contact Form 7 a amoCRM. Env\u00ede autom\u00e1ticamente los env\u00edos como clientes potenciales o contactos para una gesti\u00f3n eficiente de los mismos.","breadcrumb":{"@id":"https:\/\/allwintheme.com\/product\/contact-form-7-amocrm-integration\/#breadcrumb"},"inLanguage":"es-CL","potentialAction":[{"@type":"ReadAction","target":["https:\/\/allwintheme.com\/product\/contact-form-7-amocrm-integration\/"]}]},{"@type":"ImageObject","inLanguage":"es-CL","@id":"https:\/\/allwintheme.com\/product\/contact-form-7-amocrm-integration\/#primaryimage","url":"https:\/\/allwintheme.com\/wp-content\/uploads\/2025\/10\/v61w920j.png","contentUrl":"https:\/\/allwintheme.com\/wp-content\/uploads\/2025\/10\/v61w920j.png","width":590,"height":300,"caption":"Contact Form 7 \u2013 amoCRM \u2013 Integration"},{"@type":"BreadcrumbList","@id":"https:\/\/allwintheme.com\/product\/contact-form-7-amocrm-integration\/#breadcrumb","itemListElement":[{"@type":"ListItem","position":1,"name":"Home","item":"https:\/\/allwintheme.com\/"},{"@type":"ListItem","position":2,"name":"Shop","item":"https:\/\/allwintheme.com\/shop\/"},{"@type":"ListItem","position":3,"name":"Contact Form 7 \u2013 amoCRM \u2013 Integration"}]},{"@type":"WebSite","@id":"https:\/\/allwintheme.com\/#website","url":"https:\/\/allwintheme.com\/","name":"Allwintheme","description":"Descarga gratis temas de WordPress para todos los nichos. Blogs, negocios, comercio electr\u00f3nico, portafolio, restaurante y m\u00e1s. Todos los temas tienen licencia GPL y est\u00e1n preparados para dispositivos m\u00f3viles.","potentialAction":[{"@type":"SearchAction","target":{"@type":"EntryPoint","urlTemplate":"https:\/\/allwintheme.com\/?s={search_term_string}"},"query-input":{"@type":"PropertyValueSpecification","valueRequired":true,"valueName":"search_term_string"}}],"inLanguage":"es-CL"}]}},"_links":{"self":[{"href":"https:\/\/allwintheme.com\/es\/wp-json\/wp\/v2\/product\/9155","targetHints":{"allow":["GET"]}}],"collection":[{"href":"https:\/\/allwintheme.com\/es\/wp-json\/wp\/v2\/product"}],"about":[{"href":"https:\/\/allwintheme.com\/es\/wp-json\/wp\/v2\/types\/product"}],"replies":[{"embeddable":true,"href":"https:\/\/allwintheme.com\/es\/wp-json\/wp\/v2\/comments?post=9155"}],"version-history":[{"count":5,"href":"https:\/\/allwintheme.com\/es\/wp-json\/wp\/v2\/product\/9155\/revisions"}],"predecessor-version":[{"id":9162,"href":"https:\/\/allwintheme.com\/es\/wp-json\/wp\/v2\/product\/9155\/revisions\/9162"}],"wp:featuredmedia":[{"embeddable":true,"href":"https:\/\/allwintheme.com\/es\/wp-json\/wp\/v2\/media\/9156"}],"wp:attachment":[{"href":"https:\/\/allwintheme.com\/es\/wp-json\/wp\/v2\/media?parent=9155"}],"wp:term":[{"taxonomy":"product_brand","embeddable":true,"href":"https:\/\/allwintheme.com\/es\/wp-json\/wp\/v2\/product_brand?post=9155"},{"taxonomy":"product_cat","embeddable":true,"href":"https:\/\/allwintheme.com\/es\/wp-json\/wp\/v2\/product_cat?post=9155"},{"taxonomy":"product_tag","embeddable":true,"href":"https:\/\/allwintheme.com\/es\/wp-json\/wp\/v2\/product_tag?post=9155"}],"curies":[{"name":"wp","href":"https:\/\/api.w.org\/{rel}","templated":true}]}}