{"id":9199,"date":"2025-10-04T12:42:25","date_gmt":"2025-10-04T12:42:25","guid":{"rendered":"https:\/\/allwintheme.com\/?post_type=product&#038;p=9199"},"modified":"2025-10-04T12:46:41","modified_gmt":"2025-10-04T12:46:41","slug":"formulario-de-contacto-7-base-de-datos-pro","status":"publish","type":"product","link":"https:\/\/allwintheme.com\/es\/producto\/formulario-de-contacto-7-base-de-datos-pro\/","title":{"rendered":"Formulario de contacto 7 Base de datos Pro"},"content":{"rendered":"<div data-elementor-type=\"wp-post\" data-elementor-id=\"9199\" class=\"elementor elementor-9199\" data-elementor-settings=\"{&quot;element_pack_global_tooltip_width&quot;:{&quot;unit&quot;:&quot;px&quot;,&quot;size&quot;:&quot;&quot;,&quot;sizes&quot;:[]},&quot;element_pack_global_tooltip_width_tablet&quot;:{&quot;unit&quot;:&quot;px&quot;,&quot;size&quot;:&quot;&quot;,&quot;sizes&quot;:[]},&quot;element_pack_global_tooltip_width_mobile&quot;:{&quot;unit&quot;:&quot;px&quot;,&quot;size&quot;:&quot;&quot;,&quot;sizes&quot;:[]},&quot;element_pack_global_tooltip_padding&quot;:{&quot;unit&quot;:&quot;px&quot;,&quot;top&quot;:&quot;&quot;,&quot;right&quot;:&quot;&quot;,&quot;bottom&quot;:&quot;&quot;,&quot;left&quot;:&quot;&quot;,&quot;isLinked&quot;:true},&quot;element_pack_global_tooltip_padding_tablet&quot;:{&quot;unit&quot;:&quot;px&quot;,&quot;top&quot;:&quot;&quot;,&quot;right&quot;:&quot;&quot;,&quot;bottom&quot;:&quot;&quot;,&quot;left&quot;:&quot;&quot;,&quot;isLinked&quot;:true},&quot;element_pack_global_tooltip_padding_mobile&quot;:{&quot;unit&quot;:&quot;px&quot;,&quot;top&quot;:&quot;&quot;,&quot;right&quot;:&quot;&quot;,&quot;bottom&quot;:&quot;&quot;,&quot;left&quot;:&quot;&quot;,&quot;isLinked&quot;:true},&quot;element_pack_global_tooltip_border_radius&quot;:{&quot;unit&quot;:&quot;px&quot;,&quot;top&quot;:&quot;&quot;,&quot;right&quot;:&quot;&quot;,&quot;bottom&quot;:&quot;&quot;,&quot;left&quot;:&quot;&quot;,&quot;isLinked&quot;:true},&quot;element_pack_global_tooltip_border_radius_tablet&quot;:{&quot;unit&quot;:&quot;px&quot;,&quot;top&quot;:&quot;&quot;,&quot;right&quot;:&quot;&quot;,&quot;bottom&quot;:&quot;&quot;,&quot;left&quot;:&quot;&quot;,&quot;isLinked&quot;:true},&quot;element_pack_global_tooltip_border_radius_mobile&quot;:{&quot;unit&quot;:&quot;px&quot;,&quot;top&quot;:&quot;&quot;,&quot;right&quot;:&quot;&quot;,&quot;bottom&quot;:&quot;&quot;,&quot;left&quot;:&quot;&quot;,&quot;isLinked&quot;:true}}\" data-elementor-post-type=\"product\">\n\t\t\t\t<div class=\"elementor-element elementor-element-93aa4a8 e-con-full e-flex e-con e-parent\" data-id=\"93aa4a8\" data-element_type=\"container\" data-e-type=\"container\">\n\t\t\t\t<div class=\"elementor-element elementor-element-2c3f760 miaoshu elementor-widget elementor-widget-wd_text_block\" data-id=\"2c3f760\" data-element_type=\"widget\" data-e-type=\"widget\" data-widget_type=\"wd_text_block.default\">\n\t\t\t\t<div class=\"elementor-widget-container\">\n\t\t\t\t\t\t\t<div class=\"wd-text-block reset-last-child text-left\">\n\t\t\t\n\t\t\t<h2>Formulario de Contacto 7 Base de Datos Pro: Almacene y gestione de forma segura los env\u00edos de formularios<\/h2>\n<p><strong>Formulario de contacto 7 Base de datos Pro<\/strong> revoluciona la forma de gestionar los datos de los formularios al guardar autom\u00e1ticamente todos los env\u00edos de Contact Form 7 directamente en la base de datos de WordPress. Por ejemplo, este plugin premium le garantiza que nunca perder\u00e1 clientes potenciales valiosos, ya que los usuarios env\u00edan consultas, registros o presupuestos. En consecuencia, obtendr\u00e1 f\u00e1cil acceso a todos los datos desde su panel de control, agilizando su flujo de trabajo y aumentando la eficiencia.<grok-card data-id=\"17317c\" data-type=\"citation_card\"><\/grok-card><grok-card data-id=\"03040a\" data-type=\"citation_card\"><\/grok-card><\/p>\n\n<h3>Captura y organizaci\u00f3n de datos sin esfuerzo<\/h3>\n<p>Instale el plugin e inmediatamente comenzar\u00e1 a capturar env\u00edos sin ninguna configuraci\u00f3n compleja. Adem\u00e1s, la versi\u00f3n Pro admite formularios ilimitados, por lo que puedes gestionar formularios de contacto, solicitudes de presupuesto y mucho m\u00e1s en una ubicaci\u00f3n centralizada. Como resultado, evitar\u00e1 depender \u00fanicamente de los correos electr\u00f3nicos, que pueden perderse o pasarse por alto.<grok-card data-id=\"608525\" data-type=\"citation_card\"><\/grok-card><grok-card data-id=\"9fe0fa\" data-type=\"citation_card\"><\/grok-card><\/p>\n\n<h3>\u00bfPor qu\u00e9 elegir Contact Form 7 Database Pro?<\/h3>\n<ul>\n    <li><strong>Ahorro autom\u00e1tico:<\/strong> El plugin captura cada env\u00edo, incluyendo campos, cargas y metadatos, directamente en su base de datos para un almacenamiento fiable.<\/li>\n    <li><strong>Herramientas avanzadas de visualizaci\u00f3n:<\/strong> Ordene, filtre, busque y edite entradas directamente desde el panel de control, para que la gesti\u00f3n de datos sea r\u00e1pida e intuitiva.<\/li>\n    <li><strong>Exportaciones flexibles:<\/strong> Exporte datos a formatos CSV, Excel o PDF, para poder integrarlos f\u00e1cilmente con sistemas CRM o analizar clientes potenciales sin conexi\u00f3n.<grok-card data-id=\"24fed7\" data-type=\"citation_card\"><\/grok-card><\/li>\n    <li><strong>Caracter\u00edsticas Pro-Exclusive:<\/strong> Responda a los usuarios directamente desde el panel de control, gestione formularios de varios pasos y disfrute de asistencia prioritaria para necesidades personalizadas.<\/li>\n    <li><strong>Compatibilidad y seguridad:<\/strong> Funciona a la perfecci\u00f3n con las extensiones de Contact Form 7, es compatible con el cumplimiento de GDPR y restringe datos confidenciales como direcciones IP si es necesario.<grok-card data-id=\"06754b\" data-type=\"citation_card\"><\/grok-card><\/li>\n<\/ul>\n\n<h3>Mejore su generaci\u00f3n de prospectos<\/h3>\n<p>Con Contact Form 7 Database Pro, puede transformar los env\u00edos sin procesar en informaci\u00f3n pr\u00e1ctica. Por ejemplo, los desarrolladores aprecian funciones como la importaci\u00f3n de datos desde otros plugins y el manejo personalizable de campos. Por lo tanto, tanto si gestionas un sitio peque\u00f1o como uno grande, este complemento te ahorrar\u00e1 tiempo y evitar\u00e1 la p\u00e9rdida de datos, lo que te permitir\u00e1 centrarte en la captaci\u00f3n de clientes.<grok-card data-id=\"a21629\" data-type=\"citation_card\"><\/grok-card><\/p>\n\n<h3>Actualice a Pro hoy mismo<\/h3>\n<p>Experimente toda la potencia de la gesti\u00f3n de datos de formularios con <strong>Formulario de contacto 7 Base de datos Pro<\/strong>. Al automatizar el almacenamiento y proporcionar herramientas s\u00f3lidas, se asegura de que ning\u00fan cliente potencial se escape. Inst\u00e1lelo ahora y mejore su configuraci\u00f3n de Contact Form 7.<grok-card data-id=\"0aea6a\" data-type=\"citation_card\"><\/grok-card><\/p>\n\t\t\t\t\t<\/div>\n\t\t\t\t\t\t<\/div>\n\t\t\t\t<\/div>\n\t\t\t\t<\/div>\n\t\t\t\t<\/div>","protected":false},"excerpt":{"rendered":"<p>Contact Form 7 Database Pro: Securely Store and Manage Form Submissions Contact Form 7 Database Pro revolutionizes how you handle<\/p>","protected":false},"featured_media":9200,"comment_status":"open","ping_status":"closed","template":"","meta":{"_acf_changed":false},"product_brand":[],"product_cat":[49],"product_tag":[],"class_list":{"0":"post-9199","1":"product","2":"type-product","3":"status-publish","4":"has-post-thumbnail","6":"product_cat-plugins","8":"first","9":"instock","10":"sale","11":"downloadable","12":"shipping-taxable","13":"purchasable","14":"product-type-simple"},"acf":[],"yoast_head":"<!-- This site is optimized with the Yoast SEO Premium plugin v25.6 (Yoast SEO v27.1.1) - https:\/\/yoast.com\/product\/yoast-seo-premium-wordpress\/ -->\n<title>Contact Form 7 Database Pro - AllWin Theme \u2013 Free WordPress Themes Download<\/title>\n<meta name=\"description\" content=\"Contact Form 7 Database Pro saves submissions automatically to your database. View, filter, edit, and export data in CSV, Excel, or PDF for efficient lead management.\" \/>\n<meta name=\"robots\" content=\"index, follow, max-snippet:-1, max-image-preview:large, max-video-preview:-1\" \/>\n<link rel=\"canonical\" href=\"https:\/\/allwintheme.com\/es\/producto\/formulario-de-contacto-7-base-de-datos-pro\/\" \/>\n<meta property=\"og:locale\" content=\"es_ES\" \/>\n<meta property=\"og:type\" content=\"article\" \/>\n<meta property=\"og:title\" content=\"Contact Form 7 Database Pro\" \/>\n<meta property=\"og:description\" content=\"Contact Form 7 Database Pro saves submissions automatically to your database. View, filter, edit, and export data in CSV, Excel, or PDF for efficient lead management.\" \/>\n<meta property=\"og:url\" content=\"https:\/\/allwintheme.com\/es\/producto\/formulario-de-contacto-7-base-de-datos-pro\/\" \/>\n<meta property=\"og:site_name\" content=\"AllWin Theme \u2013 Free WordPress Themes Download\" \/>\n<meta property=\"article:modified_time\" content=\"2025-10-04T12:46:41+00:00\" \/>\n<meta property=\"og:image\" content=\"https:\/\/allwintheme.com\/wp-content\/uploads\/2025\/10\/r38i3gtd.png\" \/>\n\t<meta property=\"og:image:width\" content=\"590\" \/>\n\t<meta property=\"og:image:height\" content=\"300\" \/>\n\t<meta property=\"og:image:type\" content=\"image\/png\" \/>\n<meta name=\"twitter:card\" content=\"summary_large_image\" \/>\n<meta name=\"twitter:label1\" content=\"Tiempo estimado de lectura\" \/>\n\t<meta name=\"twitter:data1\" content=\"2 minutos\" \/>\n<script type=\"application\/ld+json\" class=\"yoast-schema-graph\">{\"@context\":\"https:\/\/schema.org\",\"@graph\":[{\"@type\":\"WebPage\",\"@id\":\"https:\/\/allwintheme.com\/product\/contact-form-7-database-pro\/\",\"url\":\"https:\/\/allwintheme.com\/product\/contact-form-7-database-pro\/\",\"name\":\"Contact Form 7 Database Pro - AllWin Theme \u2013 Free WordPress Themes Download\",\"isPartOf\":{\"@id\":\"https:\/\/allwintheme.com\/#website\"},\"primaryImageOfPage\":{\"@id\":\"https:\/\/allwintheme.com\/product\/contact-form-7-database-pro\/#primaryimage\"},\"image\":{\"@id\":\"https:\/\/allwintheme.com\/product\/contact-form-7-database-pro\/#primaryimage\"},\"thumbnailUrl\":\"https:\/\/allwintheme.com\/wp-content\/uploads\/2025\/10\/r38i3gtd.png\",\"datePublished\":\"2025-10-04T12:42:25+00:00\",\"dateModified\":\"2025-10-04T12:46:41+00:00\",\"description\":\"Contact Form 7 Database Pro saves submissions automatically to your database. View, filter, edit, and export data in CSV, Excel, or PDF for efficient lead management.\",\"breadcrumb\":{\"@id\":\"https:\/\/allwintheme.com\/product\/contact-form-7-database-pro\/#breadcrumb\"},\"inLanguage\":\"es-CL\",\"potentialAction\":[{\"@type\":\"ReadAction\",\"target\":[\"https:\/\/allwintheme.com\/product\/contact-form-7-database-pro\/\"]}]},{\"@type\":\"ImageObject\",\"inLanguage\":\"es-CL\",\"@id\":\"https:\/\/allwintheme.com\/product\/contact-form-7-database-pro\/#primaryimage\",\"url\":\"https:\/\/allwintheme.com\/wp-content\/uploads\/2025\/10\/r38i3gtd.png\",\"contentUrl\":\"https:\/\/allwintheme.com\/wp-content\/uploads\/2025\/10\/r38i3gtd.png\",\"width\":590,\"height\":300,\"caption\":\"Contact Form 7 Database Pro\"},{\"@type\":\"BreadcrumbList\",\"@id\":\"https:\/\/allwintheme.com\/product\/contact-form-7-database-pro\/#breadcrumb\",\"itemListElement\":[{\"@type\":\"ListItem\",\"position\":1,\"name\":\"Home\",\"item\":\"https:\/\/allwintheme.com\/\"},{\"@type\":\"ListItem\",\"position\":2,\"name\":\"Shop\",\"item\":\"https:\/\/allwintheme.com\/shop\/\"},{\"@type\":\"ListItem\",\"position\":3,\"name\":\"Contact Form 7 Database Pro\"}]},{\"@type\":\"WebSite\",\"@id\":\"https:\/\/allwintheme.com\/#website\",\"url\":\"https:\/\/allwintheme.com\/\",\"name\":\"Allwintheme\",\"description\":\"Download free WordPress themes for every niche. Blogs, business, eCommerce, portfolio, restaurant and more. All themes are GPL licensed and mobile-ready.\",\"potentialAction\":[{\"@type\":\"SearchAction\",\"target\":{\"@type\":\"EntryPoint\",\"urlTemplate\":\"https:\/\/allwintheme.com\/?s={search_term_string}\"},\"query-input\":{\"@type\":\"PropertyValueSpecification\",\"valueRequired\":true,\"valueName\":\"search_term_string\"}}],\"inLanguage\":\"es-CL\"}]}<\/script>\n<!-- \/ Yoast SEO Premium plugin. -->","yoast_head_json":{"title":"Contact Form 7 Database Pro - AllWin Theme \u2013 Free WordPress Themes Download","description":"Contact Form 7 Database Pro guarda los env\u00edos autom\u00e1ticamente en su base de datos. Vea, filtre, edite y exporte datos en CSV, Excel o PDF para una gesti\u00f3n eficaz de los clientes potenciales.","robots":{"index":"index","follow":"follow","max-snippet":"max-snippet:-1","max-image-preview":"max-image-preview:large","max-video-preview":"max-video-preview:-1"},"canonical":"https:\/\/allwintheme.com\/es\/producto\/formulario-de-contacto-7-base-de-datos-pro\/","og_locale":"es_ES","og_type":"article","og_title":"Contact Form 7 Database Pro","og_description":"Contact Form 7 Database Pro saves submissions automatically to your database. View, filter, edit, and export data in CSV, Excel, or PDF for efficient lead management.","og_url":"https:\/\/allwintheme.com\/es\/producto\/formulario-de-contacto-7-base-de-datos-pro\/","og_site_name":"AllWin Theme \u2013 Free WordPress Themes Download","article_modified_time":"2025-10-04T12:46:41+00:00","og_image":[{"width":590,"height":300,"url":"https:\/\/allwintheme.com\/wp-content\/uploads\/2025\/10\/r38i3gtd.png","type":"image\/png"}],"twitter_card":"summary_large_image","twitter_misc":{"Tiempo estimado de lectura":"2 minutos"},"schema":{"@context":"https:\/\/schema.org","@graph":[{"@type":"WebPage","@id":"https:\/\/allwintheme.com\/product\/contact-form-7-database-pro\/","url":"https:\/\/allwintheme.com\/product\/contact-form-7-database-pro\/","name":"Contact Form 7 Database Pro - AllWin Theme \u2013 Free WordPress Themes Download","isPartOf":{"@id":"https:\/\/allwintheme.com\/#website"},"primaryImageOfPage":{"@id":"https:\/\/allwintheme.com\/product\/contact-form-7-database-pro\/#primaryimage"},"image":{"@id":"https:\/\/allwintheme.com\/product\/contact-form-7-database-pro\/#primaryimage"},"thumbnailUrl":"https:\/\/allwintheme.com\/wp-content\/uploads\/2025\/10\/r38i3gtd.png","datePublished":"2025-10-04T12:42:25+00:00","dateModified":"2025-10-04T12:46:41+00:00","description":"Contact Form 7 Database Pro guarda los env\u00edos autom\u00e1ticamente en su base de datos. Vea, filtre, edite y exporte datos en CSV, Excel o PDF para una gesti\u00f3n eficaz de los clientes potenciales.","breadcrumb":{"@id":"https:\/\/allwintheme.com\/product\/contact-form-7-database-pro\/#breadcrumb"},"inLanguage":"es-CL","potentialAction":[{"@type":"ReadAction","target":["https:\/\/allwintheme.com\/product\/contact-form-7-database-pro\/"]}]},{"@type":"ImageObject","inLanguage":"es-CL","@id":"https:\/\/allwintheme.com\/product\/contact-form-7-database-pro\/#primaryimage","url":"https:\/\/allwintheme.com\/wp-content\/uploads\/2025\/10\/r38i3gtd.png","contentUrl":"https:\/\/allwintheme.com\/wp-content\/uploads\/2025\/10\/r38i3gtd.png","width":590,"height":300,"caption":"Contact Form 7 Database Pro"},{"@type":"BreadcrumbList","@id":"https:\/\/allwintheme.com\/product\/contact-form-7-database-pro\/#breadcrumb","itemListElement":[{"@type":"ListItem","position":1,"name":"Home","item":"https:\/\/allwintheme.com\/"},{"@type":"ListItem","position":2,"name":"Shop","item":"https:\/\/allwintheme.com\/shop\/"},{"@type":"ListItem","position":3,"name":"Contact Form 7 Database Pro"}]},{"@type":"WebSite","@id":"https:\/\/allwintheme.com\/#website","url":"https:\/\/allwintheme.com\/","name":"Allwintheme","description":"Descarga gratis temas de WordPress para todos los nichos. Blogs, negocios, comercio electr\u00f3nico, portafolio, restaurante y m\u00e1s. Todos los temas tienen licencia GPL y est\u00e1n preparados para dispositivos m\u00f3viles.","potentialAction":[{"@type":"SearchAction","target":{"@type":"EntryPoint","urlTemplate":"https:\/\/allwintheme.com\/?s={search_term_string}"},"query-input":{"@type":"PropertyValueSpecification","valueRequired":true,"valueName":"search_term_string"}}],"inLanguage":"es-CL"}]}},"_links":{"self":[{"href":"https:\/\/allwintheme.com\/es\/wp-json\/wp\/v2\/product\/9199","targetHints":{"allow":["GET"]}}],"collection":[{"href":"https:\/\/allwintheme.com\/es\/wp-json\/wp\/v2\/product"}],"about":[{"href":"https:\/\/allwintheme.com\/es\/wp-json\/wp\/v2\/types\/product"}],"replies":[{"embeddable":true,"href":"https:\/\/allwintheme.com\/es\/wp-json\/wp\/v2\/comments?post=9199"}],"version-history":[{"count":5,"href":"https:\/\/allwintheme.com\/es\/wp-json\/wp\/v2\/product\/9199\/revisions"}],"predecessor-version":[{"id":9205,"href":"https:\/\/allwintheme.com\/es\/wp-json\/wp\/v2\/product\/9199\/revisions\/9205"}],"wp:featuredmedia":[{"embeddable":true,"href":"https:\/\/allwintheme.com\/es\/wp-json\/wp\/v2\/media\/9200"}],"wp:attachment":[{"href":"https:\/\/allwintheme.com\/es\/wp-json\/wp\/v2\/media?parent=9199"}],"wp:term":[{"taxonomy":"product_brand","embeddable":true,"href":"https:\/\/allwintheme.com\/es\/wp-json\/wp\/v2\/product_brand?post=9199"},{"taxonomy":"product_cat","embeddable":true,"href":"https:\/\/allwintheme.com\/es\/wp-json\/wp\/v2\/product_cat?post=9199"},{"taxonomy":"product_tag","embeddable":true,"href":"https:\/\/allwintheme.com\/es\/wp-json\/wp\/v2\/product_tag?post=9199"}],"curies":[{"name":"wp","href":"https:\/\/api.w.org\/{rel}","templated":true}]}}