{"id":9206,"date":"2025-10-04T12:50:43","date_gmt":"2025-10-04T12:50:43","guid":{"rendered":"https:\/\/allwintheme.com\/?post_type=product&#038;p=9206"},"modified":"2025-10-04T12:53:50","modified_gmt":"2025-10-04T12:53:50","slug":"chaty-pro","status":"publish","type":"product","link":"https:\/\/allwintheme.com\/es\/producto\/chaty-pro\/","title":{"rendered":"Chaty Pro"},"content":{"rendered":"<div data-elementor-type=\"wp-post\" data-elementor-id=\"9206\" class=\"elementor elementor-9206\" data-elementor-settings=\"{&quot;element_pack_global_tooltip_width&quot;:{&quot;unit&quot;:&quot;px&quot;,&quot;size&quot;:&quot;&quot;,&quot;sizes&quot;:[]},&quot;element_pack_global_tooltip_width_tablet&quot;:{&quot;unit&quot;:&quot;px&quot;,&quot;size&quot;:&quot;&quot;,&quot;sizes&quot;:[]},&quot;element_pack_global_tooltip_width_mobile&quot;:{&quot;unit&quot;:&quot;px&quot;,&quot;size&quot;:&quot;&quot;,&quot;sizes&quot;:[]},&quot;element_pack_global_tooltip_padding&quot;:{&quot;unit&quot;:&quot;px&quot;,&quot;top&quot;:&quot;&quot;,&quot;right&quot;:&quot;&quot;,&quot;bottom&quot;:&quot;&quot;,&quot;left&quot;:&quot;&quot;,&quot;isLinked&quot;:true},&quot;element_pack_global_tooltip_padding_tablet&quot;:{&quot;unit&quot;:&quot;px&quot;,&quot;top&quot;:&quot;&quot;,&quot;right&quot;:&quot;&quot;,&quot;bottom&quot;:&quot;&quot;,&quot;left&quot;:&quot;&quot;,&quot;isLinked&quot;:true},&quot;element_pack_global_tooltip_padding_mobile&quot;:{&quot;unit&quot;:&quot;px&quot;,&quot;top&quot;:&quot;&quot;,&quot;right&quot;:&quot;&quot;,&quot;bottom&quot;:&quot;&quot;,&quot;left&quot;:&quot;&quot;,&quot;isLinked&quot;:true},&quot;element_pack_global_tooltip_border_radius&quot;:{&quot;unit&quot;:&quot;px&quot;,&quot;top&quot;:&quot;&quot;,&quot;right&quot;:&quot;&quot;,&quot;bottom&quot;:&quot;&quot;,&quot;left&quot;:&quot;&quot;,&quot;isLinked&quot;:true},&quot;element_pack_global_tooltip_border_radius_tablet&quot;:{&quot;unit&quot;:&quot;px&quot;,&quot;top&quot;:&quot;&quot;,&quot;right&quot;:&quot;&quot;,&quot;bottom&quot;:&quot;&quot;,&quot;left&quot;:&quot;&quot;,&quot;isLinked&quot;:true},&quot;element_pack_global_tooltip_border_radius_mobile&quot;:{&quot;unit&quot;:&quot;px&quot;,&quot;top&quot;:&quot;&quot;,&quot;right&quot;:&quot;&quot;,&quot;bottom&quot;:&quot;&quot;,&quot;left&quot;:&quot;&quot;,&quot;isLinked&quot;:true}}\" data-elementor-post-type=\"product\">\n\t\t\t\t<div class=\"elementor-element elementor-element-93aa4a8 e-con-full e-flex e-con e-parent\" data-id=\"93aa4a8\" data-element_type=\"container\" data-e-type=\"container\">\n\t\t\t\t<div class=\"elementor-element elementor-element-2c3f760 miaoshu elementor-widget elementor-widget-wd_text_block\" data-id=\"2c3f760\" data-element_type=\"widget\" data-e-type=\"widget\" data-widget_type=\"wd_text_block.default\">\n\t\t\t\t<div class=\"elementor-widget-container\">\n\t\t\t\t\t\t\t<div class=\"wd-text-block reset-last-child text-left\">\n\t\t\t\n\t\t\t<h2>Chaty Pro: Conecte instant\u00e1neamente con los visitantes de su sitio web<\/h2>\n<p><strong>Chaty Pro<\/strong> transforma la forma en que interact\u00faa con los visitantes de su sitio web, ofreci\u00e9ndoles una comunicaci\u00f3n fluida a trav\u00e9s de sus plataformas de chat preferidas. Por ejemplo, este plugin de WordPress coloca un elegante bot\u00f3n de chat en la parte inferior de su sitio web, lo que permite una interacci\u00f3n directa y sin esfuerzo. Como resultado, mejorar\u00e1 la satisfacci\u00f3n del cliente y establecer\u00e1 conexiones m\u00e1s s\u00f3lidas con su p\u00fablico.<\/p>\n\n<h3>Funciones potentes para un mayor compromiso<\/h3>\n<p>Chaty Pro equipa su sitio web con una soluci\u00f3n de chat vers\u00e1til dise\u00f1ada para ofrecer facilidad e impacto. En concreto, combina accesibilidad, personalizaci\u00f3n y capacidad de respuesta para garantizar que sus visitantes disfruten de una experiencia de primera categor\u00eda. Esto es lo que hace que Chaty Pro destaque:<\/p>\n<ul>\n    <li><strong>Bot\u00f3n de chat accesible:<\/strong> El plugin muestra un bot\u00f3n de chat destacado en el pie de p\u00e1gina de su sitio para un acceso instant\u00e1neo.<\/li>\n    <li><strong>Plataformas favoritas:<\/strong> Los visitantes se conectan con usted a trav\u00e9s de sus aplicaciones de chat preferidas, lo que aumenta el compromiso.<\/li>\n    <li><strong>Configuraci\u00f3n sencilla:<\/strong> Personaliza y lanza el bot\u00f3n de chat r\u00e1pidamente, sin complicaciones t\u00e9cnicas.<\/li>\n    <li><strong>Dise\u00f1o receptivo:<\/strong> El bot\u00f3n de chat funciona perfectamente en ordenadores de sobremesa, tabletas y dispositivos m\u00f3viles.<\/li>\n    <li><strong>Mejora de la experiencia del cliente:<\/strong> La comunicaci\u00f3n directa fomenta la confianza y mejora la satisfacci\u00f3n de los usuarios.<\/li>\n<\/ul>\n\n<h3>\u00bfPor qu\u00e9 Chaty Pro?<\/h3>\n<p>Con Chaty Pro, captar\u00e1s activamente la atenci\u00f3n de los visitantes y agilizar\u00e1s la comunicaci\u00f3n. Por ejemplo, la compatibilidad multiplataforma del complemento permite a los usuarios ponerse en contacto con usted a trav\u00e9s de las aplicaciones que ya utilizan, lo que hace que las interacciones sean m\u00e1s c\u00f3modas. Adem\u00e1s, su r\u00e1pida configuraci\u00f3n le permite empezar a conectar con los clientes de inmediato. En consecuencia, esto aumenta la accesibilidad de su sitio web y mejora su servicio de atenci\u00f3n al cliente.<\/p>\n\n<h3>Ventajas que impulsan los resultados<\/h3>\n<ul>\n    <li><strong>Interacci\u00f3n directa:<\/strong> Usted conecta con los visitantes al instante, fomentando la confianza y la fidelidad.<\/li>\n    <li><strong>Mayor accesibilidad:<\/strong> Las m\u00faltiples plataformas de chat facilitan la comunicaci\u00f3n a los usuarios.<\/li>\n    <li><strong>Aplicaci\u00f3n r\u00e1pida:<\/strong> La configuraci\u00f3n intuitiva del plugin ahorra tiempo y le permite centrarse en la participaci\u00f3n.<\/li>\n    <li><strong>Servicio de atenci\u00f3n al cliente superior:<\/strong> Las respuestas r\u00e1pidas y directas mejoran la experiencia general del usuario.<\/li>\n<\/ul>\n\n<h3>Mejore su sitio web con Chaty Pro<\/h3>\n<p>No pierda la oportunidad de mejorar las interacciones con sus clientes. Utilizando <strong>Chaty Pro<\/strong>Con Chaty Pro, crear\u00e1 un canal de comunicaci\u00f3n fluido, receptivo y f\u00e1cil de usar que har\u00e1 que los visitantes vuelvan. Por lo tanto, \u00a1instale Chaty Pro hoy mismo y lleve su compromiso con el cliente al siguiente nivel!<\/p>\n\t\t\t\t\t<\/div>\n\t\t\t\t\t\t<\/div>\n\t\t\t\t<\/div>\n\t\t\t\t<\/div>\n\t\t\t\t<\/div>","protected":false},"excerpt":{"rendered":"<p>Chaty Pro: Connect Instantly with Your Website Visitors Chaty Pro transforms how you engage with your website visitors by offering<\/p>","protected":false},"featured_media":9207,"comment_status":"open","ping_status":"closed","template":"","meta":{"_acf_changed":false},"product_brand":[],"product_cat":[49],"product_tag":[],"class_list":{"0":"post-9206","1":"product","2":"type-product","3":"status-publish","4":"has-post-thumbnail","6":"product_cat-plugins","8":"first","9":"instock","10":"sale","11":"downloadable","12":"shipping-taxable","13":"purchasable","14":"product-type-simple"},"acf":[],"yoast_head":"<!-- This site is optimized with the Yoast SEO Premium plugin v25.6 (Yoast SEO v27.1.1) - https:\/\/yoast.com\/product\/yoast-seo-premium-wordpress\/ -->\n<title>Chaty Pro - AllWin Theme \u2013 Free WordPress Themes Download<\/title>\n<meta name=\"description\" content=\"Chaty Pro adds a chat button to your WordPress site, connecting visitors via their favorite platforms for enhanced communication and user satisfaction.\" \/>\n<meta name=\"robots\" content=\"index, follow, max-snippet:-1, max-image-preview:large, max-video-preview:-1\" \/>\n<link rel=\"canonical\" href=\"https:\/\/allwintheme.com\/es\/producto\/chaty-pro\/\" \/>\n<meta property=\"og:locale\" content=\"es_ES\" \/>\n<meta property=\"og:type\" content=\"article\" \/>\n<meta property=\"og:title\" content=\"Chaty Pro\" \/>\n<meta property=\"og:description\" content=\"Chaty Pro adds a chat button to your WordPress site, connecting visitors via their favorite platforms for enhanced communication and user satisfaction.\" \/>\n<meta property=\"og:url\" content=\"https:\/\/allwintheme.com\/es\/producto\/chaty-pro\/\" \/>\n<meta property=\"og:site_name\" content=\"AllWin Theme \u2013 Free WordPress Themes Download\" \/>\n<meta property=\"article:modified_time\" content=\"2025-10-04T12:53:50+00:00\" \/>\n<meta property=\"og:image\" content=\"https:\/\/allwintheme.com\/wp-content\/uploads\/2025\/10\/5ddpdhy9.png\" \/>\n\t<meta property=\"og:image:width\" content=\"590\" \/>\n\t<meta property=\"og:image:height\" content=\"300\" \/>\n\t<meta property=\"og:image:type\" content=\"image\/png\" \/>\n<meta name=\"twitter:card\" content=\"summary_large_image\" \/>\n<meta name=\"twitter:label1\" content=\"Tiempo estimado de lectura\" \/>\n\t<meta name=\"twitter:data1\" content=\"2 minutos\" \/>\n<script type=\"application\/ld+json\" class=\"yoast-schema-graph\">{\"@context\":\"https:\/\/schema.org\",\"@graph\":[{\"@type\":\"WebPage\",\"@id\":\"https:\/\/allwintheme.com\/product\/chaty-pro\/\",\"url\":\"https:\/\/allwintheme.com\/product\/chaty-pro\/\",\"name\":\"Chaty Pro - AllWin Theme \u2013 Free WordPress Themes Download\",\"isPartOf\":{\"@id\":\"https:\/\/allwintheme.com\/#website\"},\"primaryImageOfPage\":{\"@id\":\"https:\/\/allwintheme.com\/product\/chaty-pro\/#primaryimage\"},\"image\":{\"@id\":\"https:\/\/allwintheme.com\/product\/chaty-pro\/#primaryimage\"},\"thumbnailUrl\":\"https:\/\/allwintheme.com\/wp-content\/uploads\/2025\/10\/5ddpdhy9.png\",\"datePublished\":\"2025-10-04T12:50:43+00:00\",\"dateModified\":\"2025-10-04T12:53:50+00:00\",\"description\":\"Chaty Pro adds a chat button to your WordPress site, connecting visitors via their favorite platforms for enhanced communication and user satisfaction.\",\"breadcrumb\":{\"@id\":\"https:\/\/allwintheme.com\/product\/chaty-pro\/#breadcrumb\"},\"inLanguage\":\"es-CL\",\"potentialAction\":[{\"@type\":\"ReadAction\",\"target\":[\"https:\/\/allwintheme.com\/product\/chaty-pro\/\"]}]},{\"@type\":\"ImageObject\",\"inLanguage\":\"es-CL\",\"@id\":\"https:\/\/allwintheme.com\/product\/chaty-pro\/#primaryimage\",\"url\":\"https:\/\/allwintheme.com\/wp-content\/uploads\/2025\/10\/5ddpdhy9.png\",\"contentUrl\":\"https:\/\/allwintheme.com\/wp-content\/uploads\/2025\/10\/5ddpdhy9.png\",\"width\":590,\"height\":300,\"caption\":\"Chaty Pro\"},{\"@type\":\"BreadcrumbList\",\"@id\":\"https:\/\/allwintheme.com\/product\/chaty-pro\/#breadcrumb\",\"itemListElement\":[{\"@type\":\"ListItem\",\"position\":1,\"name\":\"Home\",\"item\":\"https:\/\/allwintheme.com\/\"},{\"@type\":\"ListItem\",\"position\":2,\"name\":\"Shop\",\"item\":\"https:\/\/allwintheme.com\/shop\/\"},{\"@type\":\"ListItem\",\"position\":3,\"name\":\"Chaty Pro\"}]},{\"@type\":\"WebSite\",\"@id\":\"https:\/\/allwintheme.com\/#website\",\"url\":\"https:\/\/allwintheme.com\/\",\"name\":\"Allwintheme\",\"description\":\"Download free WordPress themes for every niche. Blogs, business, eCommerce, portfolio, restaurant and more. All themes are GPL licensed and mobile-ready.\",\"potentialAction\":[{\"@type\":\"SearchAction\",\"target\":{\"@type\":\"EntryPoint\",\"urlTemplate\":\"https:\/\/allwintheme.com\/?s={search_term_string}\"},\"query-input\":{\"@type\":\"PropertyValueSpecification\",\"valueRequired\":true,\"valueName\":\"search_term_string\"}}],\"inLanguage\":\"es-CL\"}]}<\/script>\n<!-- \/ Yoast SEO Premium plugin. -->","yoast_head_json":{"title":"Chaty Pro - AllWin Theme - Free WordPress Themes Download","description":"Chaty Pro a\u00f1ade un bot\u00f3n de chat a su sitio WordPress, conectando a los visitantes a trav\u00e9s de sus plataformas favoritas para mejorar la comunicaci\u00f3n y la satisfacci\u00f3n del usuario.","robots":{"index":"index","follow":"follow","max-snippet":"max-snippet:-1","max-image-preview":"max-image-preview:large","max-video-preview":"max-video-preview:-1"},"canonical":"https:\/\/allwintheme.com\/es\/producto\/chaty-pro\/","og_locale":"es_ES","og_type":"article","og_title":"Chaty Pro","og_description":"Chaty Pro adds a chat button to your WordPress site, connecting visitors via their favorite platforms for enhanced communication and user satisfaction.","og_url":"https:\/\/allwintheme.com\/es\/producto\/chaty-pro\/","og_site_name":"AllWin Theme \u2013 Free WordPress Themes Download","article_modified_time":"2025-10-04T12:53:50+00:00","og_image":[{"width":590,"height":300,"url":"https:\/\/allwintheme.com\/wp-content\/uploads\/2025\/10\/5ddpdhy9.png","type":"image\/png"}],"twitter_card":"summary_large_image","twitter_misc":{"Tiempo estimado de lectura":"2 minutos"},"schema":{"@context":"https:\/\/schema.org","@graph":[{"@type":"WebPage","@id":"https:\/\/allwintheme.com\/product\/chaty-pro\/","url":"https:\/\/allwintheme.com\/product\/chaty-pro\/","name":"Chaty Pro - AllWin Theme - Free WordPress Themes Download","isPartOf":{"@id":"https:\/\/allwintheme.com\/#website"},"primaryImageOfPage":{"@id":"https:\/\/allwintheme.com\/product\/chaty-pro\/#primaryimage"},"image":{"@id":"https:\/\/allwintheme.com\/product\/chaty-pro\/#primaryimage"},"thumbnailUrl":"https:\/\/allwintheme.com\/wp-content\/uploads\/2025\/10\/5ddpdhy9.png","datePublished":"2025-10-04T12:50:43+00:00","dateModified":"2025-10-04T12:53:50+00:00","description":"Chaty Pro a\u00f1ade un bot\u00f3n de chat a su sitio WordPress, conectando a los visitantes a trav\u00e9s de sus plataformas favoritas para mejorar la comunicaci\u00f3n y la satisfacci\u00f3n del usuario.","breadcrumb":{"@id":"https:\/\/allwintheme.com\/product\/chaty-pro\/#breadcrumb"},"inLanguage":"es-CL","potentialAction":[{"@type":"ReadAction","target":["https:\/\/allwintheme.com\/product\/chaty-pro\/"]}]},{"@type":"ImageObject","inLanguage":"es-CL","@id":"https:\/\/allwintheme.com\/product\/chaty-pro\/#primaryimage","url":"https:\/\/allwintheme.com\/wp-content\/uploads\/2025\/10\/5ddpdhy9.png","contentUrl":"https:\/\/allwintheme.com\/wp-content\/uploads\/2025\/10\/5ddpdhy9.png","width":590,"height":300,"caption":"Chaty Pro"},{"@type":"BreadcrumbList","@id":"https:\/\/allwintheme.com\/product\/chaty-pro\/#breadcrumb","itemListElement":[{"@type":"ListItem","position":1,"name":"Home","item":"https:\/\/allwintheme.com\/"},{"@type":"ListItem","position":2,"name":"Shop","item":"https:\/\/allwintheme.com\/shop\/"},{"@type":"ListItem","position":3,"name":"Chaty Pro"}]},{"@type":"WebSite","@id":"https:\/\/allwintheme.com\/#website","url":"https:\/\/allwintheme.com\/","name":"Allwintheme","description":"Descarga gratis temas de WordPress para todos los nichos. Blogs, negocios, comercio electr\u00f3nico, portafolio, restaurante y m\u00e1s. Todos los temas tienen licencia GPL y est\u00e1n preparados para dispositivos m\u00f3viles.","potentialAction":[{"@type":"SearchAction","target":{"@type":"EntryPoint","urlTemplate":"https:\/\/allwintheme.com\/?s={search_term_string}"},"query-input":{"@type":"PropertyValueSpecification","valueRequired":true,"valueName":"search_term_string"}}],"inLanguage":"es-CL"}]}},"_links":{"self":[{"href":"https:\/\/allwintheme.com\/es\/wp-json\/wp\/v2\/product\/9206","targetHints":{"allow":["GET"]}}],"collection":[{"href":"https:\/\/allwintheme.com\/es\/wp-json\/wp\/v2\/product"}],"about":[{"href":"https:\/\/allwintheme.com\/es\/wp-json\/wp\/v2\/types\/product"}],"replies":[{"embeddable":true,"href":"https:\/\/allwintheme.com\/es\/wp-json\/wp\/v2\/comments?post=9206"}],"version-history":[{"count":5,"href":"https:\/\/allwintheme.com\/es\/wp-json\/wp\/v2\/product\/9206\/revisions"}],"predecessor-version":[{"id":9212,"href":"https:\/\/allwintheme.com\/es\/wp-json\/wp\/v2\/product\/9206\/revisions\/9212"}],"wp:featuredmedia":[{"embeddable":true,"href":"https:\/\/allwintheme.com\/es\/wp-json\/wp\/v2\/media\/9207"}],"wp:attachment":[{"href":"https:\/\/allwintheme.com\/es\/wp-json\/wp\/v2\/media?parent=9206"}],"wp:term":[{"taxonomy":"product_brand","embeddable":true,"href":"https:\/\/allwintheme.com\/es\/wp-json\/wp\/v2\/product_brand?post=9206"},{"taxonomy":"product_cat","embeddable":true,"href":"https:\/\/allwintheme.com\/es\/wp-json\/wp\/v2\/product_cat?post=9206"},{"taxonomy":"product_tag","embeddable":true,"href":"https:\/\/allwintheme.com\/es\/wp-json\/wp\/v2\/product_tag?post=9206"}],"curies":[{"name":"wp","href":"https:\/\/api.w.org\/{rel}","templated":true}]}}