{"id":9221,"date":"2025-10-04T13:08:51","date_gmt":"2025-10-04T13:08:51","guid":{"rendered":"https:\/\/allwintheme.com\/?post_type=product&#038;p=9221"},"modified":"2025-10-04T13:23:06","modified_gmt":"2025-10-04T13:23:06","slug":"wpml-advanced-custom-fields-multilingual-addon","status":"publish","type":"product","link":"https:\/\/allwintheme.com\/es\/producto\/wpml-advanced-custom-fields-multilingual-addon\/","title":{"rendered":"WPML Advanced Custom Fields Addon Multiling\u00fce"},"content":{"rendered":"<div data-elementor-type=\"wp-post\" data-elementor-id=\"9221\" class=\"elementor elementor-9221\" data-elementor-settings=\"{&quot;element_pack_global_tooltip_width&quot;:{&quot;unit&quot;:&quot;px&quot;,&quot;size&quot;:&quot;&quot;,&quot;sizes&quot;:[]},&quot;element_pack_global_tooltip_width_tablet&quot;:{&quot;unit&quot;:&quot;px&quot;,&quot;size&quot;:&quot;&quot;,&quot;sizes&quot;:[]},&quot;element_pack_global_tooltip_width_mobile&quot;:{&quot;unit&quot;:&quot;px&quot;,&quot;size&quot;:&quot;&quot;,&quot;sizes&quot;:[]},&quot;element_pack_global_tooltip_padding&quot;:{&quot;unit&quot;:&quot;px&quot;,&quot;top&quot;:&quot;&quot;,&quot;right&quot;:&quot;&quot;,&quot;bottom&quot;:&quot;&quot;,&quot;left&quot;:&quot;&quot;,&quot;isLinked&quot;:true},&quot;element_pack_global_tooltip_padding_tablet&quot;:{&quot;unit&quot;:&quot;px&quot;,&quot;top&quot;:&quot;&quot;,&quot;right&quot;:&quot;&quot;,&quot;bottom&quot;:&quot;&quot;,&quot;left&quot;:&quot;&quot;,&quot;isLinked&quot;:true},&quot;element_pack_global_tooltip_padding_mobile&quot;:{&quot;unit&quot;:&quot;px&quot;,&quot;top&quot;:&quot;&quot;,&quot;right&quot;:&quot;&quot;,&quot;bottom&quot;:&quot;&quot;,&quot;left&quot;:&quot;&quot;,&quot;isLinked&quot;:true},&quot;element_pack_global_tooltip_border_radius&quot;:{&quot;unit&quot;:&quot;px&quot;,&quot;top&quot;:&quot;&quot;,&quot;right&quot;:&quot;&quot;,&quot;bottom&quot;:&quot;&quot;,&quot;left&quot;:&quot;&quot;,&quot;isLinked&quot;:true},&quot;element_pack_global_tooltip_border_radius_tablet&quot;:{&quot;unit&quot;:&quot;px&quot;,&quot;top&quot;:&quot;&quot;,&quot;right&quot;:&quot;&quot;,&quot;bottom&quot;:&quot;&quot;,&quot;left&quot;:&quot;&quot;,&quot;isLinked&quot;:true},&quot;element_pack_global_tooltip_border_radius_mobile&quot;:{&quot;unit&quot;:&quot;px&quot;,&quot;top&quot;:&quot;&quot;,&quot;right&quot;:&quot;&quot;,&quot;bottom&quot;:&quot;&quot;,&quot;left&quot;:&quot;&quot;,&quot;isLinked&quot;:true}}\" data-elementor-post-type=\"product\">\n\t\t\t\t<div class=\"elementor-element elementor-element-93aa4a8 e-con-full e-flex e-con e-parent\" data-id=\"93aa4a8\" data-element_type=\"container\" data-e-type=\"container\">\n\t\t\t\t<div class=\"elementor-element elementor-element-2c3f760 miaoshu elementor-widget elementor-widget-wd_text_block\" data-id=\"2c3f760\" data-element_type=\"widget\" data-e-type=\"widget\" data-widget_type=\"wd_text_block.default\">\n\t\t\t\t<div class=\"elementor-widget-container\">\n\t\t\t\t\t\t\t<div class=\"wd-text-block reset-last-child text-left\">\n\t\t\t\n\t\t\t<h2>WPML ACF Addon Multiling\u00fce: Traduzca campos personalizados sin esfuerzo<\/h2>\n<p>En <strong>Complemento multiling\u00fce WPML ACF<\/strong> le permite crear sitios multiling\u00fces utilizando campos personalizados avanzados (ACF). Por ejemplo, los desarrolladores traducen activamente el contenido, las etiquetas y los t\u00edtulos de los campos en todos los idiomas, garantizando una integraci\u00f3n perfecta con WPML. De este modo, podr\u00e1 ofrecer experiencias coherentes y localizadas a audiencias internacionales sin necesidad de complejas configuraciones.<grok-card data-id=\"53612e\" data-type=\"citation_card\"><\/grok-card><grok-card data-id=\"9793ee\" data-type=\"citation_card\"><\/grok-card><\/p>\n\n<h3>Desbloquear campos personalizados multiling\u00fces<\/h3>\n<p>Con este complemento, puede configurar las opciones de traducci\u00f3n directamente en el editor de grupos de campos ACF. Por ejemplo, elige \"Mismos campos en todos los idiomas\" para copiar y traducir el contenido autom\u00e1ticamente, u opta por diferentes campos por idioma para personalizar los dise\u00f1os. Como resultado, WPML gestiona las traducciones a trav\u00e9s de su Editor de Traducci\u00f3n Avanzada o de servicios autom\u00e1ticos como DeepL y Google, ahorr\u00e1ndote tiempo.<grok-card data-id=\"ae22ad\" data-type=\"citation_card\"><\/grok-card><grok-card data-id=\"cdf5d2\" data-type=\"citation_card\"><\/grok-card><\/p>\n\n<h3>\u00bfPor qu\u00e9 elegir el complemento multiling\u00fce WPML ACF?<\/h3>\n<ul>\n    <li><strong>Traducci\u00f3n de campo completo:<\/strong> Los desarrolladores traducen valores, etiquetas, opciones y bloques ACF sin esfuerzo para entradas, taxonom\u00edas y p\u00e1ginas de opciones.<\/li>\n    <li><strong>Flujos de trabajo flexibles:<\/strong> Seleccione los modos de traducci\u00f3n que se adapten a sus necesidades, desde la copia autom\u00e1tica de campos num\u00e9ricos hasta la edici\u00f3n manual.<grok-card data-id=\"076c7b\" data-type=\"citation_card\"><\/grok-card><\/li>\n    <li><strong>Compatible con ACF y ACF Pro:<\/strong> El complemento funciona con ambas versiones y es compatible con m\u00e1s de 30 tipos de campos y API para desarrolladores.<\/li>\n    <li><strong>Automatizaci\u00f3n integrada:<\/strong> WPML traduce autom\u00e1ticamente los campos personalizados, taxonom\u00edas y m\u00e1s durante la configuraci\u00f3n del sitio.<grok-card data-id=\"ef2430\" data-type=\"citation_card\"><\/grok-card><\/li>\n    <li><strong>Asistente de configuraci\u00f3n f\u00e1cil:<\/strong> Active los componentes en el instalador de WPML y empiece a traducir a trav\u00e9s de interfaces intuitivas.<grok-card data-id=\"643eb8\" data-type=\"citation_card\"><\/grok-card><\/li>\n<\/ul>\n\n<h3>Mejore su flujo de trabajo multiling\u00fce<\/h3>\n<p>Adem\u00e1s, el complemento admite la integraci\u00f3n con Elementor Pro, lo que permite insertar datos ACF traducidos de forma din\u00e1mica en los dise\u00f1os. Por lo tanto, los propietarios y desarrolladores de sitios web pueden crear contenido profesional y localizado para publicaciones, medios y p\u00e1ginas personalizadas. Por ejemplo, traduzca los bloques de miembros del equipo o las p\u00e1ginas de opciones para atraer a los visitantes internacionales de forma eficaz.<grok-card data-id=\"42cec9\" data-type=\"citation_card\"><\/grok-card><grok-card data-id=\"716c1d\" data-type=\"citation_card\"><\/grok-card><\/p>\n\n<h3>Empiece hoy mismo a crear sitios multiling\u00fces<\/h3>\n<p>Transforme su sitio WordPress con ACF con la aplicaci\u00f3n <strong>Complemento multiling\u00fce WPML ACF<\/strong>. Al habilitar todas las funciones de traducci\u00f3n, llegar\u00e1 a un p\u00fablico m\u00e1s amplio y agilizar\u00e1 la gesti\u00f3n de contenidos. Inst\u00e1lelo ahora y disfrute de campos personalizados multiling\u00fces intuitivos.<\/p>\n\t\t\t\t\t<\/div>\n\t\t\t\t\t\t<\/div>\n\t\t\t\t<\/div>\n\t\t\t\t<\/div>\n\t\t\t\t<\/div>","protected":false},"excerpt":{"rendered":"<p>WPML ACF Multilingual Addon: Translate Custom Fields Effortlessly The WPML ACF Multilingual Addon empowers you to build multilingual sites using<\/p>","protected":false},"featured_media":9217,"comment_status":"open","ping_status":"closed","template":"","meta":{"_acf_changed":false},"product_brand":[],"product_cat":[49],"product_tag":[],"class_list":{"0":"post-9221","1":"product","2":"type-product","3":"status-publish","4":"has-post-thumbnail","6":"product_cat-plugins","8":"first","9":"instock","10":"sale","11":"downloadable","12":"shipping-taxable","13":"purchasable","14":"product-type-simple"},"acf":[],"yoast_head":"<!-- This site is optimized with the Yoast SEO Premium plugin v25.6 (Yoast SEO v27.1.1) - https:\/\/yoast.com\/product\/yoast-seo-premium-wordpress\/ -->\n<title>WPML Advanced Custom Fields Multilingual Addon - AllWin Theme \u2013 Free WordPress Themes Download<\/title>\n<meta name=\"description\" content=\"Translate ACF custom fields easily with WPML&#039;s Multilingual Addon. Support multiple languages for field content, labels, and blocks seamlessly.\" \/>\n<meta name=\"robots\" content=\"index, follow, max-snippet:-1, max-image-preview:large, max-video-preview:-1\" \/>\n<link rel=\"canonical\" href=\"https:\/\/allwintheme.com\/es\/producto\/wpml-advanced-custom-fields-multilingual-addon\/\" \/>\n<meta property=\"og:locale\" content=\"es_ES\" \/>\n<meta property=\"og:type\" content=\"article\" \/>\n<meta property=\"og:title\" content=\"WPML Advanced Custom Fields Multilingual Addon\" \/>\n<meta property=\"og:description\" content=\"Translate ACF custom fields easily with WPML&#039;s Multilingual Addon. Support multiple languages for field content, labels, and blocks seamlessly.\" \/>\n<meta property=\"og:url\" content=\"https:\/\/allwintheme.com\/es\/producto\/wpml-advanced-custom-fields-multilingual-addon\/\" \/>\n<meta property=\"og:site_name\" content=\"AllWin Theme \u2013 Free WordPress Themes Download\" \/>\n<meta property=\"article:modified_time\" content=\"2025-10-04T13:23:06+00:00\" \/>\n<meta property=\"og:image\" content=\"https:\/\/allwintheme.com\/wp-content\/uploads\/2025\/10\/nuo3vwfo.png\" \/>\n\t<meta property=\"og:image:width\" content=\"590\" \/>\n\t<meta property=\"og:image:height\" content=\"300\" \/>\n\t<meta property=\"og:image:type\" content=\"image\/png\" \/>\n<meta name=\"twitter:card\" content=\"summary_large_image\" \/>\n<meta name=\"twitter:label1\" content=\"Tiempo estimado de lectura\" \/>\n\t<meta name=\"twitter:data1\" content=\"2 minutos\" \/>\n<script type=\"application\/ld+json\" class=\"yoast-schema-graph\">{\"@context\":\"https:\/\/schema.org\",\"@graph\":[{\"@type\":\"WebPage\",\"@id\":\"https:\/\/allwintheme.com\/product\/wpml-advanced-custom-fields-multilingual-addon\/\",\"url\":\"https:\/\/allwintheme.com\/product\/wpml-advanced-custom-fields-multilingual-addon\/\",\"name\":\"WPML Advanced Custom Fields Multilingual Addon - AllWin Theme \u2013 Free WordPress Themes Download\",\"isPartOf\":{\"@id\":\"https:\/\/allwintheme.com\/#website\"},\"primaryImageOfPage\":{\"@id\":\"https:\/\/allwintheme.com\/product\/wpml-advanced-custom-fields-multilingual-addon\/#primaryimage\"},\"image\":{\"@id\":\"https:\/\/allwintheme.com\/product\/wpml-advanced-custom-fields-multilingual-addon\/#primaryimage\"},\"thumbnailUrl\":\"https:\/\/allwintheme.com\/wp-content\/uploads\/2025\/10\/nuo3vwfo.png\",\"datePublished\":\"2025-10-04T13:08:51+00:00\",\"dateModified\":\"2025-10-04T13:23:06+00:00\",\"description\":\"Translate ACF custom fields easily with WPML's Multilingual Addon. Support multiple languages for field content, labels, and blocks seamlessly.\",\"breadcrumb\":{\"@id\":\"https:\/\/allwintheme.com\/product\/wpml-advanced-custom-fields-multilingual-addon\/#breadcrumb\"},\"inLanguage\":\"es-CL\",\"potentialAction\":[{\"@type\":\"ReadAction\",\"target\":[\"https:\/\/allwintheme.com\/product\/wpml-advanced-custom-fields-multilingual-addon\/\"]}]},{\"@type\":\"ImageObject\",\"inLanguage\":\"es-CL\",\"@id\":\"https:\/\/allwintheme.com\/product\/wpml-advanced-custom-fields-multilingual-addon\/#primaryimage\",\"url\":\"https:\/\/allwintheme.com\/wp-content\/uploads\/2025\/10\/nuo3vwfo.png\",\"contentUrl\":\"https:\/\/allwintheme.com\/wp-content\/uploads\/2025\/10\/nuo3vwfo.png\",\"width\":590,\"height\":300,\"caption\":\"WPML Advanced Custom Fields Multilingual Addon\"},{\"@type\":\"BreadcrumbList\",\"@id\":\"https:\/\/allwintheme.com\/product\/wpml-advanced-custom-fields-multilingual-addon\/#breadcrumb\",\"itemListElement\":[{\"@type\":\"ListItem\",\"position\":1,\"name\":\"Home\",\"item\":\"https:\/\/allwintheme.com\/\"},{\"@type\":\"ListItem\",\"position\":2,\"name\":\"Shop\",\"item\":\"https:\/\/allwintheme.com\/shop\/\"},{\"@type\":\"ListItem\",\"position\":3,\"name\":\"WPML Advanced Custom Fields Multilingual Addon\"}]},{\"@type\":\"WebSite\",\"@id\":\"https:\/\/allwintheme.com\/#website\",\"url\":\"https:\/\/allwintheme.com\/\",\"name\":\"Allwintheme\",\"description\":\"Download free WordPress themes for every niche. Blogs, business, eCommerce, portfolio, restaurant and more. All themes are GPL licensed and mobile-ready.\",\"potentialAction\":[{\"@type\":\"SearchAction\",\"target\":{\"@type\":\"EntryPoint\",\"urlTemplate\":\"https:\/\/allwintheme.com\/?s={search_term_string}\"},\"query-input\":{\"@type\":\"PropertyValueSpecification\",\"valueRequired\":true,\"valueName\":\"search_term_string\"}}],\"inLanguage\":\"es-CL\"}]}<\/script>\n<!-- \/ Yoast SEO Premium plugin. -->","yoast_head_json":{"title":"WPML Advanced Custom Fields Multilingual Addon - AllWin Theme - Free WordPress Themes Download","description":"Traduzca f\u00e1cilmente los campos personalizados de ACF con el complemento multiling\u00fce de WPML. Admite varios idiomas para el contenido de los campos, las etiquetas y los bloques sin problemas.","robots":{"index":"index","follow":"follow","max-snippet":"max-snippet:-1","max-image-preview":"max-image-preview:large","max-video-preview":"max-video-preview:-1"},"canonical":"https:\/\/allwintheme.com\/es\/producto\/wpml-advanced-custom-fields-multilingual-addon\/","og_locale":"es_ES","og_type":"article","og_title":"WPML Advanced Custom Fields Multilingual Addon","og_description":"Translate ACF custom fields easily with WPML's Multilingual Addon. Support multiple languages for field content, labels, and blocks seamlessly.","og_url":"https:\/\/allwintheme.com\/es\/producto\/wpml-advanced-custom-fields-multilingual-addon\/","og_site_name":"AllWin Theme \u2013 Free WordPress Themes Download","article_modified_time":"2025-10-04T13:23:06+00:00","og_image":[{"width":590,"height":300,"url":"https:\/\/allwintheme.com\/wp-content\/uploads\/2025\/10\/nuo3vwfo.png","type":"image\/png"}],"twitter_card":"summary_large_image","twitter_misc":{"Tiempo estimado de lectura":"2 minutos"},"schema":{"@context":"https:\/\/schema.org","@graph":[{"@type":"WebPage","@id":"https:\/\/allwintheme.com\/product\/wpml-advanced-custom-fields-multilingual-addon\/","url":"https:\/\/allwintheme.com\/product\/wpml-advanced-custom-fields-multilingual-addon\/","name":"WPML Advanced Custom Fields Multilingual Addon - AllWin Theme - Free WordPress Themes Download","isPartOf":{"@id":"https:\/\/allwintheme.com\/#website"},"primaryImageOfPage":{"@id":"https:\/\/allwintheme.com\/product\/wpml-advanced-custom-fields-multilingual-addon\/#primaryimage"},"image":{"@id":"https:\/\/allwintheme.com\/product\/wpml-advanced-custom-fields-multilingual-addon\/#primaryimage"},"thumbnailUrl":"https:\/\/allwintheme.com\/wp-content\/uploads\/2025\/10\/nuo3vwfo.png","datePublished":"2025-10-04T13:08:51+00:00","dateModified":"2025-10-04T13:23:06+00:00","description":"Traduzca f\u00e1cilmente los campos personalizados de ACF con el complemento multiling\u00fce de WPML. Admite varios idiomas para el contenido de los campos, las etiquetas y los bloques sin problemas.","breadcrumb":{"@id":"https:\/\/allwintheme.com\/product\/wpml-advanced-custom-fields-multilingual-addon\/#breadcrumb"},"inLanguage":"es-CL","potentialAction":[{"@type":"ReadAction","target":["https:\/\/allwintheme.com\/product\/wpml-advanced-custom-fields-multilingual-addon\/"]}]},{"@type":"ImageObject","inLanguage":"es-CL","@id":"https:\/\/allwintheme.com\/product\/wpml-advanced-custom-fields-multilingual-addon\/#primaryimage","url":"https:\/\/allwintheme.com\/wp-content\/uploads\/2025\/10\/nuo3vwfo.png","contentUrl":"https:\/\/allwintheme.com\/wp-content\/uploads\/2025\/10\/nuo3vwfo.png","width":590,"height":300,"caption":"WPML Advanced Custom Fields Multilingual Addon"},{"@type":"BreadcrumbList","@id":"https:\/\/allwintheme.com\/product\/wpml-advanced-custom-fields-multilingual-addon\/#breadcrumb","itemListElement":[{"@type":"ListItem","position":1,"name":"Home","item":"https:\/\/allwintheme.com\/"},{"@type":"ListItem","position":2,"name":"Shop","item":"https:\/\/allwintheme.com\/shop\/"},{"@type":"ListItem","position":3,"name":"WPML Advanced Custom Fields Multilingual Addon"}]},{"@type":"WebSite","@id":"https:\/\/allwintheme.com\/#website","url":"https:\/\/allwintheme.com\/","name":"Allwintheme","description":"Descarga gratis temas de WordPress para todos los nichos. Blogs, negocios, comercio electr\u00f3nico, portafolio, restaurante y m\u00e1s. Todos los temas tienen licencia GPL y est\u00e1n preparados para dispositivos m\u00f3viles.","potentialAction":[{"@type":"SearchAction","target":{"@type":"EntryPoint","urlTemplate":"https:\/\/allwintheme.com\/?s={search_term_string}"},"query-input":{"@type":"PropertyValueSpecification","valueRequired":true,"valueName":"search_term_string"}}],"inLanguage":"es-CL"}]}},"_links":{"self":[{"href":"https:\/\/allwintheme.com\/es\/wp-json\/wp\/v2\/product\/9221","targetHints":{"allow":["GET"]}}],"collection":[{"href":"https:\/\/allwintheme.com\/es\/wp-json\/wp\/v2\/product"}],"about":[{"href":"https:\/\/allwintheme.com\/es\/wp-json\/wp\/v2\/types\/product"}],"replies":[{"embeddable":true,"href":"https:\/\/allwintheme.com\/es\/wp-json\/wp\/v2\/comments?post=9221"}],"version-history":[{"count":5,"href":"https:\/\/allwintheme.com\/es\/wp-json\/wp\/v2\/product\/9221\/revisions"}],"predecessor-version":[{"id":9240,"href":"https:\/\/allwintheme.com\/es\/wp-json\/wp\/v2\/product\/9221\/revisions\/9240"}],"wp:featuredmedia":[{"embeddable":true,"href":"https:\/\/allwintheme.com\/es\/wp-json\/wp\/v2\/media\/9217"}],"wp:attachment":[{"href":"https:\/\/allwintheme.com\/es\/wp-json\/wp\/v2\/media?parent=9221"}],"wp:term":[{"taxonomy":"product_brand","embeddable":true,"href":"https:\/\/allwintheme.com\/es\/wp-json\/wp\/v2\/product_brand?post=9221"},{"taxonomy":"product_cat","embeddable":true,"href":"https:\/\/allwintheme.com\/es\/wp-json\/wp\/v2\/product_cat?post=9221"},{"taxonomy":"product_tag","embeddable":true,"href":"https:\/\/allwintheme.com\/es\/wp-json\/wp\/v2\/product_tag?post=9221"}],"curies":[{"name":"wp","href":"https:\/\/api.w.org\/{rel}","templated":true}]}}