{"id":9224,"date":"2025-10-04T13:08:55","date_gmt":"2025-10-04T13:08:55","guid":{"rendered":"https:\/\/allwintheme.com\/?post_type=product&#038;p=9224"},"modified":"2025-10-04T13:32:02","modified_gmt":"2025-10-04T13:32:02","slug":"campos-personalizados-avanzados-para-woocommerce","status":"publish","type":"product","link":"https:\/\/allwintheme.com\/es\/producto\/campos-personalizados-avanzados-para-woocommerce\/","title":{"rendered":"Campos personalizados avanzados para WooCommerce"},"content":{"rendered":"<div data-elementor-type=\"wp-post\" data-elementor-id=\"9224\" class=\"elementor elementor-9224\" data-elementor-settings=\"{&quot;element_pack_global_tooltip_width&quot;:{&quot;unit&quot;:&quot;px&quot;,&quot;size&quot;:&quot;&quot;,&quot;sizes&quot;:[]},&quot;element_pack_global_tooltip_width_tablet&quot;:{&quot;unit&quot;:&quot;px&quot;,&quot;size&quot;:&quot;&quot;,&quot;sizes&quot;:[]},&quot;element_pack_global_tooltip_width_mobile&quot;:{&quot;unit&quot;:&quot;px&quot;,&quot;size&quot;:&quot;&quot;,&quot;sizes&quot;:[]},&quot;element_pack_global_tooltip_padding&quot;:{&quot;unit&quot;:&quot;px&quot;,&quot;top&quot;:&quot;&quot;,&quot;right&quot;:&quot;&quot;,&quot;bottom&quot;:&quot;&quot;,&quot;left&quot;:&quot;&quot;,&quot;isLinked&quot;:true},&quot;element_pack_global_tooltip_padding_tablet&quot;:{&quot;unit&quot;:&quot;px&quot;,&quot;top&quot;:&quot;&quot;,&quot;right&quot;:&quot;&quot;,&quot;bottom&quot;:&quot;&quot;,&quot;left&quot;:&quot;&quot;,&quot;isLinked&quot;:true},&quot;element_pack_global_tooltip_padding_mobile&quot;:{&quot;unit&quot;:&quot;px&quot;,&quot;top&quot;:&quot;&quot;,&quot;right&quot;:&quot;&quot;,&quot;bottom&quot;:&quot;&quot;,&quot;left&quot;:&quot;&quot;,&quot;isLinked&quot;:true},&quot;element_pack_global_tooltip_border_radius&quot;:{&quot;unit&quot;:&quot;px&quot;,&quot;top&quot;:&quot;&quot;,&quot;right&quot;:&quot;&quot;,&quot;bottom&quot;:&quot;&quot;,&quot;left&quot;:&quot;&quot;,&quot;isLinked&quot;:true},&quot;element_pack_global_tooltip_border_radius_tablet&quot;:{&quot;unit&quot;:&quot;px&quot;,&quot;top&quot;:&quot;&quot;,&quot;right&quot;:&quot;&quot;,&quot;bottom&quot;:&quot;&quot;,&quot;left&quot;:&quot;&quot;,&quot;isLinked&quot;:true},&quot;element_pack_global_tooltip_border_radius_mobile&quot;:{&quot;unit&quot;:&quot;px&quot;,&quot;top&quot;:&quot;&quot;,&quot;right&quot;:&quot;&quot;,&quot;bottom&quot;:&quot;&quot;,&quot;left&quot;:&quot;&quot;,&quot;isLinked&quot;:true}}\" data-elementor-post-type=\"product\">\n\t\t\t\t<div class=\"elementor-element elementor-element-93aa4a8 e-con-full e-flex e-con e-parent\" data-id=\"93aa4a8\" data-element_type=\"container\" data-e-type=\"container\">\n\t\t\t\t<div class=\"elementor-element elementor-element-2c3f760 miaoshu elementor-widget elementor-widget-wd_text_block\" data-id=\"2c3f760\" data-element_type=\"widget\" data-e-type=\"widget\" data-widget_type=\"wd_text_block.default\">\n\t\t\t\t<div class=\"elementor-widget-container\">\n\t\t\t\t\t\t\t<div class=\"wd-text-block reset-last-child text-left\">\n\t\t\t\n\t\t\t<h2>Campos personalizados avanzados para WooCommerce: Desbloquea la personalizaci\u00f3n de productos<\/h2>\n<p><strong>Campos personalizados avanzados (ACF)<\/strong> permite a los propietarios de tiendas WooCommerce a\u00f1adir campos personalizados potentes e intuitivos a los productos. Por ejemplo, los desarrolladores y usuarios pueden ampliar activamente las p\u00e1ginas de productos con datos adicionales, como especificaciones o caracter\u00edsticas, lo que mejora el SEO y el compromiso de los clientes sin necesidad de una codificaci\u00f3n compleja.<grok-card data-id=\"0650e9\" data-type=\"citation_card\"><\/grok-card><grok-card data-id=\"d4b66b\" data-type=\"citation_card\"><\/grok-card> En consecuencia, se crean experiencias de compra m\u00e1s din\u00e1micas y personalizadas que impulsan las conversiones.<\/p>\n\n<h3>Integraci\u00f3n perfecta y flexibilidad<\/h3>\n<p>ACF se integra sin problemas con WooCommerce, por lo que puede asignar campos a los tipos de entrada de productos directamente. Los usuarios crean r\u00e1pidamente grupos de campos en la administraci\u00f3n de WordPress y, a continuaci\u00f3n, los muestran en p\u00e1ginas de productos individuales o bucles mediante funciones sencillas como get_field(). Como resultado, este enfoque admite diversos tipos de campos, como texto, im\u00e1genes, casillas de verificaci\u00f3n y repetidores para datos estructurados.<grok-card data-id=\"b012ae\" data-type=\"citation_card\"><\/grok-card><grok-card data-id=\"f627a0\" data-type=\"citation_card\"><\/grok-card> Adem\u00e1s, ACF funciona con creadores de p\u00e1ginas como Elementor, lo que permite mostrar elementos interactivos sin c\u00f3digo.<grok-card data-id=\"1e58e8\" data-type=\"citation_card\"><\/grok-card><\/p>\n\n<h3>\u00bfPor qu\u00e9 elegir ACF para WooCommerce?<\/h3>\n<ul>\n    <li><strong>Tipos de campo vers\u00e1tiles:<\/strong> Los desarrolladores a\u00f1aden campos de texto, selecci\u00f3n, imagen o repetici\u00f3n para capturar informaci\u00f3n detallada del producto sin esfuerzo.<grok-card data-id=\"a625f5\" data-type=\"citation_card\"><\/grok-card><\/li>\n    <li><strong>Control Frontend y Backend:<\/strong> Los propietarios de las tiendas introducen los datos en la administraci\u00f3n y los muestran en las p\u00e1ginas de productos para mejorar la experiencia del usuario.<\/li>\n    <li><strong>SEO y aumento de la conversi\u00f3n:<\/strong> Los campos personalizados mejoran los datos estructurados, lo que ayuda a los motores de b\u00fasqueda a comprender mejor los productos para obtener mejores clasificaciones.<grok-card data-id=\"84db95\" data-type=\"citation_card\"><\/grok-card><\/li>\n    <li><strong>Ganchos y plantillas f\u00e1ciles:<\/strong> Integre campos a trav\u00e9s de ganchos de WooCommerce o plantillas tem\u00e1ticas para una colocaci\u00f3n precisa en las p\u00e1ginas de la tienda o del archivo.<grok-card data-id=\"e8800d\" data-type=\"citation_card\"><\/grok-card><\/li>\n    <li><strong>Opciones gratuitas y profesionales:<\/strong> Comience con el plugin gratuito y actual\u00edcelo para obtener funciones avanzadas como la l\u00f3gica condicional y los campos repetidores.<grok-card data-id=\"51258e\" data-type=\"citation_card\"><\/grok-card><\/li>\n<\/ul>\n\n<h3>Agilice el flujo de trabajo de WooCommerce<\/h3>\n<p>Por ejemplo, si vende productos electr\u00f3nicos, ACF le permite a\u00f1adir especificaciones como dimensiones o detalles de compatibilidad directamente a los productos. Por lo tanto, los clientes ven informaci\u00f3n m\u00e1s rica, mientras que usted gestiona todo desde una interfaz intuitiva. Este plugin funciona en m\u00e1s de 2 millones de sitios, lo que demuestra su fiabilidad para la personalizaci\u00f3n del comercio electr\u00f3nico.<grok-card data-id=\"81b43b\" data-type=\"citation_card\"><\/grok-card><grok-card data-id=\"0a959b\" data-type=\"citation_card\"><\/grok-card> Adem\u00e1s, evita las limitaciones de los campos b\u00e1sicos de WooCommerce ofreciendo entrada frontend y visualizaciones flexibles.<\/p>\n\n<h3>Eleve su tienda hoy mismo<\/h3>\n<p>Transforme productos est\u00e1ndar de WooCommerce en listados destacados con <strong>Campos personalizados avanzados<\/strong>. Al a\u00f1adir campos personalizados, mejora la funcionalidad y el atractivo. Instale ACF ahora y personalice su tienda para obtener mejores resultados.<grok-card data-id=\"5d2471\" data-type=\"citation_card\"><\/grok-card><\/p>\n\t\t\t\t\t<\/div>\n\t\t\t\t\t\t<\/div>\n\t\t\t\t<\/div>\n\t\t\t\t<\/div>\n\t\t\t\t<\/div>","protected":false},"excerpt":{"rendered":"<p>Advanced Custom Fields for WooCommerce: Unlock Product Customization Advanced Custom Fields (ACF) empowers WooCommerce store owners to add powerful, intuitive<\/p>","protected":false},"featured_media":9215,"comment_status":"open","ping_status":"closed","template":"","meta":{"_acf_changed":false},"product_brand":[],"product_cat":[49],"product_tag":[],"class_list":{"0":"post-9224","1":"product","2":"type-product","3":"status-publish","4":"has-post-thumbnail","6":"product_cat-plugins","8":"first","9":"instock","10":"sale","11":"downloadable","12":"shipping-taxable","13":"purchasable","14":"product-type-simple"},"acf":[],"yoast_head":"<!-- This site is optimized with the Yoast SEO Premium plugin v25.6 (Yoast SEO v27.1.1) - https:\/\/yoast.com\/product\/yoast-seo-premium-wordpress\/ -->\n<title>Advanced Custom Fields for WooCommerce - AllWin Theme \u2013 Free WordPress Themes Download<\/title>\n<meta name=\"description\" content=\"Chaty Pro adds a chat button to your WordPress site, connecting visitors via their favorite platforms for enhanced communication and user satisfaction.\" \/>\n<meta name=\"robots\" content=\"index, follow, max-snippet:-1, max-image-preview:large, max-video-preview:-1\" \/>\n<link rel=\"canonical\" href=\"https:\/\/allwintheme.com\/es\/producto\/campos-personalizados-avanzados-para-woocommerce\/\" \/>\n<meta property=\"og:locale\" content=\"es_ES\" \/>\n<meta property=\"og:type\" content=\"article\" \/>\n<meta property=\"og:title\" content=\"Advanced Custom Fields for WooCommerce\" \/>\n<meta property=\"og:description\" content=\"Chaty Pro adds a chat button to your WordPress site, connecting visitors via their favorite platforms for enhanced communication and user satisfaction.\" \/>\n<meta property=\"og:url\" content=\"https:\/\/allwintheme.com\/es\/producto\/campos-personalizados-avanzados-para-woocommerce\/\" \/>\n<meta property=\"og:site_name\" content=\"AllWin Theme \u2013 Free WordPress Themes Download\" \/>\n<meta property=\"article:modified_time\" content=\"2025-10-04T13:32:02+00:00\" \/>\n<meta property=\"og:image\" content=\"https:\/\/allwintheme.com\/wp-content\/uploads\/2025\/10\/w4b03x9l.png\" \/>\n\t<meta property=\"og:image:width\" content=\"590\" \/>\n\t<meta property=\"og:image:height\" content=\"300\" \/>\n\t<meta property=\"og:image:type\" content=\"image\/png\" \/>\n<meta name=\"twitter:card\" content=\"summary_large_image\" \/>\n<meta name=\"twitter:label1\" content=\"Tiempo estimado de lectura\" \/>\n\t<meta name=\"twitter:data1\" content=\"2 minutos\" \/>\n<script type=\"application\/ld+json\" class=\"yoast-schema-graph\">{\"@context\":\"https:\/\/schema.org\",\"@graph\":[{\"@type\":\"WebPage\",\"@id\":\"https:\/\/allwintheme.com\/product\/advanced-custom-fields-for-woocommerce\/\",\"url\":\"https:\/\/allwintheme.com\/product\/advanced-custom-fields-for-woocommerce\/\",\"name\":\"Advanced Custom Fields for WooCommerce - AllWin Theme \u2013 Free WordPress Themes Download\",\"isPartOf\":{\"@id\":\"https:\/\/allwintheme.com\/#website\"},\"primaryImageOfPage\":{\"@id\":\"https:\/\/allwintheme.com\/product\/advanced-custom-fields-for-woocommerce\/#primaryimage\"},\"image\":{\"@id\":\"https:\/\/allwintheme.com\/product\/advanced-custom-fields-for-woocommerce\/#primaryimage\"},\"thumbnailUrl\":\"https:\/\/allwintheme.com\/wp-content\/uploads\/2025\/10\/w4b03x9l.png\",\"datePublished\":\"2025-10-04T13:08:55+00:00\",\"dateModified\":\"2025-10-04T13:32:02+00:00\",\"description\":\"Chaty Pro adds a chat button to your WordPress site, connecting visitors via their favorite platforms for enhanced communication and user satisfaction.\",\"breadcrumb\":{\"@id\":\"https:\/\/allwintheme.com\/product\/advanced-custom-fields-for-woocommerce\/#breadcrumb\"},\"inLanguage\":\"es-CL\",\"potentialAction\":[{\"@type\":\"ReadAction\",\"target\":[\"https:\/\/allwintheme.com\/product\/advanced-custom-fields-for-woocommerce\/\"]}]},{\"@type\":\"ImageObject\",\"inLanguage\":\"es-CL\",\"@id\":\"https:\/\/allwintheme.com\/product\/advanced-custom-fields-for-woocommerce\/#primaryimage\",\"url\":\"https:\/\/allwintheme.com\/wp-content\/uploads\/2025\/10\/w4b03x9l.png\",\"contentUrl\":\"https:\/\/allwintheme.com\/wp-content\/uploads\/2025\/10\/w4b03x9l.png\",\"width\":590,\"height\":300,\"caption\":\"Advanced Custom Fields for WooCommerce\"},{\"@type\":\"BreadcrumbList\",\"@id\":\"https:\/\/allwintheme.com\/product\/advanced-custom-fields-for-woocommerce\/#breadcrumb\",\"itemListElement\":[{\"@type\":\"ListItem\",\"position\":1,\"name\":\"Home\",\"item\":\"https:\/\/allwintheme.com\/\"},{\"@type\":\"ListItem\",\"position\":2,\"name\":\"Shop\",\"item\":\"https:\/\/allwintheme.com\/shop\/\"},{\"@type\":\"ListItem\",\"position\":3,\"name\":\"Advanced Custom Fields for WooCommerce\"}]},{\"@type\":\"WebSite\",\"@id\":\"https:\/\/allwintheme.com\/#website\",\"url\":\"https:\/\/allwintheme.com\/\",\"name\":\"Allwintheme\",\"description\":\"Download free WordPress themes for every niche. Blogs, business, eCommerce, portfolio, restaurant and more. All themes are GPL licensed and mobile-ready.\",\"potentialAction\":[{\"@type\":\"SearchAction\",\"target\":{\"@type\":\"EntryPoint\",\"urlTemplate\":\"https:\/\/allwintheme.com\/?s={search_term_string}\"},\"query-input\":{\"@type\":\"PropertyValueSpecification\",\"valueRequired\":true,\"valueName\":\"search_term_string\"}}],\"inLanguage\":\"es-CL\"}]}<\/script>\n<!-- \/ Yoast SEO Premium plugin. -->","yoast_head_json":{"title":"Campos personalizados avanzados para WooCommerce - AllWin Theme - Free WordPress Themes Download","description":"Chaty Pro a\u00f1ade un bot\u00f3n de chat a su sitio WordPress, conectando a los visitantes a trav\u00e9s de sus plataformas favoritas para mejorar la comunicaci\u00f3n y la satisfacci\u00f3n del usuario.","robots":{"index":"index","follow":"follow","max-snippet":"max-snippet:-1","max-image-preview":"max-image-preview:large","max-video-preview":"max-video-preview:-1"},"canonical":"https:\/\/allwintheme.com\/es\/producto\/campos-personalizados-avanzados-para-woocommerce\/","og_locale":"es_ES","og_type":"article","og_title":"Advanced Custom Fields for WooCommerce","og_description":"Chaty Pro adds a chat button to your WordPress site, connecting visitors via their favorite platforms for enhanced communication and user satisfaction.","og_url":"https:\/\/allwintheme.com\/es\/producto\/campos-personalizados-avanzados-para-woocommerce\/","og_site_name":"AllWin Theme \u2013 Free WordPress Themes Download","article_modified_time":"2025-10-04T13:32:02+00:00","og_image":[{"width":590,"height":300,"url":"https:\/\/allwintheme.com\/wp-content\/uploads\/2025\/10\/w4b03x9l.png","type":"image\/png"}],"twitter_card":"summary_large_image","twitter_misc":{"Tiempo estimado de lectura":"2 minutos"},"schema":{"@context":"https:\/\/schema.org","@graph":[{"@type":"WebPage","@id":"https:\/\/allwintheme.com\/product\/advanced-custom-fields-for-woocommerce\/","url":"https:\/\/allwintheme.com\/product\/advanced-custom-fields-for-woocommerce\/","name":"Campos personalizados avanzados para WooCommerce - AllWin Theme - Free WordPress Themes Download","isPartOf":{"@id":"https:\/\/allwintheme.com\/#website"},"primaryImageOfPage":{"@id":"https:\/\/allwintheme.com\/product\/advanced-custom-fields-for-woocommerce\/#primaryimage"},"image":{"@id":"https:\/\/allwintheme.com\/product\/advanced-custom-fields-for-woocommerce\/#primaryimage"},"thumbnailUrl":"https:\/\/allwintheme.com\/wp-content\/uploads\/2025\/10\/w4b03x9l.png","datePublished":"2025-10-04T13:08:55+00:00","dateModified":"2025-10-04T13:32:02+00:00","description":"Chaty Pro a\u00f1ade un bot\u00f3n de chat a su sitio WordPress, conectando a los visitantes a trav\u00e9s de sus plataformas favoritas para mejorar la comunicaci\u00f3n y la satisfacci\u00f3n del usuario.","breadcrumb":{"@id":"https:\/\/allwintheme.com\/product\/advanced-custom-fields-for-woocommerce\/#breadcrumb"},"inLanguage":"es-CL","potentialAction":[{"@type":"ReadAction","target":["https:\/\/allwintheme.com\/product\/advanced-custom-fields-for-woocommerce\/"]}]},{"@type":"ImageObject","inLanguage":"es-CL","@id":"https:\/\/allwintheme.com\/product\/advanced-custom-fields-for-woocommerce\/#primaryimage","url":"https:\/\/allwintheme.com\/wp-content\/uploads\/2025\/10\/w4b03x9l.png","contentUrl":"https:\/\/allwintheme.com\/wp-content\/uploads\/2025\/10\/w4b03x9l.png","width":590,"height":300,"caption":"Advanced Custom Fields for WooCommerce"},{"@type":"BreadcrumbList","@id":"https:\/\/allwintheme.com\/product\/advanced-custom-fields-for-woocommerce\/#breadcrumb","itemListElement":[{"@type":"ListItem","position":1,"name":"Home","item":"https:\/\/allwintheme.com\/"},{"@type":"ListItem","position":2,"name":"Shop","item":"https:\/\/allwintheme.com\/shop\/"},{"@type":"ListItem","position":3,"name":"Advanced Custom Fields for WooCommerce"}]},{"@type":"WebSite","@id":"https:\/\/allwintheme.com\/#website","url":"https:\/\/allwintheme.com\/","name":"Allwintheme","description":"Descarga gratis temas de WordPress para todos los nichos. Blogs, negocios, comercio electr\u00f3nico, portafolio, restaurante y m\u00e1s. Todos los temas tienen licencia GPL y est\u00e1n preparados para dispositivos m\u00f3viles.","potentialAction":[{"@type":"SearchAction","target":{"@type":"EntryPoint","urlTemplate":"https:\/\/allwintheme.com\/?s={search_term_string}"},"query-input":{"@type":"PropertyValueSpecification","valueRequired":true,"valueName":"search_term_string"}}],"inLanguage":"es-CL"}]}},"_links":{"self":[{"href":"https:\/\/allwintheme.com\/es\/wp-json\/wp\/v2\/product\/9224","targetHints":{"allow":["GET"]}}],"collection":[{"href":"https:\/\/allwintheme.com\/es\/wp-json\/wp\/v2\/product"}],"about":[{"href":"https:\/\/allwintheme.com\/es\/wp-json\/wp\/v2\/types\/product"}],"replies":[{"embeddable":true,"href":"https:\/\/allwintheme.com\/es\/wp-json\/wp\/v2\/comments?post=9224"}],"version-history":[{"count":5,"href":"https:\/\/allwintheme.com\/es\/wp-json\/wp\/v2\/product\/9224\/revisions"}],"predecessor-version":[{"id":9250,"href":"https:\/\/allwintheme.com\/es\/wp-json\/wp\/v2\/product\/9224\/revisions\/9250"}],"wp:featuredmedia":[{"embeddable":true,"href":"https:\/\/allwintheme.com\/es\/wp-json\/wp\/v2\/media\/9215"}],"wp:attachment":[{"href":"https:\/\/allwintheme.com\/es\/wp-json\/wp\/v2\/media?parent=9224"}],"wp:term":[{"taxonomy":"product_brand","embeddable":true,"href":"https:\/\/allwintheme.com\/es\/wp-json\/wp\/v2\/product_brand?post=9224"},{"taxonomy":"product_cat","embeddable":true,"href":"https:\/\/allwintheme.com\/es\/wp-json\/wp\/v2\/product_cat?post=9224"},{"taxonomy":"product_tag","embeddable":true,"href":"https:\/\/allwintheme.com\/es\/wp-json\/wp\/v2\/product_tag?post=9224"}],"curies":[{"name":"wp","href":"https:\/\/api.w.org\/{rel}","templated":true}]}}