{"id":9256,"date":"2025-10-04T13:38:40","date_gmt":"2025-10-04T13:38:40","guid":{"rendered":"https:\/\/allwintheme.com\/?post_type=product&#038;p=9256"},"modified":"2025-10-04T13:43:35","modified_gmt":"2025-10-04T13:43:35","slug":"campos-personalizados-avanzados-campo-galeria","status":"publish","type":"product","link":"https:\/\/allwintheme.com\/es\/producto\/campos-personalizados-avanzados-campo-galeria\/","title":{"rendered":"Campos personalizados avanzados: Campo Galer\u00eda"},"content":{"rendered":"<div data-elementor-type=\"wp-post\" data-elementor-id=\"9256\" class=\"elementor elementor-9256\" data-elementor-settings=\"{&quot;element_pack_global_tooltip_width&quot;:{&quot;unit&quot;:&quot;px&quot;,&quot;size&quot;:&quot;&quot;,&quot;sizes&quot;:[]},&quot;element_pack_global_tooltip_width_tablet&quot;:{&quot;unit&quot;:&quot;px&quot;,&quot;size&quot;:&quot;&quot;,&quot;sizes&quot;:[]},&quot;element_pack_global_tooltip_width_mobile&quot;:{&quot;unit&quot;:&quot;px&quot;,&quot;size&quot;:&quot;&quot;,&quot;sizes&quot;:[]},&quot;element_pack_global_tooltip_padding&quot;:{&quot;unit&quot;:&quot;px&quot;,&quot;top&quot;:&quot;&quot;,&quot;right&quot;:&quot;&quot;,&quot;bottom&quot;:&quot;&quot;,&quot;left&quot;:&quot;&quot;,&quot;isLinked&quot;:true},&quot;element_pack_global_tooltip_padding_tablet&quot;:{&quot;unit&quot;:&quot;px&quot;,&quot;top&quot;:&quot;&quot;,&quot;right&quot;:&quot;&quot;,&quot;bottom&quot;:&quot;&quot;,&quot;left&quot;:&quot;&quot;,&quot;isLinked&quot;:true},&quot;element_pack_global_tooltip_padding_mobile&quot;:{&quot;unit&quot;:&quot;px&quot;,&quot;top&quot;:&quot;&quot;,&quot;right&quot;:&quot;&quot;,&quot;bottom&quot;:&quot;&quot;,&quot;left&quot;:&quot;&quot;,&quot;isLinked&quot;:true},&quot;element_pack_global_tooltip_border_radius&quot;:{&quot;unit&quot;:&quot;px&quot;,&quot;top&quot;:&quot;&quot;,&quot;right&quot;:&quot;&quot;,&quot;bottom&quot;:&quot;&quot;,&quot;left&quot;:&quot;&quot;,&quot;isLinked&quot;:true},&quot;element_pack_global_tooltip_border_radius_tablet&quot;:{&quot;unit&quot;:&quot;px&quot;,&quot;top&quot;:&quot;&quot;,&quot;right&quot;:&quot;&quot;,&quot;bottom&quot;:&quot;&quot;,&quot;left&quot;:&quot;&quot;,&quot;isLinked&quot;:true},&quot;element_pack_global_tooltip_border_radius_mobile&quot;:{&quot;unit&quot;:&quot;px&quot;,&quot;top&quot;:&quot;&quot;,&quot;right&quot;:&quot;&quot;,&quot;bottom&quot;:&quot;&quot;,&quot;left&quot;:&quot;&quot;,&quot;isLinked&quot;:true}}\" data-elementor-post-type=\"product\">\n\t\t\t\t<div class=\"elementor-element elementor-element-93aa4a8 e-con-full e-flex e-con e-parent\" data-id=\"93aa4a8\" data-element_type=\"container\" data-e-type=\"container\">\n\t\t\t\t<div class=\"elementor-element elementor-element-2c3f760 miaoshu elementor-widget elementor-widget-wd_text_block\" data-id=\"2c3f760\" data-element_type=\"widget\" data-e-type=\"widget\" data-widget_type=\"wd_text_block.default\">\n\t\t\t\t<div class=\"elementor-widget-container\">\n\t\t\t\t\t\t\t<div class=\"wd-text-block reset-last-child text-left\">\n\t\t\t\n\t\t\t<h2>Campos personalizados avanzados: Campo Galer\u00eda - Crear colecciones de im\u00e1genes din\u00e1micas<\/h2>\n<p>En <strong>Galer\u00eda Campo<\/strong> en Advanced Custom Fields (ACF) le permite crear interfaces interactivas para gestionar archivos adjuntos directamente en WordPress. Por ejemplo, los editores de contenido pueden cargar, seleccionar y organizar varias im\u00e1genes o archivos desde la biblioteca multimedia, lo que agiliza el flujo de trabajo en portafolios, blogs o galer\u00edas.<grok-card data-id=\"540de0\" data-type=\"citation_card\"><\/grok-card><grok-card data-id=\"335e5d\" data-type=\"citation_card\"><\/grok-card><\/p>\n\n<h3>Gesti\u00f3n de galer\u00edas sin esfuerzo<\/h3>\n<p>Los usuarios a\u00f1aden, editan y clasifican activamente las im\u00e1genes en una interfaz sencilla e intuitiva. En consecuencia, usted gana flexibilidad para mostrar colecciones como carruseles, deslizadores o lightboxes, mejorando el compromiso del usuario. Adem\u00e1s, el campo admite varios formatos de retorno, como matrices, URL o ID, por lo que los desarrolladores pueden integrarlos f\u00e1cilmente en temas o plugins.<grok-card data-id=\"c0bfd1\" data-type=\"citation_card\"><\/grok-card><grok-card data-id=\"8f00f1\" data-type=\"citation_card\"><\/grok-card><\/p>\n\n<h3>Caracter\u00edsticas principales de Gallery Field<\/h3>\n<ul>\n    <li><strong>Manipulaci\u00f3n interactiva de apegos:<\/strong> Seleccione y gestione varias im\u00e1genes, v\u00eddeos o archivos de la biblioteca multimedia de WordPress.<\/li>\n    <li><strong>Opciones de personalizaci\u00f3n:<\/strong> Establezca selecciones m\u00ednimas\/m\u00e1ximas y tipos de archivo permitidos para un control preciso.<\/li>\n    <li><strong>Salida f\u00e1cil para el desarrollador:<\/strong> Recuperar datos como matrices para realizar bucles y mostrarlos con funciones como wp_get_attachment_image().<\/li>\n    <li><strong>Integraci\u00f3n profesional:<\/strong> Parte de ACF PRO, que se combina con Repetidor, Contenido flexible y mucho m\u00e1s para sitios avanzados.<\/li>\n    <li><strong>Pantalla vers\u00e1til:<\/strong> Cree dise\u00f1os personalizados, garantizando la compatibilidad con creadores de p\u00e1ginas y temas.<\/li>\n<\/ul>\n\n<h3>Mejore su creaci\u00f3n de contenidos<\/h3>\n<p>Por ejemplo, los propietarios de sitios configuran reglas de ubicaci\u00f3n para mostrar el campo s\u00f3lo en tipos de entrada espec\u00edficos, como p\u00e1ginas de \"Galer\u00eda\" personalizadas. Por lo tanto, los editores mantienen la coherencia mientras que los desarrolladores codifican salidas din\u00e1micas. Como resultado, se crean galer\u00edas profesionales y con capacidad de respuesta sin complejidad.<grok-card data-id=\"8d531e\" data-type=\"citation_card\"><\/grok-card><\/p>\n\n<h3>Desbloquee ACF PRO hoy mismo<\/h3>\n<p>Integrar la <strong>Galer\u00eda Campo<\/strong> a trav\u00e9s de ACF PRO para transformar su sitio WordPress. Gracias a la automatizaci\u00f3n de la gesti\u00f3n de medios, ahorrar\u00e1 tiempo y obtendr\u00e1 im\u00e1genes impresionantes. Actual\u00edcese ahora y aumente la capacidad de sus campos personalizados.<grok-card data-id=\"a8ebfd\" data-type=\"citation_card\"><\/grok-card><\/p>\n\t\t\t\t\t<\/div>\n\t\t\t\t\t\t<\/div>\n\t\t\t\t<\/div>\n\t\t\t\t<\/div>\n\t\t\t\t<\/div>","protected":false},"excerpt":{"rendered":"<p>Advanced Custom Fields: Gallery Field \u2013 Build Dynamic Image Collections The Gallery Field in Advanced Custom Fields (ACF) empowers you<\/p>","protected":false},"featured_media":9213,"comment_status":"open","ping_status":"closed","template":"","meta":{"_acf_changed":false},"product_brand":[],"product_cat":[49],"product_tag":[],"class_list":{"0":"post-9256","1":"product","2":"type-product","3":"status-publish","4":"has-post-thumbnail","6":"product_cat-plugins","8":"first","9":"instock","10":"sale","11":"downloadable","12":"shipping-taxable","13":"purchasable","14":"product-type-simple"},"acf":[],"yoast_head":"<!-- This site is optimized with the Yoast SEO Premium plugin v25.6 (Yoast SEO v27.4) - https:\/\/yoast.com\/product\/yoast-seo-premium-wordpress\/ -->\n<title>Advanced Custom Fields: Gallery Field - AllWin Theme \u2013 Free WordPress Themes Download<\/title>\n<meta name=\"description\" content=\"Manage image galleries effortlessly with ACF Gallery Field. Upload, edit, and sort attachments in WordPress for dynamic displays like sliders.\" \/>\n<meta name=\"robots\" content=\"index, follow, max-snippet:-1, max-image-preview:large, max-video-preview:-1\" \/>\n<link rel=\"canonical\" href=\"https:\/\/allwintheme.com\/es\/producto\/campos-personalizados-avanzados-campo-galeria\/\" \/>\n<meta property=\"og:locale\" content=\"es_ES\" \/>\n<meta property=\"og:type\" content=\"article\" \/>\n<meta property=\"og:title\" content=\"Advanced Custom Fields: Gallery Field\" \/>\n<meta property=\"og:description\" content=\"Manage image galleries effortlessly with ACF Gallery Field. Upload, edit, and sort attachments in WordPress for dynamic displays like sliders.\" \/>\n<meta property=\"og:url\" content=\"https:\/\/allwintheme.com\/es\/producto\/campos-personalizados-avanzados-campo-galeria\/\" \/>\n<meta property=\"og:site_name\" content=\"AllWin Theme \u2013 Free WordPress Themes Download\" \/>\n<meta property=\"article:modified_time\" content=\"2025-10-04T13:43:35+00:00\" \/>\n<meta property=\"og:image\" content=\"https:\/\/allwintheme.com\/wp-content\/uploads\/2025\/10\/erc3rar9.png\" \/>\n\t<meta property=\"og:image:width\" content=\"753\" \/>\n\t<meta property=\"og:image:height\" content=\"387\" \/>\n\t<meta property=\"og:image:type\" content=\"image\/png\" \/>\n<meta name=\"twitter:card\" content=\"summary_large_image\" \/>\n<meta name=\"twitter:label1\" content=\"Tiempo estimado de lectura\" \/>\n\t<meta name=\"twitter:data1\" content=\"2 minutos\" \/>\n<script type=\"application\/ld+json\" class=\"yoast-schema-graph\">{\"@context\":\"https:\\\/\\\/schema.org\",\"@graph\":[{\"@type\":\"WebPage\",\"@id\":\"https:\\\/\\\/allwintheme.com\\\/product\\\/advanced-custom-fields-gallery-field\\\/\",\"url\":\"https:\\\/\\\/allwintheme.com\\\/product\\\/advanced-custom-fields-gallery-field\\\/\",\"name\":\"Advanced Custom Fields: Gallery Field - AllWin Theme \u2013 Free WordPress Themes Download\",\"isPartOf\":{\"@id\":\"https:\\\/\\\/allwintheme.com\\\/#website\"},\"primaryImageOfPage\":{\"@id\":\"https:\\\/\\\/allwintheme.com\\\/product\\\/advanced-custom-fields-gallery-field\\\/#primaryimage\"},\"image\":{\"@id\":\"https:\\\/\\\/allwintheme.com\\\/product\\\/advanced-custom-fields-gallery-field\\\/#primaryimage\"},\"thumbnailUrl\":\"https:\\\/\\\/allwintheme.com\\\/wp-content\\\/uploads\\\/2025\\\/10\\\/erc3rar9.png\",\"datePublished\":\"2025-10-04T13:38:40+00:00\",\"dateModified\":\"2025-10-04T13:43:35+00:00\",\"description\":\"Manage image galleries effortlessly with ACF Gallery Field. Upload, edit, and sort attachments in WordPress for dynamic displays like sliders.\",\"breadcrumb\":{\"@id\":\"https:\\\/\\\/allwintheme.com\\\/product\\\/advanced-custom-fields-gallery-field\\\/#breadcrumb\"},\"inLanguage\":\"es-CL\",\"potentialAction\":[{\"@type\":\"ReadAction\",\"target\":[\"https:\\\/\\\/allwintheme.com\\\/product\\\/advanced-custom-fields-gallery-field\\\/\"]}]},{\"@type\":\"ImageObject\",\"inLanguage\":\"es-CL\",\"@id\":\"https:\\\/\\\/allwintheme.com\\\/product\\\/advanced-custom-fields-gallery-field\\\/#primaryimage\",\"url\":\"https:\\\/\\\/allwintheme.com\\\/wp-content\\\/uploads\\\/2025\\\/10\\\/erc3rar9.png\",\"contentUrl\":\"https:\\\/\\\/allwintheme.com\\\/wp-content\\\/uploads\\\/2025\\\/10\\\/erc3rar9.png\",\"width\":753,\"height\":387,\"caption\":\"Advanced Custom Fields: Gallery Field\"},{\"@type\":\"BreadcrumbList\",\"@id\":\"https:\\\/\\\/allwintheme.com\\\/product\\\/advanced-custom-fields-gallery-field\\\/#breadcrumb\",\"itemListElement\":[{\"@type\":\"ListItem\",\"position\":1,\"name\":\"Home\",\"item\":\"https:\\\/\\\/allwintheme.com\\\/\"},{\"@type\":\"ListItem\",\"position\":2,\"name\":\"Shop\",\"item\":\"https:\\\/\\\/allwintheme.com\\\/shop\\\/\"},{\"@type\":\"ListItem\",\"position\":3,\"name\":\"Advanced Custom Fields: Gallery Field\"}]},{\"@type\":\"WebSite\",\"@id\":\"https:\\\/\\\/allwintheme.com\\\/#website\",\"url\":\"https:\\\/\\\/allwintheme.com\\\/\",\"name\":\"Allwintheme\",\"description\":\"Download free WordPress themes for every niche. Blogs, business, eCommerce, portfolio, restaurant and more. All themes are GPL licensed and mobile-ready.\",\"potentialAction\":[{\"@type\":\"SearchAction\",\"target\":{\"@type\":\"EntryPoint\",\"urlTemplate\":\"https:\\\/\\\/allwintheme.com\\\/?s={search_term_string}\"},\"query-input\":{\"@type\":\"PropertyValueSpecification\",\"valueRequired\":true,\"valueName\":\"search_term_string\"}}],\"inLanguage\":\"es-CL\"}]}<\/script>\n<!-- \/ Yoast SEO Premium plugin. -->","yoast_head_json":{"title":"Campos personalizados avanzados: Gallery Field - AllWin Theme - Free WordPress Themes Download","description":"Gestione galer\u00edas de im\u00e1genes sin esfuerzo con ACF Gallery Field. Sube, edita y ordena archivos adjuntos en WordPress para mostrarlos de forma din\u00e1mica como sliders.","robots":{"index":"index","follow":"follow","max-snippet":"max-snippet:-1","max-image-preview":"max-image-preview:large","max-video-preview":"max-video-preview:-1"},"canonical":"https:\/\/allwintheme.com\/es\/producto\/campos-personalizados-avanzados-campo-galeria\/","og_locale":"es_ES","og_type":"article","og_title":"Advanced Custom Fields: Gallery Field","og_description":"Manage image galleries effortlessly with ACF Gallery Field. Upload, edit, and sort attachments in WordPress for dynamic displays like sliders.","og_url":"https:\/\/allwintheme.com\/es\/producto\/campos-personalizados-avanzados-campo-galeria\/","og_site_name":"AllWin Theme \u2013 Free WordPress Themes Download","article_modified_time":"2025-10-04T13:43:35+00:00","og_image":[{"width":753,"height":387,"url":"https:\/\/allwintheme.com\/wp-content\/uploads\/2025\/10\/erc3rar9.png","type":"image\/png"}],"twitter_card":"summary_large_image","twitter_misc":{"Tiempo estimado de lectura":"2 minutos"},"schema":{"@context":"https:\/\/schema.org","@graph":[{"@type":"WebPage","@id":"https:\/\/allwintheme.com\/product\/advanced-custom-fields-gallery-field\/","url":"https:\/\/allwintheme.com\/product\/advanced-custom-fields-gallery-field\/","name":"Campos personalizados avanzados: Gallery Field - AllWin Theme - Free WordPress Themes Download","isPartOf":{"@id":"https:\/\/allwintheme.com\/#website"},"primaryImageOfPage":{"@id":"https:\/\/allwintheme.com\/product\/advanced-custom-fields-gallery-field\/#primaryimage"},"image":{"@id":"https:\/\/allwintheme.com\/product\/advanced-custom-fields-gallery-field\/#primaryimage"},"thumbnailUrl":"https:\/\/allwintheme.com\/wp-content\/uploads\/2025\/10\/erc3rar9.png","datePublished":"2025-10-04T13:38:40+00:00","dateModified":"2025-10-04T13:43:35+00:00","description":"Gestione galer\u00edas de im\u00e1genes sin esfuerzo con ACF Gallery Field. Sube, edita y ordena archivos adjuntos en WordPress para mostrarlos de forma din\u00e1mica como sliders.","breadcrumb":{"@id":"https:\/\/allwintheme.com\/product\/advanced-custom-fields-gallery-field\/#breadcrumb"},"inLanguage":"es-CL","potentialAction":[{"@type":"ReadAction","target":["https:\/\/allwintheme.com\/product\/advanced-custom-fields-gallery-field\/"]}]},{"@type":"ImageObject","inLanguage":"es-CL","@id":"https:\/\/allwintheme.com\/product\/advanced-custom-fields-gallery-field\/#primaryimage","url":"https:\/\/allwintheme.com\/wp-content\/uploads\/2025\/10\/erc3rar9.png","contentUrl":"https:\/\/allwintheme.com\/wp-content\/uploads\/2025\/10\/erc3rar9.png","width":753,"height":387,"caption":"Advanced Custom Fields: Gallery Field"},{"@type":"BreadcrumbList","@id":"https:\/\/allwintheme.com\/product\/advanced-custom-fields-gallery-field\/#breadcrumb","itemListElement":[{"@type":"ListItem","position":1,"name":"Home","item":"https:\/\/allwintheme.com\/"},{"@type":"ListItem","position":2,"name":"Shop","item":"https:\/\/allwintheme.com\/shop\/"},{"@type":"ListItem","position":3,"name":"Advanced Custom Fields: Gallery Field"}]},{"@type":"WebSite","@id":"https:\/\/allwintheme.com\/#website","url":"https:\/\/allwintheme.com\/","name":"Allwintheme","description":"Descarga gratis temas de WordPress para todos los nichos. Blogs, negocios, comercio electr\u00f3nico, portafolio, restaurante y m\u00e1s. Todos los temas tienen licencia GPL y est\u00e1n preparados para dispositivos m\u00f3viles.","potentialAction":[{"@type":"SearchAction","target":{"@type":"EntryPoint","urlTemplate":"https:\/\/allwintheme.com\/?s={search_term_string}"},"query-input":{"@type":"PropertyValueSpecification","valueRequired":true,"valueName":"search_term_string"}}],"inLanguage":"es-CL"}]}},"_links":{"self":[{"href":"https:\/\/allwintheme.com\/es\/wp-json\/wp\/v2\/product\/9256","targetHints":{"allow":["GET"]}}],"collection":[{"href":"https:\/\/allwintheme.com\/es\/wp-json\/wp\/v2\/product"}],"about":[{"href":"https:\/\/allwintheme.com\/es\/wp-json\/wp\/v2\/types\/product"}],"replies":[{"embeddable":true,"href":"https:\/\/allwintheme.com\/es\/wp-json\/wp\/v2\/comments?post=9256"}],"version-history":[{"count":5,"href":"https:\/\/allwintheme.com\/es\/wp-json\/wp\/v2\/product\/9256\/revisions"}],"predecessor-version":[{"id":9261,"href":"https:\/\/allwintheme.com\/es\/wp-json\/wp\/v2\/product\/9256\/revisions\/9261"}],"wp:featuredmedia":[{"embeddable":true,"href":"https:\/\/allwintheme.com\/es\/wp-json\/wp\/v2\/media\/9213"}],"wp:attachment":[{"href":"https:\/\/allwintheme.com\/es\/wp-json\/wp\/v2\/media?parent=9256"}],"wp:term":[{"taxonomy":"product_brand","embeddable":true,"href":"https:\/\/allwintheme.com\/es\/wp-json\/wp\/v2\/product_brand?post=9256"},{"taxonomy":"product_cat","embeddable":true,"href":"https:\/\/allwintheme.com\/es\/wp-json\/wp\/v2\/product_cat?post=9256"},{"taxonomy":"product_tag","embeddable":true,"href":"https:\/\/allwintheme.com\/es\/wp-json\/wp\/v2\/product_tag?post=9256"}],"curies":[{"name":"wp","href":"https:\/\/api.w.org\/{rel}","templated":true}]}}