{"id":9290,"date":"2025-10-06T01:05:37","date_gmt":"2025-10-06T01:05:37","guid":{"rendered":"https:\/\/allwintheme.com\/?post_type=product&#038;p=9290"},"modified":"2025-10-06T01:09:48","modified_gmt":"2025-10-06T01:09:48","slug":"mycred-puntos-pendientes","status":"publish","type":"product","link":"https:\/\/allwintheme.com\/es\/producto\/mycred-puntos-pendientes\/","title":{"rendered":"Puntos Pendientes myCred"},"content":{"rendered":"<div data-elementor-type=\"wp-post\" data-elementor-id=\"9290\" class=\"elementor elementor-9290\" data-elementor-settings=\"{&quot;element_pack_global_tooltip_width&quot;:{&quot;unit&quot;:&quot;px&quot;,&quot;size&quot;:&quot;&quot;,&quot;sizes&quot;:[]},&quot;element_pack_global_tooltip_width_tablet&quot;:{&quot;unit&quot;:&quot;px&quot;,&quot;size&quot;:&quot;&quot;,&quot;sizes&quot;:[]},&quot;element_pack_global_tooltip_width_mobile&quot;:{&quot;unit&quot;:&quot;px&quot;,&quot;size&quot;:&quot;&quot;,&quot;sizes&quot;:[]},&quot;element_pack_global_tooltip_padding&quot;:{&quot;unit&quot;:&quot;px&quot;,&quot;top&quot;:&quot;&quot;,&quot;right&quot;:&quot;&quot;,&quot;bottom&quot;:&quot;&quot;,&quot;left&quot;:&quot;&quot;,&quot;isLinked&quot;:true},&quot;element_pack_global_tooltip_padding_tablet&quot;:{&quot;unit&quot;:&quot;px&quot;,&quot;top&quot;:&quot;&quot;,&quot;right&quot;:&quot;&quot;,&quot;bottom&quot;:&quot;&quot;,&quot;left&quot;:&quot;&quot;,&quot;isLinked&quot;:true},&quot;element_pack_global_tooltip_padding_mobile&quot;:{&quot;unit&quot;:&quot;px&quot;,&quot;top&quot;:&quot;&quot;,&quot;right&quot;:&quot;&quot;,&quot;bottom&quot;:&quot;&quot;,&quot;left&quot;:&quot;&quot;,&quot;isLinked&quot;:true},&quot;element_pack_global_tooltip_border_radius&quot;:{&quot;unit&quot;:&quot;px&quot;,&quot;top&quot;:&quot;&quot;,&quot;right&quot;:&quot;&quot;,&quot;bottom&quot;:&quot;&quot;,&quot;left&quot;:&quot;&quot;,&quot;isLinked&quot;:true},&quot;element_pack_global_tooltip_border_radius_tablet&quot;:{&quot;unit&quot;:&quot;px&quot;,&quot;top&quot;:&quot;&quot;,&quot;right&quot;:&quot;&quot;,&quot;bottom&quot;:&quot;&quot;,&quot;left&quot;:&quot;&quot;,&quot;isLinked&quot;:true},&quot;element_pack_global_tooltip_border_radius_mobile&quot;:{&quot;unit&quot;:&quot;px&quot;,&quot;top&quot;:&quot;&quot;,&quot;right&quot;:&quot;&quot;,&quot;bottom&quot;:&quot;&quot;,&quot;left&quot;:&quot;&quot;,&quot;isLinked&quot;:true}}\" data-elementor-post-type=\"product\">\n\t\t\t\t<div class=\"elementor-element elementor-element-93aa4a8 e-con-full e-flex e-con e-parent\" data-id=\"93aa4a8\" data-element_type=\"container\" data-e-type=\"container\">\n\t\t\t\t<div class=\"elementor-element elementor-element-2c3f760 miaoshu elementor-widget elementor-widget-wd_text_block\" data-id=\"2c3f760\" data-element_type=\"widget\" data-e-type=\"widget\" data-widget_type=\"wd_text_block.default\">\n\t\t\t\t<div class=\"elementor-widget-container\">\n\t\t\t\t\t\t\t<div class=\"wd-text-block reset-last-child text-left\">\n\t\t\t\n\t\t\t<h2>Puntos Pendientes myCred: Controle sus recompensas con precisi\u00f3n<\/h2>\n<p>En <strong>Puntos Pendientes myCred<\/strong> ofrece a los administradores un control total sobre la concesi\u00f3n de puntos en el sistema myCred. Por ejemplo, puede establecer puntos en estado pendiente antes de que los usuarios los reciban, lo que permite una revisi\u00f3n cuidadosa de los registros.<grok-card data-id=\"0dc8c5\" data-type=\"citation_card\"><\/grok-card> En consecuencia, esto evita la acreditaci\u00f3n inmediata y garantiza que los puntos se destinen \u00fanicamente a acciones verificadas, lo que mejora su estrategia de gamificaci\u00f3n.<\/p>\n\n<h3>Gesti\u00f3n flexible de pendientes para los administradores<\/h3>\n<p>Los administradores configuran activamente los ajustes pendientes para referencias, funciones de usuario o eventos espec\u00edficos en el panel de control de myCred. Adem\u00e1s, puede elegir retener puntos durante un n\u00famero determinado de d\u00edas, tras los cuales el sistema los libera autom\u00e1ticamente.<grok-card data-id=\"f1608e\" data-type=\"citation_card\"><\/grok-card> Como resultado, se agilizan las aprobaciones al tiempo que se mantiene la supervisi\u00f3n, lo que resulta ideal para programas de fidelizaci\u00f3n o recompensas de contenido.<\/p>\n\n<h3>Principales caracter\u00edsticas y ventajas<\/h3>\n<ul>\n    <li><strong>Control de estado pendiente:<\/strong> Retener los puntos concedidos hasta la revisi\u00f3n del administrador o la liberaci\u00f3n autom\u00e1tica despu\u00e9s de los d\u00edas especificados.<\/li>\n    <li><strong>Revisi\u00f3n detallada del registro:<\/strong> Acceda a una p\u00e1gina dedicada a los registros pendientes para inspeccionar y aprobar los puntos de usuario de forma eficaz.<\/li>\n    <li><strong>Exclusiones selectivas:<\/strong> Excluya a determinados usuarios, funciones, insignias o rangos de los requisitos pendientes para mayor flexibilidad.<\/li>\n    <li><strong>Integraci\u00f3n perfecta:<\/strong> Funciona con el sistema de puntos de myCred sin alterar las principales funciones de gamificaci\u00f3n.<\/li>\n<\/ul>\n\n<h3>Mejore su sistema de premios myCred<\/h3>\n<p>Este complemento transforma la forma de gestionar los puntos en myCred. Por ejemplo, si gestionas un programa de premios con contenido generado por los usuarios, los administradores verifican la elegibilidad antes de finalizar los premios. De este modo, se genera confianza y se evitan abusos, lo que aumenta la participaci\u00f3n de los usuarios y la integridad del sitio.<grok-card data-id=\"a89d1f\" data-type=\"citation_card\"><\/grok-card><\/p>\n\n<h3>Aplicar hoy los puntos pendientes<\/h3>\n<p>Mejore la gamificaci\u00f3n de su WordPress con <strong>Puntos Pendientes myCred<\/strong>. Al a\u00f1adir esta capa de control, crear\u00e1 una experiencia de recompensas m\u00e1s segura y fiable. Instale el complemento ahora y optimice su programa de fidelizaci\u00f3n.<\/p>\n\t\t\t\t\t<\/div>\n\t\t\t\t\t\t<\/div>\n\t\t\t\t<\/div>\n\t\t\t\t<\/div>\n\t\t\t\t<\/div>","protected":false},"excerpt":{"rendered":"<p>myCred Pending Points: Control Your Rewards with Precision The myCred Pending Points addon gives admins full control over point awards<\/p>","protected":false},"featured_media":9291,"comment_status":"open","ping_status":"closed","template":"","meta":{"_acf_changed":false},"product_brand":[],"product_cat":[49],"product_tag":[],"class_list":{"0":"post-9290","1":"product","2":"type-product","3":"status-publish","4":"has-post-thumbnail","6":"product_cat-plugins","8":"first","9":"instock","10":"sale","11":"downloadable","12":"shipping-taxable","13":"purchasable","14":"product-type-simple"},"acf":[],"yoast_head":"<!-- This site is optimized with the Yoast SEO Premium plugin v25.6 (Yoast SEO v27.1.1) - https:\/\/yoast.com\/product\/yoast-seo-premium-wordpress\/ -->\n<title>myCred Pending Points - AllWin Theme \u2013 Free WordPress Themes Download<\/title>\n<meta name=\"description\" content=\"Control point awards with myCred Pending Points addon. Admins hold rewards in pending status for review before releasing to users.\" \/>\n<meta name=\"robots\" content=\"index, follow, max-snippet:-1, max-image-preview:large, max-video-preview:-1\" \/>\n<link rel=\"canonical\" href=\"https:\/\/allwintheme.com\/es\/producto\/mycred-puntos-pendientes\/\" \/>\n<meta property=\"og:locale\" content=\"es_ES\" \/>\n<meta property=\"og:type\" content=\"article\" \/>\n<meta property=\"og:title\" content=\"myCred Pending Points\" \/>\n<meta property=\"og:description\" content=\"Control point awards with myCred Pending Points addon. Admins hold rewards in pending status for review before releasing to users.\" \/>\n<meta property=\"og:url\" content=\"https:\/\/allwintheme.com\/es\/producto\/mycred-puntos-pendientes\/\" \/>\n<meta property=\"og:site_name\" content=\"AllWin Theme \u2013 Free WordPress Themes Download\" \/>\n<meta property=\"article:modified_time\" content=\"2025-10-06T01:09:48+00:00\" \/>\n<meta property=\"og:image\" content=\"https:\/\/allwintheme.com\/wp-content\/uploads\/2025\/10\/0mhw372o.png\" \/>\n\t<meta property=\"og:image:width\" content=\"768\" \/>\n\t<meta property=\"og:image:height\" content=\"489\" \/>\n\t<meta property=\"og:image:type\" content=\"image\/png\" \/>\n<meta name=\"twitter:card\" content=\"summary_large_image\" \/>\n<meta name=\"twitter:label1\" content=\"Tiempo estimado de lectura\" \/>\n\t<meta name=\"twitter:data1\" content=\"2 minutos\" \/>\n<script type=\"application\/ld+json\" class=\"yoast-schema-graph\">{\"@context\":\"https:\/\/schema.org\",\"@graph\":[{\"@type\":\"WebPage\",\"@id\":\"https:\/\/allwintheme.com\/product\/mycred-pending-points\/\",\"url\":\"https:\/\/allwintheme.com\/product\/mycred-pending-points\/\",\"name\":\"myCred Pending Points - AllWin Theme \u2013 Free WordPress Themes Download\",\"isPartOf\":{\"@id\":\"https:\/\/allwintheme.com\/#website\"},\"primaryImageOfPage\":{\"@id\":\"https:\/\/allwintheme.com\/product\/mycred-pending-points\/#primaryimage\"},\"image\":{\"@id\":\"https:\/\/allwintheme.com\/product\/mycred-pending-points\/#primaryimage\"},\"thumbnailUrl\":\"https:\/\/allwintheme.com\/wp-content\/uploads\/2025\/10\/0mhw372o.png\",\"datePublished\":\"2025-10-06T01:05:37+00:00\",\"dateModified\":\"2025-10-06T01:09:48+00:00\",\"description\":\"Control point awards with myCred Pending Points addon. Admins hold rewards in pending status for review before releasing to users.\",\"breadcrumb\":{\"@id\":\"https:\/\/allwintheme.com\/product\/mycred-pending-points\/#breadcrumb\"},\"inLanguage\":\"es-CL\",\"potentialAction\":[{\"@type\":\"ReadAction\",\"target\":[\"https:\/\/allwintheme.com\/product\/mycred-pending-points\/\"]}]},{\"@type\":\"ImageObject\",\"inLanguage\":\"es-CL\",\"@id\":\"https:\/\/allwintheme.com\/product\/mycred-pending-points\/#primaryimage\",\"url\":\"https:\/\/allwintheme.com\/wp-content\/uploads\/2025\/10\/0mhw372o.png\",\"contentUrl\":\"https:\/\/allwintheme.com\/wp-content\/uploads\/2025\/10\/0mhw372o.png\",\"width\":768,\"height\":489,\"caption\":\"myCred Pending Points\"},{\"@type\":\"BreadcrumbList\",\"@id\":\"https:\/\/allwintheme.com\/product\/mycred-pending-points\/#breadcrumb\",\"itemListElement\":[{\"@type\":\"ListItem\",\"position\":1,\"name\":\"Home\",\"item\":\"https:\/\/allwintheme.com\/\"},{\"@type\":\"ListItem\",\"position\":2,\"name\":\"Shop\",\"item\":\"https:\/\/allwintheme.com\/shop\/\"},{\"@type\":\"ListItem\",\"position\":3,\"name\":\"myCred Pending Points\"}]},{\"@type\":\"WebSite\",\"@id\":\"https:\/\/allwintheme.com\/#website\",\"url\":\"https:\/\/allwintheme.com\/\",\"name\":\"Allwintheme\",\"description\":\"Download free WordPress themes for every niche. Blogs, business, eCommerce, portfolio, restaurant and more. All themes are GPL licensed and mobile-ready.\",\"potentialAction\":[{\"@type\":\"SearchAction\",\"target\":{\"@type\":\"EntryPoint\",\"urlTemplate\":\"https:\/\/allwintheme.com\/?s={search_term_string}\"},\"query-input\":{\"@type\":\"PropertyValueSpecification\",\"valueRequired\":true,\"valueName\":\"search_term_string\"}}],\"inLanguage\":\"es-CL\"}]}<\/script>\n<!-- \/ Yoast SEO Premium plugin. -->","yoast_head_json":{"title":"myCred Puntos Pendientes - AllWin Theme - Free WordPress Themes Download","description":"Controla la concesi\u00f3n de puntos con el addon myCred Puntos Pendientes. Los administradores mantienen las recompensas en estado pendiente para su revisi\u00f3n antes de entregarlas a los usuarios.","robots":{"index":"index","follow":"follow","max-snippet":"max-snippet:-1","max-image-preview":"max-image-preview:large","max-video-preview":"max-video-preview:-1"},"canonical":"https:\/\/allwintheme.com\/es\/producto\/mycred-puntos-pendientes\/","og_locale":"es_ES","og_type":"article","og_title":"myCred Pending Points","og_description":"Control point awards with myCred Pending Points addon. Admins hold rewards in pending status for review before releasing to users.","og_url":"https:\/\/allwintheme.com\/es\/producto\/mycred-puntos-pendientes\/","og_site_name":"AllWin Theme \u2013 Free WordPress Themes Download","article_modified_time":"2025-10-06T01:09:48+00:00","og_image":[{"width":768,"height":489,"url":"https:\/\/allwintheme.com\/wp-content\/uploads\/2025\/10\/0mhw372o.png","type":"image\/png"}],"twitter_card":"summary_large_image","twitter_misc":{"Tiempo estimado de lectura":"2 minutos"},"schema":{"@context":"https:\/\/schema.org","@graph":[{"@type":"WebPage","@id":"https:\/\/allwintheme.com\/product\/mycred-pending-points\/","url":"https:\/\/allwintheme.com\/product\/mycred-pending-points\/","name":"myCred Puntos Pendientes - AllWin Theme - Free WordPress Themes Download","isPartOf":{"@id":"https:\/\/allwintheme.com\/#website"},"primaryImageOfPage":{"@id":"https:\/\/allwintheme.com\/product\/mycred-pending-points\/#primaryimage"},"image":{"@id":"https:\/\/allwintheme.com\/product\/mycred-pending-points\/#primaryimage"},"thumbnailUrl":"https:\/\/allwintheme.com\/wp-content\/uploads\/2025\/10\/0mhw372o.png","datePublished":"2025-10-06T01:05:37+00:00","dateModified":"2025-10-06T01:09:48+00:00","description":"Controla la concesi\u00f3n de puntos con el addon myCred Puntos Pendientes. Los administradores mantienen las recompensas en estado pendiente para su revisi\u00f3n antes de entregarlas a los usuarios.","breadcrumb":{"@id":"https:\/\/allwintheme.com\/product\/mycred-pending-points\/#breadcrumb"},"inLanguage":"es-CL","potentialAction":[{"@type":"ReadAction","target":["https:\/\/allwintheme.com\/product\/mycred-pending-points\/"]}]},{"@type":"ImageObject","inLanguage":"es-CL","@id":"https:\/\/allwintheme.com\/product\/mycred-pending-points\/#primaryimage","url":"https:\/\/allwintheme.com\/wp-content\/uploads\/2025\/10\/0mhw372o.png","contentUrl":"https:\/\/allwintheme.com\/wp-content\/uploads\/2025\/10\/0mhw372o.png","width":768,"height":489,"caption":"myCred Pending Points"},{"@type":"BreadcrumbList","@id":"https:\/\/allwintheme.com\/product\/mycred-pending-points\/#breadcrumb","itemListElement":[{"@type":"ListItem","position":1,"name":"Home","item":"https:\/\/allwintheme.com\/"},{"@type":"ListItem","position":2,"name":"Shop","item":"https:\/\/allwintheme.com\/shop\/"},{"@type":"ListItem","position":3,"name":"myCred Pending Points"}]},{"@type":"WebSite","@id":"https:\/\/allwintheme.com\/#website","url":"https:\/\/allwintheme.com\/","name":"Allwintheme","description":"Descarga gratis temas de WordPress para todos los nichos. Blogs, negocios, comercio electr\u00f3nico, portafolio, restaurante y m\u00e1s. Todos los temas tienen licencia GPL y est\u00e1n preparados para dispositivos m\u00f3viles.","potentialAction":[{"@type":"SearchAction","target":{"@type":"EntryPoint","urlTemplate":"https:\/\/allwintheme.com\/?s={search_term_string}"},"query-input":{"@type":"PropertyValueSpecification","valueRequired":true,"valueName":"search_term_string"}}],"inLanguage":"es-CL"}]}},"_links":{"self":[{"href":"https:\/\/allwintheme.com\/es\/wp-json\/wp\/v2\/product\/9290","targetHints":{"allow":["GET"]}}],"collection":[{"href":"https:\/\/allwintheme.com\/es\/wp-json\/wp\/v2\/product"}],"about":[{"href":"https:\/\/allwintheme.com\/es\/wp-json\/wp\/v2\/types\/product"}],"replies":[{"embeddable":true,"href":"https:\/\/allwintheme.com\/es\/wp-json\/wp\/v2\/comments?post=9290"}],"version-history":[{"count":5,"href":"https:\/\/allwintheme.com\/es\/wp-json\/wp\/v2\/product\/9290\/revisions"}],"predecessor-version":[{"id":9296,"href":"https:\/\/allwintheme.com\/es\/wp-json\/wp\/v2\/product\/9290\/revisions\/9296"}],"wp:featuredmedia":[{"embeddable":true,"href":"https:\/\/allwintheme.com\/es\/wp-json\/wp\/v2\/media\/9291"}],"wp:attachment":[{"href":"https:\/\/allwintheme.com\/es\/wp-json\/wp\/v2\/media?parent=9290"}],"wp:term":[{"taxonomy":"product_brand","embeddable":true,"href":"https:\/\/allwintheme.com\/es\/wp-json\/wp\/v2\/product_brand?post=9290"},{"taxonomy":"product_cat","embeddable":true,"href":"https:\/\/allwintheme.com\/es\/wp-json\/wp\/v2\/product_cat?post=9290"},{"taxonomy":"product_tag","embeddable":true,"href":"https:\/\/allwintheme.com\/es\/wp-json\/wp\/v2\/product_tag?post=9290"}],"curies":[{"name":"wp","href":"https:\/\/api.w.org\/{rel}","templated":true}]}}