{"id":9335,"date":"2025-10-06T02:07:24","date_gmt":"2025-10-06T02:07:24","guid":{"rendered":"https:\/\/allwintheme.com\/?post_type=product&#038;p=9335"},"modified":"2025-10-06T02:14:22","modified_gmt":"2025-10-06T02:14:22","slug":"pwork-intranet-para-wordpress","status":"publish","type":"product","link":"https:\/\/allwintheme.com\/es\/producto\/pwork-intranet-para-wordpress\/","title":{"rendered":"Pwork - Intranet para WordPress"},"content":{"rendered":"<div data-elementor-type=\"wp-post\" data-elementor-id=\"9335\" class=\"elementor elementor-9335\" data-elementor-settings=\"{&quot;element_pack_global_tooltip_width&quot;:{&quot;unit&quot;:&quot;px&quot;,&quot;size&quot;:&quot;&quot;,&quot;sizes&quot;:[]},&quot;element_pack_global_tooltip_width_tablet&quot;:{&quot;unit&quot;:&quot;px&quot;,&quot;size&quot;:&quot;&quot;,&quot;sizes&quot;:[]},&quot;element_pack_global_tooltip_width_mobile&quot;:{&quot;unit&quot;:&quot;px&quot;,&quot;size&quot;:&quot;&quot;,&quot;sizes&quot;:[]},&quot;element_pack_global_tooltip_padding&quot;:{&quot;unit&quot;:&quot;px&quot;,&quot;top&quot;:&quot;&quot;,&quot;right&quot;:&quot;&quot;,&quot;bottom&quot;:&quot;&quot;,&quot;left&quot;:&quot;&quot;,&quot;isLinked&quot;:true},&quot;element_pack_global_tooltip_padding_tablet&quot;:{&quot;unit&quot;:&quot;px&quot;,&quot;top&quot;:&quot;&quot;,&quot;right&quot;:&quot;&quot;,&quot;bottom&quot;:&quot;&quot;,&quot;left&quot;:&quot;&quot;,&quot;isLinked&quot;:true},&quot;element_pack_global_tooltip_padding_mobile&quot;:{&quot;unit&quot;:&quot;px&quot;,&quot;top&quot;:&quot;&quot;,&quot;right&quot;:&quot;&quot;,&quot;bottom&quot;:&quot;&quot;,&quot;left&quot;:&quot;&quot;,&quot;isLinked&quot;:true},&quot;element_pack_global_tooltip_border_radius&quot;:{&quot;unit&quot;:&quot;px&quot;,&quot;top&quot;:&quot;&quot;,&quot;right&quot;:&quot;&quot;,&quot;bottom&quot;:&quot;&quot;,&quot;left&quot;:&quot;&quot;,&quot;isLinked&quot;:true},&quot;element_pack_global_tooltip_border_radius_tablet&quot;:{&quot;unit&quot;:&quot;px&quot;,&quot;top&quot;:&quot;&quot;,&quot;right&quot;:&quot;&quot;,&quot;bottom&quot;:&quot;&quot;,&quot;left&quot;:&quot;&quot;,&quot;isLinked&quot;:true},&quot;element_pack_global_tooltip_border_radius_mobile&quot;:{&quot;unit&quot;:&quot;px&quot;,&quot;top&quot;:&quot;&quot;,&quot;right&quot;:&quot;&quot;,&quot;bottom&quot;:&quot;&quot;,&quot;left&quot;:&quot;&quot;,&quot;isLinked&quot;:true}}\" data-elementor-post-type=\"product\">\n\t\t\t\t<div class=\"elementor-element elementor-element-93aa4a8 e-con-full e-flex e-con e-parent\" data-id=\"93aa4a8\" data-element_type=\"container\" data-e-type=\"container\">\n\t\t\t\t<div class=\"elementor-element elementor-element-2c3f760 miaoshu elementor-widget elementor-widget-wd_text_block\" data-id=\"2c3f760\" data-element_type=\"widget\" data-e-type=\"widget\" data-widget_type=\"wd_text_block.default\">\n\t\t\t\t<div class=\"elementor-widget-container\">\n\t\t\t\t\t\t\t<div class=\"wd-text-block reset-last-child text-left\">\n\t\t\t\n\t\t\t<h2>Pwork - Intranet para WordPress: Su plataforma de equipo todo en uno<\/h2>\n<p><strong>Trabajo<\/strong> transforma su sitio de WordPress en una intranet totalmente funcional sin necesidad de temas hinchados o m\u00faltiples plugins. Por ejemplo, los desarrolladores han creado este plugin para que funcione a la perfecci\u00f3n con cualquier tema, de modo que disponga de todo lo necesario para la comunicaci\u00f3n y la colaboraci\u00f3n internas. De este modo, los equipos tienen acceso a un espacio dedicado a noticias, archivos y proyectos, lo que aumenta la productividad sin esfuerzo.<grok-card data-id=\"a80788\" data-type=\"citation_card\"><\/grok-card><grok-card data-id=\"1cac10\" data-type=\"citation_card\"><\/grok-card><\/p>\n\n<h3>Capacite a los usuarios con cuadros de mando personalizables<\/h3>\n<p>Los usuarios personalizan activamente sus cuadros de mando mediante widgets que se pueden ordenar arrastrando y soltando y que muestran datos personalizados y elementos de acci\u00f3n. Adem\u00e1s, los administradores pueden activar o desactivar widgets f\u00e1cilmente, adaptando la experiencia a las necesidades espec\u00edficas del equipo. Como resultado, todos permanecen informados y centrados en tareas clave sin interfaces abrumadoras.<grok-card data-id=\"29a057\" data-type=\"citation_card\"><\/grok-card><\/p>\n\n<h3>Funciones clave para mejorar la colaboraci\u00f3n<\/h3>\n<ul>\n    <li><strong>Noticias y blogs del equipo:<\/strong> Comparta actualizaciones y anuncios a trav\u00e9s de una plataforma privada similar a un blog, donde los administradores publican contenidos s\u00f3lo para los miembros del equipo.<\/li>\n    <li><strong>Biblioteca de archivos segura:<\/strong> Almacene y comparta documentos, pol\u00edticas y archivos en un repositorio centralizado y organizado accesible desde frontend o backend.<\/li>\n    <li><strong>Foros de debate:<\/strong> Fomenta la comunicaci\u00f3n y el intercambio de conocimientos mediante la creaci\u00f3n de temas editables tanto desde la aplicaci\u00f3n Pwork como desde el panel de WordPress.<\/li>\n    <li><strong>Mensajer\u00eda privada y perfiles:<\/strong> Permita interacciones directas entre usuarios, perfiles detallados y directorios de usuarios para reforzar las conexiones entre equipos.<\/li>\n    <li><strong>Gesti\u00f3n de proyectos y eventos:<\/strong> Asigne tareas, controle el progreso con plazos, gestione calendarios de eventos y env\u00ede notificaciones por correo electr\u00f3nico para las actualizaciones.<\/li>\n    <li><strong>Configuraci\u00f3n avanzada:<\/strong> Desactive las funciones que no utilice, restrinja el acceso, personalice los logotipos y aproveche Bootstrap 5 y AJAX para obtener un rendimiento ligero.<\/li>\n<\/ul><grok-card data-id=\"7c688a\" data-type=\"citation_card\"><\/grok-card><grok-card data-id=\"de7a7b\" data-type=\"citation_card\"><\/grok-card><grok-card data-id=\"783292\" data-type=\"citation_card\"><\/grok-card>\n\n<h3>Agilice las operaciones con un dise\u00f1o modular<\/h3>\n<p>Pwork opera en un \u00e1rea dedicada del sitio, asegurando una alta compatibilidad con otros plugins y temas. Por ejemplo, puede desactivar los m\u00f3dulos que no necesita para mantener las cosas ligeras y r\u00e1pidas. Por lo tanto, los propietarios de sitios mantienen una intranet segura y eficiente que recibe actualizaciones peri\u00f3dicas para la estabilidad y nuevas caracter\u00edsticas.<grok-card data-id=\"0e3074\" data-type=\"citation_card\"><\/grok-card><\/p>\n\n<h3>Ponga en marcha su intranet hoy mismo<\/h3>\n<p>Equipe a su equipo con <strong>Pwork - Intranet para WordPress<\/strong> para crear una plataforma din\u00e1mica y segura. Al integrar foros, proyectos y gesti\u00f3n de archivos, mejorar\u00e1 la colaboraci\u00f3n sin complejidad. Inst\u00e1lelo ahora y vea c\u00f3mo prosperan sus comunicaciones internas.<grok-card data-id=\"18eda6\" data-type=\"citation_card\"><\/grok-card><\/p>\n\t\t\t\t\t<\/div>\n\t\t\t\t\t\t<\/div>\n\t\t\t\t<\/div>\n\t\t\t\t<\/div>\n\t\t\t\t<\/div>","protected":false},"excerpt":{"rendered":"<p>Pwork \u2013 Intranet For WordPress: Your All-in-One Team Platform Pwork transforms your WordPress site into a fully functional intranet without<\/p>","protected":false},"featured_media":9336,"comment_status":"open","ping_status":"closed","template":"","meta":{"_acf_changed":false},"product_brand":[],"product_cat":[49],"product_tag":[],"class_list":{"0":"post-9335","1":"product","2":"type-product","3":"status-publish","4":"has-post-thumbnail","6":"product_cat-plugins","8":"first","9":"instock","10":"sale","11":"downloadable","12":"shipping-taxable","13":"purchasable","14":"product-type-simple"},"acf":[],"yoast_head":"<!-- This site is optimized with the Yoast SEO Premium plugin v25.6 (Yoast SEO v27.1.1) - https:\/\/yoast.com\/product\/yoast-seo-premium-wordpress\/ -->\n<title>Pwork \u2013 Intranet For WordPress - AllWin Theme \u2013 Free WordPress Themes Download<\/title>\n<meta name=\"description\" content=\"Build a complete intranet with Pwork for WordPress. Features dashboard, forums, file sharing, and more\u2014works with any theme for seamless team collaboration.\" \/>\n<meta name=\"robots\" content=\"index, follow, max-snippet:-1, max-image-preview:large, max-video-preview:-1\" \/>\n<link rel=\"canonical\" href=\"https:\/\/allwintheme.com\/es\/producto\/pwork-intranet-para-wordpress\/\" \/>\n<meta property=\"og:locale\" content=\"es_ES\" \/>\n<meta property=\"og:type\" content=\"article\" \/>\n<meta property=\"og:title\" content=\"Pwork \u2013 Intranet For WordPress\" \/>\n<meta property=\"og:description\" content=\"Build a complete intranet with Pwork for WordPress. Features dashboard, forums, file sharing, and more\u2014works with any theme for seamless team collaboration.\" \/>\n<meta property=\"og:url\" content=\"https:\/\/allwintheme.com\/es\/producto\/pwork-intranet-para-wordpress\/\" \/>\n<meta property=\"og:site_name\" content=\"AllWin Theme \u2013 Free WordPress Themes Download\" \/>\n<meta property=\"article:modified_time\" content=\"2025-10-06T02:14:22+00:00\" \/>\n<meta property=\"og:image\" content=\"https:\/\/allwintheme.com\/wp-content\/uploads\/2025\/10\/ajg2d2sf.png\" \/>\n\t<meta property=\"og:image:width\" content=\"590\" \/>\n\t<meta property=\"og:image:height\" content=\"300\" \/>\n\t<meta property=\"og:image:type\" content=\"image\/png\" \/>\n<meta name=\"twitter:card\" content=\"summary_large_image\" \/>\n<meta name=\"twitter:label1\" content=\"Tiempo estimado de lectura\" \/>\n\t<meta name=\"twitter:data1\" content=\"2 minutos\" \/>\n<script type=\"application\/ld+json\" class=\"yoast-schema-graph\">{\"@context\":\"https:\/\/schema.org\",\"@graph\":[{\"@type\":\"WebPage\",\"@id\":\"https:\/\/allwintheme.com\/product\/pwork-intranet-for-wordpress\/\",\"url\":\"https:\/\/allwintheme.com\/product\/pwork-intranet-for-wordpress\/\",\"name\":\"Pwork \u2013 Intranet For WordPress - AllWin Theme \u2013 Free WordPress Themes Download\",\"isPartOf\":{\"@id\":\"https:\/\/allwintheme.com\/#website\"},\"primaryImageOfPage\":{\"@id\":\"https:\/\/allwintheme.com\/product\/pwork-intranet-for-wordpress\/#primaryimage\"},\"image\":{\"@id\":\"https:\/\/allwintheme.com\/product\/pwork-intranet-for-wordpress\/#primaryimage\"},\"thumbnailUrl\":\"https:\/\/allwintheme.com\/wp-content\/uploads\/2025\/10\/ajg2d2sf.png\",\"datePublished\":\"2025-10-06T02:07:24+00:00\",\"dateModified\":\"2025-10-06T02:14:22+00:00\",\"description\":\"Build a complete intranet with Pwork for WordPress. Features dashboard, forums, file sharing, and more\u2014works with any theme for seamless team collaboration.\",\"breadcrumb\":{\"@id\":\"https:\/\/allwintheme.com\/product\/pwork-intranet-for-wordpress\/#breadcrumb\"},\"inLanguage\":\"es-CL\",\"potentialAction\":[{\"@type\":\"ReadAction\",\"target\":[\"https:\/\/allwintheme.com\/product\/pwork-intranet-for-wordpress\/\"]}]},{\"@type\":\"ImageObject\",\"inLanguage\":\"es-CL\",\"@id\":\"https:\/\/allwintheme.com\/product\/pwork-intranet-for-wordpress\/#primaryimage\",\"url\":\"https:\/\/allwintheme.com\/wp-content\/uploads\/2025\/10\/ajg2d2sf.png\",\"contentUrl\":\"https:\/\/allwintheme.com\/wp-content\/uploads\/2025\/10\/ajg2d2sf.png\",\"width\":590,\"height\":300,\"caption\":\"Pwork \u2013 Intranet For WordPress\"},{\"@type\":\"BreadcrumbList\",\"@id\":\"https:\/\/allwintheme.com\/product\/pwork-intranet-for-wordpress\/#breadcrumb\",\"itemListElement\":[{\"@type\":\"ListItem\",\"position\":1,\"name\":\"Home\",\"item\":\"https:\/\/allwintheme.com\/\"},{\"@type\":\"ListItem\",\"position\":2,\"name\":\"Shop\",\"item\":\"https:\/\/allwintheme.com\/shop\/\"},{\"@type\":\"ListItem\",\"position\":3,\"name\":\"Pwork \u2013 Intranet For WordPress\"}]},{\"@type\":\"WebSite\",\"@id\":\"https:\/\/allwintheme.com\/#website\",\"url\":\"https:\/\/allwintheme.com\/\",\"name\":\"Allwintheme\",\"description\":\"Download free WordPress themes for every niche. Blogs, business, eCommerce, portfolio, restaurant and more. All themes are GPL licensed and mobile-ready.\",\"potentialAction\":[{\"@type\":\"SearchAction\",\"target\":{\"@type\":\"EntryPoint\",\"urlTemplate\":\"https:\/\/allwintheme.com\/?s={search_term_string}\"},\"query-input\":{\"@type\":\"PropertyValueSpecification\",\"valueRequired\":true,\"valueName\":\"search_term_string\"}}],\"inLanguage\":\"es-CL\"}]}<\/script>\n<!-- \/ Yoast SEO Premium plugin. -->","yoast_head_json":{"title":"Pwork \u2013 Intranet For WordPress - AllWin Theme \u2013 Free WordPress Themes Download","description":"Construye una intranet completa con Pwork para WordPress. Incluye panel de control, foros, intercambio de archivos y mucho m\u00e1s. Funciona con cualquier tema para una colaboraci\u00f3n en equipo perfecta.","robots":{"index":"index","follow":"follow","max-snippet":"max-snippet:-1","max-image-preview":"max-image-preview:large","max-video-preview":"max-video-preview:-1"},"canonical":"https:\/\/allwintheme.com\/es\/producto\/pwork-intranet-para-wordpress\/","og_locale":"es_ES","og_type":"article","og_title":"Pwork \u2013 Intranet For WordPress","og_description":"Build a complete intranet with Pwork for WordPress. Features dashboard, forums, file sharing, and more\u2014works with any theme for seamless team collaboration.","og_url":"https:\/\/allwintheme.com\/es\/producto\/pwork-intranet-para-wordpress\/","og_site_name":"AllWin Theme \u2013 Free WordPress Themes Download","article_modified_time":"2025-10-06T02:14:22+00:00","og_image":[{"width":590,"height":300,"url":"https:\/\/allwintheme.com\/wp-content\/uploads\/2025\/10\/ajg2d2sf.png","type":"image\/png"}],"twitter_card":"summary_large_image","twitter_misc":{"Tiempo estimado de lectura":"2 minutos"},"schema":{"@context":"https:\/\/schema.org","@graph":[{"@type":"WebPage","@id":"https:\/\/allwintheme.com\/product\/pwork-intranet-for-wordpress\/","url":"https:\/\/allwintheme.com\/product\/pwork-intranet-for-wordpress\/","name":"Pwork \u2013 Intranet For WordPress - AllWin Theme \u2013 Free WordPress Themes Download","isPartOf":{"@id":"https:\/\/allwintheme.com\/#website"},"primaryImageOfPage":{"@id":"https:\/\/allwintheme.com\/product\/pwork-intranet-for-wordpress\/#primaryimage"},"image":{"@id":"https:\/\/allwintheme.com\/product\/pwork-intranet-for-wordpress\/#primaryimage"},"thumbnailUrl":"https:\/\/allwintheme.com\/wp-content\/uploads\/2025\/10\/ajg2d2sf.png","datePublished":"2025-10-06T02:07:24+00:00","dateModified":"2025-10-06T02:14:22+00:00","description":"Construye una intranet completa con Pwork para WordPress. Incluye panel de control, foros, intercambio de archivos y mucho m\u00e1s. Funciona con cualquier tema para una colaboraci\u00f3n en equipo perfecta.","breadcrumb":{"@id":"https:\/\/allwintheme.com\/product\/pwork-intranet-for-wordpress\/#breadcrumb"},"inLanguage":"es-CL","potentialAction":[{"@type":"ReadAction","target":["https:\/\/allwintheme.com\/product\/pwork-intranet-for-wordpress\/"]}]},{"@type":"ImageObject","inLanguage":"es-CL","@id":"https:\/\/allwintheme.com\/product\/pwork-intranet-for-wordpress\/#primaryimage","url":"https:\/\/allwintheme.com\/wp-content\/uploads\/2025\/10\/ajg2d2sf.png","contentUrl":"https:\/\/allwintheme.com\/wp-content\/uploads\/2025\/10\/ajg2d2sf.png","width":590,"height":300,"caption":"Pwork \u2013 Intranet For WordPress"},{"@type":"BreadcrumbList","@id":"https:\/\/allwintheme.com\/product\/pwork-intranet-for-wordpress\/#breadcrumb","itemListElement":[{"@type":"ListItem","position":1,"name":"Home","item":"https:\/\/allwintheme.com\/"},{"@type":"ListItem","position":2,"name":"Shop","item":"https:\/\/allwintheme.com\/shop\/"},{"@type":"ListItem","position":3,"name":"Pwork \u2013 Intranet For WordPress"}]},{"@type":"WebSite","@id":"https:\/\/allwintheme.com\/#website","url":"https:\/\/allwintheme.com\/","name":"Allwintheme","description":"Descarga gratis temas de WordPress para todos los nichos. Blogs, negocios, comercio electr\u00f3nico, portafolio, restaurante y m\u00e1s. Todos los temas tienen licencia GPL y est\u00e1n preparados para dispositivos m\u00f3viles.","potentialAction":[{"@type":"SearchAction","target":{"@type":"EntryPoint","urlTemplate":"https:\/\/allwintheme.com\/?s={search_term_string}"},"query-input":{"@type":"PropertyValueSpecification","valueRequired":true,"valueName":"search_term_string"}}],"inLanguage":"es-CL"}]}},"_links":{"self":[{"href":"https:\/\/allwintheme.com\/es\/wp-json\/wp\/v2\/product\/9335","targetHints":{"allow":["GET"]}}],"collection":[{"href":"https:\/\/allwintheme.com\/es\/wp-json\/wp\/v2\/product"}],"about":[{"href":"https:\/\/allwintheme.com\/es\/wp-json\/wp\/v2\/types\/product"}],"replies":[{"embeddable":true,"href":"https:\/\/allwintheme.com\/es\/wp-json\/wp\/v2\/comments?post=9335"}],"version-history":[{"count":9,"href":"https:\/\/allwintheme.com\/es\/wp-json\/wp\/v2\/product\/9335\/revisions"}],"predecessor-version":[{"id":9345,"href":"https:\/\/allwintheme.com\/es\/wp-json\/wp\/v2\/product\/9335\/revisions\/9345"}],"wp:featuredmedia":[{"embeddable":true,"href":"https:\/\/allwintheme.com\/es\/wp-json\/wp\/v2\/media\/9336"}],"wp:attachment":[{"href":"https:\/\/allwintheme.com\/es\/wp-json\/wp\/v2\/media?parent=9335"}],"wp:term":[{"taxonomy":"product_brand","embeddable":true,"href":"https:\/\/allwintheme.com\/es\/wp-json\/wp\/v2\/product_brand?post=9335"},{"taxonomy":"product_cat","embeddable":true,"href":"https:\/\/allwintheme.com\/es\/wp-json\/wp\/v2\/product_cat?post=9335"},{"taxonomy":"product_tag","embeddable":true,"href":"https:\/\/allwintheme.com\/es\/wp-json\/wp\/v2\/product_tag?post=9335"}],"curies":[{"name":"wp","href":"https:\/\/api.w.org\/{rel}","templated":true}]}}