{"id":9353,"date":"2025-10-06T02:24:03","date_gmt":"2025-10-06T02:24:03","guid":{"rendered":"https:\/\/allwintheme.com\/?post_type=product&#038;p=9353"},"modified":"2025-10-06T02:28:45","modified_gmt":"2025-10-06T02:28:45","slug":"wp-manga-ftp-sftp-almacenamiento-2","status":"publish","type":"product","link":"https:\/\/allwintheme.com\/es\/producto\/wp-manga-ftp-sftp-almacenamiento-2\/","title":{"rendered":"WP Manga Almacenamiento FTP\/SFTP"},"content":{"rendered":"<div data-elementor-type=\"wp-post\" data-elementor-id=\"9353\" class=\"elementor elementor-9353\" data-elementor-settings=\"{&quot;element_pack_global_tooltip_width&quot;:{&quot;unit&quot;:&quot;px&quot;,&quot;size&quot;:&quot;&quot;,&quot;sizes&quot;:[]},&quot;element_pack_global_tooltip_width_tablet&quot;:{&quot;unit&quot;:&quot;px&quot;,&quot;size&quot;:&quot;&quot;,&quot;sizes&quot;:[]},&quot;element_pack_global_tooltip_width_mobile&quot;:{&quot;unit&quot;:&quot;px&quot;,&quot;size&quot;:&quot;&quot;,&quot;sizes&quot;:[]},&quot;element_pack_global_tooltip_padding&quot;:{&quot;unit&quot;:&quot;px&quot;,&quot;top&quot;:&quot;&quot;,&quot;right&quot;:&quot;&quot;,&quot;bottom&quot;:&quot;&quot;,&quot;left&quot;:&quot;&quot;,&quot;isLinked&quot;:true},&quot;element_pack_global_tooltip_padding_tablet&quot;:{&quot;unit&quot;:&quot;px&quot;,&quot;top&quot;:&quot;&quot;,&quot;right&quot;:&quot;&quot;,&quot;bottom&quot;:&quot;&quot;,&quot;left&quot;:&quot;&quot;,&quot;isLinked&quot;:true},&quot;element_pack_global_tooltip_padding_mobile&quot;:{&quot;unit&quot;:&quot;px&quot;,&quot;top&quot;:&quot;&quot;,&quot;right&quot;:&quot;&quot;,&quot;bottom&quot;:&quot;&quot;,&quot;left&quot;:&quot;&quot;,&quot;isLinked&quot;:true},&quot;element_pack_global_tooltip_border_radius&quot;:{&quot;unit&quot;:&quot;px&quot;,&quot;top&quot;:&quot;&quot;,&quot;right&quot;:&quot;&quot;,&quot;bottom&quot;:&quot;&quot;,&quot;left&quot;:&quot;&quot;,&quot;isLinked&quot;:true},&quot;element_pack_global_tooltip_border_radius_tablet&quot;:{&quot;unit&quot;:&quot;px&quot;,&quot;top&quot;:&quot;&quot;,&quot;right&quot;:&quot;&quot;,&quot;bottom&quot;:&quot;&quot;,&quot;left&quot;:&quot;&quot;,&quot;isLinked&quot;:true},&quot;element_pack_global_tooltip_border_radius_mobile&quot;:{&quot;unit&quot;:&quot;px&quot;,&quot;top&quot;:&quot;&quot;,&quot;right&quot;:&quot;&quot;,&quot;bottom&quot;:&quot;&quot;,&quot;left&quot;:&quot;&quot;,&quot;isLinked&quot;:true}}\" data-elementor-post-type=\"product\">\n\t\t\t\t<div class=\"elementor-element elementor-element-93aa4a8 e-con-full e-flex e-con e-parent\" data-id=\"93aa4a8\" data-element_type=\"container\" data-e-type=\"container\">\n\t\t\t\t<div class=\"elementor-element elementor-element-2c3f760 miaoshu elementor-widget elementor-widget-wd_text_block\" data-id=\"2c3f760\" data-element_type=\"widget\" data-e-type=\"widget\" data-widget_type=\"wd_text_block.default\">\n\t\t\t\t<div class=\"elementor-widget-container\">\n\t\t\t\t\t\t\t<div class=\"wd-text-block reset-last-child text-left\">\n\t\t\t\n\t\t\t<h2>WP Manga FTP\/SFTP Almacenamiento: Optimice el almacenamiento de su sitio Manga<\/h2>\n<p>En <strong>WP Manga Almacenamiento FTP\/SFTP<\/strong> ayuda a los propietarios de sitios de manga a gestionar eficazmente archivos de imagen de gran tama\u00f1o. Por ejemplo, carga las im\u00e1genes de los cap\u00edtulos directamente en servidores externos, lo que reduce la carga del alojamiento local y acelera el rendimiento del sitio. En consecuencia, los visitantes disfrutan de tiempos de carga m\u00e1s r\u00e1pidos sin sobrecargar tus recursos.<grok-card data-id=\"0455ad\" data-type=\"citation_card\"><\/grok-card><grok-card data-id=\"832963\" data-type=\"citation_card\"><\/grok-card><\/p>\n\n<h3>Configuraci\u00f3n perfecta del almacenamiento externo<\/h3>\n<p>Los administradores del sitio acceden a un panel dedicado en Manga &gt; WP Manga Storage para configurar r\u00e1pidamente las credenciales FTP o SFTP. Adem\u00e1s, el plugin soporta conexiones seguras a servicios como BunnyCDN, generando URLs optimizadas para im\u00e1genes. Como resultado, integras la funcionalidad CDN sin esfuerzo, asegurando una entrega de baja latencia para audiencias globales.<grok-card data-id=\"070161\" data-type=\"citation_card\"><\/grok-card><\/p>\n\n<h3>Principales caracter\u00edsticas y ventajas<\/h3>\n<ul>\n    <li><strong>Carga de im\u00e1genes externas:<\/strong> Transfiere im\u00e1genes de cap\u00edtulos de manga a cualquier servidor FTP\/SFTP, liberando espacio local para bibliotecas en crecimiento.<grok-card data-id=\"4d4127\" data-type=\"citation_card\"><\/grok-card><\/li>\n    <li><strong>Compatibilidad CDN:<\/strong> Con\u00e9ctese a proveedores como BunnyCDN para acelerar el servicio de im\u00e1genes y reducir los costes de ancho de banda.<grok-card data-id=\"4e298c\" data-type=\"citation_card\"><\/grok-card><\/li>\n    <li><strong>Flexible y seguro:<\/strong> Funciona con varios hosts compatibles con FTP y admite tanto FTP como SFTP para mejorar la seguridad.<grok-card data-id=\"3bcef3\" data-type=\"citation_card\"><\/grok-card><\/li>\n    <li><strong>Gesti\u00f3n administrativa sencilla:<\/strong> Config\u00farelo todo desde un panel intuitivo sin necesidad de conocimientos t\u00e9cnicos avanzados.<grok-card data-id=\"913c94\" data-type=\"citation_card\"><\/grok-card><\/li>\n<\/ul>\n\n<h3>Aumentar la eficacia de la web<\/h3>\n<p>Este complemento resulta ideal para ampliar sitios de manga que se enfrentan a l\u00edmites de almacenamiento. Por ejemplo, se evitan los cuellos de botella en el rendimiento descargando los archivos externamente, manteniendo un funcionamiento fluido. Por tanto, c\u00e9ntrate en la creaci\u00f3n de contenidos mientras el complemento se encarga de un almacenamiento fiable y escalable.<grok-card data-id=\"2e2233\" data-type=\"citation_card\"><\/grok-card><\/p>\n\n<h3>Actualice ya su plataforma de manga<\/h3>\n<p>Implementar <strong>WP Manga Almacenamiento FTP\/SFTP<\/strong> para transformar la gesti\u00f3n de los contenidos con muchas im\u00e1genes de su sitio web. Al habilitar el almacenamiento externo, ofrecer\u00e1 una experiencia de usuario superior y un ahorro de costes. Inst\u00e1lelo hoy mismo y ampl\u00ede su biblioteca de manga sin l\u00edmites.<grok-card data-id=\"0a92ab\" data-type=\"citation_card\"><\/grok-card><\/p>\n\t\t\t\t\t<\/div>\n\t\t\t\t\t\t<\/div>\n\t\t\t\t<\/div>\n\t\t\t\t<\/div>\n\t\t\t\t<\/div>","protected":false},"excerpt":{"rendered":"<p>WP Manga FTP\/SFTP Storage: Optimize Your Manga Site Storage The WP Manga FTP\/SFTP Storage addon helps manga site owners handle<\/p>","protected":false},"featured_media":9354,"comment_status":"open","ping_status":"closed","template":"","meta":{"_acf_changed":false},"product_brand":[],"product_cat":[49],"product_tag":[],"class_list":{"0":"post-9353","1":"product","2":"type-product","3":"status-publish","4":"has-post-thumbnail","6":"product_cat-plugins","8":"first","9":"instock","10":"sale","11":"downloadable","12":"shipping-taxable","13":"purchasable","14":"product-type-simple"},"acf":[],"yoast_head":"<!-- This site is optimized with the Yoast SEO Premium plugin v25.6 (Yoast SEO v27.1.1) - https:\/\/yoast.com\/product\/yoast-seo-premium-wordpress\/ -->\n<title>WP Manga FTP\/SFTP Storage - AllWin Theme \u2013 Free WordPress Themes Download<\/title>\n<meta name=\"description\" content=\"Offload manga chapter images to external FTP\/SFTP servers with WP Manga FTP\/SFTP Storage. Boost performance and manage large libraries efficiently.\" \/>\n<meta name=\"robots\" content=\"index, follow, max-snippet:-1, max-image-preview:large, max-video-preview:-1\" \/>\n<link rel=\"canonical\" href=\"https:\/\/allwintheme.com\/es\/producto\/wp-manga-ftp-sftp-almacenamiento-2\/\" \/>\n<meta property=\"og:locale\" content=\"es_ES\" \/>\n<meta property=\"og:type\" content=\"article\" \/>\n<meta property=\"og:title\" content=\"WP Manga FTP\/SFTP Storage\" \/>\n<meta property=\"og:description\" content=\"Offload manga chapter images to external FTP\/SFTP servers with WP Manga FTP\/SFTP Storage. Boost performance and manage large libraries efficiently.\" \/>\n<meta property=\"og:url\" content=\"https:\/\/allwintheme.com\/es\/producto\/wp-manga-ftp-sftp-almacenamiento-2\/\" \/>\n<meta property=\"og:site_name\" content=\"AllWin Theme \u2013 Free WordPress Themes Download\" \/>\n<meta property=\"article:modified_time\" content=\"2025-10-06T02:28:45+00:00\" \/>\n<meta property=\"og:image\" content=\"https:\/\/allwintheme.com\/wp-content\/uploads\/2025\/10\/ivtvxh1u.png\" \/>\n\t<meta property=\"og:image:width\" content=\"768\" \/>\n\t<meta property=\"og:image:height\" content=\"461\" \/>\n\t<meta property=\"og:image:type\" content=\"image\/png\" \/>\n<meta name=\"twitter:card\" content=\"summary_large_image\" \/>\n<meta name=\"twitter:label1\" content=\"Tiempo estimado de lectura\" \/>\n\t<meta name=\"twitter:data1\" content=\"2 minutos\" \/>\n<script type=\"application\/ld+json\" class=\"yoast-schema-graph\">{\"@context\":\"https:\/\/schema.org\",\"@graph\":[{\"@type\":\"WebPage\",\"@id\":\"https:\/\/allwintheme.com\/product\/wp-manga-ftp-sftp-storage-2\/\",\"url\":\"https:\/\/allwintheme.com\/product\/wp-manga-ftp-sftp-storage-2\/\",\"name\":\"WP Manga FTP\/SFTP Storage - AllWin Theme \u2013 Free WordPress Themes Download\",\"isPartOf\":{\"@id\":\"https:\/\/allwintheme.com\/#website\"},\"primaryImageOfPage\":{\"@id\":\"https:\/\/allwintheme.com\/product\/wp-manga-ftp-sftp-storage-2\/#primaryimage\"},\"image\":{\"@id\":\"https:\/\/allwintheme.com\/product\/wp-manga-ftp-sftp-storage-2\/#primaryimage\"},\"thumbnailUrl\":\"https:\/\/allwintheme.com\/wp-content\/uploads\/2025\/10\/ivtvxh1u.png\",\"datePublished\":\"2025-10-06T02:24:03+00:00\",\"dateModified\":\"2025-10-06T02:28:45+00:00\",\"description\":\"Offload manga chapter images to external FTP\/SFTP servers with WP Manga FTP\/SFTP Storage. Boost performance and manage large libraries efficiently.\",\"breadcrumb\":{\"@id\":\"https:\/\/allwintheme.com\/product\/wp-manga-ftp-sftp-storage-2\/#breadcrumb\"},\"inLanguage\":\"es-CL\",\"potentialAction\":[{\"@type\":\"ReadAction\",\"target\":[\"https:\/\/allwintheme.com\/product\/wp-manga-ftp-sftp-storage-2\/\"]}]},{\"@type\":\"ImageObject\",\"inLanguage\":\"es-CL\",\"@id\":\"https:\/\/allwintheme.com\/product\/wp-manga-ftp-sftp-storage-2\/#primaryimage\",\"url\":\"https:\/\/allwintheme.com\/wp-content\/uploads\/2025\/10\/ivtvxh1u.png\",\"contentUrl\":\"https:\/\/allwintheme.com\/wp-content\/uploads\/2025\/10\/ivtvxh1u.png\",\"width\":768,\"height\":461,\"caption\":\"WP Manga FTP\/SFTP Storage\"},{\"@type\":\"BreadcrumbList\",\"@id\":\"https:\/\/allwintheme.com\/product\/wp-manga-ftp-sftp-storage-2\/#breadcrumb\",\"itemListElement\":[{\"@type\":\"ListItem\",\"position\":1,\"name\":\"Home\",\"item\":\"https:\/\/allwintheme.com\/\"},{\"@type\":\"ListItem\",\"position\":2,\"name\":\"Shop\",\"item\":\"https:\/\/allwintheme.com\/shop\/\"},{\"@type\":\"ListItem\",\"position\":3,\"name\":\"WP Manga FTP\/SFTP Storage\"}]},{\"@type\":\"WebSite\",\"@id\":\"https:\/\/allwintheme.com\/#website\",\"url\":\"https:\/\/allwintheme.com\/\",\"name\":\"Allwintheme\",\"description\":\"Download free WordPress themes for every niche. Blogs, business, eCommerce, portfolio, restaurant and more. All themes are GPL licensed and mobile-ready.\",\"potentialAction\":[{\"@type\":\"SearchAction\",\"target\":{\"@type\":\"EntryPoint\",\"urlTemplate\":\"https:\/\/allwintheme.com\/?s={search_term_string}\"},\"query-input\":{\"@type\":\"PropertyValueSpecification\",\"valueRequired\":true,\"valueName\":\"search_term_string\"}}],\"inLanguage\":\"es-CL\"}]}<\/script>\n<!-- \/ Yoast SEO Premium plugin. -->","yoast_head_json":{"title":"WP Manga FTP\/SFTP Storage - AllWin Theme \u2013 Free WordPress Themes Download","description":"Descargue im\u00e1genes de cap\u00edtulos manga a servidores FTP\/SFTP externos con WP Manga FTP\/SFTP Storage. Aumentar el rendimiento y gestionar grandes bibliotecas de manera eficiente.","robots":{"index":"index","follow":"follow","max-snippet":"max-snippet:-1","max-image-preview":"max-image-preview:large","max-video-preview":"max-video-preview:-1"},"canonical":"https:\/\/allwintheme.com\/es\/producto\/wp-manga-ftp-sftp-almacenamiento-2\/","og_locale":"es_ES","og_type":"article","og_title":"WP Manga FTP\/SFTP Storage","og_description":"Offload manga chapter images to external FTP\/SFTP servers with WP Manga FTP\/SFTP Storage. Boost performance and manage large libraries efficiently.","og_url":"https:\/\/allwintheme.com\/es\/producto\/wp-manga-ftp-sftp-almacenamiento-2\/","og_site_name":"AllWin Theme \u2013 Free WordPress Themes Download","article_modified_time":"2025-10-06T02:28:45+00:00","og_image":[{"width":768,"height":461,"url":"https:\/\/allwintheme.com\/wp-content\/uploads\/2025\/10\/ivtvxh1u.png","type":"image\/png"}],"twitter_card":"summary_large_image","twitter_misc":{"Tiempo estimado de lectura":"2 minutos"},"schema":{"@context":"https:\/\/schema.org","@graph":[{"@type":"WebPage","@id":"https:\/\/allwintheme.com\/product\/wp-manga-ftp-sftp-storage-2\/","url":"https:\/\/allwintheme.com\/product\/wp-manga-ftp-sftp-storage-2\/","name":"WP Manga FTP\/SFTP Storage - AllWin Theme \u2013 Free WordPress Themes Download","isPartOf":{"@id":"https:\/\/allwintheme.com\/#website"},"primaryImageOfPage":{"@id":"https:\/\/allwintheme.com\/product\/wp-manga-ftp-sftp-storage-2\/#primaryimage"},"image":{"@id":"https:\/\/allwintheme.com\/product\/wp-manga-ftp-sftp-storage-2\/#primaryimage"},"thumbnailUrl":"https:\/\/allwintheme.com\/wp-content\/uploads\/2025\/10\/ivtvxh1u.png","datePublished":"2025-10-06T02:24:03+00:00","dateModified":"2025-10-06T02:28:45+00:00","description":"Descargue im\u00e1genes de cap\u00edtulos manga a servidores FTP\/SFTP externos con WP Manga FTP\/SFTP Storage. Aumentar el rendimiento y gestionar grandes bibliotecas de manera eficiente.","breadcrumb":{"@id":"https:\/\/allwintheme.com\/product\/wp-manga-ftp-sftp-storage-2\/#breadcrumb"},"inLanguage":"es-CL","potentialAction":[{"@type":"ReadAction","target":["https:\/\/allwintheme.com\/product\/wp-manga-ftp-sftp-storage-2\/"]}]},{"@type":"ImageObject","inLanguage":"es-CL","@id":"https:\/\/allwintheme.com\/product\/wp-manga-ftp-sftp-storage-2\/#primaryimage","url":"https:\/\/allwintheme.com\/wp-content\/uploads\/2025\/10\/ivtvxh1u.png","contentUrl":"https:\/\/allwintheme.com\/wp-content\/uploads\/2025\/10\/ivtvxh1u.png","width":768,"height":461,"caption":"WP Manga FTP\/SFTP Storage"},{"@type":"BreadcrumbList","@id":"https:\/\/allwintheme.com\/product\/wp-manga-ftp-sftp-storage-2\/#breadcrumb","itemListElement":[{"@type":"ListItem","position":1,"name":"Home","item":"https:\/\/allwintheme.com\/"},{"@type":"ListItem","position":2,"name":"Shop","item":"https:\/\/allwintheme.com\/shop\/"},{"@type":"ListItem","position":3,"name":"WP Manga FTP\/SFTP Storage"}]},{"@type":"WebSite","@id":"https:\/\/allwintheme.com\/#website","url":"https:\/\/allwintheme.com\/","name":"Allwintheme","description":"Descarga gratis temas de WordPress para todos los nichos. Blogs, negocios, comercio electr\u00f3nico, portafolio, restaurante y m\u00e1s. Todos los temas tienen licencia GPL y est\u00e1n preparados para dispositivos m\u00f3viles.","potentialAction":[{"@type":"SearchAction","target":{"@type":"EntryPoint","urlTemplate":"https:\/\/allwintheme.com\/?s={search_term_string}"},"query-input":{"@type":"PropertyValueSpecification","valueRequired":true,"valueName":"search_term_string"}}],"inLanguage":"es-CL"}]}},"_links":{"self":[{"href":"https:\/\/allwintheme.com\/es\/wp-json\/wp\/v2\/product\/9353","targetHints":{"allow":["GET"]}}],"collection":[{"href":"https:\/\/allwintheme.com\/es\/wp-json\/wp\/v2\/product"}],"about":[{"href":"https:\/\/allwintheme.com\/es\/wp-json\/wp\/v2\/types\/product"}],"replies":[{"embeddable":true,"href":"https:\/\/allwintheme.com\/es\/wp-json\/wp\/v2\/comments?post=9353"}],"version-history":[{"count":5,"href":"https:\/\/allwintheme.com\/es\/wp-json\/wp\/v2\/product\/9353\/revisions"}],"predecessor-version":[{"id":9359,"href":"https:\/\/allwintheme.com\/es\/wp-json\/wp\/v2\/product\/9353\/revisions\/9359"}],"wp:featuredmedia":[{"embeddable":true,"href":"https:\/\/allwintheme.com\/es\/wp-json\/wp\/v2\/media\/9354"}],"wp:attachment":[{"href":"https:\/\/allwintheme.com\/es\/wp-json\/wp\/v2\/media?parent=9353"}],"wp:term":[{"taxonomy":"product_brand","embeddable":true,"href":"https:\/\/allwintheme.com\/es\/wp-json\/wp\/v2\/product_brand?post=9353"},{"taxonomy":"product_cat","embeddable":true,"href":"https:\/\/allwintheme.com\/es\/wp-json\/wp\/v2\/product_cat?post=9353"},{"taxonomy":"product_tag","embeddable":true,"href":"https:\/\/allwintheme.com\/es\/wp-json\/wp\/v2\/product_tag?post=9353"}],"curies":[{"name":"wp","href":"https:\/\/api.w.org\/{rel}","templated":true}]}}