{"id":9374,"date":"2025-10-06T02:38:51","date_gmt":"2025-10-06T02:38:51","guid":{"rendered":"https:\/\/allwintheme.com\/?post_type=product&#038;p=9374"},"modified":"2025-10-06T02:52:01","modified_gmt":"2025-10-06T02:52:01","slug":"timetics-pro","status":"publish","type":"product","link":"https:\/\/allwintheme.com\/es\/producto\/timetics-pro\/","title":{"rendered":"Timetics Pro"},"content":{"rendered":"<div data-elementor-type=\"wp-post\" data-elementor-id=\"9374\" class=\"elementor elementor-9374\" data-elementor-settings=\"{&quot;element_pack_global_tooltip_width&quot;:{&quot;unit&quot;:&quot;px&quot;,&quot;size&quot;:&quot;&quot;,&quot;sizes&quot;:[]},&quot;element_pack_global_tooltip_width_tablet&quot;:{&quot;unit&quot;:&quot;px&quot;,&quot;size&quot;:&quot;&quot;,&quot;sizes&quot;:[]},&quot;element_pack_global_tooltip_width_mobile&quot;:{&quot;unit&quot;:&quot;px&quot;,&quot;size&quot;:&quot;&quot;,&quot;sizes&quot;:[]},&quot;element_pack_global_tooltip_padding&quot;:{&quot;unit&quot;:&quot;px&quot;,&quot;top&quot;:&quot;&quot;,&quot;right&quot;:&quot;&quot;,&quot;bottom&quot;:&quot;&quot;,&quot;left&quot;:&quot;&quot;,&quot;isLinked&quot;:true},&quot;element_pack_global_tooltip_padding_tablet&quot;:{&quot;unit&quot;:&quot;px&quot;,&quot;top&quot;:&quot;&quot;,&quot;right&quot;:&quot;&quot;,&quot;bottom&quot;:&quot;&quot;,&quot;left&quot;:&quot;&quot;,&quot;isLinked&quot;:true},&quot;element_pack_global_tooltip_padding_mobile&quot;:{&quot;unit&quot;:&quot;px&quot;,&quot;top&quot;:&quot;&quot;,&quot;right&quot;:&quot;&quot;,&quot;bottom&quot;:&quot;&quot;,&quot;left&quot;:&quot;&quot;,&quot;isLinked&quot;:true},&quot;element_pack_global_tooltip_border_radius&quot;:{&quot;unit&quot;:&quot;px&quot;,&quot;top&quot;:&quot;&quot;,&quot;right&quot;:&quot;&quot;,&quot;bottom&quot;:&quot;&quot;,&quot;left&quot;:&quot;&quot;,&quot;isLinked&quot;:true},&quot;element_pack_global_tooltip_border_radius_tablet&quot;:{&quot;unit&quot;:&quot;px&quot;,&quot;top&quot;:&quot;&quot;,&quot;right&quot;:&quot;&quot;,&quot;bottom&quot;:&quot;&quot;,&quot;left&quot;:&quot;&quot;,&quot;isLinked&quot;:true},&quot;element_pack_global_tooltip_border_radius_mobile&quot;:{&quot;unit&quot;:&quot;px&quot;,&quot;top&quot;:&quot;&quot;,&quot;right&quot;:&quot;&quot;,&quot;bottom&quot;:&quot;&quot;,&quot;left&quot;:&quot;&quot;,&quot;isLinked&quot;:true}}\" data-elementor-post-type=\"product\">\n\t\t\t\t<div class=\"elementor-element elementor-element-93aa4a8 e-con-full e-flex e-con e-parent\" data-id=\"93aa4a8\" data-element_type=\"container\" data-e-type=\"container\">\n\t\t\t\t<div class=\"elementor-element elementor-element-2c3f760 miaoshu elementor-widget elementor-widget-wd_text_block\" data-id=\"2c3f760\" data-element_type=\"widget\" data-e-type=\"widget\" data-widget_type=\"wd_text_block.default\">\n\t\t\t\t<div class=\"elementor-widget-container\">\n\t\t\t\t\t\t\t<div class=\"wd-text-block reset-last-child text-left\">\n\t\t\t\n\t\t\t<h2>Timetics Pro: Soluci\u00f3n avanzada de reserva de citas en WordPress<\/h2>\n<p><strong>Timetics Pro<\/strong> revoluciona la forma en que las empresas gestionan la programaci\u00f3n automatizando las citas y reservas en los sitios de WordPress. Por ejemplo, los profesionales y las organizaciones utilizan activamente este plugin para gestionar calendarios, aceptar reservas en l\u00ednea y agilizar las operaciones sin esfuerzo manual. De este modo, se ahorra tiempo y se aumenta la productividad a la vez que se ofrece una experiencia excepcional a los clientes.<grok-card data-id=\"3ccfe1\" data-type=\"citation_card\"><\/grok-card><grok-card data-id=\"c699a3\" data-type=\"citation_card\"><\/grok-card><\/p>\n\n<h3>Automatizaci\u00f3n de reservas sin esfuerzo<\/h3>\n<p>Timetics Pro permite a los usuarios crear un n\u00famero ilimitado de reuniones y gestionar diversos tipos de reservas, como sesiones individuales o eventos en grupo. Adem\u00e1s, el plugin admite citas recurrentes, por lo que los clientes pueden reservar f\u00e1cilmente espacios semanales o mensuales sin repetici\u00f3n. Como resultado, negocios como cl\u00ednicas, salones de belleza o centros de formaci\u00f3n funcionan de forma m\u00e1s eficiente gracias a funciones como los planes visuales de plazas para eventos.<grok-card data-id=\"0ac99d\" data-type=\"citation_card\"><\/grok-card><grok-card data-id=\"f65f4e\" data-type=\"citation_card\"><\/grok-card><\/p>\n\n<h3>Principales caracter\u00edsticas y ventajas<\/h3>\n<ul>\n    <li><strong>Gesti\u00f3n de personal m\u00faltiple:<\/strong> A\u00f1ada un n\u00famero ilimitado de miembros del equipo con perfiles individuales, contrase\u00f1as y controles de disponibilidad para coordinar los horarios sin problemas.<grok-card data-id=\"1a619f\" data-type=\"citation_card\"><\/grok-card><\/li>\n    <li><strong>Integraciones de pago:<\/strong> Acepte pagos a trav\u00e9s de Stripe, PayPal, etc., automatizando las transacciones para obtener ingresos sin complicaciones.<grok-card data-id=\"9a8ea8\" data-type=\"citation_card\"><\/grok-card><\/li>\n    <li><strong>Sincronizaci\u00f3n de calendarios y herramientas de v\u00eddeo:<\/strong> Int\u00e9grese con Google Calendar, Outlook, Google Meet o Zoom para sincronizar eventos y organizar reuniones virtuales sin esfuerzo.<grok-card data-id=\"5209e6\" data-type=\"citation_card\"><\/grok-card><\/li>\n    <li><strong>Mejoras impulsadas por IA:<\/strong> Aproveche la IA para obtener sugerencias inteligentes de franjas horarias basadas en patrones, adem\u00e1s de notificaciones por correo electr\u00f3nico, SMS o WhatsApp para reducir las ausencias.<grok-card data-id=\"d64968\" data-type=\"citation_card\"><\/grok-card><\/li>\n    <li><strong>An\u00e1lisis e informes:<\/strong> Acceda a informaci\u00f3n basada en datos sobre reservas, rendimiento del personal y ventas para optimizar sus operaciones.<grok-card data-id=\"09c296\" data-type=\"citation_card\"><\/grok-card><\/li>\n    <li><strong>Integraciones avanzadas:<\/strong> Con\u00e9ctate con Zapier o Pabbly para la automatizaci\u00f3n del flujo de trabajo, garantizando que tu sistema de reservas se vincule sin problemas con otras herramientas.<grok-card data-id=\"0e9338\" data-type=\"citation_card\"><\/grok-card><\/li>\n<\/ul>\n\n<h3>Ampl\u00ede su negocio con Timetics Pro<\/h3>\n<p>Este complemento simplifica la compleja programaci\u00f3n de cualquier empresa de servicios. Por ejemplo, los administradores reservan citas manualmente si es necesario, mientras que los clientes cambian de cita de forma independiente con actualizaciones autom\u00e1ticas. Por lo tanto, Timetics Pro no solo gestiona grandes vol\u00famenes, sino que tambi\u00e9n integra IA para sugerir las franjas horarias \u00f3ptimas y, en \u00faltima instancia, aumentar las conversiones y la satisfacci\u00f3n del cliente.<grok-card data-id=\"f9b2ac\" data-type=\"citation_card\"><\/grok-card><grok-card data-id=\"058d26\" data-type=\"citation_card\"><\/grok-card><\/p>\n\n<h3>Actualice a Timetics Pro hoy mismo<\/h3>\n<p>Transforme su sitio WordPress en un potente centro de reservas con <strong>Timetics Pro<\/strong>. Al automatizar los procesos y ofrecer herramientas de primera calidad, usted se centra en el crecimiento y no en la log\u00edstica. Inst\u00e1lelo ahora y disfrute de una programaci\u00f3n m\u00e1s inteligente.<grok-card data-id=\"94d08c\" data-type=\"citation_card\"><\/grok-card><\/p>\n\t\t\t\t\t<\/div>\n\t\t\t\t\t\t<\/div>\n\t\t\t\t<\/div>\n\t\t\t\t<\/div>\n\t\t\t\t<\/div>","protected":false},"excerpt":{"rendered":"<p>Timetics Pro: Advanced WordPress Appointment Booking Solution Timetics Pro revolutionizes how businesses handle scheduling by automating appointments and bookings on<\/p>","protected":false},"featured_media":9384,"comment_status":"open","ping_status":"closed","template":"","meta":{"_acf_changed":false},"product_brand":[],"product_cat":[49],"product_tag":[],"class_list":{"0":"post-9374","1":"product","2":"type-product","3":"status-publish","4":"has-post-thumbnail","6":"product_cat-plugins","8":"first","9":"instock","10":"sale","11":"downloadable","12":"shipping-taxable","13":"purchasable","14":"product-type-simple"},"acf":[],"yoast_head":"<!-- This site is optimized with the Yoast SEO Premium plugin v25.6 (Yoast SEO v27.1.1) - https:\/\/yoast.com\/product\/yoast-seo-premium-wordpress\/ -->\n<title>Timetics Pro - AllWin Theme \u2013 Free WordPress Themes Download<\/title>\n<meta name=\"description\" content=\"Automate appointments with Timetics Pro. Manage bookings, staff schedules, payments, and AI-powered features for seamless WordPress scheduling.\" \/>\n<meta name=\"robots\" content=\"index, follow, max-snippet:-1, max-image-preview:large, max-video-preview:-1\" \/>\n<link rel=\"canonical\" href=\"https:\/\/allwintheme.com\/es\/producto\/timetics-pro\/\" \/>\n<meta property=\"og:locale\" content=\"es_ES\" \/>\n<meta property=\"og:type\" content=\"article\" \/>\n<meta property=\"og:title\" content=\"Timetics Pro\" \/>\n<meta property=\"og:description\" content=\"Automate appointments with Timetics Pro. Manage bookings, staff schedules, payments, and AI-powered features for seamless WordPress scheduling.\" \/>\n<meta property=\"og:url\" content=\"https:\/\/allwintheme.com\/es\/producto\/timetics-pro\/\" \/>\n<meta property=\"og:site_name\" content=\"AllWin Theme \u2013 Free WordPress Themes Download\" \/>\n<meta property=\"article:modified_time\" content=\"2025-10-06T02:52:01+00:00\" \/>\n<meta property=\"og:image\" content=\"https:\/\/allwintheme.com\/wp-content\/uploads\/2025\/10\/bw345xeq.png\" \/>\n\t<meta property=\"og:image:width\" content=\"768\" \/>\n\t<meta property=\"og:image:height\" content=\"489\" \/>\n\t<meta property=\"og:image:type\" content=\"image\/png\" \/>\n<meta name=\"twitter:card\" content=\"summary_large_image\" \/>\n<meta name=\"twitter:label1\" content=\"Tiempo estimado de lectura\" \/>\n\t<meta name=\"twitter:data1\" content=\"2 minutos\" \/>\n<script type=\"application\/ld+json\" class=\"yoast-schema-graph\">{\"@context\":\"https:\/\/schema.org\",\"@graph\":[{\"@type\":\"WebPage\",\"@id\":\"https:\/\/allwintheme.com\/product\/timetics-pro\/\",\"url\":\"https:\/\/allwintheme.com\/product\/timetics-pro\/\",\"name\":\"Timetics Pro - AllWin Theme \u2013 Free WordPress Themes Download\",\"isPartOf\":{\"@id\":\"https:\/\/allwintheme.com\/#website\"},\"primaryImageOfPage\":{\"@id\":\"https:\/\/allwintheme.com\/product\/timetics-pro\/#primaryimage\"},\"image\":{\"@id\":\"https:\/\/allwintheme.com\/product\/timetics-pro\/#primaryimage\"},\"thumbnailUrl\":\"https:\/\/allwintheme.com\/wp-content\/uploads\/2025\/10\/bw345xeq.png\",\"datePublished\":\"2025-10-06T02:38:51+00:00\",\"dateModified\":\"2025-10-06T02:52:01+00:00\",\"description\":\"Automate appointments with Timetics Pro. Manage bookings, staff schedules, payments, and AI-powered features for seamless WordPress scheduling.\",\"breadcrumb\":{\"@id\":\"https:\/\/allwintheme.com\/product\/timetics-pro\/#breadcrumb\"},\"inLanguage\":\"es-CL\",\"potentialAction\":[{\"@type\":\"ReadAction\",\"target\":[\"https:\/\/allwintheme.com\/product\/timetics-pro\/\"]}]},{\"@type\":\"ImageObject\",\"inLanguage\":\"es-CL\",\"@id\":\"https:\/\/allwintheme.com\/product\/timetics-pro\/#primaryimage\",\"url\":\"https:\/\/allwintheme.com\/wp-content\/uploads\/2025\/10\/bw345xeq.png\",\"contentUrl\":\"https:\/\/allwintheme.com\/wp-content\/uploads\/2025\/10\/bw345xeq.png\",\"width\":768,\"height\":489,\"caption\":\"Timetics Pro\"},{\"@type\":\"BreadcrumbList\",\"@id\":\"https:\/\/allwintheme.com\/product\/timetics-pro\/#breadcrumb\",\"itemListElement\":[{\"@type\":\"ListItem\",\"position\":1,\"name\":\"Home\",\"item\":\"https:\/\/allwintheme.com\/\"},{\"@type\":\"ListItem\",\"position\":2,\"name\":\"Shop\",\"item\":\"https:\/\/allwintheme.com\/shop\/\"},{\"@type\":\"ListItem\",\"position\":3,\"name\":\"Timetics Pro\"}]},{\"@type\":\"WebSite\",\"@id\":\"https:\/\/allwintheme.com\/#website\",\"url\":\"https:\/\/allwintheme.com\/\",\"name\":\"Allwintheme\",\"description\":\"Download free WordPress themes for every niche. Blogs, business, eCommerce, portfolio, restaurant and more. All themes are GPL licensed and mobile-ready.\",\"potentialAction\":[{\"@type\":\"SearchAction\",\"target\":{\"@type\":\"EntryPoint\",\"urlTemplate\":\"https:\/\/allwintheme.com\/?s={search_term_string}\"},\"query-input\":{\"@type\":\"PropertyValueSpecification\",\"valueRequired\":true,\"valueName\":\"search_term_string\"}}],\"inLanguage\":\"es-CL\"}]}<\/script>\n<!-- \/ Yoast SEO Premium plugin. -->","yoast_head_json":{"title":"Timetics Pro - AllWin Theme \u2013 Free WordPress Themes Download","description":"Automatice las citas con Timetics Pro. Gestiona las reservas, los horarios del personal, los pagos y las funciones basadas en IA para programar citas en WordPress sin problemas.","robots":{"index":"index","follow":"follow","max-snippet":"max-snippet:-1","max-image-preview":"max-image-preview:large","max-video-preview":"max-video-preview:-1"},"canonical":"https:\/\/allwintheme.com\/es\/producto\/timetics-pro\/","og_locale":"es_ES","og_type":"article","og_title":"Timetics Pro","og_description":"Automate appointments with Timetics Pro. Manage bookings, staff schedules, payments, and AI-powered features for seamless WordPress scheduling.","og_url":"https:\/\/allwintheme.com\/es\/producto\/timetics-pro\/","og_site_name":"AllWin Theme \u2013 Free WordPress Themes Download","article_modified_time":"2025-10-06T02:52:01+00:00","og_image":[{"width":768,"height":489,"url":"https:\/\/allwintheme.com\/wp-content\/uploads\/2025\/10\/bw345xeq.png","type":"image\/png"}],"twitter_card":"summary_large_image","twitter_misc":{"Tiempo estimado de lectura":"2 minutos"},"schema":{"@context":"https:\/\/schema.org","@graph":[{"@type":"WebPage","@id":"https:\/\/allwintheme.com\/product\/timetics-pro\/","url":"https:\/\/allwintheme.com\/product\/timetics-pro\/","name":"Timetics Pro - AllWin Theme \u2013 Free WordPress Themes Download","isPartOf":{"@id":"https:\/\/allwintheme.com\/#website"},"primaryImageOfPage":{"@id":"https:\/\/allwintheme.com\/product\/timetics-pro\/#primaryimage"},"image":{"@id":"https:\/\/allwintheme.com\/product\/timetics-pro\/#primaryimage"},"thumbnailUrl":"https:\/\/allwintheme.com\/wp-content\/uploads\/2025\/10\/bw345xeq.png","datePublished":"2025-10-06T02:38:51+00:00","dateModified":"2025-10-06T02:52:01+00:00","description":"Automatice las citas con Timetics Pro. Gestiona las reservas, los horarios del personal, los pagos y las funciones basadas en IA para programar citas en WordPress sin problemas.","breadcrumb":{"@id":"https:\/\/allwintheme.com\/product\/timetics-pro\/#breadcrumb"},"inLanguage":"es-CL","potentialAction":[{"@type":"ReadAction","target":["https:\/\/allwintheme.com\/product\/timetics-pro\/"]}]},{"@type":"ImageObject","inLanguage":"es-CL","@id":"https:\/\/allwintheme.com\/product\/timetics-pro\/#primaryimage","url":"https:\/\/allwintheme.com\/wp-content\/uploads\/2025\/10\/bw345xeq.png","contentUrl":"https:\/\/allwintheme.com\/wp-content\/uploads\/2025\/10\/bw345xeq.png","width":768,"height":489,"caption":"Timetics Pro"},{"@type":"BreadcrumbList","@id":"https:\/\/allwintheme.com\/product\/timetics-pro\/#breadcrumb","itemListElement":[{"@type":"ListItem","position":1,"name":"Home","item":"https:\/\/allwintheme.com\/"},{"@type":"ListItem","position":2,"name":"Shop","item":"https:\/\/allwintheme.com\/shop\/"},{"@type":"ListItem","position":3,"name":"Timetics Pro"}]},{"@type":"WebSite","@id":"https:\/\/allwintheme.com\/#website","url":"https:\/\/allwintheme.com\/","name":"Allwintheme","description":"Descarga gratis temas de WordPress para todos los nichos. Blogs, negocios, comercio electr\u00f3nico, portafolio, restaurante y m\u00e1s. Todos los temas tienen licencia GPL y est\u00e1n preparados para dispositivos m\u00f3viles.","potentialAction":[{"@type":"SearchAction","target":{"@type":"EntryPoint","urlTemplate":"https:\/\/allwintheme.com\/?s={search_term_string}"},"query-input":{"@type":"PropertyValueSpecification","valueRequired":true,"valueName":"search_term_string"}}],"inLanguage":"es-CL"}]}},"_links":{"self":[{"href":"https:\/\/allwintheme.com\/es\/wp-json\/wp\/v2\/product\/9374","targetHints":{"allow":["GET"]}}],"collection":[{"href":"https:\/\/allwintheme.com\/es\/wp-json\/wp\/v2\/product"}],"about":[{"href":"https:\/\/allwintheme.com\/es\/wp-json\/wp\/v2\/types\/product"}],"replies":[{"embeddable":true,"href":"https:\/\/allwintheme.com\/es\/wp-json\/wp\/v2\/comments?post=9374"}],"version-history":[{"count":13,"href":"https:\/\/allwintheme.com\/es\/wp-json\/wp\/v2\/product\/9374\/revisions"}],"predecessor-version":[{"id":9390,"href":"https:\/\/allwintheme.com\/es\/wp-json\/wp\/v2\/product\/9374\/revisions\/9390"}],"wp:featuredmedia":[{"embeddable":true,"href":"https:\/\/allwintheme.com\/es\/wp-json\/wp\/v2\/media\/9384"}],"wp:attachment":[{"href":"https:\/\/allwintheme.com\/es\/wp-json\/wp\/v2\/media?parent=9374"}],"wp:term":[{"taxonomy":"product_brand","embeddable":true,"href":"https:\/\/allwintheme.com\/es\/wp-json\/wp\/v2\/product_brand?post=9374"},{"taxonomy":"product_cat","embeddable":true,"href":"https:\/\/allwintheme.com\/es\/wp-json\/wp\/v2\/product_cat?post=9374"},{"taxonomy":"product_tag","embeddable":true,"href":"https:\/\/allwintheme.com\/es\/wp-json\/wp\/v2\/product_tag?post=9374"}],"curies":[{"name":"wp","href":"https:\/\/api.w.org\/{rel}","templated":true}]}}