{"id":9413,"date":"2025-10-06T03:12:05","date_gmt":"2025-10-06T03:12:05","guid":{"rendered":"https:\/\/allwintheme.com\/?post_type=product&#038;p=9413"},"modified":"2025-10-06T03:23:18","modified_gmt":"2025-10-06T03:23:18","slug":"activador-themerex","status":"publish","type":"product","link":"https:\/\/allwintheme.com\/es\/producto\/activador-themerex\/","title":{"rendered":"Activador ThemeREX"},"content":{"rendered":"<div data-elementor-type=\"wp-post\" data-elementor-id=\"9413\" class=\"elementor elementor-9413\" data-elementor-settings=\"{&quot;element_pack_global_tooltip_width&quot;:{&quot;unit&quot;:&quot;px&quot;,&quot;size&quot;:&quot;&quot;,&quot;sizes&quot;:[]},&quot;element_pack_global_tooltip_width_tablet&quot;:{&quot;unit&quot;:&quot;px&quot;,&quot;size&quot;:&quot;&quot;,&quot;sizes&quot;:[]},&quot;element_pack_global_tooltip_width_mobile&quot;:{&quot;unit&quot;:&quot;px&quot;,&quot;size&quot;:&quot;&quot;,&quot;sizes&quot;:[]},&quot;element_pack_global_tooltip_padding&quot;:{&quot;unit&quot;:&quot;px&quot;,&quot;top&quot;:&quot;&quot;,&quot;right&quot;:&quot;&quot;,&quot;bottom&quot;:&quot;&quot;,&quot;left&quot;:&quot;&quot;,&quot;isLinked&quot;:true},&quot;element_pack_global_tooltip_padding_tablet&quot;:{&quot;unit&quot;:&quot;px&quot;,&quot;top&quot;:&quot;&quot;,&quot;right&quot;:&quot;&quot;,&quot;bottom&quot;:&quot;&quot;,&quot;left&quot;:&quot;&quot;,&quot;isLinked&quot;:true},&quot;element_pack_global_tooltip_padding_mobile&quot;:{&quot;unit&quot;:&quot;px&quot;,&quot;top&quot;:&quot;&quot;,&quot;right&quot;:&quot;&quot;,&quot;bottom&quot;:&quot;&quot;,&quot;left&quot;:&quot;&quot;,&quot;isLinked&quot;:true},&quot;element_pack_global_tooltip_border_radius&quot;:{&quot;unit&quot;:&quot;px&quot;,&quot;top&quot;:&quot;&quot;,&quot;right&quot;:&quot;&quot;,&quot;bottom&quot;:&quot;&quot;,&quot;left&quot;:&quot;&quot;,&quot;isLinked&quot;:true},&quot;element_pack_global_tooltip_border_radius_tablet&quot;:{&quot;unit&quot;:&quot;px&quot;,&quot;top&quot;:&quot;&quot;,&quot;right&quot;:&quot;&quot;,&quot;bottom&quot;:&quot;&quot;,&quot;left&quot;:&quot;&quot;,&quot;isLinked&quot;:true},&quot;element_pack_global_tooltip_border_radius_mobile&quot;:{&quot;unit&quot;:&quot;px&quot;,&quot;top&quot;:&quot;&quot;,&quot;right&quot;:&quot;&quot;,&quot;bottom&quot;:&quot;&quot;,&quot;left&quot;:&quot;&quot;,&quot;isLinked&quot;:true}}\" data-elementor-post-type=\"product\">\n\t\t\t\t<div class=\"elementor-element elementor-element-93aa4a8 e-con-full e-flex e-con e-parent\" data-id=\"93aa4a8\" data-element_type=\"container\" data-e-type=\"container\">\n\t\t\t\t<div class=\"elementor-element elementor-element-2c3f760 miaoshu elementor-widget elementor-widget-wd_text_block\" data-id=\"2c3f760\" data-element_type=\"widget\" data-e-type=\"widget\" data-widget_type=\"wd_text_block.default\">\n\t\t\t\t<div class=\"elementor-widget-container\">\n\t\t\t\t\t\t\t<div class=\"wd-text-block reset-last-child text-left\">\n\t\t\t\n\t\t\t<h2>Activador ThemeREX: Simplifique la activaci\u00f3n y configuraci\u00f3n de temas<\/h2>\n<p><strong>Activador ThemeREX<\/strong> le permite activar temas de ThemeREX, AncoraThemes, AxiomThemes y otros que dependen del plugin ThemeREX Addons sin esfuerzo.<grok-card data-id=\"5ffb24\" data-type=\"citation_card\"><\/grok-card> Por ejemplo, los desarrolladores y propietarios de sitios habilitan r\u00e1pidamente la funcionalidad completa sin pasos complejos. En consecuencia, se obtiene acceso a funciones premium y flujos de trabajo optimizados de inmediato.<grok-card data-id=\"96d07e\" data-type=\"citation_card\"><\/grok-card><\/p>\n\n<h3>Proceso de activaci\u00f3n sin esfuerzo<\/h3>\n<p>Con ThemeREX Activator, usted instala y ejecuta el plugin para gestionar las activaciones autom\u00e1ticamente. Adem\u00e1s, se conecta directamente al servidor del desarrollador para descargar contenido de demostraci\u00f3n. Como resultado, podr\u00e1 crear sitios m\u00e1s r\u00e1pidamente con dise\u00f1os y elementos predise\u00f1ados y adaptados a sus necesidades.<grok-card data-id=\"b5847c\" data-type=\"citation_card\"><\/grok-card><\/p>\n\n<h3>Principales caracter\u00edsticas y ventajas<\/h3>\n<ul>\n    <li><strong>Compatible con varios temas:<\/strong> Activa todos los temas compatibles basados en ThemeREX de una sola vez, ahorrando tiempo en m\u00faltiples configuraciones.<\/li>\n    <li><strong>Descargas directas de demostraciones:<\/strong> Extrae el contenido directamente de los servidores para una importaci\u00f3n y personalizaci\u00f3n r\u00e1pidas.<\/li>\n    <li><strong>Rendimiento optimizado:<\/strong> Utiliza la gesti\u00f3n avanzada de peticiones y el almacenamiento en cach\u00e9 para entregar los contenidos r\u00e1pidamente y sin retrasos.<grok-card data-id=\"016300\" data-type=\"citation_card\"><\/grok-card><\/li>\n    <li><strong>Integraci\u00f3n perfecta:<\/strong> Trabaja mano a mano con ThemeREX Addons para mejorar las capacidades de creaci\u00f3n de sitios.<\/li>\n<\/ul>\n\n<h3>Impulse su flujo de trabajo en WordPress<\/h3>\n<p>ThemeREX Activator elimina los obst\u00e1culos de activaci\u00f3n para los desarrolladores profesionales. Por ejemplo, si gestiona varios sitios o temas, este plugin garantiza un rendimiento uniforme y actualizaciones sencillas. Por lo tanto, usted se centra en el dise\u00f1o y el contenido en lugar de la configuraci\u00f3n t\u00e9cnica.<grok-card data-id=\"79bcfb\" data-type=\"citation_card\"><\/grok-card><\/p>\n\n<h3>Comience a activarse hoy mismo<\/h3>\n<p>Actualice su gesti\u00f3n tem\u00e1tica con <strong>Activador ThemeREX<\/strong>. Al simplificar las activaciones y la entrega de contenidos, podr\u00e1 crear sitios asombrosos de forma eficaz. Inst\u00e1lelo ahora y disfrute de un desarrollo de WordPress m\u00e1s fluido.<\/p>\n\t\t\t\t\t<\/div>\n\t\t\t\t\t\t<\/div>\n\t\t\t\t<\/div>\n\t\t\t\t<\/div>\n\t\t\t\t<\/div>","protected":false},"excerpt":{"rendered":"<p>ThemeREX Activator: Simplify Theme Activation and Setup ThemeREX Activator empowers you to activate themes from ThemeREX, AncoraThemes, AxiomThemes, and others<\/p>","protected":false},"featured_media":9414,"comment_status":"open","ping_status":"closed","template":"","meta":{"_acf_changed":false},"product_brand":[],"product_cat":[49],"product_tag":[],"class_list":{"0":"post-9413","1":"product","2":"type-product","3":"status-publish","4":"has-post-thumbnail","6":"product_cat-plugins","8":"first","9":"instock","10":"sale","11":"downloadable","12":"shipping-taxable","13":"purchasable","14":"product-type-simple"},"acf":[],"yoast_head":"<!-- This site is optimized with the Yoast SEO Premium plugin v25.6 (Yoast SEO v27.1.1) - https:\/\/yoast.com\/product\/yoast-seo-premium-wordpress\/ -->\n<title>ThemeREX Activator - AllWin Theme \u2013 Free WordPress Themes Download<\/title>\n<meta name=\"description\" content=\"Build powerful car dealership sites with Motors Pro. Manage listings, enable user submissions, and boost sales with advanced search and dealer tools.\" \/>\n<meta name=\"robots\" content=\"index, follow, max-snippet:-1, max-image-preview:large, max-video-preview:-1\" \/>\n<link rel=\"canonical\" href=\"https:\/\/allwintheme.com\/es\/producto\/activador-themerex\/\" \/>\n<meta property=\"og:locale\" content=\"es_ES\" \/>\n<meta property=\"og:type\" content=\"article\" \/>\n<meta property=\"og:title\" content=\"ThemeREX Activator\" \/>\n<meta property=\"og:description\" content=\"Build powerful car dealership sites with Motors Pro. Manage listings, enable user submissions, and boost sales with advanced search and dealer tools.\" \/>\n<meta property=\"og:url\" content=\"https:\/\/allwintheme.com\/es\/producto\/activador-themerex\/\" \/>\n<meta property=\"og:site_name\" content=\"AllWin Theme \u2013 Free WordPress Themes Download\" \/>\n<meta property=\"article:modified_time\" content=\"2025-10-06T03:23:18+00:00\" \/>\n<meta property=\"og:image\" content=\"https:\/\/allwintheme.com\/wp-content\/uploads\/2025\/10\/nvqcu203.png\" \/>\n\t<meta property=\"og:image:width\" content=\"768\" \/>\n\t<meta property=\"og:image:height\" content=\"384\" \/>\n\t<meta property=\"og:image:type\" content=\"image\/png\" \/>\n<meta name=\"twitter:card\" content=\"summary_large_image\" \/>\n<meta name=\"twitter:label1\" content=\"Tiempo estimado de lectura\" \/>\n\t<meta name=\"twitter:data1\" content=\"2 minutos\" \/>\n<script type=\"application\/ld+json\" class=\"yoast-schema-graph\">{\"@context\":\"https:\/\/schema.org\",\"@graph\":[{\"@type\":\"WebPage\",\"@id\":\"https:\/\/allwintheme.com\/product\/themerex-activator\/\",\"url\":\"https:\/\/allwintheme.com\/product\/themerex-activator\/\",\"name\":\"ThemeREX Activator - AllWin Theme \u2013 Free WordPress Themes Download\",\"isPartOf\":{\"@id\":\"https:\/\/allwintheme.com\/#website\"},\"primaryImageOfPage\":{\"@id\":\"https:\/\/allwintheme.com\/product\/themerex-activator\/#primaryimage\"},\"image\":{\"@id\":\"https:\/\/allwintheme.com\/product\/themerex-activator\/#primaryimage\"},\"thumbnailUrl\":\"https:\/\/allwintheme.com\/wp-content\/uploads\/2025\/10\/nvqcu203.png\",\"datePublished\":\"2025-10-06T03:12:05+00:00\",\"dateModified\":\"2025-10-06T03:23:18+00:00\",\"description\":\"Build powerful car dealership sites with Motors Pro. Manage listings, enable user submissions, and boost sales with advanced search and dealer tools.\",\"breadcrumb\":{\"@id\":\"https:\/\/allwintheme.com\/product\/themerex-activator\/#breadcrumb\"},\"inLanguage\":\"es-CL\",\"potentialAction\":[{\"@type\":\"ReadAction\",\"target\":[\"https:\/\/allwintheme.com\/product\/themerex-activator\/\"]}]},{\"@type\":\"ImageObject\",\"inLanguage\":\"es-CL\",\"@id\":\"https:\/\/allwintheme.com\/product\/themerex-activator\/#primaryimage\",\"url\":\"https:\/\/allwintheme.com\/wp-content\/uploads\/2025\/10\/nvqcu203.png\",\"contentUrl\":\"https:\/\/allwintheme.com\/wp-content\/uploads\/2025\/10\/nvqcu203.png\",\"width\":768,\"height\":384,\"caption\":\"ThemeREX Activator\"},{\"@type\":\"BreadcrumbList\",\"@id\":\"https:\/\/allwintheme.com\/product\/themerex-activator\/#breadcrumb\",\"itemListElement\":[{\"@type\":\"ListItem\",\"position\":1,\"name\":\"Home\",\"item\":\"https:\/\/allwintheme.com\/\"},{\"@type\":\"ListItem\",\"position\":2,\"name\":\"Shop\",\"item\":\"https:\/\/allwintheme.com\/shop\/\"},{\"@type\":\"ListItem\",\"position\":3,\"name\":\"ThemeREX Activator\"}]},{\"@type\":\"WebSite\",\"@id\":\"https:\/\/allwintheme.com\/#website\",\"url\":\"https:\/\/allwintheme.com\/\",\"name\":\"Allwintheme\",\"description\":\"Download free WordPress themes for every niche. Blogs, business, eCommerce, portfolio, restaurant and more. All themes are GPL licensed and mobile-ready.\",\"potentialAction\":[{\"@type\":\"SearchAction\",\"target\":{\"@type\":\"EntryPoint\",\"urlTemplate\":\"https:\/\/allwintheme.com\/?s={search_term_string}\"},\"query-input\":{\"@type\":\"PropertyValueSpecification\",\"valueRequired\":true,\"valueName\":\"search_term_string\"}}],\"inLanguage\":\"es-CL\"}]}<\/script>\n<!-- \/ Yoast SEO Premium plugin. -->","yoast_head_json":{"title":"ThemeREX Activator - AllWin Theme - Free WordPress Themes Download","description":"Cree potentes sitios web de concesionarios de coches con Motors Pro. Gestione los anuncios, permita que los usuarios env\u00eden informaci\u00f3n y aumente las ventas con herramientas avanzadas de b\u00fasqueda y concesionarios.","robots":{"index":"index","follow":"follow","max-snippet":"max-snippet:-1","max-image-preview":"max-image-preview:large","max-video-preview":"max-video-preview:-1"},"canonical":"https:\/\/allwintheme.com\/es\/producto\/activador-themerex\/","og_locale":"es_ES","og_type":"article","og_title":"ThemeREX Activator","og_description":"Build powerful car dealership sites with Motors Pro. Manage listings, enable user submissions, and boost sales with advanced search and dealer tools.","og_url":"https:\/\/allwintheme.com\/es\/producto\/activador-themerex\/","og_site_name":"AllWin Theme \u2013 Free WordPress Themes Download","article_modified_time":"2025-10-06T03:23:18+00:00","og_image":[{"width":768,"height":384,"url":"https:\/\/allwintheme.com\/wp-content\/uploads\/2025\/10\/nvqcu203.png","type":"image\/png"}],"twitter_card":"summary_large_image","twitter_misc":{"Tiempo estimado de lectura":"2 minutos"},"schema":{"@context":"https:\/\/schema.org","@graph":[{"@type":"WebPage","@id":"https:\/\/allwintheme.com\/product\/themerex-activator\/","url":"https:\/\/allwintheme.com\/product\/themerex-activator\/","name":"ThemeREX Activator - AllWin Theme - Free WordPress Themes Download","isPartOf":{"@id":"https:\/\/allwintheme.com\/#website"},"primaryImageOfPage":{"@id":"https:\/\/allwintheme.com\/product\/themerex-activator\/#primaryimage"},"image":{"@id":"https:\/\/allwintheme.com\/product\/themerex-activator\/#primaryimage"},"thumbnailUrl":"https:\/\/allwintheme.com\/wp-content\/uploads\/2025\/10\/nvqcu203.png","datePublished":"2025-10-06T03:12:05+00:00","dateModified":"2025-10-06T03:23:18+00:00","description":"Cree potentes sitios web de concesionarios de coches con Motors Pro. Gestione los anuncios, permita que los usuarios env\u00eden informaci\u00f3n y aumente las ventas con herramientas avanzadas de b\u00fasqueda y concesionarios.","breadcrumb":{"@id":"https:\/\/allwintheme.com\/product\/themerex-activator\/#breadcrumb"},"inLanguage":"es-CL","potentialAction":[{"@type":"ReadAction","target":["https:\/\/allwintheme.com\/product\/themerex-activator\/"]}]},{"@type":"ImageObject","inLanguage":"es-CL","@id":"https:\/\/allwintheme.com\/product\/themerex-activator\/#primaryimage","url":"https:\/\/allwintheme.com\/wp-content\/uploads\/2025\/10\/nvqcu203.png","contentUrl":"https:\/\/allwintheme.com\/wp-content\/uploads\/2025\/10\/nvqcu203.png","width":768,"height":384,"caption":"ThemeREX Activator"},{"@type":"BreadcrumbList","@id":"https:\/\/allwintheme.com\/product\/themerex-activator\/#breadcrumb","itemListElement":[{"@type":"ListItem","position":1,"name":"Home","item":"https:\/\/allwintheme.com\/"},{"@type":"ListItem","position":2,"name":"Shop","item":"https:\/\/allwintheme.com\/shop\/"},{"@type":"ListItem","position":3,"name":"ThemeREX Activator"}]},{"@type":"WebSite","@id":"https:\/\/allwintheme.com\/#website","url":"https:\/\/allwintheme.com\/","name":"Allwintheme","description":"Descarga gratis temas de WordPress para todos los nichos. Blogs, negocios, comercio electr\u00f3nico, portafolio, restaurante y m\u00e1s. Todos los temas tienen licencia GPL y est\u00e1n preparados para dispositivos m\u00f3viles.","potentialAction":[{"@type":"SearchAction","target":{"@type":"EntryPoint","urlTemplate":"https:\/\/allwintheme.com\/?s={search_term_string}"},"query-input":{"@type":"PropertyValueSpecification","valueRequired":true,"valueName":"search_term_string"}}],"inLanguage":"es-CL"}]}},"_links":{"self":[{"href":"https:\/\/allwintheme.com\/es\/wp-json\/wp\/v2\/product\/9413","targetHints":{"allow":["GET"]}}],"collection":[{"href":"https:\/\/allwintheme.com\/es\/wp-json\/wp\/v2\/product"}],"about":[{"href":"https:\/\/allwintheme.com\/es\/wp-json\/wp\/v2\/types\/product"}],"replies":[{"embeddable":true,"href":"https:\/\/allwintheme.com\/es\/wp-json\/wp\/v2\/comments?post=9413"}],"version-history":[{"count":5,"href":"https:\/\/allwintheme.com\/es\/wp-json\/wp\/v2\/product\/9413\/revisions"}],"predecessor-version":[{"id":9419,"href":"https:\/\/allwintheme.com\/es\/wp-json\/wp\/v2\/product\/9413\/revisions\/9419"}],"wp:featuredmedia":[{"embeddable":true,"href":"https:\/\/allwintheme.com\/es\/wp-json\/wp\/v2\/media\/9414"}],"wp:attachment":[{"href":"https:\/\/allwintheme.com\/es\/wp-json\/wp\/v2\/media?parent=9413"}],"wp:term":[{"taxonomy":"product_brand","embeddable":true,"href":"https:\/\/allwintheme.com\/es\/wp-json\/wp\/v2\/product_brand?post=9413"},{"taxonomy":"product_cat","embeddable":true,"href":"https:\/\/allwintheme.com\/es\/wp-json\/wp\/v2\/product_cat?post=9413"},{"taxonomy":"product_tag","embeddable":true,"href":"https:\/\/allwintheme.com\/es\/wp-json\/wp\/v2\/product_tag?post=9413"}],"curies":[{"name":"wp","href":"https:\/\/api.w.org\/{rel}","templated":true}]}}