{"id":9420,"date":"2025-10-06T03:24:30","date_gmt":"2025-10-06T03:24:30","guid":{"rendered":"https:\/\/allwintheme.com\/?post_type=product&#038;p=9420"},"modified":"2025-10-06T03:27:56","modified_gmt":"2025-10-06T03:27:56","slug":"procesamiento-de-tarjetas-de-credito-offline-para-woocommerce","status":"publish","type":"product","link":"https:\/\/allwintheme.com\/es\/producto\/procesamiento-de-tarjetas-de-credito-offline-para-woocommerce\/","title":{"rendered":"Procesamiento de tarjetas de cr\u00e9dito sin conexi\u00f3n para WooCommerce"},"content":{"rendered":"<div data-elementor-type=\"wp-post\" data-elementor-id=\"9420\" class=\"elementor elementor-9420\" data-elementor-settings=\"{&quot;element_pack_global_tooltip_width&quot;:{&quot;unit&quot;:&quot;px&quot;,&quot;size&quot;:&quot;&quot;,&quot;sizes&quot;:[]},&quot;element_pack_global_tooltip_width_tablet&quot;:{&quot;unit&quot;:&quot;px&quot;,&quot;size&quot;:&quot;&quot;,&quot;sizes&quot;:[]},&quot;element_pack_global_tooltip_width_mobile&quot;:{&quot;unit&quot;:&quot;px&quot;,&quot;size&quot;:&quot;&quot;,&quot;sizes&quot;:[]},&quot;element_pack_global_tooltip_padding&quot;:{&quot;unit&quot;:&quot;px&quot;,&quot;top&quot;:&quot;&quot;,&quot;right&quot;:&quot;&quot;,&quot;bottom&quot;:&quot;&quot;,&quot;left&quot;:&quot;&quot;,&quot;isLinked&quot;:true},&quot;element_pack_global_tooltip_padding_tablet&quot;:{&quot;unit&quot;:&quot;px&quot;,&quot;top&quot;:&quot;&quot;,&quot;right&quot;:&quot;&quot;,&quot;bottom&quot;:&quot;&quot;,&quot;left&quot;:&quot;&quot;,&quot;isLinked&quot;:true},&quot;element_pack_global_tooltip_padding_mobile&quot;:{&quot;unit&quot;:&quot;px&quot;,&quot;top&quot;:&quot;&quot;,&quot;right&quot;:&quot;&quot;,&quot;bottom&quot;:&quot;&quot;,&quot;left&quot;:&quot;&quot;,&quot;isLinked&quot;:true},&quot;element_pack_global_tooltip_border_radius&quot;:{&quot;unit&quot;:&quot;px&quot;,&quot;top&quot;:&quot;&quot;,&quot;right&quot;:&quot;&quot;,&quot;bottom&quot;:&quot;&quot;,&quot;left&quot;:&quot;&quot;,&quot;isLinked&quot;:true},&quot;element_pack_global_tooltip_border_radius_tablet&quot;:{&quot;unit&quot;:&quot;px&quot;,&quot;top&quot;:&quot;&quot;,&quot;right&quot;:&quot;&quot;,&quot;bottom&quot;:&quot;&quot;,&quot;left&quot;:&quot;&quot;,&quot;isLinked&quot;:true},&quot;element_pack_global_tooltip_border_radius_mobile&quot;:{&quot;unit&quot;:&quot;px&quot;,&quot;top&quot;:&quot;&quot;,&quot;right&quot;:&quot;&quot;,&quot;bottom&quot;:&quot;&quot;,&quot;left&quot;:&quot;&quot;,&quot;isLinked&quot;:true}}\" data-elementor-post-type=\"product\">\n\t\t\t\t<div class=\"elementor-element elementor-element-93aa4a8 e-con-full e-flex e-con e-parent\" data-id=\"93aa4a8\" data-element_type=\"container\" data-e-type=\"container\">\n\t\t\t\t<div class=\"elementor-element elementor-element-2c3f760 miaoshu elementor-widget elementor-widget-wd_text_block\" data-id=\"2c3f760\" data-element_type=\"widget\" data-e-type=\"widget\" data-widget_type=\"wd_text_block.default\">\n\t\t\t\t<div class=\"elementor-widget-container\">\n\t\t\t\t\t\t\t<div class=\"wd-text-block reset-last-child text-left\">\n\t\t\t\n\t\t\t<h2>Procesamiento de tarjetas de cr\u00e9dito sin conexi\u00f3n para WooCommerce: Pagos manuales seguros<\/h2>\n<p>En <strong>Procesamiento de tarjetas de cr\u00e9dito sin conexi\u00f3n para WooCommerce<\/strong> permite a los clientes introducir los datos de su tarjeta de cr\u00e9dito directamente en su sitio protegido por SSL durante el proceso de pago.<grok-card data-id=\"eefc51\" data-type=\"citation_card\"><\/grok-card> Por ejemplo, los comerciantes pueden procesar estos datos manualmente mediante un terminal de pago, lo que ofrece flexibilidad para situaciones como pedidos telef\u00f3nicos o entornos de baja conectividad.<grok-card data-id=\"740044\" data-type=\"citation_card\"><\/grok-card> En consecuencia, este enfoque mantiene su tienda operativa sin depender de pasarelas en tiempo real.<\/p>\n\n<h3>Configuraci\u00f3n y seguridad sin esfuerzo<\/h3>\n<p>Los propietarios de sitios web activan el plugin a trav\u00e9s de la configuraci\u00f3n de WooCommerce, asegur\u00e1ndose de que activan \"Forzar pago seguro\" para el cumplimiento de SSL.<grok-card data-id=\"cbc200\" data-type=\"citation_card\"><\/grok-card> Adem\u00e1s, el sistema divide los n\u00fameros de tarjeta, almacenando s\u00f3lo los cuatro primeros y \u00faltimos d\u00edgitos en la base de datos y enviando por correo electr\u00f3nico los d\u00edgitos centrales a las direcciones especificadas.<grok-card data-id=\"340af1\" data-type=\"citation_card\"><\/grok-card> De este modo, se evita almacenar todos los datos de la tarjeta en un solo lugar, lo que aumenta la seguridad durante la manipulaci\u00f3n fuera de l\u00ednea.<grok-card data-id=\"93482a\" data-type=\"citation_card\"><\/grok-card><\/p>\n\n<h3>Principales caracter\u00edsticas y ventajas<\/h3>\n<ul>\n    <li><strong>Tratamiento seguro de datos:<\/strong> Los clientes introducen los datos en su sitio web, pero usted los procesa fuera de l\u00ednea, con opciones para eliminar los datos despu\u00e9s de la transacci\u00f3n.<\/li>\n    <li><strong>Compatibilidad con el modo de prueba:<\/strong> Los comerciantes prueban con tarjetas de muestra como 4111111111111111 antes de salir al mercado.<grok-card data-id=\"fb6f4d\" data-type=\"citation_card\"><\/grok-card><\/li>\n    <li><strong>Opciones personalizables:<\/strong> Habilite las solicitudes con el nombre del titular de la tarjeta o int\u00e9grelas con los correos electr\u00f3nicos de los pedidos para agilizar los flujos de trabajo.<\/li>\n    <li><strong>Casos de uso vers\u00e1tiles:<\/strong> Perfecto para ventas B2B, recogidas en la acera o zonas con Internet inestable.<grok-card data-id=\"8a852d\" data-type=\"citation_card\"><\/grok-card><\/li>\n<\/ul>\n\n<h3>Agilice su flujo de pagos<\/h3>\n<p>Este plugin simplifica el procesamiento manual de tarjetas de cr\u00e9dito para tiendas WooCommerce. Por ejemplo, despu\u00e9s de que los clientes completen el pago, los pedidos permanecen pendientes hasta que verifique los pagos, lo que permite un control total.<grok-card data-id=\"c4fcc4\" data-type=\"citation_card\"><\/grok-card> Por lo tanto, las empresas mantienen la comodidad del cliente al tiempo que dan prioridad a las transacciones seguras y fuera de l\u00ednea que se adaptan a sus operaciones.<\/p>\n\n<h3>Mejora tu tienda WooCommerce hoy mismo<\/h3>\n<p>Implementar <strong>Procesamiento de tarjetas de cr\u00e9dito sin conexi\u00f3n para WooCommerce<\/strong> para ofrecer opciones de pago fiables sin dependencias de Internet. Al proteger los datos de las tarjetas y permitir el procesamiento manual, se genera confianza y eficacia. Empiece a utilizarlo ahora para optimizar la configuraci\u00f3n de su comercio electr\u00f3nico.<\/p>\n\t\t\t\t\t<\/div>\n\t\t\t\t\t\t<\/div>\n\t\t\t\t<\/div>\n\t\t\t\t<\/div>\n\t\t\t\t<\/div>","protected":false},"excerpt":{"rendered":"<p>Offline Credit Card Processing for WooCommerce: Secure Manual Payments The Offline Credit Card Processing for WooCommerce plugin enables customers to<\/p>","protected":false},"featured_media":9421,"comment_status":"open","ping_status":"closed","template":"","meta":{"_acf_changed":false},"product_brand":[],"product_cat":[49],"product_tag":[],"class_list":{"0":"post-9420","1":"product","2":"type-product","3":"status-publish","4":"has-post-thumbnail","6":"product_cat-plugins","8":"first","9":"instock","10":"sale","11":"downloadable","12":"shipping-taxable","13":"purchasable","14":"product-type-simple"},"acf":[],"yoast_head":"<!-- This site is optimized with the Yoast SEO Premium plugin v25.6 (Yoast SEO v27.1.1) - https:\/\/yoast.com\/product\/yoast-seo-premium-wordpress\/ -->\n<title>Offline Credit Card Processing for WooCommerce - AllWin Theme \u2013 Free WordPress Themes Download<\/title>\n<meta name=\"description\" content=\"Build powerful car dealership sites with Motors Pro. Manage listings, enable user submissions, and boost sales with advanced search and dealer tools.\" \/>\n<meta name=\"robots\" content=\"index, follow, max-snippet:-1, max-image-preview:large, max-video-preview:-1\" \/>\n<link rel=\"canonical\" href=\"https:\/\/allwintheme.com\/es\/producto\/procesamiento-de-tarjetas-de-credito-offline-para-woocommerce\/\" \/>\n<meta property=\"og:locale\" content=\"es_ES\" \/>\n<meta property=\"og:type\" content=\"article\" \/>\n<meta property=\"og:title\" content=\"Offline Credit Card Processing for WooCommerce\" \/>\n<meta property=\"og:description\" content=\"Build powerful car dealership sites with Motors Pro. Manage listings, enable user submissions, and boost sales with advanced search and dealer tools.\" \/>\n<meta property=\"og:url\" content=\"https:\/\/allwintheme.com\/es\/producto\/procesamiento-de-tarjetas-de-credito-offline-para-woocommerce\/\" \/>\n<meta property=\"og:site_name\" content=\"AllWin Theme \u2013 Free WordPress Themes Download\" \/>\n<meta property=\"article:modified_time\" content=\"2025-10-06T03:27:56+00:00\" \/>\n<meta property=\"og:image\" content=\"https:\/\/allwintheme.com\/wp-content\/uploads\/2025\/10\/muti45gb.png\" \/>\n\t<meta property=\"og:image:width\" content=\"480\" \/>\n\t<meta property=\"og:image:height\" content=\"222\" \/>\n\t<meta property=\"og:image:type\" content=\"image\/png\" \/>\n<meta name=\"twitter:card\" content=\"summary_large_image\" \/>\n<meta name=\"twitter:label1\" content=\"Tiempo estimado de lectura\" \/>\n\t<meta name=\"twitter:data1\" content=\"2 minutos\" \/>\n<script type=\"application\/ld+json\" class=\"yoast-schema-graph\">{\"@context\":\"https:\/\/schema.org\",\"@graph\":[{\"@type\":\"WebPage\",\"@id\":\"https:\/\/allwintheme.com\/product\/offline-credit-card-processing-for-woocommerce\/\",\"url\":\"https:\/\/allwintheme.com\/product\/offline-credit-card-processing-for-woocommerce\/\",\"name\":\"Offline Credit Card Processing for WooCommerce - AllWin Theme \u2013 Free WordPress Themes Download\",\"isPartOf\":{\"@id\":\"https:\/\/allwintheme.com\/#website\"},\"primaryImageOfPage\":{\"@id\":\"https:\/\/allwintheme.com\/product\/offline-credit-card-processing-for-woocommerce\/#primaryimage\"},\"image\":{\"@id\":\"https:\/\/allwintheme.com\/product\/offline-credit-card-processing-for-woocommerce\/#primaryimage\"},\"thumbnailUrl\":\"https:\/\/allwintheme.com\/wp-content\/uploads\/2025\/10\/muti45gb.png\",\"datePublished\":\"2025-10-06T03:24:30+00:00\",\"dateModified\":\"2025-10-06T03:27:56+00:00\",\"description\":\"Build powerful car dealership sites with Motors Pro. Manage listings, enable user submissions, and boost sales with advanced search and dealer tools.\",\"breadcrumb\":{\"@id\":\"https:\/\/allwintheme.com\/product\/offline-credit-card-processing-for-woocommerce\/#breadcrumb\"},\"inLanguage\":\"es-CL\",\"potentialAction\":[{\"@type\":\"ReadAction\",\"target\":[\"https:\/\/allwintheme.com\/product\/offline-credit-card-processing-for-woocommerce\/\"]}]},{\"@type\":\"ImageObject\",\"inLanguage\":\"es-CL\",\"@id\":\"https:\/\/allwintheme.com\/product\/offline-credit-card-processing-for-woocommerce\/#primaryimage\",\"url\":\"https:\/\/allwintheme.com\/wp-content\/uploads\/2025\/10\/muti45gb.png\",\"contentUrl\":\"https:\/\/allwintheme.com\/wp-content\/uploads\/2025\/10\/muti45gb.png\",\"width\":480,\"height\":222,\"caption\":\"Offline Credit Card Processing for WooCommerce\"},{\"@type\":\"BreadcrumbList\",\"@id\":\"https:\/\/allwintheme.com\/product\/offline-credit-card-processing-for-woocommerce\/#breadcrumb\",\"itemListElement\":[{\"@type\":\"ListItem\",\"position\":1,\"name\":\"Home\",\"item\":\"https:\/\/allwintheme.com\/\"},{\"@type\":\"ListItem\",\"position\":2,\"name\":\"Shop\",\"item\":\"https:\/\/allwintheme.com\/shop\/\"},{\"@type\":\"ListItem\",\"position\":3,\"name\":\"Offline Credit Card Processing for WooCommerce\"}]},{\"@type\":\"WebSite\",\"@id\":\"https:\/\/allwintheme.com\/#website\",\"url\":\"https:\/\/allwintheme.com\/\",\"name\":\"Allwintheme\",\"description\":\"Download free WordPress themes for every niche. Blogs, business, eCommerce, portfolio, restaurant and more. All themes are GPL licensed and mobile-ready.\",\"potentialAction\":[{\"@type\":\"SearchAction\",\"target\":{\"@type\":\"EntryPoint\",\"urlTemplate\":\"https:\/\/allwintheme.com\/?s={search_term_string}\"},\"query-input\":{\"@type\":\"PropertyValueSpecification\",\"valueRequired\":true,\"valueName\":\"search_term_string\"}}],\"inLanguage\":\"es-CL\"}]}<\/script>\n<!-- \/ Yoast SEO Premium plugin. -->","yoast_head_json":{"title":"Procesamiento de tarjetas de cr\u00e9dito fuera de l\u00ednea para WooCommerce - AllWin Theme - Free WordPress Themes Download","description":"Cree potentes sitios web de concesionarios de coches con Motors Pro. Gestione los anuncios, permita que los usuarios env\u00eden informaci\u00f3n y aumente las ventas con herramientas avanzadas de b\u00fasqueda y concesionarios.","robots":{"index":"index","follow":"follow","max-snippet":"max-snippet:-1","max-image-preview":"max-image-preview:large","max-video-preview":"max-video-preview:-1"},"canonical":"https:\/\/allwintheme.com\/es\/producto\/procesamiento-de-tarjetas-de-credito-offline-para-woocommerce\/","og_locale":"es_ES","og_type":"article","og_title":"Offline Credit Card Processing for WooCommerce","og_description":"Build powerful car dealership sites with Motors Pro. Manage listings, enable user submissions, and boost sales with advanced search and dealer tools.","og_url":"https:\/\/allwintheme.com\/es\/producto\/procesamiento-de-tarjetas-de-credito-offline-para-woocommerce\/","og_site_name":"AllWin Theme \u2013 Free WordPress Themes Download","article_modified_time":"2025-10-06T03:27:56+00:00","og_image":[{"width":480,"height":222,"url":"https:\/\/allwintheme.com\/wp-content\/uploads\/2025\/10\/muti45gb.png","type":"image\/png"}],"twitter_card":"summary_large_image","twitter_misc":{"Tiempo estimado de lectura":"2 minutos"},"schema":{"@context":"https:\/\/schema.org","@graph":[{"@type":"WebPage","@id":"https:\/\/allwintheme.com\/product\/offline-credit-card-processing-for-woocommerce\/","url":"https:\/\/allwintheme.com\/product\/offline-credit-card-processing-for-woocommerce\/","name":"Procesamiento de tarjetas de cr\u00e9dito fuera de l\u00ednea para WooCommerce - AllWin Theme - Free WordPress Themes Download","isPartOf":{"@id":"https:\/\/allwintheme.com\/#website"},"primaryImageOfPage":{"@id":"https:\/\/allwintheme.com\/product\/offline-credit-card-processing-for-woocommerce\/#primaryimage"},"image":{"@id":"https:\/\/allwintheme.com\/product\/offline-credit-card-processing-for-woocommerce\/#primaryimage"},"thumbnailUrl":"https:\/\/allwintheme.com\/wp-content\/uploads\/2025\/10\/muti45gb.png","datePublished":"2025-10-06T03:24:30+00:00","dateModified":"2025-10-06T03:27:56+00:00","description":"Cree potentes sitios web de concesionarios de coches con Motors Pro. Gestione los anuncios, permita que los usuarios env\u00eden informaci\u00f3n y aumente las ventas con herramientas avanzadas de b\u00fasqueda y concesionarios.","breadcrumb":{"@id":"https:\/\/allwintheme.com\/product\/offline-credit-card-processing-for-woocommerce\/#breadcrumb"},"inLanguage":"es-CL","potentialAction":[{"@type":"ReadAction","target":["https:\/\/allwintheme.com\/product\/offline-credit-card-processing-for-woocommerce\/"]}]},{"@type":"ImageObject","inLanguage":"es-CL","@id":"https:\/\/allwintheme.com\/product\/offline-credit-card-processing-for-woocommerce\/#primaryimage","url":"https:\/\/allwintheme.com\/wp-content\/uploads\/2025\/10\/muti45gb.png","contentUrl":"https:\/\/allwintheme.com\/wp-content\/uploads\/2025\/10\/muti45gb.png","width":480,"height":222,"caption":"Offline Credit Card Processing for WooCommerce"},{"@type":"BreadcrumbList","@id":"https:\/\/allwintheme.com\/product\/offline-credit-card-processing-for-woocommerce\/#breadcrumb","itemListElement":[{"@type":"ListItem","position":1,"name":"Home","item":"https:\/\/allwintheme.com\/"},{"@type":"ListItem","position":2,"name":"Shop","item":"https:\/\/allwintheme.com\/shop\/"},{"@type":"ListItem","position":3,"name":"Offline Credit Card Processing for WooCommerce"}]},{"@type":"WebSite","@id":"https:\/\/allwintheme.com\/#website","url":"https:\/\/allwintheme.com\/","name":"Allwintheme","description":"Descarga gratis temas de WordPress para todos los nichos. Blogs, negocios, comercio electr\u00f3nico, portafolio, restaurante y m\u00e1s. Todos los temas tienen licencia GPL y est\u00e1n preparados para dispositivos m\u00f3viles.","potentialAction":[{"@type":"SearchAction","target":{"@type":"EntryPoint","urlTemplate":"https:\/\/allwintheme.com\/?s={search_term_string}"},"query-input":{"@type":"PropertyValueSpecification","valueRequired":true,"valueName":"search_term_string"}}],"inLanguage":"es-CL"}]}},"_links":{"self":[{"href":"https:\/\/allwintheme.com\/es\/wp-json\/wp\/v2\/product\/9420","targetHints":{"allow":["GET"]}}],"collection":[{"href":"https:\/\/allwintheme.com\/es\/wp-json\/wp\/v2\/product"}],"about":[{"href":"https:\/\/allwintheme.com\/es\/wp-json\/wp\/v2\/types\/product"}],"replies":[{"embeddable":true,"href":"https:\/\/allwintheme.com\/es\/wp-json\/wp\/v2\/comments?post=9420"}],"version-history":[{"count":5,"href":"https:\/\/allwintheme.com\/es\/wp-json\/wp\/v2\/product\/9420\/revisions"}],"predecessor-version":[{"id":9426,"href":"https:\/\/allwintheme.com\/es\/wp-json\/wp\/v2\/product\/9420\/revisions\/9426"}],"wp:featuredmedia":[{"embeddable":true,"href":"https:\/\/allwintheme.com\/es\/wp-json\/wp\/v2\/media\/9421"}],"wp:attachment":[{"href":"https:\/\/allwintheme.com\/es\/wp-json\/wp\/v2\/media?parent=9420"}],"wp:term":[{"taxonomy":"product_brand","embeddable":true,"href":"https:\/\/allwintheme.com\/es\/wp-json\/wp\/v2\/product_brand?post=9420"},{"taxonomy":"product_cat","embeddable":true,"href":"https:\/\/allwintheme.com\/es\/wp-json\/wp\/v2\/product_cat?post=9420"},{"taxonomy":"product_tag","embeddable":true,"href":"https:\/\/allwintheme.com\/es\/wp-json\/wp\/v2\/product_tag?post=9420"}],"curies":[{"name":"wp","href":"https:\/\/api.w.org\/{rel}","templated":true}]}}