{"id":9441,"date":"2025-10-06T08:11:29","date_gmt":"2025-10-06T08:11:29","guid":{"rendered":"https:\/\/allwintheme.com\/?post_type=product&#038;p=9441"},"modified":"2025-10-06T08:15:57","modified_gmt":"2025-10-06T08:15:57","slug":"latepoint-pro-features-addon","status":"publish","type":"product","link":"https:\/\/allwintheme.com\/es\/producto\/latepoint-pro-features-addon\/","title":{"rendered":"Complemento Latepoint Pro"},"content":{"rendered":"<div data-elementor-type=\"wp-post\" data-elementor-id=\"9441\" class=\"elementor elementor-9441\" data-elementor-settings=\"{&quot;element_pack_global_tooltip_width&quot;:{&quot;unit&quot;:&quot;px&quot;,&quot;size&quot;:&quot;&quot;,&quot;sizes&quot;:[]},&quot;element_pack_global_tooltip_width_tablet&quot;:{&quot;unit&quot;:&quot;px&quot;,&quot;size&quot;:&quot;&quot;,&quot;sizes&quot;:[]},&quot;element_pack_global_tooltip_width_mobile&quot;:{&quot;unit&quot;:&quot;px&quot;,&quot;size&quot;:&quot;&quot;,&quot;sizes&quot;:[]},&quot;element_pack_global_tooltip_padding&quot;:{&quot;unit&quot;:&quot;px&quot;,&quot;top&quot;:&quot;&quot;,&quot;right&quot;:&quot;&quot;,&quot;bottom&quot;:&quot;&quot;,&quot;left&quot;:&quot;&quot;,&quot;isLinked&quot;:true},&quot;element_pack_global_tooltip_padding_tablet&quot;:{&quot;unit&quot;:&quot;px&quot;,&quot;top&quot;:&quot;&quot;,&quot;right&quot;:&quot;&quot;,&quot;bottom&quot;:&quot;&quot;,&quot;left&quot;:&quot;&quot;,&quot;isLinked&quot;:true},&quot;element_pack_global_tooltip_padding_mobile&quot;:{&quot;unit&quot;:&quot;px&quot;,&quot;top&quot;:&quot;&quot;,&quot;right&quot;:&quot;&quot;,&quot;bottom&quot;:&quot;&quot;,&quot;left&quot;:&quot;&quot;,&quot;isLinked&quot;:true},&quot;element_pack_global_tooltip_border_radius&quot;:{&quot;unit&quot;:&quot;px&quot;,&quot;top&quot;:&quot;&quot;,&quot;right&quot;:&quot;&quot;,&quot;bottom&quot;:&quot;&quot;,&quot;left&quot;:&quot;&quot;,&quot;isLinked&quot;:true},&quot;element_pack_global_tooltip_border_radius_tablet&quot;:{&quot;unit&quot;:&quot;px&quot;,&quot;top&quot;:&quot;&quot;,&quot;right&quot;:&quot;&quot;,&quot;bottom&quot;:&quot;&quot;,&quot;left&quot;:&quot;&quot;,&quot;isLinked&quot;:true},&quot;element_pack_global_tooltip_border_radius_mobile&quot;:{&quot;unit&quot;:&quot;px&quot;,&quot;top&quot;:&quot;&quot;,&quot;right&quot;:&quot;&quot;,&quot;bottom&quot;:&quot;&quot;,&quot;left&quot;:&quot;&quot;,&quot;isLinked&quot;:true}}\" data-elementor-post-type=\"product\">\n\t\t\t\t<div class=\"elementor-element elementor-element-93aa4a8 e-con-full e-flex e-con e-parent\" data-id=\"93aa4a8\" data-element_type=\"container\" data-e-type=\"container\">\n\t\t\t\t<div class=\"elementor-element elementor-element-2c3f760 miaoshu elementor-widget elementor-widget-wd_text_block\" data-id=\"2c3f760\" data-element_type=\"widget\" data-e-type=\"widget\" data-widget_type=\"wd_text_block.default\">\n\t\t\t\t<div class=\"elementor-widget-container\">\n\t\t\t\t\t\t\t<div class=\"wd-text-block reset-last-child text-left\">\n\t\t\t\n\t\t\t<h2>LatePoint Pro Caracter\u00edsticas Addon: Potencie su sistema de reservas<\/h2>\n<p>En <strong>LatePoint Pro Caracter\u00edsticas Addon<\/strong> transforma tu plugin principal de LatePoint integrando herramientas esenciales de nivel profesional. Por ejemplo, los propietarios de negocios fusionan activamente varios complementos en un paquete sin fisuras, por lo que agilizan la gesti\u00f3n de citas sin esfuerzo. En consecuencia, este complemento eleva los sitios de WordPress para servicios como consultas o eventos, ofreciendo una experiencia m\u00e1s profesional y eficiente.<grok-card data-id=\"e4f140\" data-type=\"citation_card\"><\/grok-card><grok-card data-id=\"410b81\" data-type=\"citation_card\"><\/grok-card><\/p>\n\n<h3>Acceda a potentes mejoras<\/h3>\n<p>Los administradores de sitios web instalan este complemento para desbloquear funciones fusionadas de complementos anteriores independientes. Adem\u00e1s, obtienen funciones como recordatorios autom\u00e1ticos y reservas de grupos, lo que garantiza un funcionamiento m\u00e1s fluido. Como resultado, los clientes reservan citas con mayor facilidad y fiabilidad.<grok-card data-id=\"f3181b\" data-type=\"citation_card\"><\/grok-card><\/p>\n\n<h3>Principales caracter\u00edsticas y ventajas<\/h3>\n<ul>\n    <li><strong>Pro Tools integrado:<\/strong> Combine chat, webhooks, impuestos y extras de servicio para un control exhaustivo de las reservas.<grok-card data-id=\"0f6da7\" data-type=\"citation_card\"><\/grok-card><\/li>\n    <li><strong>Programaci\u00f3n avanzada:<\/strong> Permita m\u00faltiples duraciones, ubicaciones y reservas de grupos para gestionar diversas necesidades de forma eficaz.<\/li>\n    <li><strong>Impulso de la automatizaci\u00f3n:<\/strong> Establezca recordatorios y gesti\u00f3n de funciones para reducir las tareas manuales y mejorar la coordinaci\u00f3n del equipo.<grok-card data-id=\"842a05\" data-type=\"citation_card\"><\/grok-card><\/li>\n    <li><strong>Gesti\u00f3n sencilla:<\/strong> Se actualizan e instalan como los plugins est\u00e1ndar de WordPress, sin necesidad de configuraciones complejas.<grok-card data-id=\"071784\" data-type=\"citation_card\"><\/grok-card><\/li>\n<\/ul>\n\n<h3>Optimice su flujo de trabajo<\/h3>\n<p>LatePoint Pro Features Addon simplifica la gesti\u00f3n de plugins para empresas en crecimiento. Por ejemplo, si opera en varias ubicaciones o necesita campos personalizados, esta herramienta se adapta r\u00e1pidamente a sus necesidades. Por lo tanto, mejora la satisfacci\u00f3n del cliente al tiempo que aumenta la eficiencia operativa.<grok-card data-id=\"11971d\" data-type=\"citation_card\"><\/grok-card><\/p>\n\n<h3>Actualice sus citas hoy mismo<\/h3>\n<p>Potencie su configuraci\u00f3n de LatePoint con el <strong>Complemento Pro Features<\/strong>. Al a\u00f1adir estas funciones din\u00e1micas, crea una s\u00f3lida plataforma de reservas que impulsa las conversiones. Inst\u00e1lela ahora y revolucione su proceso de programaci\u00f3n.<\/p>\n\t\t\t\t\t<\/div>\n\t\t\t\t\t\t<\/div>\n\t\t\t\t<\/div>\n\t\t\t\t<\/div>\n\t\t\t\t<\/div>","protected":false},"excerpt":{"rendered":"<p>LatePoint Pro Features Addon: Supercharge Your Booking System The LatePoint Pro Features Addon transforms your core LatePoint plugin by integrating<\/p>","protected":false},"featured_media":9442,"comment_status":"open","ping_status":"closed","template":"","meta":{"_acf_changed":false},"product_brand":[],"product_cat":[49],"product_tag":[],"class_list":{"0":"post-9441","1":"product","2":"type-product","3":"status-publish","4":"has-post-thumbnail","6":"product_cat-plugins","8":"first","9":"instock","10":"sale","11":"downloadable","12":"shipping-taxable","13":"purchasable","14":"product-type-simple"},"acf":[],"yoast_head":"<!-- This site is optimized with the Yoast SEO Premium plugin v25.6 (Yoast SEO v27.1.1) - https:\/\/yoast.com\/product\/yoast-seo-premium-wordpress\/ -->\n<title>Latepoint Pro Features Addon - AllWin Theme \u2013 Free WordPress Themes Download<\/title>\n<meta name=\"description\" content=\"Unlock advanced booking tools with LatePoint Pro Features Addon. Add chat, reminders, taxes, webhooks, and more to enhance your WordPress appointments.\" \/>\n<meta name=\"robots\" content=\"index, follow, max-snippet:-1, max-image-preview:large, max-video-preview:-1\" \/>\n<link rel=\"canonical\" href=\"https:\/\/allwintheme.com\/es\/producto\/latepoint-pro-features-addon\/\" \/>\n<meta property=\"og:locale\" content=\"es_ES\" \/>\n<meta property=\"og:type\" content=\"article\" \/>\n<meta property=\"og:title\" content=\"Latepoint Pro Features Addon\" \/>\n<meta property=\"og:description\" content=\"Unlock advanced booking tools with LatePoint Pro Features Addon. Add chat, reminders, taxes, webhooks, and more to enhance your WordPress appointments.\" \/>\n<meta property=\"og:url\" content=\"https:\/\/allwintheme.com\/es\/producto\/latepoint-pro-features-addon\/\" \/>\n<meta property=\"og:site_name\" content=\"AllWin Theme \u2013 Free WordPress Themes Download\" \/>\n<meta property=\"article:modified_time\" content=\"2025-10-06T08:15:57+00:00\" \/>\n<meta property=\"og:image\" content=\"https:\/\/allwintheme.com\/wp-content\/uploads\/2025\/10\/rzm1gwwt.png\" \/>\n\t<meta property=\"og:image:width\" content=\"590\" \/>\n\t<meta property=\"og:image:height\" content=\"300\" \/>\n\t<meta property=\"og:image:type\" content=\"image\/png\" \/>\n<meta name=\"twitter:card\" content=\"summary_large_image\" \/>\n<meta name=\"twitter:label1\" content=\"Tiempo estimado de lectura\" \/>\n\t<meta name=\"twitter:data1\" content=\"2 minutos\" \/>\n<script type=\"application\/ld+json\" class=\"yoast-schema-graph\">{\"@context\":\"https:\/\/schema.org\",\"@graph\":[{\"@type\":\"WebPage\",\"@id\":\"https:\/\/allwintheme.com\/product\/latepoint-pro-features-addon\/\",\"url\":\"https:\/\/allwintheme.com\/product\/latepoint-pro-features-addon\/\",\"name\":\"Latepoint Pro Features Addon - AllWin Theme \u2013 Free WordPress Themes Download\",\"isPartOf\":{\"@id\":\"https:\/\/allwintheme.com\/#website\"},\"primaryImageOfPage\":{\"@id\":\"https:\/\/allwintheme.com\/product\/latepoint-pro-features-addon\/#primaryimage\"},\"image\":{\"@id\":\"https:\/\/allwintheme.com\/product\/latepoint-pro-features-addon\/#primaryimage\"},\"thumbnailUrl\":\"https:\/\/allwintheme.com\/wp-content\/uploads\/2025\/10\/rzm1gwwt.png\",\"datePublished\":\"2025-10-06T08:11:29+00:00\",\"dateModified\":\"2025-10-06T08:15:57+00:00\",\"description\":\"Unlock advanced booking tools with LatePoint Pro Features Addon. Add chat, reminders, taxes, webhooks, and more to enhance your WordPress appointments.\",\"breadcrumb\":{\"@id\":\"https:\/\/allwintheme.com\/product\/latepoint-pro-features-addon\/#breadcrumb\"},\"inLanguage\":\"es-CL\",\"potentialAction\":[{\"@type\":\"ReadAction\",\"target\":[\"https:\/\/allwintheme.com\/product\/latepoint-pro-features-addon\/\"]}]},{\"@type\":\"ImageObject\",\"inLanguage\":\"es-CL\",\"@id\":\"https:\/\/allwintheme.com\/product\/latepoint-pro-features-addon\/#primaryimage\",\"url\":\"https:\/\/allwintheme.com\/wp-content\/uploads\/2025\/10\/rzm1gwwt.png\",\"contentUrl\":\"https:\/\/allwintheme.com\/wp-content\/uploads\/2025\/10\/rzm1gwwt.png\",\"width\":590,\"height\":300,\"caption\":\"Latepoint Pro Features Addon\"},{\"@type\":\"BreadcrumbList\",\"@id\":\"https:\/\/allwintheme.com\/product\/latepoint-pro-features-addon\/#breadcrumb\",\"itemListElement\":[{\"@type\":\"ListItem\",\"position\":1,\"name\":\"Home\",\"item\":\"https:\/\/allwintheme.com\/\"},{\"@type\":\"ListItem\",\"position\":2,\"name\":\"Shop\",\"item\":\"https:\/\/allwintheme.com\/shop\/\"},{\"@type\":\"ListItem\",\"position\":3,\"name\":\"Latepoint Pro Features Addon\"}]},{\"@type\":\"WebSite\",\"@id\":\"https:\/\/allwintheme.com\/#website\",\"url\":\"https:\/\/allwintheme.com\/\",\"name\":\"Allwintheme\",\"description\":\"Download free WordPress themes for every niche. Blogs, business, eCommerce, portfolio, restaurant and more. All themes are GPL licensed and mobile-ready.\",\"potentialAction\":[{\"@type\":\"SearchAction\",\"target\":{\"@type\":\"EntryPoint\",\"urlTemplate\":\"https:\/\/allwintheme.com\/?s={search_term_string}\"},\"query-input\":{\"@type\":\"PropertyValueSpecification\",\"valueRequired\":true,\"valueName\":\"search_term_string\"}}],\"inLanguage\":\"es-CL\"}]}<\/script>\n<!-- \/ Yoast SEO Premium plugin. -->","yoast_head_json":{"title":"Latepoint Pro Features Addon - AllWin Theme \u2013 Free WordPress Themes Download","description":"Desbloquea las herramientas avanzadas de reserva con LatePoint Pro Features Addon. A\u00f1ade chat, recordatorios, impuestos, webhooks y mucho m\u00e1s para mejorar tus citas en WordPress.","robots":{"index":"index","follow":"follow","max-snippet":"max-snippet:-1","max-image-preview":"max-image-preview:large","max-video-preview":"max-video-preview:-1"},"canonical":"https:\/\/allwintheme.com\/es\/producto\/latepoint-pro-features-addon\/","og_locale":"es_ES","og_type":"article","og_title":"Latepoint Pro Features Addon","og_description":"Unlock advanced booking tools with LatePoint Pro Features Addon. Add chat, reminders, taxes, webhooks, and more to enhance your WordPress appointments.","og_url":"https:\/\/allwintheme.com\/es\/producto\/latepoint-pro-features-addon\/","og_site_name":"AllWin Theme \u2013 Free WordPress Themes Download","article_modified_time":"2025-10-06T08:15:57+00:00","og_image":[{"width":590,"height":300,"url":"https:\/\/allwintheme.com\/wp-content\/uploads\/2025\/10\/rzm1gwwt.png","type":"image\/png"}],"twitter_card":"summary_large_image","twitter_misc":{"Tiempo estimado de lectura":"2 minutos"},"schema":{"@context":"https:\/\/schema.org","@graph":[{"@type":"WebPage","@id":"https:\/\/allwintheme.com\/product\/latepoint-pro-features-addon\/","url":"https:\/\/allwintheme.com\/product\/latepoint-pro-features-addon\/","name":"Latepoint Pro Features Addon - AllWin Theme \u2013 Free WordPress Themes Download","isPartOf":{"@id":"https:\/\/allwintheme.com\/#website"},"primaryImageOfPage":{"@id":"https:\/\/allwintheme.com\/product\/latepoint-pro-features-addon\/#primaryimage"},"image":{"@id":"https:\/\/allwintheme.com\/product\/latepoint-pro-features-addon\/#primaryimage"},"thumbnailUrl":"https:\/\/allwintheme.com\/wp-content\/uploads\/2025\/10\/rzm1gwwt.png","datePublished":"2025-10-06T08:11:29+00:00","dateModified":"2025-10-06T08:15:57+00:00","description":"Desbloquea las herramientas avanzadas de reserva con LatePoint Pro Features Addon. A\u00f1ade chat, recordatorios, impuestos, webhooks y mucho m\u00e1s para mejorar tus citas en WordPress.","breadcrumb":{"@id":"https:\/\/allwintheme.com\/product\/latepoint-pro-features-addon\/#breadcrumb"},"inLanguage":"es-CL","potentialAction":[{"@type":"ReadAction","target":["https:\/\/allwintheme.com\/product\/latepoint-pro-features-addon\/"]}]},{"@type":"ImageObject","inLanguage":"es-CL","@id":"https:\/\/allwintheme.com\/product\/latepoint-pro-features-addon\/#primaryimage","url":"https:\/\/allwintheme.com\/wp-content\/uploads\/2025\/10\/rzm1gwwt.png","contentUrl":"https:\/\/allwintheme.com\/wp-content\/uploads\/2025\/10\/rzm1gwwt.png","width":590,"height":300,"caption":"Latepoint Pro Features Addon"},{"@type":"BreadcrumbList","@id":"https:\/\/allwintheme.com\/product\/latepoint-pro-features-addon\/#breadcrumb","itemListElement":[{"@type":"ListItem","position":1,"name":"Home","item":"https:\/\/allwintheme.com\/"},{"@type":"ListItem","position":2,"name":"Shop","item":"https:\/\/allwintheme.com\/shop\/"},{"@type":"ListItem","position":3,"name":"Latepoint Pro Features Addon"}]},{"@type":"WebSite","@id":"https:\/\/allwintheme.com\/#website","url":"https:\/\/allwintheme.com\/","name":"Allwintheme","description":"Descarga gratis temas de WordPress para todos los nichos. Blogs, negocios, comercio electr\u00f3nico, portafolio, restaurante y m\u00e1s. Todos los temas tienen licencia GPL y est\u00e1n preparados para dispositivos m\u00f3viles.","potentialAction":[{"@type":"SearchAction","target":{"@type":"EntryPoint","urlTemplate":"https:\/\/allwintheme.com\/?s={search_term_string}"},"query-input":{"@type":"PropertyValueSpecification","valueRequired":true,"valueName":"search_term_string"}}],"inLanguage":"es-CL"}]}},"_links":{"self":[{"href":"https:\/\/allwintheme.com\/es\/wp-json\/wp\/v2\/product\/9441","targetHints":{"allow":["GET"]}}],"collection":[{"href":"https:\/\/allwintheme.com\/es\/wp-json\/wp\/v2\/product"}],"about":[{"href":"https:\/\/allwintheme.com\/es\/wp-json\/wp\/v2\/types\/product"}],"replies":[{"embeddable":true,"href":"https:\/\/allwintheme.com\/es\/wp-json\/wp\/v2\/comments?post=9441"}],"version-history":[{"count":5,"href":"https:\/\/allwintheme.com\/es\/wp-json\/wp\/v2\/product\/9441\/revisions"}],"predecessor-version":[{"id":9447,"href":"https:\/\/allwintheme.com\/es\/wp-json\/wp\/v2\/product\/9441\/revisions\/9447"}],"wp:featuredmedia":[{"embeddable":true,"href":"https:\/\/allwintheme.com\/es\/wp-json\/wp\/v2\/media\/9442"}],"wp:attachment":[{"href":"https:\/\/allwintheme.com\/es\/wp-json\/wp\/v2\/media?parent=9441"}],"wp:term":[{"taxonomy":"product_brand","embeddable":true,"href":"https:\/\/allwintheme.com\/es\/wp-json\/wp\/v2\/product_brand?post=9441"},{"taxonomy":"product_cat","embeddable":true,"href":"https:\/\/allwintheme.com\/es\/wp-json\/wp\/v2\/product_cat?post=9441"},{"taxonomy":"product_tag","embeddable":true,"href":"https:\/\/allwintheme.com\/es\/wp-json\/wp\/v2\/product_tag?post=9441"}],"curies":[{"name":"wp","href":"https:\/\/api.w.org\/{rel}","templated":true}]}}